{"id":7009,"date":"2024-09-13T11:02:51","date_gmt":"2024-09-13T08:02:51","guid":{"rendered":"https:\/\/help.jamk.fi\/peppi-ohjeet-henkilokunnalle\/?page_id=7009"},"modified":"2024-11-14T09:45:11","modified_gmt":"2024-11-14T07:45:11","slug":"ilmoittautumisen-kohteen-luominen","status":"publish","type":"page","link":"https:\/\/help.jamk.fi\/peppi-ohjeet-henkilokunnalle\/fi\/maksullinen-koulutus\/koulutuksen-suunnittelu-suunnittelijan-tyopoyta\/ilmoittautumisen-kohteen-luominen\/","title":{"rendered":"Ilmoittautumisen kohteen luominen"},"content":{"rendered":"\n<h2 class=\"wp-block-heading\">Tapa 1 A<\/h2>\n\n\n\n<p>K\u00e4ytt\u00f6tapauksessa 1 A, valitaan toteutushaun j\u00e4lkeen checkboxilla yksi tai useampi toteutus ja sen j\u00e4lkeen klikataan <strong>Luo valituista ilmoittautumisen kohde<\/strong> (kuvio 1). T\u00e4m\u00e4 on k\u00e4tevin tapa luoda yksi kohde joka, sis\u00e4lt\u00e4\u00e4 useita toteutuksia (esim. osaamiskokonaisuus). <\/p>\n\n\n\n<p>Huom. v\u00e4yl\u00e4opintojen luomisesta on ohje t\u00e4ll\u00e4 sivulla alempana.<\/p>\n\n\n\n<figure class=\"wp-block-image size-large\"><img loading=\"lazy\" decoding=\"async\" width=\"1024\" height=\"636\" src=\"https:\/\/help.jamk.fi\/peppi-ohjeet-henkilokunnalle\/wp-content\/uploads\/sites\/131\/2024\/09\/Useasta-toteutuksesta-yksi-ilmoittautumisen-kohde-1024x636.png\" alt=\"Useasta toteutuksesta yksi ilmoittautumisen kohde\" class=\"wp-image-7010\" srcset=\"https:\/\/help.jamk.fi\/peppi-ohjeet-henkilokunnalle\/wp-content\/uploads\/sites\/131\/2024\/09\/Useasta-toteutuksesta-yksi-ilmoittautumisen-kohde-1024x636.png 1024w, https:\/\/help.jamk.fi\/peppi-ohjeet-henkilokunnalle\/wp-content\/uploads\/sites\/131\/2024\/09\/Useasta-toteutuksesta-yksi-ilmoittautumisen-kohde-300x186.png 300w, https:\/\/help.jamk.fi\/peppi-ohjeet-henkilokunnalle\/wp-content\/uploads\/sites\/131\/2024\/09\/Useasta-toteutuksesta-yksi-ilmoittautumisen-kohde-768x477.png 768w, https:\/\/help.jamk.fi\/peppi-ohjeet-henkilokunnalle\/wp-content\/uploads\/sites\/131\/2024\/09\/Useasta-toteutuksesta-yksi-ilmoittautumisen-kohde.png 1060w\" sizes=\"auto, (max-width: 1024px) 100vw, 1024px\" \/><figcaption class=\"wp-element-caption\">Kuvio 1. Useasta toteutuksesta yksi ilmoittautumisen kohde<\/figcaption><\/figure>\n\n\n\n<p>J\u00e4rjestelm\u00e4 luo t\u00e4ll\u00f6in yhden ilmoittautumisen kohteen, johon kuuluvat kaikki valitut toteutukset.<\/p>\n\n\n\n<h2 class=\"wp-block-heading\">Tapa 1 B<\/h2>\n\n\n\n<p>K\u00e4ytt\u00f6tapauksessa 1 B, valitaan toteutushaun j\u00e4lkeen checkboxilla yksi tai useampi toteutus ja sen j\u00e4lkeen klikataan <strong>Luo jokaisesta toteutuksesta ilmoittautumisen kohde<\/strong>. T\u00e4m\u00e4 on k\u00e4tevin tapa luoda kerralla iso m\u00e4\u00e4r\u00e4 yksitt\u00e4isi\u00e4 kiinti\u00f6ryhm\u00e4n kohteita.<\/p>\n\n\n\n<figure class=\"wp-block-image size-large\"><img loading=\"lazy\" decoding=\"async\" width=\"1024\" height=\"288\" src=\"https:\/\/help.jamk.fi\/peppi-ohjeet-henkilokunnalle\/wp-content\/uploads\/sites\/131\/2024\/09\/Jokaisesta-toteutuksesta-oma-ilmoittautumisen-kohde-1024x288.png\" alt=\"Jokaisesta toteutuksesta oma ilmoittautumisen kohde\" class=\"wp-image-7011\" srcset=\"https:\/\/help.jamk.fi\/peppi-ohjeet-henkilokunnalle\/wp-content\/uploads\/sites\/131\/2024\/09\/Jokaisesta-toteutuksesta-oma-ilmoittautumisen-kohde-1024x288.png 1024w, https:\/\/help.jamk.fi\/peppi-ohjeet-henkilokunnalle\/wp-content\/uploads\/sites\/131\/2024\/09\/Jokaisesta-toteutuksesta-oma-ilmoittautumisen-kohde-300x84.png 300w, https:\/\/help.jamk.fi\/peppi-ohjeet-henkilokunnalle\/wp-content\/uploads\/sites\/131\/2024\/09\/Jokaisesta-toteutuksesta-oma-ilmoittautumisen-kohde-768x216.png 768w, https:\/\/help.jamk.fi\/peppi-ohjeet-henkilokunnalle\/wp-content\/uploads\/sites\/131\/2024\/09\/Jokaisesta-toteutuksesta-oma-ilmoittautumisen-kohde.png 1055w\" sizes=\"auto, (max-width: 1024px) 100vw, 1024px\" \/><figcaption class=\"wp-element-caption\">Kuvio 2. Jokaisesta toteutuksesta oma ilmoittautumisen kohde<\/figcaption><\/figure>\n\n\n\n<p>J\u00e4rjestelm\u00e4 luo t\u00e4ll\u00f6in jokaisesta valitusta toteutuksesta erilliset ilmoittautumisen kohteet kiinti\u00f6ryhm\u00e4lle &#8221;yksitt\u00e4inen toteutus&#8221;.<\/p>\n\n\n\n<p>Avautuvassa ikkunassa asetetaan kullekin toteutukselle kiinti\u00f6paikat koskien kiinti\u00f6ryhm\u00e4\u00e4 &#8221;yksitt\u00e4inen toteutus&#8221; (kuvio 3). Min-arvolla ei ole mit\u00e4\u00e4n teknist\u00e4 merkityst\u00e4 ja siihen kannattaa asettaa arvoksi 0.<\/p>\n\n\n\n<figure class=\"wp-block-image size-full\"><img loading=\"lazy\" decoding=\"async\" width=\"896\" height=\"232\" src=\"https:\/\/help.jamk.fi\/peppi-ohjeet-henkilokunnalle\/wp-content\/uploads\/sites\/131\/2024\/09\/Kiintioryhmien-asettaminen-jokaiselle-ilmoittautumisen-kohteelle.png\" alt=\"Kiinti\u00f6ryhmien asettaminen jokaiselle ilmoittautumisen kohteelle\" class=\"wp-image-7012\" srcset=\"https:\/\/help.jamk.fi\/peppi-ohjeet-henkilokunnalle\/wp-content\/uploads\/sites\/131\/2024\/09\/Kiintioryhmien-asettaminen-jokaiselle-ilmoittautumisen-kohteelle.png 896w, https:\/\/help.jamk.fi\/peppi-ohjeet-henkilokunnalle\/wp-content\/uploads\/sites\/131\/2024\/09\/Kiintioryhmien-asettaminen-jokaiselle-ilmoittautumisen-kohteelle-300x78.png 300w, https:\/\/help.jamk.fi\/peppi-ohjeet-henkilokunnalle\/wp-content\/uploads\/sites\/131\/2024\/09\/Kiintioryhmien-asettaminen-jokaiselle-ilmoittautumisen-kohteelle-768x199.png 768w\" sizes=\"auto, (max-width: 896px) 100vw, 896px\" \/><figcaption class=\"wp-element-caption\">Kuvio 3. Kiinti\u00f6ryhmien asettaminen jokaiselle ilmoittautumisen kohteelle<\/figcaption><\/figure>\n\n\n\n<p>T\u00e4ss\u00e4 vaiheessa voit halutessasi my\u00f6s asettaa myyntitilit. Huom. t\u00e4m\u00e4n voi tehd\u00e4 vain, jos ne ovat samat jokaiselle ilmoittautumisen kohteelle, jota olet luomassa. Tee t\u00e4m\u00e4 klikkaamalla <strong>Aseta myyntitilit ja tallenna<\/strong> (kuvio 4).<\/p>\n\n\n\n<figure class=\"wp-block-image size-full\"><img loading=\"lazy\" decoding=\"async\" width=\"588\" height=\"248\" src=\"https:\/\/help.jamk.fi\/peppi-ohjeet-henkilokunnalle\/wp-content\/uploads\/sites\/131\/2024\/09\/Myyntitilitietojen-kirjaaminen.png\" alt=\"Myyntitilitietojen kirjaaminen\" class=\"wp-image-7013\" srcset=\"https:\/\/help.jamk.fi\/peppi-ohjeet-henkilokunnalle\/wp-content\/uploads\/sites\/131\/2024\/09\/Myyntitilitietojen-kirjaaminen.png 588w, https:\/\/help.jamk.fi\/peppi-ohjeet-henkilokunnalle\/wp-content\/uploads\/sites\/131\/2024\/09\/Myyntitilitietojen-kirjaaminen-300x127.png 300w\" sizes=\"auto, (max-width: 588px) 100vw, 588px\" \/><figcaption class=\"wp-element-caption\">Kuvio 4. Myyntitilitietojen kirjaaminen<\/figcaption><\/figure>\n\n\n\n<p>Tallennuksen j\u00e4lkeen avautuu ikkuna, jossa on listattuina toteutuksista luodut kohteet sek\u00e4 mahdolliset virheet (kuvio 5).<\/p>\n\n\n\n<figure class=\"wp-block-image size-full\"><img loading=\"lazy\" decoding=\"async\" width=\"889\" height=\"212\" src=\"https:\/\/help.jamk.fi\/peppi-ohjeet-henkilokunnalle\/wp-content\/uploads\/sites\/131\/2024\/09\/Luodut-ilmoittautumisen-kohteet.png\" alt=\"Luodut ilmoittautumisen kohteet\" class=\"wp-image-7014\" srcset=\"https:\/\/help.jamk.fi\/peppi-ohjeet-henkilokunnalle\/wp-content\/uploads\/sites\/131\/2024\/09\/Luodut-ilmoittautumisen-kohteet.png 889w, https:\/\/help.jamk.fi\/peppi-ohjeet-henkilokunnalle\/wp-content\/uploads\/sites\/131\/2024\/09\/Luodut-ilmoittautumisen-kohteet-300x72.png 300w, https:\/\/help.jamk.fi\/peppi-ohjeet-henkilokunnalle\/wp-content\/uploads\/sites\/131\/2024\/09\/Luodut-ilmoittautumisen-kohteet-768x183.png 768w\" sizes=\"auto, (max-width: 889px) 100vw, 889px\" \/><figcaption class=\"wp-element-caption\">Kuvio 5. Luodut ilmoittautumisen kohteet<\/figcaption><\/figure>\n\n\n\n<h2 class=\"wp-block-heading\">Tapa 2<\/h2>\n\n\n\n<p>K\u00e4ytt\u00f6tapauksessa 2 ilmoittautumisen kohde luodaan ns. &#8221;tyhj\u00e4lt\u00e4 p\u00f6yd\u00e4lt\u00e4&#8221;, eli ilman, ett\u00e4 ilmoittautumisen kohteelle on etuk\u00e4teen asetettu siihen liitett\u00e4vi\u00e4 toteutuksia. Toteutukset lis\u00e4t\u00e4\u00e4n j\u00e4lkik\u00e4teen kohteella. T\u00e4m\u00e4 on ty\u00f6l\u00e4in tapa luoda kohde.<\/p>\n\n\n\n<figure class=\"wp-block-image size-large\"><img loading=\"lazy\" decoding=\"async\" width=\"1024\" height=\"277\" src=\"https:\/\/help.jamk.fi\/peppi-ohjeet-henkilokunnalle\/wp-content\/uploads\/sites\/131\/2024\/09\/Lisaa-uusi-ilmoittautumisen-kohde-tapa-2-1024x277.png\" alt=\"Lis\u00e4\u00e4 uusi ilmoittautumisen kohde ilman toteutuksia\" class=\"wp-image-7018\" srcset=\"https:\/\/help.jamk.fi\/peppi-ohjeet-henkilokunnalle\/wp-content\/uploads\/sites\/131\/2024\/09\/Lisaa-uusi-ilmoittautumisen-kohde-tapa-2-1024x277.png 1024w, https:\/\/help.jamk.fi\/peppi-ohjeet-henkilokunnalle\/wp-content\/uploads\/sites\/131\/2024\/09\/Lisaa-uusi-ilmoittautumisen-kohde-tapa-2-300x81.png 300w, https:\/\/help.jamk.fi\/peppi-ohjeet-henkilokunnalle\/wp-content\/uploads\/sites\/131\/2024\/09\/Lisaa-uusi-ilmoittautumisen-kohde-tapa-2-768x208.png 768w, https:\/\/help.jamk.fi\/peppi-ohjeet-henkilokunnalle\/wp-content\/uploads\/sites\/131\/2024\/09\/Lisaa-uusi-ilmoittautumisen-kohde-tapa-2-1536x416.png 1536w, https:\/\/help.jamk.fi\/peppi-ohjeet-henkilokunnalle\/wp-content\/uploads\/sites\/131\/2024\/09\/Lisaa-uusi-ilmoittautumisen-kohde-tapa-2.png 1887w\" sizes=\"auto, (max-width: 1024px) 100vw, 1024px\" \/><figcaption class=\"wp-element-caption\">Kuvio 6. Lis\u00e4\u00e4 uusi ilmoittautumisen kohde ilman toteutuksia<\/figcaption><\/figure>\n\n\n\n<h2 class=\"wp-block-heading\">V\u00e4yl\u00e4opintojen luominen<\/h2>\n\n\n\n<p>Koska Jamkissa v\u00e4yl\u00e4opiskelijat ilmoittautuvat toteutuksille itse, ilmoittautumisen kohteelle ei voida laittaa todellisia toteutuksia. V\u00e4yl\u00e4opintojen luomista varten luo ensin &#8221;haamuopintojakso&#8221; ja nime\u00e4 se esim. Tiimiakatemian v\u00e4yl\u00e4opinnot 1. Laita opintojaksotietoihin:<\/p>\n\n\n\n<ul class=\"wp-block-list\">\n<li>suomen- ja englanninkielisen nimi<\/li>\n\n\n\n<li>laajuus = v\u00e4yl\u00e4n laajuus<\/li>\n\n\n\n<li>opetus- ja suorituskieli<\/li>\n\n\n\n<li>luokitteluksi &#8221;Avoin AMK&#8221;.<\/li>\n<\/ul>\n\n\n\n<p>Liit\u00e4 opintojakso EOKiin, jotta siit\u00e4 voidaan luoda toteutus. V\u00e4yl\u00e4opintoja varten on oma EOK: VAYLAOP Kaikkien alojen v\u00e4yl\u00e4opinnot.<\/p>\n\n\n<div id=\"info-lift-block_04a7b709eaf3e4b097332c1543092972\" class=\"block-info-lift block-info-lift\">\n  <div class=\"row\">\n    <div class=\"col-12\">\n              <div class=\"block-info-lift__content\">\n          <div class=\"block-info-lift__content__icon\">\n            <span>!<\/span>\n          <\/div>\n          <p class=\"block-info-lift__content__text\">HUOM. Voit k\u00e4ytt\u00e4\u00e4 samaa opintojaksoa aina, kun luot ko. v\u00e4yl\u00e4\u00e4 uudelleen, jos sen laajuus pysyy samana.<\/p>\n        <\/div>\n          <\/div>\n  <\/div>\n<\/div>\n\n\n<p>T\u00e4m\u00e4n j\u00e4lkeen luo haamuopintojaksosta &#8221;haamutoteutus&#8221;. M\u00e4\u00e4rittele sille v\u00e4yl\u00e4n alku- ja loppup\u00e4iv\u00e4m\u00e4\u00e4r\u00e4t. Muista laittaa toteutukselle my\u00f6s kaikki tarvittavat muut tiedot. L\u00f6yd\u00e4t ne ohjeesta sivulta <a href=\"https:\/\/help.jamk.fi\/peppi-ohjeet-henkilokunnalle\/fi\/maksullinen-koulutus\/toteutukselle-vaadittavien-tietojen-asettaminen\/\">Toteutukselle vaadittavien tietojen asettaminen<\/a>. T\u00e4m\u00e4n j\u00e4lkeen luo ilmoittautumisen kohde tavalla 1 A.<\/p>\n","protected":false},"excerpt":{"rendered":"<p>Tapa 1 A K\u00e4ytt\u00f6tapauksessa 1 A, valitaan toteutushaun j\u00e4lkeen checkboxilla yksi tai useampi toteutus ja sen j\u00e4lkeen klikataan Luo valituista ilmoittautumisen kohde (kuvio 1). T\u00e4m\u00e4 on k\u00e4tevin tapa luoda yksi kohde joka, sis\u00e4lt\u00e4\u00e4 useita toteutuksia (esim. osaamiskokonaisuus). Huom. v\u00e4yl\u00e4opintojen luomisesta on ohje t\u00e4ll\u00e4 sivulla alempana. J\u00e4rjestelm\u00e4 luo t\u00e4ll\u00f6in yhden ilmoittautumisen kohteen, johon kuuluvat kaikki valitut [&hellip;]<\/p>\n","protected":false},"author":79,"featured_media":0,"parent":7203,"menu_order":2,"comment_status":"closed","ping_status":"closed","template":"","meta":{"_acf_changed":false,"_relevanssi_hide_post":"","_relevanssi_hide_content":"","_relevanssi_pin_for_all":"","_relevanssi_pin_keywords":"","_relevanssi_unpin_keywords":"","_relevanssi_related_keywords":"","_relevanssi_related_include_ids":"","_relevanssi_related_exclude_ids":"","_relevanssi_related_no_append":"","_relevanssi_related_not_related":"","_relevanssi_related_posts":"","_relevanssi_noindex_reason":"","footnotes":""},"categories":[],"tags":[184,180],"class_list":["post-7009","page","type-page","status-publish","hentry","tag-ilmoittautumisen-kohde","tag-toteutus"],"acf":[],"yoast_head":"<!-- This site is optimized with the Yoast SEO plugin v27.4 - https:\/\/yoast.com\/product\/yoast-seo-wordpress\/ -->\n<title>Ilmoittautumisen kohteen luominen - Peppi-ohjeet henkil\u00f6kunnalle<\/title>\n<meta name=\"robots\" content=\"index, follow, max-snippet:-1, max-image-preview:large, max-video-preview:-1\" \/>\n<link rel=\"canonical\" href=\"https:\/\/help.jamk.fi\/peppi-ohjeet-henkilokunnalle\/fi\/maksullinen-koulutus\/koulutuksen-suunnittelu-suunnittelijan-tyopoyta\/ilmoittautumisen-kohteen-luominen\/\" \/>\n<meta property=\"og:locale\" content=\"fi_FI\" \/>\n<meta property=\"og:type\" content=\"article\" \/>\n<meta property=\"og:title\" content=\"Ilmoittautumisen kohteen luominen - Peppi-ohjeet henkil\u00f6kunnalle\" \/>\n<meta property=\"og:description\" content=\"Tapa 1 A K\u00e4ytt\u00f6tapauksessa 1 A, valitaan toteutushaun j\u00e4lkeen checkboxilla yksi tai useampi toteutus ja sen j\u00e4lkeen klikataan Luo valituista ilmoittautumisen kohde (kuvio 1). T\u00e4m\u00e4 on k\u00e4tevin tapa luoda yksi kohde joka, sis\u00e4lt\u00e4\u00e4 useita toteutuksia (esim. osaamiskokonaisuus). Huom. v\u00e4yl\u00e4opintojen luomisesta on ohje t\u00e4ll\u00e4 sivulla alempana. J\u00e4rjestelm\u00e4 luo t\u00e4ll\u00f6in yhden ilmoittautumisen kohteen, johon kuuluvat kaikki valitut [&hellip;]\" \/>\n<meta property=\"og:url\" content=\"https:\/\/help.jamk.fi\/peppi-ohjeet-henkilokunnalle\/fi\/maksullinen-koulutus\/koulutuksen-suunnittelu-suunnittelijan-tyopoyta\/ilmoittautumisen-kohteen-luominen\/\" \/>\n<meta property=\"og:site_name\" content=\"Peppi-ohjeet henkil\u00f6kunnalle\" \/>\n<meta property=\"article:modified_time\" content=\"2024-11-14T07:45:11+00:00\" \/>\n<meta property=\"og:image\" content=\"https:\/\/help.jamk.fi\/peppi-ohjeet-henkilokunnalle\/wp-content\/uploads\/sites\/131\/2024\/09\/Useasta-toteutuksesta-yksi-ilmoittautumisen-kohde-1024x636.png\" \/>\n<meta name=\"twitter:card\" content=\"summary_large_image\" \/>\n<meta name=\"twitter:label1\" content=\"Arvioitu lukuaika\" \/>\n\t<meta name=\"twitter:data1\" content=\"4 minuuttia\" \/>\n<script type=\"application\/ld+json\" class=\"yoast-schema-graph\">{\"@context\":\"https:\\\/\\\/schema.org\",\"@graph\":[{\"@type\":\"WebPage\",\"@id\":\"https:\\\/\\\/help.jamk.fi\\\/peppi-ohjeet-henkilokunnalle\\\/fi\\\/maksullinen-koulutus\\\/koulutuksen-suunnittelu-suunnittelijan-tyopoyta\\\/ilmoittautumisen-kohteen-luominen\\\/\",\"url\":\"https:\\\/\\\/help.jamk.fi\\\/peppi-ohjeet-henkilokunnalle\\\/fi\\\/maksullinen-koulutus\\\/koulutuksen-suunnittelu-suunnittelijan-tyopoyta\\\/ilmoittautumisen-kohteen-luominen\\\/\",\"name\":\"Ilmoittautumisen kohteen luominen - Peppi-ohjeet henkil\u00f6kunnalle\",\"isPartOf\":{\"@id\":\"https:\\\/\\\/help.jamk.fi\\\/peppi-ohjeet-henkilokunnalle\\\/#website\"},\"primaryImageOfPage\":{\"@id\":\"https:\\\/\\\/help.jamk.fi\\\/peppi-ohjeet-henkilokunnalle\\\/fi\\\/maksullinen-koulutus\\\/koulutuksen-suunnittelu-suunnittelijan-tyopoyta\\\/ilmoittautumisen-kohteen-luominen\\\/#primaryimage\"},\"image\":{\"@id\":\"https:\\\/\\\/help.jamk.fi\\\/peppi-ohjeet-henkilokunnalle\\\/fi\\\/maksullinen-koulutus\\\/koulutuksen-suunnittelu-suunnittelijan-tyopoyta\\\/ilmoittautumisen-kohteen-luominen\\\/#primaryimage\"},\"thumbnailUrl\":\"https:\\\/\\\/help.jamk.fi\\\/peppi-ohjeet-henkilokunnalle\\\/wp-content\\\/uploads\\\/sites\\\/131\\\/2024\\\/09\\\/Useasta-toteutuksesta-yksi-ilmoittautumisen-kohde-1024x636.png\",\"datePublished\":\"2024-09-13T08:02:51+00:00\",\"dateModified\":\"2024-11-14T07:45:11+00:00\",\"breadcrumb\":{\"@id\":\"https:\\\/\\\/help.jamk.fi\\\/peppi-ohjeet-henkilokunnalle\\\/fi\\\/maksullinen-koulutus\\\/koulutuksen-suunnittelu-suunnittelijan-tyopoyta\\\/ilmoittautumisen-kohteen-luominen\\\/#breadcrumb\"},\"inLanguage\":\"fi\",\"potentialAction\":[{\"@type\":\"ReadAction\",\"target\":[\"https:\\\/\\\/help.jamk.fi\\\/peppi-ohjeet-henkilokunnalle\\\/fi\\\/maksullinen-koulutus\\\/koulutuksen-suunnittelu-suunnittelijan-tyopoyta\\\/ilmoittautumisen-kohteen-luominen\\\/\"]}]},{\"@type\":\"ImageObject\",\"inLanguage\":\"fi\",\"@id\":\"https:\\\/\\\/help.jamk.fi\\\/peppi-ohjeet-henkilokunnalle\\\/fi\\\/maksullinen-koulutus\\\/koulutuksen-suunnittelu-suunnittelijan-tyopoyta\\\/ilmoittautumisen-kohteen-luominen\\\/#primaryimage\",\"url\":\"https:\\\/\\\/help.jamk.fi\\\/peppi-ohjeet-henkilokunnalle\\\/wp-content\\\/uploads\\\/sites\\\/131\\\/2024\\\/09\\\/Useasta-toteutuksesta-yksi-ilmoittautumisen-kohde.png\",\"contentUrl\":\"https:\\\/\\\/help.jamk.fi\\\/peppi-ohjeet-henkilokunnalle\\\/wp-content\\\/uploads\\\/sites\\\/131\\\/2024\\\/09\\\/Useasta-toteutuksesta-yksi-ilmoittautumisen-kohde.png\",\"width\":1060,\"height\":658,\"caption\":\"Kuvio 1. Useasta toteutuksesta yksi ilmoittautumisen kohde\"},{\"@type\":\"BreadcrumbList\",\"@id\":\"https:\\\/\\\/help.jamk.fi\\\/peppi-ohjeet-henkilokunnalle\\\/fi\\\/maksullinen-koulutus\\\/koulutuksen-suunnittelu-suunnittelijan-tyopoyta\\\/ilmoittautumisen-kohteen-luominen\\\/#breadcrumb\",\"itemListElement\":[{\"@type\":\"ListItem\",\"position\":1,\"name\":\"Home\",\"item\":\"https:\\\/\\\/help.jamk.fi\\\/peppi-ohjeet-henkilokunnalle\\\/en\\\/\"},{\"@type\":\"ListItem\",\"position\":2,\"name\":\"Maksullinen koulutus\",\"item\":\"https:\\\/\\\/help.jamk.fi\\\/peppi-ohjeet-henkilokunnalle\\\/fi\\\/maksullinen-koulutus\\\/\"},{\"@type\":\"ListItem\",\"position\":3,\"name\":\"Koulutuksen suunnittelu &#8211; suunnittelijan ty\u00f6p\u00f6yt\u00e4\",\"item\":\"https:\\\/\\\/help.jamk.fi\\\/peppi-ohjeet-henkilokunnalle\\\/fi\\\/maksullinen-koulutus\\\/koulutuksen-suunnittelu-suunnittelijan-tyopoyta\\\/\"},{\"@type\":\"ListItem\",\"position\":4,\"name\":\"Ilmoittautumisen kohteen luominen\"}]},{\"@type\":\"WebSite\",\"@id\":\"https:\\\/\\\/help.jamk.fi\\\/peppi-ohjeet-henkilokunnalle\\\/#website\",\"url\":\"https:\\\/\\\/help.jamk.fi\\\/peppi-ohjeet-henkilokunnalle\\\/\",\"name\":\"Peppi-ohjeet henkil\u00f6kunnalle\",\"description\":\"\",\"potentialAction\":[{\"@type\":\"SearchAction\",\"target\":{\"@type\":\"EntryPoint\",\"urlTemplate\":\"https:\\\/\\\/help.jamk.fi\\\/peppi-ohjeet-henkilokunnalle\\\/?s={search_term_string}\"},\"query-input\":{\"@type\":\"PropertyValueSpecification\",\"valueRequired\":true,\"valueName\":\"search_term_string\"}}],\"inLanguage\":\"fi\"}]}<\/script>\n<!-- \/ Yoast SEO plugin. -->","yoast_head_json":{"title":"Ilmoittautumisen kohteen luominen - Peppi-ohjeet henkil\u00f6kunnalle","robots":{"index":"index","follow":"follow","max-snippet":"max-snippet:-1","max-image-preview":"max-image-preview:large","max-video-preview":"max-video-preview:-1"},"canonical":"https:\/\/help.jamk.fi\/peppi-ohjeet-henkilokunnalle\/fi\/maksullinen-koulutus\/koulutuksen-suunnittelu-suunnittelijan-tyopoyta\/ilmoittautumisen-kohteen-luominen\/","og_locale":"fi_FI","og_type":"article","og_title":"Ilmoittautumisen kohteen luominen - Peppi-ohjeet henkil\u00f6kunnalle","og_description":"Tapa 1 A K\u00e4ytt\u00f6tapauksessa 1 A, valitaan toteutushaun j\u00e4lkeen checkboxilla yksi tai useampi toteutus ja sen j\u00e4lkeen klikataan Luo valituista ilmoittautumisen kohde (kuvio 1). T\u00e4m\u00e4 on k\u00e4tevin tapa luoda yksi kohde joka, sis\u00e4lt\u00e4\u00e4 useita toteutuksia (esim. osaamiskokonaisuus). Huom. v\u00e4yl\u00e4opintojen luomisesta on ohje t\u00e4ll\u00e4 sivulla alempana. J\u00e4rjestelm\u00e4 luo t\u00e4ll\u00f6in yhden ilmoittautumisen kohteen, johon kuuluvat kaikki valitut [&hellip;]","og_url":"https:\/\/help.jamk.fi\/peppi-ohjeet-henkilokunnalle\/fi\/maksullinen-koulutus\/koulutuksen-suunnittelu-suunnittelijan-tyopoyta\/ilmoittautumisen-kohteen-luominen\/","og_site_name":"Peppi-ohjeet henkil\u00f6kunnalle","article_modified_time":"2024-11-14T07:45:11+00:00","og_image":[{"url":"https:\/\/help.jamk.fi\/peppi-ohjeet-henkilokunnalle\/wp-content\/uploads\/sites\/131\/2024\/09\/Useasta-toteutuksesta-yksi-ilmoittautumisen-kohde-1024x636.png","type":"","width":"","height":""}],"twitter_card":"summary_large_image","twitter_misc":{"Arvioitu lukuaika":"4 minuuttia"},"schema":{"@context":"https:\/\/schema.org","@graph":[{"@type":"WebPage","@id":"https:\/\/help.jamk.fi\/peppi-ohjeet-henkilokunnalle\/fi\/maksullinen-koulutus\/koulutuksen-suunnittelu-suunnittelijan-tyopoyta\/ilmoittautumisen-kohteen-luominen\/","url":"https:\/\/help.jamk.fi\/peppi-ohjeet-henkilokunnalle\/fi\/maksullinen-koulutus\/koulutuksen-suunnittelu-suunnittelijan-tyopoyta\/ilmoittautumisen-kohteen-luominen\/","name":"Ilmoittautumisen kohteen luominen - Peppi-ohjeet henkil\u00f6kunnalle","isPartOf":{"@id":"https:\/\/help.jamk.fi\/peppi-ohjeet-henkilokunnalle\/#website"},"primaryImageOfPage":{"@id":"https:\/\/help.jamk.fi\/peppi-ohjeet-henkilokunnalle\/fi\/maksullinen-koulutus\/koulutuksen-suunnittelu-suunnittelijan-tyopoyta\/ilmoittautumisen-kohteen-luominen\/#primaryimage"},"image":{"@id":"https:\/\/help.jamk.fi\/peppi-ohjeet-henkilokunnalle\/fi\/maksullinen-koulutus\/koulutuksen-suunnittelu-suunnittelijan-tyopoyta\/ilmoittautumisen-kohteen-luominen\/#primaryimage"},"thumbnailUrl":"https:\/\/help.jamk.fi\/peppi-ohjeet-henkilokunnalle\/wp-content\/uploads\/sites\/131\/2024\/09\/Useasta-toteutuksesta-yksi-ilmoittautumisen-kohde-1024x636.png","datePublished":"2024-09-13T08:02:51+00:00","dateModified":"2024-11-14T07:45:11+00:00","breadcrumb":{"@id":"https:\/\/help.jamk.fi\/peppi-ohjeet-henkilokunnalle\/fi\/maksullinen-koulutus\/koulutuksen-suunnittelu-suunnittelijan-tyopoyta\/ilmoittautumisen-kohteen-luominen\/#breadcrumb"},"inLanguage":"fi","potentialAction":[{"@type":"ReadAction","target":["https:\/\/help.jamk.fi\/peppi-ohjeet-henkilokunnalle\/fi\/maksullinen-koulutus\/koulutuksen-suunnittelu-suunnittelijan-tyopoyta\/ilmoittautumisen-kohteen-luominen\/"]}]},{"@type":"ImageObject","inLanguage":"fi","@id":"https:\/\/help.jamk.fi\/peppi-ohjeet-henkilokunnalle\/fi\/maksullinen-koulutus\/koulutuksen-suunnittelu-suunnittelijan-tyopoyta\/ilmoittautumisen-kohteen-luominen\/#primaryimage","url":"https:\/\/help.jamk.fi\/peppi-ohjeet-henkilokunnalle\/wp-content\/uploads\/sites\/131\/2024\/09\/Useasta-toteutuksesta-yksi-ilmoittautumisen-kohde.png","contentUrl":"https:\/\/help.jamk.fi\/peppi-ohjeet-henkilokunnalle\/wp-content\/uploads\/sites\/131\/2024\/09\/Useasta-toteutuksesta-yksi-ilmoittautumisen-kohde.png","width":1060,"height":658,"caption":"Kuvio 1. Useasta toteutuksesta yksi ilmoittautumisen kohde"},{"@type":"BreadcrumbList","@id":"https:\/\/help.jamk.fi\/peppi-ohjeet-henkilokunnalle\/fi\/maksullinen-koulutus\/koulutuksen-suunnittelu-suunnittelijan-tyopoyta\/ilmoittautumisen-kohteen-luominen\/#breadcrumb","itemListElement":[{"@type":"ListItem","position":1,"name":"Home","item":"https:\/\/help.jamk.fi\/peppi-ohjeet-henkilokunnalle\/en\/"},{"@type":"ListItem","position":2,"name":"Maksullinen koulutus","item":"https:\/\/help.jamk.fi\/peppi-ohjeet-henkilokunnalle\/fi\/maksullinen-koulutus\/"},{"@type":"ListItem","position":3,"name":"Koulutuksen suunnittelu &#8211; suunnittelijan ty\u00f6p\u00f6yt\u00e4","item":"https:\/\/help.jamk.fi\/peppi-ohjeet-henkilokunnalle\/fi\/maksullinen-koulutus\/koulutuksen-suunnittelu-suunnittelijan-tyopoyta\/"},{"@type":"ListItem","position":4,"name":"Ilmoittautumisen kohteen luominen"}]},{"@type":"WebSite","@id":"https:\/\/help.jamk.fi\/peppi-ohjeet-henkilokunnalle\/#website","url":"https:\/\/help.jamk.fi\/peppi-ohjeet-henkilokunnalle\/","name":"Peppi-ohjeet henkil\u00f6kunnalle","description":"","potentialAction":[{"@type":"SearchAction","target":{"@type":"EntryPoint","urlTemplate":"https:\/\/help.jamk.fi\/peppi-ohjeet-henkilokunnalle\/?s={search_term_string}"},"query-input":{"@type":"PropertyValueSpecification","valueRequired":true,"valueName":"search_term_string"}}],"inLanguage":"fi"}]}},"_links":{"self":[{"href":"https:\/\/help.jamk.fi\/peppi-ohjeet-henkilokunnalle\/wp-json\/wp\/v2\/pages\/7009","targetHints":{"allow":["GET"]}}],"collection":[{"href":"https:\/\/help.jamk.fi\/peppi-ohjeet-henkilokunnalle\/wp-json\/wp\/v2\/pages"}],"about":[{"href":"https:\/\/help.jamk.fi\/peppi-ohjeet-henkilokunnalle\/wp-json\/wp\/v2\/types\/page"}],"author":[{"embeddable":true,"href":"https:\/\/help.jamk.fi\/peppi-ohjeet-henkilokunnalle\/wp-json\/wp\/v2\/users\/79"}],"replies":[{"embeddable":true,"href":"https:\/\/help.jamk.fi\/peppi-ohjeet-henkilokunnalle\/wp-json\/wp\/v2\/comments?post=7009"}],"version-history":[{"count":9,"href":"https:\/\/help.jamk.fi\/peppi-ohjeet-henkilokunnalle\/wp-json\/wp\/v2\/pages\/7009\/revisions"}],"predecessor-version":[{"id":7379,"href":"https:\/\/help.jamk.fi\/peppi-ohjeet-henkilokunnalle\/wp-json\/wp\/v2\/pages\/7009\/revisions\/7379"}],"up":[{"embeddable":true,"href":"https:\/\/help.jamk.fi\/peppi-ohjeet-henkilokunnalle\/wp-json\/wp\/v2\/pages\/7203"}],"wp:attachment":[{"href":"https:\/\/help.jamk.fi\/peppi-ohjeet-henkilokunnalle\/wp-json\/wp\/v2\/media?parent=7009"}],"wp:term":[{"taxonomy":"category","embeddable":true,"href":"https:\/\/help.jamk.fi\/peppi-ohjeet-henkilokunnalle\/wp-json\/wp\/v2\/categories?post=7009"},{"taxonomy":"post_tag","embeddable":true,"href":"https:\/\/help.jamk.fi\/peppi-ohjeet-henkilokunnalle\/wp-json\/wp\/v2\/tags?post=7009"}],"curies":[{"name":"wp","href":"https:\/\/api.w.org\/{rel}","templated":true}]}}