{"id":7021,"date":"2024-09-13T14:56:25","date_gmt":"2024-09-13T11:56:25","guid":{"rendered":"https:\/\/help.jamk.fi\/peppi-ohjeet-henkilokunnalle\/?page_id=7021"},"modified":"2026-03-24T15:18:03","modified_gmt":"2026-03-24T13:18:03","slug":"ilmoittautumisen-kohteen-perustietojen-asettaminen","status":"publish","type":"page","link":"https:\/\/help.jamk.fi\/peppi-ohjeet-henkilokunnalle\/fi\/maksullinen-koulutus\/koulutuksen-suunnittelu-suunnittelijan-tyopoyta\/ilmoittautumisen-kohteen-perustietojen-asettaminen\/","title":{"rendered":"Ilmoittautumisen kohteen perustietojen asettaminen"},"content":{"rendered":"\n<p>Kohteen Perustiedoissa asetetaan:<\/p>\n\n\n\n<ul class=\"wp-block-list\">\n<li>kohteen n\u00e4kyvyys (n\u00e4kyv\u00e4, piilotettu).<\/li>\n\n\n\n<li>nimi (ellei periydy suoraan toteutukselta)<\/li>\n\n\n\n<li>vastuuhenkil\u00f6<\/li>\n\n\n\n<li>yhteystietos\u00e4hk\u00f6posti<\/li>\n\n\n\n<li>halutut luokittelutiedot (tagit)<\/li>\n\n\n\n<li>maksutiedot<\/li>\n\n\n\n<li>ilmoittautumisaika<\/li>\n\n\n\n<li>varasijamenettelyn p\u00e4\u00e4ttymisaika<\/li>\n\n\n\n<li>opiskelijoiden valintatiedot (ilmoittautumisj\u00e4rjestys vai muu valinta)<\/li>\n\n\n\n<li>ingressi (opin.fi)<\/li>\n\n\n\n<li>opintoelementtien viennin rajoittaminen opin.fi palveluun. Korkeakoululla on mahdollisuus est\u00e4\u00e4 ilmoittautumisen kohteen tietojen siirtyminen Digivision opintoaltaaseen ja edelleen Opin.fi:hin. Kts. ohjeet Opintojen viennin rajoittaminen (Versio 5.2.0).<\/li>\n\n\n\n<li>mahdolliset lis\u00e4tiedot<\/li>\n<\/ul>\n\n\n\n<h2 class=\"wp-block-heading\">Piilotettu kohde<\/h2>\n\n\n\n<p>Kohde on oletuksena n\u00e4kyv\u00e4, kun kohde luodaan. Voit vaihtaa asetuksen piilotetuksi. N\u00e4kyvyysastuksen alla n\u00e4kyy kohteen linkki, joka vaihtuu sen mukaan onko kohde n\u00e4kyv\u00e4 vai piilotettu (kuvio 1). Linkki syntyy kohteen luomisen yhteydess\u00e4 ja s\u00e4ilyy samana vaikka asetusta muutettaisiin. Huom! Kohteen linkki ei ole sama kuin kohteen linkki hakijan ty\u00f6p\u00f6yd\u00e4ll\u00e4, kun kohde haetaan haussa!<\/p>\n\n\n\n<p>Piilotettu linkki muodostetaan seuraavasti. Ota hakijan ty\u00f6p\u00f6yd\u00e4n alkuosa https:\/\/hakija.peppi.jamk.fi\/fi ja lis\u00e4\u00e4 per\u00e4\u00e4n kohteen perustiedoissa olevan linkki-kent\u00e4n merkkijono. Esim. https:\/\/hakija.peppi.jamk.fi\/fi\/8d7da3ba41. Huom. kohteen pit\u00e4\u00e4 olla julkaistu-tilassa, jotta sille voi ilmoittautua.<\/p>\n\n\n\n<figure class=\"wp-block-image size-full\"><img loading=\"lazy\" decoding=\"async\" width=\"747\" height=\"318\" src=\"https:\/\/help.jamk.fi\/peppi-ohjeet-henkilokunnalle\/wp-content\/uploads\/sites\/131\/2026\/03\/Piilotettu-linkki.png\" alt=\"Piilotettu linkki ilmoittautumisen kohteella\" class=\"wp-image-8000\" srcset=\"https:\/\/help.jamk.fi\/peppi-ohjeet-henkilokunnalle\/wp-content\/uploads\/sites\/131\/2026\/03\/Piilotettu-linkki.png 747w, https:\/\/help.jamk.fi\/peppi-ohjeet-henkilokunnalle\/wp-content\/uploads\/sites\/131\/2026\/03\/Piilotettu-linkki-300x128.png 300w\" sizes=\"auto, (max-width: 747px) 100vw, 747px\" \/><figcaption class=\"wp-element-caption\">Kuvio 1. Piilotettu linkki ilmoittautumisen kohteella<\/figcaption><\/figure>\n\n\n\n<h2 class=\"wp-block-heading\">Toteutukselta periytyv\u00e4t tiedot<\/h2>\n\n\n\n<p>Kohteelle periytyy siihen liitetyilt\u00e4 toteutuksilta automaattisesti osa tiedoista perustietoihin. N\u00e4it\u00e4 ovat:<\/p>\n\n\n\n<ul class=\"wp-block-list\">\n<li>Nimi suomeksi \u2014> aina kun luodaan kohde yksitt\u00e4isest\u00e4 toteutuksesta. Muutoin asetettava.<\/li>\n\n\n\n<li>Nimi englanniksi \u2014> vain kun luodaan kohde yksitt\u00e4isest\u00e4 toteutuksesta.<\/li>\n\n\n\n<li>Luokittelut &#8211;> Toteutukselta periytyv\u00e4t:\n<ul class=\"wp-block-list\">\n<li>Kieli (kun 100% toteutuksen kieli)<\/li>\n<\/ul>\n<\/li>\n\n\n\n<li>Ilmoittautumisen kohteen luokittelu Opin.fi-julkaisua varten \u2192 <a href=\"https:\/\/help.jamk.fi\/peppi-ohjeet-henkilokunnalle\/fi\/vuosisuunnittelu\/toteutussuunnitelman-perustiedot\/\">Katso toteutuksen Luokittelu-ohjeet<\/a><\/li>\n\n\n\n<li>Vastuuhenkil\u00f6 ja yhteystietos\u00e4hk\u00f6posti<\/li>\n\n\n\n<li>Ingressikent\u00e4n tiedot (Opin.fi-julkaisu varten)\n<ul class=\"wp-block-list\">\n<li>Automaattisesti kohteeseen liitetylt\u00e4 toteutukselta (toteutuksen ingressi-kentt\u00e4), silloin kun kohteeseen on liitetty vain yksi toteutus. Jos kohteeseen on liitetty monta toteutusta, ei periytyvyytt\u00e4 tapahdu ja kohteen kentt\u00e4 on tyhj\u00e4. Periytyvyys tapahtuu kun kohde luodaan. K\u00e4ytt\u00e4j\u00e4 voi aina my\u00f6s muokata oman ingressitekstin kentt\u00e4\u00e4n. Huom! Ingressikentt\u00e4\u00e4 ei ole viel\u00e4 toteutettu n\u00e4kym\u00e4\u00e4n uudelle hakijan ty\u00f6p\u00f6yd\u00e4lle. T\u00e4m\u00e4 on jatkokehityst\u00e4. Kent\u00e4n tiedot v\u00e4littyv\u00e4t kohteen tiedoista kuitenkin opin.fi palveluun.<\/li>\n<\/ul>\n<\/li>\n<\/ul>\n\n\n\n<h2 class=\"wp-block-heading\">Maksutietojen asettaminen<\/h2>\n\n\n\n<p>Jos maksun perusteena k\u00e4ytet\u00e4\u00e4n <strong>opintojen laajuutta<\/strong>, opintojen hinta m\u00e4\u00e4r\u00e4ytyy sen mukaan, mik\u00e4 on yhdelle opintopisteelle m\u00e4\u00e4ritelty hinta ohjaustiedoissa. Esim. jos laajuusyksik\u00f6n hinta on 20 \u20ac ja opintojen laajuus on 5 op, on opinnon hinta 5 x 20 \u20ac eli 100 \u20ac.<\/p>\n\n\n\n<p>Maksun perusteena voidaan k\u00e4ytt\u00e4\u00e4 my\u00f6s aikajaksoa tai erikseen hinnoiteltavaa. Aikajaksollista maksun perustetta ei Jamkissa k\u00e4ytet\u00e4. Erikseen hinnoilteltavaa tulee k\u00e4ytt\u00e4\u00e4 esim. maksuttomien opintojen osalta.<\/p>\n\n\n\n<h3 class=\"wp-block-heading\">Maksuton kohde<\/h3>\n\n\n\n<p>Mik\u00e4li haluat luoda maksuttoman kohteen\u00a0(mik\u00e4 tahansa kiinti\u00f6ryhm\u00e4), aseta\u00a0alla kuvatut maksutiedot (kuvio 2).\u00a0<\/p>\n\n\n\n<p>Huom. Ennen Maksutietojen asettamista, kohteelle on asetettava kiinti\u00f6ryhm\u00e4.<\/p>\n\n\n\n<ul class=\"wp-block-list\">\n<li>Maksun peruste: erikseen hinnoiteltava<\/li>\n\n\n\n<li>Opintojen hinta: 0 e<\/li>\n\n\n\n<li>Salli laskutuksen k\u00e4ytt\u00f6: Ei sallittu<\/li>\n\n\n\n<li>Ilmoittautuminen sallittu ilman maksua: Kyll\u00e4<\/li>\n\n\n\n<li>K\u00e4yt\u00e4 kiinte\u00e4\u00e4 hintaa yritykselle: Halutusti \u2192 Huom! T\u00e4t\u00e4 ominaisuutta ei ole testattu, joten suositus on &#8221;Ei&#8221; tai &#8221;K\u00e4yt\u00e4 kiinti\u00f6ryhm\u00e4n oletusarvoa&#8221;.<\/li>\n<\/ul>\n\n\n\n<figure class=\"wp-block-image size-full\"><img loading=\"lazy\" decoding=\"async\" width=\"874\" height=\"260\" src=\"https:\/\/help.jamk.fi\/peppi-ohjeet-henkilokunnalle\/wp-content\/uploads\/sites\/131\/2024\/09\/Maksutiedot.png\" alt=\"Maksutiedot\" class=\"wp-image-7029\" srcset=\"https:\/\/help.jamk.fi\/peppi-ohjeet-henkilokunnalle\/wp-content\/uploads\/sites\/131\/2024\/09\/Maksutiedot.png 874w, https:\/\/help.jamk.fi\/peppi-ohjeet-henkilokunnalle\/wp-content\/uploads\/sites\/131\/2024\/09\/Maksutiedot-300x89.png 300w, https:\/\/help.jamk.fi\/peppi-ohjeet-henkilokunnalle\/wp-content\/uploads\/sites\/131\/2024\/09\/Maksutiedot-768x228.png 768w\" sizes=\"auto, (max-width: 874px) 100vw, 874px\" \/><figcaption class=\"wp-element-caption\">Kuvio 2. Maksutiedot<\/figcaption><\/figure>\n\n\n\n<h3 class=\"wp-block-heading\">Maksullinen kohde, joka ei ole laajuusperustainen<\/h3>\n\n\n\n<p>Mik\u00e4li haluat luoda kohteen joka ei ole laajuusperustainen, (mik\u00e4 tahansa kiinti\u00f6ryhm\u00e4), aseta alla kuvatut maksutiedot (kuvio 3).<\/p>\n\n\n\n<p>Huom. Ennen Maksutietojen asettamista, kohteelle on asetettava kiinti\u00f6ryhm\u00e4.<\/p>\n\n\n\n<ul class=\"wp-block-list\">\n<li>Maksun peruste: erikseen hinnoiteltava<\/li>\n\n\n\n<li>Opintojen hinta: haluttu hinta<\/li>\n\n\n\n<li>Salli laskutuksen k\u00e4ytt\u00f6: kohdekohtainen asetus<\/li>\n\n\n\n<li>Ilmoittautuminen sallittu ilman maksua: Ei<\/li>\n\n\n\n<li>K\u00e4yt\u00e4 kiinte\u00e4\u00e4 hintaa yritykselle: Halutusti \u2192 Huom! T\u00e4t\u00e4 ominaisuutta ei ole testattu, joten suositus on &#8221;Ei&#8221; tai &#8221;K\u00e4yt\u00e4 kiinti\u00f6ryhm\u00e4n oletusarvoa&#8221;.<br><\/li>\n<\/ul>\n\n\n\n<p><strong>Huom. Laskutuksen k\u00e4yt\u00f6n salliminen ei est\u00e4 asiakasta maksamasta opintoja verkkomaksuna.<\/strong><\/p>\n\n\n\n<figure class=\"wp-block-image size-full\"><img loading=\"lazy\" decoding=\"async\" width=\"862\" height=\"311\" src=\"https:\/\/help.jamk.fi\/peppi-ohjeet-henkilokunnalle\/wp-content\/uploads\/sites\/131\/2024\/09\/Maksutiedot-maksullinen-koulutus.png\" alt=\"Maksutiedot ei-laajuusperustaisessa koulutuksessa\" class=\"wp-image-7030\" srcset=\"https:\/\/help.jamk.fi\/peppi-ohjeet-henkilokunnalle\/wp-content\/uploads\/sites\/131\/2024\/09\/Maksutiedot-maksullinen-koulutus.png 862w, https:\/\/help.jamk.fi\/peppi-ohjeet-henkilokunnalle\/wp-content\/uploads\/sites\/131\/2024\/09\/Maksutiedot-maksullinen-koulutus-300x108.png 300w, https:\/\/help.jamk.fi\/peppi-ohjeet-henkilokunnalle\/wp-content\/uploads\/sites\/131\/2024\/09\/Maksutiedot-maksullinen-koulutus-768x277.png 768w\" sizes=\"auto, (max-width: 862px) 100vw, 862px\" \/><figcaption class=\"wp-element-caption\">Kuvio 3. Maksutiedot ei-laajuusperustaisessa koulutuksessa<\/figcaption><\/figure>\n\n\n\n<h2 class=\"wp-block-heading\">Jatkuva ilmoittautuminen ilmoittautumisen ajankohdassa<\/h2>\n\n\n\n<p>Jos koulutuksessa on kyse ns. non-stop-tyyppisest\u00e4 koulutuksesta, voit k\u00e4ytt\u00e4\u00e4 jatkuvaa ilmoittautumista. Huomioithan t\u00e4ll\u00f6in, ett\u00e4 <strong>et p\u00e4\u00e4se en\u00e4\u00e4 kohteen julkaisun j\u00e4lkeen muokkaamaan mit\u00e4\u00e4n ilmoittautumisen kohteen tietoja.<\/strong><\/p>\n\n\n\n<p>Parempi tapa on laittaa ilmoittautuminen auki esim. lukukaudelle tai lukuvuodelle.<\/p>\n\n\n\n<h2 class=\"wp-block-heading\">Varasijamenettelyn p\u00e4\u00e4ttyminen<\/h2>\n\n\n\n<p>Maksullisen koulutuksen ohjaustiedoissa on m\u00e4\u00e4ritelty, ett\u00e4 varasijalta voidaan ottaa opiskelijoita koulutukseen viimeist\u00e4\u00e4n koulutuksen alkamista edelt\u00e4v\u00e4n\u00e4 p\u00e4iv\u00e4n\u00e4. Voit koulutuskohtaisesti muokata p\u00e4iv\u00e4m\u00e4\u00e4r\u00e4\u00e4.<\/p>\n\n\n\n<ul class=\"wp-block-list\">\n<li>Jos varasijamenettely-kent\u00e4n j\u00e4tt\u00e4\u00e4 tyhj\u00e4ksi, varasijamenettely on voimassa koko ajan.<\/li>\n\n\n\n<li>Jos varasijamenettely-kentt\u00e4\u00e4n laittaa menneisyydess\u00e4 olevan p\u00e4iv\u00e4m\u00e4\u00e4r\u00e4n, varasijamenettely\u00e4 ei k\u00e4ytet\u00e4 ko. kohteella. T\u00e4m\u00e4 tarkoittaa sit\u00e4, ett\u00e4 paikan vapautuessa varasijalla olija ei nouse opintoihin, vaan j\u00e4\u00e4 varasijalle.<\/li>\n<\/ul>\n\n\n\n<h2 class=\"wp-block-heading\">Lis\u00e4tiedot<\/h2>\n\n\n\n<p>Kirjoita kaikki oleellinen hakijaa koskeva tieto Lis\u00e4tieto 1 -kentt\u00e4\u00e4n. T\u00e4m\u00e4 kentt\u00e4 n\u00e4ytet\u00e4\u00e4n Jamkin verkkosivuilla koulutustietojen yhteydess\u00e4. Muut lis\u00e4tietokent\u00e4t n\u00e4kyv\u00e4t vain hakijan ty\u00f6p\u00f6yd\u00e4ll\u00e4.<\/p>\n\n\n\n<p><\/p>\n","protected":false},"excerpt":{"rendered":"<p>Kohteen Perustiedoissa asetetaan: Piilotettu kohde Kohde on oletuksena n\u00e4kyv\u00e4, kun kohde luodaan. Voit vaihtaa asetuksen piilotetuksi. N\u00e4kyvyysastuksen alla n\u00e4kyy kohteen linkki, joka vaihtuu sen mukaan onko kohde n\u00e4kyv\u00e4 vai piilotettu (kuvio 1). Linkki syntyy kohteen luomisen yhteydess\u00e4 ja s\u00e4ilyy samana vaikka asetusta muutettaisiin. Huom! Kohteen linkki ei ole sama kuin kohteen linkki hakijan ty\u00f6p\u00f6yd\u00e4ll\u00e4, kun [&hellip;]<\/p>\n","protected":false},"author":79,"featured_media":0,"parent":7203,"menu_order":3,"comment_status":"closed","ping_status":"closed","template":"","meta":{"_acf_changed":false,"_relevanssi_hide_post":"","_relevanssi_hide_content":"","_relevanssi_pin_for_all":"","_relevanssi_pin_keywords":"","_relevanssi_unpin_keywords":"","_relevanssi_related_keywords":"","_relevanssi_related_include_ids":"","_relevanssi_related_exclude_ids":"","_relevanssi_related_no_append":"","_relevanssi_related_not_related":"","_relevanssi_related_posts":"","_relevanssi_noindex_reason":"","footnotes":""},"categories":[],"tags":[184,143],"class_list":["post-7021","page","type-page","status-publish","hentry","tag-ilmoittautumisen-kohde","tag-perustiedot"],"acf":[],"yoast_head":"<!-- This site is optimized with the Yoast SEO plugin v27.4 - https:\/\/yoast.com\/product\/yoast-seo-wordpress\/ -->\n<title>Ilmoittautumisen kohteen perustietojen asettaminen - Peppi-ohjeet henkil\u00f6kunnalle<\/title>\n<meta name=\"robots\" content=\"index, follow, max-snippet:-1, max-image-preview:large, max-video-preview:-1\" \/>\n<link rel=\"canonical\" href=\"https:\/\/help.jamk.fi\/peppi-ohjeet-henkilokunnalle\/fi\/maksullinen-koulutus\/koulutuksen-suunnittelu-suunnittelijan-tyopoyta\/ilmoittautumisen-kohteen-perustietojen-asettaminen\/\" \/>\n<meta property=\"og:locale\" content=\"fi_FI\" \/>\n<meta property=\"og:type\" content=\"article\" \/>\n<meta property=\"og:title\" content=\"Ilmoittautumisen kohteen perustietojen asettaminen - Peppi-ohjeet henkil\u00f6kunnalle\" \/>\n<meta property=\"og:description\" content=\"Kohteen Perustiedoissa asetetaan: Piilotettu kohde Kohde on oletuksena n\u00e4kyv\u00e4, kun kohde luodaan. Voit vaihtaa asetuksen piilotetuksi. N\u00e4kyvyysastuksen alla n\u00e4kyy kohteen linkki, joka vaihtuu sen mukaan onko kohde n\u00e4kyv\u00e4 vai piilotettu (kuvio 1). Linkki syntyy kohteen luomisen yhteydess\u00e4 ja s\u00e4ilyy samana vaikka asetusta muutettaisiin. Huom! Kohteen linkki ei ole sama kuin kohteen linkki hakijan ty\u00f6p\u00f6yd\u00e4ll\u00e4, kun [&hellip;]\" \/>\n<meta property=\"og:url\" content=\"https:\/\/help.jamk.fi\/peppi-ohjeet-henkilokunnalle\/fi\/maksullinen-koulutus\/koulutuksen-suunnittelu-suunnittelijan-tyopoyta\/ilmoittautumisen-kohteen-perustietojen-asettaminen\/\" \/>\n<meta property=\"og:site_name\" content=\"Peppi-ohjeet henkil\u00f6kunnalle\" \/>\n<meta property=\"article:modified_time\" content=\"2026-03-24T13:18:03+00:00\" \/>\n<meta property=\"og:image\" content=\"https:\/\/help.jamk.fi\/peppi-ohjeet-henkilokunnalle\/wp-content\/uploads\/sites\/131\/2026\/03\/Piilotettu-linkki.png\" \/>\n\t<meta property=\"og:image:width\" content=\"747\" \/>\n\t<meta property=\"og:image:height\" content=\"318\" \/>\n\t<meta property=\"og:image:type\" content=\"image\/png\" \/>\n<meta name=\"twitter:card\" content=\"summary_large_image\" \/>\n<meta name=\"twitter:label1\" content=\"Arvioitu lukuaika\" \/>\n\t<meta name=\"twitter:data1\" content=\"5 minuuttia\" \/>\n<script type=\"application\/ld+json\" class=\"yoast-schema-graph\">{\"@context\":\"https:\\\/\\\/schema.org\",\"@graph\":[{\"@type\":\"WebPage\",\"@id\":\"https:\\\/\\\/help.jamk.fi\\\/peppi-ohjeet-henkilokunnalle\\\/fi\\\/maksullinen-koulutus\\\/koulutuksen-suunnittelu-suunnittelijan-tyopoyta\\\/ilmoittautumisen-kohteen-perustietojen-asettaminen\\\/\",\"url\":\"https:\\\/\\\/help.jamk.fi\\\/peppi-ohjeet-henkilokunnalle\\\/fi\\\/maksullinen-koulutus\\\/koulutuksen-suunnittelu-suunnittelijan-tyopoyta\\\/ilmoittautumisen-kohteen-perustietojen-asettaminen\\\/\",\"name\":\"Ilmoittautumisen kohteen perustietojen asettaminen - Peppi-ohjeet henkil\u00f6kunnalle\",\"isPartOf\":{\"@id\":\"https:\\\/\\\/help.jamk.fi\\\/peppi-ohjeet-henkilokunnalle\\\/#website\"},\"primaryImageOfPage\":{\"@id\":\"https:\\\/\\\/help.jamk.fi\\\/peppi-ohjeet-henkilokunnalle\\\/fi\\\/maksullinen-koulutus\\\/koulutuksen-suunnittelu-suunnittelijan-tyopoyta\\\/ilmoittautumisen-kohteen-perustietojen-asettaminen\\\/#primaryimage\"},\"image\":{\"@id\":\"https:\\\/\\\/help.jamk.fi\\\/peppi-ohjeet-henkilokunnalle\\\/fi\\\/maksullinen-koulutus\\\/koulutuksen-suunnittelu-suunnittelijan-tyopoyta\\\/ilmoittautumisen-kohteen-perustietojen-asettaminen\\\/#primaryimage\"},\"thumbnailUrl\":\"https:\\\/\\\/help.jamk.fi\\\/peppi-ohjeet-henkilokunnalle\\\/wp-content\\\/uploads\\\/sites\\\/131\\\/2026\\\/03\\\/Piilotettu-linkki.png\",\"datePublished\":\"2024-09-13T11:56:25+00:00\",\"dateModified\":\"2026-03-24T13:18:03+00:00\",\"breadcrumb\":{\"@id\":\"https:\\\/\\\/help.jamk.fi\\\/peppi-ohjeet-henkilokunnalle\\\/fi\\\/maksullinen-koulutus\\\/koulutuksen-suunnittelu-suunnittelijan-tyopoyta\\\/ilmoittautumisen-kohteen-perustietojen-asettaminen\\\/#breadcrumb\"},\"inLanguage\":\"fi\",\"potentialAction\":[{\"@type\":\"ReadAction\",\"target\":[\"https:\\\/\\\/help.jamk.fi\\\/peppi-ohjeet-henkilokunnalle\\\/fi\\\/maksullinen-koulutus\\\/koulutuksen-suunnittelu-suunnittelijan-tyopoyta\\\/ilmoittautumisen-kohteen-perustietojen-asettaminen\\\/\"]}]},{\"@type\":\"ImageObject\",\"inLanguage\":\"fi\",\"@id\":\"https:\\\/\\\/help.jamk.fi\\\/peppi-ohjeet-henkilokunnalle\\\/fi\\\/maksullinen-koulutus\\\/koulutuksen-suunnittelu-suunnittelijan-tyopoyta\\\/ilmoittautumisen-kohteen-perustietojen-asettaminen\\\/#primaryimage\",\"url\":\"https:\\\/\\\/help.jamk.fi\\\/peppi-ohjeet-henkilokunnalle\\\/wp-content\\\/uploads\\\/sites\\\/131\\\/2026\\\/03\\\/Piilotettu-linkki.png\",\"contentUrl\":\"https:\\\/\\\/help.jamk.fi\\\/peppi-ohjeet-henkilokunnalle\\\/wp-content\\\/uploads\\\/sites\\\/131\\\/2026\\\/03\\\/Piilotettu-linkki.png\",\"width\":747,\"height\":318,\"caption\":\"Kuvio 1. Piilotettu linkki ilmoittautumisen kohteella\"},{\"@type\":\"BreadcrumbList\",\"@id\":\"https:\\\/\\\/help.jamk.fi\\\/peppi-ohjeet-henkilokunnalle\\\/fi\\\/maksullinen-koulutus\\\/koulutuksen-suunnittelu-suunnittelijan-tyopoyta\\\/ilmoittautumisen-kohteen-perustietojen-asettaminen\\\/#breadcrumb\",\"itemListElement\":[{\"@type\":\"ListItem\",\"position\":1,\"name\":\"Home\",\"item\":\"https:\\\/\\\/help.jamk.fi\\\/peppi-ohjeet-henkilokunnalle\\\/en\\\/\"},{\"@type\":\"ListItem\",\"position\":2,\"name\":\"Maksullinen koulutus\",\"item\":\"https:\\\/\\\/help.jamk.fi\\\/peppi-ohjeet-henkilokunnalle\\\/fi\\\/maksullinen-koulutus\\\/\"},{\"@type\":\"ListItem\",\"position\":3,\"name\":\"Koulutuksen suunnittelu &#8211; suunnittelijan ty\u00f6p\u00f6yt\u00e4\",\"item\":\"https:\\\/\\\/help.jamk.fi\\\/peppi-ohjeet-henkilokunnalle\\\/fi\\\/maksullinen-koulutus\\\/koulutuksen-suunnittelu-suunnittelijan-tyopoyta\\\/\"},{\"@type\":\"ListItem\",\"position\":4,\"name\":\"Ilmoittautumisen kohteen perustietojen asettaminen\"}]},{\"@type\":\"WebSite\",\"@id\":\"https:\\\/\\\/help.jamk.fi\\\/peppi-ohjeet-henkilokunnalle\\\/#website\",\"url\":\"https:\\\/\\\/help.jamk.fi\\\/peppi-ohjeet-henkilokunnalle\\\/\",\"name\":\"Peppi-ohjeet henkil\u00f6kunnalle\",\"description\":\"\",\"potentialAction\":[{\"@type\":\"SearchAction\",\"target\":{\"@type\":\"EntryPoint\",\"urlTemplate\":\"https:\\\/\\\/help.jamk.fi\\\/peppi-ohjeet-henkilokunnalle\\\/?s={search_term_string}\"},\"query-input\":{\"@type\":\"PropertyValueSpecification\",\"valueRequired\":true,\"valueName\":\"search_term_string\"}}],\"inLanguage\":\"fi\"}]}<\/script>\n<!-- \/ Yoast SEO plugin. -->","yoast_head_json":{"title":"Ilmoittautumisen kohteen perustietojen asettaminen - Peppi-ohjeet henkil\u00f6kunnalle","robots":{"index":"index","follow":"follow","max-snippet":"max-snippet:-1","max-image-preview":"max-image-preview:large","max-video-preview":"max-video-preview:-1"},"canonical":"https:\/\/help.jamk.fi\/peppi-ohjeet-henkilokunnalle\/fi\/maksullinen-koulutus\/koulutuksen-suunnittelu-suunnittelijan-tyopoyta\/ilmoittautumisen-kohteen-perustietojen-asettaminen\/","og_locale":"fi_FI","og_type":"article","og_title":"Ilmoittautumisen kohteen perustietojen asettaminen - Peppi-ohjeet henkil\u00f6kunnalle","og_description":"Kohteen Perustiedoissa asetetaan: Piilotettu kohde Kohde on oletuksena n\u00e4kyv\u00e4, kun kohde luodaan. Voit vaihtaa asetuksen piilotetuksi. N\u00e4kyvyysastuksen alla n\u00e4kyy kohteen linkki, joka vaihtuu sen mukaan onko kohde n\u00e4kyv\u00e4 vai piilotettu (kuvio 1). Linkki syntyy kohteen luomisen yhteydess\u00e4 ja s\u00e4ilyy samana vaikka asetusta muutettaisiin. Huom! Kohteen linkki ei ole sama kuin kohteen linkki hakijan ty\u00f6p\u00f6yd\u00e4ll\u00e4, kun [&hellip;]","og_url":"https:\/\/help.jamk.fi\/peppi-ohjeet-henkilokunnalle\/fi\/maksullinen-koulutus\/koulutuksen-suunnittelu-suunnittelijan-tyopoyta\/ilmoittautumisen-kohteen-perustietojen-asettaminen\/","og_site_name":"Peppi-ohjeet henkil\u00f6kunnalle","article_modified_time":"2026-03-24T13:18:03+00:00","og_image":[{"width":747,"height":318,"url":"https:\/\/help.jamk.fi\/peppi-ohjeet-henkilokunnalle\/wp-content\/uploads\/sites\/131\/2026\/03\/Piilotettu-linkki.png","type":"image\/png"}],"twitter_card":"summary_large_image","twitter_misc":{"Arvioitu lukuaika":"5 minuuttia"},"schema":{"@context":"https:\/\/schema.org","@graph":[{"@type":"WebPage","@id":"https:\/\/help.jamk.fi\/peppi-ohjeet-henkilokunnalle\/fi\/maksullinen-koulutus\/koulutuksen-suunnittelu-suunnittelijan-tyopoyta\/ilmoittautumisen-kohteen-perustietojen-asettaminen\/","url":"https:\/\/help.jamk.fi\/peppi-ohjeet-henkilokunnalle\/fi\/maksullinen-koulutus\/koulutuksen-suunnittelu-suunnittelijan-tyopoyta\/ilmoittautumisen-kohteen-perustietojen-asettaminen\/","name":"Ilmoittautumisen kohteen perustietojen asettaminen - Peppi-ohjeet henkil\u00f6kunnalle","isPartOf":{"@id":"https:\/\/help.jamk.fi\/peppi-ohjeet-henkilokunnalle\/#website"},"primaryImageOfPage":{"@id":"https:\/\/help.jamk.fi\/peppi-ohjeet-henkilokunnalle\/fi\/maksullinen-koulutus\/koulutuksen-suunnittelu-suunnittelijan-tyopoyta\/ilmoittautumisen-kohteen-perustietojen-asettaminen\/#primaryimage"},"image":{"@id":"https:\/\/help.jamk.fi\/peppi-ohjeet-henkilokunnalle\/fi\/maksullinen-koulutus\/koulutuksen-suunnittelu-suunnittelijan-tyopoyta\/ilmoittautumisen-kohteen-perustietojen-asettaminen\/#primaryimage"},"thumbnailUrl":"https:\/\/help.jamk.fi\/peppi-ohjeet-henkilokunnalle\/wp-content\/uploads\/sites\/131\/2026\/03\/Piilotettu-linkki.png","datePublished":"2024-09-13T11:56:25+00:00","dateModified":"2026-03-24T13:18:03+00:00","breadcrumb":{"@id":"https:\/\/help.jamk.fi\/peppi-ohjeet-henkilokunnalle\/fi\/maksullinen-koulutus\/koulutuksen-suunnittelu-suunnittelijan-tyopoyta\/ilmoittautumisen-kohteen-perustietojen-asettaminen\/#breadcrumb"},"inLanguage":"fi","potentialAction":[{"@type":"ReadAction","target":["https:\/\/help.jamk.fi\/peppi-ohjeet-henkilokunnalle\/fi\/maksullinen-koulutus\/koulutuksen-suunnittelu-suunnittelijan-tyopoyta\/ilmoittautumisen-kohteen-perustietojen-asettaminen\/"]}]},{"@type":"ImageObject","inLanguage":"fi","@id":"https:\/\/help.jamk.fi\/peppi-ohjeet-henkilokunnalle\/fi\/maksullinen-koulutus\/koulutuksen-suunnittelu-suunnittelijan-tyopoyta\/ilmoittautumisen-kohteen-perustietojen-asettaminen\/#primaryimage","url":"https:\/\/help.jamk.fi\/peppi-ohjeet-henkilokunnalle\/wp-content\/uploads\/sites\/131\/2026\/03\/Piilotettu-linkki.png","contentUrl":"https:\/\/help.jamk.fi\/peppi-ohjeet-henkilokunnalle\/wp-content\/uploads\/sites\/131\/2026\/03\/Piilotettu-linkki.png","width":747,"height":318,"caption":"Kuvio 1. Piilotettu linkki ilmoittautumisen kohteella"},{"@type":"BreadcrumbList","@id":"https:\/\/help.jamk.fi\/peppi-ohjeet-henkilokunnalle\/fi\/maksullinen-koulutus\/koulutuksen-suunnittelu-suunnittelijan-tyopoyta\/ilmoittautumisen-kohteen-perustietojen-asettaminen\/#breadcrumb","itemListElement":[{"@type":"ListItem","position":1,"name":"Home","item":"https:\/\/help.jamk.fi\/peppi-ohjeet-henkilokunnalle\/en\/"},{"@type":"ListItem","position":2,"name":"Maksullinen koulutus","item":"https:\/\/help.jamk.fi\/peppi-ohjeet-henkilokunnalle\/fi\/maksullinen-koulutus\/"},{"@type":"ListItem","position":3,"name":"Koulutuksen suunnittelu &#8211; suunnittelijan ty\u00f6p\u00f6yt\u00e4","item":"https:\/\/help.jamk.fi\/peppi-ohjeet-henkilokunnalle\/fi\/maksullinen-koulutus\/koulutuksen-suunnittelu-suunnittelijan-tyopoyta\/"},{"@type":"ListItem","position":4,"name":"Ilmoittautumisen kohteen perustietojen asettaminen"}]},{"@type":"WebSite","@id":"https:\/\/help.jamk.fi\/peppi-ohjeet-henkilokunnalle\/#website","url":"https:\/\/help.jamk.fi\/peppi-ohjeet-henkilokunnalle\/","name":"Peppi-ohjeet henkil\u00f6kunnalle","description":"","potentialAction":[{"@type":"SearchAction","target":{"@type":"EntryPoint","urlTemplate":"https:\/\/help.jamk.fi\/peppi-ohjeet-henkilokunnalle\/?s={search_term_string}"},"query-input":{"@type":"PropertyValueSpecification","valueRequired":true,"valueName":"search_term_string"}}],"inLanguage":"fi"}]}},"_links":{"self":[{"href":"https:\/\/help.jamk.fi\/peppi-ohjeet-henkilokunnalle\/wp-json\/wp\/v2\/pages\/7021","targetHints":{"allow":["GET"]}}],"collection":[{"href":"https:\/\/help.jamk.fi\/peppi-ohjeet-henkilokunnalle\/wp-json\/wp\/v2\/pages"}],"about":[{"href":"https:\/\/help.jamk.fi\/peppi-ohjeet-henkilokunnalle\/wp-json\/wp\/v2\/types\/page"}],"author":[{"embeddable":true,"href":"https:\/\/help.jamk.fi\/peppi-ohjeet-henkilokunnalle\/wp-json\/wp\/v2\/users\/79"}],"replies":[{"embeddable":true,"href":"https:\/\/help.jamk.fi\/peppi-ohjeet-henkilokunnalle\/wp-json\/wp\/v2\/comments?post=7021"}],"version-history":[{"count":9,"href":"https:\/\/help.jamk.fi\/peppi-ohjeet-henkilokunnalle\/wp-json\/wp\/v2\/pages\/7021\/revisions"}],"predecessor-version":[{"id":8005,"href":"https:\/\/help.jamk.fi\/peppi-ohjeet-henkilokunnalle\/wp-json\/wp\/v2\/pages\/7021\/revisions\/8005"}],"up":[{"embeddable":true,"href":"https:\/\/help.jamk.fi\/peppi-ohjeet-henkilokunnalle\/wp-json\/wp\/v2\/pages\/7203"}],"wp:attachment":[{"href":"https:\/\/help.jamk.fi\/peppi-ohjeet-henkilokunnalle\/wp-json\/wp\/v2\/media?parent=7021"}],"wp:term":[{"taxonomy":"category","embeddable":true,"href":"https:\/\/help.jamk.fi\/peppi-ohjeet-henkilokunnalle\/wp-json\/wp\/v2\/categories?post=7021"},{"taxonomy":"post_tag","embeddable":true,"href":"https:\/\/help.jamk.fi\/peppi-ohjeet-henkilokunnalle\/wp-json\/wp\/v2\/tags?post=7021"}],"curies":[{"name":"wp","href":"https:\/\/api.w.org\/{rel}","templated":true}]}}