{"id":7027,"date":"2024-09-16T10:38:53","date_gmt":"2024-09-16T07:38:53","guid":{"rendered":"https:\/\/help.jamk.fi\/peppi-ohjeet-henkilokunnalle\/?page_id=7027"},"modified":"2025-05-26T09:43:46","modified_gmt":"2025-05-26T06:43:46","slug":"ilmoittautumisen-kohteen-kiintioryhman-asettaminen","status":"publish","type":"page","link":"https:\/\/help.jamk.fi\/peppi-ohjeet-henkilokunnalle\/fi\/maksullinen-koulutus\/koulutuksen-suunnittelu-suunnittelijan-tyopoyta\/ilmoittautumisen-kohteen-kiintioryhman-asettaminen\/","title":{"rendered":"Ilmoittautumisen kohteen kiinti\u00f6ryhm\u00e4n asettaminen"},"content":{"rendered":"\n<p><strong>Tavat 1 A ja 2<\/strong><\/p>\n\n\n\n<p>Kun ilmoittautumisen kohde on luotu tavoilla 1 A tai 2, tulee seuraavaksi asettaa kiinti\u00f6ryhm\u00e4tieto kohteelle. (Ilmoittautumisen kohteen luomisen tavan 1 B osalta kiinti\u00f6ryhm\u00e4tiedot on asetettu jo ilmoittautumisen kohdetta luotaessa, joten sit\u00e4 ei kuvata en\u00e4\u00e4.)<\/p>\n\n\n\n<p>K\u00e4ytt\u00e4j\u00e4 valitsee kohteen v\u00e4lilehden <strong>Kiinti\u00f6ryhm\u00e4t<\/strong> alta kiinti\u00f6ryhm\u00e4n, jota kohteen halutaan edustavan (kuvio 1 ja 2). Ilmoittautumisen kohteella voi olla vain yksi kiinti\u00f6ryhm\u00e4. Vasta kun kohteelle on asetettu kiinti\u00f6ryhm\u00e4, ilmestyy&nbsp;kohde siihen liitettyjen toteutusten Kiinti\u00f6ryhm\u00e4t-v\u00e4lilehdelle ja paikat lukittuvat.<\/p>\n\n\n\n<figure class=\"wp-block-image size-full\"><img loading=\"lazy\" decoding=\"async\" width=\"475\" height=\"307\" src=\"https:\/\/help.jamk.fi\/peppi-ohjeet-henkilokunnalle\/wp-content\/uploads\/sites\/131\/2024\/09\/Kiintioryhman-luominen-ilmoittautumisen-kohteella.png\" alt=\"Kiinti\u00f6ryhm\u00e4n luominen ilmoittautumisen kohteella\" class=\"wp-image-7032\" srcset=\"https:\/\/help.jamk.fi\/peppi-ohjeet-henkilokunnalle\/wp-content\/uploads\/sites\/131\/2024\/09\/Kiintioryhman-luominen-ilmoittautumisen-kohteella.png 475w, https:\/\/help.jamk.fi\/peppi-ohjeet-henkilokunnalle\/wp-content\/uploads\/sites\/131\/2024\/09\/Kiintioryhman-luominen-ilmoittautumisen-kohteella-300x194.png 300w\" sizes=\"auto, (max-width: 475px) 100vw, 475px\" \/><figcaption class=\"wp-element-caption\">Kuvio 1. Kiinti\u00f6ryhm\u00e4n luominen ilmoittautumisen kohteella<\/figcaption><\/figure>\n\n\n\n<figure class=\"wp-block-image size-full\"><img loading=\"lazy\" decoding=\"async\" width=\"342\" height=\"189\" src=\"https:\/\/help.jamk.fi\/peppi-ohjeet-henkilokunnalle\/wp-content\/uploads\/sites\/131\/2024\/09\/Kiintioryhman-lisaaminen.png\" alt=\"Kiinti\u00f6ryhm\u00e4n lis\u00e4\u00e4minen\" class=\"wp-image-7033\" srcset=\"https:\/\/help.jamk.fi\/peppi-ohjeet-henkilokunnalle\/wp-content\/uploads\/sites\/131\/2024\/09\/Kiintioryhman-lisaaminen.png 342w, https:\/\/help.jamk.fi\/peppi-ohjeet-henkilokunnalle\/wp-content\/uploads\/sites\/131\/2024\/09\/Kiintioryhman-lisaaminen-300x166.png 300w\" sizes=\"auto, (max-width: 342px) 100vw, 342px\" \/><figcaption class=\"wp-element-caption\">Kuvio 2. Kiinti\u00f6ryhm\u00e4n lis\u00e4\u00e4minen<\/figcaption><\/figure>\n\n\n\n<p>Min-arvolla ei ole mit\u00e4\u00e4n teknist\u00e4 merkityst\u00e4. Siihen kannattaa laittaa arvo 0. Kohteiden kiinti\u00f6it\u00e4 voi muokata j\u00e4lkik\u00e4teen my\u00f6s massamuokkauksella niiden kohteiden osalta, joissa on sama kiinti\u00f6.<\/p>\n\n\n\n<p><strong>Huom. Mik\u00e4li k\u00e4ytt\u00e4j\u00e4 on asettanut vahingossa v\u00e4\u00e4r\u00e4n kiinti\u00f6ryhm\u00e4n ja kohteella on jo ilmoittautuneita, voi kiinti\u00f6ryhm\u00e4\u00e4 vaihtaa poistamalla sen ja asettamalla uuden.<\/strong><\/p>\n","protected":false},"excerpt":{"rendered":"<p>Tavat 1 A ja 2 Kun ilmoittautumisen kohde on luotu tavoilla 1 A tai 2, tulee seuraavaksi asettaa kiinti\u00f6ryhm\u00e4tieto kohteelle. (Ilmoittautumisen kohteen luomisen tavan 1 B osalta kiinti\u00f6ryhm\u00e4tiedot on asetettu jo ilmoittautumisen kohdetta luotaessa, joten sit\u00e4 ei kuvata en\u00e4\u00e4.) K\u00e4ytt\u00e4j\u00e4 valitsee kohteen v\u00e4lilehden Kiinti\u00f6ryhm\u00e4t alta kiinti\u00f6ryhm\u00e4n, jota kohteen halutaan edustavan (kuvio 1 ja 2). Ilmoittautumisen [&hellip;]<\/p>\n","protected":false},"author":79,"featured_media":0,"parent":7203,"menu_order":4,"comment_status":"closed","ping_status":"closed","template":"","meta":{"_acf_changed":false,"_relevanssi_hide_post":"","_relevanssi_hide_content":"","_relevanssi_pin_for_all":"","_relevanssi_pin_keywords":"","_relevanssi_unpin_keywords":"","_relevanssi_related_keywords":"","_relevanssi_related_include_ids":"","_relevanssi_related_exclude_ids":"","_relevanssi_related_no_append":"","_relevanssi_related_not_related":"","_relevanssi_related_posts":"","_relevanssi_noindex_reason":"","footnotes":""},"categories":[],"tags":[184,182],"class_list":["post-7027","page","type-page","status-publish","hentry","tag-ilmoittautumisen-kohde","tag-kiintioryhmat"],"acf":[],"yoast_head":"<!-- This site is optimized with the Yoast SEO plugin v27.3 - https:\/\/yoast.com\/product\/yoast-seo-wordpress\/ -->\n<title>Ilmoittautumisen kohteen kiinti\u00f6ryhm\u00e4n asettaminen - Peppi-ohjeet henkil\u00f6kunnalle<\/title>\n<meta name=\"robots\" content=\"index, follow, max-snippet:-1, max-image-preview:large, max-video-preview:-1\" \/>\n<link rel=\"canonical\" href=\"https:\/\/help.jamk.fi\/peppi-ohjeet-henkilokunnalle\/fi\/maksullinen-koulutus\/koulutuksen-suunnittelu-suunnittelijan-tyopoyta\/ilmoittautumisen-kohteen-kiintioryhman-asettaminen\/\" \/>\n<meta property=\"og:locale\" content=\"fi_FI\" \/>\n<meta property=\"og:type\" content=\"article\" \/>\n<meta property=\"og:title\" content=\"Ilmoittautumisen kohteen kiinti\u00f6ryhm\u00e4n asettaminen - Peppi-ohjeet henkil\u00f6kunnalle\" \/>\n<meta property=\"og:description\" content=\"Tavat 1 A ja 2 Kun ilmoittautumisen kohde on luotu tavoilla 1 A tai 2, tulee seuraavaksi asettaa kiinti\u00f6ryhm\u00e4tieto kohteelle. (Ilmoittautumisen kohteen luomisen tavan 1 B osalta kiinti\u00f6ryhm\u00e4tiedot on asetettu jo ilmoittautumisen kohdetta luotaessa, joten sit\u00e4 ei kuvata en\u00e4\u00e4.) K\u00e4ytt\u00e4j\u00e4 valitsee kohteen v\u00e4lilehden Kiinti\u00f6ryhm\u00e4t alta kiinti\u00f6ryhm\u00e4n, jota kohteen halutaan edustavan (kuvio 1 ja 2). Ilmoittautumisen [&hellip;]\" \/>\n<meta property=\"og:url\" content=\"https:\/\/help.jamk.fi\/peppi-ohjeet-henkilokunnalle\/fi\/maksullinen-koulutus\/koulutuksen-suunnittelu-suunnittelijan-tyopoyta\/ilmoittautumisen-kohteen-kiintioryhman-asettaminen\/\" \/>\n<meta property=\"og:site_name\" content=\"Peppi-ohjeet henkil\u00f6kunnalle\" \/>\n<meta property=\"article:modified_time\" content=\"2025-05-26T06:43:46+00:00\" \/>\n<meta property=\"og:image\" content=\"https:\/\/help.jamk.fi\/peppi-ohjeet-henkilokunnalle\/wp-content\/uploads\/sites\/131\/2024\/09\/Kiintioryhman-luominen-ilmoittautumisen-kohteella.png\" \/>\n\t<meta property=\"og:image:width\" content=\"475\" \/>\n\t<meta property=\"og:image:height\" content=\"307\" \/>\n\t<meta property=\"og:image:type\" content=\"image\/png\" \/>\n<meta name=\"twitter:card\" content=\"summary_large_image\" \/>\n<meta name=\"twitter:label1\" content=\"Arvioitu lukuaika\" \/>\n\t<meta name=\"twitter:data1\" content=\"2 minuuttia\" \/>\n<script type=\"application\/ld+json\" class=\"yoast-schema-graph\">{\"@context\":\"https:\\\/\\\/schema.org\",\"@graph\":[{\"@type\":\"WebPage\",\"@id\":\"https:\\\/\\\/help.jamk.fi\\\/peppi-ohjeet-henkilokunnalle\\\/fi\\\/maksullinen-koulutus\\\/koulutuksen-suunnittelu-suunnittelijan-tyopoyta\\\/ilmoittautumisen-kohteen-kiintioryhman-asettaminen\\\/\",\"url\":\"https:\\\/\\\/help.jamk.fi\\\/peppi-ohjeet-henkilokunnalle\\\/fi\\\/maksullinen-koulutus\\\/koulutuksen-suunnittelu-suunnittelijan-tyopoyta\\\/ilmoittautumisen-kohteen-kiintioryhman-asettaminen\\\/\",\"name\":\"Ilmoittautumisen kohteen kiinti\u00f6ryhm\u00e4n asettaminen - Peppi-ohjeet henkil\u00f6kunnalle\",\"isPartOf\":{\"@id\":\"https:\\\/\\\/help.jamk.fi\\\/peppi-ohjeet-henkilokunnalle\\\/#website\"},\"primaryImageOfPage\":{\"@id\":\"https:\\\/\\\/help.jamk.fi\\\/peppi-ohjeet-henkilokunnalle\\\/fi\\\/maksullinen-koulutus\\\/koulutuksen-suunnittelu-suunnittelijan-tyopoyta\\\/ilmoittautumisen-kohteen-kiintioryhman-asettaminen\\\/#primaryimage\"},\"image\":{\"@id\":\"https:\\\/\\\/help.jamk.fi\\\/peppi-ohjeet-henkilokunnalle\\\/fi\\\/maksullinen-koulutus\\\/koulutuksen-suunnittelu-suunnittelijan-tyopoyta\\\/ilmoittautumisen-kohteen-kiintioryhman-asettaminen\\\/#primaryimage\"},\"thumbnailUrl\":\"https:\\\/\\\/help.jamk.fi\\\/peppi-ohjeet-henkilokunnalle\\\/wp-content\\\/uploads\\\/sites\\\/131\\\/2024\\\/09\\\/Kiintioryhman-luominen-ilmoittautumisen-kohteella.png\",\"datePublished\":\"2024-09-16T07:38:53+00:00\",\"dateModified\":\"2025-05-26T06:43:46+00:00\",\"breadcrumb\":{\"@id\":\"https:\\\/\\\/help.jamk.fi\\\/peppi-ohjeet-henkilokunnalle\\\/fi\\\/maksullinen-koulutus\\\/koulutuksen-suunnittelu-suunnittelijan-tyopoyta\\\/ilmoittautumisen-kohteen-kiintioryhman-asettaminen\\\/#breadcrumb\"},\"inLanguage\":\"fi\",\"potentialAction\":[{\"@type\":\"ReadAction\",\"target\":[\"https:\\\/\\\/help.jamk.fi\\\/peppi-ohjeet-henkilokunnalle\\\/fi\\\/maksullinen-koulutus\\\/koulutuksen-suunnittelu-suunnittelijan-tyopoyta\\\/ilmoittautumisen-kohteen-kiintioryhman-asettaminen\\\/\"]}]},{\"@type\":\"ImageObject\",\"inLanguage\":\"fi\",\"@id\":\"https:\\\/\\\/help.jamk.fi\\\/peppi-ohjeet-henkilokunnalle\\\/fi\\\/maksullinen-koulutus\\\/koulutuksen-suunnittelu-suunnittelijan-tyopoyta\\\/ilmoittautumisen-kohteen-kiintioryhman-asettaminen\\\/#primaryimage\",\"url\":\"https:\\\/\\\/help.jamk.fi\\\/peppi-ohjeet-henkilokunnalle\\\/wp-content\\\/uploads\\\/sites\\\/131\\\/2024\\\/09\\\/Kiintioryhman-luominen-ilmoittautumisen-kohteella.png\",\"contentUrl\":\"https:\\\/\\\/help.jamk.fi\\\/peppi-ohjeet-henkilokunnalle\\\/wp-content\\\/uploads\\\/sites\\\/131\\\/2024\\\/09\\\/Kiintioryhman-luominen-ilmoittautumisen-kohteella.png\",\"width\":475,\"height\":307,\"caption\":\"Kuvio 1. Kiinti\u00f6ryhm\u00e4n luominen ilmoittautumisen kohteella\"},{\"@type\":\"BreadcrumbList\",\"@id\":\"https:\\\/\\\/help.jamk.fi\\\/peppi-ohjeet-henkilokunnalle\\\/fi\\\/maksullinen-koulutus\\\/koulutuksen-suunnittelu-suunnittelijan-tyopoyta\\\/ilmoittautumisen-kohteen-kiintioryhman-asettaminen\\\/#breadcrumb\",\"itemListElement\":[{\"@type\":\"ListItem\",\"position\":1,\"name\":\"Home\",\"item\":\"https:\\\/\\\/help.jamk.fi\\\/peppi-ohjeet-henkilokunnalle\\\/en\\\/\"},{\"@type\":\"ListItem\",\"position\":2,\"name\":\"Maksullinen koulutus\",\"item\":\"https:\\\/\\\/help.jamk.fi\\\/peppi-ohjeet-henkilokunnalle\\\/fi\\\/maksullinen-koulutus\\\/\"},{\"@type\":\"ListItem\",\"position\":3,\"name\":\"Koulutuksen suunnittelu &#8211; suunnittelijan ty\u00f6p\u00f6yt\u00e4\",\"item\":\"https:\\\/\\\/help.jamk.fi\\\/peppi-ohjeet-henkilokunnalle\\\/fi\\\/maksullinen-koulutus\\\/koulutuksen-suunnittelu-suunnittelijan-tyopoyta\\\/\"},{\"@type\":\"ListItem\",\"position\":4,\"name\":\"Ilmoittautumisen kohteen kiinti\u00f6ryhm\u00e4n asettaminen\"}]},{\"@type\":\"WebSite\",\"@id\":\"https:\\\/\\\/help.jamk.fi\\\/peppi-ohjeet-henkilokunnalle\\\/#website\",\"url\":\"https:\\\/\\\/help.jamk.fi\\\/peppi-ohjeet-henkilokunnalle\\\/\",\"name\":\"Peppi-ohjeet henkil\u00f6kunnalle\",\"description\":\"\",\"potentialAction\":[{\"@type\":\"SearchAction\",\"target\":{\"@type\":\"EntryPoint\",\"urlTemplate\":\"https:\\\/\\\/help.jamk.fi\\\/peppi-ohjeet-henkilokunnalle\\\/?s={search_term_string}\"},\"query-input\":{\"@type\":\"PropertyValueSpecification\",\"valueRequired\":true,\"valueName\":\"search_term_string\"}}],\"inLanguage\":\"fi\"}]}<\/script>\n<!-- \/ Yoast SEO plugin. -->","yoast_head_json":{"title":"Ilmoittautumisen kohteen kiinti\u00f6ryhm\u00e4n asettaminen - Peppi-ohjeet henkil\u00f6kunnalle","robots":{"index":"index","follow":"follow","max-snippet":"max-snippet:-1","max-image-preview":"max-image-preview:large","max-video-preview":"max-video-preview:-1"},"canonical":"https:\/\/help.jamk.fi\/peppi-ohjeet-henkilokunnalle\/fi\/maksullinen-koulutus\/koulutuksen-suunnittelu-suunnittelijan-tyopoyta\/ilmoittautumisen-kohteen-kiintioryhman-asettaminen\/","og_locale":"fi_FI","og_type":"article","og_title":"Ilmoittautumisen kohteen kiinti\u00f6ryhm\u00e4n asettaminen - Peppi-ohjeet henkil\u00f6kunnalle","og_description":"Tavat 1 A ja 2 Kun ilmoittautumisen kohde on luotu tavoilla 1 A tai 2, tulee seuraavaksi asettaa kiinti\u00f6ryhm\u00e4tieto kohteelle. (Ilmoittautumisen kohteen luomisen tavan 1 B osalta kiinti\u00f6ryhm\u00e4tiedot on asetettu jo ilmoittautumisen kohdetta luotaessa, joten sit\u00e4 ei kuvata en\u00e4\u00e4.) K\u00e4ytt\u00e4j\u00e4 valitsee kohteen v\u00e4lilehden Kiinti\u00f6ryhm\u00e4t alta kiinti\u00f6ryhm\u00e4n, jota kohteen halutaan edustavan (kuvio 1 ja 2). Ilmoittautumisen [&hellip;]","og_url":"https:\/\/help.jamk.fi\/peppi-ohjeet-henkilokunnalle\/fi\/maksullinen-koulutus\/koulutuksen-suunnittelu-suunnittelijan-tyopoyta\/ilmoittautumisen-kohteen-kiintioryhman-asettaminen\/","og_site_name":"Peppi-ohjeet henkil\u00f6kunnalle","article_modified_time":"2025-05-26T06:43:46+00:00","og_image":[{"width":475,"height":307,"url":"https:\/\/help.jamk.fi\/peppi-ohjeet-henkilokunnalle\/wp-content\/uploads\/sites\/131\/2024\/09\/Kiintioryhman-luominen-ilmoittautumisen-kohteella.png","type":"image\/png"}],"twitter_card":"summary_large_image","twitter_misc":{"Arvioitu lukuaika":"2 minuuttia"},"schema":{"@context":"https:\/\/schema.org","@graph":[{"@type":"WebPage","@id":"https:\/\/help.jamk.fi\/peppi-ohjeet-henkilokunnalle\/fi\/maksullinen-koulutus\/koulutuksen-suunnittelu-suunnittelijan-tyopoyta\/ilmoittautumisen-kohteen-kiintioryhman-asettaminen\/","url":"https:\/\/help.jamk.fi\/peppi-ohjeet-henkilokunnalle\/fi\/maksullinen-koulutus\/koulutuksen-suunnittelu-suunnittelijan-tyopoyta\/ilmoittautumisen-kohteen-kiintioryhman-asettaminen\/","name":"Ilmoittautumisen kohteen kiinti\u00f6ryhm\u00e4n asettaminen - Peppi-ohjeet henkil\u00f6kunnalle","isPartOf":{"@id":"https:\/\/help.jamk.fi\/peppi-ohjeet-henkilokunnalle\/#website"},"primaryImageOfPage":{"@id":"https:\/\/help.jamk.fi\/peppi-ohjeet-henkilokunnalle\/fi\/maksullinen-koulutus\/koulutuksen-suunnittelu-suunnittelijan-tyopoyta\/ilmoittautumisen-kohteen-kiintioryhman-asettaminen\/#primaryimage"},"image":{"@id":"https:\/\/help.jamk.fi\/peppi-ohjeet-henkilokunnalle\/fi\/maksullinen-koulutus\/koulutuksen-suunnittelu-suunnittelijan-tyopoyta\/ilmoittautumisen-kohteen-kiintioryhman-asettaminen\/#primaryimage"},"thumbnailUrl":"https:\/\/help.jamk.fi\/peppi-ohjeet-henkilokunnalle\/wp-content\/uploads\/sites\/131\/2024\/09\/Kiintioryhman-luominen-ilmoittautumisen-kohteella.png","datePublished":"2024-09-16T07:38:53+00:00","dateModified":"2025-05-26T06:43:46+00:00","breadcrumb":{"@id":"https:\/\/help.jamk.fi\/peppi-ohjeet-henkilokunnalle\/fi\/maksullinen-koulutus\/koulutuksen-suunnittelu-suunnittelijan-tyopoyta\/ilmoittautumisen-kohteen-kiintioryhman-asettaminen\/#breadcrumb"},"inLanguage":"fi","potentialAction":[{"@type":"ReadAction","target":["https:\/\/help.jamk.fi\/peppi-ohjeet-henkilokunnalle\/fi\/maksullinen-koulutus\/koulutuksen-suunnittelu-suunnittelijan-tyopoyta\/ilmoittautumisen-kohteen-kiintioryhman-asettaminen\/"]}]},{"@type":"ImageObject","inLanguage":"fi","@id":"https:\/\/help.jamk.fi\/peppi-ohjeet-henkilokunnalle\/fi\/maksullinen-koulutus\/koulutuksen-suunnittelu-suunnittelijan-tyopoyta\/ilmoittautumisen-kohteen-kiintioryhman-asettaminen\/#primaryimage","url":"https:\/\/help.jamk.fi\/peppi-ohjeet-henkilokunnalle\/wp-content\/uploads\/sites\/131\/2024\/09\/Kiintioryhman-luominen-ilmoittautumisen-kohteella.png","contentUrl":"https:\/\/help.jamk.fi\/peppi-ohjeet-henkilokunnalle\/wp-content\/uploads\/sites\/131\/2024\/09\/Kiintioryhman-luominen-ilmoittautumisen-kohteella.png","width":475,"height":307,"caption":"Kuvio 1. Kiinti\u00f6ryhm\u00e4n luominen ilmoittautumisen kohteella"},{"@type":"BreadcrumbList","@id":"https:\/\/help.jamk.fi\/peppi-ohjeet-henkilokunnalle\/fi\/maksullinen-koulutus\/koulutuksen-suunnittelu-suunnittelijan-tyopoyta\/ilmoittautumisen-kohteen-kiintioryhman-asettaminen\/#breadcrumb","itemListElement":[{"@type":"ListItem","position":1,"name":"Home","item":"https:\/\/help.jamk.fi\/peppi-ohjeet-henkilokunnalle\/en\/"},{"@type":"ListItem","position":2,"name":"Maksullinen koulutus","item":"https:\/\/help.jamk.fi\/peppi-ohjeet-henkilokunnalle\/fi\/maksullinen-koulutus\/"},{"@type":"ListItem","position":3,"name":"Koulutuksen suunnittelu &#8211; suunnittelijan ty\u00f6p\u00f6yt\u00e4","item":"https:\/\/help.jamk.fi\/peppi-ohjeet-henkilokunnalle\/fi\/maksullinen-koulutus\/koulutuksen-suunnittelu-suunnittelijan-tyopoyta\/"},{"@type":"ListItem","position":4,"name":"Ilmoittautumisen kohteen kiinti\u00f6ryhm\u00e4n asettaminen"}]},{"@type":"WebSite","@id":"https:\/\/help.jamk.fi\/peppi-ohjeet-henkilokunnalle\/#website","url":"https:\/\/help.jamk.fi\/peppi-ohjeet-henkilokunnalle\/","name":"Peppi-ohjeet henkil\u00f6kunnalle","description":"","potentialAction":[{"@type":"SearchAction","target":{"@type":"EntryPoint","urlTemplate":"https:\/\/help.jamk.fi\/peppi-ohjeet-henkilokunnalle\/?s={search_term_string}"},"query-input":{"@type":"PropertyValueSpecification","valueRequired":true,"valueName":"search_term_string"}}],"inLanguage":"fi"}]}},"_links":{"self":[{"href":"https:\/\/help.jamk.fi\/peppi-ohjeet-henkilokunnalle\/wp-json\/wp\/v2\/pages\/7027","targetHints":{"allow":["GET"]}}],"collection":[{"href":"https:\/\/help.jamk.fi\/peppi-ohjeet-henkilokunnalle\/wp-json\/wp\/v2\/pages"}],"about":[{"href":"https:\/\/help.jamk.fi\/peppi-ohjeet-henkilokunnalle\/wp-json\/wp\/v2\/types\/page"}],"author":[{"embeddable":true,"href":"https:\/\/help.jamk.fi\/peppi-ohjeet-henkilokunnalle\/wp-json\/wp\/v2\/users\/79"}],"replies":[{"embeddable":true,"href":"https:\/\/help.jamk.fi\/peppi-ohjeet-henkilokunnalle\/wp-json\/wp\/v2\/comments?post=7027"}],"version-history":[{"count":2,"href":"https:\/\/help.jamk.fi\/peppi-ohjeet-henkilokunnalle\/wp-json\/wp\/v2\/pages\/7027\/revisions"}],"predecessor-version":[{"id":7459,"href":"https:\/\/help.jamk.fi\/peppi-ohjeet-henkilokunnalle\/wp-json\/wp\/v2\/pages\/7027\/revisions\/7459"}],"up":[{"embeddable":true,"href":"https:\/\/help.jamk.fi\/peppi-ohjeet-henkilokunnalle\/wp-json\/wp\/v2\/pages\/7203"}],"wp:attachment":[{"href":"https:\/\/help.jamk.fi\/peppi-ohjeet-henkilokunnalle\/wp-json\/wp\/v2\/media?parent=7027"}],"wp:term":[{"taxonomy":"category","embeddable":true,"href":"https:\/\/help.jamk.fi\/peppi-ohjeet-henkilokunnalle\/wp-json\/wp\/v2\/categories?post=7027"},{"taxonomy":"post_tag","embeddable":true,"href":"https:\/\/help.jamk.fi\/peppi-ohjeet-henkilokunnalle\/wp-json\/wp\/v2\/tags?post=7027"}],"curies":[{"name":"wp","href":"https:\/\/api.w.org\/{rel}","templated":true}]}}