{"id":7036,"date":"2024-09-16T11:10:33","date_gmt":"2024-09-16T08:10:33","guid":{"rendered":"https:\/\/help.jamk.fi\/peppi-ohjeet-henkilokunnalle\/?page_id=7036"},"modified":"2024-11-14T08:42:12","modified_gmt":"2024-11-14T06:42:12","slug":"myynnin-kirjanpitotunnisteet-ilmoittautumisen-kohteelle","status":"publish","type":"page","link":"https:\/\/help.jamk.fi\/peppi-ohjeet-henkilokunnalle\/fi\/maksullinen-koulutus\/koulutuksen-suunnittelu-suunnittelijan-tyopoyta\/myynnin-kirjanpitotunnisteet-ilmoittautumisen-kohteelle\/","title":{"rendered":"Myynnin kirjanpitotunnisteet ilmoittautumisen kohteelle"},"content":{"rendered":"\n<p>Terminologiaa: K\u00e4yt\u00e4mme t\u00e4ss\u00e4 ohjeistuksessa kirjanpidon laskentatunnisteista my\u00f6s nimityst\u00e4 Myyntitilit, koska kysymyksess\u00e4 on myynnin tulotilit.<\/p>\n\n\n\n<p>T\u00e4ss\u00e4 on kuvaus siit\u00e4, miss\u00e4 kaikkialla luodaan ilmoittautumisen kohteita:<\/p>\n\n\n\n<ol class=\"wp-block-list\">\n<li>Ilmoittautumisen kohteiden luominen valituista toteutuksista<\/li>\n\n\n\n<li>Laskentatunnisteiden lis\u00e4\u00e4minen massamuokkauksella ilmoittautumisen kohteille<\/li>\n\n\n\n<li>Luodaan valituista toteutuksista yksi ilmoittautumisen kohde<\/li>\n\n\n\n<li>Tehd\u00e4\u00e4n uusi, yksitt\u00e4inen ilmoittautumisen kohde ja lis\u00e4t\u00e4\u00e4n siihen laskentatunnisteet.<\/li>\n<\/ol>\n\n\n<div id=\"info-lift-block_56a2d8e2cd4de1a784ec18feb5a1b80d\" class=\"block-info-lift block-info-lift\">\n  <div class=\"row\">\n    <div class=\"col-12\">\n              <div class=\"block-info-lift__content\">\n          <div class=\"block-info-lift__content__icon\">\n            <span>!<\/span>\n          <\/div>\n          <p class=\"block-info-lift__content__text\">Teitp\u00e4 ilmoittautumisen kohteen mill\u00e4 tavalla tahansa, sinun on t\u00e4ytett\u00e4v\u00e4 aina kaikki myyntitilitiedot kohteelle, kun on kyse maksullisesta kohteesta.<\/p>\n        <\/div>\n          <\/div>\n  <\/div>\n<\/div>\n\n\n<p><\/p>\n\n\n\n<h2 class=\"wp-block-heading\">1. Ilmoittautumisen kohteiden luominen valituista toteutuksista<\/h2>\n\n\n\n<p>Huom. Kaikille uusille, t\u00e4ss\u00e4 luotaville ilmoittautumisen kohteille tulee samat laskentatunnisteet. T\u00e4hdell\u00e4 merkityt kent\u00e4t ovat  pakollisia.<\/p>\n\n\n\n<p><a href=\"https:\/\/help.jamk.fi\/peppi-ohjeet-henkilokunnalle\/fi\/maksullinen-koulutus\/ilmoittautumisen-kohteen-luominen\/\">Haetaan toteutushaussa toteutukset, joista jokaisesta tehd\u00e4\u00e4n oma ilmoittautumisen kohde (tapa 1 B)<\/a>.<\/p>\n\n\n\n<p>Ohjelma n\u00e4ytt\u00e4\u00e4 luotavat kohteet. T\u00e4ss\u00e4 yhteydess\u00e4 k\u00e4ytt\u00e4j\u00e4 voi samalla antaa luotaville kohteille laskentatunnisteet, mutta toiminto ei ole pakollinen, sill\u00e4 laskentatunnisteille arvot voidaan lis\u00e4t\u00e4 my\u00f6s my\u00f6hemmin.<\/p>\n\n\n\n<h2 class=\"wp-block-heading\">2. Laskentatunnisteiden lis\u00e4\u00e4minen massamuokkauksella ilmoittautumisen kohteille<\/h2>\n\n\n\n<p>Hae hakuehdoilla ilmoittautumisen kohteet, joille haluat laittaa massamuokkaus-toiminnolla Laskentatunnisteet (kuvio 1).<\/p>\n\n\n\n<figure class=\"wp-block-image size-large\"><img loading=\"lazy\" decoding=\"async\" width=\"1024\" height=\"171\" src=\"https:\/\/help.jamk.fi\/peppi-ohjeet-henkilokunnalle\/wp-content\/uploads\/sites\/131\/2024\/09\/Laskentatunnisteet-massamuutoksella-1024x171.png\" alt=\"Laskentatunnisteet massamuutoksella\" class=\"wp-image-7037\" srcset=\"https:\/\/help.jamk.fi\/peppi-ohjeet-henkilokunnalle\/wp-content\/uploads\/sites\/131\/2024\/09\/Laskentatunnisteet-massamuutoksella-1024x171.png 1024w, https:\/\/help.jamk.fi\/peppi-ohjeet-henkilokunnalle\/wp-content\/uploads\/sites\/131\/2024\/09\/Laskentatunnisteet-massamuutoksella-300x50.png 300w, https:\/\/help.jamk.fi\/peppi-ohjeet-henkilokunnalle\/wp-content\/uploads\/sites\/131\/2024\/09\/Laskentatunnisteet-massamuutoksella-768x128.png 768w, https:\/\/help.jamk.fi\/peppi-ohjeet-henkilokunnalle\/wp-content\/uploads\/sites\/131\/2024\/09\/Laskentatunnisteet-massamuutoksella-1536x256.png 1536w, https:\/\/help.jamk.fi\/peppi-ohjeet-henkilokunnalle\/wp-content\/uploads\/sites\/131\/2024\/09\/Laskentatunnisteet-massamuutoksella.png 1554w\" sizes=\"auto, (max-width: 1024px) 100vw, 1024px\" \/><figcaption class=\"wp-element-caption\">Kuvio 1. Laskentatunnisteet massamuutoksella<\/figcaption><\/figure>\n\n\n\n<p>Tehd\u00e4\u00e4n massamuokkaus. Jos jollain kohteista on jo aikaisemmin tallennettuna tilitiedot, ajaa t\u00e4m\u00e4 toiminto niiden p\u00e4\u00e4lle uudet arvot (kuviot 2 ja 3).<\/p>\n\n\n\n<figure class=\"wp-block-image size-large\"><img loading=\"lazy\" decoding=\"async\" width=\"1024\" height=\"203\" src=\"https:\/\/help.jamk.fi\/peppi-ohjeet-henkilokunnalle\/wp-content\/uploads\/sites\/131\/2024\/09\/Laskentatunnisteiden-massamuutosnakyma-1024x203.png\" alt=\"Laskentatunnisteiden massamuutosn\u00e4kym\u00e4\" class=\"wp-image-7038\" srcset=\"https:\/\/help.jamk.fi\/peppi-ohjeet-henkilokunnalle\/wp-content\/uploads\/sites\/131\/2024\/09\/Laskentatunnisteiden-massamuutosnakyma-1024x203.png 1024w, https:\/\/help.jamk.fi\/peppi-ohjeet-henkilokunnalle\/wp-content\/uploads\/sites\/131\/2024\/09\/Laskentatunnisteiden-massamuutosnakyma-300x59.png 300w, https:\/\/help.jamk.fi\/peppi-ohjeet-henkilokunnalle\/wp-content\/uploads\/sites\/131\/2024\/09\/Laskentatunnisteiden-massamuutosnakyma-768x152.png 768w, https:\/\/help.jamk.fi\/peppi-ohjeet-henkilokunnalle\/wp-content\/uploads\/sites\/131\/2024\/09\/Laskentatunnisteiden-massamuutosnakyma-1536x304.png 1536w, https:\/\/help.jamk.fi\/peppi-ohjeet-henkilokunnalle\/wp-content\/uploads\/sites\/131\/2024\/09\/Laskentatunnisteiden-massamuutosnakyma.png 1845w\" sizes=\"auto, (max-width: 1024px) 100vw, 1024px\" \/><figcaption class=\"wp-element-caption\">Kuvio 2. Laskentatunnisteiden massamuutosn\u00e4kym\u00e4<\/figcaption><\/figure>\n\n\n\n<figure class=\"wp-block-image size-large\"><img loading=\"lazy\" decoding=\"async\" width=\"1024\" height=\"135\" src=\"https:\/\/help.jamk.fi\/peppi-ohjeet-henkilokunnalle\/wp-content\/uploads\/sites\/131\/2024\/09\/Hyvaksy-massamuokkauksella-tehdyt-laskentatunnisteet-1024x135.png\" alt=\"Massamuokkauksella tehtyjen laskentatunnisteiden hyv\u00e4ksyminen\" class=\"wp-image-7039\" srcset=\"https:\/\/help.jamk.fi\/peppi-ohjeet-henkilokunnalle\/wp-content\/uploads\/sites\/131\/2024\/09\/Hyvaksy-massamuokkauksella-tehdyt-laskentatunnisteet-1024x135.png 1024w, https:\/\/help.jamk.fi\/peppi-ohjeet-henkilokunnalle\/wp-content\/uploads\/sites\/131\/2024\/09\/Hyvaksy-massamuokkauksella-tehdyt-laskentatunnisteet-300x40.png 300w, https:\/\/help.jamk.fi\/peppi-ohjeet-henkilokunnalle\/wp-content\/uploads\/sites\/131\/2024\/09\/Hyvaksy-massamuokkauksella-tehdyt-laskentatunnisteet-768x102.png 768w, https:\/\/help.jamk.fi\/peppi-ohjeet-henkilokunnalle\/wp-content\/uploads\/sites\/131\/2024\/09\/Hyvaksy-massamuokkauksella-tehdyt-laskentatunnisteet-1536x203.png 1536w, https:\/\/help.jamk.fi\/peppi-ohjeet-henkilokunnalle\/wp-content\/uploads\/sites\/131\/2024\/09\/Hyvaksy-massamuokkauksella-tehdyt-laskentatunnisteet.png 1663w\" sizes=\"auto, (max-width: 1024px) 100vw, 1024px\" \/><figcaption class=\"wp-element-caption\">Kuvio 3. Massamuokkauksella tehtyjen laskentatunnisteiden hyv\u00e4ksyminen<\/figcaption><\/figure>\n\n\n\n<h2 class=\"wp-block-heading\">3. Luodaan valituista toteutuksista yksi ilmoittautumisen kohde<\/h2>\n\n\n\n<p>Hae toteutushaussa joukko toteutuksia ja merkitse ne, joista teet ilmoittautumisen kohteen. Valitse <strong>Luo ilmoittautumisen kohde<\/strong>.<\/p>\n\n\n\n<p><a href=\"https:\/\/help.jamk.fi\/peppi-ohjeet-henkilokunnalle\/fi\/maksullinen-koulutus\/ilmoittautumisen-kohteen-luominen\/\">Ohje l\u00f6ytyy Ilmoittautumisen kohteen luominen -sivulta (tapa 1 A)<\/a>.<\/p>\n\n\n\n<p>Siirry t\u00e4ytt\u00e4m\u00e4\u00e4n laskentatunnisteet ja tallenna (kuvio 4).<\/p>\n\n\n\n<figure class=\"wp-block-image size-full\"><img loading=\"lazy\" decoding=\"async\" width=\"874\" height=\"870\" src=\"https:\/\/help.jamk.fi\/peppi-ohjeet-henkilokunnalle\/wp-content\/uploads\/sites\/131\/2024\/09\/Laskentatunnisteet-ilmoittautumisen-kohteen-perustiedoissa.png\" alt=\"Laskentatunnisteet ilmoittautumisen kohteen perustiedoissa\" class=\"wp-image-7040\" srcset=\"https:\/\/help.jamk.fi\/peppi-ohjeet-henkilokunnalle\/wp-content\/uploads\/sites\/131\/2024\/09\/Laskentatunnisteet-ilmoittautumisen-kohteen-perustiedoissa.png 874w, https:\/\/help.jamk.fi\/peppi-ohjeet-henkilokunnalle\/wp-content\/uploads\/sites\/131\/2024\/09\/Laskentatunnisteet-ilmoittautumisen-kohteen-perustiedoissa-300x300.png 300w, https:\/\/help.jamk.fi\/peppi-ohjeet-henkilokunnalle\/wp-content\/uploads\/sites\/131\/2024\/09\/Laskentatunnisteet-ilmoittautumisen-kohteen-perustiedoissa-150x150.png 150w, https:\/\/help.jamk.fi\/peppi-ohjeet-henkilokunnalle\/wp-content\/uploads\/sites\/131\/2024\/09\/Laskentatunnisteet-ilmoittautumisen-kohteen-perustiedoissa-768x764.png 768w, https:\/\/help.jamk.fi\/peppi-ohjeet-henkilokunnalle\/wp-content\/uploads\/sites\/131\/2024\/09\/Laskentatunnisteet-ilmoittautumisen-kohteen-perustiedoissa-100x100.png 100w\" sizes=\"auto, (max-width: 874px) 100vw, 874px\" \/><figcaption class=\"wp-element-caption\">Kuvio 4. Laskentatunnisteet ilmoittautumisen kohteen perustiedoissa<\/figcaption><\/figure>\n\n\n\n<h2 class=\"wp-block-heading\">4. Tehd\u00e4\u00e4n uusi, yksitt\u00e4inen ilmoittautumisen kohde ja lis\u00e4t\u00e4\u00e4n siihen laskentatunnisteet<\/h2>\n\n\n\n<p>Valitse valikosta toiminto Ilmoittautumisen kohde. Valitse kohteen hakuikkunassa <strong>Lis\u00e4\u00e4 uusi ilmoittautumisen kohde<\/strong>.<\/p>\n\n\n\n<p><a href=\"https:\/\/help.jamk.fi\/peppi-ohjeet-henkilokunnalle\/fi\/maksullinen-koulutus\/ilmoittautumisen-kohteen-luominen\/\">Ohje l\u00f6ytyy Ilmoittautumisen kohteen luominen -sivulta (tapa 2)<\/a>.<\/p>\n\n\n\n<p>Tallenna tiedot ohjeiden mukaisesti. Tallenna laskentatunnistekent\u00e4t (kuvio 5).<\/p>\n\n\n\n<figure class=\"wp-block-image size-full\"><img loading=\"lazy\" decoding=\"async\" width=\"874\" height=\"870\" src=\"https:\/\/help.jamk.fi\/peppi-ohjeet-henkilokunnalle\/wp-content\/uploads\/sites\/131\/2024\/09\/Laskentatunnisteet-ilmoittautumisen-kohteen-perustiedoissa.png\" alt=\"Laskentatunnisteet ilmoittautumisen kohteen perustiedoissa\" class=\"wp-image-7040\" srcset=\"https:\/\/help.jamk.fi\/peppi-ohjeet-henkilokunnalle\/wp-content\/uploads\/sites\/131\/2024\/09\/Laskentatunnisteet-ilmoittautumisen-kohteen-perustiedoissa.png 874w, https:\/\/help.jamk.fi\/peppi-ohjeet-henkilokunnalle\/wp-content\/uploads\/sites\/131\/2024\/09\/Laskentatunnisteet-ilmoittautumisen-kohteen-perustiedoissa-300x300.png 300w, https:\/\/help.jamk.fi\/peppi-ohjeet-henkilokunnalle\/wp-content\/uploads\/sites\/131\/2024\/09\/Laskentatunnisteet-ilmoittautumisen-kohteen-perustiedoissa-150x150.png 150w, https:\/\/help.jamk.fi\/peppi-ohjeet-henkilokunnalle\/wp-content\/uploads\/sites\/131\/2024\/09\/Laskentatunnisteet-ilmoittautumisen-kohteen-perustiedoissa-768x764.png 768w, https:\/\/help.jamk.fi\/peppi-ohjeet-henkilokunnalle\/wp-content\/uploads\/sites\/131\/2024\/09\/Laskentatunnisteet-ilmoittautumisen-kohteen-perustiedoissa-100x100.png 100w\" sizes=\"auto, (max-width: 874px) 100vw, 874px\" \/><figcaption class=\"wp-element-caption\">Kuvio 5. Laskentatunnisteet ilmoittautumisen kohteen perustiedoissa<\/figcaption><\/figure>\n","protected":false},"excerpt":{"rendered":"<p>Terminologiaa: K\u00e4yt\u00e4mme t\u00e4ss\u00e4 ohjeistuksessa kirjanpidon laskentatunnisteista my\u00f6s nimityst\u00e4 Myyntitilit, koska kysymyksess\u00e4 on myynnin tulotilit. T\u00e4ss\u00e4 on kuvaus siit\u00e4, miss\u00e4 kaikkialla luodaan ilmoittautumisen kohteita: 1. Ilmoittautumisen kohteiden luominen valituista toteutuksista Huom. Kaikille uusille, t\u00e4ss\u00e4 luotaville ilmoittautumisen kohteille tulee samat laskentatunnisteet. T\u00e4hdell\u00e4 merkityt kent\u00e4t ovat pakollisia. Haetaan toteutushaussa toteutukset, joista jokaisesta tehd\u00e4\u00e4n oma ilmoittautumisen kohde (tapa 1 [&hellip;]<\/p>\n","protected":false},"author":79,"featured_media":0,"parent":7203,"menu_order":5,"comment_status":"closed","ping_status":"closed","template":"","meta":{"_acf_changed":false,"_relevanssi_hide_post":"","_relevanssi_hide_content":"","_relevanssi_pin_for_all":"","_relevanssi_pin_keywords":"","_relevanssi_unpin_keywords":"","_relevanssi_related_keywords":"","_relevanssi_related_include_ids":"","_relevanssi_related_exclude_ids":"","_relevanssi_related_no_append":"","_relevanssi_related_not_related":"","_relevanssi_related_posts":"","_relevanssi_noindex_reason":"","footnotes":""},"categories":[],"tags":[188,190,186],"class_list":["post-7036","page","type-page","status-publish","hentry","tag-kirjanpitotunnisteet","tag-laskentatunnisteet","tag-myyntitilit"],"acf":[],"yoast_head":"<!-- This site is optimized with the Yoast SEO plugin v27.3 - https:\/\/yoast.com\/product\/yoast-seo-wordpress\/ -->\n<title>Myynnin kirjanpitotunnisteet ilmoittautumisen kohteelle - Peppi-ohjeet henkil\u00f6kunnalle<\/title>\n<meta name=\"robots\" content=\"index, follow, max-snippet:-1, max-image-preview:large, max-video-preview:-1\" \/>\n<link rel=\"canonical\" href=\"https:\/\/help.jamk.fi\/peppi-ohjeet-henkilokunnalle\/fi\/maksullinen-koulutus\/koulutuksen-suunnittelu-suunnittelijan-tyopoyta\/myynnin-kirjanpitotunnisteet-ilmoittautumisen-kohteelle\/\" \/>\n<meta property=\"og:locale\" content=\"fi_FI\" \/>\n<meta property=\"og:type\" content=\"article\" \/>\n<meta property=\"og:title\" content=\"Myynnin kirjanpitotunnisteet ilmoittautumisen kohteelle - Peppi-ohjeet henkil\u00f6kunnalle\" \/>\n<meta property=\"og:description\" content=\"Terminologiaa: K\u00e4yt\u00e4mme t\u00e4ss\u00e4 ohjeistuksessa kirjanpidon laskentatunnisteista my\u00f6s nimityst\u00e4 Myyntitilit, koska kysymyksess\u00e4 on myynnin tulotilit. T\u00e4ss\u00e4 on kuvaus siit\u00e4, miss\u00e4 kaikkialla luodaan ilmoittautumisen kohteita: 1. Ilmoittautumisen kohteiden luominen valituista toteutuksista Huom. Kaikille uusille, t\u00e4ss\u00e4 luotaville ilmoittautumisen kohteille tulee samat laskentatunnisteet. T\u00e4hdell\u00e4 merkityt kent\u00e4t ovat pakollisia. Haetaan toteutushaussa toteutukset, joista jokaisesta tehd\u00e4\u00e4n oma ilmoittautumisen kohde (tapa 1 [&hellip;]\" \/>\n<meta property=\"og:url\" content=\"https:\/\/help.jamk.fi\/peppi-ohjeet-henkilokunnalle\/fi\/maksullinen-koulutus\/koulutuksen-suunnittelu-suunnittelijan-tyopoyta\/myynnin-kirjanpitotunnisteet-ilmoittautumisen-kohteelle\/\" \/>\n<meta property=\"og:site_name\" content=\"Peppi-ohjeet henkil\u00f6kunnalle\" \/>\n<meta property=\"article:modified_time\" content=\"2024-11-14T06:42:12+00:00\" \/>\n<meta property=\"og:image\" content=\"https:\/\/help.jamk.fi\/peppi-ohjeet-henkilokunnalle\/wp-content\/uploads\/sites\/131\/2024\/09\/Laskentatunnisteet-massamuutoksella-1024x171.png\" \/>\n<meta name=\"twitter:card\" content=\"summary_large_image\" \/>\n<meta name=\"twitter:label1\" content=\"Arvioitu lukuaika\" \/>\n\t<meta name=\"twitter:data1\" content=\"3 minuuttia\" \/>\n<script type=\"application\/ld+json\" class=\"yoast-schema-graph\">{\"@context\":\"https:\\\/\\\/schema.org\",\"@graph\":[{\"@type\":\"WebPage\",\"@id\":\"https:\\\/\\\/help.jamk.fi\\\/peppi-ohjeet-henkilokunnalle\\\/fi\\\/maksullinen-koulutus\\\/koulutuksen-suunnittelu-suunnittelijan-tyopoyta\\\/myynnin-kirjanpitotunnisteet-ilmoittautumisen-kohteelle\\\/\",\"url\":\"https:\\\/\\\/help.jamk.fi\\\/peppi-ohjeet-henkilokunnalle\\\/fi\\\/maksullinen-koulutus\\\/koulutuksen-suunnittelu-suunnittelijan-tyopoyta\\\/myynnin-kirjanpitotunnisteet-ilmoittautumisen-kohteelle\\\/\",\"name\":\"Myynnin kirjanpitotunnisteet ilmoittautumisen kohteelle - Peppi-ohjeet henkil\u00f6kunnalle\",\"isPartOf\":{\"@id\":\"https:\\\/\\\/help.jamk.fi\\\/peppi-ohjeet-henkilokunnalle\\\/#website\"},\"primaryImageOfPage\":{\"@id\":\"https:\\\/\\\/help.jamk.fi\\\/peppi-ohjeet-henkilokunnalle\\\/fi\\\/maksullinen-koulutus\\\/koulutuksen-suunnittelu-suunnittelijan-tyopoyta\\\/myynnin-kirjanpitotunnisteet-ilmoittautumisen-kohteelle\\\/#primaryimage\"},\"image\":{\"@id\":\"https:\\\/\\\/help.jamk.fi\\\/peppi-ohjeet-henkilokunnalle\\\/fi\\\/maksullinen-koulutus\\\/koulutuksen-suunnittelu-suunnittelijan-tyopoyta\\\/myynnin-kirjanpitotunnisteet-ilmoittautumisen-kohteelle\\\/#primaryimage\"},\"thumbnailUrl\":\"https:\\\/\\\/help.jamk.fi\\\/peppi-ohjeet-henkilokunnalle\\\/wp-content\\\/uploads\\\/sites\\\/131\\\/2024\\\/09\\\/Laskentatunnisteet-massamuutoksella-1024x171.png\",\"datePublished\":\"2024-09-16T08:10:33+00:00\",\"dateModified\":\"2024-11-14T06:42:12+00:00\",\"breadcrumb\":{\"@id\":\"https:\\\/\\\/help.jamk.fi\\\/peppi-ohjeet-henkilokunnalle\\\/fi\\\/maksullinen-koulutus\\\/koulutuksen-suunnittelu-suunnittelijan-tyopoyta\\\/myynnin-kirjanpitotunnisteet-ilmoittautumisen-kohteelle\\\/#breadcrumb\"},\"inLanguage\":\"fi\",\"potentialAction\":[{\"@type\":\"ReadAction\",\"target\":[\"https:\\\/\\\/help.jamk.fi\\\/peppi-ohjeet-henkilokunnalle\\\/fi\\\/maksullinen-koulutus\\\/koulutuksen-suunnittelu-suunnittelijan-tyopoyta\\\/myynnin-kirjanpitotunnisteet-ilmoittautumisen-kohteelle\\\/\"]}]},{\"@type\":\"ImageObject\",\"inLanguage\":\"fi\",\"@id\":\"https:\\\/\\\/help.jamk.fi\\\/peppi-ohjeet-henkilokunnalle\\\/fi\\\/maksullinen-koulutus\\\/koulutuksen-suunnittelu-suunnittelijan-tyopoyta\\\/myynnin-kirjanpitotunnisteet-ilmoittautumisen-kohteelle\\\/#primaryimage\",\"url\":\"https:\\\/\\\/help.jamk.fi\\\/peppi-ohjeet-henkilokunnalle\\\/wp-content\\\/uploads\\\/sites\\\/131\\\/2024\\\/09\\\/Laskentatunnisteet-massamuutoksella.png\",\"contentUrl\":\"https:\\\/\\\/help.jamk.fi\\\/peppi-ohjeet-henkilokunnalle\\\/wp-content\\\/uploads\\\/sites\\\/131\\\/2024\\\/09\\\/Laskentatunnisteet-massamuutoksella.png\",\"width\":1554,\"height\":259,\"caption\":\"Kuvio 1. Laskentatunnisteet massamuutoksella\"},{\"@type\":\"BreadcrumbList\",\"@id\":\"https:\\\/\\\/help.jamk.fi\\\/peppi-ohjeet-henkilokunnalle\\\/fi\\\/maksullinen-koulutus\\\/koulutuksen-suunnittelu-suunnittelijan-tyopoyta\\\/myynnin-kirjanpitotunnisteet-ilmoittautumisen-kohteelle\\\/#breadcrumb\",\"itemListElement\":[{\"@type\":\"ListItem\",\"position\":1,\"name\":\"Home\",\"item\":\"https:\\\/\\\/help.jamk.fi\\\/peppi-ohjeet-henkilokunnalle\\\/en\\\/\"},{\"@type\":\"ListItem\",\"position\":2,\"name\":\"Maksullinen koulutus\",\"item\":\"https:\\\/\\\/help.jamk.fi\\\/peppi-ohjeet-henkilokunnalle\\\/fi\\\/maksullinen-koulutus\\\/\"},{\"@type\":\"ListItem\",\"position\":3,\"name\":\"Koulutuksen suunnittelu &#8211; suunnittelijan ty\u00f6p\u00f6yt\u00e4\",\"item\":\"https:\\\/\\\/help.jamk.fi\\\/peppi-ohjeet-henkilokunnalle\\\/fi\\\/maksullinen-koulutus\\\/koulutuksen-suunnittelu-suunnittelijan-tyopoyta\\\/\"},{\"@type\":\"ListItem\",\"position\":4,\"name\":\"Myynnin kirjanpitotunnisteet ilmoittautumisen kohteelle\"}]},{\"@type\":\"WebSite\",\"@id\":\"https:\\\/\\\/help.jamk.fi\\\/peppi-ohjeet-henkilokunnalle\\\/#website\",\"url\":\"https:\\\/\\\/help.jamk.fi\\\/peppi-ohjeet-henkilokunnalle\\\/\",\"name\":\"Peppi-ohjeet henkil\u00f6kunnalle\",\"description\":\"\",\"potentialAction\":[{\"@type\":\"SearchAction\",\"target\":{\"@type\":\"EntryPoint\",\"urlTemplate\":\"https:\\\/\\\/help.jamk.fi\\\/peppi-ohjeet-henkilokunnalle\\\/?s={search_term_string}\"},\"query-input\":{\"@type\":\"PropertyValueSpecification\",\"valueRequired\":true,\"valueName\":\"search_term_string\"}}],\"inLanguage\":\"fi\"}]}<\/script>\n<!-- \/ Yoast SEO plugin. -->","yoast_head_json":{"title":"Myynnin kirjanpitotunnisteet ilmoittautumisen kohteelle - Peppi-ohjeet henkil\u00f6kunnalle","robots":{"index":"index","follow":"follow","max-snippet":"max-snippet:-1","max-image-preview":"max-image-preview:large","max-video-preview":"max-video-preview:-1"},"canonical":"https:\/\/help.jamk.fi\/peppi-ohjeet-henkilokunnalle\/fi\/maksullinen-koulutus\/koulutuksen-suunnittelu-suunnittelijan-tyopoyta\/myynnin-kirjanpitotunnisteet-ilmoittautumisen-kohteelle\/","og_locale":"fi_FI","og_type":"article","og_title":"Myynnin kirjanpitotunnisteet ilmoittautumisen kohteelle - Peppi-ohjeet henkil\u00f6kunnalle","og_description":"Terminologiaa: K\u00e4yt\u00e4mme t\u00e4ss\u00e4 ohjeistuksessa kirjanpidon laskentatunnisteista my\u00f6s nimityst\u00e4 Myyntitilit, koska kysymyksess\u00e4 on myynnin tulotilit. T\u00e4ss\u00e4 on kuvaus siit\u00e4, miss\u00e4 kaikkialla luodaan ilmoittautumisen kohteita: 1. Ilmoittautumisen kohteiden luominen valituista toteutuksista Huom. Kaikille uusille, t\u00e4ss\u00e4 luotaville ilmoittautumisen kohteille tulee samat laskentatunnisteet. T\u00e4hdell\u00e4 merkityt kent\u00e4t ovat pakollisia. Haetaan toteutushaussa toteutukset, joista jokaisesta tehd\u00e4\u00e4n oma ilmoittautumisen kohde (tapa 1 [&hellip;]","og_url":"https:\/\/help.jamk.fi\/peppi-ohjeet-henkilokunnalle\/fi\/maksullinen-koulutus\/koulutuksen-suunnittelu-suunnittelijan-tyopoyta\/myynnin-kirjanpitotunnisteet-ilmoittautumisen-kohteelle\/","og_site_name":"Peppi-ohjeet henkil\u00f6kunnalle","article_modified_time":"2024-11-14T06:42:12+00:00","og_image":[{"url":"https:\/\/help.jamk.fi\/peppi-ohjeet-henkilokunnalle\/wp-content\/uploads\/sites\/131\/2024\/09\/Laskentatunnisteet-massamuutoksella-1024x171.png","type":"","width":"","height":""}],"twitter_card":"summary_large_image","twitter_misc":{"Arvioitu lukuaika":"3 minuuttia"},"schema":{"@context":"https:\/\/schema.org","@graph":[{"@type":"WebPage","@id":"https:\/\/help.jamk.fi\/peppi-ohjeet-henkilokunnalle\/fi\/maksullinen-koulutus\/koulutuksen-suunnittelu-suunnittelijan-tyopoyta\/myynnin-kirjanpitotunnisteet-ilmoittautumisen-kohteelle\/","url":"https:\/\/help.jamk.fi\/peppi-ohjeet-henkilokunnalle\/fi\/maksullinen-koulutus\/koulutuksen-suunnittelu-suunnittelijan-tyopoyta\/myynnin-kirjanpitotunnisteet-ilmoittautumisen-kohteelle\/","name":"Myynnin kirjanpitotunnisteet ilmoittautumisen kohteelle - Peppi-ohjeet henkil\u00f6kunnalle","isPartOf":{"@id":"https:\/\/help.jamk.fi\/peppi-ohjeet-henkilokunnalle\/#website"},"primaryImageOfPage":{"@id":"https:\/\/help.jamk.fi\/peppi-ohjeet-henkilokunnalle\/fi\/maksullinen-koulutus\/koulutuksen-suunnittelu-suunnittelijan-tyopoyta\/myynnin-kirjanpitotunnisteet-ilmoittautumisen-kohteelle\/#primaryimage"},"image":{"@id":"https:\/\/help.jamk.fi\/peppi-ohjeet-henkilokunnalle\/fi\/maksullinen-koulutus\/koulutuksen-suunnittelu-suunnittelijan-tyopoyta\/myynnin-kirjanpitotunnisteet-ilmoittautumisen-kohteelle\/#primaryimage"},"thumbnailUrl":"https:\/\/help.jamk.fi\/peppi-ohjeet-henkilokunnalle\/wp-content\/uploads\/sites\/131\/2024\/09\/Laskentatunnisteet-massamuutoksella-1024x171.png","datePublished":"2024-09-16T08:10:33+00:00","dateModified":"2024-11-14T06:42:12+00:00","breadcrumb":{"@id":"https:\/\/help.jamk.fi\/peppi-ohjeet-henkilokunnalle\/fi\/maksullinen-koulutus\/koulutuksen-suunnittelu-suunnittelijan-tyopoyta\/myynnin-kirjanpitotunnisteet-ilmoittautumisen-kohteelle\/#breadcrumb"},"inLanguage":"fi","potentialAction":[{"@type":"ReadAction","target":["https:\/\/help.jamk.fi\/peppi-ohjeet-henkilokunnalle\/fi\/maksullinen-koulutus\/koulutuksen-suunnittelu-suunnittelijan-tyopoyta\/myynnin-kirjanpitotunnisteet-ilmoittautumisen-kohteelle\/"]}]},{"@type":"ImageObject","inLanguage":"fi","@id":"https:\/\/help.jamk.fi\/peppi-ohjeet-henkilokunnalle\/fi\/maksullinen-koulutus\/koulutuksen-suunnittelu-suunnittelijan-tyopoyta\/myynnin-kirjanpitotunnisteet-ilmoittautumisen-kohteelle\/#primaryimage","url":"https:\/\/help.jamk.fi\/peppi-ohjeet-henkilokunnalle\/wp-content\/uploads\/sites\/131\/2024\/09\/Laskentatunnisteet-massamuutoksella.png","contentUrl":"https:\/\/help.jamk.fi\/peppi-ohjeet-henkilokunnalle\/wp-content\/uploads\/sites\/131\/2024\/09\/Laskentatunnisteet-massamuutoksella.png","width":1554,"height":259,"caption":"Kuvio 1. Laskentatunnisteet massamuutoksella"},{"@type":"BreadcrumbList","@id":"https:\/\/help.jamk.fi\/peppi-ohjeet-henkilokunnalle\/fi\/maksullinen-koulutus\/koulutuksen-suunnittelu-suunnittelijan-tyopoyta\/myynnin-kirjanpitotunnisteet-ilmoittautumisen-kohteelle\/#breadcrumb","itemListElement":[{"@type":"ListItem","position":1,"name":"Home","item":"https:\/\/help.jamk.fi\/peppi-ohjeet-henkilokunnalle\/en\/"},{"@type":"ListItem","position":2,"name":"Maksullinen koulutus","item":"https:\/\/help.jamk.fi\/peppi-ohjeet-henkilokunnalle\/fi\/maksullinen-koulutus\/"},{"@type":"ListItem","position":3,"name":"Koulutuksen suunnittelu &#8211; suunnittelijan ty\u00f6p\u00f6yt\u00e4","item":"https:\/\/help.jamk.fi\/peppi-ohjeet-henkilokunnalle\/fi\/maksullinen-koulutus\/koulutuksen-suunnittelu-suunnittelijan-tyopoyta\/"},{"@type":"ListItem","position":4,"name":"Myynnin kirjanpitotunnisteet ilmoittautumisen kohteelle"}]},{"@type":"WebSite","@id":"https:\/\/help.jamk.fi\/peppi-ohjeet-henkilokunnalle\/#website","url":"https:\/\/help.jamk.fi\/peppi-ohjeet-henkilokunnalle\/","name":"Peppi-ohjeet henkil\u00f6kunnalle","description":"","potentialAction":[{"@type":"SearchAction","target":{"@type":"EntryPoint","urlTemplate":"https:\/\/help.jamk.fi\/peppi-ohjeet-henkilokunnalle\/?s={search_term_string}"},"query-input":{"@type":"PropertyValueSpecification","valueRequired":true,"valueName":"search_term_string"}}],"inLanguage":"fi"}]}},"_links":{"self":[{"href":"https:\/\/help.jamk.fi\/peppi-ohjeet-henkilokunnalle\/wp-json\/wp\/v2\/pages\/7036","targetHints":{"allow":["GET"]}}],"collection":[{"href":"https:\/\/help.jamk.fi\/peppi-ohjeet-henkilokunnalle\/wp-json\/wp\/v2\/pages"}],"about":[{"href":"https:\/\/help.jamk.fi\/peppi-ohjeet-henkilokunnalle\/wp-json\/wp\/v2\/types\/page"}],"author":[{"embeddable":true,"href":"https:\/\/help.jamk.fi\/peppi-ohjeet-henkilokunnalle\/wp-json\/wp\/v2\/users\/79"}],"replies":[{"embeddable":true,"href":"https:\/\/help.jamk.fi\/peppi-ohjeet-henkilokunnalle\/wp-json\/wp\/v2\/comments?post=7036"}],"version-history":[{"count":2,"href":"https:\/\/help.jamk.fi\/peppi-ohjeet-henkilokunnalle\/wp-json\/wp\/v2\/pages\/7036\/revisions"}],"predecessor-version":[{"id":7368,"href":"https:\/\/help.jamk.fi\/peppi-ohjeet-henkilokunnalle\/wp-json\/wp\/v2\/pages\/7036\/revisions\/7368"}],"up":[{"embeddable":true,"href":"https:\/\/help.jamk.fi\/peppi-ohjeet-henkilokunnalle\/wp-json\/wp\/v2\/pages\/7203"}],"wp:attachment":[{"href":"https:\/\/help.jamk.fi\/peppi-ohjeet-henkilokunnalle\/wp-json\/wp\/v2\/media?parent=7036"}],"wp:term":[{"taxonomy":"category","embeddable":true,"href":"https:\/\/help.jamk.fi\/peppi-ohjeet-henkilokunnalle\/wp-json\/wp\/v2\/categories?post=7036"},{"taxonomy":"post_tag","embeddable":true,"href":"https:\/\/help.jamk.fi\/peppi-ohjeet-henkilokunnalle\/wp-json\/wp\/v2\/tags?post=7036"}],"curies":[{"name":"wp","href":"https:\/\/api.w.org\/{rel}","templated":true}]}}