{"id":7043,"date":"2024-09-16T14:41:12","date_gmt":"2024-09-16T11:41:12","guid":{"rendered":"https:\/\/help.jamk.fi\/peppi-ohjeet-henkilokunnalle\/?page_id=7043"},"modified":"2024-11-14T08:46:26","modified_gmt":"2024-11-14T06:46:26","slug":"ilmoittautumisen-kohteen-hyvaksyminen-julkaiseminen-ja-palauttaminen-luonnokseksi","status":"publish","type":"page","link":"https:\/\/help.jamk.fi\/peppi-ohjeet-henkilokunnalle\/fi\/maksullinen-koulutus\/koulutuksen-suunnittelu-suunnittelijan-tyopoyta\/ilmoittautumisen-kohteen-hyvaksyminen-julkaiseminen-ja-palauttaminen-luonnokseksi\/","title":{"rendered":"Ilmoittautumisen kohteen hyv\u00e4ksyminen, julkaiseminen ja palauttaminen luonnokseksi"},"content":{"rendered":"\n<p>Ilmoittautumisen kohde hyv\u00e4ksyt\u00e4\u00e4n, julkaistaan tai palautetaan luonnokseksi kuvan 1 mukaisessa kohdassa olevaa painiketta k\u00e4ytt\u00e4en. Kohteen voi palauttaa luonnokseksi, vaikka siell\u00e4 olisi jo ilmoittautuneita.<\/p>\n\n\n<div id=\"info-lift-block_dd3cb14eb23c56b45ab36a536b057fe6\" class=\"block-info-lift block-info-lift\">\n  <div class=\"row\">\n    <div class=\"col-12\">\n              <div class=\"block-info-lift__content\">\n          <div class=\"block-info-lift__content__icon\">\n            <span>!<\/span>\n          <\/div>\n          <p class=\"block-info-lift__content__text\">Eth\u00e4n koskaan poista ilmoittautumisen kohdetta, joka on kertaalleen jo julkaistu. Kohteen voi asettaa luonnos-tilaan ja koulutus perutaan toteutuksen kautta. Huom. kaikki ilmoittautuneet on ensin poistettava toteutukselta!<\/p>\n        <\/div>\n          <\/div>\n  <\/div>\n<\/div>\n\n\n<p>Et voi julkaista ilmoittautumisen kohdetta, mik\u00e4li jokin ilmoittautumisen kohteen toteutuksista on julkaisematta.<\/p>\n\n\n\n<figure class=\"wp-block-image size-large\"><img loading=\"lazy\" decoding=\"async\" width=\"1024\" height=\"148\" src=\"https:\/\/help.jamk.fi\/peppi-ohjeet-henkilokunnalle\/wp-content\/uploads\/sites\/131\/2024\/09\/Ilmoittautumisen-kohteen-julkaisu-1024x148.png\" alt=\"Ilmoittautumisen kohteen julkaisu\" class=\"wp-image-7044\" srcset=\"https:\/\/help.jamk.fi\/peppi-ohjeet-henkilokunnalle\/wp-content\/uploads\/sites\/131\/2024\/09\/Ilmoittautumisen-kohteen-julkaisu-1024x148.png 1024w, https:\/\/help.jamk.fi\/peppi-ohjeet-henkilokunnalle\/wp-content\/uploads\/sites\/131\/2024\/09\/Ilmoittautumisen-kohteen-julkaisu-300x43.png 300w, https:\/\/help.jamk.fi\/peppi-ohjeet-henkilokunnalle\/wp-content\/uploads\/sites\/131\/2024\/09\/Ilmoittautumisen-kohteen-julkaisu-768x111.png 768w, https:\/\/help.jamk.fi\/peppi-ohjeet-henkilokunnalle\/wp-content\/uploads\/sites\/131\/2024\/09\/Ilmoittautumisen-kohteen-julkaisu-1536x221.png 1536w, https:\/\/help.jamk.fi\/peppi-ohjeet-henkilokunnalle\/wp-content\/uploads\/sites\/131\/2024\/09\/Ilmoittautumisen-kohteen-julkaisu.png 1742w\" sizes=\"auto, (max-width: 1024px) 100vw, 1024px\" \/><figcaption class=\"wp-element-caption\">Kuvio 1. Ilmoittautumisen kohteen julkaisu<\/figcaption><\/figure>\n","protected":false},"excerpt":{"rendered":"<p>Ilmoittautumisen kohde hyv\u00e4ksyt\u00e4\u00e4n, julkaistaan tai palautetaan luonnokseksi kuvan 1 mukaisessa kohdassa olevaa painiketta k\u00e4ytt\u00e4en. Kohteen voi palauttaa luonnokseksi, vaikka siell\u00e4 olisi jo ilmoittautuneita. Et voi julkaista ilmoittautumisen kohdetta, mik\u00e4li jokin ilmoittautumisen kohteen toteutuksista on julkaisematta.<\/p>\n","protected":false},"author":79,"featured_media":0,"parent":7203,"menu_order":6,"comment_status":"closed","ping_status":"closed","template":"","meta":{"_acf_changed":false,"_relevanssi_hide_post":"","_relevanssi_hide_content":"","_relevanssi_pin_for_all":"on","_relevanssi_pin_keywords":"","_relevanssi_unpin_keywords":"","_relevanssi_related_keywords":"","_relevanssi_related_include_ids":"","_relevanssi_related_exclude_ids":"","_relevanssi_related_no_append":"","_relevanssi_related_not_related":"","_relevanssi_related_posts":"","_relevanssi_noindex_reason":"","footnotes":""},"categories":[],"tags":[184,192],"class_list":["post-7043","page","type-page","status-publish","hentry","tag-ilmoittautumisen-kohde","tag-julkaiseminen"],"acf":[],"yoast_head":"<!-- This site is optimized with the Yoast SEO plugin v27.3 - https:\/\/yoast.com\/product\/yoast-seo-wordpress\/ -->\n<title>Ilmoittautumisen kohteen hyv\u00e4ksyminen, julkaiseminen ja palauttaminen luonnokseksi - Peppi-ohjeet henkil\u00f6kunnalle<\/title>\n<meta name=\"robots\" content=\"index, follow, max-snippet:-1, max-image-preview:large, max-video-preview:-1\" \/>\n<link rel=\"canonical\" href=\"https:\/\/help.jamk.fi\/peppi-ohjeet-henkilokunnalle\/fi\/maksullinen-koulutus\/koulutuksen-suunnittelu-suunnittelijan-tyopoyta\/ilmoittautumisen-kohteen-hyvaksyminen-julkaiseminen-ja-palauttaminen-luonnokseksi\/\" \/>\n<meta property=\"og:locale\" content=\"fi_FI\" \/>\n<meta property=\"og:type\" content=\"article\" \/>\n<meta property=\"og:title\" content=\"Ilmoittautumisen kohteen hyv\u00e4ksyminen, julkaiseminen ja palauttaminen luonnokseksi - Peppi-ohjeet henkil\u00f6kunnalle\" \/>\n<meta property=\"og:description\" content=\"Ilmoittautumisen kohde hyv\u00e4ksyt\u00e4\u00e4n, julkaistaan tai palautetaan luonnokseksi kuvan 1 mukaisessa kohdassa olevaa painiketta k\u00e4ytt\u00e4en. Kohteen voi palauttaa luonnokseksi, vaikka siell\u00e4 olisi jo ilmoittautuneita. Et voi julkaista ilmoittautumisen kohdetta, mik\u00e4li jokin ilmoittautumisen kohteen toteutuksista on julkaisematta.\" \/>\n<meta property=\"og:url\" content=\"https:\/\/help.jamk.fi\/peppi-ohjeet-henkilokunnalle\/fi\/maksullinen-koulutus\/koulutuksen-suunnittelu-suunnittelijan-tyopoyta\/ilmoittautumisen-kohteen-hyvaksyminen-julkaiseminen-ja-palauttaminen-luonnokseksi\/\" \/>\n<meta property=\"og:site_name\" content=\"Peppi-ohjeet henkil\u00f6kunnalle\" \/>\n<meta property=\"article:modified_time\" content=\"2024-11-14T06:46:26+00:00\" \/>\n<meta property=\"og:image\" content=\"https:\/\/help.jamk.fi\/peppi-ohjeet-henkilokunnalle\/wp-content\/uploads\/sites\/131\/2024\/09\/Ilmoittautumisen-kohteen-julkaisu-1024x148.png\" \/>\n<meta name=\"twitter:card\" content=\"summary_large_image\" \/>\n<meta name=\"twitter:label1\" content=\"Arvioitu lukuaika\" \/>\n\t<meta name=\"twitter:data1\" content=\"1 minuutti\" \/>\n<script type=\"application\/ld+json\" class=\"yoast-schema-graph\">{\"@context\":\"https:\\\/\\\/schema.org\",\"@graph\":[{\"@type\":\"WebPage\",\"@id\":\"https:\\\/\\\/help.jamk.fi\\\/peppi-ohjeet-henkilokunnalle\\\/fi\\\/maksullinen-koulutus\\\/koulutuksen-suunnittelu-suunnittelijan-tyopoyta\\\/ilmoittautumisen-kohteen-hyvaksyminen-julkaiseminen-ja-palauttaminen-luonnokseksi\\\/\",\"url\":\"https:\\\/\\\/help.jamk.fi\\\/peppi-ohjeet-henkilokunnalle\\\/fi\\\/maksullinen-koulutus\\\/koulutuksen-suunnittelu-suunnittelijan-tyopoyta\\\/ilmoittautumisen-kohteen-hyvaksyminen-julkaiseminen-ja-palauttaminen-luonnokseksi\\\/\",\"name\":\"Ilmoittautumisen kohteen hyv\u00e4ksyminen, julkaiseminen ja palauttaminen luonnokseksi - Peppi-ohjeet henkil\u00f6kunnalle\",\"isPartOf\":{\"@id\":\"https:\\\/\\\/help.jamk.fi\\\/peppi-ohjeet-henkilokunnalle\\\/#website\"},\"primaryImageOfPage\":{\"@id\":\"https:\\\/\\\/help.jamk.fi\\\/peppi-ohjeet-henkilokunnalle\\\/fi\\\/maksullinen-koulutus\\\/koulutuksen-suunnittelu-suunnittelijan-tyopoyta\\\/ilmoittautumisen-kohteen-hyvaksyminen-julkaiseminen-ja-palauttaminen-luonnokseksi\\\/#primaryimage\"},\"image\":{\"@id\":\"https:\\\/\\\/help.jamk.fi\\\/peppi-ohjeet-henkilokunnalle\\\/fi\\\/maksullinen-koulutus\\\/koulutuksen-suunnittelu-suunnittelijan-tyopoyta\\\/ilmoittautumisen-kohteen-hyvaksyminen-julkaiseminen-ja-palauttaminen-luonnokseksi\\\/#primaryimage\"},\"thumbnailUrl\":\"https:\\\/\\\/help.jamk.fi\\\/peppi-ohjeet-henkilokunnalle\\\/wp-content\\\/uploads\\\/sites\\\/131\\\/2024\\\/09\\\/Ilmoittautumisen-kohteen-julkaisu-1024x148.png\",\"datePublished\":\"2024-09-16T11:41:12+00:00\",\"dateModified\":\"2024-11-14T06:46:26+00:00\",\"breadcrumb\":{\"@id\":\"https:\\\/\\\/help.jamk.fi\\\/peppi-ohjeet-henkilokunnalle\\\/fi\\\/maksullinen-koulutus\\\/koulutuksen-suunnittelu-suunnittelijan-tyopoyta\\\/ilmoittautumisen-kohteen-hyvaksyminen-julkaiseminen-ja-palauttaminen-luonnokseksi\\\/#breadcrumb\"},\"inLanguage\":\"fi\",\"potentialAction\":[{\"@type\":\"ReadAction\",\"target\":[\"https:\\\/\\\/help.jamk.fi\\\/peppi-ohjeet-henkilokunnalle\\\/fi\\\/maksullinen-koulutus\\\/koulutuksen-suunnittelu-suunnittelijan-tyopoyta\\\/ilmoittautumisen-kohteen-hyvaksyminen-julkaiseminen-ja-palauttaminen-luonnokseksi\\\/\"]}]},{\"@type\":\"ImageObject\",\"inLanguage\":\"fi\",\"@id\":\"https:\\\/\\\/help.jamk.fi\\\/peppi-ohjeet-henkilokunnalle\\\/fi\\\/maksullinen-koulutus\\\/koulutuksen-suunnittelu-suunnittelijan-tyopoyta\\\/ilmoittautumisen-kohteen-hyvaksyminen-julkaiseminen-ja-palauttaminen-luonnokseksi\\\/#primaryimage\",\"url\":\"https:\\\/\\\/help.jamk.fi\\\/peppi-ohjeet-henkilokunnalle\\\/wp-content\\\/uploads\\\/sites\\\/131\\\/2024\\\/09\\\/Ilmoittautumisen-kohteen-julkaisu.png\",\"contentUrl\":\"https:\\\/\\\/help.jamk.fi\\\/peppi-ohjeet-henkilokunnalle\\\/wp-content\\\/uploads\\\/sites\\\/131\\\/2024\\\/09\\\/Ilmoittautumisen-kohteen-julkaisu.png\",\"width\":1742,\"height\":251,\"caption\":\"Kuvio 1. Ilmoittautumisen kohteen julkaisu\"},{\"@type\":\"BreadcrumbList\",\"@id\":\"https:\\\/\\\/help.jamk.fi\\\/peppi-ohjeet-henkilokunnalle\\\/fi\\\/maksullinen-koulutus\\\/koulutuksen-suunnittelu-suunnittelijan-tyopoyta\\\/ilmoittautumisen-kohteen-hyvaksyminen-julkaiseminen-ja-palauttaminen-luonnokseksi\\\/#breadcrumb\",\"itemListElement\":[{\"@type\":\"ListItem\",\"position\":1,\"name\":\"Home\",\"item\":\"https:\\\/\\\/help.jamk.fi\\\/peppi-ohjeet-henkilokunnalle\\\/en\\\/\"},{\"@type\":\"ListItem\",\"position\":2,\"name\":\"Maksullinen koulutus\",\"item\":\"https:\\\/\\\/help.jamk.fi\\\/peppi-ohjeet-henkilokunnalle\\\/fi\\\/maksullinen-koulutus\\\/\"},{\"@type\":\"ListItem\",\"position\":3,\"name\":\"Koulutuksen suunnittelu &#8211; suunnittelijan ty\u00f6p\u00f6yt\u00e4\",\"item\":\"https:\\\/\\\/help.jamk.fi\\\/peppi-ohjeet-henkilokunnalle\\\/fi\\\/maksullinen-koulutus\\\/koulutuksen-suunnittelu-suunnittelijan-tyopoyta\\\/\"},{\"@type\":\"ListItem\",\"position\":4,\"name\":\"Ilmoittautumisen kohteen hyv\u00e4ksyminen, julkaiseminen ja palauttaminen luonnokseksi\"}]},{\"@type\":\"WebSite\",\"@id\":\"https:\\\/\\\/help.jamk.fi\\\/peppi-ohjeet-henkilokunnalle\\\/#website\",\"url\":\"https:\\\/\\\/help.jamk.fi\\\/peppi-ohjeet-henkilokunnalle\\\/\",\"name\":\"Peppi-ohjeet henkil\u00f6kunnalle\",\"description\":\"\",\"potentialAction\":[{\"@type\":\"SearchAction\",\"target\":{\"@type\":\"EntryPoint\",\"urlTemplate\":\"https:\\\/\\\/help.jamk.fi\\\/peppi-ohjeet-henkilokunnalle\\\/?s={search_term_string}\"},\"query-input\":{\"@type\":\"PropertyValueSpecification\",\"valueRequired\":true,\"valueName\":\"search_term_string\"}}],\"inLanguage\":\"fi\"}]}<\/script>\n<!-- \/ Yoast SEO plugin. -->","yoast_head_json":{"title":"Ilmoittautumisen kohteen hyv\u00e4ksyminen, julkaiseminen ja palauttaminen luonnokseksi - Peppi-ohjeet henkil\u00f6kunnalle","robots":{"index":"index","follow":"follow","max-snippet":"max-snippet:-1","max-image-preview":"max-image-preview:large","max-video-preview":"max-video-preview:-1"},"canonical":"https:\/\/help.jamk.fi\/peppi-ohjeet-henkilokunnalle\/fi\/maksullinen-koulutus\/koulutuksen-suunnittelu-suunnittelijan-tyopoyta\/ilmoittautumisen-kohteen-hyvaksyminen-julkaiseminen-ja-palauttaminen-luonnokseksi\/","og_locale":"fi_FI","og_type":"article","og_title":"Ilmoittautumisen kohteen hyv\u00e4ksyminen, julkaiseminen ja palauttaminen luonnokseksi - Peppi-ohjeet henkil\u00f6kunnalle","og_description":"Ilmoittautumisen kohde hyv\u00e4ksyt\u00e4\u00e4n, julkaistaan tai palautetaan luonnokseksi kuvan 1 mukaisessa kohdassa olevaa painiketta k\u00e4ytt\u00e4en. Kohteen voi palauttaa luonnokseksi, vaikka siell\u00e4 olisi jo ilmoittautuneita. Et voi julkaista ilmoittautumisen kohdetta, mik\u00e4li jokin ilmoittautumisen kohteen toteutuksista on julkaisematta.","og_url":"https:\/\/help.jamk.fi\/peppi-ohjeet-henkilokunnalle\/fi\/maksullinen-koulutus\/koulutuksen-suunnittelu-suunnittelijan-tyopoyta\/ilmoittautumisen-kohteen-hyvaksyminen-julkaiseminen-ja-palauttaminen-luonnokseksi\/","og_site_name":"Peppi-ohjeet henkil\u00f6kunnalle","article_modified_time":"2024-11-14T06:46:26+00:00","og_image":[{"url":"https:\/\/help.jamk.fi\/peppi-ohjeet-henkilokunnalle\/wp-content\/uploads\/sites\/131\/2024\/09\/Ilmoittautumisen-kohteen-julkaisu-1024x148.png","type":"","width":"","height":""}],"twitter_card":"summary_large_image","twitter_misc":{"Arvioitu lukuaika":"1 minuutti"},"schema":{"@context":"https:\/\/schema.org","@graph":[{"@type":"WebPage","@id":"https:\/\/help.jamk.fi\/peppi-ohjeet-henkilokunnalle\/fi\/maksullinen-koulutus\/koulutuksen-suunnittelu-suunnittelijan-tyopoyta\/ilmoittautumisen-kohteen-hyvaksyminen-julkaiseminen-ja-palauttaminen-luonnokseksi\/","url":"https:\/\/help.jamk.fi\/peppi-ohjeet-henkilokunnalle\/fi\/maksullinen-koulutus\/koulutuksen-suunnittelu-suunnittelijan-tyopoyta\/ilmoittautumisen-kohteen-hyvaksyminen-julkaiseminen-ja-palauttaminen-luonnokseksi\/","name":"Ilmoittautumisen kohteen hyv\u00e4ksyminen, julkaiseminen ja palauttaminen luonnokseksi - Peppi-ohjeet henkil\u00f6kunnalle","isPartOf":{"@id":"https:\/\/help.jamk.fi\/peppi-ohjeet-henkilokunnalle\/#website"},"primaryImageOfPage":{"@id":"https:\/\/help.jamk.fi\/peppi-ohjeet-henkilokunnalle\/fi\/maksullinen-koulutus\/koulutuksen-suunnittelu-suunnittelijan-tyopoyta\/ilmoittautumisen-kohteen-hyvaksyminen-julkaiseminen-ja-palauttaminen-luonnokseksi\/#primaryimage"},"image":{"@id":"https:\/\/help.jamk.fi\/peppi-ohjeet-henkilokunnalle\/fi\/maksullinen-koulutus\/koulutuksen-suunnittelu-suunnittelijan-tyopoyta\/ilmoittautumisen-kohteen-hyvaksyminen-julkaiseminen-ja-palauttaminen-luonnokseksi\/#primaryimage"},"thumbnailUrl":"https:\/\/help.jamk.fi\/peppi-ohjeet-henkilokunnalle\/wp-content\/uploads\/sites\/131\/2024\/09\/Ilmoittautumisen-kohteen-julkaisu-1024x148.png","datePublished":"2024-09-16T11:41:12+00:00","dateModified":"2024-11-14T06:46:26+00:00","breadcrumb":{"@id":"https:\/\/help.jamk.fi\/peppi-ohjeet-henkilokunnalle\/fi\/maksullinen-koulutus\/koulutuksen-suunnittelu-suunnittelijan-tyopoyta\/ilmoittautumisen-kohteen-hyvaksyminen-julkaiseminen-ja-palauttaminen-luonnokseksi\/#breadcrumb"},"inLanguage":"fi","potentialAction":[{"@type":"ReadAction","target":["https:\/\/help.jamk.fi\/peppi-ohjeet-henkilokunnalle\/fi\/maksullinen-koulutus\/koulutuksen-suunnittelu-suunnittelijan-tyopoyta\/ilmoittautumisen-kohteen-hyvaksyminen-julkaiseminen-ja-palauttaminen-luonnokseksi\/"]}]},{"@type":"ImageObject","inLanguage":"fi","@id":"https:\/\/help.jamk.fi\/peppi-ohjeet-henkilokunnalle\/fi\/maksullinen-koulutus\/koulutuksen-suunnittelu-suunnittelijan-tyopoyta\/ilmoittautumisen-kohteen-hyvaksyminen-julkaiseminen-ja-palauttaminen-luonnokseksi\/#primaryimage","url":"https:\/\/help.jamk.fi\/peppi-ohjeet-henkilokunnalle\/wp-content\/uploads\/sites\/131\/2024\/09\/Ilmoittautumisen-kohteen-julkaisu.png","contentUrl":"https:\/\/help.jamk.fi\/peppi-ohjeet-henkilokunnalle\/wp-content\/uploads\/sites\/131\/2024\/09\/Ilmoittautumisen-kohteen-julkaisu.png","width":1742,"height":251,"caption":"Kuvio 1. Ilmoittautumisen kohteen julkaisu"},{"@type":"BreadcrumbList","@id":"https:\/\/help.jamk.fi\/peppi-ohjeet-henkilokunnalle\/fi\/maksullinen-koulutus\/koulutuksen-suunnittelu-suunnittelijan-tyopoyta\/ilmoittautumisen-kohteen-hyvaksyminen-julkaiseminen-ja-palauttaminen-luonnokseksi\/#breadcrumb","itemListElement":[{"@type":"ListItem","position":1,"name":"Home","item":"https:\/\/help.jamk.fi\/peppi-ohjeet-henkilokunnalle\/en\/"},{"@type":"ListItem","position":2,"name":"Maksullinen koulutus","item":"https:\/\/help.jamk.fi\/peppi-ohjeet-henkilokunnalle\/fi\/maksullinen-koulutus\/"},{"@type":"ListItem","position":3,"name":"Koulutuksen suunnittelu &#8211; suunnittelijan ty\u00f6p\u00f6yt\u00e4","item":"https:\/\/help.jamk.fi\/peppi-ohjeet-henkilokunnalle\/fi\/maksullinen-koulutus\/koulutuksen-suunnittelu-suunnittelijan-tyopoyta\/"},{"@type":"ListItem","position":4,"name":"Ilmoittautumisen kohteen hyv\u00e4ksyminen, julkaiseminen ja palauttaminen luonnokseksi"}]},{"@type":"WebSite","@id":"https:\/\/help.jamk.fi\/peppi-ohjeet-henkilokunnalle\/#website","url":"https:\/\/help.jamk.fi\/peppi-ohjeet-henkilokunnalle\/","name":"Peppi-ohjeet henkil\u00f6kunnalle","description":"","potentialAction":[{"@type":"SearchAction","target":{"@type":"EntryPoint","urlTemplate":"https:\/\/help.jamk.fi\/peppi-ohjeet-henkilokunnalle\/?s={search_term_string}"},"query-input":{"@type":"PropertyValueSpecification","valueRequired":true,"valueName":"search_term_string"}}],"inLanguage":"fi"}]}},"_links":{"self":[{"href":"https:\/\/help.jamk.fi\/peppi-ohjeet-henkilokunnalle\/wp-json\/wp\/v2\/pages\/7043","targetHints":{"allow":["GET"]}}],"collection":[{"href":"https:\/\/help.jamk.fi\/peppi-ohjeet-henkilokunnalle\/wp-json\/wp\/v2\/pages"}],"about":[{"href":"https:\/\/help.jamk.fi\/peppi-ohjeet-henkilokunnalle\/wp-json\/wp\/v2\/types\/page"}],"author":[{"embeddable":true,"href":"https:\/\/help.jamk.fi\/peppi-ohjeet-henkilokunnalle\/wp-json\/wp\/v2\/users\/79"}],"replies":[{"embeddable":true,"href":"https:\/\/help.jamk.fi\/peppi-ohjeet-henkilokunnalle\/wp-json\/wp\/v2\/comments?post=7043"}],"version-history":[{"count":3,"href":"https:\/\/help.jamk.fi\/peppi-ohjeet-henkilokunnalle\/wp-json\/wp\/v2\/pages\/7043\/revisions"}],"predecessor-version":[{"id":7370,"href":"https:\/\/help.jamk.fi\/peppi-ohjeet-henkilokunnalle\/wp-json\/wp\/v2\/pages\/7043\/revisions\/7370"}],"up":[{"embeddable":true,"href":"https:\/\/help.jamk.fi\/peppi-ohjeet-henkilokunnalle\/wp-json\/wp\/v2\/pages\/7203"}],"wp:attachment":[{"href":"https:\/\/help.jamk.fi\/peppi-ohjeet-henkilokunnalle\/wp-json\/wp\/v2\/media?parent=7043"}],"wp:term":[{"taxonomy":"category","embeddable":true,"href":"https:\/\/help.jamk.fi\/peppi-ohjeet-henkilokunnalle\/wp-json\/wp\/v2\/categories?post=7043"},{"taxonomy":"post_tag","embeddable":true,"href":"https:\/\/help.jamk.fi\/peppi-ohjeet-henkilokunnalle\/wp-json\/wp\/v2\/tags?post=7043"}],"curies":[{"name":"wp","href":"https:\/\/api.w.org\/{rel}","templated":true}]}}