{"id":7049,"date":"2024-09-16T14:48:18","date_gmt":"2024-09-16T11:48:18","guid":{"rendered":"https:\/\/help.jamk.fi\/peppi-ohjeet-henkilokunnalle\/?page_id=7049"},"modified":"2024-10-24T12:37:10","modified_gmt":"2024-10-24T09:37:10","slug":"ilmoittautumisen-kohteiden-haku","status":"publish","type":"page","link":"https:\/\/help.jamk.fi\/peppi-ohjeet-henkilokunnalle\/fi\/maksullinen-koulutus\/koulutuksen-suunnittelu-suunnittelijan-tyopoyta\/ilmoittautumisen-kohteiden-haku\/","title":{"rendered":"Ilmoittautumisen kohteiden haku"},"content":{"rendered":"\n<p>Ilmoittautumisen kohteiden haussa k\u00e4ytt\u00e4j\u00e4 voi hakea ilmoittautumisen kohteita eri hakuehdoilla. Ilmoittautumisen kohteen tietoihin edet\u00e4\u00e4n klikkaamalla hakutuloksesta haluttua ilmoittautumisen kohdetta. Uutena hakukriteerin\u00e4 maksullisen 2.0.1 version mukana on tullut mahdollisuus hakea kohteita niiden luojan perusteella.<\/p>\n\n\n\n<figure class=\"wp-block-image size-large\"><img loading=\"lazy\" decoding=\"async\" width=\"1024\" height=\"348\" src=\"https:\/\/help.jamk.fi\/peppi-ohjeet-henkilokunnalle\/wp-content\/uploads\/sites\/131\/2024\/09\/Ilmoittautumisen-kohteen-hakutoiminto-1024x348.png\" alt=\"Ilmoittautumisen kohteen hakutoiminto\" class=\"wp-image-7050\" srcset=\"https:\/\/help.jamk.fi\/peppi-ohjeet-henkilokunnalle\/wp-content\/uploads\/sites\/131\/2024\/09\/Ilmoittautumisen-kohteen-hakutoiminto-1024x348.png 1024w, https:\/\/help.jamk.fi\/peppi-ohjeet-henkilokunnalle\/wp-content\/uploads\/sites\/131\/2024\/09\/Ilmoittautumisen-kohteen-hakutoiminto-300x102.png 300w, https:\/\/help.jamk.fi\/peppi-ohjeet-henkilokunnalle\/wp-content\/uploads\/sites\/131\/2024\/09\/Ilmoittautumisen-kohteen-hakutoiminto-768x261.png 768w, https:\/\/help.jamk.fi\/peppi-ohjeet-henkilokunnalle\/wp-content\/uploads\/sites\/131\/2024\/09\/Ilmoittautumisen-kohteen-hakutoiminto-1536x523.png 1536w, https:\/\/help.jamk.fi\/peppi-ohjeet-henkilokunnalle\/wp-content\/uploads\/sites\/131\/2024\/09\/Ilmoittautumisen-kohteen-hakutoiminto.png 1608w\" sizes=\"auto, (max-width: 1024px) 100vw, 1024px\" \/><figcaption class=\"wp-element-caption\">Kuvio 1. Ilmoittautumisen kohteen hakutoiminto<\/figcaption><\/figure>\n","protected":false},"excerpt":{"rendered":"<p>Ilmoittautumisen kohteiden haussa k\u00e4ytt\u00e4j\u00e4 voi hakea ilmoittautumisen kohteita eri hakuehdoilla. Ilmoittautumisen kohteen tietoihin edet\u00e4\u00e4n klikkaamalla hakutuloksesta haluttua ilmoittautumisen kohdetta. Uutena hakukriteerin\u00e4 maksullisen 2.0.1 version mukana on tullut mahdollisuus hakea kohteita niiden luojan perusteella.<\/p>\n","protected":false},"author":79,"featured_media":0,"parent":7203,"menu_order":7,"comment_status":"closed","ping_status":"closed","template":"","meta":{"_acf_changed":false,"_relevanssi_hide_post":"","_relevanssi_hide_content":"","_relevanssi_pin_for_all":"","_relevanssi_pin_keywords":"","_relevanssi_unpin_keywords":"","_relevanssi_related_keywords":"","_relevanssi_related_include_ids":"","_relevanssi_related_exclude_ids":"","_relevanssi_related_no_append":"","_relevanssi_related_not_related":"","_relevanssi_related_posts":"","_relevanssi_noindex_reason":"","footnotes":""},"categories":[],"tags":[194,184],"class_list":["post-7049","page","type-page","status-publish","hentry","tag-hakutoiminto","tag-ilmoittautumisen-kohde"],"acf":[],"yoast_head":"<!-- This site is optimized with the Yoast SEO plugin v27.3 - https:\/\/yoast.com\/product\/yoast-seo-wordpress\/ -->\n<title>Ilmoittautumisen kohteiden haku - Peppi-ohjeet henkil\u00f6kunnalle<\/title>\n<meta name=\"robots\" content=\"index, follow, max-snippet:-1, max-image-preview:large, max-video-preview:-1\" \/>\n<link rel=\"canonical\" href=\"https:\/\/help.jamk.fi\/peppi-ohjeet-henkilokunnalle\/fi\/maksullinen-koulutus\/koulutuksen-suunnittelu-suunnittelijan-tyopoyta\/ilmoittautumisen-kohteiden-haku\/\" \/>\n<meta property=\"og:locale\" content=\"fi_FI\" \/>\n<meta property=\"og:type\" content=\"article\" \/>\n<meta property=\"og:title\" content=\"Ilmoittautumisen kohteiden haku - Peppi-ohjeet henkil\u00f6kunnalle\" \/>\n<meta property=\"og:description\" content=\"Ilmoittautumisen kohteiden haussa k\u00e4ytt\u00e4j\u00e4 voi hakea ilmoittautumisen kohteita eri hakuehdoilla. Ilmoittautumisen kohteen tietoihin edet\u00e4\u00e4n klikkaamalla hakutuloksesta haluttua ilmoittautumisen kohdetta. Uutena hakukriteerin\u00e4 maksullisen 2.0.1 version mukana on tullut mahdollisuus hakea kohteita niiden luojan perusteella.\" \/>\n<meta property=\"og:url\" content=\"https:\/\/help.jamk.fi\/peppi-ohjeet-henkilokunnalle\/fi\/maksullinen-koulutus\/koulutuksen-suunnittelu-suunnittelijan-tyopoyta\/ilmoittautumisen-kohteiden-haku\/\" \/>\n<meta property=\"og:site_name\" content=\"Peppi-ohjeet henkil\u00f6kunnalle\" \/>\n<meta property=\"article:modified_time\" content=\"2024-10-24T09:37:10+00:00\" \/>\n<meta property=\"og:image\" content=\"https:\/\/help.jamk.fi\/peppi-ohjeet-henkilokunnalle\/wp-content\/uploads\/sites\/131\/2024\/09\/Ilmoittautumisen-kohteen-hakutoiminto-1024x348.png\" \/>\n<meta name=\"twitter:card\" content=\"summary_large_image\" \/>\n<meta name=\"twitter:label1\" content=\"Arvioitu lukuaika\" \/>\n\t<meta name=\"twitter:data1\" content=\"1 minuutti\" \/>\n<script type=\"application\/ld+json\" class=\"yoast-schema-graph\">{\"@context\":\"https:\\\/\\\/schema.org\",\"@graph\":[{\"@type\":\"WebPage\",\"@id\":\"https:\\\/\\\/help.jamk.fi\\\/peppi-ohjeet-henkilokunnalle\\\/fi\\\/maksullinen-koulutus\\\/koulutuksen-suunnittelu-suunnittelijan-tyopoyta\\\/ilmoittautumisen-kohteiden-haku\\\/\",\"url\":\"https:\\\/\\\/help.jamk.fi\\\/peppi-ohjeet-henkilokunnalle\\\/fi\\\/maksullinen-koulutus\\\/koulutuksen-suunnittelu-suunnittelijan-tyopoyta\\\/ilmoittautumisen-kohteiden-haku\\\/\",\"name\":\"Ilmoittautumisen kohteiden haku - Peppi-ohjeet henkil\u00f6kunnalle\",\"isPartOf\":{\"@id\":\"https:\\\/\\\/help.jamk.fi\\\/peppi-ohjeet-henkilokunnalle\\\/#website\"},\"primaryImageOfPage\":{\"@id\":\"https:\\\/\\\/help.jamk.fi\\\/peppi-ohjeet-henkilokunnalle\\\/fi\\\/maksullinen-koulutus\\\/koulutuksen-suunnittelu-suunnittelijan-tyopoyta\\\/ilmoittautumisen-kohteiden-haku\\\/#primaryimage\"},\"image\":{\"@id\":\"https:\\\/\\\/help.jamk.fi\\\/peppi-ohjeet-henkilokunnalle\\\/fi\\\/maksullinen-koulutus\\\/koulutuksen-suunnittelu-suunnittelijan-tyopoyta\\\/ilmoittautumisen-kohteiden-haku\\\/#primaryimage\"},\"thumbnailUrl\":\"https:\\\/\\\/help.jamk.fi\\\/peppi-ohjeet-henkilokunnalle\\\/wp-content\\\/uploads\\\/sites\\\/131\\\/2024\\\/09\\\/Ilmoittautumisen-kohteen-hakutoiminto-1024x348.png\",\"datePublished\":\"2024-09-16T11:48:18+00:00\",\"dateModified\":\"2024-10-24T09:37:10+00:00\",\"breadcrumb\":{\"@id\":\"https:\\\/\\\/help.jamk.fi\\\/peppi-ohjeet-henkilokunnalle\\\/fi\\\/maksullinen-koulutus\\\/koulutuksen-suunnittelu-suunnittelijan-tyopoyta\\\/ilmoittautumisen-kohteiden-haku\\\/#breadcrumb\"},\"inLanguage\":\"fi\",\"potentialAction\":[{\"@type\":\"ReadAction\",\"target\":[\"https:\\\/\\\/help.jamk.fi\\\/peppi-ohjeet-henkilokunnalle\\\/fi\\\/maksullinen-koulutus\\\/koulutuksen-suunnittelu-suunnittelijan-tyopoyta\\\/ilmoittautumisen-kohteiden-haku\\\/\"]}]},{\"@type\":\"ImageObject\",\"inLanguage\":\"fi\",\"@id\":\"https:\\\/\\\/help.jamk.fi\\\/peppi-ohjeet-henkilokunnalle\\\/fi\\\/maksullinen-koulutus\\\/koulutuksen-suunnittelu-suunnittelijan-tyopoyta\\\/ilmoittautumisen-kohteiden-haku\\\/#primaryimage\",\"url\":\"https:\\\/\\\/help.jamk.fi\\\/peppi-ohjeet-henkilokunnalle\\\/wp-content\\\/uploads\\\/sites\\\/131\\\/2024\\\/09\\\/Ilmoittautumisen-kohteen-hakutoiminto.png\",\"contentUrl\":\"https:\\\/\\\/help.jamk.fi\\\/peppi-ohjeet-henkilokunnalle\\\/wp-content\\\/uploads\\\/sites\\\/131\\\/2024\\\/09\\\/Ilmoittautumisen-kohteen-hakutoiminto.png\",\"width\":1608,\"height\":547,\"caption\":\"Kuvio 1. Ilmoittautumisen kohteen hakutoiminto\"},{\"@type\":\"BreadcrumbList\",\"@id\":\"https:\\\/\\\/help.jamk.fi\\\/peppi-ohjeet-henkilokunnalle\\\/fi\\\/maksullinen-koulutus\\\/koulutuksen-suunnittelu-suunnittelijan-tyopoyta\\\/ilmoittautumisen-kohteiden-haku\\\/#breadcrumb\",\"itemListElement\":[{\"@type\":\"ListItem\",\"position\":1,\"name\":\"Home\",\"item\":\"https:\\\/\\\/help.jamk.fi\\\/peppi-ohjeet-henkilokunnalle\\\/en\\\/\"},{\"@type\":\"ListItem\",\"position\":2,\"name\":\"Maksullinen koulutus\",\"item\":\"https:\\\/\\\/help.jamk.fi\\\/peppi-ohjeet-henkilokunnalle\\\/fi\\\/maksullinen-koulutus\\\/\"},{\"@type\":\"ListItem\",\"position\":3,\"name\":\"Koulutuksen suunnittelu &#8211; suunnittelijan ty\u00f6p\u00f6yt\u00e4\",\"item\":\"https:\\\/\\\/help.jamk.fi\\\/peppi-ohjeet-henkilokunnalle\\\/fi\\\/maksullinen-koulutus\\\/koulutuksen-suunnittelu-suunnittelijan-tyopoyta\\\/\"},{\"@type\":\"ListItem\",\"position\":4,\"name\":\"Ilmoittautumisen kohteiden haku\"}]},{\"@type\":\"WebSite\",\"@id\":\"https:\\\/\\\/help.jamk.fi\\\/peppi-ohjeet-henkilokunnalle\\\/#website\",\"url\":\"https:\\\/\\\/help.jamk.fi\\\/peppi-ohjeet-henkilokunnalle\\\/\",\"name\":\"Peppi-ohjeet henkil\u00f6kunnalle\",\"description\":\"\",\"potentialAction\":[{\"@type\":\"SearchAction\",\"target\":{\"@type\":\"EntryPoint\",\"urlTemplate\":\"https:\\\/\\\/help.jamk.fi\\\/peppi-ohjeet-henkilokunnalle\\\/?s={search_term_string}\"},\"query-input\":{\"@type\":\"PropertyValueSpecification\",\"valueRequired\":true,\"valueName\":\"search_term_string\"}}],\"inLanguage\":\"fi\"}]}<\/script>\n<!-- \/ Yoast SEO plugin. -->","yoast_head_json":{"title":"Ilmoittautumisen kohteiden haku - Peppi-ohjeet henkil\u00f6kunnalle","robots":{"index":"index","follow":"follow","max-snippet":"max-snippet:-1","max-image-preview":"max-image-preview:large","max-video-preview":"max-video-preview:-1"},"canonical":"https:\/\/help.jamk.fi\/peppi-ohjeet-henkilokunnalle\/fi\/maksullinen-koulutus\/koulutuksen-suunnittelu-suunnittelijan-tyopoyta\/ilmoittautumisen-kohteiden-haku\/","og_locale":"fi_FI","og_type":"article","og_title":"Ilmoittautumisen kohteiden haku - Peppi-ohjeet henkil\u00f6kunnalle","og_description":"Ilmoittautumisen kohteiden haussa k\u00e4ytt\u00e4j\u00e4 voi hakea ilmoittautumisen kohteita eri hakuehdoilla. Ilmoittautumisen kohteen tietoihin edet\u00e4\u00e4n klikkaamalla hakutuloksesta haluttua ilmoittautumisen kohdetta. Uutena hakukriteerin\u00e4 maksullisen 2.0.1 version mukana on tullut mahdollisuus hakea kohteita niiden luojan perusteella.","og_url":"https:\/\/help.jamk.fi\/peppi-ohjeet-henkilokunnalle\/fi\/maksullinen-koulutus\/koulutuksen-suunnittelu-suunnittelijan-tyopoyta\/ilmoittautumisen-kohteiden-haku\/","og_site_name":"Peppi-ohjeet henkil\u00f6kunnalle","article_modified_time":"2024-10-24T09:37:10+00:00","og_image":[{"url":"https:\/\/help.jamk.fi\/peppi-ohjeet-henkilokunnalle\/wp-content\/uploads\/sites\/131\/2024\/09\/Ilmoittautumisen-kohteen-hakutoiminto-1024x348.png","type":"","width":"","height":""}],"twitter_card":"summary_large_image","twitter_misc":{"Arvioitu lukuaika":"1 minuutti"},"schema":{"@context":"https:\/\/schema.org","@graph":[{"@type":"WebPage","@id":"https:\/\/help.jamk.fi\/peppi-ohjeet-henkilokunnalle\/fi\/maksullinen-koulutus\/koulutuksen-suunnittelu-suunnittelijan-tyopoyta\/ilmoittautumisen-kohteiden-haku\/","url":"https:\/\/help.jamk.fi\/peppi-ohjeet-henkilokunnalle\/fi\/maksullinen-koulutus\/koulutuksen-suunnittelu-suunnittelijan-tyopoyta\/ilmoittautumisen-kohteiden-haku\/","name":"Ilmoittautumisen kohteiden haku - Peppi-ohjeet henkil\u00f6kunnalle","isPartOf":{"@id":"https:\/\/help.jamk.fi\/peppi-ohjeet-henkilokunnalle\/#website"},"primaryImageOfPage":{"@id":"https:\/\/help.jamk.fi\/peppi-ohjeet-henkilokunnalle\/fi\/maksullinen-koulutus\/koulutuksen-suunnittelu-suunnittelijan-tyopoyta\/ilmoittautumisen-kohteiden-haku\/#primaryimage"},"image":{"@id":"https:\/\/help.jamk.fi\/peppi-ohjeet-henkilokunnalle\/fi\/maksullinen-koulutus\/koulutuksen-suunnittelu-suunnittelijan-tyopoyta\/ilmoittautumisen-kohteiden-haku\/#primaryimage"},"thumbnailUrl":"https:\/\/help.jamk.fi\/peppi-ohjeet-henkilokunnalle\/wp-content\/uploads\/sites\/131\/2024\/09\/Ilmoittautumisen-kohteen-hakutoiminto-1024x348.png","datePublished":"2024-09-16T11:48:18+00:00","dateModified":"2024-10-24T09:37:10+00:00","breadcrumb":{"@id":"https:\/\/help.jamk.fi\/peppi-ohjeet-henkilokunnalle\/fi\/maksullinen-koulutus\/koulutuksen-suunnittelu-suunnittelijan-tyopoyta\/ilmoittautumisen-kohteiden-haku\/#breadcrumb"},"inLanguage":"fi","potentialAction":[{"@type":"ReadAction","target":["https:\/\/help.jamk.fi\/peppi-ohjeet-henkilokunnalle\/fi\/maksullinen-koulutus\/koulutuksen-suunnittelu-suunnittelijan-tyopoyta\/ilmoittautumisen-kohteiden-haku\/"]}]},{"@type":"ImageObject","inLanguage":"fi","@id":"https:\/\/help.jamk.fi\/peppi-ohjeet-henkilokunnalle\/fi\/maksullinen-koulutus\/koulutuksen-suunnittelu-suunnittelijan-tyopoyta\/ilmoittautumisen-kohteiden-haku\/#primaryimage","url":"https:\/\/help.jamk.fi\/peppi-ohjeet-henkilokunnalle\/wp-content\/uploads\/sites\/131\/2024\/09\/Ilmoittautumisen-kohteen-hakutoiminto.png","contentUrl":"https:\/\/help.jamk.fi\/peppi-ohjeet-henkilokunnalle\/wp-content\/uploads\/sites\/131\/2024\/09\/Ilmoittautumisen-kohteen-hakutoiminto.png","width":1608,"height":547,"caption":"Kuvio 1. Ilmoittautumisen kohteen hakutoiminto"},{"@type":"BreadcrumbList","@id":"https:\/\/help.jamk.fi\/peppi-ohjeet-henkilokunnalle\/fi\/maksullinen-koulutus\/koulutuksen-suunnittelu-suunnittelijan-tyopoyta\/ilmoittautumisen-kohteiden-haku\/#breadcrumb","itemListElement":[{"@type":"ListItem","position":1,"name":"Home","item":"https:\/\/help.jamk.fi\/peppi-ohjeet-henkilokunnalle\/en\/"},{"@type":"ListItem","position":2,"name":"Maksullinen koulutus","item":"https:\/\/help.jamk.fi\/peppi-ohjeet-henkilokunnalle\/fi\/maksullinen-koulutus\/"},{"@type":"ListItem","position":3,"name":"Koulutuksen suunnittelu &#8211; suunnittelijan ty\u00f6p\u00f6yt\u00e4","item":"https:\/\/help.jamk.fi\/peppi-ohjeet-henkilokunnalle\/fi\/maksullinen-koulutus\/koulutuksen-suunnittelu-suunnittelijan-tyopoyta\/"},{"@type":"ListItem","position":4,"name":"Ilmoittautumisen kohteiden haku"}]},{"@type":"WebSite","@id":"https:\/\/help.jamk.fi\/peppi-ohjeet-henkilokunnalle\/#website","url":"https:\/\/help.jamk.fi\/peppi-ohjeet-henkilokunnalle\/","name":"Peppi-ohjeet henkil\u00f6kunnalle","description":"","potentialAction":[{"@type":"SearchAction","target":{"@type":"EntryPoint","urlTemplate":"https:\/\/help.jamk.fi\/peppi-ohjeet-henkilokunnalle\/?s={search_term_string}"},"query-input":{"@type":"PropertyValueSpecification","valueRequired":true,"valueName":"search_term_string"}}],"inLanguage":"fi"}]}},"_links":{"self":[{"href":"https:\/\/help.jamk.fi\/peppi-ohjeet-henkilokunnalle\/wp-json\/wp\/v2\/pages\/7049","targetHints":{"allow":["GET"]}}],"collection":[{"href":"https:\/\/help.jamk.fi\/peppi-ohjeet-henkilokunnalle\/wp-json\/wp\/v2\/pages"}],"about":[{"href":"https:\/\/help.jamk.fi\/peppi-ohjeet-henkilokunnalle\/wp-json\/wp\/v2\/types\/page"}],"author":[{"embeddable":true,"href":"https:\/\/help.jamk.fi\/peppi-ohjeet-henkilokunnalle\/wp-json\/wp\/v2\/users\/79"}],"replies":[{"embeddable":true,"href":"https:\/\/help.jamk.fi\/peppi-ohjeet-henkilokunnalle\/wp-json\/wp\/v2\/comments?post=7049"}],"version-history":[{"count":1,"href":"https:\/\/help.jamk.fi\/peppi-ohjeet-henkilokunnalle\/wp-json\/wp\/v2\/pages\/7049\/revisions"}],"predecessor-version":[{"id":7051,"href":"https:\/\/help.jamk.fi\/peppi-ohjeet-henkilokunnalle\/wp-json\/wp\/v2\/pages\/7049\/revisions\/7051"}],"up":[{"embeddable":true,"href":"https:\/\/help.jamk.fi\/peppi-ohjeet-henkilokunnalle\/wp-json\/wp\/v2\/pages\/7203"}],"wp:attachment":[{"href":"https:\/\/help.jamk.fi\/peppi-ohjeet-henkilokunnalle\/wp-json\/wp\/v2\/media?parent=7049"}],"wp:term":[{"taxonomy":"category","embeddable":true,"href":"https:\/\/help.jamk.fi\/peppi-ohjeet-henkilokunnalle\/wp-json\/wp\/v2\/categories?post=7049"},{"taxonomy":"post_tag","embeddable":true,"href":"https:\/\/help.jamk.fi\/peppi-ohjeet-henkilokunnalle\/wp-json\/wp\/v2\/tags?post=7049"}],"curies":[{"name":"wp","href":"https:\/\/api.w.org\/{rel}","templated":true}]}}