{"id":7053,"date":"2024-09-16T15:00:51","date_gmt":"2024-09-16T12:00:51","guid":{"rendered":"https:\/\/help.jamk.fi\/peppi-ohjeet-henkilokunnalle\/?page_id=7053"},"modified":"2024-10-24T12:37:17","modified_gmt":"2024-10-24T09:37:17","slug":"ilmoittautumisen-kohteiden-massamuokkaus","status":"publish","type":"page","link":"https:\/\/help.jamk.fi\/peppi-ohjeet-henkilokunnalle\/fi\/maksullinen-koulutus\/koulutuksen-suunnittelu-suunnittelijan-tyopoyta\/ilmoittautumisen-kohteiden-massamuokkaus\/","title":{"rendered":"Ilmoittautumisen kohteiden massamuokkaus"},"content":{"rendered":"\n<p>K\u00e4ytt\u00e4j\u00e4 valitsee ilmoittautumisen kohteen haussa yhden tai useamman ilmoittautumisen kohteen hakutuloslistauksesta checkboxilla ja klikkaa joko <\/p>\n\n\n\n<ol class=\"wp-block-list\">\n<li>Tee massamuutos tai (Tapa 1)<\/li>\n\n\n\n<li>Muokkaa taulukossa (vain osa tiedoista) (Tapa 2).<\/li>\n<\/ol>\n\n\n\n<p><strong>Tapa 1:<\/strong> Avautuvassa n\u00e4kym\u00e4ss\u00e4 valitaan tiedot, joita halutaan muokata ja valitaan alta Tee muutokset.<\/p>\n\n\n\n<p>Huom! Kohteen tilastatusta ei voi muuttaa yht\u00e4 aikaa muiden muokkausten kanssa, vaan se tulee tehd\u00e4 erikseen. Mik\u00e4li k\u00e4ytt\u00e4j\u00e4 yritt\u00e4\u00e4 muokata julkaistua kohdetta, saa h\u00e4n kuvan 1 mukaisen ilmoituksen. Jos k\u00e4ytt\u00e4j\u00e4 etenee muokkauksessa, saa h\u00e4n muokkauksen j\u00e4lkeen kuvion 2 ilmoituksen, joka kertoo, mitk\u00e4 kohteet j\u00e4iv\u00e4t muokkaamatta julkisuustilan vuoksi.<br><br>Mik\u00e4li k\u00e4ytt\u00e4j\u00e4 yritt\u00e4\u00e4 julkaista luonnos\/hyv\u00e4ksytty tilaista kohdetta muiden muutosten ohella, est\u00e4\u00e4 j\u00e4rjestelm\u00e4 h\u00e4nelt\u00e4 muokkauksen liikennemerkill\u00e4 ko. muutostiedon kohdalla silloin kun ristiriidassa oleva muutostieto on jo valittuna.<\/p>\n\n\n\n<figure class=\"wp-block-image size-full\"><img loading=\"lazy\" decoding=\"async\" width=\"935\" height=\"894\" src=\"https:\/\/help.jamk.fi\/peppi-ohjeet-henkilokunnalle\/wp-content\/uploads\/sites\/131\/2024\/09\/Ilmoitus-jos-massamuokkauksessa-julkinen-ilmoittautumisen-kohde.png\" alt=\"Ilmoitus, jos massamuokkauksessa julkinen ilmoittautumisen kohde\" class=\"wp-image-7023\" srcset=\"https:\/\/help.jamk.fi\/peppi-ohjeet-henkilokunnalle\/wp-content\/uploads\/sites\/131\/2024\/09\/Ilmoitus-jos-massamuokkauksessa-julkinen-ilmoittautumisen-kohde.png 935w, https:\/\/help.jamk.fi\/peppi-ohjeet-henkilokunnalle\/wp-content\/uploads\/sites\/131\/2024\/09\/Ilmoitus-jos-massamuokkauksessa-julkinen-ilmoittautumisen-kohde-300x287.png 300w, https:\/\/help.jamk.fi\/peppi-ohjeet-henkilokunnalle\/wp-content\/uploads\/sites\/131\/2024\/09\/Ilmoitus-jos-massamuokkauksessa-julkinen-ilmoittautumisen-kohde-768x734.png 768w\" sizes=\"auto, (max-width: 935px) 100vw, 935px\" \/><figcaption class=\"wp-element-caption\">Kuvio 1. Ilmoitus, jos massamuokkauksessa julkinen ilmoittautumisen kohde<\/figcaption><\/figure>\n\n\n\n<figure class=\"wp-block-image size-full\"><img loading=\"lazy\" decoding=\"async\" width=\"593\" height=\"254\" src=\"https:\/\/help.jamk.fi\/peppi-ohjeet-henkilokunnalle\/wp-content\/uploads\/sites\/131\/2024\/09\/Virhe-massamuokkauksessa.png\" alt=\"Virhe massamuokkauksessa\" class=\"wp-image-7054\" srcset=\"https:\/\/help.jamk.fi\/peppi-ohjeet-henkilokunnalle\/wp-content\/uploads\/sites\/131\/2024\/09\/Virhe-massamuokkauksessa.png 593w, https:\/\/help.jamk.fi\/peppi-ohjeet-henkilokunnalle\/wp-content\/uploads\/sites\/131\/2024\/09\/Virhe-massamuokkauksessa-300x128.png 300w\" sizes=\"auto, (max-width: 593px) 100vw, 593px\" \/><figcaption class=\"wp-element-caption\">Kuvio 2. Virhe massamuokkauksessa<\/figcaption><\/figure>\n\n\n\n<p><strong>Tapa 2:<\/strong> N\u00e4kym\u00e4ss\u00e4 valitaan muokattavat tiedot ja valitaan alta <strong>Tee massamuutos<\/strong>. Aseta sarakkeet napin alta voi m\u00e4\u00e4ritt\u00e4\u00e4, mitk\u00e4 sarakkeet haluaa n\u00e4kyviin ja muokattavaksi.<\/p>\n\n\n\n<figure class=\"wp-block-image size-large\"><img loading=\"lazy\" decoding=\"async\" width=\"1024\" height=\"193\" src=\"https:\/\/help.jamk.fi\/peppi-ohjeet-henkilokunnalle\/wp-content\/uploads\/sites\/131\/2024\/09\/Massamuokkaus-taulukkomuodossa-1024x193.png\" alt=\"Massamuokkaus taulukkomuodossa\" class=\"wp-image-7055\" srcset=\"https:\/\/help.jamk.fi\/peppi-ohjeet-henkilokunnalle\/wp-content\/uploads\/sites\/131\/2024\/09\/Massamuokkaus-taulukkomuodossa-1024x193.png 1024w, https:\/\/help.jamk.fi\/peppi-ohjeet-henkilokunnalle\/wp-content\/uploads\/sites\/131\/2024\/09\/Massamuokkaus-taulukkomuodossa-300x57.png 300w, https:\/\/help.jamk.fi\/peppi-ohjeet-henkilokunnalle\/wp-content\/uploads\/sites\/131\/2024\/09\/Massamuokkaus-taulukkomuodossa-768x145.png 768w, https:\/\/help.jamk.fi\/peppi-ohjeet-henkilokunnalle\/wp-content\/uploads\/sites\/131\/2024\/09\/Massamuokkaus-taulukkomuodossa.png 1346w\" sizes=\"auto, (max-width: 1024px) 100vw, 1024px\" \/><figcaption class=\"wp-element-caption\">Kuvio 3. Massamuokkaus taulukkomuodossa<\/figcaption><\/figure>\n","protected":false},"excerpt":{"rendered":"<p>K\u00e4ytt\u00e4j\u00e4 valitsee ilmoittautumisen kohteen haussa yhden tai useamman ilmoittautumisen kohteen hakutuloslistauksesta checkboxilla ja klikkaa joko Tapa 1: Avautuvassa n\u00e4kym\u00e4ss\u00e4 valitaan tiedot, joita halutaan muokata ja valitaan alta Tee muutokset. Huom! Kohteen tilastatusta ei voi muuttaa yht\u00e4 aikaa muiden muokkausten kanssa, vaan se tulee tehd\u00e4 erikseen. Mik\u00e4li k\u00e4ytt\u00e4j\u00e4 yritt\u00e4\u00e4 muokata julkaistua kohdetta, saa h\u00e4n kuvan 1 [&hellip;]<\/p>\n","protected":false},"author":79,"featured_media":0,"parent":7203,"menu_order":8,"comment_status":"closed","ping_status":"closed","template":"","meta":{"_acf_changed":false,"_relevanssi_hide_post":"","_relevanssi_hide_content":"","_relevanssi_pin_for_all":"","_relevanssi_pin_keywords":"","_relevanssi_unpin_keywords":"","_relevanssi_related_keywords":"","_relevanssi_related_include_ids":"","_relevanssi_related_exclude_ids":"","_relevanssi_related_no_append":"","_relevanssi_related_not_related":"","_relevanssi_related_posts":"","_relevanssi_noindex_reason":"","footnotes":""},"categories":[],"tags":[184,196],"class_list":["post-7053","page","type-page","status-publish","hentry","tag-ilmoittautumisen-kohde","tag-massamuokkaus"],"acf":[],"yoast_head":"<!-- This site is optimized with the Yoast SEO plugin v27.3 - https:\/\/yoast.com\/product\/yoast-seo-wordpress\/ -->\n<title>Ilmoittautumisen kohteiden massamuokkaus - Peppi-ohjeet henkil\u00f6kunnalle<\/title>\n<meta name=\"robots\" content=\"index, follow, max-snippet:-1, max-image-preview:large, max-video-preview:-1\" \/>\n<link rel=\"canonical\" href=\"https:\/\/help.jamk.fi\/peppi-ohjeet-henkilokunnalle\/fi\/maksullinen-koulutus\/koulutuksen-suunnittelu-suunnittelijan-tyopoyta\/ilmoittautumisen-kohteiden-massamuokkaus\/\" \/>\n<meta property=\"og:locale\" content=\"fi_FI\" \/>\n<meta property=\"og:type\" content=\"article\" \/>\n<meta property=\"og:title\" content=\"Ilmoittautumisen kohteiden massamuokkaus - Peppi-ohjeet henkil\u00f6kunnalle\" \/>\n<meta property=\"og:description\" content=\"K\u00e4ytt\u00e4j\u00e4 valitsee ilmoittautumisen kohteen haussa yhden tai useamman ilmoittautumisen kohteen hakutuloslistauksesta checkboxilla ja klikkaa joko Tapa 1: Avautuvassa n\u00e4kym\u00e4ss\u00e4 valitaan tiedot, joita halutaan muokata ja valitaan alta Tee muutokset. Huom! Kohteen tilastatusta ei voi muuttaa yht\u00e4 aikaa muiden muokkausten kanssa, vaan se tulee tehd\u00e4 erikseen. Mik\u00e4li k\u00e4ytt\u00e4j\u00e4 yritt\u00e4\u00e4 muokata julkaistua kohdetta, saa h\u00e4n kuvan 1 [&hellip;]\" \/>\n<meta property=\"og:url\" content=\"https:\/\/help.jamk.fi\/peppi-ohjeet-henkilokunnalle\/fi\/maksullinen-koulutus\/koulutuksen-suunnittelu-suunnittelijan-tyopoyta\/ilmoittautumisen-kohteiden-massamuokkaus\/\" \/>\n<meta property=\"og:site_name\" content=\"Peppi-ohjeet henkil\u00f6kunnalle\" \/>\n<meta property=\"article:modified_time\" content=\"2024-10-24T09:37:17+00:00\" \/>\n<meta property=\"og:image\" content=\"https:\/\/help.jamk.fi\/peppi-ohjeet-henkilokunnalle\/wp-content\/uploads\/sites\/131\/2024\/09\/Ilmoitus-jos-massamuokkauksessa-julkinen-ilmoittautumisen-kohde.png\" \/>\n<meta name=\"twitter:card\" content=\"summary_large_image\" \/>\n<meta name=\"twitter:label1\" content=\"Arvioitu lukuaika\" \/>\n\t<meta name=\"twitter:data1\" content=\"2 minuuttia\" \/>\n<script type=\"application\/ld+json\" class=\"yoast-schema-graph\">{\"@context\":\"https:\\\/\\\/schema.org\",\"@graph\":[{\"@type\":\"WebPage\",\"@id\":\"https:\\\/\\\/help.jamk.fi\\\/peppi-ohjeet-henkilokunnalle\\\/fi\\\/maksullinen-koulutus\\\/koulutuksen-suunnittelu-suunnittelijan-tyopoyta\\\/ilmoittautumisen-kohteiden-massamuokkaus\\\/\",\"url\":\"https:\\\/\\\/help.jamk.fi\\\/peppi-ohjeet-henkilokunnalle\\\/fi\\\/maksullinen-koulutus\\\/koulutuksen-suunnittelu-suunnittelijan-tyopoyta\\\/ilmoittautumisen-kohteiden-massamuokkaus\\\/\",\"name\":\"Ilmoittautumisen kohteiden massamuokkaus - Peppi-ohjeet henkil\u00f6kunnalle\",\"isPartOf\":{\"@id\":\"https:\\\/\\\/help.jamk.fi\\\/peppi-ohjeet-henkilokunnalle\\\/#website\"},\"primaryImageOfPage\":{\"@id\":\"https:\\\/\\\/help.jamk.fi\\\/peppi-ohjeet-henkilokunnalle\\\/fi\\\/maksullinen-koulutus\\\/koulutuksen-suunnittelu-suunnittelijan-tyopoyta\\\/ilmoittautumisen-kohteiden-massamuokkaus\\\/#primaryimage\"},\"image\":{\"@id\":\"https:\\\/\\\/help.jamk.fi\\\/peppi-ohjeet-henkilokunnalle\\\/fi\\\/maksullinen-koulutus\\\/koulutuksen-suunnittelu-suunnittelijan-tyopoyta\\\/ilmoittautumisen-kohteiden-massamuokkaus\\\/#primaryimage\"},\"thumbnailUrl\":\"https:\\\/\\\/help.jamk.fi\\\/peppi-ohjeet-henkilokunnalle\\\/wp-content\\\/uploads\\\/sites\\\/131\\\/2024\\\/09\\\/Ilmoitus-jos-massamuokkauksessa-julkinen-ilmoittautumisen-kohde.png\",\"datePublished\":\"2024-09-16T12:00:51+00:00\",\"dateModified\":\"2024-10-24T09:37:17+00:00\",\"breadcrumb\":{\"@id\":\"https:\\\/\\\/help.jamk.fi\\\/peppi-ohjeet-henkilokunnalle\\\/fi\\\/maksullinen-koulutus\\\/koulutuksen-suunnittelu-suunnittelijan-tyopoyta\\\/ilmoittautumisen-kohteiden-massamuokkaus\\\/#breadcrumb\"},\"inLanguage\":\"fi\",\"potentialAction\":[{\"@type\":\"ReadAction\",\"target\":[\"https:\\\/\\\/help.jamk.fi\\\/peppi-ohjeet-henkilokunnalle\\\/fi\\\/maksullinen-koulutus\\\/koulutuksen-suunnittelu-suunnittelijan-tyopoyta\\\/ilmoittautumisen-kohteiden-massamuokkaus\\\/\"]}]},{\"@type\":\"ImageObject\",\"inLanguage\":\"fi\",\"@id\":\"https:\\\/\\\/help.jamk.fi\\\/peppi-ohjeet-henkilokunnalle\\\/fi\\\/maksullinen-koulutus\\\/koulutuksen-suunnittelu-suunnittelijan-tyopoyta\\\/ilmoittautumisen-kohteiden-massamuokkaus\\\/#primaryimage\",\"url\":\"https:\\\/\\\/help.jamk.fi\\\/peppi-ohjeet-henkilokunnalle\\\/wp-content\\\/uploads\\\/sites\\\/131\\\/2024\\\/09\\\/Ilmoitus-jos-massamuokkauksessa-julkinen-ilmoittautumisen-kohde.png\",\"contentUrl\":\"https:\\\/\\\/help.jamk.fi\\\/peppi-ohjeet-henkilokunnalle\\\/wp-content\\\/uploads\\\/sites\\\/131\\\/2024\\\/09\\\/Ilmoitus-jos-massamuokkauksessa-julkinen-ilmoittautumisen-kohde.png\",\"width\":935,\"height\":894,\"caption\":\"Kuvio 3. Ilmoitus, jos massamuokkauksessa julkinen ilmoittautumisen kohde\"},{\"@type\":\"BreadcrumbList\",\"@id\":\"https:\\\/\\\/help.jamk.fi\\\/peppi-ohjeet-henkilokunnalle\\\/fi\\\/maksullinen-koulutus\\\/koulutuksen-suunnittelu-suunnittelijan-tyopoyta\\\/ilmoittautumisen-kohteiden-massamuokkaus\\\/#breadcrumb\",\"itemListElement\":[{\"@type\":\"ListItem\",\"position\":1,\"name\":\"Home\",\"item\":\"https:\\\/\\\/help.jamk.fi\\\/peppi-ohjeet-henkilokunnalle\\\/en\\\/\"},{\"@type\":\"ListItem\",\"position\":2,\"name\":\"Maksullinen koulutus\",\"item\":\"https:\\\/\\\/help.jamk.fi\\\/peppi-ohjeet-henkilokunnalle\\\/fi\\\/maksullinen-koulutus\\\/\"},{\"@type\":\"ListItem\",\"position\":3,\"name\":\"Koulutuksen suunnittelu &#8211; suunnittelijan ty\u00f6p\u00f6yt\u00e4\",\"item\":\"https:\\\/\\\/help.jamk.fi\\\/peppi-ohjeet-henkilokunnalle\\\/fi\\\/maksullinen-koulutus\\\/koulutuksen-suunnittelu-suunnittelijan-tyopoyta\\\/\"},{\"@type\":\"ListItem\",\"position\":4,\"name\":\"Ilmoittautumisen kohteiden massamuokkaus\"}]},{\"@type\":\"WebSite\",\"@id\":\"https:\\\/\\\/help.jamk.fi\\\/peppi-ohjeet-henkilokunnalle\\\/#website\",\"url\":\"https:\\\/\\\/help.jamk.fi\\\/peppi-ohjeet-henkilokunnalle\\\/\",\"name\":\"Peppi-ohjeet henkil\u00f6kunnalle\",\"description\":\"\",\"potentialAction\":[{\"@type\":\"SearchAction\",\"target\":{\"@type\":\"EntryPoint\",\"urlTemplate\":\"https:\\\/\\\/help.jamk.fi\\\/peppi-ohjeet-henkilokunnalle\\\/?s={search_term_string}\"},\"query-input\":{\"@type\":\"PropertyValueSpecification\",\"valueRequired\":true,\"valueName\":\"search_term_string\"}}],\"inLanguage\":\"fi\"}]}<\/script>\n<!-- \/ Yoast SEO plugin. -->","yoast_head_json":{"title":"Ilmoittautumisen kohteiden massamuokkaus - Peppi-ohjeet henkil\u00f6kunnalle","robots":{"index":"index","follow":"follow","max-snippet":"max-snippet:-1","max-image-preview":"max-image-preview:large","max-video-preview":"max-video-preview:-1"},"canonical":"https:\/\/help.jamk.fi\/peppi-ohjeet-henkilokunnalle\/fi\/maksullinen-koulutus\/koulutuksen-suunnittelu-suunnittelijan-tyopoyta\/ilmoittautumisen-kohteiden-massamuokkaus\/","og_locale":"fi_FI","og_type":"article","og_title":"Ilmoittautumisen kohteiden massamuokkaus - Peppi-ohjeet henkil\u00f6kunnalle","og_description":"K\u00e4ytt\u00e4j\u00e4 valitsee ilmoittautumisen kohteen haussa yhden tai useamman ilmoittautumisen kohteen hakutuloslistauksesta checkboxilla ja klikkaa joko Tapa 1: Avautuvassa n\u00e4kym\u00e4ss\u00e4 valitaan tiedot, joita halutaan muokata ja valitaan alta Tee muutokset. Huom! Kohteen tilastatusta ei voi muuttaa yht\u00e4 aikaa muiden muokkausten kanssa, vaan se tulee tehd\u00e4 erikseen. Mik\u00e4li k\u00e4ytt\u00e4j\u00e4 yritt\u00e4\u00e4 muokata julkaistua kohdetta, saa h\u00e4n kuvan 1 [&hellip;]","og_url":"https:\/\/help.jamk.fi\/peppi-ohjeet-henkilokunnalle\/fi\/maksullinen-koulutus\/koulutuksen-suunnittelu-suunnittelijan-tyopoyta\/ilmoittautumisen-kohteiden-massamuokkaus\/","og_site_name":"Peppi-ohjeet henkil\u00f6kunnalle","article_modified_time":"2024-10-24T09:37:17+00:00","og_image":[{"url":"https:\/\/help.jamk.fi\/peppi-ohjeet-henkilokunnalle\/wp-content\/uploads\/sites\/131\/2024\/09\/Ilmoitus-jos-massamuokkauksessa-julkinen-ilmoittautumisen-kohde.png","type":"","width":"","height":""}],"twitter_card":"summary_large_image","twitter_misc":{"Arvioitu lukuaika":"2 minuuttia"},"schema":{"@context":"https:\/\/schema.org","@graph":[{"@type":"WebPage","@id":"https:\/\/help.jamk.fi\/peppi-ohjeet-henkilokunnalle\/fi\/maksullinen-koulutus\/koulutuksen-suunnittelu-suunnittelijan-tyopoyta\/ilmoittautumisen-kohteiden-massamuokkaus\/","url":"https:\/\/help.jamk.fi\/peppi-ohjeet-henkilokunnalle\/fi\/maksullinen-koulutus\/koulutuksen-suunnittelu-suunnittelijan-tyopoyta\/ilmoittautumisen-kohteiden-massamuokkaus\/","name":"Ilmoittautumisen kohteiden massamuokkaus - Peppi-ohjeet henkil\u00f6kunnalle","isPartOf":{"@id":"https:\/\/help.jamk.fi\/peppi-ohjeet-henkilokunnalle\/#website"},"primaryImageOfPage":{"@id":"https:\/\/help.jamk.fi\/peppi-ohjeet-henkilokunnalle\/fi\/maksullinen-koulutus\/koulutuksen-suunnittelu-suunnittelijan-tyopoyta\/ilmoittautumisen-kohteiden-massamuokkaus\/#primaryimage"},"image":{"@id":"https:\/\/help.jamk.fi\/peppi-ohjeet-henkilokunnalle\/fi\/maksullinen-koulutus\/koulutuksen-suunnittelu-suunnittelijan-tyopoyta\/ilmoittautumisen-kohteiden-massamuokkaus\/#primaryimage"},"thumbnailUrl":"https:\/\/help.jamk.fi\/peppi-ohjeet-henkilokunnalle\/wp-content\/uploads\/sites\/131\/2024\/09\/Ilmoitus-jos-massamuokkauksessa-julkinen-ilmoittautumisen-kohde.png","datePublished":"2024-09-16T12:00:51+00:00","dateModified":"2024-10-24T09:37:17+00:00","breadcrumb":{"@id":"https:\/\/help.jamk.fi\/peppi-ohjeet-henkilokunnalle\/fi\/maksullinen-koulutus\/koulutuksen-suunnittelu-suunnittelijan-tyopoyta\/ilmoittautumisen-kohteiden-massamuokkaus\/#breadcrumb"},"inLanguage":"fi","potentialAction":[{"@type":"ReadAction","target":["https:\/\/help.jamk.fi\/peppi-ohjeet-henkilokunnalle\/fi\/maksullinen-koulutus\/koulutuksen-suunnittelu-suunnittelijan-tyopoyta\/ilmoittautumisen-kohteiden-massamuokkaus\/"]}]},{"@type":"ImageObject","inLanguage":"fi","@id":"https:\/\/help.jamk.fi\/peppi-ohjeet-henkilokunnalle\/fi\/maksullinen-koulutus\/koulutuksen-suunnittelu-suunnittelijan-tyopoyta\/ilmoittautumisen-kohteiden-massamuokkaus\/#primaryimage","url":"https:\/\/help.jamk.fi\/peppi-ohjeet-henkilokunnalle\/wp-content\/uploads\/sites\/131\/2024\/09\/Ilmoitus-jos-massamuokkauksessa-julkinen-ilmoittautumisen-kohde.png","contentUrl":"https:\/\/help.jamk.fi\/peppi-ohjeet-henkilokunnalle\/wp-content\/uploads\/sites\/131\/2024\/09\/Ilmoitus-jos-massamuokkauksessa-julkinen-ilmoittautumisen-kohde.png","width":935,"height":894,"caption":"Kuvio 3. Ilmoitus, jos massamuokkauksessa julkinen ilmoittautumisen kohde"},{"@type":"BreadcrumbList","@id":"https:\/\/help.jamk.fi\/peppi-ohjeet-henkilokunnalle\/fi\/maksullinen-koulutus\/koulutuksen-suunnittelu-suunnittelijan-tyopoyta\/ilmoittautumisen-kohteiden-massamuokkaus\/#breadcrumb","itemListElement":[{"@type":"ListItem","position":1,"name":"Home","item":"https:\/\/help.jamk.fi\/peppi-ohjeet-henkilokunnalle\/en\/"},{"@type":"ListItem","position":2,"name":"Maksullinen koulutus","item":"https:\/\/help.jamk.fi\/peppi-ohjeet-henkilokunnalle\/fi\/maksullinen-koulutus\/"},{"@type":"ListItem","position":3,"name":"Koulutuksen suunnittelu &#8211; suunnittelijan ty\u00f6p\u00f6yt\u00e4","item":"https:\/\/help.jamk.fi\/peppi-ohjeet-henkilokunnalle\/fi\/maksullinen-koulutus\/koulutuksen-suunnittelu-suunnittelijan-tyopoyta\/"},{"@type":"ListItem","position":4,"name":"Ilmoittautumisen kohteiden massamuokkaus"}]},{"@type":"WebSite","@id":"https:\/\/help.jamk.fi\/peppi-ohjeet-henkilokunnalle\/#website","url":"https:\/\/help.jamk.fi\/peppi-ohjeet-henkilokunnalle\/","name":"Peppi-ohjeet henkil\u00f6kunnalle","description":"","potentialAction":[{"@type":"SearchAction","target":{"@type":"EntryPoint","urlTemplate":"https:\/\/help.jamk.fi\/peppi-ohjeet-henkilokunnalle\/?s={search_term_string}"},"query-input":{"@type":"PropertyValueSpecification","valueRequired":true,"valueName":"search_term_string"}}],"inLanguage":"fi"}]}},"_links":{"self":[{"href":"https:\/\/help.jamk.fi\/peppi-ohjeet-henkilokunnalle\/wp-json\/wp\/v2\/pages\/7053","targetHints":{"allow":["GET"]}}],"collection":[{"href":"https:\/\/help.jamk.fi\/peppi-ohjeet-henkilokunnalle\/wp-json\/wp\/v2\/pages"}],"about":[{"href":"https:\/\/help.jamk.fi\/peppi-ohjeet-henkilokunnalle\/wp-json\/wp\/v2\/types\/page"}],"author":[{"embeddable":true,"href":"https:\/\/help.jamk.fi\/peppi-ohjeet-henkilokunnalle\/wp-json\/wp\/v2\/users\/79"}],"replies":[{"embeddable":true,"href":"https:\/\/help.jamk.fi\/peppi-ohjeet-henkilokunnalle\/wp-json\/wp\/v2\/comments?post=7053"}],"version-history":[{"count":1,"href":"https:\/\/help.jamk.fi\/peppi-ohjeet-henkilokunnalle\/wp-json\/wp\/v2\/pages\/7053\/revisions"}],"predecessor-version":[{"id":7056,"href":"https:\/\/help.jamk.fi\/peppi-ohjeet-henkilokunnalle\/wp-json\/wp\/v2\/pages\/7053\/revisions\/7056"}],"up":[{"embeddable":true,"href":"https:\/\/help.jamk.fi\/peppi-ohjeet-henkilokunnalle\/wp-json\/wp\/v2\/pages\/7203"}],"wp:attachment":[{"href":"https:\/\/help.jamk.fi\/peppi-ohjeet-henkilokunnalle\/wp-json\/wp\/v2\/media?parent=7053"}],"wp:term":[{"taxonomy":"category","embeddable":true,"href":"https:\/\/help.jamk.fi\/peppi-ohjeet-henkilokunnalle\/wp-json\/wp\/v2\/categories?post=7053"},{"taxonomy":"post_tag","embeddable":true,"href":"https:\/\/help.jamk.fi\/peppi-ohjeet-henkilokunnalle\/wp-json\/wp\/v2\/tags?post=7053"}],"curies":[{"name":"wp","href":"https:\/\/api.w.org\/{rel}","templated":true}]}}