{"id":7058,"date":"2024-09-17T13:31:36","date_gmt":"2024-09-17T10:31:36","guid":{"rendered":"https:\/\/help.jamk.fi\/peppi-ohjeet-henkilokunnalle\/?page_id=7058"},"modified":"2025-08-18T15:32:36","modified_gmt":"2025-08-18T12:32:36","slug":"ilmoittautumisen-kohteen-opiskelijalistan-toiminnot-seka-ilmoittautumisen-ja-maksun-tilat","status":"publish","type":"page","link":"https:\/\/help.jamk.fi\/peppi-ohjeet-henkilokunnalle\/fi\/maksullinen-koulutus\/koulutuksen-suunnittelu-suunnittelijan-tyopoyta\/ilmoittautumisen-kohteen-opiskelijalistan-toiminnot-seka-ilmoittautumisen-ja-maksun-tilat\/","title":{"rendered":"Ilmoittautumisen kohteen opiskelijalistan toiminnot sek\u00e4 ilmoittautumisen ja maksun tilat"},"content":{"rendered":"\n<p>Opiskelijat-v\u00e4lilehdell\u00e4 k\u00e4ytt\u00e4j\u00e4 n\u00e4kee ilmoittautuneet henkil\u00f6t (kuvio 1).<\/p>\n\n\n\n<ul class=\"wp-block-list\">\n<li>Opiskelijat on listattu ilmoittautumisen tilojen mukaisten otsikoiden alle. Mik\u00e4li opiskelijan tila vaihtuu, siirtyy h\u00e4n oikean otsikon alle.<\/li>\n\n\n\n<li>Opiskelijoiden j\u00e4rjestysnumerot p\u00e4ivittyv\u00e4t listan el\u00e4ess\u00e4, esim. peruutusten my\u00f6t\u00e4. Numero h\u00e4vi\u00e4\u00e4 peruneilta, hyl\u00e4tyilt\u00e4 ja niilt\u00e4 jotka eiv\u00e4t ota paikkaa vastaan.<\/li>\n\n\n\n<li>Status -sarake edustaa maksun tilaa, joka p\u00e4ivittyy muuttuessaan.<\/li>\n\n\n\n<li>Listaa on mahdollista sortata my\u00f6s ilmoittautumisajan mukaan ko. sarakkeesta.<\/li>\n\n\n\n<li>Opiskelijan nimest\u00e4 ja opiskelijanumerosta (ilmestyy, kun opiskelija on tuotu v\u00e4livarastossa) p\u00e4\u00e4see linkill\u00e4 opiskeluoikeudelle.<\/li>\n\n\n\n<li>Ilmoittautumisrivin per\u00e4ss\u00e4 on Toiminnot -valikko josta saa esille erikseen ilmoittautumisen sek\u00e4 maksun tilan historiatiedot. Huom. Opiskelijan maksun tilaa pystyy muuttamaan vain opiskeluoikeudella.<\/li>\n\n\n\n<li>Opiskelijoiden s\u00e4hk\u00f6postit voi kopioida leikep\u00f6yd\u00e4lle ruksaamalla Sukunimi -sarakkeen edess\u00e4 olevan laatikon (tai vaihtoehtoisesti vain halutut opiskelijat kunkin kohdalta) ja valitsemalla sitten painike &#8221;Kopioi s\u00e4hk\u00f6postiosoitteet leikep\u00f6yd\u00e4lle&#8221;. Osoitteet voi sen j\u00e4lkeen liitt\u00e4\u00e4 suoraan s\u00e4hk\u00f6postin osoitekentt\u00e4\u00e4n.<\/li>\n<\/ul>\n\n\n\n<figure class=\"wp-block-image size-large\"><img loading=\"lazy\" decoding=\"async\" width=\"1024\" height=\"180\" src=\"https:\/\/help.jamk.fi\/peppi-ohjeet-henkilokunnalle\/wp-content\/uploads\/sites\/131\/2024\/09\/Ilmoittautumiset-kohteella-1024x180.png\" alt=\"Ilmoittautumiset kohteella\" class=\"wp-image-7059\" srcset=\"https:\/\/help.jamk.fi\/peppi-ohjeet-henkilokunnalle\/wp-content\/uploads\/sites\/131\/2024\/09\/Ilmoittautumiset-kohteella-1024x180.png 1024w, https:\/\/help.jamk.fi\/peppi-ohjeet-henkilokunnalle\/wp-content\/uploads\/sites\/131\/2024\/09\/Ilmoittautumiset-kohteella-300x53.png 300w, https:\/\/help.jamk.fi\/peppi-ohjeet-henkilokunnalle\/wp-content\/uploads\/sites\/131\/2024\/09\/Ilmoittautumiset-kohteella-768x135.png 768w, https:\/\/help.jamk.fi\/peppi-ohjeet-henkilokunnalle\/wp-content\/uploads\/sites\/131\/2024\/09\/Ilmoittautumiset-kohteella-1536x271.png 1536w, https:\/\/help.jamk.fi\/peppi-ohjeet-henkilokunnalle\/wp-content\/uploads\/sites\/131\/2024\/09\/Ilmoittautumiset-kohteella-2048x361.png 2048w\" sizes=\"auto, (max-width: 1024px) 100vw, 1024px\" \/><figcaption class=\"wp-element-caption\">Kuvio 1. Ilmoittautumiset kohteella<\/figcaption><\/figure>\n\n\n\n<p>K\u00e4yt\u00f6ss\u00e4 ovat seuraavat ilmoittautumisen tilat:<\/p>\n\n\n\n<ul class=\"wp-block-list\">\n<li>Ilmoittautuminen k\u00e4ynniss\u00e4*<\/li>\n\n\n\n<li>Hyv\u00e4ksytty<\/li>\n\n\n\n<li>Varasijalla \u2192 varasijalla ilmoittautumisj\u00e4rjestyskohteella tai ilmoittautunut ns. Muu kriteeri kohteelle ennen valintojen lukitusta (kaikki ilmoittautuneet ovat teknisesti varasijalla ennen lukitusta)<\/li>\n\n\n\n<li>Odottaa paikan vastaanottoa \u2192 paikkaa tarjottu ilmoittautuneelle joko peruutuksen my\u00f6t\u00e4 tai Muu kriteeri kohteen valintojen lukituksessa. <strong>Huom. Varasijamenettelyn tulee olla voimassa, jotta opiskelija nousee varasijalta &#8221;odottaa paikan vastaanottoa&#8221; listalle.<\/strong><\/li>\n\n\n\n<li>Peruttu \u2192 ilmoittautunut perunut itse tai kohde on peruttu<\/li>\n\n\n\n<li>Hyl\u00e4tty \u2192 ilmoittautunut ohitettu v\u00e4livarastossa<\/li>\n\n\n\n<li>Ei vastaanottanut paikkaa \u2192 ilmoittautunut j\u00e4tt\u00e4nyt vastaanottamatta tarjotun paikan aikarajan sis\u00e4ll\u00e4<\/li>\n\n\n\n<li>Ei valittu \u2192 ns. Muu kriteeri kohteen lukituksen j\u00e4lkeen valitsematta j\u00e4\u00e4nyt henkil\u00f6, joka j\u00e4\u00e4 varasijalle<\/li>\n\n\n\n<li>Ilmoittautunut lukituksen j\u00e4lkeen \u2192 ilmoittautunut kertaalleen lukitulle ja uudelleen ilmoittautumiseen avatulle Muu kriteeri kohteelle ennen uutta valintojen lukitusta<\/li>\n<\/ul>\n\n\n\n<p>*Maksullisen 2.0.1 version my\u00f6t\u00e4 tulossa Ilmoittautuminen k\u00e4ynniss\u00e4 -tilan n\u00e4kyvyyteen parannus, jossa tuodaan n\u00e4kyville jo alkanut ilmoittautuminen silloin, kun henkil\u00f6 ei ole viel\u00e4 tunnistautunut. T\u00e4llainen henkil\u00f6 n\u00e4kyy listalla nimell\u00e4 &#8221;ei viel\u00e4 tiedossa&#8221;. Kun henkil\u00f6 on tunnistautunut, ilmestyy nimitieto n\u00e4kyville.<\/p>\n\n\n\n<p>K\u00e4yt\u00f6ss\u00e4 ovat seuraavat maksun tilat:<\/p>\n\n\n\n<ul class=\"wp-block-list\">\n<li>Ei maksettu \u2192 ilmoittautumiseen ei viel\u00e4 liity maksutapahtumaa (ilmoittautuminen kesken tai ilmoittautuja j\u00e4\u00e4nyt varalle tai ilmoittautuneena Muu valinta -kohteelle ennen valintojen lukitusta)<\/li>\n\n\n\n<li>Odottaa maksua \u2192 ei maksettu, ilmoittautuminen tehty maksullisen moduulin oma maksutoiminto ohittaen (opintosuoritusta ei voi arvioida)<\/li>\n\n\n\n<li>Laskutettu \u2192 valittu lasku (opintosuoritusta ei voi arvioida)<\/li>\n\n\n\n<li>Maksettu verkossa \u2192 maksettu verkkomaksuna, tallentuu automaattisesti (opintosuoritus voidaan arvioida)<\/li>\n\n\n\n<li>Maksettu laskulla \u2192 kun opiskelija on maksanut laskun (opintosuoritus voidaan arvioida)<\/li>\n\n\n\n<li>Osittain maksettu laskulla \u2192 kun opiskelija on maksanut ensimm\u00e4isen er\u00e4n laskusta opinnosta, jonka kiinti\u00f6ryhm\u00e4ll\u00e4 on k\u00e4yt\u00f6ss\u00e4 er\u00e4laskutus (opintosuoritus voidaan arvioida)<\/li>\n\n\n\n<li>Ilmainen \u2192 maksuton opinto eli kohteen hinta on 0 euroa TAI opiskelijan maksettavaksi j\u00e4\u00e4 alennusten j\u00e4lkeen 0 euroa (sitten kun jatkokehitys alennuskoodeista on toteutettu), (opintosuoritus voidaan arvioida)<\/li>\n\n\n\n<li>Vapautettu \u2192 vapautettu maksusta koulun p\u00e4\u00e4tt\u00e4m\u00e4st\u00e4 syyst\u00e4 (opintosuoritus voidaan arvioida)<\/li>\n\n\n\n<li>Maksu hyvitetty \u2192 opiskelija ei suorita opintoa (ei voida arvioida)<\/li>\n<\/ul>\n","protected":false},"excerpt":{"rendered":"<p>Opiskelijat-v\u00e4lilehdell\u00e4 k\u00e4ytt\u00e4j\u00e4 n\u00e4kee ilmoittautuneet henkil\u00f6t (kuvio 1). K\u00e4yt\u00f6ss\u00e4 ovat seuraavat ilmoittautumisen tilat: *Maksullisen 2.0.1 version my\u00f6t\u00e4 tulossa Ilmoittautuminen k\u00e4ynniss\u00e4 -tilan n\u00e4kyvyyteen parannus, jossa tuodaan n\u00e4kyville jo alkanut ilmoittautuminen silloin, kun henkil\u00f6 ei ole viel\u00e4 tunnistautunut. T\u00e4llainen henkil\u00f6 n\u00e4kyy listalla nimell\u00e4 &#8221;ei viel\u00e4 tiedossa&#8221;. Kun henkil\u00f6 on tunnistautunut, ilmestyy nimitieto n\u00e4kyville. K\u00e4yt\u00f6ss\u00e4 ovat seuraavat maksun tilat:<\/p>\n","protected":false},"author":79,"featured_media":0,"parent":7203,"menu_order":9,"comment_status":"closed","ping_status":"closed","template":"","meta":{"_acf_changed":false,"_relevanssi_hide_post":"","_relevanssi_hide_content":"","_relevanssi_pin_for_all":"","_relevanssi_pin_keywords":"","_relevanssi_unpin_keywords":"","_relevanssi_related_keywords":"","_relevanssi_related_include_ids":"","_relevanssi_related_exclude_ids":"","_relevanssi_related_no_append":"","_relevanssi_related_not_related":"","_relevanssi_related_posts":"","_relevanssi_noindex_reason":"","footnotes":""},"categories":[],"tags":[178],"class_list":["post-7058","page","type-page","status-publish","hentry","tag-opiskelijoiden-kasittely"],"acf":[],"yoast_head":"<!-- This site is optimized with the Yoast SEO plugin v27.3 - https:\/\/yoast.com\/product\/yoast-seo-wordpress\/ -->\n<title>Ilmoittautumisen kohteen opiskelijalistan toiminnot sek\u00e4 ilmoittautumisen ja maksun tilat - Peppi-ohjeet henkil\u00f6kunnalle<\/title>\n<meta name=\"robots\" content=\"index, follow, max-snippet:-1, max-image-preview:large, max-video-preview:-1\" \/>\n<link rel=\"canonical\" href=\"https:\/\/help.jamk.fi\/peppi-ohjeet-henkilokunnalle\/fi\/maksullinen-koulutus\/koulutuksen-suunnittelu-suunnittelijan-tyopoyta\/ilmoittautumisen-kohteen-opiskelijalistan-toiminnot-seka-ilmoittautumisen-ja-maksun-tilat\/\" \/>\n<meta property=\"og:locale\" content=\"fi_FI\" \/>\n<meta property=\"og:type\" content=\"article\" \/>\n<meta property=\"og:title\" content=\"Ilmoittautumisen kohteen opiskelijalistan toiminnot sek\u00e4 ilmoittautumisen ja maksun tilat - Peppi-ohjeet henkil\u00f6kunnalle\" \/>\n<meta property=\"og:description\" content=\"Opiskelijat-v\u00e4lilehdell\u00e4 k\u00e4ytt\u00e4j\u00e4 n\u00e4kee ilmoittautuneet henkil\u00f6t (kuvio 1). K\u00e4yt\u00f6ss\u00e4 ovat seuraavat ilmoittautumisen tilat: *Maksullisen 2.0.1 version my\u00f6t\u00e4 tulossa Ilmoittautuminen k\u00e4ynniss\u00e4 -tilan n\u00e4kyvyyteen parannus, jossa tuodaan n\u00e4kyville jo alkanut ilmoittautuminen silloin, kun henkil\u00f6 ei ole viel\u00e4 tunnistautunut. T\u00e4llainen henkil\u00f6 n\u00e4kyy listalla nimell\u00e4 &#8221;ei viel\u00e4 tiedossa&#8221;. Kun henkil\u00f6 on tunnistautunut, ilmestyy nimitieto n\u00e4kyville. K\u00e4yt\u00f6ss\u00e4 ovat seuraavat maksun tilat:\" \/>\n<meta property=\"og:url\" content=\"https:\/\/help.jamk.fi\/peppi-ohjeet-henkilokunnalle\/fi\/maksullinen-koulutus\/koulutuksen-suunnittelu-suunnittelijan-tyopoyta\/ilmoittautumisen-kohteen-opiskelijalistan-toiminnot-seka-ilmoittautumisen-ja-maksun-tilat\/\" \/>\n<meta property=\"og:site_name\" content=\"Peppi-ohjeet henkil\u00f6kunnalle\" \/>\n<meta property=\"article:modified_time\" content=\"2025-08-18T12:32:36+00:00\" \/>\n<meta property=\"og:image\" content=\"https:\/\/help.jamk.fi\/peppi-ohjeet-henkilokunnalle\/wp-content\/uploads\/sites\/131\/2024\/09\/Ilmoittautumiset-kohteella.png\" \/>\n\t<meta property=\"og:image:width\" content=\"2548\" \/>\n\t<meta property=\"og:image:height\" content=\"449\" \/>\n\t<meta property=\"og:image:type\" content=\"image\/png\" \/>\n<meta name=\"twitter:card\" content=\"summary_large_image\" \/>\n<meta name=\"twitter:label1\" content=\"Arvioitu lukuaika\" \/>\n\t<meta name=\"twitter:data1\" content=\"3 minuuttia\" \/>\n<script type=\"application\/ld+json\" class=\"yoast-schema-graph\">{\"@context\":\"https:\\\/\\\/schema.org\",\"@graph\":[{\"@type\":\"WebPage\",\"@id\":\"https:\\\/\\\/help.jamk.fi\\\/peppi-ohjeet-henkilokunnalle\\\/fi\\\/maksullinen-koulutus\\\/koulutuksen-suunnittelu-suunnittelijan-tyopoyta\\\/ilmoittautumisen-kohteen-opiskelijalistan-toiminnot-seka-ilmoittautumisen-ja-maksun-tilat\\\/\",\"url\":\"https:\\\/\\\/help.jamk.fi\\\/peppi-ohjeet-henkilokunnalle\\\/fi\\\/maksullinen-koulutus\\\/koulutuksen-suunnittelu-suunnittelijan-tyopoyta\\\/ilmoittautumisen-kohteen-opiskelijalistan-toiminnot-seka-ilmoittautumisen-ja-maksun-tilat\\\/\",\"name\":\"Ilmoittautumisen kohteen opiskelijalistan toiminnot sek\u00e4 ilmoittautumisen ja maksun tilat - Peppi-ohjeet henkil\u00f6kunnalle\",\"isPartOf\":{\"@id\":\"https:\\\/\\\/help.jamk.fi\\\/peppi-ohjeet-henkilokunnalle\\\/#website\"},\"primaryImageOfPage\":{\"@id\":\"https:\\\/\\\/help.jamk.fi\\\/peppi-ohjeet-henkilokunnalle\\\/fi\\\/maksullinen-koulutus\\\/koulutuksen-suunnittelu-suunnittelijan-tyopoyta\\\/ilmoittautumisen-kohteen-opiskelijalistan-toiminnot-seka-ilmoittautumisen-ja-maksun-tilat\\\/#primaryimage\"},\"image\":{\"@id\":\"https:\\\/\\\/help.jamk.fi\\\/peppi-ohjeet-henkilokunnalle\\\/fi\\\/maksullinen-koulutus\\\/koulutuksen-suunnittelu-suunnittelijan-tyopoyta\\\/ilmoittautumisen-kohteen-opiskelijalistan-toiminnot-seka-ilmoittautumisen-ja-maksun-tilat\\\/#primaryimage\"},\"thumbnailUrl\":\"https:\\\/\\\/help.jamk.fi\\\/peppi-ohjeet-henkilokunnalle\\\/wp-content\\\/uploads\\\/sites\\\/131\\\/2024\\\/09\\\/Ilmoittautumiset-kohteella-1024x180.png\",\"datePublished\":\"2024-09-17T10:31:36+00:00\",\"dateModified\":\"2025-08-18T12:32:36+00:00\",\"breadcrumb\":{\"@id\":\"https:\\\/\\\/help.jamk.fi\\\/peppi-ohjeet-henkilokunnalle\\\/fi\\\/maksullinen-koulutus\\\/koulutuksen-suunnittelu-suunnittelijan-tyopoyta\\\/ilmoittautumisen-kohteen-opiskelijalistan-toiminnot-seka-ilmoittautumisen-ja-maksun-tilat\\\/#breadcrumb\"},\"inLanguage\":\"fi\",\"potentialAction\":[{\"@type\":\"ReadAction\",\"target\":[\"https:\\\/\\\/help.jamk.fi\\\/peppi-ohjeet-henkilokunnalle\\\/fi\\\/maksullinen-koulutus\\\/koulutuksen-suunnittelu-suunnittelijan-tyopoyta\\\/ilmoittautumisen-kohteen-opiskelijalistan-toiminnot-seka-ilmoittautumisen-ja-maksun-tilat\\\/\"]}]},{\"@type\":\"ImageObject\",\"inLanguage\":\"fi\",\"@id\":\"https:\\\/\\\/help.jamk.fi\\\/peppi-ohjeet-henkilokunnalle\\\/fi\\\/maksullinen-koulutus\\\/koulutuksen-suunnittelu-suunnittelijan-tyopoyta\\\/ilmoittautumisen-kohteen-opiskelijalistan-toiminnot-seka-ilmoittautumisen-ja-maksun-tilat\\\/#primaryimage\",\"url\":\"https:\\\/\\\/help.jamk.fi\\\/peppi-ohjeet-henkilokunnalle\\\/wp-content\\\/uploads\\\/sites\\\/131\\\/2024\\\/09\\\/Ilmoittautumiset-kohteella.png\",\"contentUrl\":\"https:\\\/\\\/help.jamk.fi\\\/peppi-ohjeet-henkilokunnalle\\\/wp-content\\\/uploads\\\/sites\\\/131\\\/2024\\\/09\\\/Ilmoittautumiset-kohteella.png\",\"width\":2548,\"height\":449,\"caption\":\"Kuvio 1. Ilmoittautumiset kohteella\"},{\"@type\":\"BreadcrumbList\",\"@id\":\"https:\\\/\\\/help.jamk.fi\\\/peppi-ohjeet-henkilokunnalle\\\/fi\\\/maksullinen-koulutus\\\/koulutuksen-suunnittelu-suunnittelijan-tyopoyta\\\/ilmoittautumisen-kohteen-opiskelijalistan-toiminnot-seka-ilmoittautumisen-ja-maksun-tilat\\\/#breadcrumb\",\"itemListElement\":[{\"@type\":\"ListItem\",\"position\":1,\"name\":\"Home\",\"item\":\"https:\\\/\\\/help.jamk.fi\\\/peppi-ohjeet-henkilokunnalle\\\/en\\\/\"},{\"@type\":\"ListItem\",\"position\":2,\"name\":\"Maksullinen koulutus\",\"item\":\"https:\\\/\\\/help.jamk.fi\\\/peppi-ohjeet-henkilokunnalle\\\/fi\\\/maksullinen-koulutus\\\/\"},{\"@type\":\"ListItem\",\"position\":3,\"name\":\"Koulutuksen suunnittelu &#8211; suunnittelijan ty\u00f6p\u00f6yt\u00e4\",\"item\":\"https:\\\/\\\/help.jamk.fi\\\/peppi-ohjeet-henkilokunnalle\\\/fi\\\/maksullinen-koulutus\\\/koulutuksen-suunnittelu-suunnittelijan-tyopoyta\\\/\"},{\"@type\":\"ListItem\",\"position\":4,\"name\":\"Ilmoittautumisen kohteen opiskelijalistan toiminnot sek\u00e4 ilmoittautumisen ja maksun tilat\"}]},{\"@type\":\"WebSite\",\"@id\":\"https:\\\/\\\/help.jamk.fi\\\/peppi-ohjeet-henkilokunnalle\\\/#website\",\"url\":\"https:\\\/\\\/help.jamk.fi\\\/peppi-ohjeet-henkilokunnalle\\\/\",\"name\":\"Peppi-ohjeet henkil\u00f6kunnalle\",\"description\":\"\",\"potentialAction\":[{\"@type\":\"SearchAction\",\"target\":{\"@type\":\"EntryPoint\",\"urlTemplate\":\"https:\\\/\\\/help.jamk.fi\\\/peppi-ohjeet-henkilokunnalle\\\/?s={search_term_string}\"},\"query-input\":{\"@type\":\"PropertyValueSpecification\",\"valueRequired\":true,\"valueName\":\"search_term_string\"}}],\"inLanguage\":\"fi\"}]}<\/script>\n<!-- \/ Yoast SEO plugin. -->","yoast_head_json":{"title":"Ilmoittautumisen kohteen opiskelijalistan toiminnot sek\u00e4 ilmoittautumisen ja maksun tilat - Peppi-ohjeet henkil\u00f6kunnalle","robots":{"index":"index","follow":"follow","max-snippet":"max-snippet:-1","max-image-preview":"max-image-preview:large","max-video-preview":"max-video-preview:-1"},"canonical":"https:\/\/help.jamk.fi\/peppi-ohjeet-henkilokunnalle\/fi\/maksullinen-koulutus\/koulutuksen-suunnittelu-suunnittelijan-tyopoyta\/ilmoittautumisen-kohteen-opiskelijalistan-toiminnot-seka-ilmoittautumisen-ja-maksun-tilat\/","og_locale":"fi_FI","og_type":"article","og_title":"Ilmoittautumisen kohteen opiskelijalistan toiminnot sek\u00e4 ilmoittautumisen ja maksun tilat - Peppi-ohjeet henkil\u00f6kunnalle","og_description":"Opiskelijat-v\u00e4lilehdell\u00e4 k\u00e4ytt\u00e4j\u00e4 n\u00e4kee ilmoittautuneet henkil\u00f6t (kuvio 1). K\u00e4yt\u00f6ss\u00e4 ovat seuraavat ilmoittautumisen tilat: *Maksullisen 2.0.1 version my\u00f6t\u00e4 tulossa Ilmoittautuminen k\u00e4ynniss\u00e4 -tilan n\u00e4kyvyyteen parannus, jossa tuodaan n\u00e4kyville jo alkanut ilmoittautuminen silloin, kun henkil\u00f6 ei ole viel\u00e4 tunnistautunut. T\u00e4llainen henkil\u00f6 n\u00e4kyy listalla nimell\u00e4 &#8221;ei viel\u00e4 tiedossa&#8221;. Kun henkil\u00f6 on tunnistautunut, ilmestyy nimitieto n\u00e4kyville. K\u00e4yt\u00f6ss\u00e4 ovat seuraavat maksun tilat:","og_url":"https:\/\/help.jamk.fi\/peppi-ohjeet-henkilokunnalle\/fi\/maksullinen-koulutus\/koulutuksen-suunnittelu-suunnittelijan-tyopoyta\/ilmoittautumisen-kohteen-opiskelijalistan-toiminnot-seka-ilmoittautumisen-ja-maksun-tilat\/","og_site_name":"Peppi-ohjeet henkil\u00f6kunnalle","article_modified_time":"2025-08-18T12:32:36+00:00","og_image":[{"width":2548,"height":449,"url":"https:\/\/help.jamk.fi\/peppi-ohjeet-henkilokunnalle\/wp-content\/uploads\/sites\/131\/2024\/09\/Ilmoittautumiset-kohteella.png","type":"image\/png"}],"twitter_card":"summary_large_image","twitter_misc":{"Arvioitu lukuaika":"3 minuuttia"},"schema":{"@context":"https:\/\/schema.org","@graph":[{"@type":"WebPage","@id":"https:\/\/help.jamk.fi\/peppi-ohjeet-henkilokunnalle\/fi\/maksullinen-koulutus\/koulutuksen-suunnittelu-suunnittelijan-tyopoyta\/ilmoittautumisen-kohteen-opiskelijalistan-toiminnot-seka-ilmoittautumisen-ja-maksun-tilat\/","url":"https:\/\/help.jamk.fi\/peppi-ohjeet-henkilokunnalle\/fi\/maksullinen-koulutus\/koulutuksen-suunnittelu-suunnittelijan-tyopoyta\/ilmoittautumisen-kohteen-opiskelijalistan-toiminnot-seka-ilmoittautumisen-ja-maksun-tilat\/","name":"Ilmoittautumisen kohteen opiskelijalistan toiminnot sek\u00e4 ilmoittautumisen ja maksun tilat - Peppi-ohjeet henkil\u00f6kunnalle","isPartOf":{"@id":"https:\/\/help.jamk.fi\/peppi-ohjeet-henkilokunnalle\/#website"},"primaryImageOfPage":{"@id":"https:\/\/help.jamk.fi\/peppi-ohjeet-henkilokunnalle\/fi\/maksullinen-koulutus\/koulutuksen-suunnittelu-suunnittelijan-tyopoyta\/ilmoittautumisen-kohteen-opiskelijalistan-toiminnot-seka-ilmoittautumisen-ja-maksun-tilat\/#primaryimage"},"image":{"@id":"https:\/\/help.jamk.fi\/peppi-ohjeet-henkilokunnalle\/fi\/maksullinen-koulutus\/koulutuksen-suunnittelu-suunnittelijan-tyopoyta\/ilmoittautumisen-kohteen-opiskelijalistan-toiminnot-seka-ilmoittautumisen-ja-maksun-tilat\/#primaryimage"},"thumbnailUrl":"https:\/\/help.jamk.fi\/peppi-ohjeet-henkilokunnalle\/wp-content\/uploads\/sites\/131\/2024\/09\/Ilmoittautumiset-kohteella-1024x180.png","datePublished":"2024-09-17T10:31:36+00:00","dateModified":"2025-08-18T12:32:36+00:00","breadcrumb":{"@id":"https:\/\/help.jamk.fi\/peppi-ohjeet-henkilokunnalle\/fi\/maksullinen-koulutus\/koulutuksen-suunnittelu-suunnittelijan-tyopoyta\/ilmoittautumisen-kohteen-opiskelijalistan-toiminnot-seka-ilmoittautumisen-ja-maksun-tilat\/#breadcrumb"},"inLanguage":"fi","potentialAction":[{"@type":"ReadAction","target":["https:\/\/help.jamk.fi\/peppi-ohjeet-henkilokunnalle\/fi\/maksullinen-koulutus\/koulutuksen-suunnittelu-suunnittelijan-tyopoyta\/ilmoittautumisen-kohteen-opiskelijalistan-toiminnot-seka-ilmoittautumisen-ja-maksun-tilat\/"]}]},{"@type":"ImageObject","inLanguage":"fi","@id":"https:\/\/help.jamk.fi\/peppi-ohjeet-henkilokunnalle\/fi\/maksullinen-koulutus\/koulutuksen-suunnittelu-suunnittelijan-tyopoyta\/ilmoittautumisen-kohteen-opiskelijalistan-toiminnot-seka-ilmoittautumisen-ja-maksun-tilat\/#primaryimage","url":"https:\/\/help.jamk.fi\/peppi-ohjeet-henkilokunnalle\/wp-content\/uploads\/sites\/131\/2024\/09\/Ilmoittautumiset-kohteella.png","contentUrl":"https:\/\/help.jamk.fi\/peppi-ohjeet-henkilokunnalle\/wp-content\/uploads\/sites\/131\/2024\/09\/Ilmoittautumiset-kohteella.png","width":2548,"height":449,"caption":"Kuvio 1. Ilmoittautumiset kohteella"},{"@type":"BreadcrumbList","@id":"https:\/\/help.jamk.fi\/peppi-ohjeet-henkilokunnalle\/fi\/maksullinen-koulutus\/koulutuksen-suunnittelu-suunnittelijan-tyopoyta\/ilmoittautumisen-kohteen-opiskelijalistan-toiminnot-seka-ilmoittautumisen-ja-maksun-tilat\/#breadcrumb","itemListElement":[{"@type":"ListItem","position":1,"name":"Home","item":"https:\/\/help.jamk.fi\/peppi-ohjeet-henkilokunnalle\/en\/"},{"@type":"ListItem","position":2,"name":"Maksullinen koulutus","item":"https:\/\/help.jamk.fi\/peppi-ohjeet-henkilokunnalle\/fi\/maksullinen-koulutus\/"},{"@type":"ListItem","position":3,"name":"Koulutuksen suunnittelu &#8211; suunnittelijan ty\u00f6p\u00f6yt\u00e4","item":"https:\/\/help.jamk.fi\/peppi-ohjeet-henkilokunnalle\/fi\/maksullinen-koulutus\/koulutuksen-suunnittelu-suunnittelijan-tyopoyta\/"},{"@type":"ListItem","position":4,"name":"Ilmoittautumisen kohteen opiskelijalistan toiminnot sek\u00e4 ilmoittautumisen ja maksun tilat"}]},{"@type":"WebSite","@id":"https:\/\/help.jamk.fi\/peppi-ohjeet-henkilokunnalle\/#website","url":"https:\/\/help.jamk.fi\/peppi-ohjeet-henkilokunnalle\/","name":"Peppi-ohjeet henkil\u00f6kunnalle","description":"","potentialAction":[{"@type":"SearchAction","target":{"@type":"EntryPoint","urlTemplate":"https:\/\/help.jamk.fi\/peppi-ohjeet-henkilokunnalle\/?s={search_term_string}"},"query-input":{"@type":"PropertyValueSpecification","valueRequired":true,"valueName":"search_term_string"}}],"inLanguage":"fi"}]}},"_links":{"self":[{"href":"https:\/\/help.jamk.fi\/peppi-ohjeet-henkilokunnalle\/wp-json\/wp\/v2\/pages\/7058","targetHints":{"allow":["GET"]}}],"collection":[{"href":"https:\/\/help.jamk.fi\/peppi-ohjeet-henkilokunnalle\/wp-json\/wp\/v2\/pages"}],"about":[{"href":"https:\/\/help.jamk.fi\/peppi-ohjeet-henkilokunnalle\/wp-json\/wp\/v2\/types\/page"}],"author":[{"embeddable":true,"href":"https:\/\/help.jamk.fi\/peppi-ohjeet-henkilokunnalle\/wp-json\/wp\/v2\/users\/79"}],"replies":[{"embeddable":true,"href":"https:\/\/help.jamk.fi\/peppi-ohjeet-henkilokunnalle\/wp-json\/wp\/v2\/comments?post=7058"}],"version-history":[{"count":2,"href":"https:\/\/help.jamk.fi\/peppi-ohjeet-henkilokunnalle\/wp-json\/wp\/v2\/pages\/7058\/revisions"}],"predecessor-version":[{"id":7702,"href":"https:\/\/help.jamk.fi\/peppi-ohjeet-henkilokunnalle\/wp-json\/wp\/v2\/pages\/7058\/revisions\/7702"}],"up":[{"embeddable":true,"href":"https:\/\/help.jamk.fi\/peppi-ohjeet-henkilokunnalle\/wp-json\/wp\/v2\/pages\/7203"}],"wp:attachment":[{"href":"https:\/\/help.jamk.fi\/peppi-ohjeet-henkilokunnalle\/wp-json\/wp\/v2\/media?parent=7058"}],"wp:term":[{"taxonomy":"category","embeddable":true,"href":"https:\/\/help.jamk.fi\/peppi-ohjeet-henkilokunnalle\/wp-json\/wp\/v2\/categories?post=7058"},{"taxonomy":"post_tag","embeddable":true,"href":"https:\/\/help.jamk.fi\/peppi-ohjeet-henkilokunnalle\/wp-json\/wp\/v2\/tags?post=7058"}],"curies":[{"name":"wp","href":"https:\/\/api.w.org\/{rel}","templated":true}]}}