{"id":7063,"date":"2024-09-18T15:49:16","date_gmt":"2024-09-18T12:49:16","guid":{"rendered":"https:\/\/help.jamk.fi\/peppi-ohjeet-henkilokunnalle\/?page_id=7063"},"modified":"2024-10-24T12:37:33","modified_gmt":"2024-10-24T09:37:33","slug":"julkaistun-ilmoittautumisen-kohteen-kiintion-nostaminen-kun-kohteella-on-varasijalaisia","status":"publish","type":"page","link":"https:\/\/help.jamk.fi\/peppi-ohjeet-henkilokunnalle\/fi\/maksullinen-koulutus\/koulutuksen-suunnittelu-suunnittelijan-tyopoyta\/julkaistun-ilmoittautumisen-kohteen-kiintion-nostaminen-kun-kohteella-on-varasijalaisia\/","title":{"rendered":"Julkaistun ilmoittautumisen kohteen kiinti\u00f6n nostaminen, kun kohteella on varasijalaisia"},"content":{"rendered":"\n<p>On t\u00e4rke\u00e4\u00e4 toimia <strong>oikeassa j\u00e4rjestyksess\u00e4<\/strong> silloin, kun halutaan nostaa ilmoittautumisen kohteen kiinti\u00f6t\u00e4 julkaisun j\u00e4lkeen ja ottaa ilmoittautuneita varasijalta mukaan koulutukseen. Alla esitet\u00e4\u00e4n vaihtoehtoisia malleja, joiden mukaan voit toimia. <strong>Muut j\u00e4rjestykset eiv\u00e4t ole toimivia!<\/strong><\/p>\n\n\n\n<p>Vaihtoehdot:<\/p>\n\n\n\n<h2 class=\"wp-block-heading\">A) Kohde julkinen, varasijamenettely p\u00e4\u00e4ttynyt, kiinti\u00f6ss\u00e4 ei ole tilaa<\/h2>\n\n\n\n<ol class=\"wp-block-list\">\n<li>Palauta ilmoittautumisen kohde luonnos-tilaan, koska menettely\u00e4 ei voi muuten jatkaa.<\/li>\n\n\n\n<li>Nosta kiinti\u00f6.<\/li>\n\n\n\n<li>Aseta varasijamenettely voimaan.\n<ul class=\"wp-block-list\">\n<li>Paikka vapautuu luonnos-tilassa.<\/li>\n<\/ul>\n<\/li>\n<\/ol>\n\n\n\n<h2 class=\"wp-block-heading\">B) Kohde julkinen, varasijamenettely p\u00e4\u00e4ttynyt, kiinti\u00f6ss\u00e4 ei ole tilaa (vaihtoehtoinen toimintatapa kohdalle A)<\/h2>\n\n\n\n<ol class=\"wp-block-list\">\n<li>Nosta kiinti\u00f6 julkaistussa tilassa.<\/li>\n\n\n\n<li>Palauta ilmoittautumisen kohde luonnos-tilaan, koska menettely\u00e4 ei voi muuten jatkaa.<\/li>\n\n\n\n<li>Aseta varasijamenettely voimaan.\n<ul class=\"wp-block-list\">\n<li>Paikka vapautuu luonnos-tilassa.<\/li>\n<\/ul>\n<\/li>\n<\/ol>\n\n\n\n<h2 class=\"wp-block-heading\">C) Kohde julkinen, varasijamenettely voimassa, kiinti\u00f6ss\u00e4 ei ole tilaa<\/h2>\n\n\n\n<ol class=\"wp-block-list\">\n<li>Nosta kiinti\u00f6 julkaistussa tilassa.\n<ul class=\"wp-block-list\">\n<li>Paikka vapautuu, koska kiinti\u00f6 nostetaan julkaistussa tilassa ja menettely on voimassa.<\/li>\n<\/ul>\n<\/li>\n<\/ol>\n\n\n\n<h2 class=\"wp-block-heading\">D) Kohde julkinen, varasijamenettely p\u00e4\u00e4ttynyt, kiinti\u00f6ss\u00e4 on tilaa<\/h2>\n\n\n\n<ol class=\"wp-block-list\">\n<li>Palauta ilmoittautumisen kohde luonnos-tilaan, koska menettely\u00e4 ei voi muuten jatkaa.<\/li>\n\n\n\n<li>Aseta varasijamenettely voimaan.\n<ul class=\"wp-block-list\">\n<li>Paikka vapautuu luonnos-tilassa.<\/li>\n<\/ul>\n<\/li>\n<\/ol>\n","protected":false},"excerpt":{"rendered":"<p>On t\u00e4rke\u00e4\u00e4 toimia oikeassa j\u00e4rjestyksess\u00e4 silloin, kun halutaan nostaa ilmoittautumisen kohteen kiinti\u00f6t\u00e4 julkaisun j\u00e4lkeen ja ottaa ilmoittautuneita varasijalta mukaan koulutukseen. Alla esitet\u00e4\u00e4n vaihtoehtoisia malleja, joiden mukaan voit toimia. Muut j\u00e4rjestykset eiv\u00e4t ole toimivia! Vaihtoehdot: A) Kohde julkinen, varasijamenettely p\u00e4\u00e4ttynyt, kiinti\u00f6ss\u00e4 ei ole tilaa B) Kohde julkinen, varasijamenettely p\u00e4\u00e4ttynyt, kiinti\u00f6ss\u00e4 ei ole tilaa (vaihtoehtoinen toimintatapa kohdalle [&hellip;]<\/p>\n","protected":false},"author":79,"featured_media":0,"parent":7203,"menu_order":10,"comment_status":"closed","ping_status":"closed","template":"","meta":{"_acf_changed":false,"_relevanssi_hide_post":"","_relevanssi_hide_content":"","_relevanssi_pin_for_all":"","_relevanssi_pin_keywords":"","_relevanssi_unpin_keywords":"","_relevanssi_related_keywords":"","_relevanssi_related_include_ids":"","_relevanssi_related_exclude_ids":"","_relevanssi_related_no_append":"","_relevanssi_related_not_related":"","_relevanssi_related_posts":"","_relevanssi_noindex_reason":"","footnotes":""},"categories":[],"tags":[184,198],"class_list":["post-7063","page","type-page","status-publish","hentry","tag-ilmoittautumisen-kohde","tag-varasijamenettely"],"acf":[],"yoast_head":"<!-- This site is optimized with the Yoast SEO plugin v27.4 - https:\/\/yoast.com\/product\/yoast-seo-wordpress\/ -->\n<title>Julkaistun ilmoittautumisen kohteen kiinti\u00f6n nostaminen, kun kohteella on varasijalaisia - Peppi-ohjeet henkil\u00f6kunnalle<\/title>\n<meta name=\"robots\" content=\"index, follow, max-snippet:-1, max-image-preview:large, max-video-preview:-1\" \/>\n<link rel=\"canonical\" href=\"https:\/\/help.jamk.fi\/peppi-ohjeet-henkilokunnalle\/fi\/maksullinen-koulutus\/koulutuksen-suunnittelu-suunnittelijan-tyopoyta\/julkaistun-ilmoittautumisen-kohteen-kiintion-nostaminen-kun-kohteella-on-varasijalaisia\/\" \/>\n<meta property=\"og:locale\" content=\"fi_FI\" \/>\n<meta property=\"og:type\" content=\"article\" \/>\n<meta property=\"og:title\" content=\"Julkaistun ilmoittautumisen kohteen kiinti\u00f6n nostaminen, kun kohteella on varasijalaisia - Peppi-ohjeet henkil\u00f6kunnalle\" \/>\n<meta property=\"og:description\" content=\"On t\u00e4rke\u00e4\u00e4 toimia oikeassa j\u00e4rjestyksess\u00e4 silloin, kun halutaan nostaa ilmoittautumisen kohteen kiinti\u00f6t\u00e4 julkaisun j\u00e4lkeen ja ottaa ilmoittautuneita varasijalta mukaan koulutukseen. Alla esitet\u00e4\u00e4n vaihtoehtoisia malleja, joiden mukaan voit toimia. Muut j\u00e4rjestykset eiv\u00e4t ole toimivia! Vaihtoehdot: A) Kohde julkinen, varasijamenettely p\u00e4\u00e4ttynyt, kiinti\u00f6ss\u00e4 ei ole tilaa B) Kohde julkinen, varasijamenettely p\u00e4\u00e4ttynyt, kiinti\u00f6ss\u00e4 ei ole tilaa (vaihtoehtoinen toimintatapa kohdalle [&hellip;]\" \/>\n<meta property=\"og:url\" content=\"https:\/\/help.jamk.fi\/peppi-ohjeet-henkilokunnalle\/fi\/maksullinen-koulutus\/koulutuksen-suunnittelu-suunnittelijan-tyopoyta\/julkaistun-ilmoittautumisen-kohteen-kiintion-nostaminen-kun-kohteella-on-varasijalaisia\/\" \/>\n<meta property=\"og:site_name\" content=\"Peppi-ohjeet henkil\u00f6kunnalle\" \/>\n<meta property=\"article:modified_time\" content=\"2024-10-24T09:37:33+00:00\" \/>\n<meta name=\"twitter:card\" content=\"summary_large_image\" \/>\n<meta name=\"twitter:label1\" content=\"Arvioitu lukuaika\" \/>\n\t<meta name=\"twitter:data1\" content=\"1 minuutti\" \/>\n<script type=\"application\/ld+json\" class=\"yoast-schema-graph\">{\"@context\":\"https:\\\/\\\/schema.org\",\"@graph\":[{\"@type\":\"WebPage\",\"@id\":\"https:\\\/\\\/help.jamk.fi\\\/peppi-ohjeet-henkilokunnalle\\\/fi\\\/maksullinen-koulutus\\\/koulutuksen-suunnittelu-suunnittelijan-tyopoyta\\\/julkaistun-ilmoittautumisen-kohteen-kiintion-nostaminen-kun-kohteella-on-varasijalaisia\\\/\",\"url\":\"https:\\\/\\\/help.jamk.fi\\\/peppi-ohjeet-henkilokunnalle\\\/fi\\\/maksullinen-koulutus\\\/koulutuksen-suunnittelu-suunnittelijan-tyopoyta\\\/julkaistun-ilmoittautumisen-kohteen-kiintion-nostaminen-kun-kohteella-on-varasijalaisia\\\/\",\"name\":\"Julkaistun ilmoittautumisen kohteen kiinti\u00f6n nostaminen, kun kohteella on varasijalaisia - Peppi-ohjeet henkil\u00f6kunnalle\",\"isPartOf\":{\"@id\":\"https:\\\/\\\/help.jamk.fi\\\/peppi-ohjeet-henkilokunnalle\\\/#website\"},\"datePublished\":\"2024-09-18T12:49:16+00:00\",\"dateModified\":\"2024-10-24T09:37:33+00:00\",\"breadcrumb\":{\"@id\":\"https:\\\/\\\/help.jamk.fi\\\/peppi-ohjeet-henkilokunnalle\\\/fi\\\/maksullinen-koulutus\\\/koulutuksen-suunnittelu-suunnittelijan-tyopoyta\\\/julkaistun-ilmoittautumisen-kohteen-kiintion-nostaminen-kun-kohteella-on-varasijalaisia\\\/#breadcrumb\"},\"inLanguage\":\"fi\",\"potentialAction\":[{\"@type\":\"ReadAction\",\"target\":[\"https:\\\/\\\/help.jamk.fi\\\/peppi-ohjeet-henkilokunnalle\\\/fi\\\/maksullinen-koulutus\\\/koulutuksen-suunnittelu-suunnittelijan-tyopoyta\\\/julkaistun-ilmoittautumisen-kohteen-kiintion-nostaminen-kun-kohteella-on-varasijalaisia\\\/\"]}]},{\"@type\":\"BreadcrumbList\",\"@id\":\"https:\\\/\\\/help.jamk.fi\\\/peppi-ohjeet-henkilokunnalle\\\/fi\\\/maksullinen-koulutus\\\/koulutuksen-suunnittelu-suunnittelijan-tyopoyta\\\/julkaistun-ilmoittautumisen-kohteen-kiintion-nostaminen-kun-kohteella-on-varasijalaisia\\\/#breadcrumb\",\"itemListElement\":[{\"@type\":\"ListItem\",\"position\":1,\"name\":\"Home\",\"item\":\"https:\\\/\\\/help.jamk.fi\\\/peppi-ohjeet-henkilokunnalle\\\/en\\\/\"},{\"@type\":\"ListItem\",\"position\":2,\"name\":\"Maksullinen koulutus\",\"item\":\"https:\\\/\\\/help.jamk.fi\\\/peppi-ohjeet-henkilokunnalle\\\/fi\\\/maksullinen-koulutus\\\/\"},{\"@type\":\"ListItem\",\"position\":3,\"name\":\"Koulutuksen suunnittelu &#8211; suunnittelijan ty\u00f6p\u00f6yt\u00e4\",\"item\":\"https:\\\/\\\/help.jamk.fi\\\/peppi-ohjeet-henkilokunnalle\\\/fi\\\/maksullinen-koulutus\\\/koulutuksen-suunnittelu-suunnittelijan-tyopoyta\\\/\"},{\"@type\":\"ListItem\",\"position\":4,\"name\":\"Julkaistun ilmoittautumisen kohteen kiinti\u00f6n nostaminen, kun kohteella on varasijalaisia\"}]},{\"@type\":\"WebSite\",\"@id\":\"https:\\\/\\\/help.jamk.fi\\\/peppi-ohjeet-henkilokunnalle\\\/#website\",\"url\":\"https:\\\/\\\/help.jamk.fi\\\/peppi-ohjeet-henkilokunnalle\\\/\",\"name\":\"Peppi-ohjeet henkil\u00f6kunnalle\",\"description\":\"\",\"potentialAction\":[{\"@type\":\"SearchAction\",\"target\":{\"@type\":\"EntryPoint\",\"urlTemplate\":\"https:\\\/\\\/help.jamk.fi\\\/peppi-ohjeet-henkilokunnalle\\\/?s={search_term_string}\"},\"query-input\":{\"@type\":\"PropertyValueSpecification\",\"valueRequired\":true,\"valueName\":\"search_term_string\"}}],\"inLanguage\":\"fi\"}]}<\/script>\n<!-- \/ Yoast SEO plugin. -->","yoast_head_json":{"title":"Julkaistun ilmoittautumisen kohteen kiinti\u00f6n nostaminen, kun kohteella on varasijalaisia - Peppi-ohjeet henkil\u00f6kunnalle","robots":{"index":"index","follow":"follow","max-snippet":"max-snippet:-1","max-image-preview":"max-image-preview:large","max-video-preview":"max-video-preview:-1"},"canonical":"https:\/\/help.jamk.fi\/peppi-ohjeet-henkilokunnalle\/fi\/maksullinen-koulutus\/koulutuksen-suunnittelu-suunnittelijan-tyopoyta\/julkaistun-ilmoittautumisen-kohteen-kiintion-nostaminen-kun-kohteella-on-varasijalaisia\/","og_locale":"fi_FI","og_type":"article","og_title":"Julkaistun ilmoittautumisen kohteen kiinti\u00f6n nostaminen, kun kohteella on varasijalaisia - Peppi-ohjeet henkil\u00f6kunnalle","og_description":"On t\u00e4rke\u00e4\u00e4 toimia oikeassa j\u00e4rjestyksess\u00e4 silloin, kun halutaan nostaa ilmoittautumisen kohteen kiinti\u00f6t\u00e4 julkaisun j\u00e4lkeen ja ottaa ilmoittautuneita varasijalta mukaan koulutukseen. Alla esitet\u00e4\u00e4n vaihtoehtoisia malleja, joiden mukaan voit toimia. Muut j\u00e4rjestykset eiv\u00e4t ole toimivia! Vaihtoehdot: A) Kohde julkinen, varasijamenettely p\u00e4\u00e4ttynyt, kiinti\u00f6ss\u00e4 ei ole tilaa B) Kohde julkinen, varasijamenettely p\u00e4\u00e4ttynyt, kiinti\u00f6ss\u00e4 ei ole tilaa (vaihtoehtoinen toimintatapa kohdalle [&hellip;]","og_url":"https:\/\/help.jamk.fi\/peppi-ohjeet-henkilokunnalle\/fi\/maksullinen-koulutus\/koulutuksen-suunnittelu-suunnittelijan-tyopoyta\/julkaistun-ilmoittautumisen-kohteen-kiintion-nostaminen-kun-kohteella-on-varasijalaisia\/","og_site_name":"Peppi-ohjeet henkil\u00f6kunnalle","article_modified_time":"2024-10-24T09:37:33+00:00","twitter_card":"summary_large_image","twitter_misc":{"Arvioitu lukuaika":"1 minuutti"},"schema":{"@context":"https:\/\/schema.org","@graph":[{"@type":"WebPage","@id":"https:\/\/help.jamk.fi\/peppi-ohjeet-henkilokunnalle\/fi\/maksullinen-koulutus\/koulutuksen-suunnittelu-suunnittelijan-tyopoyta\/julkaistun-ilmoittautumisen-kohteen-kiintion-nostaminen-kun-kohteella-on-varasijalaisia\/","url":"https:\/\/help.jamk.fi\/peppi-ohjeet-henkilokunnalle\/fi\/maksullinen-koulutus\/koulutuksen-suunnittelu-suunnittelijan-tyopoyta\/julkaistun-ilmoittautumisen-kohteen-kiintion-nostaminen-kun-kohteella-on-varasijalaisia\/","name":"Julkaistun ilmoittautumisen kohteen kiinti\u00f6n nostaminen, kun kohteella on varasijalaisia - Peppi-ohjeet henkil\u00f6kunnalle","isPartOf":{"@id":"https:\/\/help.jamk.fi\/peppi-ohjeet-henkilokunnalle\/#website"},"datePublished":"2024-09-18T12:49:16+00:00","dateModified":"2024-10-24T09:37:33+00:00","breadcrumb":{"@id":"https:\/\/help.jamk.fi\/peppi-ohjeet-henkilokunnalle\/fi\/maksullinen-koulutus\/koulutuksen-suunnittelu-suunnittelijan-tyopoyta\/julkaistun-ilmoittautumisen-kohteen-kiintion-nostaminen-kun-kohteella-on-varasijalaisia\/#breadcrumb"},"inLanguage":"fi","potentialAction":[{"@type":"ReadAction","target":["https:\/\/help.jamk.fi\/peppi-ohjeet-henkilokunnalle\/fi\/maksullinen-koulutus\/koulutuksen-suunnittelu-suunnittelijan-tyopoyta\/julkaistun-ilmoittautumisen-kohteen-kiintion-nostaminen-kun-kohteella-on-varasijalaisia\/"]}]},{"@type":"BreadcrumbList","@id":"https:\/\/help.jamk.fi\/peppi-ohjeet-henkilokunnalle\/fi\/maksullinen-koulutus\/koulutuksen-suunnittelu-suunnittelijan-tyopoyta\/julkaistun-ilmoittautumisen-kohteen-kiintion-nostaminen-kun-kohteella-on-varasijalaisia\/#breadcrumb","itemListElement":[{"@type":"ListItem","position":1,"name":"Home","item":"https:\/\/help.jamk.fi\/peppi-ohjeet-henkilokunnalle\/en\/"},{"@type":"ListItem","position":2,"name":"Maksullinen koulutus","item":"https:\/\/help.jamk.fi\/peppi-ohjeet-henkilokunnalle\/fi\/maksullinen-koulutus\/"},{"@type":"ListItem","position":3,"name":"Koulutuksen suunnittelu &#8211; suunnittelijan ty\u00f6p\u00f6yt\u00e4","item":"https:\/\/help.jamk.fi\/peppi-ohjeet-henkilokunnalle\/fi\/maksullinen-koulutus\/koulutuksen-suunnittelu-suunnittelijan-tyopoyta\/"},{"@type":"ListItem","position":4,"name":"Julkaistun ilmoittautumisen kohteen kiinti\u00f6n nostaminen, kun kohteella on varasijalaisia"}]},{"@type":"WebSite","@id":"https:\/\/help.jamk.fi\/peppi-ohjeet-henkilokunnalle\/#website","url":"https:\/\/help.jamk.fi\/peppi-ohjeet-henkilokunnalle\/","name":"Peppi-ohjeet henkil\u00f6kunnalle","description":"","potentialAction":[{"@type":"SearchAction","target":{"@type":"EntryPoint","urlTemplate":"https:\/\/help.jamk.fi\/peppi-ohjeet-henkilokunnalle\/?s={search_term_string}"},"query-input":{"@type":"PropertyValueSpecification","valueRequired":true,"valueName":"search_term_string"}}],"inLanguage":"fi"}]}},"_links":{"self":[{"href":"https:\/\/help.jamk.fi\/peppi-ohjeet-henkilokunnalle\/wp-json\/wp\/v2\/pages\/7063","targetHints":{"allow":["GET"]}}],"collection":[{"href":"https:\/\/help.jamk.fi\/peppi-ohjeet-henkilokunnalle\/wp-json\/wp\/v2\/pages"}],"about":[{"href":"https:\/\/help.jamk.fi\/peppi-ohjeet-henkilokunnalle\/wp-json\/wp\/v2\/types\/page"}],"author":[{"embeddable":true,"href":"https:\/\/help.jamk.fi\/peppi-ohjeet-henkilokunnalle\/wp-json\/wp\/v2\/users\/79"}],"replies":[{"embeddable":true,"href":"https:\/\/help.jamk.fi\/peppi-ohjeet-henkilokunnalle\/wp-json\/wp\/v2\/comments?post=7063"}],"version-history":[{"count":1,"href":"https:\/\/help.jamk.fi\/peppi-ohjeet-henkilokunnalle\/wp-json\/wp\/v2\/pages\/7063\/revisions"}],"predecessor-version":[{"id":7064,"href":"https:\/\/help.jamk.fi\/peppi-ohjeet-henkilokunnalle\/wp-json\/wp\/v2\/pages\/7063\/revisions\/7064"}],"up":[{"embeddable":true,"href":"https:\/\/help.jamk.fi\/peppi-ohjeet-henkilokunnalle\/wp-json\/wp\/v2\/pages\/7203"}],"wp:attachment":[{"href":"https:\/\/help.jamk.fi\/peppi-ohjeet-henkilokunnalle\/wp-json\/wp\/v2\/media?parent=7063"}],"wp:term":[{"taxonomy":"category","embeddable":true,"href":"https:\/\/help.jamk.fi\/peppi-ohjeet-henkilokunnalle\/wp-json\/wp\/v2\/categories?post=7063"},{"taxonomy":"post_tag","embeddable":true,"href":"https:\/\/help.jamk.fi\/peppi-ohjeet-henkilokunnalle\/wp-json\/wp\/v2\/tags?post=7063"}],"curies":[{"name":"wp","href":"https:\/\/api.w.org\/{rel}","templated":true}]}}