{"id":7207,"date":"2024-10-24T13:00:48","date_gmt":"2024-10-24T10:00:48","guid":{"rendered":"https:\/\/help.jamk.fi\/peppi-ohjeet-henkilokunnalle\/?page_id=7207"},"modified":"2024-10-24T14:51:11","modified_gmt":"2024-10-24T11:51:11","slug":"ilmoittautuneiden-hakeminen-ja-tietojen-tarkastelu","status":"publish","type":"page","link":"https:\/\/help.jamk.fi\/peppi-ohjeet-henkilokunnalle\/fi\/maksullinen-koulutus\/opiskelijoiden-kasittely-korkeakoulupalvelujen-tyopoyta\/ilmoittautuneiden-hakeminen-ja-tietojen-tarkastelu\/","title":{"rendered":"Ilmoittautuneiden hakeminen ja tietojen tarkastelu"},"content":{"rendered":"\n<p>Hae ilmoittautuneet Korkeakoulupalvelujen ty\u00f6p\u00f6yd\u00e4lt\u00e4: Oili-tuonti > Maksullisen koulutus eli ns. v\u00e4livarastossa.<\/p>\n\n\n\n<p>Voit hakea ilmoittautumisia valitsemalla yhden tai useamman hakuehdon alasvetovalikosta. Hakutuloslistaus p\u00e4ivittyy valintojen mukaan (kuvio 1).<\/p>\n\n\n\n<p>Huom. Ilmoittautumisj\u00e4rjestysvalinnan kohteen varasijalaiset eiv\u00e4t n\u00e4y v\u00e4livarastossa, eiv\u00e4tk\u00e4 my\u00f6sk\u00e4\u00e4n ilmoittautuneet, joille paikkaa on tarjottu eiv\u00e4tk\u00e4 ole sit\u00e4 viel\u00e4 vastaanottaneet. He n\u00e4kyv\u00e4t kuitenkin kohteen opiskelijalistalla.<\/p>\n\n\n\n<figure class=\"wp-block-image size-large\"><img loading=\"lazy\" decoding=\"async\" width=\"1024\" height=\"319\" src=\"https:\/\/help.jamk.fi\/peppi-ohjeet-henkilokunnalle\/wp-content\/uploads\/sites\/131\/2024\/10\/Ilmoittautuneiden-hakeminen-valivarastosta-1024x319.png\" alt=\"Ilmoittautuneiden hakeminen v\u00e4livarastosta\" class=\"wp-image-7208\" srcset=\"https:\/\/help.jamk.fi\/peppi-ohjeet-henkilokunnalle\/wp-content\/uploads\/sites\/131\/2024\/10\/Ilmoittautuneiden-hakeminen-valivarastosta-1024x319.png 1024w, https:\/\/help.jamk.fi\/peppi-ohjeet-henkilokunnalle\/wp-content\/uploads\/sites\/131\/2024\/10\/Ilmoittautuneiden-hakeminen-valivarastosta-300x93.png 300w, https:\/\/help.jamk.fi\/peppi-ohjeet-henkilokunnalle\/wp-content\/uploads\/sites\/131\/2024\/10\/Ilmoittautuneiden-hakeminen-valivarastosta-768x239.png 768w, https:\/\/help.jamk.fi\/peppi-ohjeet-henkilokunnalle\/wp-content\/uploads\/sites\/131\/2024\/10\/Ilmoittautuneiden-hakeminen-valivarastosta-1536x478.png 1536w, https:\/\/help.jamk.fi\/peppi-ohjeet-henkilokunnalle\/wp-content\/uploads\/sites\/131\/2024\/10\/Ilmoittautuneiden-hakeminen-valivarastosta-2048x638.png 2048w\" sizes=\"auto, (max-width: 1024px) 100vw, 1024px\" \/><figcaption class=\"wp-element-caption\">Kuvio 1. Ilmoittautuneiden hakeminen v\u00e4livarastosta<\/figcaption><\/figure>\n\n\n\n<p>Varausrivin per\u00e4st\u00e4 <strong>Toiminnot<\/strong>-valikosta saat auki ilmoittautuneen hakemukselle t\u00e4ytt\u00e4m\u00e4t tiedot, hakukohteet sek\u00e4 asetetut l\u00e4sn\u00e4olokaudet (kuvio 2).<\/p>\n\n\n\n<figure class=\"wp-block-image size-full\"><img loading=\"lazy\" decoding=\"async\" width=\"297\" height=\"183\" src=\"https:\/\/help.jamk.fi\/peppi-ohjeet-henkilokunnalle\/wp-content\/uploads\/sites\/131\/2024\/10\/Toiminnot-valikko.png\" alt=\"Toiminnot-valikko, josta saat auki hakemuksen tiedot, hakukohteet ja asetetut l\u00e4sn\u00e4olokaudet\" class=\"wp-image-7209\"\/><figcaption class=\"wp-element-caption\">Kuvio 2. Toiminnot-valikko<\/figcaption><\/figure>\n\n\n\n<p>Maksun tila -kohdan tieto p\u00e4ivittyy tilan vaihtuessa, esim. Ei maksettu, laskutettu \u2192 Maksettu laskulla.<\/p>\n\n\n\n<p>Saat n\u00e4kyviin opiskelijakohtaisesti ilmoittautumisen kohteet klikkaamalla ruksin <strong>N\u00e4yt\u00e4 opiskelijan varaukset<\/strong> -kohtaan (kuvio 3).<\/p>\n\n\n\n<figure class=\"wp-block-image size-large\"><img loading=\"lazy\" decoding=\"async\" width=\"1024\" height=\"292\" src=\"https:\/\/help.jamk.fi\/peppi-ohjeet-henkilokunnalle\/wp-content\/uploads\/sites\/131\/2024\/10\/Nayta-opiskelijan-varaukset-haku-1024x292.png\" alt=\"Laittamalla ruksin N\u00e4yt\u00e4 opiskelijan varaukset -kohtaan n\u00e4et ne koulutukset, joihin opiskelija on ilmoittautunut.\" class=\"wp-image-7210\" srcset=\"https:\/\/help.jamk.fi\/peppi-ohjeet-henkilokunnalle\/wp-content\/uploads\/sites\/131\/2024\/10\/Nayta-opiskelijan-varaukset-haku-1024x292.png 1024w, https:\/\/help.jamk.fi\/peppi-ohjeet-henkilokunnalle\/wp-content\/uploads\/sites\/131\/2024\/10\/Nayta-opiskelijan-varaukset-haku-300x85.png 300w, https:\/\/help.jamk.fi\/peppi-ohjeet-henkilokunnalle\/wp-content\/uploads\/sites\/131\/2024\/10\/Nayta-opiskelijan-varaukset-haku-768x219.png 768w, https:\/\/help.jamk.fi\/peppi-ohjeet-henkilokunnalle\/wp-content\/uploads\/sites\/131\/2024\/10\/Nayta-opiskelijan-varaukset-haku-1536x437.png 1536w, https:\/\/help.jamk.fi\/peppi-ohjeet-henkilokunnalle\/wp-content\/uploads\/sites\/131\/2024\/10\/Nayta-opiskelijan-varaukset-haku-2048x583.png 2048w\" sizes=\"auto, (max-width: 1024px) 100vw, 1024px\" \/><figcaption class=\"wp-element-caption\">Kuvio 3. N\u00e4yt\u00e4 opiskelijan varaukset -haku<\/figcaption><\/figure>\n\n\n\n<p><\/p>\n","protected":false},"excerpt":{"rendered":"<p>Hae ilmoittautuneet Korkeakoulupalvelujen ty\u00f6p\u00f6yd\u00e4lt\u00e4: Oili-tuonti > Maksullisen koulutus eli ns. v\u00e4livarastossa. Voit hakea ilmoittautumisia valitsemalla yhden tai useamman hakuehdon alasvetovalikosta. Hakutuloslistaus p\u00e4ivittyy valintojen mukaan (kuvio 1). Huom. Ilmoittautumisj\u00e4rjestysvalinnan kohteen varasijalaiset eiv\u00e4t n\u00e4y v\u00e4livarastossa, eiv\u00e4tk\u00e4 my\u00f6sk\u00e4\u00e4n ilmoittautuneet, joille paikkaa on tarjottu eiv\u00e4tk\u00e4 ole sit\u00e4 viel\u00e4 vastaanottaneet. He n\u00e4kyv\u00e4t kuitenkin kohteen opiskelijalistalla. Varausrivin per\u00e4st\u00e4 Toiminnot-valikosta saat auki [&hellip;]<\/p>\n","protected":false},"author":79,"featured_media":0,"parent":7205,"menu_order":1,"comment_status":"closed","ping_status":"closed","template":"","meta":{"_acf_changed":false,"_relevanssi_hide_post":"","_relevanssi_hide_content":"","_relevanssi_pin_for_all":"","_relevanssi_pin_keywords":"","_relevanssi_unpin_keywords":"","_relevanssi_related_keywords":"","_relevanssi_related_include_ids":"","_relevanssi_related_exclude_ids":"","_relevanssi_related_no_append":"","_relevanssi_related_not_related":"","_relevanssi_related_posts":"","_relevanssi_noindex_reason":"","footnotes":""},"categories":[],"tags":[],"class_list":["post-7207","page","type-page","status-publish","hentry"],"acf":[],"yoast_head":"<!-- This site is optimized with the Yoast SEO plugin v27.3 - https:\/\/yoast.com\/product\/yoast-seo-wordpress\/ -->\n<title>Ilmoittautuneiden hakeminen ja tietojen tarkastelu - Peppi-ohjeet henkil\u00f6kunnalle<\/title>\n<meta name=\"robots\" content=\"index, follow, max-snippet:-1, max-image-preview:large, max-video-preview:-1\" \/>\n<link rel=\"canonical\" href=\"https:\/\/help.jamk.fi\/peppi-ohjeet-henkilokunnalle\/fi\/maksullinen-koulutus\/opiskelijoiden-kasittely-korkeakoulupalvelujen-tyopoyta\/ilmoittautuneiden-hakeminen-ja-tietojen-tarkastelu\/\" \/>\n<meta property=\"og:locale\" content=\"fi_FI\" \/>\n<meta property=\"og:type\" content=\"article\" \/>\n<meta property=\"og:title\" content=\"Ilmoittautuneiden hakeminen ja tietojen tarkastelu - Peppi-ohjeet henkil\u00f6kunnalle\" \/>\n<meta property=\"og:description\" content=\"Hae ilmoittautuneet Korkeakoulupalvelujen ty\u00f6p\u00f6yd\u00e4lt\u00e4: Oili-tuonti &gt; Maksullisen koulutus eli ns. v\u00e4livarastossa. Voit hakea ilmoittautumisia valitsemalla yhden tai useamman hakuehdon alasvetovalikosta. Hakutuloslistaus p\u00e4ivittyy valintojen mukaan (kuvio 1). Huom. Ilmoittautumisj\u00e4rjestysvalinnan kohteen varasijalaiset eiv\u00e4t n\u00e4y v\u00e4livarastossa, eiv\u00e4tk\u00e4 my\u00f6sk\u00e4\u00e4n ilmoittautuneet, joille paikkaa on tarjottu eiv\u00e4tk\u00e4 ole sit\u00e4 viel\u00e4 vastaanottaneet. He n\u00e4kyv\u00e4t kuitenkin kohteen opiskelijalistalla. Varausrivin per\u00e4st\u00e4 Toiminnot-valikosta saat auki [&hellip;]\" \/>\n<meta property=\"og:url\" content=\"https:\/\/help.jamk.fi\/peppi-ohjeet-henkilokunnalle\/fi\/maksullinen-koulutus\/opiskelijoiden-kasittely-korkeakoulupalvelujen-tyopoyta\/ilmoittautuneiden-hakeminen-ja-tietojen-tarkastelu\/\" \/>\n<meta property=\"og:site_name\" content=\"Peppi-ohjeet henkil\u00f6kunnalle\" \/>\n<meta property=\"article:modified_time\" content=\"2024-10-24T11:51:11+00:00\" \/>\n<meta property=\"og:image\" content=\"https:\/\/help.jamk.fi\/peppi-ohjeet-henkilokunnalle\/wp-content\/uploads\/sites\/131\/2024\/10\/Ilmoittautuneiden-hakeminen-valivarastosta-1024x319.png\" \/>\n<meta name=\"twitter:card\" content=\"summary_large_image\" \/>\n<meta name=\"twitter:label1\" content=\"Arvioitu lukuaika\" \/>\n\t<meta name=\"twitter:data1\" content=\"2 minuuttia\" \/>\n<script type=\"application\/ld+json\" class=\"yoast-schema-graph\">{\"@context\":\"https:\\\/\\\/schema.org\",\"@graph\":[{\"@type\":\"WebPage\",\"@id\":\"https:\\\/\\\/help.jamk.fi\\\/peppi-ohjeet-henkilokunnalle\\\/fi\\\/maksullinen-koulutus\\\/opiskelijoiden-kasittely-korkeakoulupalvelujen-tyopoyta\\\/ilmoittautuneiden-hakeminen-ja-tietojen-tarkastelu\\\/\",\"url\":\"https:\\\/\\\/help.jamk.fi\\\/peppi-ohjeet-henkilokunnalle\\\/fi\\\/maksullinen-koulutus\\\/opiskelijoiden-kasittely-korkeakoulupalvelujen-tyopoyta\\\/ilmoittautuneiden-hakeminen-ja-tietojen-tarkastelu\\\/\",\"name\":\"Ilmoittautuneiden hakeminen ja tietojen tarkastelu - Peppi-ohjeet henkil\u00f6kunnalle\",\"isPartOf\":{\"@id\":\"https:\\\/\\\/help.jamk.fi\\\/peppi-ohjeet-henkilokunnalle\\\/#website\"},\"primaryImageOfPage\":{\"@id\":\"https:\\\/\\\/help.jamk.fi\\\/peppi-ohjeet-henkilokunnalle\\\/fi\\\/maksullinen-koulutus\\\/opiskelijoiden-kasittely-korkeakoulupalvelujen-tyopoyta\\\/ilmoittautuneiden-hakeminen-ja-tietojen-tarkastelu\\\/#primaryimage\"},\"image\":{\"@id\":\"https:\\\/\\\/help.jamk.fi\\\/peppi-ohjeet-henkilokunnalle\\\/fi\\\/maksullinen-koulutus\\\/opiskelijoiden-kasittely-korkeakoulupalvelujen-tyopoyta\\\/ilmoittautuneiden-hakeminen-ja-tietojen-tarkastelu\\\/#primaryimage\"},\"thumbnailUrl\":\"https:\\\/\\\/help.jamk.fi\\\/peppi-ohjeet-henkilokunnalle\\\/wp-content\\\/uploads\\\/sites\\\/131\\\/2024\\\/10\\\/Ilmoittautuneiden-hakeminen-valivarastosta-1024x319.png\",\"datePublished\":\"2024-10-24T10:00:48+00:00\",\"dateModified\":\"2024-10-24T11:51:11+00:00\",\"breadcrumb\":{\"@id\":\"https:\\\/\\\/help.jamk.fi\\\/peppi-ohjeet-henkilokunnalle\\\/fi\\\/maksullinen-koulutus\\\/opiskelijoiden-kasittely-korkeakoulupalvelujen-tyopoyta\\\/ilmoittautuneiden-hakeminen-ja-tietojen-tarkastelu\\\/#breadcrumb\"},\"inLanguage\":\"fi\",\"potentialAction\":[{\"@type\":\"ReadAction\",\"target\":[\"https:\\\/\\\/help.jamk.fi\\\/peppi-ohjeet-henkilokunnalle\\\/fi\\\/maksullinen-koulutus\\\/opiskelijoiden-kasittely-korkeakoulupalvelujen-tyopoyta\\\/ilmoittautuneiden-hakeminen-ja-tietojen-tarkastelu\\\/\"]}]},{\"@type\":\"ImageObject\",\"inLanguage\":\"fi\",\"@id\":\"https:\\\/\\\/help.jamk.fi\\\/peppi-ohjeet-henkilokunnalle\\\/fi\\\/maksullinen-koulutus\\\/opiskelijoiden-kasittely-korkeakoulupalvelujen-tyopoyta\\\/ilmoittautuneiden-hakeminen-ja-tietojen-tarkastelu\\\/#primaryimage\",\"url\":\"https:\\\/\\\/help.jamk.fi\\\/peppi-ohjeet-henkilokunnalle\\\/wp-content\\\/uploads\\\/sites\\\/131\\\/2024\\\/10\\\/Ilmoittautuneiden-hakeminen-valivarastosta.png\",\"contentUrl\":\"https:\\\/\\\/help.jamk.fi\\\/peppi-ohjeet-henkilokunnalle\\\/wp-content\\\/uploads\\\/sites\\\/131\\\/2024\\\/10\\\/Ilmoittautuneiden-hakeminen-valivarastosta.png\",\"width\":2537,\"height\":790,\"caption\":\"Kuvio 1. Ilmoittautuneiden hakeminen v\u00e4livarastosta\"},{\"@type\":\"BreadcrumbList\",\"@id\":\"https:\\\/\\\/help.jamk.fi\\\/peppi-ohjeet-henkilokunnalle\\\/fi\\\/maksullinen-koulutus\\\/opiskelijoiden-kasittely-korkeakoulupalvelujen-tyopoyta\\\/ilmoittautuneiden-hakeminen-ja-tietojen-tarkastelu\\\/#breadcrumb\",\"itemListElement\":[{\"@type\":\"ListItem\",\"position\":1,\"name\":\"Home\",\"item\":\"https:\\\/\\\/help.jamk.fi\\\/peppi-ohjeet-henkilokunnalle\\\/en\\\/\"},{\"@type\":\"ListItem\",\"position\":2,\"name\":\"Maksullinen koulutus\",\"item\":\"https:\\\/\\\/help.jamk.fi\\\/peppi-ohjeet-henkilokunnalle\\\/fi\\\/maksullinen-koulutus\\\/\"},{\"@type\":\"ListItem\",\"position\":3,\"name\":\"Opiskelijoiden k\u00e4sittely &#8211; korkeakoulupalvelujen ty\u00f6p\u00f6yt\u00e4\",\"item\":\"https:\\\/\\\/help.jamk.fi\\\/peppi-ohjeet-henkilokunnalle\\\/fi\\\/maksullinen-koulutus\\\/opiskelijoiden-kasittely-korkeakoulupalvelujen-tyopoyta\\\/\"},{\"@type\":\"ListItem\",\"position\":4,\"name\":\"Ilmoittautuneiden hakeminen ja tietojen tarkastelu\"}]},{\"@type\":\"WebSite\",\"@id\":\"https:\\\/\\\/help.jamk.fi\\\/peppi-ohjeet-henkilokunnalle\\\/#website\",\"url\":\"https:\\\/\\\/help.jamk.fi\\\/peppi-ohjeet-henkilokunnalle\\\/\",\"name\":\"Peppi-ohjeet henkil\u00f6kunnalle\",\"description\":\"\",\"potentialAction\":[{\"@type\":\"SearchAction\",\"target\":{\"@type\":\"EntryPoint\",\"urlTemplate\":\"https:\\\/\\\/help.jamk.fi\\\/peppi-ohjeet-henkilokunnalle\\\/?s={search_term_string}\"},\"query-input\":{\"@type\":\"PropertyValueSpecification\",\"valueRequired\":true,\"valueName\":\"search_term_string\"}}],\"inLanguage\":\"fi\"}]}<\/script>\n<!-- \/ Yoast SEO plugin. -->","yoast_head_json":{"title":"Ilmoittautuneiden hakeminen ja tietojen tarkastelu - Peppi-ohjeet henkil\u00f6kunnalle","robots":{"index":"index","follow":"follow","max-snippet":"max-snippet:-1","max-image-preview":"max-image-preview:large","max-video-preview":"max-video-preview:-1"},"canonical":"https:\/\/help.jamk.fi\/peppi-ohjeet-henkilokunnalle\/fi\/maksullinen-koulutus\/opiskelijoiden-kasittely-korkeakoulupalvelujen-tyopoyta\/ilmoittautuneiden-hakeminen-ja-tietojen-tarkastelu\/","og_locale":"fi_FI","og_type":"article","og_title":"Ilmoittautuneiden hakeminen ja tietojen tarkastelu - Peppi-ohjeet henkil\u00f6kunnalle","og_description":"Hae ilmoittautuneet Korkeakoulupalvelujen ty\u00f6p\u00f6yd\u00e4lt\u00e4: Oili-tuonti > Maksullisen koulutus eli ns. v\u00e4livarastossa. Voit hakea ilmoittautumisia valitsemalla yhden tai useamman hakuehdon alasvetovalikosta. Hakutuloslistaus p\u00e4ivittyy valintojen mukaan (kuvio 1). Huom. Ilmoittautumisj\u00e4rjestysvalinnan kohteen varasijalaiset eiv\u00e4t n\u00e4y v\u00e4livarastossa, eiv\u00e4tk\u00e4 my\u00f6sk\u00e4\u00e4n ilmoittautuneet, joille paikkaa on tarjottu eiv\u00e4tk\u00e4 ole sit\u00e4 viel\u00e4 vastaanottaneet. He n\u00e4kyv\u00e4t kuitenkin kohteen opiskelijalistalla. Varausrivin per\u00e4st\u00e4 Toiminnot-valikosta saat auki [&hellip;]","og_url":"https:\/\/help.jamk.fi\/peppi-ohjeet-henkilokunnalle\/fi\/maksullinen-koulutus\/opiskelijoiden-kasittely-korkeakoulupalvelujen-tyopoyta\/ilmoittautuneiden-hakeminen-ja-tietojen-tarkastelu\/","og_site_name":"Peppi-ohjeet henkil\u00f6kunnalle","article_modified_time":"2024-10-24T11:51:11+00:00","og_image":[{"url":"https:\/\/help.jamk.fi\/peppi-ohjeet-henkilokunnalle\/wp-content\/uploads\/sites\/131\/2024\/10\/Ilmoittautuneiden-hakeminen-valivarastosta-1024x319.png","type":"","width":"","height":""}],"twitter_card":"summary_large_image","twitter_misc":{"Arvioitu lukuaika":"2 minuuttia"},"schema":{"@context":"https:\/\/schema.org","@graph":[{"@type":"WebPage","@id":"https:\/\/help.jamk.fi\/peppi-ohjeet-henkilokunnalle\/fi\/maksullinen-koulutus\/opiskelijoiden-kasittely-korkeakoulupalvelujen-tyopoyta\/ilmoittautuneiden-hakeminen-ja-tietojen-tarkastelu\/","url":"https:\/\/help.jamk.fi\/peppi-ohjeet-henkilokunnalle\/fi\/maksullinen-koulutus\/opiskelijoiden-kasittely-korkeakoulupalvelujen-tyopoyta\/ilmoittautuneiden-hakeminen-ja-tietojen-tarkastelu\/","name":"Ilmoittautuneiden hakeminen ja tietojen tarkastelu - Peppi-ohjeet henkil\u00f6kunnalle","isPartOf":{"@id":"https:\/\/help.jamk.fi\/peppi-ohjeet-henkilokunnalle\/#website"},"primaryImageOfPage":{"@id":"https:\/\/help.jamk.fi\/peppi-ohjeet-henkilokunnalle\/fi\/maksullinen-koulutus\/opiskelijoiden-kasittely-korkeakoulupalvelujen-tyopoyta\/ilmoittautuneiden-hakeminen-ja-tietojen-tarkastelu\/#primaryimage"},"image":{"@id":"https:\/\/help.jamk.fi\/peppi-ohjeet-henkilokunnalle\/fi\/maksullinen-koulutus\/opiskelijoiden-kasittely-korkeakoulupalvelujen-tyopoyta\/ilmoittautuneiden-hakeminen-ja-tietojen-tarkastelu\/#primaryimage"},"thumbnailUrl":"https:\/\/help.jamk.fi\/peppi-ohjeet-henkilokunnalle\/wp-content\/uploads\/sites\/131\/2024\/10\/Ilmoittautuneiden-hakeminen-valivarastosta-1024x319.png","datePublished":"2024-10-24T10:00:48+00:00","dateModified":"2024-10-24T11:51:11+00:00","breadcrumb":{"@id":"https:\/\/help.jamk.fi\/peppi-ohjeet-henkilokunnalle\/fi\/maksullinen-koulutus\/opiskelijoiden-kasittely-korkeakoulupalvelujen-tyopoyta\/ilmoittautuneiden-hakeminen-ja-tietojen-tarkastelu\/#breadcrumb"},"inLanguage":"fi","potentialAction":[{"@type":"ReadAction","target":["https:\/\/help.jamk.fi\/peppi-ohjeet-henkilokunnalle\/fi\/maksullinen-koulutus\/opiskelijoiden-kasittely-korkeakoulupalvelujen-tyopoyta\/ilmoittautuneiden-hakeminen-ja-tietojen-tarkastelu\/"]}]},{"@type":"ImageObject","inLanguage":"fi","@id":"https:\/\/help.jamk.fi\/peppi-ohjeet-henkilokunnalle\/fi\/maksullinen-koulutus\/opiskelijoiden-kasittely-korkeakoulupalvelujen-tyopoyta\/ilmoittautuneiden-hakeminen-ja-tietojen-tarkastelu\/#primaryimage","url":"https:\/\/help.jamk.fi\/peppi-ohjeet-henkilokunnalle\/wp-content\/uploads\/sites\/131\/2024\/10\/Ilmoittautuneiden-hakeminen-valivarastosta.png","contentUrl":"https:\/\/help.jamk.fi\/peppi-ohjeet-henkilokunnalle\/wp-content\/uploads\/sites\/131\/2024\/10\/Ilmoittautuneiden-hakeminen-valivarastosta.png","width":2537,"height":790,"caption":"Kuvio 1. Ilmoittautuneiden hakeminen v\u00e4livarastosta"},{"@type":"BreadcrumbList","@id":"https:\/\/help.jamk.fi\/peppi-ohjeet-henkilokunnalle\/fi\/maksullinen-koulutus\/opiskelijoiden-kasittely-korkeakoulupalvelujen-tyopoyta\/ilmoittautuneiden-hakeminen-ja-tietojen-tarkastelu\/#breadcrumb","itemListElement":[{"@type":"ListItem","position":1,"name":"Home","item":"https:\/\/help.jamk.fi\/peppi-ohjeet-henkilokunnalle\/en\/"},{"@type":"ListItem","position":2,"name":"Maksullinen koulutus","item":"https:\/\/help.jamk.fi\/peppi-ohjeet-henkilokunnalle\/fi\/maksullinen-koulutus\/"},{"@type":"ListItem","position":3,"name":"Opiskelijoiden k\u00e4sittely &#8211; korkeakoulupalvelujen ty\u00f6p\u00f6yt\u00e4","item":"https:\/\/help.jamk.fi\/peppi-ohjeet-henkilokunnalle\/fi\/maksullinen-koulutus\/opiskelijoiden-kasittely-korkeakoulupalvelujen-tyopoyta\/"},{"@type":"ListItem","position":4,"name":"Ilmoittautuneiden hakeminen ja tietojen tarkastelu"}]},{"@type":"WebSite","@id":"https:\/\/help.jamk.fi\/peppi-ohjeet-henkilokunnalle\/#website","url":"https:\/\/help.jamk.fi\/peppi-ohjeet-henkilokunnalle\/","name":"Peppi-ohjeet henkil\u00f6kunnalle","description":"","potentialAction":[{"@type":"SearchAction","target":{"@type":"EntryPoint","urlTemplate":"https:\/\/help.jamk.fi\/peppi-ohjeet-henkilokunnalle\/?s={search_term_string}"},"query-input":{"@type":"PropertyValueSpecification","valueRequired":true,"valueName":"search_term_string"}}],"inLanguage":"fi"}]}},"_links":{"self":[{"href":"https:\/\/help.jamk.fi\/peppi-ohjeet-henkilokunnalle\/wp-json\/wp\/v2\/pages\/7207","targetHints":{"allow":["GET"]}}],"collection":[{"href":"https:\/\/help.jamk.fi\/peppi-ohjeet-henkilokunnalle\/wp-json\/wp\/v2\/pages"}],"about":[{"href":"https:\/\/help.jamk.fi\/peppi-ohjeet-henkilokunnalle\/wp-json\/wp\/v2\/types\/page"}],"author":[{"embeddable":true,"href":"https:\/\/help.jamk.fi\/peppi-ohjeet-henkilokunnalle\/wp-json\/wp\/v2\/users\/79"}],"replies":[{"embeddable":true,"href":"https:\/\/help.jamk.fi\/peppi-ohjeet-henkilokunnalle\/wp-json\/wp\/v2\/comments?post=7207"}],"version-history":[{"count":2,"href":"https:\/\/help.jamk.fi\/peppi-ohjeet-henkilokunnalle\/wp-json\/wp\/v2\/pages\/7207\/revisions"}],"predecessor-version":[{"id":7213,"href":"https:\/\/help.jamk.fi\/peppi-ohjeet-henkilokunnalle\/wp-json\/wp\/v2\/pages\/7207\/revisions\/7213"}],"up":[{"embeddable":true,"href":"https:\/\/help.jamk.fi\/peppi-ohjeet-henkilokunnalle\/wp-json\/wp\/v2\/pages\/7205"}],"wp:attachment":[{"href":"https:\/\/help.jamk.fi\/peppi-ohjeet-henkilokunnalle\/wp-json\/wp\/v2\/media?parent=7207"}],"wp:term":[{"taxonomy":"category","embeddable":true,"href":"https:\/\/help.jamk.fi\/peppi-ohjeet-henkilokunnalle\/wp-json\/wp\/v2\/categories?post=7207"},{"taxonomy":"post_tag","embeddable":true,"href":"https:\/\/help.jamk.fi\/peppi-ohjeet-henkilokunnalle\/wp-json\/wp\/v2\/tags?post=7207"}],"curies":[{"name":"wp","href":"https:\/\/api.w.org\/{rel}","templated":true}]}}