{"id":7215,"date":"2024-10-24T15:10:21","date_gmt":"2024-10-24T12:10:21","guid":{"rendered":"https:\/\/help.jamk.fi\/peppi-ohjeet-henkilokunnalle\/?page_id=7215"},"modified":"2025-08-18T15:27:57","modified_gmt":"2025-08-18T12:27:57","slug":"opiskeluoikeuden-tietojen-rikastaminen-mallipohjan-avulla","status":"publish","type":"page","link":"https:\/\/help.jamk.fi\/peppi-ohjeet-henkilokunnalle\/fi\/maksullinen-koulutus\/opiskelijoiden-kasittely-korkeakoulupalvelujen-tyopoyta\/opiskeluoikeuden-tietojen-rikastaminen-mallipohjan-avulla\/","title":{"rendered":"Opiskeluoikeuden tietojen rikastaminen mallipohjan avulla"},"content":{"rendered":"\n<p>Kun opiskelijoita l\u00e4hdet\u00e4\u00e4n k\u00e4sittelem\u00e4\u00e4n, asetetaan heille ensimm\u00e4iseksi mallipohja. Mallipohjan tiedoilla rikastetaan opiskeluoikeuden tietoja.<\/p>\n\n\n<div id=\"info-lift-block_e52e2f0cb17cf54f68ca8f56296ac800\" class=\"block-info-lift block-info-lift\">\n  <div class=\"row\">\n    <div class=\"col-12\">\n              <div class=\"block-info-lift__content\">\n          <div class=\"block-info-lift__content__icon\">\n            <span>!<\/span>\n          <\/div>\n          <p class=\"block-info-lift__content__text\">Huom. Kun olet p\u00e4ivitt\u00e4m\u00e4ss\u00e4 opiskelijan tietoja Peppiin, h\u00e4nelle luodaan uusi opiskeluoikeus, mik\u00e4li h\u00e4n tulee uuteen koulutusmuotoon. Mik\u00e4li koulutusmuoto on sama kuin Peppiin aiemmin viedyll\u00e4 opiskelijan opiskeluoikeudella ja opiskelijalla on opiskeluoikeus voimassa, opiskeluoikeus yhdistet\u00e4\u00e4n Pepiss\u00e4 olevaan. Jos opiskeluoikeus on p\u00e4\u00e4ttynyt, siirrossa muodostuu uusi opiskeluoikeus.<\/p>\n        <\/div>\n          <\/div>\n  <\/div>\n<\/div>\n\n\n<p>Valitse hakutuloslistauksesta halutut rivit ja klikkaa <strong>Aseta opiskeluoikeuden mallipohja valituille<\/strong> (kuvio 1). Hae aiemmin valmisteltu mallipohja ja tallenna sen opiskeluoikeuksille (kuvio 2).<\/p>\n\n\n\n<p>Huom. Mik\u00e4li opiskelijalla on jo voimassaoleva opiskeluoikeus, johon uusi ilmoittautuminen yhdistyy, ei mallipohja korvaa olemassa olevia tietoja.<\/p>\n\n\n\n<figure class=\"wp-block-image size-large\"><img loading=\"lazy\" decoding=\"async\" width=\"1024\" height=\"425\" src=\"https:\/\/help.jamk.fi\/peppi-ohjeet-henkilokunnalle\/wp-content\/uploads\/sites\/131\/2024\/10\/Aseta-opiskeluoikeuden-mallipohja2-1024x425.png\" alt=\"Opiskeluoikeuden rikastuttaminen mallipohjan avulla, klikataan Aseta opiskeluoikeuden mallipohja\" class=\"wp-image-7218\" srcset=\"https:\/\/help.jamk.fi\/peppi-ohjeet-henkilokunnalle\/wp-content\/uploads\/sites\/131\/2024\/10\/Aseta-opiskeluoikeuden-mallipohja2-1024x425.png 1024w, https:\/\/help.jamk.fi\/peppi-ohjeet-henkilokunnalle\/wp-content\/uploads\/sites\/131\/2024\/10\/Aseta-opiskeluoikeuden-mallipohja2-300x125.png 300w, https:\/\/help.jamk.fi\/peppi-ohjeet-henkilokunnalle\/wp-content\/uploads\/sites\/131\/2024\/10\/Aseta-opiskeluoikeuden-mallipohja2-768x319.png 768w, https:\/\/help.jamk.fi\/peppi-ohjeet-henkilokunnalle\/wp-content\/uploads\/sites\/131\/2024\/10\/Aseta-opiskeluoikeuden-mallipohja2-1536x638.png 1536w, https:\/\/help.jamk.fi\/peppi-ohjeet-henkilokunnalle\/wp-content\/uploads\/sites\/131\/2024\/10\/Aseta-opiskeluoikeuden-mallipohja2.png 1802w\" sizes=\"auto, (max-width: 1024px) 100vw, 1024px\" \/><figcaption class=\"wp-element-caption\">Kuvio 1. Aseta opiskeluoikeuden mallipohja<\/figcaption><\/figure>\n\n\n\n<figure class=\"wp-block-image size-full\"><img loading=\"lazy\" decoding=\"async\" width=\"743\" height=\"205\" src=\"https:\/\/help.jamk.fi\/peppi-ohjeet-henkilokunnalle\/wp-content\/uploads\/sites\/131\/2024\/10\/Mallipohjan-valinta.png\" alt=\"Valitaan alasvetovalikosta oikea mallipohja\" class=\"wp-image-7219\" srcset=\"https:\/\/help.jamk.fi\/peppi-ohjeet-henkilokunnalle\/wp-content\/uploads\/sites\/131\/2024\/10\/Mallipohjan-valinta.png 743w, https:\/\/help.jamk.fi\/peppi-ohjeet-henkilokunnalle\/wp-content\/uploads\/sites\/131\/2024\/10\/Mallipohjan-valinta-300x83.png 300w\" sizes=\"auto, (max-width: 743px) 100vw, 743px\" \/><figcaption class=\"wp-element-caption\">Kuvio 2. Mallipohjan valinta<\/figcaption><\/figure>\n","protected":false},"excerpt":{"rendered":"<p>Kun opiskelijoita l\u00e4hdet\u00e4\u00e4n k\u00e4sittelem\u00e4\u00e4n, asetetaan heille ensimm\u00e4iseksi mallipohja. Mallipohjan tiedoilla rikastetaan opiskeluoikeuden tietoja. Valitse hakutuloslistauksesta halutut rivit ja klikkaa Aseta opiskeluoikeuden mallipohja valituille (kuvio 1). Hae aiemmin valmisteltu mallipohja ja tallenna sen opiskeluoikeuksille (kuvio 2). Huom. Mik\u00e4li opiskelijalla on jo voimassaoleva opiskeluoikeus, johon uusi ilmoittautuminen yhdistyy, ei mallipohja korvaa olemassa olevia tietoja.<\/p>\n","protected":false},"author":79,"featured_media":0,"parent":7205,"menu_order":2,"comment_status":"closed","ping_status":"closed","template":"","meta":{"_acf_changed":false,"_relevanssi_hide_post":"","_relevanssi_hide_content":"","_relevanssi_pin_for_all":"on","_relevanssi_pin_keywords":"","_relevanssi_unpin_keywords":"","_relevanssi_related_keywords":"","_relevanssi_related_include_ids":"","_relevanssi_related_exclude_ids":"","_relevanssi_related_no_append":"","_relevanssi_related_not_related":"","_relevanssi_related_posts":"","_relevanssi_noindex_reason":"","footnotes":""},"categories":[],"tags":[],"class_list":["post-7215","page","type-page","status-publish","hentry"],"acf":[],"yoast_head":"<!-- This site is optimized with the Yoast SEO plugin v27.3 - https:\/\/yoast.com\/product\/yoast-seo-wordpress\/ -->\n<title>Opiskeluoikeuden tietojen rikastaminen mallipohjan avulla - Peppi-ohjeet henkil\u00f6kunnalle<\/title>\n<meta name=\"robots\" content=\"index, follow, max-snippet:-1, max-image-preview:large, max-video-preview:-1\" \/>\n<link rel=\"canonical\" href=\"https:\/\/help.jamk.fi\/peppi-ohjeet-henkilokunnalle\/fi\/maksullinen-koulutus\/opiskelijoiden-kasittely-korkeakoulupalvelujen-tyopoyta\/opiskeluoikeuden-tietojen-rikastaminen-mallipohjan-avulla\/\" \/>\n<meta property=\"og:locale\" content=\"fi_FI\" \/>\n<meta property=\"og:type\" content=\"article\" \/>\n<meta property=\"og:title\" content=\"Opiskeluoikeuden tietojen rikastaminen mallipohjan avulla - Peppi-ohjeet henkil\u00f6kunnalle\" \/>\n<meta property=\"og:description\" content=\"Kun opiskelijoita l\u00e4hdet\u00e4\u00e4n k\u00e4sittelem\u00e4\u00e4n, asetetaan heille ensimm\u00e4iseksi mallipohja. Mallipohjan tiedoilla rikastetaan opiskeluoikeuden tietoja. Valitse hakutuloslistauksesta halutut rivit ja klikkaa Aseta opiskeluoikeuden mallipohja valituille (kuvio 1). Hae aiemmin valmisteltu mallipohja ja tallenna sen opiskeluoikeuksille (kuvio 2). Huom. Mik\u00e4li opiskelijalla on jo voimassaoleva opiskeluoikeus, johon uusi ilmoittautuminen yhdistyy, ei mallipohja korvaa olemassa olevia tietoja.\" \/>\n<meta property=\"og:url\" content=\"https:\/\/help.jamk.fi\/peppi-ohjeet-henkilokunnalle\/fi\/maksullinen-koulutus\/opiskelijoiden-kasittely-korkeakoulupalvelujen-tyopoyta\/opiskeluoikeuden-tietojen-rikastaminen-mallipohjan-avulla\/\" \/>\n<meta property=\"og:site_name\" content=\"Peppi-ohjeet henkil\u00f6kunnalle\" \/>\n<meta property=\"article:modified_time\" content=\"2025-08-18T12:27:57+00:00\" \/>\n<meta property=\"og:image\" content=\"https:\/\/help.jamk.fi\/peppi-ohjeet-henkilokunnalle\/wp-content\/uploads\/sites\/131\/2024\/10\/Aseta-opiskeluoikeuden-mallipohja2.png\" \/>\n\t<meta property=\"og:image:width\" content=\"1802\" \/>\n\t<meta property=\"og:image:height\" content=\"748\" \/>\n\t<meta property=\"og:image:type\" content=\"image\/png\" \/>\n<meta name=\"twitter:card\" content=\"summary_large_image\" \/>\n<meta name=\"twitter:label1\" content=\"Arvioitu lukuaika\" \/>\n\t<meta name=\"twitter:data1\" content=\"1 minuutti\" \/>\n<script type=\"application\/ld+json\" class=\"yoast-schema-graph\">{\"@context\":\"https:\\\/\\\/schema.org\",\"@graph\":[{\"@type\":\"WebPage\",\"@id\":\"https:\\\/\\\/help.jamk.fi\\\/peppi-ohjeet-henkilokunnalle\\\/fi\\\/maksullinen-koulutus\\\/opiskelijoiden-kasittely-korkeakoulupalvelujen-tyopoyta\\\/opiskeluoikeuden-tietojen-rikastaminen-mallipohjan-avulla\\\/\",\"url\":\"https:\\\/\\\/help.jamk.fi\\\/peppi-ohjeet-henkilokunnalle\\\/fi\\\/maksullinen-koulutus\\\/opiskelijoiden-kasittely-korkeakoulupalvelujen-tyopoyta\\\/opiskeluoikeuden-tietojen-rikastaminen-mallipohjan-avulla\\\/\",\"name\":\"Opiskeluoikeuden tietojen rikastaminen mallipohjan avulla - Peppi-ohjeet henkil\u00f6kunnalle\",\"isPartOf\":{\"@id\":\"https:\\\/\\\/help.jamk.fi\\\/peppi-ohjeet-henkilokunnalle\\\/#website\"},\"primaryImageOfPage\":{\"@id\":\"https:\\\/\\\/help.jamk.fi\\\/peppi-ohjeet-henkilokunnalle\\\/fi\\\/maksullinen-koulutus\\\/opiskelijoiden-kasittely-korkeakoulupalvelujen-tyopoyta\\\/opiskeluoikeuden-tietojen-rikastaminen-mallipohjan-avulla\\\/#primaryimage\"},\"image\":{\"@id\":\"https:\\\/\\\/help.jamk.fi\\\/peppi-ohjeet-henkilokunnalle\\\/fi\\\/maksullinen-koulutus\\\/opiskelijoiden-kasittely-korkeakoulupalvelujen-tyopoyta\\\/opiskeluoikeuden-tietojen-rikastaminen-mallipohjan-avulla\\\/#primaryimage\"},\"thumbnailUrl\":\"https:\\\/\\\/help.jamk.fi\\\/peppi-ohjeet-henkilokunnalle\\\/wp-content\\\/uploads\\\/sites\\\/131\\\/2024\\\/10\\\/Aseta-opiskeluoikeuden-mallipohja2-1024x425.png\",\"datePublished\":\"2024-10-24T12:10:21+00:00\",\"dateModified\":\"2025-08-18T12:27:57+00:00\",\"breadcrumb\":{\"@id\":\"https:\\\/\\\/help.jamk.fi\\\/peppi-ohjeet-henkilokunnalle\\\/fi\\\/maksullinen-koulutus\\\/opiskelijoiden-kasittely-korkeakoulupalvelujen-tyopoyta\\\/opiskeluoikeuden-tietojen-rikastaminen-mallipohjan-avulla\\\/#breadcrumb\"},\"inLanguage\":\"fi\",\"potentialAction\":[{\"@type\":\"ReadAction\",\"target\":[\"https:\\\/\\\/help.jamk.fi\\\/peppi-ohjeet-henkilokunnalle\\\/fi\\\/maksullinen-koulutus\\\/opiskelijoiden-kasittely-korkeakoulupalvelujen-tyopoyta\\\/opiskeluoikeuden-tietojen-rikastaminen-mallipohjan-avulla\\\/\"]}]},{\"@type\":\"ImageObject\",\"inLanguage\":\"fi\",\"@id\":\"https:\\\/\\\/help.jamk.fi\\\/peppi-ohjeet-henkilokunnalle\\\/fi\\\/maksullinen-koulutus\\\/opiskelijoiden-kasittely-korkeakoulupalvelujen-tyopoyta\\\/opiskeluoikeuden-tietojen-rikastaminen-mallipohjan-avulla\\\/#primaryimage\",\"url\":\"https:\\\/\\\/help.jamk.fi\\\/peppi-ohjeet-henkilokunnalle\\\/wp-content\\\/uploads\\\/sites\\\/131\\\/2024\\\/10\\\/Aseta-opiskeluoikeuden-mallipohja2.png\",\"contentUrl\":\"https:\\\/\\\/help.jamk.fi\\\/peppi-ohjeet-henkilokunnalle\\\/wp-content\\\/uploads\\\/sites\\\/131\\\/2024\\\/10\\\/Aseta-opiskeluoikeuden-mallipohja2.png\",\"width\":1802,\"height\":748,\"caption\":\"Kuvio 1. Aseta opiskeluoikeuden mallipohja\"},{\"@type\":\"BreadcrumbList\",\"@id\":\"https:\\\/\\\/help.jamk.fi\\\/peppi-ohjeet-henkilokunnalle\\\/fi\\\/maksullinen-koulutus\\\/opiskelijoiden-kasittely-korkeakoulupalvelujen-tyopoyta\\\/opiskeluoikeuden-tietojen-rikastaminen-mallipohjan-avulla\\\/#breadcrumb\",\"itemListElement\":[{\"@type\":\"ListItem\",\"position\":1,\"name\":\"Home\",\"item\":\"https:\\\/\\\/help.jamk.fi\\\/peppi-ohjeet-henkilokunnalle\\\/en\\\/\"},{\"@type\":\"ListItem\",\"position\":2,\"name\":\"Maksullinen koulutus\",\"item\":\"https:\\\/\\\/help.jamk.fi\\\/peppi-ohjeet-henkilokunnalle\\\/fi\\\/maksullinen-koulutus\\\/\"},{\"@type\":\"ListItem\",\"position\":3,\"name\":\"Opiskelijoiden k\u00e4sittely &#8211; korkeakoulupalvelujen ty\u00f6p\u00f6yt\u00e4\",\"item\":\"https:\\\/\\\/help.jamk.fi\\\/peppi-ohjeet-henkilokunnalle\\\/fi\\\/maksullinen-koulutus\\\/opiskelijoiden-kasittely-korkeakoulupalvelujen-tyopoyta\\\/\"},{\"@type\":\"ListItem\",\"position\":4,\"name\":\"Opiskeluoikeuden tietojen rikastaminen mallipohjan avulla\"}]},{\"@type\":\"WebSite\",\"@id\":\"https:\\\/\\\/help.jamk.fi\\\/peppi-ohjeet-henkilokunnalle\\\/#website\",\"url\":\"https:\\\/\\\/help.jamk.fi\\\/peppi-ohjeet-henkilokunnalle\\\/\",\"name\":\"Peppi-ohjeet henkil\u00f6kunnalle\",\"description\":\"\",\"potentialAction\":[{\"@type\":\"SearchAction\",\"target\":{\"@type\":\"EntryPoint\",\"urlTemplate\":\"https:\\\/\\\/help.jamk.fi\\\/peppi-ohjeet-henkilokunnalle\\\/?s={search_term_string}\"},\"query-input\":{\"@type\":\"PropertyValueSpecification\",\"valueRequired\":true,\"valueName\":\"search_term_string\"}}],\"inLanguage\":\"fi\"}]}<\/script>\n<!-- \/ Yoast SEO plugin. -->","yoast_head_json":{"title":"Opiskeluoikeuden tietojen rikastaminen mallipohjan avulla - Peppi-ohjeet henkil\u00f6kunnalle","robots":{"index":"index","follow":"follow","max-snippet":"max-snippet:-1","max-image-preview":"max-image-preview:large","max-video-preview":"max-video-preview:-1"},"canonical":"https:\/\/help.jamk.fi\/peppi-ohjeet-henkilokunnalle\/fi\/maksullinen-koulutus\/opiskelijoiden-kasittely-korkeakoulupalvelujen-tyopoyta\/opiskeluoikeuden-tietojen-rikastaminen-mallipohjan-avulla\/","og_locale":"fi_FI","og_type":"article","og_title":"Opiskeluoikeuden tietojen rikastaminen mallipohjan avulla - Peppi-ohjeet henkil\u00f6kunnalle","og_description":"Kun opiskelijoita l\u00e4hdet\u00e4\u00e4n k\u00e4sittelem\u00e4\u00e4n, asetetaan heille ensimm\u00e4iseksi mallipohja. Mallipohjan tiedoilla rikastetaan opiskeluoikeuden tietoja. Valitse hakutuloslistauksesta halutut rivit ja klikkaa Aseta opiskeluoikeuden mallipohja valituille (kuvio 1). Hae aiemmin valmisteltu mallipohja ja tallenna sen opiskeluoikeuksille (kuvio 2). Huom. Mik\u00e4li opiskelijalla on jo voimassaoleva opiskeluoikeus, johon uusi ilmoittautuminen yhdistyy, ei mallipohja korvaa olemassa olevia tietoja.","og_url":"https:\/\/help.jamk.fi\/peppi-ohjeet-henkilokunnalle\/fi\/maksullinen-koulutus\/opiskelijoiden-kasittely-korkeakoulupalvelujen-tyopoyta\/opiskeluoikeuden-tietojen-rikastaminen-mallipohjan-avulla\/","og_site_name":"Peppi-ohjeet henkil\u00f6kunnalle","article_modified_time":"2025-08-18T12:27:57+00:00","og_image":[{"width":1802,"height":748,"url":"https:\/\/help.jamk.fi\/peppi-ohjeet-henkilokunnalle\/wp-content\/uploads\/sites\/131\/2024\/10\/Aseta-opiskeluoikeuden-mallipohja2.png","type":"image\/png"}],"twitter_card":"summary_large_image","twitter_misc":{"Arvioitu lukuaika":"1 minuutti"},"schema":{"@context":"https:\/\/schema.org","@graph":[{"@type":"WebPage","@id":"https:\/\/help.jamk.fi\/peppi-ohjeet-henkilokunnalle\/fi\/maksullinen-koulutus\/opiskelijoiden-kasittely-korkeakoulupalvelujen-tyopoyta\/opiskeluoikeuden-tietojen-rikastaminen-mallipohjan-avulla\/","url":"https:\/\/help.jamk.fi\/peppi-ohjeet-henkilokunnalle\/fi\/maksullinen-koulutus\/opiskelijoiden-kasittely-korkeakoulupalvelujen-tyopoyta\/opiskeluoikeuden-tietojen-rikastaminen-mallipohjan-avulla\/","name":"Opiskeluoikeuden tietojen rikastaminen mallipohjan avulla - Peppi-ohjeet henkil\u00f6kunnalle","isPartOf":{"@id":"https:\/\/help.jamk.fi\/peppi-ohjeet-henkilokunnalle\/#website"},"primaryImageOfPage":{"@id":"https:\/\/help.jamk.fi\/peppi-ohjeet-henkilokunnalle\/fi\/maksullinen-koulutus\/opiskelijoiden-kasittely-korkeakoulupalvelujen-tyopoyta\/opiskeluoikeuden-tietojen-rikastaminen-mallipohjan-avulla\/#primaryimage"},"image":{"@id":"https:\/\/help.jamk.fi\/peppi-ohjeet-henkilokunnalle\/fi\/maksullinen-koulutus\/opiskelijoiden-kasittely-korkeakoulupalvelujen-tyopoyta\/opiskeluoikeuden-tietojen-rikastaminen-mallipohjan-avulla\/#primaryimage"},"thumbnailUrl":"https:\/\/help.jamk.fi\/peppi-ohjeet-henkilokunnalle\/wp-content\/uploads\/sites\/131\/2024\/10\/Aseta-opiskeluoikeuden-mallipohja2-1024x425.png","datePublished":"2024-10-24T12:10:21+00:00","dateModified":"2025-08-18T12:27:57+00:00","breadcrumb":{"@id":"https:\/\/help.jamk.fi\/peppi-ohjeet-henkilokunnalle\/fi\/maksullinen-koulutus\/opiskelijoiden-kasittely-korkeakoulupalvelujen-tyopoyta\/opiskeluoikeuden-tietojen-rikastaminen-mallipohjan-avulla\/#breadcrumb"},"inLanguage":"fi","potentialAction":[{"@type":"ReadAction","target":["https:\/\/help.jamk.fi\/peppi-ohjeet-henkilokunnalle\/fi\/maksullinen-koulutus\/opiskelijoiden-kasittely-korkeakoulupalvelujen-tyopoyta\/opiskeluoikeuden-tietojen-rikastaminen-mallipohjan-avulla\/"]}]},{"@type":"ImageObject","inLanguage":"fi","@id":"https:\/\/help.jamk.fi\/peppi-ohjeet-henkilokunnalle\/fi\/maksullinen-koulutus\/opiskelijoiden-kasittely-korkeakoulupalvelujen-tyopoyta\/opiskeluoikeuden-tietojen-rikastaminen-mallipohjan-avulla\/#primaryimage","url":"https:\/\/help.jamk.fi\/peppi-ohjeet-henkilokunnalle\/wp-content\/uploads\/sites\/131\/2024\/10\/Aseta-opiskeluoikeuden-mallipohja2.png","contentUrl":"https:\/\/help.jamk.fi\/peppi-ohjeet-henkilokunnalle\/wp-content\/uploads\/sites\/131\/2024\/10\/Aseta-opiskeluoikeuden-mallipohja2.png","width":1802,"height":748,"caption":"Kuvio 1. Aseta opiskeluoikeuden mallipohja"},{"@type":"BreadcrumbList","@id":"https:\/\/help.jamk.fi\/peppi-ohjeet-henkilokunnalle\/fi\/maksullinen-koulutus\/opiskelijoiden-kasittely-korkeakoulupalvelujen-tyopoyta\/opiskeluoikeuden-tietojen-rikastaminen-mallipohjan-avulla\/#breadcrumb","itemListElement":[{"@type":"ListItem","position":1,"name":"Home","item":"https:\/\/help.jamk.fi\/peppi-ohjeet-henkilokunnalle\/en\/"},{"@type":"ListItem","position":2,"name":"Maksullinen koulutus","item":"https:\/\/help.jamk.fi\/peppi-ohjeet-henkilokunnalle\/fi\/maksullinen-koulutus\/"},{"@type":"ListItem","position":3,"name":"Opiskelijoiden k\u00e4sittely &#8211; korkeakoulupalvelujen ty\u00f6p\u00f6yt\u00e4","item":"https:\/\/help.jamk.fi\/peppi-ohjeet-henkilokunnalle\/fi\/maksullinen-koulutus\/opiskelijoiden-kasittely-korkeakoulupalvelujen-tyopoyta\/"},{"@type":"ListItem","position":4,"name":"Opiskeluoikeuden tietojen rikastaminen mallipohjan avulla"}]},{"@type":"WebSite","@id":"https:\/\/help.jamk.fi\/peppi-ohjeet-henkilokunnalle\/#website","url":"https:\/\/help.jamk.fi\/peppi-ohjeet-henkilokunnalle\/","name":"Peppi-ohjeet henkil\u00f6kunnalle","description":"","potentialAction":[{"@type":"SearchAction","target":{"@type":"EntryPoint","urlTemplate":"https:\/\/help.jamk.fi\/peppi-ohjeet-henkilokunnalle\/?s={search_term_string}"},"query-input":{"@type":"PropertyValueSpecification","valueRequired":true,"valueName":"search_term_string"}}],"inLanguage":"fi"}]}},"_links":{"self":[{"href":"https:\/\/help.jamk.fi\/peppi-ohjeet-henkilokunnalle\/wp-json\/wp\/v2\/pages\/7215","targetHints":{"allow":["GET"]}}],"collection":[{"href":"https:\/\/help.jamk.fi\/peppi-ohjeet-henkilokunnalle\/wp-json\/wp\/v2\/pages"}],"about":[{"href":"https:\/\/help.jamk.fi\/peppi-ohjeet-henkilokunnalle\/wp-json\/wp\/v2\/types\/page"}],"author":[{"embeddable":true,"href":"https:\/\/help.jamk.fi\/peppi-ohjeet-henkilokunnalle\/wp-json\/wp\/v2\/users\/79"}],"replies":[{"embeddable":true,"href":"https:\/\/help.jamk.fi\/peppi-ohjeet-henkilokunnalle\/wp-json\/wp\/v2\/comments?post=7215"}],"version-history":[{"count":4,"href":"https:\/\/help.jamk.fi\/peppi-ohjeet-henkilokunnalle\/wp-json\/wp\/v2\/pages\/7215\/revisions"}],"predecessor-version":[{"id":7701,"href":"https:\/\/help.jamk.fi\/peppi-ohjeet-henkilokunnalle\/wp-json\/wp\/v2\/pages\/7215\/revisions\/7701"}],"up":[{"embeddable":true,"href":"https:\/\/help.jamk.fi\/peppi-ohjeet-henkilokunnalle\/wp-json\/wp\/v2\/pages\/7205"}],"wp:attachment":[{"href":"https:\/\/help.jamk.fi\/peppi-ohjeet-henkilokunnalle\/wp-json\/wp\/v2\/media?parent=7215"}],"wp:term":[{"taxonomy":"category","embeddable":true,"href":"https:\/\/help.jamk.fi\/peppi-ohjeet-henkilokunnalle\/wp-json\/wp\/v2\/categories?post=7215"},{"taxonomy":"post_tag","embeddable":true,"href":"https:\/\/help.jamk.fi\/peppi-ohjeet-henkilokunnalle\/wp-json\/wp\/v2\/tags?post=7215"}],"curies":[{"name":"wp","href":"https:\/\/api.w.org\/{rel}","templated":true}]}}