{"id":7222,"date":"2024-10-24T15:34:47","date_gmt":"2024-10-24T12:34:47","guid":{"rendered":"https:\/\/help.jamk.fi\/peppi-ohjeet-henkilokunnalle\/?page_id=7222"},"modified":"2025-04-24T09:54:54","modified_gmt":"2025-04-24T06:54:54","slug":"valivaraston-muut-toiminnallisuudet-ja-opiskelijoiden-siirto-peppiin","status":"publish","type":"page","link":"https:\/\/help.jamk.fi\/peppi-ohjeet-henkilokunnalle\/fi\/maksullinen-koulutus\/opiskelijoiden-kasittely-korkeakoulupalvelujen-tyopoyta\/valivaraston-muut-toiminnallisuudet-ja-opiskelijoiden-siirto-peppiin\/","title":{"rendered":"V\u00e4livaraston muut toiminnallisuudet ja opiskelijoiden siirto Peppiin"},"content":{"rendered":"\n<h2 class=\"wp-block-heading\">Tunnistautumisen vahvuustason korottaminen<\/h2>\n\n\n\n<p>Mik\u00e4li opiskelija on tunnistautunut heikosti, h\u00e4nen tunnistautumistasoaan voidaan korottaa jo v\u00e4livarastossa, mik\u00e4li opiskelija on t\u00e4t\u00e4 ennen tunnistettu vahvasti (kuvio 1).<\/p>\n\n\n\n<p>Mik\u00e4li opiskelija tunnistetaan vahvasti opiskeluoikeuden luonnin j\u00e4lkeen, tee t\u00e4m\u00e4 opiskeluoikeuden henkil\u00f6tiedoista, jonne on lis\u00e4tty kohta <strong>Tiedot tarkistettu<\/strong>.<\/p>\n\n\n<div id=\"info-lift-block_705a06d90503332643b856905ad0806a\" class=\"block-info-lift block-info-lift\">\n  <div class=\"row\">\n    <div class=\"col-12\">\n              <div class=\"block-info-lift__content\">\n          <div class=\"block-info-lift__content__icon\">\n            <span>!<\/span>\n          <\/div>\n          <p class=\"block-info-lift__content__text\">Jos opiskelija on ilmoittautunut opintoihin k\u00e4ytt\u00e4en heikkoa tunnistusta, mutta h\u00e4nell\u00e4 olisi ollut mahdollisuus tunnistautua vahvasti ja h\u00e4n on saamassa paikan, ohjataan h\u00e4net tunnistautumaan joko CandourID-palvelulla tai paikan p\u00e4\u00e4ll\u00e4 n\u00e4ytt\u00e4m\u00e4ll\u00e4 henkil\u00f6llisyystodistusta.<\/p>\n        <\/div>\n          <\/div>\n  <\/div>\n<\/div>\n\n\n<figure class=\"wp-block-image size-large\"><img loading=\"lazy\" decoding=\"async\" width=\"1024\" height=\"413\" src=\"https:\/\/help.jamk.fi\/peppi-ohjeet-henkilokunnalle\/wp-content\/uploads\/sites\/131\/2024\/10\/Heikon-tunnistautumisen-vahvistaminen-1024x413.png\" alt=\"Jos opiskelija on tunnistautunut heikosti, voidaan h\u00e4nen tunnistautumistaan nostaa klikkaamalla vahvista tunnistautuminen\" class=\"wp-image-7223\" srcset=\"https:\/\/help.jamk.fi\/peppi-ohjeet-henkilokunnalle\/wp-content\/uploads\/sites\/131\/2024\/10\/Heikon-tunnistautumisen-vahvistaminen-1024x413.png 1024w, https:\/\/help.jamk.fi\/peppi-ohjeet-henkilokunnalle\/wp-content\/uploads\/sites\/131\/2024\/10\/Heikon-tunnistautumisen-vahvistaminen-300x121.png 300w, https:\/\/help.jamk.fi\/peppi-ohjeet-henkilokunnalle\/wp-content\/uploads\/sites\/131\/2024\/10\/Heikon-tunnistautumisen-vahvistaminen-768x309.png 768w, https:\/\/help.jamk.fi\/peppi-ohjeet-henkilokunnalle\/wp-content\/uploads\/sites\/131\/2024\/10\/Heikon-tunnistautumisen-vahvistaminen-1536x619.png 1536w, https:\/\/help.jamk.fi\/peppi-ohjeet-henkilokunnalle\/wp-content\/uploads\/sites\/131\/2024\/10\/Heikon-tunnistautumisen-vahvistaminen.png 1807w\" sizes=\"auto, (max-width: 1024px) 100vw, 1024px\" \/><figcaption class=\"wp-element-caption\">Kuvio 1. Heikon tunnistautumisen vahvistaminen<\/figcaption><\/figure>\n\n\n\n<h2 class=\"wp-block-heading\">L\u00e4sn\u00e4olotietojen asettaminen<\/h2>\n\n\n\n<p>Aseta opiskelijoille l\u00e4sn\u00e4olotiedot klikkaamalla <strong>Aseta l\u00e4sn\u00e4olot<\/strong>. Merkitse avautuvassa ikkunassa l\u00e4sn\u00e4olot halutuille kausille ja valitse <strong>Tallenna<\/strong> (kuvio 2).<\/p>\n\n\n\n<p>Huom! J\u00e4rjestelm\u00e4 asettaa mallipohjaan asetetun maksimin verran kausia huolimatta siit\u00e4, montako virkailija niit\u00e4 asettaa. J\u00e4rjestelm\u00e4 ei varoita, jos virkailija asettaa enemm\u00e4n kuin maksimim\u00e4\u00e4r\u00e4n kausia. Jos virkailija ylitt\u00e4\u00e4 maksimim\u00e4\u00e4r\u00e4n, asettaa j\u00e4rjestelm\u00e4 maksimim\u00e4\u00e4r\u00e4n kausia ilmoittautumisen kohteen alkamisajan mukaan.<\/p>\n\n\n\n<p>Esim. Mallipohjassa on maksimikausia yksi, kohteen ajoitus on syksy 2025 &#8211; kev\u00e4t 2026, virkailija asettaa kaudet syksy 2025 ja kev\u00e4t 2026 \u2192 j\u00e4rjestelm\u00e4 asettaa roolille kauden syksy 2025.<\/p>\n\n\n<div id=\"info-lift-block_f84b99fe1174f7f1e1faa19a60f4ef19\" class=\"block-info-lift block-info-lift\">\n  <div class=\"row\">\n    <div class=\"col-12\">\n              <div class=\"block-info-lift__content\">\n          <div class=\"block-info-lift__content__icon\">\n            <span>!<\/span>\n          <\/div>\n          <p class=\"block-info-lift__content__text\">Jamkissa l\u00e4sn\u00e4olot asetetaan mallipohjan avulla, joten l\u00e4sn\u00e4olotietojen asettamista tulee v\u00e4ltt\u00e4\u00e4.<\/p>\n        <\/div>\n          <\/div>\n  <\/div>\n<\/div>\n\n\n<figure class=\"wp-block-image size-full\"><img loading=\"lazy\" decoding=\"async\" width=\"735\" height=\"727\" src=\"https:\/\/help.jamk.fi\/peppi-ohjeet-henkilokunnalle\/wp-content\/uploads\/sites\/131\/2024\/10\/Lasnaolojen-asettaminen.png\" alt=\"Klikataan ne rivit, joille l\u00e4sn\u00e4olokauden halutaan asetettavan.\" class=\"wp-image-7224\" srcset=\"https:\/\/help.jamk.fi\/peppi-ohjeet-henkilokunnalle\/wp-content\/uploads\/sites\/131\/2024\/10\/Lasnaolojen-asettaminen.png 735w, https:\/\/help.jamk.fi\/peppi-ohjeet-henkilokunnalle\/wp-content\/uploads\/sites\/131\/2024\/10\/Lasnaolojen-asettaminen-300x297.png 300w, https:\/\/help.jamk.fi\/peppi-ohjeet-henkilokunnalle\/wp-content\/uploads\/sites\/131\/2024\/10\/Lasnaolojen-asettaminen-100x100.png 100w\" sizes=\"auto, (max-width: 735px) 100vw, 735px\" \/><figcaption class=\"wp-element-caption\">Kuvio 2. L\u00e4sn\u00e4olojen asettaminen<\/figcaption><\/figure>\n\n\n\n<p><\/p>\n\n\n\n<p><\/p>\n\n\n\n<h2 class=\"wp-block-heading\">Opiskeluoikeuksien luominen<\/h2>\n\n\n\n<p>Valitse haluamasi rivit hakutuloslistauksesta ja valitse <strong>Suorita<\/strong> (kuvio 3). <\/p>\n\n\n\n<p>Saman opiskelijan samalla sessiolla tehdyt ilmoittautumiset n\u00e4kyv\u00e4t omilla varausriveill\u00e4\u00e4n. Voit valita useampia opiskelijoita tai ilmoittautumisia kerralla k\u00e4sitelt\u00e4v\u00e4ksi. Huomioi, ett\u00e4 kaikille valituille asetetaan t\u00e4ll\u00f6in samat tiedot seuraavassa vaiheessa. Opiskelija saa siirron j\u00e4lkeen kiinti\u00f6ryhm\u00e4kohtaisen viestin, joka kertoo ett\u00e4 ilmoittautuminen on k\u00e4sitelty.<\/p>\n\n\n\n<figure class=\"wp-block-image size-large\"><img loading=\"lazy\" decoding=\"async\" width=\"1024\" height=\"410\" src=\"https:\/\/help.jamk.fi\/peppi-ohjeet-henkilokunnalle\/wp-content\/uploads\/sites\/131\/2024\/10\/Opiskeluoikeuksien-luominen-ja-opiskelijoiden-siirto-Peppiin-1024x410.png\" alt=\"Suorita-painiketta klikkaamalla luot opiskeljoilla opiskeluoikeudet ja siirr\u00e4t ne Peppiin.\" class=\"wp-image-7225\" srcset=\"https:\/\/help.jamk.fi\/peppi-ohjeet-henkilokunnalle\/wp-content\/uploads\/sites\/131\/2024\/10\/Opiskeluoikeuksien-luominen-ja-opiskelijoiden-siirto-Peppiin-1024x410.png 1024w, https:\/\/help.jamk.fi\/peppi-ohjeet-henkilokunnalle\/wp-content\/uploads\/sites\/131\/2024\/10\/Opiskeluoikeuksien-luominen-ja-opiskelijoiden-siirto-Peppiin-300x120.png 300w, https:\/\/help.jamk.fi\/peppi-ohjeet-henkilokunnalle\/wp-content\/uploads\/sites\/131\/2024\/10\/Opiskeluoikeuksien-luominen-ja-opiskelijoiden-siirto-Peppiin-768x308.png 768w, https:\/\/help.jamk.fi\/peppi-ohjeet-henkilokunnalle\/wp-content\/uploads\/sites\/131\/2024\/10\/Opiskeluoikeuksien-luominen-ja-opiskelijoiden-siirto-Peppiin-1536x615.png 1536w, https:\/\/help.jamk.fi\/peppi-ohjeet-henkilokunnalle\/wp-content\/uploads\/sites\/131\/2024\/10\/Opiskeluoikeuksien-luominen-ja-opiskelijoiden-siirto-Peppiin.png 1797w\" sizes=\"auto, (max-width: 1024px) 100vw, 1024px\" \/><figcaption class=\"wp-element-caption\">Kuvio 3. Opiskeluoikeuksien luominen ja opiskelijoiden siirto Peppiin<\/figcaption><\/figure>\n","protected":false},"excerpt":{"rendered":"<p>Tunnistautumisen vahvuustason korottaminen Mik\u00e4li opiskelija on tunnistautunut heikosti, h\u00e4nen tunnistautumistasoaan voidaan korottaa jo v\u00e4livarastossa, mik\u00e4li opiskelija on t\u00e4t\u00e4 ennen tunnistettu vahvasti (kuvio 1). Mik\u00e4li opiskelija tunnistetaan vahvasti opiskeluoikeuden luonnin j\u00e4lkeen, tee t\u00e4m\u00e4 opiskeluoikeuden henkil\u00f6tiedoista, jonne on lis\u00e4tty kohta Tiedot tarkistettu. L\u00e4sn\u00e4olotietojen asettaminen Aseta opiskelijoille l\u00e4sn\u00e4olotiedot klikkaamalla Aseta l\u00e4sn\u00e4olot. Merkitse avautuvassa ikkunassa l\u00e4sn\u00e4olot halutuille kausille ja [&hellip;]<\/p>\n","protected":false},"author":79,"featured_media":0,"parent":7205,"menu_order":3,"comment_status":"closed","ping_status":"closed","template":"","meta":{"_acf_changed":false,"_relevanssi_hide_post":"","_relevanssi_hide_content":"","_relevanssi_pin_for_all":"","_relevanssi_pin_keywords":"","_relevanssi_unpin_keywords":"","_relevanssi_related_keywords":"","_relevanssi_related_include_ids":"","_relevanssi_related_exclude_ids":"","_relevanssi_related_no_append":"","_relevanssi_related_not_related":"","_relevanssi_related_posts":"","_relevanssi_noindex_reason":"","footnotes":""},"categories":[],"tags":[],"class_list":["post-7222","page","type-page","status-publish","hentry"],"acf":[],"yoast_head":"<!-- This site is optimized with the Yoast SEO plugin v27.3 - https:\/\/yoast.com\/product\/yoast-seo-wordpress\/ -->\n<title>V\u00e4livaraston muut toiminnallisuudet ja opiskelijoiden siirto Peppiin - Peppi-ohjeet henkil\u00f6kunnalle<\/title>\n<meta name=\"robots\" content=\"index, follow, max-snippet:-1, max-image-preview:large, max-video-preview:-1\" \/>\n<link rel=\"canonical\" href=\"https:\/\/help.jamk.fi\/peppi-ohjeet-henkilokunnalle\/fi\/maksullinen-koulutus\/opiskelijoiden-kasittely-korkeakoulupalvelujen-tyopoyta\/valivaraston-muut-toiminnallisuudet-ja-opiskelijoiden-siirto-peppiin\/\" \/>\n<meta property=\"og:locale\" content=\"fi_FI\" \/>\n<meta property=\"og:type\" content=\"article\" \/>\n<meta property=\"og:title\" content=\"V\u00e4livaraston muut toiminnallisuudet ja opiskelijoiden siirto Peppiin - Peppi-ohjeet henkil\u00f6kunnalle\" \/>\n<meta property=\"og:description\" content=\"Tunnistautumisen vahvuustason korottaminen Mik\u00e4li opiskelija on tunnistautunut heikosti, h\u00e4nen tunnistautumistasoaan voidaan korottaa jo v\u00e4livarastossa, mik\u00e4li opiskelija on t\u00e4t\u00e4 ennen tunnistettu vahvasti (kuvio 1). Mik\u00e4li opiskelija tunnistetaan vahvasti opiskeluoikeuden luonnin j\u00e4lkeen, tee t\u00e4m\u00e4 opiskeluoikeuden henkil\u00f6tiedoista, jonne on lis\u00e4tty kohta Tiedot tarkistettu. L\u00e4sn\u00e4olotietojen asettaminen Aseta opiskelijoille l\u00e4sn\u00e4olotiedot klikkaamalla Aseta l\u00e4sn\u00e4olot. Merkitse avautuvassa ikkunassa l\u00e4sn\u00e4olot halutuille kausille ja [&hellip;]\" \/>\n<meta property=\"og:url\" content=\"https:\/\/help.jamk.fi\/peppi-ohjeet-henkilokunnalle\/fi\/maksullinen-koulutus\/opiskelijoiden-kasittely-korkeakoulupalvelujen-tyopoyta\/valivaraston-muut-toiminnallisuudet-ja-opiskelijoiden-siirto-peppiin\/\" \/>\n<meta property=\"og:site_name\" content=\"Peppi-ohjeet henkil\u00f6kunnalle\" \/>\n<meta property=\"article:modified_time\" content=\"2025-04-24T06:54:54+00:00\" \/>\n<meta property=\"og:image\" content=\"https:\/\/help.jamk.fi\/peppi-ohjeet-henkilokunnalle\/wp-content\/uploads\/sites\/131\/2024\/10\/Heikon-tunnistautumisen-vahvistaminen.png\" \/>\n\t<meta property=\"og:image:width\" content=\"1807\" \/>\n\t<meta property=\"og:image:height\" content=\"728\" \/>\n\t<meta property=\"og:image:type\" content=\"image\/png\" \/>\n<meta name=\"twitter:card\" content=\"summary_large_image\" \/>\n<meta name=\"twitter:label1\" content=\"Arvioitu lukuaika\" \/>\n\t<meta name=\"twitter:data1\" content=\"2 minuuttia\" \/>\n<script type=\"application\/ld+json\" class=\"yoast-schema-graph\">{\"@context\":\"https:\\\/\\\/schema.org\",\"@graph\":[{\"@type\":\"WebPage\",\"@id\":\"https:\\\/\\\/help.jamk.fi\\\/peppi-ohjeet-henkilokunnalle\\\/fi\\\/maksullinen-koulutus\\\/opiskelijoiden-kasittely-korkeakoulupalvelujen-tyopoyta\\\/valivaraston-muut-toiminnallisuudet-ja-opiskelijoiden-siirto-peppiin\\\/\",\"url\":\"https:\\\/\\\/help.jamk.fi\\\/peppi-ohjeet-henkilokunnalle\\\/fi\\\/maksullinen-koulutus\\\/opiskelijoiden-kasittely-korkeakoulupalvelujen-tyopoyta\\\/valivaraston-muut-toiminnallisuudet-ja-opiskelijoiden-siirto-peppiin\\\/\",\"name\":\"V\u00e4livaraston muut toiminnallisuudet ja opiskelijoiden siirto Peppiin - Peppi-ohjeet henkil\u00f6kunnalle\",\"isPartOf\":{\"@id\":\"https:\\\/\\\/help.jamk.fi\\\/peppi-ohjeet-henkilokunnalle\\\/#website\"},\"primaryImageOfPage\":{\"@id\":\"https:\\\/\\\/help.jamk.fi\\\/peppi-ohjeet-henkilokunnalle\\\/fi\\\/maksullinen-koulutus\\\/opiskelijoiden-kasittely-korkeakoulupalvelujen-tyopoyta\\\/valivaraston-muut-toiminnallisuudet-ja-opiskelijoiden-siirto-peppiin\\\/#primaryimage\"},\"image\":{\"@id\":\"https:\\\/\\\/help.jamk.fi\\\/peppi-ohjeet-henkilokunnalle\\\/fi\\\/maksullinen-koulutus\\\/opiskelijoiden-kasittely-korkeakoulupalvelujen-tyopoyta\\\/valivaraston-muut-toiminnallisuudet-ja-opiskelijoiden-siirto-peppiin\\\/#primaryimage\"},\"thumbnailUrl\":\"https:\\\/\\\/help.jamk.fi\\\/peppi-ohjeet-henkilokunnalle\\\/wp-content\\\/uploads\\\/sites\\\/131\\\/2024\\\/10\\\/Heikon-tunnistautumisen-vahvistaminen-1024x413.png\",\"datePublished\":\"2024-10-24T12:34:47+00:00\",\"dateModified\":\"2025-04-24T06:54:54+00:00\",\"breadcrumb\":{\"@id\":\"https:\\\/\\\/help.jamk.fi\\\/peppi-ohjeet-henkilokunnalle\\\/fi\\\/maksullinen-koulutus\\\/opiskelijoiden-kasittely-korkeakoulupalvelujen-tyopoyta\\\/valivaraston-muut-toiminnallisuudet-ja-opiskelijoiden-siirto-peppiin\\\/#breadcrumb\"},\"inLanguage\":\"fi\",\"potentialAction\":[{\"@type\":\"ReadAction\",\"target\":[\"https:\\\/\\\/help.jamk.fi\\\/peppi-ohjeet-henkilokunnalle\\\/fi\\\/maksullinen-koulutus\\\/opiskelijoiden-kasittely-korkeakoulupalvelujen-tyopoyta\\\/valivaraston-muut-toiminnallisuudet-ja-opiskelijoiden-siirto-peppiin\\\/\"]}]},{\"@type\":\"ImageObject\",\"inLanguage\":\"fi\",\"@id\":\"https:\\\/\\\/help.jamk.fi\\\/peppi-ohjeet-henkilokunnalle\\\/fi\\\/maksullinen-koulutus\\\/opiskelijoiden-kasittely-korkeakoulupalvelujen-tyopoyta\\\/valivaraston-muut-toiminnallisuudet-ja-opiskelijoiden-siirto-peppiin\\\/#primaryimage\",\"url\":\"https:\\\/\\\/help.jamk.fi\\\/peppi-ohjeet-henkilokunnalle\\\/wp-content\\\/uploads\\\/sites\\\/131\\\/2024\\\/10\\\/Heikon-tunnistautumisen-vahvistaminen.png\",\"contentUrl\":\"https:\\\/\\\/help.jamk.fi\\\/peppi-ohjeet-henkilokunnalle\\\/wp-content\\\/uploads\\\/sites\\\/131\\\/2024\\\/10\\\/Heikon-tunnistautumisen-vahvistaminen.png\",\"width\":1807,\"height\":728,\"caption\":\"Kuvio 1. Heikon tunnistautumisen vahvistaminen\"},{\"@type\":\"BreadcrumbList\",\"@id\":\"https:\\\/\\\/help.jamk.fi\\\/peppi-ohjeet-henkilokunnalle\\\/fi\\\/maksullinen-koulutus\\\/opiskelijoiden-kasittely-korkeakoulupalvelujen-tyopoyta\\\/valivaraston-muut-toiminnallisuudet-ja-opiskelijoiden-siirto-peppiin\\\/#breadcrumb\",\"itemListElement\":[{\"@type\":\"ListItem\",\"position\":1,\"name\":\"Home\",\"item\":\"https:\\\/\\\/help.jamk.fi\\\/peppi-ohjeet-henkilokunnalle\\\/en\\\/\"},{\"@type\":\"ListItem\",\"position\":2,\"name\":\"Maksullinen koulutus\",\"item\":\"https:\\\/\\\/help.jamk.fi\\\/peppi-ohjeet-henkilokunnalle\\\/fi\\\/maksullinen-koulutus\\\/\"},{\"@type\":\"ListItem\",\"position\":3,\"name\":\"Opiskelijoiden k\u00e4sittely &#8211; korkeakoulupalvelujen ty\u00f6p\u00f6yt\u00e4\",\"item\":\"https:\\\/\\\/help.jamk.fi\\\/peppi-ohjeet-henkilokunnalle\\\/fi\\\/maksullinen-koulutus\\\/opiskelijoiden-kasittely-korkeakoulupalvelujen-tyopoyta\\\/\"},{\"@type\":\"ListItem\",\"position\":4,\"name\":\"V\u00e4livaraston muut toiminnallisuudet ja opiskelijoiden siirto Peppiin\"}]},{\"@type\":\"WebSite\",\"@id\":\"https:\\\/\\\/help.jamk.fi\\\/peppi-ohjeet-henkilokunnalle\\\/#website\",\"url\":\"https:\\\/\\\/help.jamk.fi\\\/peppi-ohjeet-henkilokunnalle\\\/\",\"name\":\"Peppi-ohjeet henkil\u00f6kunnalle\",\"description\":\"\",\"potentialAction\":[{\"@type\":\"SearchAction\",\"target\":{\"@type\":\"EntryPoint\",\"urlTemplate\":\"https:\\\/\\\/help.jamk.fi\\\/peppi-ohjeet-henkilokunnalle\\\/?s={search_term_string}\"},\"query-input\":{\"@type\":\"PropertyValueSpecification\",\"valueRequired\":true,\"valueName\":\"search_term_string\"}}],\"inLanguage\":\"fi\"}]}<\/script>\n<!-- \/ Yoast SEO plugin. -->","yoast_head_json":{"title":"V\u00e4livaraston muut toiminnallisuudet ja opiskelijoiden siirto Peppiin - Peppi-ohjeet henkil\u00f6kunnalle","robots":{"index":"index","follow":"follow","max-snippet":"max-snippet:-1","max-image-preview":"max-image-preview:large","max-video-preview":"max-video-preview:-1"},"canonical":"https:\/\/help.jamk.fi\/peppi-ohjeet-henkilokunnalle\/fi\/maksullinen-koulutus\/opiskelijoiden-kasittely-korkeakoulupalvelujen-tyopoyta\/valivaraston-muut-toiminnallisuudet-ja-opiskelijoiden-siirto-peppiin\/","og_locale":"fi_FI","og_type":"article","og_title":"V\u00e4livaraston muut toiminnallisuudet ja opiskelijoiden siirto Peppiin - Peppi-ohjeet henkil\u00f6kunnalle","og_description":"Tunnistautumisen vahvuustason korottaminen Mik\u00e4li opiskelija on tunnistautunut heikosti, h\u00e4nen tunnistautumistasoaan voidaan korottaa jo v\u00e4livarastossa, mik\u00e4li opiskelija on t\u00e4t\u00e4 ennen tunnistettu vahvasti (kuvio 1). Mik\u00e4li opiskelija tunnistetaan vahvasti opiskeluoikeuden luonnin j\u00e4lkeen, tee t\u00e4m\u00e4 opiskeluoikeuden henkil\u00f6tiedoista, jonne on lis\u00e4tty kohta Tiedot tarkistettu. L\u00e4sn\u00e4olotietojen asettaminen Aseta opiskelijoille l\u00e4sn\u00e4olotiedot klikkaamalla Aseta l\u00e4sn\u00e4olot. Merkitse avautuvassa ikkunassa l\u00e4sn\u00e4olot halutuille kausille ja [&hellip;]","og_url":"https:\/\/help.jamk.fi\/peppi-ohjeet-henkilokunnalle\/fi\/maksullinen-koulutus\/opiskelijoiden-kasittely-korkeakoulupalvelujen-tyopoyta\/valivaraston-muut-toiminnallisuudet-ja-opiskelijoiden-siirto-peppiin\/","og_site_name":"Peppi-ohjeet henkil\u00f6kunnalle","article_modified_time":"2025-04-24T06:54:54+00:00","og_image":[{"width":1807,"height":728,"url":"https:\/\/help.jamk.fi\/peppi-ohjeet-henkilokunnalle\/wp-content\/uploads\/sites\/131\/2024\/10\/Heikon-tunnistautumisen-vahvistaminen.png","type":"image\/png"}],"twitter_card":"summary_large_image","twitter_misc":{"Arvioitu lukuaika":"2 minuuttia"},"schema":{"@context":"https:\/\/schema.org","@graph":[{"@type":"WebPage","@id":"https:\/\/help.jamk.fi\/peppi-ohjeet-henkilokunnalle\/fi\/maksullinen-koulutus\/opiskelijoiden-kasittely-korkeakoulupalvelujen-tyopoyta\/valivaraston-muut-toiminnallisuudet-ja-opiskelijoiden-siirto-peppiin\/","url":"https:\/\/help.jamk.fi\/peppi-ohjeet-henkilokunnalle\/fi\/maksullinen-koulutus\/opiskelijoiden-kasittely-korkeakoulupalvelujen-tyopoyta\/valivaraston-muut-toiminnallisuudet-ja-opiskelijoiden-siirto-peppiin\/","name":"V\u00e4livaraston muut toiminnallisuudet ja opiskelijoiden siirto Peppiin - Peppi-ohjeet henkil\u00f6kunnalle","isPartOf":{"@id":"https:\/\/help.jamk.fi\/peppi-ohjeet-henkilokunnalle\/#website"},"primaryImageOfPage":{"@id":"https:\/\/help.jamk.fi\/peppi-ohjeet-henkilokunnalle\/fi\/maksullinen-koulutus\/opiskelijoiden-kasittely-korkeakoulupalvelujen-tyopoyta\/valivaraston-muut-toiminnallisuudet-ja-opiskelijoiden-siirto-peppiin\/#primaryimage"},"image":{"@id":"https:\/\/help.jamk.fi\/peppi-ohjeet-henkilokunnalle\/fi\/maksullinen-koulutus\/opiskelijoiden-kasittely-korkeakoulupalvelujen-tyopoyta\/valivaraston-muut-toiminnallisuudet-ja-opiskelijoiden-siirto-peppiin\/#primaryimage"},"thumbnailUrl":"https:\/\/help.jamk.fi\/peppi-ohjeet-henkilokunnalle\/wp-content\/uploads\/sites\/131\/2024\/10\/Heikon-tunnistautumisen-vahvistaminen-1024x413.png","datePublished":"2024-10-24T12:34:47+00:00","dateModified":"2025-04-24T06:54:54+00:00","breadcrumb":{"@id":"https:\/\/help.jamk.fi\/peppi-ohjeet-henkilokunnalle\/fi\/maksullinen-koulutus\/opiskelijoiden-kasittely-korkeakoulupalvelujen-tyopoyta\/valivaraston-muut-toiminnallisuudet-ja-opiskelijoiden-siirto-peppiin\/#breadcrumb"},"inLanguage":"fi","potentialAction":[{"@type":"ReadAction","target":["https:\/\/help.jamk.fi\/peppi-ohjeet-henkilokunnalle\/fi\/maksullinen-koulutus\/opiskelijoiden-kasittely-korkeakoulupalvelujen-tyopoyta\/valivaraston-muut-toiminnallisuudet-ja-opiskelijoiden-siirto-peppiin\/"]}]},{"@type":"ImageObject","inLanguage":"fi","@id":"https:\/\/help.jamk.fi\/peppi-ohjeet-henkilokunnalle\/fi\/maksullinen-koulutus\/opiskelijoiden-kasittely-korkeakoulupalvelujen-tyopoyta\/valivaraston-muut-toiminnallisuudet-ja-opiskelijoiden-siirto-peppiin\/#primaryimage","url":"https:\/\/help.jamk.fi\/peppi-ohjeet-henkilokunnalle\/wp-content\/uploads\/sites\/131\/2024\/10\/Heikon-tunnistautumisen-vahvistaminen.png","contentUrl":"https:\/\/help.jamk.fi\/peppi-ohjeet-henkilokunnalle\/wp-content\/uploads\/sites\/131\/2024\/10\/Heikon-tunnistautumisen-vahvistaminen.png","width":1807,"height":728,"caption":"Kuvio 1. Heikon tunnistautumisen vahvistaminen"},{"@type":"BreadcrumbList","@id":"https:\/\/help.jamk.fi\/peppi-ohjeet-henkilokunnalle\/fi\/maksullinen-koulutus\/opiskelijoiden-kasittely-korkeakoulupalvelujen-tyopoyta\/valivaraston-muut-toiminnallisuudet-ja-opiskelijoiden-siirto-peppiin\/#breadcrumb","itemListElement":[{"@type":"ListItem","position":1,"name":"Home","item":"https:\/\/help.jamk.fi\/peppi-ohjeet-henkilokunnalle\/en\/"},{"@type":"ListItem","position":2,"name":"Maksullinen koulutus","item":"https:\/\/help.jamk.fi\/peppi-ohjeet-henkilokunnalle\/fi\/maksullinen-koulutus\/"},{"@type":"ListItem","position":3,"name":"Opiskelijoiden k\u00e4sittely &#8211; korkeakoulupalvelujen ty\u00f6p\u00f6yt\u00e4","item":"https:\/\/help.jamk.fi\/peppi-ohjeet-henkilokunnalle\/fi\/maksullinen-koulutus\/opiskelijoiden-kasittely-korkeakoulupalvelujen-tyopoyta\/"},{"@type":"ListItem","position":4,"name":"V\u00e4livaraston muut toiminnallisuudet ja opiskelijoiden siirto Peppiin"}]},{"@type":"WebSite","@id":"https:\/\/help.jamk.fi\/peppi-ohjeet-henkilokunnalle\/#website","url":"https:\/\/help.jamk.fi\/peppi-ohjeet-henkilokunnalle\/","name":"Peppi-ohjeet henkil\u00f6kunnalle","description":"","potentialAction":[{"@type":"SearchAction","target":{"@type":"EntryPoint","urlTemplate":"https:\/\/help.jamk.fi\/peppi-ohjeet-henkilokunnalle\/?s={search_term_string}"},"query-input":{"@type":"PropertyValueSpecification","valueRequired":true,"valueName":"search_term_string"}}],"inLanguage":"fi"}]}},"_links":{"self":[{"href":"https:\/\/help.jamk.fi\/peppi-ohjeet-henkilokunnalle\/wp-json\/wp\/v2\/pages\/7222","targetHints":{"allow":["GET"]}}],"collection":[{"href":"https:\/\/help.jamk.fi\/peppi-ohjeet-henkilokunnalle\/wp-json\/wp\/v2\/pages"}],"about":[{"href":"https:\/\/help.jamk.fi\/peppi-ohjeet-henkilokunnalle\/wp-json\/wp\/v2\/types\/page"}],"author":[{"embeddable":true,"href":"https:\/\/help.jamk.fi\/peppi-ohjeet-henkilokunnalle\/wp-json\/wp\/v2\/users\/79"}],"replies":[{"embeddable":true,"href":"https:\/\/help.jamk.fi\/peppi-ohjeet-henkilokunnalle\/wp-json\/wp\/v2\/comments?post=7222"}],"version-history":[{"count":7,"href":"https:\/\/help.jamk.fi\/peppi-ohjeet-henkilokunnalle\/wp-json\/wp\/v2\/pages\/7222\/revisions"}],"predecessor-version":[{"id":7440,"href":"https:\/\/help.jamk.fi\/peppi-ohjeet-henkilokunnalle\/wp-json\/wp\/v2\/pages\/7222\/revisions\/7440"}],"up":[{"embeddable":true,"href":"https:\/\/help.jamk.fi\/peppi-ohjeet-henkilokunnalle\/wp-json\/wp\/v2\/pages\/7205"}],"wp:attachment":[{"href":"https:\/\/help.jamk.fi\/peppi-ohjeet-henkilokunnalle\/wp-json\/wp\/v2\/media?parent=7222"}],"wp:term":[{"taxonomy":"category","embeddable":true,"href":"https:\/\/help.jamk.fi\/peppi-ohjeet-henkilokunnalle\/wp-json\/wp\/v2\/categories?post=7222"},{"taxonomy":"post_tag","embeddable":true,"href":"https:\/\/help.jamk.fi\/peppi-ohjeet-henkilokunnalle\/wp-json\/wp\/v2\/tags?post=7222"}],"curies":[{"name":"wp","href":"https:\/\/api.w.org\/{rel}","templated":true}]}}