{"id":7229,"date":"2024-10-28T08:45:43","date_gmt":"2024-10-28T06:45:43","guid":{"rendered":"https:\/\/help.jamk.fi\/peppi-ohjeet-henkilokunnalle\/?page_id=7229"},"modified":"2024-10-28T10:45:38","modified_gmt":"2024-10-28T08:45:38","slug":"maksullisen-opiskeluoikeuden-tiedot","status":"publish","type":"page","link":"https:\/\/help.jamk.fi\/peppi-ohjeet-henkilokunnalle\/fi\/maksullinen-koulutus\/opiskelijoiden-kasittely-korkeakoulupalvelujen-tyopoyta\/maksullisen-opiskeluoikeuden-tiedot\/","title":{"rendered":"Maksullisen opiskeluoikeuden tiedot"},"content":{"rendered":"\n<h2 class=\"wp-block-heading\">Opiskeluoikeushaku<\/h2>\n\n\n\n<p>Voit hakea opiskelijoita ja opiskeluoikeuksia Korkeakoulupalvelujen ty\u00f6p\u00f6yd\u00e4lt\u00e4 Opiskelijat-valikosta &gt; Opiskelijahallinta.<\/p>\n\n\n\n<p>Voit hakea opiskeluoikeuksia joko perushaulla tai rakenteisella haulla. Hauista l\u00f6ytyy Kiinti\u00f6ryhm\u00e4-hakuehto (kuvio 1).<\/p>\n\n\n\n<figure class=\"wp-block-image size-full\"><img loading=\"lazy\" decoding=\"async\" width=\"871\" height=\"833\" src=\"https:\/\/help.jamk.fi\/peppi-ohjeet-henkilokunnalle\/wp-content\/uploads\/sites\/131\/2024\/10\/Opiskeluoikeuksien-hakeminen-kiintioryhmatiedolla.png\" alt=\"Opiskeluoikeuksien hakeminen kiinti\u00f6ryhm\u00e4tiedolla\" class=\"wp-image-7230\" srcset=\"https:\/\/help.jamk.fi\/peppi-ohjeet-henkilokunnalle\/wp-content\/uploads\/sites\/131\/2024\/10\/Opiskeluoikeuksien-hakeminen-kiintioryhmatiedolla.png 871w, https:\/\/help.jamk.fi\/peppi-ohjeet-henkilokunnalle\/wp-content\/uploads\/sites\/131\/2024\/10\/Opiskeluoikeuksien-hakeminen-kiintioryhmatiedolla-300x287.png 300w, https:\/\/help.jamk.fi\/peppi-ohjeet-henkilokunnalle\/wp-content\/uploads\/sites\/131\/2024\/10\/Opiskeluoikeuksien-hakeminen-kiintioryhmatiedolla-768x734.png 768w\" sizes=\"auto, (max-width: 871px) 100vw, 871px\" \/><figcaption class=\"wp-element-caption\">Kuvio 1. Opiskeluoikeuksien hakeminen kiinti\u00f6ryhm\u00e4tiedolla<\/figcaption><\/figure>\n\n\n\n<h2 class=\"wp-block-heading\">Opiskeluoikeuden tiedot<\/h2>\n\n\n\n<p>Opiskeluoikeudelta l\u00f6ytyy maksullisen koulutuksen opiskelijoilta seuraavia poikkeavia tietoja.<\/p>\n\n\n\n<h3 class=\"wp-block-heading\">Opiskelutiedot-n\u00e4kym\u00e4<\/h3>\n\n\n\n<ul class=\"wp-block-list\">\n<li>Pohjakoulutus<\/li>\n\n\n\n<li>Taustaprofiili (kuvio 2)<\/li>\n<\/ul>\n\n\n\n<figure class=\"wp-block-image size-large\"><img loading=\"lazy\" decoding=\"async\" width=\"1024\" height=\"618\" src=\"https:\/\/help.jamk.fi\/peppi-ohjeet-henkilokunnalle\/wp-content\/uploads\/sites\/131\/2024\/10\/Opiskeluoikeuden-tiedot-1024x618.png\" alt=\"Opiskeluoikeuden tiedot\" class=\"wp-image-7231\" srcset=\"https:\/\/help.jamk.fi\/peppi-ohjeet-henkilokunnalle\/wp-content\/uploads\/sites\/131\/2024\/10\/Opiskeluoikeuden-tiedot-1024x618.png 1024w, https:\/\/help.jamk.fi\/peppi-ohjeet-henkilokunnalle\/wp-content\/uploads\/sites\/131\/2024\/10\/Opiskeluoikeuden-tiedot-300x181.png 300w, https:\/\/help.jamk.fi\/peppi-ohjeet-henkilokunnalle\/wp-content\/uploads\/sites\/131\/2024\/10\/Opiskeluoikeuden-tiedot-768x463.png 768w, https:\/\/help.jamk.fi\/peppi-ohjeet-henkilokunnalle\/wp-content\/uploads\/sites\/131\/2024\/10\/Opiskeluoikeuden-tiedot.png 1164w\" sizes=\"auto, (max-width: 1024px) 100vw, 1024px\" \/><figcaption class=\"wp-element-caption\">Kuvio 2. Opiskeluoikeuden tiedot<\/figcaption><\/figure>\n\n\n\n<h3 class=\"wp-block-heading\">L\u00e4sn\u00e4olotiedot-n\u00e4kym\u00e4<\/h3>\n\n\n\n<ul class=\"wp-block-list\">\n<li>Maksullinen koulutus otsake, jonka alla henkil\u00f6n ilmoittautumisen kohteet (kuvio 3)<\/li>\n<\/ul>\n\n\n\n<figure class=\"wp-block-image size-large\"><img loading=\"lazy\" decoding=\"async\" width=\"1024\" height=\"276\" src=\"https:\/\/help.jamk.fi\/peppi-ohjeet-henkilokunnalle\/wp-content\/uploads\/sites\/131\/2024\/10\/Lansaolotiedot-nakyma-1024x276.png\" alt=\"L\u00e4sn\u00e4olotiedot-n\u00e4kym\u00e4\" class=\"wp-image-7232\" srcset=\"https:\/\/help.jamk.fi\/peppi-ohjeet-henkilokunnalle\/wp-content\/uploads\/sites\/131\/2024\/10\/Lansaolotiedot-nakyma-1024x276.png 1024w, https:\/\/help.jamk.fi\/peppi-ohjeet-henkilokunnalle\/wp-content\/uploads\/sites\/131\/2024\/10\/Lansaolotiedot-nakyma-300x81.png 300w, https:\/\/help.jamk.fi\/peppi-ohjeet-henkilokunnalle\/wp-content\/uploads\/sites\/131\/2024\/10\/Lansaolotiedot-nakyma-768x207.png 768w, https:\/\/help.jamk.fi\/peppi-ohjeet-henkilokunnalle\/wp-content\/uploads\/sites\/131\/2024\/10\/Lansaolotiedot-nakyma.png 1490w\" sizes=\"auto, (max-width: 1024px) 100vw, 1024px\" \/><figcaption class=\"wp-element-caption\">Kuvio 3. L\u00e4sn\u00e4olotiedot-n\u00e4kym\u00e4<\/figcaption><\/figure>\n\n\n\n<h3 class=\"wp-block-heading\">Maksutiedot-n\u00e4kym\u00e4<\/h3>\n\n\n\n<ul class=\"wp-block-list\">\n<li>Tieto ilmoittautumisen kohteiden ilmoittautumisen ja maksun tiloista. Tilat p\u00e4ivittyv\u00e4t niiden muuttuessa.<\/li>\n\n\n\n<li>Toiminnot-valikosta pystyy muuttamaan kohteen maksun tilan. N\u00e4ht\u00e4vill\u00e4 my\u00f6s sek\u00e4 maksun ett\u00e4 ilmoittautumisen tilan historiatiedot (kuvio 4). <\/li>\n<\/ul>\n\n\n\n<p>Huom. Mik\u00e4li opinnon laskua ei ole maksettu (er\u00e4maksussa riitt\u00e4\u00e4 1. er\u00e4n maksu), ei opinnosta pysty antamaan arviota.<\/p>\n\n\n\n<figure class=\"wp-block-image size-large\"><img loading=\"lazy\" decoding=\"async\" width=\"1024\" height=\"139\" src=\"https:\/\/help.jamk.fi\/peppi-ohjeet-henkilokunnalle\/wp-content\/uploads\/sites\/131\/2024\/10\/Maksutiedot-nakyma-1024x139.png\" alt=\"Maksutiedot-n\u00e4kym\u00e4\" class=\"wp-image-7234\" srcset=\"https:\/\/help.jamk.fi\/peppi-ohjeet-henkilokunnalle\/wp-content\/uploads\/sites\/131\/2024\/10\/Maksutiedot-nakyma-1024x139.png 1024w, https:\/\/help.jamk.fi\/peppi-ohjeet-henkilokunnalle\/wp-content\/uploads\/sites\/131\/2024\/10\/Maksutiedot-nakyma-300x41.png 300w, https:\/\/help.jamk.fi\/peppi-ohjeet-henkilokunnalle\/wp-content\/uploads\/sites\/131\/2024\/10\/Maksutiedot-nakyma-768x105.png 768w, https:\/\/help.jamk.fi\/peppi-ohjeet-henkilokunnalle\/wp-content\/uploads\/sites\/131\/2024\/10\/Maksutiedot-nakyma-1536x209.png 1536w, https:\/\/help.jamk.fi\/peppi-ohjeet-henkilokunnalle\/wp-content\/uploads\/sites\/131\/2024\/10\/Maksutiedot-nakyma.png 1888w\" sizes=\"auto, (max-width: 1024px) 100vw, 1024px\" \/><figcaption class=\"wp-element-caption\">Kuvio 4. Maksutiedot-n\u00e4kym\u00e4<\/figcaption><\/figure>\n\n\n\n<h3 class=\"wp-block-heading\">HOPS-n\u00e4kym\u00e4<\/h3>\n\n\n\n<ul class=\"wp-block-list\">\n<li>Maksullisen opiskelijoilla k\u00e4ytet\u00e4\u00e4n omaa PAID EDUCATION hopsia. Hopsia ei alusteta (kuvio 5).<\/li>\n\n\n\n<li>Maksullisen opiskelijoilla on tutkinto-opiskelijoista poiketen p\u00e4\u00e4tasona Ilmoittautumisen kohteen nimi, ja sen alla kohteeseen liitetyt toteutukset (kuvio 6).<\/li>\n<\/ul>\n\n\n\n<figure class=\"wp-block-image size-full\"><img loading=\"lazy\" decoding=\"async\" width=\"960\" height=\"329\" src=\"https:\/\/help.jamk.fi\/peppi-ohjeet-henkilokunnalle\/wp-content\/uploads\/sites\/131\/2024\/10\/HOPSin-pohjana-paideducation.png\" alt=\"HOPSin pohjana paideducation\" class=\"wp-image-7235\" srcset=\"https:\/\/help.jamk.fi\/peppi-ohjeet-henkilokunnalle\/wp-content\/uploads\/sites\/131\/2024\/10\/HOPSin-pohjana-paideducation.png 960w, https:\/\/help.jamk.fi\/peppi-ohjeet-henkilokunnalle\/wp-content\/uploads\/sites\/131\/2024\/10\/HOPSin-pohjana-paideducation-300x103.png 300w, https:\/\/help.jamk.fi\/peppi-ohjeet-henkilokunnalle\/wp-content\/uploads\/sites\/131\/2024\/10\/HOPSin-pohjana-paideducation-768x263.png 768w\" sizes=\"auto, (max-width: 960px) 100vw, 960px\" \/><figcaption class=\"wp-element-caption\">Kuvio 5. HOPSin pohjana paideducation<\/figcaption><\/figure>\n\n\n\n<p><\/p>\n\n\n\n<figure class=\"wp-block-image size-large\"><img loading=\"lazy\" decoding=\"async\" width=\"1024\" height=\"253\" src=\"https:\/\/help.jamk.fi\/peppi-ohjeet-henkilokunnalle\/wp-content\/uploads\/sites\/131\/2024\/10\/Opiskelijan-HOPS-1024x253.png\" alt=\"Opiskelijan HOPS\" class=\"wp-image-7239\" srcset=\"https:\/\/help.jamk.fi\/peppi-ohjeet-henkilokunnalle\/wp-content\/uploads\/sites\/131\/2024\/10\/Opiskelijan-HOPS-1024x253.png 1024w, https:\/\/help.jamk.fi\/peppi-ohjeet-henkilokunnalle\/wp-content\/uploads\/sites\/131\/2024\/10\/Opiskelijan-HOPS-300x74.png 300w, https:\/\/help.jamk.fi\/peppi-ohjeet-henkilokunnalle\/wp-content\/uploads\/sites\/131\/2024\/10\/Opiskelijan-HOPS-768x190.png 768w, https:\/\/help.jamk.fi\/peppi-ohjeet-henkilokunnalle\/wp-content\/uploads\/sites\/131\/2024\/10\/Opiskelijan-HOPS.png 1475w\" sizes=\"auto, (max-width: 1024px) 100vw, 1024px\" \/><figcaption class=\"wp-element-caption\">Kuvio 6. Opiskelijan HOPS<\/figcaption><\/figure>\n\n\n\n<h3 class=\"wp-block-heading\">Henkil\u00f6tiedot-n\u00e4kym\u00e4<\/h3>\n\n\n\n<p>Maksullisen opiskelijoiden henkil\u00f6tiedoista l\u00f6ytyy kohta <strong>Tiedot tarkistettu<\/strong> (kuvio 7). Mik\u00e4li henkil\u00f6 on ilmoittautuessaan tunnistautunut vahvasti tai mik\u00e4li v\u00e4livarastossa tunnistautumistasoa on korotettu vahvaksi, n\u00e4kyy valintana Kyll\u00e4. Mik\u00e4li vahvasti tunnistautumista ei ole n\u00e4iss\u00e4 vaiheissa tehty, n\u00e4kyy valintana Ei. Virkailija voi muuttaa tunnistautumista <strong>Muokkaa henkil\u00f6tietoja<\/strong>-toiminnolla.<\/p>\n\n\n\n<figure class=\"wp-block-image size-full\"><img loading=\"lazy\" decoding=\"async\" width=\"1023\" height=\"518\" src=\"https:\/\/help.jamk.fi\/peppi-ohjeet-henkilokunnalle\/wp-content\/uploads\/sites\/131\/2024\/10\/Henkilotiedot.png\" alt=\"Henkil\u00f6tiedot\" class=\"wp-image-7241\" srcset=\"https:\/\/help.jamk.fi\/peppi-ohjeet-henkilokunnalle\/wp-content\/uploads\/sites\/131\/2024\/10\/Henkilotiedot.png 1023w, https:\/\/help.jamk.fi\/peppi-ohjeet-henkilokunnalle\/wp-content\/uploads\/sites\/131\/2024\/10\/Henkilotiedot-300x152.png 300w, https:\/\/help.jamk.fi\/peppi-ohjeet-henkilokunnalle\/wp-content\/uploads\/sites\/131\/2024\/10\/Henkilotiedot-768x389.png 768w\" sizes=\"auto, (max-width: 1023px) 100vw, 1023px\" \/><figcaption class=\"wp-element-caption\">Kuvio 7. Henkil\u00f6tiedot<\/figcaption><\/figure>\n\n\n\n<p><\/p>\n","protected":false},"excerpt":{"rendered":"<p>Opiskeluoikeushaku Voit hakea opiskelijoita ja opiskeluoikeuksia Korkeakoulupalvelujen ty\u00f6p\u00f6yd\u00e4lt\u00e4 Opiskelijat-valikosta &gt; Opiskelijahallinta. Voit hakea opiskeluoikeuksia joko perushaulla tai rakenteisella haulla. Hauista l\u00f6ytyy Kiinti\u00f6ryhm\u00e4-hakuehto (kuvio 1). Opiskeluoikeuden tiedot Opiskeluoikeudelta l\u00f6ytyy maksullisen koulutuksen opiskelijoilta seuraavia poikkeavia tietoja. Opiskelutiedot-n\u00e4kym\u00e4 L\u00e4sn\u00e4olotiedot-n\u00e4kym\u00e4 Maksutiedot-n\u00e4kym\u00e4 Huom. Mik\u00e4li opinnon laskua ei ole maksettu (er\u00e4maksussa riitt\u00e4\u00e4 1. er\u00e4n maksu), ei opinnosta pysty antamaan arviota. HOPS-n\u00e4kym\u00e4 [&hellip;]<\/p>\n","protected":false},"author":79,"featured_media":0,"parent":7205,"menu_order":5,"comment_status":"closed","ping_status":"closed","template":"","meta":{"_acf_changed":false,"_relevanssi_hide_post":"","_relevanssi_hide_content":"","_relevanssi_pin_for_all":"","_relevanssi_pin_keywords":"","_relevanssi_unpin_keywords":"","_relevanssi_related_keywords":"","_relevanssi_related_include_ids":"","_relevanssi_related_exclude_ids":"","_relevanssi_related_no_append":"","_relevanssi_related_not_related":"","_relevanssi_related_posts":"","_relevanssi_noindex_reason":"","footnotes":""},"categories":[],"tags":[],"class_list":["post-7229","page","type-page","status-publish","hentry"],"acf":[],"yoast_head":"<!-- This site is optimized with the Yoast SEO plugin v27.3 - https:\/\/yoast.com\/product\/yoast-seo-wordpress\/ -->\n<title>Maksullisen opiskeluoikeuden tiedot - Peppi-ohjeet henkil\u00f6kunnalle<\/title>\n<meta name=\"robots\" content=\"index, follow, max-snippet:-1, max-image-preview:large, max-video-preview:-1\" \/>\n<link rel=\"canonical\" href=\"https:\/\/help.jamk.fi\/peppi-ohjeet-henkilokunnalle\/fi\/maksullinen-koulutus\/opiskelijoiden-kasittely-korkeakoulupalvelujen-tyopoyta\/maksullisen-opiskeluoikeuden-tiedot\/\" \/>\n<meta property=\"og:locale\" content=\"fi_FI\" \/>\n<meta property=\"og:type\" content=\"article\" \/>\n<meta property=\"og:title\" content=\"Maksullisen opiskeluoikeuden tiedot - Peppi-ohjeet henkil\u00f6kunnalle\" \/>\n<meta property=\"og:description\" content=\"Opiskeluoikeushaku Voit hakea opiskelijoita ja opiskeluoikeuksia Korkeakoulupalvelujen ty\u00f6p\u00f6yd\u00e4lt\u00e4 Opiskelijat-valikosta &gt; Opiskelijahallinta. Voit hakea opiskeluoikeuksia joko perushaulla tai rakenteisella haulla. Hauista l\u00f6ytyy Kiinti\u00f6ryhm\u00e4-hakuehto (kuvio 1). Opiskeluoikeuden tiedot Opiskeluoikeudelta l\u00f6ytyy maksullisen koulutuksen opiskelijoilta seuraavia poikkeavia tietoja. Opiskelutiedot-n\u00e4kym\u00e4 L\u00e4sn\u00e4olotiedot-n\u00e4kym\u00e4 Maksutiedot-n\u00e4kym\u00e4 Huom. Mik\u00e4li opinnon laskua ei ole maksettu (er\u00e4maksussa riitt\u00e4\u00e4 1. er\u00e4n maksu), ei opinnosta pysty antamaan arviota. HOPS-n\u00e4kym\u00e4 [&hellip;]\" \/>\n<meta property=\"og:url\" content=\"https:\/\/help.jamk.fi\/peppi-ohjeet-henkilokunnalle\/fi\/maksullinen-koulutus\/opiskelijoiden-kasittely-korkeakoulupalvelujen-tyopoyta\/maksullisen-opiskeluoikeuden-tiedot\/\" \/>\n<meta property=\"og:site_name\" content=\"Peppi-ohjeet henkil\u00f6kunnalle\" \/>\n<meta property=\"article:modified_time\" content=\"2024-10-28T08:45:38+00:00\" \/>\n<meta property=\"og:image\" content=\"https:\/\/help.jamk.fi\/peppi-ohjeet-henkilokunnalle\/wp-content\/uploads\/sites\/131\/2024\/10\/Opiskeluoikeuksien-hakeminen-kiintioryhmatiedolla.png\" \/>\n<meta name=\"twitter:card\" content=\"summary_large_image\" \/>\n<meta name=\"twitter:label1\" content=\"Arvioitu lukuaika\" \/>\n\t<meta name=\"twitter:data1\" content=\"3 minuuttia\" \/>\n<script type=\"application\/ld+json\" class=\"yoast-schema-graph\">{\"@context\":\"https:\\\/\\\/schema.org\",\"@graph\":[{\"@type\":\"WebPage\",\"@id\":\"https:\\\/\\\/help.jamk.fi\\\/peppi-ohjeet-henkilokunnalle\\\/fi\\\/maksullinen-koulutus\\\/opiskelijoiden-kasittely-korkeakoulupalvelujen-tyopoyta\\\/maksullisen-opiskeluoikeuden-tiedot\\\/\",\"url\":\"https:\\\/\\\/help.jamk.fi\\\/peppi-ohjeet-henkilokunnalle\\\/fi\\\/maksullinen-koulutus\\\/opiskelijoiden-kasittely-korkeakoulupalvelujen-tyopoyta\\\/maksullisen-opiskeluoikeuden-tiedot\\\/\",\"name\":\"Maksullisen opiskeluoikeuden tiedot - Peppi-ohjeet henkil\u00f6kunnalle\",\"isPartOf\":{\"@id\":\"https:\\\/\\\/help.jamk.fi\\\/peppi-ohjeet-henkilokunnalle\\\/#website\"},\"primaryImageOfPage\":{\"@id\":\"https:\\\/\\\/help.jamk.fi\\\/peppi-ohjeet-henkilokunnalle\\\/fi\\\/maksullinen-koulutus\\\/opiskelijoiden-kasittely-korkeakoulupalvelujen-tyopoyta\\\/maksullisen-opiskeluoikeuden-tiedot\\\/#primaryimage\"},\"image\":{\"@id\":\"https:\\\/\\\/help.jamk.fi\\\/peppi-ohjeet-henkilokunnalle\\\/fi\\\/maksullinen-koulutus\\\/opiskelijoiden-kasittely-korkeakoulupalvelujen-tyopoyta\\\/maksullisen-opiskeluoikeuden-tiedot\\\/#primaryimage\"},\"thumbnailUrl\":\"https:\\\/\\\/help.jamk.fi\\\/peppi-ohjeet-henkilokunnalle\\\/wp-content\\\/uploads\\\/sites\\\/131\\\/2024\\\/10\\\/Opiskeluoikeuksien-hakeminen-kiintioryhmatiedolla.png\",\"datePublished\":\"2024-10-28T06:45:43+00:00\",\"dateModified\":\"2024-10-28T08:45:38+00:00\",\"breadcrumb\":{\"@id\":\"https:\\\/\\\/help.jamk.fi\\\/peppi-ohjeet-henkilokunnalle\\\/fi\\\/maksullinen-koulutus\\\/opiskelijoiden-kasittely-korkeakoulupalvelujen-tyopoyta\\\/maksullisen-opiskeluoikeuden-tiedot\\\/#breadcrumb\"},\"inLanguage\":\"fi\",\"potentialAction\":[{\"@type\":\"ReadAction\",\"target\":[\"https:\\\/\\\/help.jamk.fi\\\/peppi-ohjeet-henkilokunnalle\\\/fi\\\/maksullinen-koulutus\\\/opiskelijoiden-kasittely-korkeakoulupalvelujen-tyopoyta\\\/maksullisen-opiskeluoikeuden-tiedot\\\/\"]}]},{\"@type\":\"ImageObject\",\"inLanguage\":\"fi\",\"@id\":\"https:\\\/\\\/help.jamk.fi\\\/peppi-ohjeet-henkilokunnalle\\\/fi\\\/maksullinen-koulutus\\\/opiskelijoiden-kasittely-korkeakoulupalvelujen-tyopoyta\\\/maksullisen-opiskeluoikeuden-tiedot\\\/#primaryimage\",\"url\":\"https:\\\/\\\/help.jamk.fi\\\/peppi-ohjeet-henkilokunnalle\\\/wp-content\\\/uploads\\\/sites\\\/131\\\/2024\\\/10\\\/Opiskeluoikeuksien-hakeminen-kiintioryhmatiedolla.png\",\"contentUrl\":\"https:\\\/\\\/help.jamk.fi\\\/peppi-ohjeet-henkilokunnalle\\\/wp-content\\\/uploads\\\/sites\\\/131\\\/2024\\\/10\\\/Opiskeluoikeuksien-hakeminen-kiintioryhmatiedolla.png\",\"width\":871,\"height\":833,\"caption\":\"Kuvio 1. Opiskeluoikeuksien hakeminen kiinti\u00f6ryhm\u00e4tiedolla\"},{\"@type\":\"BreadcrumbList\",\"@id\":\"https:\\\/\\\/help.jamk.fi\\\/peppi-ohjeet-henkilokunnalle\\\/fi\\\/maksullinen-koulutus\\\/opiskelijoiden-kasittely-korkeakoulupalvelujen-tyopoyta\\\/maksullisen-opiskeluoikeuden-tiedot\\\/#breadcrumb\",\"itemListElement\":[{\"@type\":\"ListItem\",\"position\":1,\"name\":\"Home\",\"item\":\"https:\\\/\\\/help.jamk.fi\\\/peppi-ohjeet-henkilokunnalle\\\/en\\\/\"},{\"@type\":\"ListItem\",\"position\":2,\"name\":\"Maksullinen koulutus\",\"item\":\"https:\\\/\\\/help.jamk.fi\\\/peppi-ohjeet-henkilokunnalle\\\/fi\\\/maksullinen-koulutus\\\/\"},{\"@type\":\"ListItem\",\"position\":3,\"name\":\"Opiskelijoiden k\u00e4sittely &#8211; korkeakoulupalvelujen ty\u00f6p\u00f6yt\u00e4\",\"item\":\"https:\\\/\\\/help.jamk.fi\\\/peppi-ohjeet-henkilokunnalle\\\/fi\\\/maksullinen-koulutus\\\/opiskelijoiden-kasittely-korkeakoulupalvelujen-tyopoyta\\\/\"},{\"@type\":\"ListItem\",\"position\":4,\"name\":\"Maksullisen opiskeluoikeuden tiedot\"}]},{\"@type\":\"WebSite\",\"@id\":\"https:\\\/\\\/help.jamk.fi\\\/peppi-ohjeet-henkilokunnalle\\\/#website\",\"url\":\"https:\\\/\\\/help.jamk.fi\\\/peppi-ohjeet-henkilokunnalle\\\/\",\"name\":\"Peppi-ohjeet henkil\u00f6kunnalle\",\"description\":\"\",\"potentialAction\":[{\"@type\":\"SearchAction\",\"target\":{\"@type\":\"EntryPoint\",\"urlTemplate\":\"https:\\\/\\\/help.jamk.fi\\\/peppi-ohjeet-henkilokunnalle\\\/?s={search_term_string}\"},\"query-input\":{\"@type\":\"PropertyValueSpecification\",\"valueRequired\":true,\"valueName\":\"search_term_string\"}}],\"inLanguage\":\"fi\"}]}<\/script>\n<!-- \/ Yoast SEO plugin. -->","yoast_head_json":{"title":"Maksullisen opiskeluoikeuden tiedot - Peppi-ohjeet henkil\u00f6kunnalle","robots":{"index":"index","follow":"follow","max-snippet":"max-snippet:-1","max-image-preview":"max-image-preview:large","max-video-preview":"max-video-preview:-1"},"canonical":"https:\/\/help.jamk.fi\/peppi-ohjeet-henkilokunnalle\/fi\/maksullinen-koulutus\/opiskelijoiden-kasittely-korkeakoulupalvelujen-tyopoyta\/maksullisen-opiskeluoikeuden-tiedot\/","og_locale":"fi_FI","og_type":"article","og_title":"Maksullisen opiskeluoikeuden tiedot - Peppi-ohjeet henkil\u00f6kunnalle","og_description":"Opiskeluoikeushaku Voit hakea opiskelijoita ja opiskeluoikeuksia Korkeakoulupalvelujen ty\u00f6p\u00f6yd\u00e4lt\u00e4 Opiskelijat-valikosta &gt; Opiskelijahallinta. Voit hakea opiskeluoikeuksia joko perushaulla tai rakenteisella haulla. Hauista l\u00f6ytyy Kiinti\u00f6ryhm\u00e4-hakuehto (kuvio 1). Opiskeluoikeuden tiedot Opiskeluoikeudelta l\u00f6ytyy maksullisen koulutuksen opiskelijoilta seuraavia poikkeavia tietoja. Opiskelutiedot-n\u00e4kym\u00e4 L\u00e4sn\u00e4olotiedot-n\u00e4kym\u00e4 Maksutiedot-n\u00e4kym\u00e4 Huom. Mik\u00e4li opinnon laskua ei ole maksettu (er\u00e4maksussa riitt\u00e4\u00e4 1. er\u00e4n maksu), ei opinnosta pysty antamaan arviota. HOPS-n\u00e4kym\u00e4 [&hellip;]","og_url":"https:\/\/help.jamk.fi\/peppi-ohjeet-henkilokunnalle\/fi\/maksullinen-koulutus\/opiskelijoiden-kasittely-korkeakoulupalvelujen-tyopoyta\/maksullisen-opiskeluoikeuden-tiedot\/","og_site_name":"Peppi-ohjeet henkil\u00f6kunnalle","article_modified_time":"2024-10-28T08:45:38+00:00","og_image":[{"url":"https:\/\/help.jamk.fi\/peppi-ohjeet-henkilokunnalle\/wp-content\/uploads\/sites\/131\/2024\/10\/Opiskeluoikeuksien-hakeminen-kiintioryhmatiedolla.png","type":"","width":"","height":""}],"twitter_card":"summary_large_image","twitter_misc":{"Arvioitu lukuaika":"3 minuuttia"},"schema":{"@context":"https:\/\/schema.org","@graph":[{"@type":"WebPage","@id":"https:\/\/help.jamk.fi\/peppi-ohjeet-henkilokunnalle\/fi\/maksullinen-koulutus\/opiskelijoiden-kasittely-korkeakoulupalvelujen-tyopoyta\/maksullisen-opiskeluoikeuden-tiedot\/","url":"https:\/\/help.jamk.fi\/peppi-ohjeet-henkilokunnalle\/fi\/maksullinen-koulutus\/opiskelijoiden-kasittely-korkeakoulupalvelujen-tyopoyta\/maksullisen-opiskeluoikeuden-tiedot\/","name":"Maksullisen opiskeluoikeuden tiedot - Peppi-ohjeet henkil\u00f6kunnalle","isPartOf":{"@id":"https:\/\/help.jamk.fi\/peppi-ohjeet-henkilokunnalle\/#website"},"primaryImageOfPage":{"@id":"https:\/\/help.jamk.fi\/peppi-ohjeet-henkilokunnalle\/fi\/maksullinen-koulutus\/opiskelijoiden-kasittely-korkeakoulupalvelujen-tyopoyta\/maksullisen-opiskeluoikeuden-tiedot\/#primaryimage"},"image":{"@id":"https:\/\/help.jamk.fi\/peppi-ohjeet-henkilokunnalle\/fi\/maksullinen-koulutus\/opiskelijoiden-kasittely-korkeakoulupalvelujen-tyopoyta\/maksullisen-opiskeluoikeuden-tiedot\/#primaryimage"},"thumbnailUrl":"https:\/\/help.jamk.fi\/peppi-ohjeet-henkilokunnalle\/wp-content\/uploads\/sites\/131\/2024\/10\/Opiskeluoikeuksien-hakeminen-kiintioryhmatiedolla.png","datePublished":"2024-10-28T06:45:43+00:00","dateModified":"2024-10-28T08:45:38+00:00","breadcrumb":{"@id":"https:\/\/help.jamk.fi\/peppi-ohjeet-henkilokunnalle\/fi\/maksullinen-koulutus\/opiskelijoiden-kasittely-korkeakoulupalvelujen-tyopoyta\/maksullisen-opiskeluoikeuden-tiedot\/#breadcrumb"},"inLanguage":"fi","potentialAction":[{"@type":"ReadAction","target":["https:\/\/help.jamk.fi\/peppi-ohjeet-henkilokunnalle\/fi\/maksullinen-koulutus\/opiskelijoiden-kasittely-korkeakoulupalvelujen-tyopoyta\/maksullisen-opiskeluoikeuden-tiedot\/"]}]},{"@type":"ImageObject","inLanguage":"fi","@id":"https:\/\/help.jamk.fi\/peppi-ohjeet-henkilokunnalle\/fi\/maksullinen-koulutus\/opiskelijoiden-kasittely-korkeakoulupalvelujen-tyopoyta\/maksullisen-opiskeluoikeuden-tiedot\/#primaryimage","url":"https:\/\/help.jamk.fi\/peppi-ohjeet-henkilokunnalle\/wp-content\/uploads\/sites\/131\/2024\/10\/Opiskeluoikeuksien-hakeminen-kiintioryhmatiedolla.png","contentUrl":"https:\/\/help.jamk.fi\/peppi-ohjeet-henkilokunnalle\/wp-content\/uploads\/sites\/131\/2024\/10\/Opiskeluoikeuksien-hakeminen-kiintioryhmatiedolla.png","width":871,"height":833,"caption":"Kuvio 1. Opiskeluoikeuksien hakeminen kiinti\u00f6ryhm\u00e4tiedolla"},{"@type":"BreadcrumbList","@id":"https:\/\/help.jamk.fi\/peppi-ohjeet-henkilokunnalle\/fi\/maksullinen-koulutus\/opiskelijoiden-kasittely-korkeakoulupalvelujen-tyopoyta\/maksullisen-opiskeluoikeuden-tiedot\/#breadcrumb","itemListElement":[{"@type":"ListItem","position":1,"name":"Home","item":"https:\/\/help.jamk.fi\/peppi-ohjeet-henkilokunnalle\/en\/"},{"@type":"ListItem","position":2,"name":"Maksullinen koulutus","item":"https:\/\/help.jamk.fi\/peppi-ohjeet-henkilokunnalle\/fi\/maksullinen-koulutus\/"},{"@type":"ListItem","position":3,"name":"Opiskelijoiden k\u00e4sittely &#8211; korkeakoulupalvelujen ty\u00f6p\u00f6yt\u00e4","item":"https:\/\/help.jamk.fi\/peppi-ohjeet-henkilokunnalle\/fi\/maksullinen-koulutus\/opiskelijoiden-kasittely-korkeakoulupalvelujen-tyopoyta\/"},{"@type":"ListItem","position":4,"name":"Maksullisen opiskeluoikeuden tiedot"}]},{"@type":"WebSite","@id":"https:\/\/help.jamk.fi\/peppi-ohjeet-henkilokunnalle\/#website","url":"https:\/\/help.jamk.fi\/peppi-ohjeet-henkilokunnalle\/","name":"Peppi-ohjeet henkil\u00f6kunnalle","description":"","potentialAction":[{"@type":"SearchAction","target":{"@type":"EntryPoint","urlTemplate":"https:\/\/help.jamk.fi\/peppi-ohjeet-henkilokunnalle\/?s={search_term_string}"},"query-input":{"@type":"PropertyValueSpecification","valueRequired":true,"valueName":"search_term_string"}}],"inLanguage":"fi"}]}},"_links":{"self":[{"href":"https:\/\/help.jamk.fi\/peppi-ohjeet-henkilokunnalle\/wp-json\/wp\/v2\/pages\/7229","targetHints":{"allow":["GET"]}}],"collection":[{"href":"https:\/\/help.jamk.fi\/peppi-ohjeet-henkilokunnalle\/wp-json\/wp\/v2\/pages"}],"about":[{"href":"https:\/\/help.jamk.fi\/peppi-ohjeet-henkilokunnalle\/wp-json\/wp\/v2\/types\/page"}],"author":[{"embeddable":true,"href":"https:\/\/help.jamk.fi\/peppi-ohjeet-henkilokunnalle\/wp-json\/wp\/v2\/users\/79"}],"replies":[{"embeddable":true,"href":"https:\/\/help.jamk.fi\/peppi-ohjeet-henkilokunnalle\/wp-json\/wp\/v2\/comments?post=7229"}],"version-history":[{"count":3,"href":"https:\/\/help.jamk.fi\/peppi-ohjeet-henkilokunnalle\/wp-json\/wp\/v2\/pages\/7229\/revisions"}],"predecessor-version":[{"id":7242,"href":"https:\/\/help.jamk.fi\/peppi-ohjeet-henkilokunnalle\/wp-json\/wp\/v2\/pages\/7229\/revisions\/7242"}],"up":[{"embeddable":true,"href":"https:\/\/help.jamk.fi\/peppi-ohjeet-henkilokunnalle\/wp-json\/wp\/v2\/pages\/7205"}],"wp:attachment":[{"href":"https:\/\/help.jamk.fi\/peppi-ohjeet-henkilokunnalle\/wp-json\/wp\/v2\/media?parent=7229"}],"wp:term":[{"taxonomy":"category","embeddable":true,"href":"https:\/\/help.jamk.fi\/peppi-ohjeet-henkilokunnalle\/wp-json\/wp\/v2\/categories?post=7229"},{"taxonomy":"post_tag","embeddable":true,"href":"https:\/\/help.jamk.fi\/peppi-ohjeet-henkilokunnalle\/wp-json\/wp\/v2\/tags?post=7229"}],"curies":[{"name":"wp","href":"https:\/\/api.w.org\/{rel}","templated":true}]}}