{"id":7247,"date":"2024-10-28T10:43:29","date_gmt":"2024-10-28T08:43:29","guid":{"rendered":"https:\/\/help.jamk.fi\/peppi-ohjeet-henkilokunnalle\/?page_id=7247"},"modified":"2025-04-24T13:02:09","modified_gmt":"2025-04-24T10:02:09","slug":"muu-valintakriteeri-kohteen-valintojen-lukitus","status":"publish","type":"page","link":"https:\/\/help.jamk.fi\/peppi-ohjeet-henkilokunnalle\/fi\/maksullinen-koulutus\/opiskelijoiden-kasittely-korkeakoulupalvelujen-tyopoyta\/muu-valintakriteeri-kohteen-valintojen-lukitus\/","title":{"rendered":"Muu valintakriteeri -kohteen valintojen lukitus"},"content":{"rendered":"\n<p>Kun opinnolle on m\u00e4\u00e4ritelty valintakriteeriksi Muu kriteeri, t\u00e4ytyy opinnon valinnat lukita ennen henkil\u00f6iden siirtoa. Valinnat lukitaan ilmoittautumisajan p\u00e4\u00e4ttymisen j\u00e4lkeen. Mik\u00e4li yrit\u00e4t tehd\u00e4 lukituksen kesken ilmoittautumisajan, j\u00e4rjestelm\u00e4 est\u00e4\u00e4 sen. Lukitus tapahtuu <strong>maksullisen v\u00e4livarastossa<\/strong> seuraavasti:<\/p>\n\n\n\n<ol class=\"wp-block-list\">\n<li>Hae suodatuksella haluttu ilmoittautumisen kohde, ruksaa <strong>N\u00e4yt\u00e4 opiskelijan varaukset<\/strong> ja klikkaa mink\u00e4 tahansa kyseiseen ilmoittautumisen kohteeseen liittyv\u00e4n opiskelijan varauksen per\u00e4st\u00e4 ratas-painiketta.<\/li>\n\n\n\n<li>Avautuu n\u00e4kym\u00e4, jossa ilmoittautuneet henkil\u00f6t n\u00e4kyv\u00e4t Ei valitut -otsakkeen alla. Siirr\u00e4 hyv\u00e4ksytyt henkil\u00f6t <strong>Valitut opiskelijat<\/strong> -otsikon alle raahaamalla kunkin rivin alussa olevasta nuoli-merkist\u00e4. Henkil\u00f6it\u00e4 on valittava tasan kiinti\u00f6n verran, ellei ilmoittautuneita ole v\u00e4hemm\u00e4n kuin kiinti\u00f6. Valinnan j\u00e4lkeen tallenna eli lukitse valinta. (Kuvio 1)<\/li>\n\n\n\n<li>Lukituksen j\u00e4lkeen j\u00e4rjestelm\u00e4 ilmoittaa, ett\u00e4 valinnat on lukittu eik\u00e4 niit\u00e4 pysty en\u00e4\u00e4 muokkaamaan (ellei kohdetta avata uudelleen ilmoittautumiseen, kts. my\u00f6hempi ohje). Ei valitut -otsikon alle j\u00e4\u00e4v\u00e4t henkil\u00f6t ovat varasijalla.<\/li>\n<\/ol>\n\n\n\n<figure class=\"wp-block-image size-full\"><img loading=\"lazy\" decoding=\"async\" width=\"590\" height=\"474\" src=\"https:\/\/help.jamk.fi\/peppi-ohjeet-henkilokunnalle\/wp-content\/uploads\/sites\/131\/2025\/04\/Henkiloiden-valinta-ilmoittautumisajan-jalkeen.png\" alt=\"Henkil\u00f6iden valinta ilmoittautumisajan j\u00e4lkeen\" class=\"wp-image-7441\" srcset=\"https:\/\/help.jamk.fi\/peppi-ohjeet-henkilokunnalle\/wp-content\/uploads\/sites\/131\/2025\/04\/Henkiloiden-valinta-ilmoittautumisajan-jalkeen.png 590w, https:\/\/help.jamk.fi\/peppi-ohjeet-henkilokunnalle\/wp-content\/uploads\/sites\/131\/2025\/04\/Henkiloiden-valinta-ilmoittautumisajan-jalkeen-300x241.png 300w\" sizes=\"auto, (max-width: 590px) 100vw, 590px\" \/><figcaption class=\"wp-element-caption\">Kuvio 1. Henkil\u00f6iden valinta ilmoittautumisajan j\u00e4lkeen<\/figcaption><\/figure>\n\n\n\n<p>Mik\u00e4li osa ilmoittautuneista ei l\u00e4p\u00e4ise p\u00e4\u00e4syvaatimuksia (esim. valintakoetta) ja heid\u00e4t tulee poistaa Ei valitut -listalta, jotta he eiv\u00e4t j\u00e4\u00e4 varasijalle. Tee t\u00e4m\u00e4 <strong>ennen valintojen lukitusta<\/strong> seuraavasti:<\/p>\n\n\n\n<ul class=\"wp-block-list\">\n<li>Valitse ruksilla opiskelijalistalta odottava ilmoittautuminen.<\/li>\n\n\n\n<li>Valitse Toiminnot-kohdan alasvetovalikosta <strong>Ohita ja hylk\u00e4\u00e4<\/strong>.<\/li>\n\n\n\n<li>Klikkaa <strong>Suorita<\/strong>.<\/li>\n<\/ul>\n\n\n\n<p><strong>Lukitun kohteen ilmoittautuminen on mahdollista avata my\u00f6s uudestaan,<\/strong> mik\u00e4li kohteelle halutaan lis\u00e4\u00e4 opiskelijoita (esim. kiinti\u00f6 on vajaa peruutusten my\u00f6t\u00e4 eik\u00e4 ket\u00e4\u00e4n ole varasijalla tai kaikki kohteen ilmoittautuneet ovat peruneet). <\/p>\n\n\n\n<p>T\u00e4ll\u00f6in palauta ensin ilmoittautumisen kohde luonnostilaan (kts. Suunnittelijan ty\u00f6p\u00f6yd\u00e4n ohje), jatka ilmoittautumisaikaa ja julkaise kohde uudestaan.<\/p>\n\n\n\n<p>Ilmoittautumisajan p\u00e4\u00e4tytty\u00e4, tee uusi valintojen lukitus seuraavasti:<\/p>\n\n\n\n<ol class=\"wp-block-list\">\n<li>Avaa lukitusikkunan n\u00e4kym\u00e4 yll\u00e4 olevan ohjeen mukaisesti.<\/li>\n\n\n\n<li>Uudet ilmoittautumiset ovat ilmestyneet <strong>Uudet ilmoittautumiset<\/strong> -otsikon alle.<\/li>\n\n\n\n<li>Paina uusien ilmoittautumisten alapuolelta <strong>Poista lukitus<\/strong> -painiketta. <\/li>\n\n\n\n<li>Siirr\u00e4 uusi ilmoittautuja\/ilmoittautujat <strong>Ei valitut<\/strong> -otsikon alle raahaamalla yll\u00e4 olevan ohjeen mukaisesti. Mik\u00e4li jonossa ei ole ket\u00e4\u00e4n, voi henkil\u00f6n siirt\u00e4\u00e4 suoraan valituksi. Huom! Jo olemassa olevia valittuja tai jonossa olevia ei voi ohittaa vaan uusi ilmoittautuja sijoittuu niiden alle. Mik\u00e4li uusia ilmoittautujia on useampia, voi heid\u00e4t kesken\u00e4\u00e4n asettaa haluttuun j\u00e4rjestykseen. Huom. Mik\u00e4li haluat poistaa uuden ilmoittautumisen listalta, muista tehd\u00e4 hylk\u00e4\u00e4minen <strong>ennen uudelleenlukitusta.<\/strong><\/li>\n\n\n\n<li>Tallenna eli lukitse ilmoittautumisen kohde uudestaan yll\u00e4 olevan ohjeen mukaisesti.<\/li>\n<\/ol>\n\n\n\n<p>Lukituksen avaamisen toiminnallisuuden my\u00f6t\u00e4 k\u00e4ytt\u00f6\u00f6n on otettu uusi status &#8221;Ilmoittautunut lukituksen j\u00e4lkeen&#8221;, joka n\u00e4kyy sek\u00e4 kohteen opiskelijalistalla ett\u00e4 v\u00e4livarastossa silloin, kun uudelleenlukitusta ei ole viel\u00e4 tehty.<\/p>\n","protected":false},"excerpt":{"rendered":"<p>Kun opinnolle on m\u00e4\u00e4ritelty valintakriteeriksi Muu kriteeri, t\u00e4ytyy opinnon valinnat lukita ennen henkil\u00f6iden siirtoa. Valinnat lukitaan ilmoittautumisajan p\u00e4\u00e4ttymisen j\u00e4lkeen. Mik\u00e4li yrit\u00e4t tehd\u00e4 lukituksen kesken ilmoittautumisajan, j\u00e4rjestelm\u00e4 est\u00e4\u00e4 sen. Lukitus tapahtuu maksullisen v\u00e4livarastossa seuraavasti: Mik\u00e4li osa ilmoittautuneista ei l\u00e4p\u00e4ise p\u00e4\u00e4syvaatimuksia (esim. valintakoetta) ja heid\u00e4t tulee poistaa Ei valitut -listalta, jotta he eiv\u00e4t j\u00e4\u00e4 varasijalle. Tee t\u00e4m\u00e4 [&hellip;]<\/p>\n","protected":false},"author":79,"featured_media":0,"parent":7205,"menu_order":4,"comment_status":"closed","ping_status":"closed","template":"","meta":{"_acf_changed":false,"_relevanssi_hide_post":"","_relevanssi_hide_content":"","_relevanssi_pin_for_all":"","_relevanssi_pin_keywords":"","_relevanssi_unpin_keywords":"","_relevanssi_related_keywords":"","_relevanssi_related_include_ids":"","_relevanssi_related_exclude_ids":"","_relevanssi_related_no_append":"","_relevanssi_related_not_related":"","_relevanssi_related_posts":"","_relevanssi_noindex_reason":"","footnotes":""},"categories":[],"tags":[],"class_list":["post-7247","page","type-page","status-publish","hentry"],"acf":[],"yoast_head":"<!-- This site is optimized with the Yoast SEO plugin v27.3 - https:\/\/yoast.com\/product\/yoast-seo-wordpress\/ -->\n<title>Muu valintakriteeri -kohteen valintojen lukitus - Peppi-ohjeet henkil\u00f6kunnalle<\/title>\n<meta name=\"robots\" content=\"index, follow, max-snippet:-1, max-image-preview:large, max-video-preview:-1\" \/>\n<link rel=\"canonical\" href=\"https:\/\/help.jamk.fi\/peppi-ohjeet-henkilokunnalle\/fi\/maksullinen-koulutus\/opiskelijoiden-kasittely-korkeakoulupalvelujen-tyopoyta\/muu-valintakriteeri-kohteen-valintojen-lukitus\/\" \/>\n<meta property=\"og:locale\" content=\"fi_FI\" \/>\n<meta property=\"og:type\" content=\"article\" \/>\n<meta property=\"og:title\" content=\"Muu valintakriteeri -kohteen valintojen lukitus - Peppi-ohjeet henkil\u00f6kunnalle\" \/>\n<meta property=\"og:description\" content=\"Kun opinnolle on m\u00e4\u00e4ritelty valintakriteeriksi Muu kriteeri, t\u00e4ytyy opinnon valinnat lukita ennen henkil\u00f6iden siirtoa. Valinnat lukitaan ilmoittautumisajan p\u00e4\u00e4ttymisen j\u00e4lkeen. Mik\u00e4li yrit\u00e4t tehd\u00e4 lukituksen kesken ilmoittautumisajan, j\u00e4rjestelm\u00e4 est\u00e4\u00e4 sen. Lukitus tapahtuu maksullisen v\u00e4livarastossa seuraavasti: Mik\u00e4li osa ilmoittautuneista ei l\u00e4p\u00e4ise p\u00e4\u00e4syvaatimuksia (esim. valintakoetta) ja heid\u00e4t tulee poistaa Ei valitut -listalta, jotta he eiv\u00e4t j\u00e4\u00e4 varasijalle. Tee t\u00e4m\u00e4 [&hellip;]\" \/>\n<meta property=\"og:url\" content=\"https:\/\/help.jamk.fi\/peppi-ohjeet-henkilokunnalle\/fi\/maksullinen-koulutus\/opiskelijoiden-kasittely-korkeakoulupalvelujen-tyopoyta\/muu-valintakriteeri-kohteen-valintojen-lukitus\/\" \/>\n<meta property=\"og:site_name\" content=\"Peppi-ohjeet henkil\u00f6kunnalle\" \/>\n<meta property=\"article:modified_time\" content=\"2025-04-24T10:02:09+00:00\" \/>\n<meta property=\"og:image\" content=\"https:\/\/help.jamk.fi\/peppi-ohjeet-henkilokunnalle\/wp-content\/uploads\/sites\/131\/2025\/04\/Henkiloiden-valinta-ilmoittautumisajan-jalkeen.png\" \/>\n\t<meta property=\"og:image:width\" content=\"590\" \/>\n\t<meta property=\"og:image:height\" content=\"474\" \/>\n\t<meta property=\"og:image:type\" content=\"image\/png\" \/>\n<meta name=\"twitter:card\" content=\"summary_large_image\" \/>\n<meta name=\"twitter:label1\" content=\"Arvioitu lukuaika\" \/>\n\t<meta name=\"twitter:data1\" content=\"3 minuuttia\" \/>\n<script type=\"application\/ld+json\" class=\"yoast-schema-graph\">{\"@context\":\"https:\\\/\\\/schema.org\",\"@graph\":[{\"@type\":\"WebPage\",\"@id\":\"https:\\\/\\\/help.jamk.fi\\\/peppi-ohjeet-henkilokunnalle\\\/fi\\\/maksullinen-koulutus\\\/opiskelijoiden-kasittely-korkeakoulupalvelujen-tyopoyta\\\/muu-valintakriteeri-kohteen-valintojen-lukitus\\\/\",\"url\":\"https:\\\/\\\/help.jamk.fi\\\/peppi-ohjeet-henkilokunnalle\\\/fi\\\/maksullinen-koulutus\\\/opiskelijoiden-kasittely-korkeakoulupalvelujen-tyopoyta\\\/muu-valintakriteeri-kohteen-valintojen-lukitus\\\/\",\"name\":\"Muu valintakriteeri -kohteen valintojen lukitus - Peppi-ohjeet henkil\u00f6kunnalle\",\"isPartOf\":{\"@id\":\"https:\\\/\\\/help.jamk.fi\\\/peppi-ohjeet-henkilokunnalle\\\/#website\"},\"primaryImageOfPage\":{\"@id\":\"https:\\\/\\\/help.jamk.fi\\\/peppi-ohjeet-henkilokunnalle\\\/fi\\\/maksullinen-koulutus\\\/opiskelijoiden-kasittely-korkeakoulupalvelujen-tyopoyta\\\/muu-valintakriteeri-kohteen-valintojen-lukitus\\\/#primaryimage\"},\"image\":{\"@id\":\"https:\\\/\\\/help.jamk.fi\\\/peppi-ohjeet-henkilokunnalle\\\/fi\\\/maksullinen-koulutus\\\/opiskelijoiden-kasittely-korkeakoulupalvelujen-tyopoyta\\\/muu-valintakriteeri-kohteen-valintojen-lukitus\\\/#primaryimage\"},\"thumbnailUrl\":\"https:\\\/\\\/help.jamk.fi\\\/peppi-ohjeet-henkilokunnalle\\\/wp-content\\\/uploads\\\/sites\\\/131\\\/2025\\\/04\\\/Henkiloiden-valinta-ilmoittautumisajan-jalkeen.png\",\"datePublished\":\"2024-10-28T08:43:29+00:00\",\"dateModified\":\"2025-04-24T10:02:09+00:00\",\"breadcrumb\":{\"@id\":\"https:\\\/\\\/help.jamk.fi\\\/peppi-ohjeet-henkilokunnalle\\\/fi\\\/maksullinen-koulutus\\\/opiskelijoiden-kasittely-korkeakoulupalvelujen-tyopoyta\\\/muu-valintakriteeri-kohteen-valintojen-lukitus\\\/#breadcrumb\"},\"inLanguage\":\"fi\",\"potentialAction\":[{\"@type\":\"ReadAction\",\"target\":[\"https:\\\/\\\/help.jamk.fi\\\/peppi-ohjeet-henkilokunnalle\\\/fi\\\/maksullinen-koulutus\\\/opiskelijoiden-kasittely-korkeakoulupalvelujen-tyopoyta\\\/muu-valintakriteeri-kohteen-valintojen-lukitus\\\/\"]}]},{\"@type\":\"ImageObject\",\"inLanguage\":\"fi\",\"@id\":\"https:\\\/\\\/help.jamk.fi\\\/peppi-ohjeet-henkilokunnalle\\\/fi\\\/maksullinen-koulutus\\\/opiskelijoiden-kasittely-korkeakoulupalvelujen-tyopoyta\\\/muu-valintakriteeri-kohteen-valintojen-lukitus\\\/#primaryimage\",\"url\":\"https:\\\/\\\/help.jamk.fi\\\/peppi-ohjeet-henkilokunnalle\\\/wp-content\\\/uploads\\\/sites\\\/131\\\/2025\\\/04\\\/Henkiloiden-valinta-ilmoittautumisajan-jalkeen.png\",\"contentUrl\":\"https:\\\/\\\/help.jamk.fi\\\/peppi-ohjeet-henkilokunnalle\\\/wp-content\\\/uploads\\\/sites\\\/131\\\/2025\\\/04\\\/Henkiloiden-valinta-ilmoittautumisajan-jalkeen.png\",\"width\":590,\"height\":474,\"caption\":\"Kuvio 1. Henkil\u00f6iden valinta ilmoittautumisajan j\u00e4lkeen\"},{\"@type\":\"BreadcrumbList\",\"@id\":\"https:\\\/\\\/help.jamk.fi\\\/peppi-ohjeet-henkilokunnalle\\\/fi\\\/maksullinen-koulutus\\\/opiskelijoiden-kasittely-korkeakoulupalvelujen-tyopoyta\\\/muu-valintakriteeri-kohteen-valintojen-lukitus\\\/#breadcrumb\",\"itemListElement\":[{\"@type\":\"ListItem\",\"position\":1,\"name\":\"Home\",\"item\":\"https:\\\/\\\/help.jamk.fi\\\/peppi-ohjeet-henkilokunnalle\\\/en\\\/\"},{\"@type\":\"ListItem\",\"position\":2,\"name\":\"Maksullinen koulutus\",\"item\":\"https:\\\/\\\/help.jamk.fi\\\/peppi-ohjeet-henkilokunnalle\\\/fi\\\/maksullinen-koulutus\\\/\"},{\"@type\":\"ListItem\",\"position\":3,\"name\":\"Opiskelijoiden k\u00e4sittely &#8211; korkeakoulupalvelujen ty\u00f6p\u00f6yt\u00e4\",\"item\":\"https:\\\/\\\/help.jamk.fi\\\/peppi-ohjeet-henkilokunnalle\\\/fi\\\/maksullinen-koulutus\\\/opiskelijoiden-kasittely-korkeakoulupalvelujen-tyopoyta\\\/\"},{\"@type\":\"ListItem\",\"position\":4,\"name\":\"Muu valintakriteeri -kohteen valintojen lukitus\"}]},{\"@type\":\"WebSite\",\"@id\":\"https:\\\/\\\/help.jamk.fi\\\/peppi-ohjeet-henkilokunnalle\\\/#website\",\"url\":\"https:\\\/\\\/help.jamk.fi\\\/peppi-ohjeet-henkilokunnalle\\\/\",\"name\":\"Peppi-ohjeet henkil\u00f6kunnalle\",\"description\":\"\",\"potentialAction\":[{\"@type\":\"SearchAction\",\"target\":{\"@type\":\"EntryPoint\",\"urlTemplate\":\"https:\\\/\\\/help.jamk.fi\\\/peppi-ohjeet-henkilokunnalle\\\/?s={search_term_string}\"},\"query-input\":{\"@type\":\"PropertyValueSpecification\",\"valueRequired\":true,\"valueName\":\"search_term_string\"}}],\"inLanguage\":\"fi\"}]}<\/script>\n<!-- \/ Yoast SEO plugin. -->","yoast_head_json":{"title":"Muu valintakriteeri -kohteen valintojen lukitus - Peppi-ohjeet henkil\u00f6kunnalle","robots":{"index":"index","follow":"follow","max-snippet":"max-snippet:-1","max-image-preview":"max-image-preview:large","max-video-preview":"max-video-preview:-1"},"canonical":"https:\/\/help.jamk.fi\/peppi-ohjeet-henkilokunnalle\/fi\/maksullinen-koulutus\/opiskelijoiden-kasittely-korkeakoulupalvelujen-tyopoyta\/muu-valintakriteeri-kohteen-valintojen-lukitus\/","og_locale":"fi_FI","og_type":"article","og_title":"Muu valintakriteeri -kohteen valintojen lukitus - Peppi-ohjeet henkil\u00f6kunnalle","og_description":"Kun opinnolle on m\u00e4\u00e4ritelty valintakriteeriksi Muu kriteeri, t\u00e4ytyy opinnon valinnat lukita ennen henkil\u00f6iden siirtoa. Valinnat lukitaan ilmoittautumisajan p\u00e4\u00e4ttymisen j\u00e4lkeen. Mik\u00e4li yrit\u00e4t tehd\u00e4 lukituksen kesken ilmoittautumisajan, j\u00e4rjestelm\u00e4 est\u00e4\u00e4 sen. Lukitus tapahtuu maksullisen v\u00e4livarastossa seuraavasti: Mik\u00e4li osa ilmoittautuneista ei l\u00e4p\u00e4ise p\u00e4\u00e4syvaatimuksia (esim. valintakoetta) ja heid\u00e4t tulee poistaa Ei valitut -listalta, jotta he eiv\u00e4t j\u00e4\u00e4 varasijalle. Tee t\u00e4m\u00e4 [&hellip;]","og_url":"https:\/\/help.jamk.fi\/peppi-ohjeet-henkilokunnalle\/fi\/maksullinen-koulutus\/opiskelijoiden-kasittely-korkeakoulupalvelujen-tyopoyta\/muu-valintakriteeri-kohteen-valintojen-lukitus\/","og_site_name":"Peppi-ohjeet henkil\u00f6kunnalle","article_modified_time":"2025-04-24T10:02:09+00:00","og_image":[{"width":590,"height":474,"url":"https:\/\/help.jamk.fi\/peppi-ohjeet-henkilokunnalle\/wp-content\/uploads\/sites\/131\/2025\/04\/Henkiloiden-valinta-ilmoittautumisajan-jalkeen.png","type":"image\/png"}],"twitter_card":"summary_large_image","twitter_misc":{"Arvioitu lukuaika":"3 minuuttia"},"schema":{"@context":"https:\/\/schema.org","@graph":[{"@type":"WebPage","@id":"https:\/\/help.jamk.fi\/peppi-ohjeet-henkilokunnalle\/fi\/maksullinen-koulutus\/opiskelijoiden-kasittely-korkeakoulupalvelujen-tyopoyta\/muu-valintakriteeri-kohteen-valintojen-lukitus\/","url":"https:\/\/help.jamk.fi\/peppi-ohjeet-henkilokunnalle\/fi\/maksullinen-koulutus\/opiskelijoiden-kasittely-korkeakoulupalvelujen-tyopoyta\/muu-valintakriteeri-kohteen-valintojen-lukitus\/","name":"Muu valintakriteeri -kohteen valintojen lukitus - Peppi-ohjeet henkil\u00f6kunnalle","isPartOf":{"@id":"https:\/\/help.jamk.fi\/peppi-ohjeet-henkilokunnalle\/#website"},"primaryImageOfPage":{"@id":"https:\/\/help.jamk.fi\/peppi-ohjeet-henkilokunnalle\/fi\/maksullinen-koulutus\/opiskelijoiden-kasittely-korkeakoulupalvelujen-tyopoyta\/muu-valintakriteeri-kohteen-valintojen-lukitus\/#primaryimage"},"image":{"@id":"https:\/\/help.jamk.fi\/peppi-ohjeet-henkilokunnalle\/fi\/maksullinen-koulutus\/opiskelijoiden-kasittely-korkeakoulupalvelujen-tyopoyta\/muu-valintakriteeri-kohteen-valintojen-lukitus\/#primaryimage"},"thumbnailUrl":"https:\/\/help.jamk.fi\/peppi-ohjeet-henkilokunnalle\/wp-content\/uploads\/sites\/131\/2025\/04\/Henkiloiden-valinta-ilmoittautumisajan-jalkeen.png","datePublished":"2024-10-28T08:43:29+00:00","dateModified":"2025-04-24T10:02:09+00:00","breadcrumb":{"@id":"https:\/\/help.jamk.fi\/peppi-ohjeet-henkilokunnalle\/fi\/maksullinen-koulutus\/opiskelijoiden-kasittely-korkeakoulupalvelujen-tyopoyta\/muu-valintakriteeri-kohteen-valintojen-lukitus\/#breadcrumb"},"inLanguage":"fi","potentialAction":[{"@type":"ReadAction","target":["https:\/\/help.jamk.fi\/peppi-ohjeet-henkilokunnalle\/fi\/maksullinen-koulutus\/opiskelijoiden-kasittely-korkeakoulupalvelujen-tyopoyta\/muu-valintakriteeri-kohteen-valintojen-lukitus\/"]}]},{"@type":"ImageObject","inLanguage":"fi","@id":"https:\/\/help.jamk.fi\/peppi-ohjeet-henkilokunnalle\/fi\/maksullinen-koulutus\/opiskelijoiden-kasittely-korkeakoulupalvelujen-tyopoyta\/muu-valintakriteeri-kohteen-valintojen-lukitus\/#primaryimage","url":"https:\/\/help.jamk.fi\/peppi-ohjeet-henkilokunnalle\/wp-content\/uploads\/sites\/131\/2025\/04\/Henkiloiden-valinta-ilmoittautumisajan-jalkeen.png","contentUrl":"https:\/\/help.jamk.fi\/peppi-ohjeet-henkilokunnalle\/wp-content\/uploads\/sites\/131\/2025\/04\/Henkiloiden-valinta-ilmoittautumisajan-jalkeen.png","width":590,"height":474,"caption":"Kuvio 1. Henkil\u00f6iden valinta ilmoittautumisajan j\u00e4lkeen"},{"@type":"BreadcrumbList","@id":"https:\/\/help.jamk.fi\/peppi-ohjeet-henkilokunnalle\/fi\/maksullinen-koulutus\/opiskelijoiden-kasittely-korkeakoulupalvelujen-tyopoyta\/muu-valintakriteeri-kohteen-valintojen-lukitus\/#breadcrumb","itemListElement":[{"@type":"ListItem","position":1,"name":"Home","item":"https:\/\/help.jamk.fi\/peppi-ohjeet-henkilokunnalle\/en\/"},{"@type":"ListItem","position":2,"name":"Maksullinen koulutus","item":"https:\/\/help.jamk.fi\/peppi-ohjeet-henkilokunnalle\/fi\/maksullinen-koulutus\/"},{"@type":"ListItem","position":3,"name":"Opiskelijoiden k\u00e4sittely &#8211; korkeakoulupalvelujen ty\u00f6p\u00f6yt\u00e4","item":"https:\/\/help.jamk.fi\/peppi-ohjeet-henkilokunnalle\/fi\/maksullinen-koulutus\/opiskelijoiden-kasittely-korkeakoulupalvelujen-tyopoyta\/"},{"@type":"ListItem","position":4,"name":"Muu valintakriteeri -kohteen valintojen lukitus"}]},{"@type":"WebSite","@id":"https:\/\/help.jamk.fi\/peppi-ohjeet-henkilokunnalle\/#website","url":"https:\/\/help.jamk.fi\/peppi-ohjeet-henkilokunnalle\/","name":"Peppi-ohjeet henkil\u00f6kunnalle","description":"","potentialAction":[{"@type":"SearchAction","target":{"@type":"EntryPoint","urlTemplate":"https:\/\/help.jamk.fi\/peppi-ohjeet-henkilokunnalle\/?s={search_term_string}"},"query-input":{"@type":"PropertyValueSpecification","valueRequired":true,"valueName":"search_term_string"}}],"inLanguage":"fi"}]}},"_links":{"self":[{"href":"https:\/\/help.jamk.fi\/peppi-ohjeet-henkilokunnalle\/wp-json\/wp\/v2\/pages\/7247","targetHints":{"allow":["GET"]}}],"collection":[{"href":"https:\/\/help.jamk.fi\/peppi-ohjeet-henkilokunnalle\/wp-json\/wp\/v2\/pages"}],"about":[{"href":"https:\/\/help.jamk.fi\/peppi-ohjeet-henkilokunnalle\/wp-json\/wp\/v2\/types\/page"}],"author":[{"embeddable":true,"href":"https:\/\/help.jamk.fi\/peppi-ohjeet-henkilokunnalle\/wp-json\/wp\/v2\/users\/79"}],"replies":[{"embeddable":true,"href":"https:\/\/help.jamk.fi\/peppi-ohjeet-henkilokunnalle\/wp-json\/wp\/v2\/comments?post=7247"}],"version-history":[{"count":2,"href":"https:\/\/help.jamk.fi\/peppi-ohjeet-henkilokunnalle\/wp-json\/wp\/v2\/pages\/7247\/revisions"}],"predecessor-version":[{"id":7443,"href":"https:\/\/help.jamk.fi\/peppi-ohjeet-henkilokunnalle\/wp-json\/wp\/v2\/pages\/7247\/revisions\/7443"}],"up":[{"embeddable":true,"href":"https:\/\/help.jamk.fi\/peppi-ohjeet-henkilokunnalle\/wp-json\/wp\/v2\/pages\/7205"}],"wp:attachment":[{"href":"https:\/\/help.jamk.fi\/peppi-ohjeet-henkilokunnalle\/wp-json\/wp\/v2\/media?parent=7247"}],"wp:term":[{"taxonomy":"category","embeddable":true,"href":"https:\/\/help.jamk.fi\/peppi-ohjeet-henkilokunnalle\/wp-json\/wp\/v2\/categories?post=7247"},{"taxonomy":"post_tag","embeddable":true,"href":"https:\/\/help.jamk.fi\/peppi-ohjeet-henkilokunnalle\/wp-json\/wp\/v2\/tags?post=7247"}],"curies":[{"name":"wp","href":"https:\/\/api.w.org\/{rel}","templated":true}]}}