{"id":7251,"date":"2024-10-28T15:35:16","date_gmt":"2024-10-28T13:35:16","guid":{"rendered":"https:\/\/help.jamk.fi\/peppi-ohjeet-henkilokunnalle\/?page_id=7251"},"modified":"2025-10-20T15:20:01","modified_gmt":"2025-10-20T12:20:01","slug":"vapautus","status":"publish","type":"page","link":"https:\/\/help.jamk.fi\/peppi-ohjeet-henkilokunnalle\/fi\/hyvaksilukeminen\/vapautus\/","title":{"rendered":"Vapautus"},"content":{"rendered":"\n<p>Opiskelija voi hakea vapautusta vain joko <strong>kieliopinnoista<\/strong> tai <strong>kypsyysn\u00e4ytteest\u00e4<\/strong>. <a href=\"https:\/\/help.jamk.fi\/opinnaytetyo\/fi\/kypsyysnayte-osana-korkeakoulututkintoa\/\">Lis\u00e4tietoja kypsyysn\u00e4ytteest\u00e4 opinn\u00e4ytety\u00f6ohjeessa<\/a>. Jos opiskelija on tehnyt vapautushakemuksen muista opinnoista, on h\u00e4n valinnut v\u00e4\u00e4r\u00e4n hakemuksen tyypin. Palauta t\u00e4ll\u00f6in hakemus opiskelijalle korjattavaksi &#8211; <a href=\"https:\/\/help.jamk.fi\/peppi-ohjeet-henkilokunnalle\/fi\/hyvaksilukeminen\/eahot-hakemus-pepissa\/\">katso ohje<\/a>.<\/p>\n\n\n\n<p><strong>T\u00e4m\u00e4 ohje liittyy kypsyysn\u00e4ytteest\u00e4 vapauttamiseen.<\/strong> Opiskelijan on <strong>liitett\u00e4v\u00e4 hakemukselle<\/strong> peruskoulua tai lukiota vastaavat p\u00e4\u00e4tt\u00f6todistukset. Vapautusta <strong>ei my\u00f6nnet\u00e4<\/strong> kansalaisuuden tai \u00e4idinkielen perusteella. <\/p>\n\n\n\n<p><a href=\"https:\/\/jamkstudent.sharepoint.com\/sites\/Kieli-ja-viestintaopinnot-Elmo\/SitePages\/Osaamisen-tunnistaminen.aspx\">Kieli- ja viestint\u00e4opinnoista vapauttamisen ohje l\u00f6ytyy Elmosta (vaatii kirjautumisen).<\/a><\/p>\n\n\n\n<p>K\u00e4sittele opiskelijan vapautushakemus Pepiss\u00e4 alla olevan ohjeen mukaisesti.<\/p>\n\n\n\n<p>Klikkaa opettajan ty\u00f6p\u00f6yd\u00e4n yl\u00e4valikosta <strong>eAHOT-hyv\u00e4ksilukeminen<\/strong>.<\/p>\n\n\n\n<p>Avaa opiskelijan tekem\u00e4 hakemus hakemusrivin oikeassa reunassa olevasta <strong>Toiminnot<\/strong>-valikosta. Valitse <strong>K\u00e4sittele<\/strong> (kuvio 1).<\/p>\n\n\n\n<figure class=\"wp-block-image size-large\"><img loading=\"lazy\" decoding=\"async\" width=\"1024\" height=\"80\" src=\"https:\/\/help.jamk.fi\/peppi-ohjeet-henkilokunnalle\/wp-content\/uploads\/sites\/131\/2024\/10\/4-opettajan-tyopoyta-hakemuksen-avaaminen-1024x80.png\" alt=\"Hakemuksen avaaminem\" class=\"wp-image-7252\" srcset=\"https:\/\/help.jamk.fi\/peppi-ohjeet-henkilokunnalle\/wp-content\/uploads\/sites\/131\/2024\/10\/4-opettajan-tyopoyta-hakemuksen-avaaminen-1024x80.png 1024w, https:\/\/help.jamk.fi\/peppi-ohjeet-henkilokunnalle\/wp-content\/uploads\/sites\/131\/2024\/10\/4-opettajan-tyopoyta-hakemuksen-avaaminen-300x23.png 300w, https:\/\/help.jamk.fi\/peppi-ohjeet-henkilokunnalle\/wp-content\/uploads\/sites\/131\/2024\/10\/4-opettajan-tyopoyta-hakemuksen-avaaminen-768x60.png 768w, https:\/\/help.jamk.fi\/peppi-ohjeet-henkilokunnalle\/wp-content\/uploads\/sites\/131\/2024\/10\/4-opettajan-tyopoyta-hakemuksen-avaaminen.png 1420w\" sizes=\"auto, (max-width: 1024px) 100vw, 1024px\" \/><figcaption class=\"wp-element-caption\">Kuvio 1. Hakemuksen avaaminem<\/figcaption><\/figure>\n\n\n\n<h2 class=\"wp-block-heading\">P\u00e4\u00e4t\u00f6ksen tekeminen<\/h2>\n\n\n\n<p><a href=\"https:\/\/help.jamk.fi\/opinnaytetyo\/fi\/kypsyysnayte-osana-korkeakoulututkintoa\/\">Kypsyysn\u00e4ytteest\u00e4 vapauttamisen perustelut (Help)<\/a> <\/p>\n\n\n\n<p>Hakemuksen p\u00e4\u00e4t\u00f6kset tehd\u00e4\u00e4n hakemusikkunan <strong>Opinnot ja p\u00e4\u00e4t\u00f6kset<\/strong> -osion oikeasta reunasta. <\/p>\n\n\n\n<p>Klikkaa <strong>K\u00e4sittele<\/strong>-v\u00e4lilehdelt\u00e4 <strong>Siirry suoraan p\u00e4\u00e4t\u00f6ksentekoon<\/strong> -painiketta. Valitse p\u00e4\u00e4t\u00f6s alasvetovalikosta (kuvio 2):<\/p>\n\n\n\n<ul class=\"wp-block-list\">\n<li>Hyv\u00e4ksytty kokonaan tai<\/li>\n\n\n\n<li>Hylk\u00e4\u00e4n<\/li>\n<\/ul>\n\n\n\n<figure class=\"wp-block-image size-large\"><img loading=\"lazy\" decoding=\"async\" width=\"1024\" height=\"235\" src=\"https:\/\/help.jamk.fi\/peppi-ohjeet-henkilokunnalle\/wp-content\/uploads\/sites\/131\/2024\/10\/Vapautus-paatoksen-valitseminen-1024x235.png\" alt=\"Vapautus-p\u00e4\u00e4t\u00f6ksen valitseminen\" class=\"wp-image-7253\" srcset=\"https:\/\/help.jamk.fi\/peppi-ohjeet-henkilokunnalle\/wp-content\/uploads\/sites\/131\/2024\/10\/Vapautus-paatoksen-valitseminen-1024x235.png 1024w, https:\/\/help.jamk.fi\/peppi-ohjeet-henkilokunnalle\/wp-content\/uploads\/sites\/131\/2024\/10\/Vapautus-paatoksen-valitseminen-300x69.png 300w, https:\/\/help.jamk.fi\/peppi-ohjeet-henkilokunnalle\/wp-content\/uploads\/sites\/131\/2024\/10\/Vapautus-paatoksen-valitseminen-768x176.png 768w, https:\/\/help.jamk.fi\/peppi-ohjeet-henkilokunnalle\/wp-content\/uploads\/sites\/131\/2024\/10\/Vapautus-paatoksen-valitseminen-1536x353.png 1536w, https:\/\/help.jamk.fi\/peppi-ohjeet-henkilokunnalle\/wp-content\/uploads\/sites\/131\/2024\/10\/Vapautus-paatoksen-valitseminen.png 1568w\" sizes=\"auto, (max-width: 1024px) 100vw, 1024px\" \/><figcaption class=\"wp-element-caption\">Kuvio 2. Vapautus-p\u00e4\u00e4t\u00f6ksen valitseminen<\/figcaption><\/figure>\n\n\n\n<p>Jos p\u00e4\u00e4t\u00f6ksesi on \u201dhyv\u00e4ksytty kokonaan\u201d, sy\u00f6t\u00e4 <strong>K\u00e4sittele<\/strong>-v\u00e4lilehdell\u00e4 alla olevat tiedot (kuvio 3):<\/p>\n\n\n\n<ul class=\"wp-block-list\">\n<li>viesti opiskelijalle (perustelut vapautukselle)<\/li>\n\n\n\n<li>tallentaja (valitse t\u00e4h\u00e4n itsesi) <\/li>\n\n\n\n<li>viesti tallentajalle -kentt\u00e4\u00e4n voit halutessasi muistiinpanoja, jotka n\u00e4kyv\u00e4t vain sinulle.<\/li>\n<\/ul>\n\n\n\n<p>Klikkaa <strong>Tallenna<\/strong>. Sinulle aukeaa Hakemuksen asiasanat -ikkuna.<\/p>\n\n\n\n<figure class=\"wp-block-image size-full\"><img loading=\"lazy\" decoding=\"async\" width=\"445\" height=\"413\" src=\"https:\/\/help.jamk.fi\/peppi-ohjeet-henkilokunnalle\/wp-content\/uploads\/sites\/131\/2024\/10\/Vapautus-paatoksen-kirjaaminen.png\" alt=\"Vapautus-p\u00e4\u00e4t\u00f6ksen kirjaaminen\" class=\"wp-image-7254\" srcset=\"https:\/\/help.jamk.fi\/peppi-ohjeet-henkilokunnalle\/wp-content\/uploads\/sites\/131\/2024\/10\/Vapautus-paatoksen-kirjaaminen.png 445w, https:\/\/help.jamk.fi\/peppi-ohjeet-henkilokunnalle\/wp-content\/uploads\/sites\/131\/2024\/10\/Vapautus-paatoksen-kirjaaminen-300x278.png 300w\" sizes=\"auto, (max-width: 445px) 100vw, 445px\" \/><figcaption class=\"wp-element-caption\">Kuvio 3. Vapautus-p\u00e4\u00e4t\u00f6ksen kirjaaminen<\/figcaption><\/figure>\n\n\n\n<h2 class=\"wp-block-heading\">Hakemuksen asiasanojen valitseminen<\/h2>\n\n\n\n<p>Valitse <strong>Hakemuksen asiasanat<\/strong> -ikkunassa asiasanaksi &#8221;kypsyysn\u00e4yte&#8221; kirjoittamalla ko. asiasana Hae asiasanoja -kentt\u00e4\u00e4n (kuvio 4).<\/p>\n\n\n\n<figure class=\"wp-block-image size-full\"><img loading=\"lazy\" decoding=\"async\" width=\"588\" height=\"461\" src=\"https:\/\/help.jamk.fi\/peppi-ohjeet-henkilokunnalle\/wp-content\/uploads\/sites\/131\/2024\/10\/Kypsyysnayte-asiasanaksi.png\" alt=\"Kypsyysn\u00e4yte asiasanaksi\" class=\"wp-image-7255\" srcset=\"https:\/\/help.jamk.fi\/peppi-ohjeet-henkilokunnalle\/wp-content\/uploads\/sites\/131\/2024\/10\/Kypsyysnayte-asiasanaksi.png 588w, https:\/\/help.jamk.fi\/peppi-ohjeet-henkilokunnalle\/wp-content\/uploads\/sites\/131\/2024\/10\/Kypsyysnayte-asiasanaksi-300x235.png 300w\" sizes=\"auto, (max-width: 588px) 100vw, 588px\" \/><figcaption class=\"wp-element-caption\">Kuvio 4. Kypsyysn\u00e4yte asiasanaksi<\/figcaption><\/figure>\n\n\n\n<p>Klikkaa <strong>Tallenna asiasanat ja p\u00e4\u00e4t\u00f6s<\/strong>. T\u00e4m\u00e4n j\u00e4lkeen voit kirjata vapautuksen opiskelijan opintosuorituksiin.<\/p>\n\n\n\n<h2 class=\"wp-block-heading\">Vapautuksen kirjaaminen<\/h2>\n\n\n\n<p>Tarkista, ett\u00e4 tiedot vapautuksesta ovat Lis\u00e4\u00e4 hyv\u00e4ksiluku -ikkunassa oikein. Kiinnit\u00e4 erityist\u00e4 huomiota opintoon, p\u00e4iv\u00e4m\u00e4\u00e4r\u00e4\u00e4n ja my\u00f6nt\u00e4j\u00e4\u00e4n (kuvio 5).<\/p>\n\n\n\n<ul class=\"wp-block-list\">\n<li>Opinnon tulee olla Kypsyysn\u00e4yte<\/li>\n\n\n\n<li>P\u00e4iv\u00e4m\u00e4\u00e4r\u00e4n ko. p\u00e4iv\u00e4<\/li>\n\n\n\n<li>My\u00f6nt\u00e4j\u00e4: sin\u00e4 itse.<\/li>\n<\/ul>\n\n\n\n<p>\u00c4l\u00e4 kirjoita mit\u00e4\u00e4n <strong>Lis\u00e4tieto suoritusotteeseen<\/strong> -kentt\u00e4\u00e4n, sill\u00e4 ko. teksti siirtyy opintosuoritusotteelle.<\/p>\n\n\n\n<p>Klikkaa <strong>Tallenna<\/strong>.<\/p>\n\n\n\n<figure class=\"wp-block-image size-large\"><img loading=\"lazy\" decoding=\"async\" width=\"1024\" height=\"368\" src=\"https:\/\/help.jamk.fi\/peppi-ohjeet-henkilokunnalle\/wp-content\/uploads\/sites\/131\/2024\/10\/Vapautuksen-kirjaaminen-1024x368.png\" alt=\"Vapautuksen kirjaaminen opintosuorituksiin\" class=\"wp-image-7256\" srcset=\"https:\/\/help.jamk.fi\/peppi-ohjeet-henkilokunnalle\/wp-content\/uploads\/sites\/131\/2024\/10\/Vapautuksen-kirjaaminen-1024x368.png 1024w, https:\/\/help.jamk.fi\/peppi-ohjeet-henkilokunnalle\/wp-content\/uploads\/sites\/131\/2024\/10\/Vapautuksen-kirjaaminen-300x108.png 300w, https:\/\/help.jamk.fi\/peppi-ohjeet-henkilokunnalle\/wp-content\/uploads\/sites\/131\/2024\/10\/Vapautuksen-kirjaaminen-768x276.png 768w, https:\/\/help.jamk.fi\/peppi-ohjeet-henkilokunnalle\/wp-content\/uploads\/sites\/131\/2024\/10\/Vapautuksen-kirjaaminen-1536x553.png 1536w, https:\/\/help.jamk.fi\/peppi-ohjeet-henkilokunnalle\/wp-content\/uploads\/sites\/131\/2024\/10\/Vapautuksen-kirjaaminen.png 1793w\" sizes=\"auto, (max-width: 1024px) 100vw, 1024px\" \/><figcaption class=\"wp-element-caption\">Kuvio 5. Vapautuksen kirjaaminen opintosuorituksiin<\/figcaption><\/figure>\n","protected":false},"excerpt":{"rendered":"<p>Opiskelija voi hakea vapautusta vain joko kieliopinnoista tai kypsyysn\u00e4ytteest\u00e4. Lis\u00e4tietoja kypsyysn\u00e4ytteest\u00e4 opinn\u00e4ytety\u00f6ohjeessa. Jos opiskelija on tehnyt vapautushakemuksen muista opinnoista, on h\u00e4n valinnut v\u00e4\u00e4r\u00e4n hakemuksen tyypin. Palauta t\u00e4ll\u00f6in hakemus opiskelijalle korjattavaksi &#8211; katso ohje. T\u00e4m\u00e4 ohje liittyy kypsyysn\u00e4ytteest\u00e4 vapauttamiseen. Opiskelijan on liitett\u00e4v\u00e4 hakemukselle peruskoulua tai lukiota vastaavat p\u00e4\u00e4tt\u00f6todistukset. Vapautusta ei my\u00f6nnet\u00e4 kansalaisuuden tai \u00e4idinkielen perusteella. Kieli- [&hellip;]<\/p>\n","protected":false},"author":79,"featured_media":0,"parent":4745,"menu_order":8,"comment_status":"closed","ping_status":"closed","template":"","meta":{"_acf_changed":false,"_relevanssi_hide_post":"","_relevanssi_hide_content":"","_relevanssi_pin_for_all":"","_relevanssi_pin_keywords":"","_relevanssi_unpin_keywords":"","_relevanssi_related_keywords":"","_relevanssi_related_include_ids":"","_relevanssi_related_exclude_ids":"","_relevanssi_related_no_append":"","_relevanssi_related_not_related":"","_relevanssi_related_posts":"","_relevanssi_noindex_reason":"","footnotes":""},"categories":[],"tags":[],"class_list":["post-7251","page","type-page","status-publish","hentry"],"acf":[],"yoast_head":"<!-- This site is optimized with the Yoast SEO plugin v27.4 - https:\/\/yoast.com\/product\/yoast-seo-wordpress\/ -->\n<title>Vapautus - Peppi-ohjeet henkil\u00f6kunnalle<\/title>\n<meta name=\"robots\" content=\"index, follow, max-snippet:-1, max-image-preview:large, max-video-preview:-1\" \/>\n<link rel=\"canonical\" href=\"https:\/\/help.jamk.fi\/peppi-ohjeet-henkilokunnalle\/fi\/hyvaksilukeminen\/vapautus\/\" \/>\n<meta property=\"og:locale\" content=\"fi_FI\" \/>\n<meta property=\"og:type\" content=\"article\" \/>\n<meta property=\"og:title\" content=\"Vapautus - Peppi-ohjeet henkil\u00f6kunnalle\" \/>\n<meta property=\"og:description\" content=\"Opiskelija voi hakea vapautusta vain joko kieliopinnoista tai kypsyysn\u00e4ytteest\u00e4. Lis\u00e4tietoja kypsyysn\u00e4ytteest\u00e4 opinn\u00e4ytety\u00f6ohjeessa. Jos opiskelija on tehnyt vapautushakemuksen muista opinnoista, on h\u00e4n valinnut v\u00e4\u00e4r\u00e4n hakemuksen tyypin. Palauta t\u00e4ll\u00f6in hakemus opiskelijalle korjattavaksi &#8211; katso ohje. T\u00e4m\u00e4 ohje liittyy kypsyysn\u00e4ytteest\u00e4 vapauttamiseen. Opiskelijan on liitett\u00e4v\u00e4 hakemukselle peruskoulua tai lukiota vastaavat p\u00e4\u00e4tt\u00f6todistukset. Vapautusta ei my\u00f6nnet\u00e4 kansalaisuuden tai \u00e4idinkielen perusteella. Kieli- [&hellip;]\" \/>\n<meta property=\"og:url\" content=\"https:\/\/help.jamk.fi\/peppi-ohjeet-henkilokunnalle\/fi\/hyvaksilukeminen\/vapautus\/\" \/>\n<meta property=\"og:site_name\" content=\"Peppi-ohjeet henkil\u00f6kunnalle\" \/>\n<meta property=\"article:modified_time\" content=\"2025-10-20T12:20:01+00:00\" \/>\n<meta property=\"og:image\" content=\"https:\/\/help.jamk.fi\/peppi-ohjeet-henkilokunnalle\/wp-content\/uploads\/sites\/131\/2024\/10\/4-opettajan-tyopoyta-hakemuksen-avaaminen.png\" \/>\n\t<meta property=\"og:image:width\" content=\"1420\" \/>\n\t<meta property=\"og:image:height\" content=\"111\" \/>\n\t<meta property=\"og:image:type\" content=\"image\/png\" \/>\n<meta name=\"twitter:card\" content=\"summary_large_image\" \/>\n<meta name=\"twitter:label1\" content=\"Arvioitu lukuaika\" \/>\n\t<meta name=\"twitter:data1\" content=\"3 minuuttia\" \/>\n<script type=\"application\/ld+json\" class=\"yoast-schema-graph\">{\"@context\":\"https:\\\/\\\/schema.org\",\"@graph\":[{\"@type\":\"WebPage\",\"@id\":\"https:\\\/\\\/help.jamk.fi\\\/peppi-ohjeet-henkilokunnalle\\\/fi\\\/hyvaksilukeminen\\\/vapautus\\\/\",\"url\":\"https:\\\/\\\/help.jamk.fi\\\/peppi-ohjeet-henkilokunnalle\\\/fi\\\/hyvaksilukeminen\\\/vapautus\\\/\",\"name\":\"Vapautus - Peppi-ohjeet henkil\u00f6kunnalle\",\"isPartOf\":{\"@id\":\"https:\\\/\\\/help.jamk.fi\\\/peppi-ohjeet-henkilokunnalle\\\/#website\"},\"primaryImageOfPage\":{\"@id\":\"https:\\\/\\\/help.jamk.fi\\\/peppi-ohjeet-henkilokunnalle\\\/fi\\\/hyvaksilukeminen\\\/vapautus\\\/#primaryimage\"},\"image\":{\"@id\":\"https:\\\/\\\/help.jamk.fi\\\/peppi-ohjeet-henkilokunnalle\\\/fi\\\/hyvaksilukeminen\\\/vapautus\\\/#primaryimage\"},\"thumbnailUrl\":\"https:\\\/\\\/help.jamk.fi\\\/peppi-ohjeet-henkilokunnalle\\\/wp-content\\\/uploads\\\/sites\\\/131\\\/2024\\\/10\\\/4-opettajan-tyopoyta-hakemuksen-avaaminen-1024x80.png\",\"datePublished\":\"2024-10-28T13:35:16+00:00\",\"dateModified\":\"2025-10-20T12:20:01+00:00\",\"breadcrumb\":{\"@id\":\"https:\\\/\\\/help.jamk.fi\\\/peppi-ohjeet-henkilokunnalle\\\/fi\\\/hyvaksilukeminen\\\/vapautus\\\/#breadcrumb\"},\"inLanguage\":\"fi\",\"potentialAction\":[{\"@type\":\"ReadAction\",\"target\":[\"https:\\\/\\\/help.jamk.fi\\\/peppi-ohjeet-henkilokunnalle\\\/fi\\\/hyvaksilukeminen\\\/vapautus\\\/\"]}]},{\"@type\":\"ImageObject\",\"inLanguage\":\"fi\",\"@id\":\"https:\\\/\\\/help.jamk.fi\\\/peppi-ohjeet-henkilokunnalle\\\/fi\\\/hyvaksilukeminen\\\/vapautus\\\/#primaryimage\",\"url\":\"https:\\\/\\\/help.jamk.fi\\\/peppi-ohjeet-henkilokunnalle\\\/wp-content\\\/uploads\\\/sites\\\/131\\\/2024\\\/10\\\/4-opettajan-tyopoyta-hakemuksen-avaaminen.png\",\"contentUrl\":\"https:\\\/\\\/help.jamk.fi\\\/peppi-ohjeet-henkilokunnalle\\\/wp-content\\\/uploads\\\/sites\\\/131\\\/2024\\\/10\\\/4-opettajan-tyopoyta-hakemuksen-avaaminen.png\",\"width\":1420,\"height\":111,\"caption\":\"Kuvio 1. Hakemuksen avaaminem\"},{\"@type\":\"BreadcrumbList\",\"@id\":\"https:\\\/\\\/help.jamk.fi\\\/peppi-ohjeet-henkilokunnalle\\\/fi\\\/hyvaksilukeminen\\\/vapautus\\\/#breadcrumb\",\"itemListElement\":[{\"@type\":\"ListItem\",\"position\":1,\"name\":\"Home\",\"item\":\"https:\\\/\\\/help.jamk.fi\\\/peppi-ohjeet-henkilokunnalle\\\/en\\\/\"},{\"@type\":\"ListItem\",\"position\":2,\"name\":\"eAHOT &#8211; hyv\u00e4ksilukeminen\",\"item\":\"https:\\\/\\\/help.jamk.fi\\\/peppi-ohjeet-henkilokunnalle\\\/fi\\\/hyvaksilukeminen\\\/\"},{\"@type\":\"ListItem\",\"position\":3,\"name\":\"Vapautus\"}]},{\"@type\":\"WebSite\",\"@id\":\"https:\\\/\\\/help.jamk.fi\\\/peppi-ohjeet-henkilokunnalle\\\/#website\",\"url\":\"https:\\\/\\\/help.jamk.fi\\\/peppi-ohjeet-henkilokunnalle\\\/\",\"name\":\"Peppi-ohjeet henkil\u00f6kunnalle\",\"description\":\"\",\"potentialAction\":[{\"@type\":\"SearchAction\",\"target\":{\"@type\":\"EntryPoint\",\"urlTemplate\":\"https:\\\/\\\/help.jamk.fi\\\/peppi-ohjeet-henkilokunnalle\\\/?s={search_term_string}\"},\"query-input\":{\"@type\":\"PropertyValueSpecification\",\"valueRequired\":true,\"valueName\":\"search_term_string\"}}],\"inLanguage\":\"fi\"}]}<\/script>\n<!-- \/ Yoast SEO plugin. -->","yoast_head_json":{"title":"Vapautus - Peppi-ohjeet henkil\u00f6kunnalle","robots":{"index":"index","follow":"follow","max-snippet":"max-snippet:-1","max-image-preview":"max-image-preview:large","max-video-preview":"max-video-preview:-1"},"canonical":"https:\/\/help.jamk.fi\/peppi-ohjeet-henkilokunnalle\/fi\/hyvaksilukeminen\/vapautus\/","og_locale":"fi_FI","og_type":"article","og_title":"Vapautus - Peppi-ohjeet henkil\u00f6kunnalle","og_description":"Opiskelija voi hakea vapautusta vain joko kieliopinnoista tai kypsyysn\u00e4ytteest\u00e4. Lis\u00e4tietoja kypsyysn\u00e4ytteest\u00e4 opinn\u00e4ytety\u00f6ohjeessa. Jos opiskelija on tehnyt vapautushakemuksen muista opinnoista, on h\u00e4n valinnut v\u00e4\u00e4r\u00e4n hakemuksen tyypin. Palauta t\u00e4ll\u00f6in hakemus opiskelijalle korjattavaksi &#8211; katso ohje. T\u00e4m\u00e4 ohje liittyy kypsyysn\u00e4ytteest\u00e4 vapauttamiseen. Opiskelijan on liitett\u00e4v\u00e4 hakemukselle peruskoulua tai lukiota vastaavat p\u00e4\u00e4tt\u00f6todistukset. Vapautusta ei my\u00f6nnet\u00e4 kansalaisuuden tai \u00e4idinkielen perusteella. Kieli- [&hellip;]","og_url":"https:\/\/help.jamk.fi\/peppi-ohjeet-henkilokunnalle\/fi\/hyvaksilukeminen\/vapautus\/","og_site_name":"Peppi-ohjeet henkil\u00f6kunnalle","article_modified_time":"2025-10-20T12:20:01+00:00","og_image":[{"width":1420,"height":111,"url":"https:\/\/help.jamk.fi\/peppi-ohjeet-henkilokunnalle\/wp-content\/uploads\/sites\/131\/2024\/10\/4-opettajan-tyopoyta-hakemuksen-avaaminen.png","type":"image\/png"}],"twitter_card":"summary_large_image","twitter_misc":{"Arvioitu lukuaika":"3 minuuttia"},"schema":{"@context":"https:\/\/schema.org","@graph":[{"@type":"WebPage","@id":"https:\/\/help.jamk.fi\/peppi-ohjeet-henkilokunnalle\/fi\/hyvaksilukeminen\/vapautus\/","url":"https:\/\/help.jamk.fi\/peppi-ohjeet-henkilokunnalle\/fi\/hyvaksilukeminen\/vapautus\/","name":"Vapautus - Peppi-ohjeet henkil\u00f6kunnalle","isPartOf":{"@id":"https:\/\/help.jamk.fi\/peppi-ohjeet-henkilokunnalle\/#website"},"primaryImageOfPage":{"@id":"https:\/\/help.jamk.fi\/peppi-ohjeet-henkilokunnalle\/fi\/hyvaksilukeminen\/vapautus\/#primaryimage"},"image":{"@id":"https:\/\/help.jamk.fi\/peppi-ohjeet-henkilokunnalle\/fi\/hyvaksilukeminen\/vapautus\/#primaryimage"},"thumbnailUrl":"https:\/\/help.jamk.fi\/peppi-ohjeet-henkilokunnalle\/wp-content\/uploads\/sites\/131\/2024\/10\/4-opettajan-tyopoyta-hakemuksen-avaaminen-1024x80.png","datePublished":"2024-10-28T13:35:16+00:00","dateModified":"2025-10-20T12:20:01+00:00","breadcrumb":{"@id":"https:\/\/help.jamk.fi\/peppi-ohjeet-henkilokunnalle\/fi\/hyvaksilukeminen\/vapautus\/#breadcrumb"},"inLanguage":"fi","potentialAction":[{"@type":"ReadAction","target":["https:\/\/help.jamk.fi\/peppi-ohjeet-henkilokunnalle\/fi\/hyvaksilukeminen\/vapautus\/"]}]},{"@type":"ImageObject","inLanguage":"fi","@id":"https:\/\/help.jamk.fi\/peppi-ohjeet-henkilokunnalle\/fi\/hyvaksilukeminen\/vapautus\/#primaryimage","url":"https:\/\/help.jamk.fi\/peppi-ohjeet-henkilokunnalle\/wp-content\/uploads\/sites\/131\/2024\/10\/4-opettajan-tyopoyta-hakemuksen-avaaminen.png","contentUrl":"https:\/\/help.jamk.fi\/peppi-ohjeet-henkilokunnalle\/wp-content\/uploads\/sites\/131\/2024\/10\/4-opettajan-tyopoyta-hakemuksen-avaaminen.png","width":1420,"height":111,"caption":"Kuvio 1. Hakemuksen avaaminem"},{"@type":"BreadcrumbList","@id":"https:\/\/help.jamk.fi\/peppi-ohjeet-henkilokunnalle\/fi\/hyvaksilukeminen\/vapautus\/#breadcrumb","itemListElement":[{"@type":"ListItem","position":1,"name":"Home","item":"https:\/\/help.jamk.fi\/peppi-ohjeet-henkilokunnalle\/en\/"},{"@type":"ListItem","position":2,"name":"eAHOT &#8211; hyv\u00e4ksilukeminen","item":"https:\/\/help.jamk.fi\/peppi-ohjeet-henkilokunnalle\/fi\/hyvaksilukeminen\/"},{"@type":"ListItem","position":3,"name":"Vapautus"}]},{"@type":"WebSite","@id":"https:\/\/help.jamk.fi\/peppi-ohjeet-henkilokunnalle\/#website","url":"https:\/\/help.jamk.fi\/peppi-ohjeet-henkilokunnalle\/","name":"Peppi-ohjeet henkil\u00f6kunnalle","description":"","potentialAction":[{"@type":"SearchAction","target":{"@type":"EntryPoint","urlTemplate":"https:\/\/help.jamk.fi\/peppi-ohjeet-henkilokunnalle\/?s={search_term_string}"},"query-input":{"@type":"PropertyValueSpecification","valueRequired":true,"valueName":"search_term_string"}}],"inLanguage":"fi"}]}},"_links":{"self":[{"href":"https:\/\/help.jamk.fi\/peppi-ohjeet-henkilokunnalle\/wp-json\/wp\/v2\/pages\/7251","targetHints":{"allow":["GET"]}}],"collection":[{"href":"https:\/\/help.jamk.fi\/peppi-ohjeet-henkilokunnalle\/wp-json\/wp\/v2\/pages"}],"about":[{"href":"https:\/\/help.jamk.fi\/peppi-ohjeet-henkilokunnalle\/wp-json\/wp\/v2\/types\/page"}],"author":[{"embeddable":true,"href":"https:\/\/help.jamk.fi\/peppi-ohjeet-henkilokunnalle\/wp-json\/wp\/v2\/users\/79"}],"replies":[{"embeddable":true,"href":"https:\/\/help.jamk.fi\/peppi-ohjeet-henkilokunnalle\/wp-json\/wp\/v2\/comments?post=7251"}],"version-history":[{"count":11,"href":"https:\/\/help.jamk.fi\/peppi-ohjeet-henkilokunnalle\/wp-json\/wp\/v2\/pages\/7251\/revisions"}],"predecessor-version":[{"id":7847,"href":"https:\/\/help.jamk.fi\/peppi-ohjeet-henkilokunnalle\/wp-json\/wp\/v2\/pages\/7251\/revisions\/7847"}],"up":[{"embeddable":true,"href":"https:\/\/help.jamk.fi\/peppi-ohjeet-henkilokunnalle\/wp-json\/wp\/v2\/pages\/4745"}],"wp:attachment":[{"href":"https:\/\/help.jamk.fi\/peppi-ohjeet-henkilokunnalle\/wp-json\/wp\/v2\/media?parent=7251"}],"wp:term":[{"taxonomy":"category","embeddable":true,"href":"https:\/\/help.jamk.fi\/peppi-ohjeet-henkilokunnalle\/wp-json\/wp\/v2\/categories?post=7251"},{"taxonomy":"post_tag","embeddable":true,"href":"https:\/\/help.jamk.fi\/peppi-ohjeet-henkilokunnalle\/wp-json\/wp\/v2\/tags?post=7251"}],"curies":[{"name":"wp","href":"https:\/\/api.w.org\/{rel}","templated":true}]}}