{"id":7461,"date":"2025-05-28T10:57:05","date_gmt":"2025-05-28T07:57:05","guid":{"rendered":"https:\/\/help.jamk.fi\/peppi-ohjeet-henkilokunnalle\/?page_id=7461"},"modified":"2025-10-27T07:27:55","modified_gmt":"2025-10-27T05:27:55","slug":"opiskelijan-ja-tai-opiskeluoikeuden-poistaminen-pepista","status":"publish","type":"page","link":"https:\/\/help.jamk.fi\/peppi-ohjeet-henkilokunnalle\/fi\/opiskelijahallinto\/opiskelijat-valikko\/opiskelijan-ja-tai-opiskeluoikeuden-poistaminen-pepista\/","title":{"rendered":"Opiskelijan ja\/tai opiskeluoikeuden poistaminen Pepist\u00e4"},"content":{"rendered":"\n<p class=\"has-regular-font-size\"><\/p>\n\n\n\n<p class=\"has-regular-font-size\">1 Siirry opiskeluoikeuden l\u00e4sn\u00e4olot -v\u00e4lilehdelle<\/p>\n\n\n\n<p class=\"has-regular-font-size\">2. Poista mahdollinen vanha \u201dOpinnot p\u00e4\u00e4ttyneet\u201d -merkint\u00e4<\/p>\n\n\n\n<ol class=\"wp-block-list\"><\/ol>\n\n\n\n<figure class=\"wp-block-image size-full\"><img loading=\"lazy\" decoding=\"async\" width=\"934\" height=\"164\" src=\"https:\/\/help.jamk.fi\/peppi-ohjeet-henkilokunnalle\/wp-content\/uploads\/sites\/131\/2025\/05\/Kuva0.png\" alt=\"\" class=\"wp-image-7474\" srcset=\"https:\/\/help.jamk.fi\/peppi-ohjeet-henkilokunnalle\/wp-content\/uploads\/sites\/131\/2025\/05\/Kuva0.png 934w, https:\/\/help.jamk.fi\/peppi-ohjeet-henkilokunnalle\/wp-content\/uploads\/sites\/131\/2025\/05\/Kuva0-300x53.png 300w, https:\/\/help.jamk.fi\/peppi-ohjeet-henkilokunnalle\/wp-content\/uploads\/sites\/131\/2025\/05\/Kuva0-768x135.png 768w\" sizes=\"auto, (max-width: 934px) 100vw, 934px\" \/><\/figure>\n\n\n\n<p class=\"has-text-align-left is-style-boxed\"><\/p>\n\n\n\n<p class=\"has-regular-font-size\">3. Lis\u00e4\u00e4 \u201dOpinnot p\u00e4\u00e4ttyneet\u201d -merkint\u00e4 todelliselle p\u00e4\u00e4ttymisp\u00e4iv\u00e4lle<\/p>\n\n\n\n<figure class=\"wp-block-image size-full\"><img loading=\"lazy\" decoding=\"async\" width=\"719\" height=\"233\" src=\"https:\/\/help.jamk.fi\/peppi-ohjeet-henkilokunnalle\/wp-content\/uploads\/sites\/131\/2025\/05\/Kuva1.png\" alt=\"\" class=\"wp-image-7467\" srcset=\"https:\/\/help.jamk.fi\/peppi-ohjeet-henkilokunnalle\/wp-content\/uploads\/sites\/131\/2025\/05\/Kuva1.png 719w, https:\/\/help.jamk.fi\/peppi-ohjeet-henkilokunnalle\/wp-content\/uploads\/sites\/131\/2025\/05\/Kuva1-300x97.png 300w\" sizes=\"auto, (max-width: 719px) 100vw, 719px\" \/><\/figure>\n\n\n\n<p class=\"has-regular-font-size\">Valitse oikea lukukausi ja opintojen p\u00e4\u00e4ttymisp\u00e4iv\u00e4 ensimm\u00e4iseen p\u00e4iv\u00e4m\u00e4\u00e4r\u00e4 kentt\u00e4\u00e4n. Tallenna muutos<\/p>\n\n\n\n<figure class=\"wp-block-image size-full\"><img loading=\"lazy\" decoding=\"async\" width=\"608\" height=\"170\" src=\"https:\/\/help.jamk.fi\/peppi-ohjeet-henkilokunnalle\/wp-content\/uploads\/sites\/131\/2025\/05\/kuva2.png\" alt=\"\" class=\"wp-image-7468\" srcset=\"https:\/\/help.jamk.fi\/peppi-ohjeet-henkilokunnalle\/wp-content\/uploads\/sites\/131\/2025\/05\/kuva2.png 608w, https:\/\/help.jamk.fi\/peppi-ohjeet-henkilokunnalle\/wp-content\/uploads\/sites\/131\/2025\/05\/kuva2-300x84.png 300w\" sizes=\"auto, (max-width: 608px) 100vw, 608px\" \/><\/figure>\n\n\n\n<p class=\"has-regular-font-size\">4. Siirry opiskeluoikeuden opintosuoritukset -v\u00e4lilehdelle<\/p>\n\n\n\n<p class=\"has-regular-font-size\">5. Valitse \u201dSuodata\u201d -valikosta n\u00e4kyviin \u201dHyl\u00e4tyt\u201d ja \u201dKeskener\u00e4iset\u201d<\/p>\n\n\n\n<figure class=\"wp-block-image size-full\"><img loading=\"lazy\" decoding=\"async\" width=\"806\" height=\"213\" src=\"https:\/\/help.jamk.fi\/peppi-ohjeet-henkilokunnalle\/wp-content\/uploads\/sites\/131\/2025\/06\/kuva5.png\" alt=\"\" class=\"wp-image-7477\" srcset=\"https:\/\/help.jamk.fi\/peppi-ohjeet-henkilokunnalle\/wp-content\/uploads\/sites\/131\/2025\/06\/kuva5.png 806w, https:\/\/help.jamk.fi\/peppi-ohjeet-henkilokunnalle\/wp-content\/uploads\/sites\/131\/2025\/06\/kuva5-300x79.png 300w, https:\/\/help.jamk.fi\/peppi-ohjeet-henkilokunnalle\/wp-content\/uploads\/sites\/131\/2025\/06\/kuva5-768x203.png 768w\" sizes=\"auto, (max-width: 806px) 100vw, 806px\" \/><\/figure>\n\n\n\n<p><\/p>\n\n\n\n<p class=\"has-regular-font-size\">Mik\u00e4li opiskelijalla on hyv\u00e4ksyttyj\u00e4, hyl\u00e4ttyj\u00e4 tai keskener\u00e4isi\u00e4 suorituksia kirjattuna, siirr\u00e4 ne toiselle opiskeluoikeudelle. Virheelliset kirjaukset voi tarvittaessa poistaa.<\/p>\n\n\n\n<p class=\"has-regular-font-size\">6. Siirry opiskeluoikeuden HOPSille<\/p>\n\n\n\n<p class=\"has-regular-font-size\">7. Valitse HOPS -n\u00e4kym\u00e4st\u00e4 \u201dIlmoittautumiset\u201d -v\u00e4lilehti<\/p>\n\n\n\n<p class=\"has-regular-font-size\">8. Mik\u00e4li opiskelijalla on ilmoittautumisia toteutuksille ne pit\u00e4\u00e4 poistaa.<\/p>\n\n\n\n<figure class=\"wp-block-image size-full\"><img loading=\"lazy\" decoding=\"async\" width=\"606\" height=\"276\" src=\"https:\/\/help.jamk.fi\/peppi-ohjeet-henkilokunnalle\/wp-content\/uploads\/sites\/131\/2025\/06\/kuva6.png\" alt=\"\" class=\"wp-image-7478\" srcset=\"https:\/\/help.jamk.fi\/peppi-ohjeet-henkilokunnalle\/wp-content\/uploads\/sites\/131\/2025\/06\/kuva6.png 606w, https:\/\/help.jamk.fi\/peppi-ohjeet-henkilokunnalle\/wp-content\/uploads\/sites\/131\/2025\/06\/kuva6-300x137.png 300w\" sizes=\"auto, (max-width: 606px) 100vw, 606px\" \/><\/figure>\n\n\n\n<p class=\"has-regular-font-size\">Siirry opettajan ty\u00f6p\u00f6yd\u00e4n kautta toteutuksen ilmoittautuminen -v\u00e4lilehdelle ja poista opiskelija toteutukselta \u201dPoista valitut\u201d -toiminnon kautta.<br>Mik\u00e4li et saa poistettua ilmoittautumista, laita siit\u00e4 tieto palvelupyynn\u00f6lle.<\/p>\n\n\n\n<p><\/p>\n\n\n\n<p class=\"has-regular-font-size\">9. Tee palvelupyynt\u00f6 HelpDeskiin kategoriaan Peppi (opiskelijahallintoj\u00e4rjestelm\u00e4 \/ administration system) otsikolla \u201d Opiskelijan poistaminen Pepist\u00e4&#8221;. <\/p>\n\n\n\n<p class=\"has-regular-font-size\">Palvelupyynn\u00f6st\u00e4 tulee ilmet\u00e4 v\u00e4hint\u00e4\u00e4n:<br>\u2022 opiskelijan nimi<br>\u2022 poistettavan opiskeluoikeuden numero<br>\u2022 Ilmoita palvelupyynn\u00f6ss\u00e4, mik\u00e4li k\u00e4ytt\u00e4j\u00e4tunnus tulee sulkea v\u00e4litt\u00f6m\u00e4sti<br>\u2022 muut tarvittavat tiedot<\/p>\n\n\n\n<p><\/p>\n","protected":false},"excerpt":{"rendered":"<p>1 Siirry opiskeluoikeuden l\u00e4sn\u00e4olot -v\u00e4lilehdelle 2. Poista mahdollinen vanha \u201dOpinnot p\u00e4\u00e4ttyneet\u201d -merkint\u00e4 3. Lis\u00e4\u00e4 \u201dOpinnot p\u00e4\u00e4ttyneet\u201d -merkint\u00e4 todelliselle p\u00e4\u00e4ttymisp\u00e4iv\u00e4lle Valitse oikea lukukausi ja opintojen p\u00e4\u00e4ttymisp\u00e4iv\u00e4 ensimm\u00e4iseen p\u00e4iv\u00e4m\u00e4\u00e4r\u00e4 kentt\u00e4\u00e4n. Tallenna muutos 4. Siirry opiskeluoikeuden opintosuoritukset -v\u00e4lilehdelle 5. Valitse \u201dSuodata\u201d -valikosta n\u00e4kyviin \u201dHyl\u00e4tyt\u201d ja \u201dKeskener\u00e4iset\u201d Mik\u00e4li opiskelijalla on hyv\u00e4ksyttyj\u00e4, hyl\u00e4ttyj\u00e4 tai keskener\u00e4isi\u00e4 suorituksia kirjattuna, siirr\u00e4 ne toiselle [&hellip;]<\/p>\n","protected":false},"author":78,"featured_media":0,"parent":4555,"menu_order":0,"comment_status":"closed","ping_status":"closed","template":"","meta":{"_acf_changed":false,"_relevanssi_hide_post":"","_relevanssi_hide_content":"","_relevanssi_pin_for_all":"","_relevanssi_pin_keywords":"","_relevanssi_unpin_keywords":"","_relevanssi_related_keywords":"","_relevanssi_related_include_ids":"","_relevanssi_related_exclude_ids":"","_relevanssi_related_no_append":"","_relevanssi_related_not_related":"","_relevanssi_related_posts":"","_relevanssi_noindex_reason":"","footnotes":""},"categories":[],"tags":[],"class_list":["post-7461","page","type-page","status-publish","hentry"],"acf":[],"yoast_head":"<!-- This site is optimized with the Yoast SEO plugin v27.3 - https:\/\/yoast.com\/product\/yoast-seo-wordpress\/ -->\n<title>Opiskelijan ja\/tai opiskeluoikeuden poistaminen Pepist\u00e4 - Peppi-ohjeet henkil\u00f6kunnalle<\/title>\n<meta name=\"robots\" content=\"index, follow, max-snippet:-1, max-image-preview:large, max-video-preview:-1\" \/>\n<link rel=\"canonical\" href=\"https:\/\/help.jamk.fi\/peppi-ohjeet-henkilokunnalle\/fi\/opiskelijahallinto\/opiskelijat-valikko\/opiskelijan-ja-tai-opiskeluoikeuden-poistaminen-pepista\/\" \/>\n<meta property=\"og:locale\" content=\"fi_FI\" \/>\n<meta property=\"og:type\" content=\"article\" \/>\n<meta property=\"og:title\" content=\"Opiskelijan ja\/tai opiskeluoikeuden poistaminen Pepist\u00e4 - Peppi-ohjeet henkil\u00f6kunnalle\" \/>\n<meta property=\"og:description\" content=\"1 Siirry opiskeluoikeuden l\u00e4sn\u00e4olot -v\u00e4lilehdelle 2. Poista mahdollinen vanha \u201dOpinnot p\u00e4\u00e4ttyneet\u201d -merkint\u00e4 3. Lis\u00e4\u00e4 \u201dOpinnot p\u00e4\u00e4ttyneet\u201d -merkint\u00e4 todelliselle p\u00e4\u00e4ttymisp\u00e4iv\u00e4lle Valitse oikea lukukausi ja opintojen p\u00e4\u00e4ttymisp\u00e4iv\u00e4 ensimm\u00e4iseen p\u00e4iv\u00e4m\u00e4\u00e4r\u00e4 kentt\u00e4\u00e4n. Tallenna muutos 4. Siirry opiskeluoikeuden opintosuoritukset -v\u00e4lilehdelle 5. Valitse \u201dSuodata\u201d -valikosta n\u00e4kyviin \u201dHyl\u00e4tyt\u201d ja \u201dKeskener\u00e4iset\u201d Mik\u00e4li opiskelijalla on hyv\u00e4ksyttyj\u00e4, hyl\u00e4ttyj\u00e4 tai keskener\u00e4isi\u00e4 suorituksia kirjattuna, siirr\u00e4 ne toiselle [&hellip;]\" \/>\n<meta property=\"og:url\" content=\"https:\/\/help.jamk.fi\/peppi-ohjeet-henkilokunnalle\/fi\/opiskelijahallinto\/opiskelijat-valikko\/opiskelijan-ja-tai-opiskeluoikeuden-poistaminen-pepista\/\" \/>\n<meta property=\"og:site_name\" content=\"Peppi-ohjeet henkil\u00f6kunnalle\" \/>\n<meta property=\"article:modified_time\" content=\"2025-10-27T05:27:55+00:00\" \/>\n<meta property=\"og:image\" content=\"https:\/\/help.jamk.fi\/peppi-ohjeet-henkilokunnalle\/wp-content\/uploads\/sites\/131\/2025\/05\/Kuva0.png\" \/>\n\t<meta property=\"og:image:width\" content=\"934\" \/>\n\t<meta property=\"og:image:height\" content=\"164\" \/>\n\t<meta property=\"og:image:type\" content=\"image\/png\" \/>\n<meta name=\"twitter:card\" content=\"summary_large_image\" \/>\n<meta name=\"twitter:label1\" content=\"Arvioitu lukuaika\" \/>\n\t<meta name=\"twitter:data1\" content=\"2 minuuttia\" \/>\n<script type=\"application\/ld+json\" class=\"yoast-schema-graph\">{\"@context\":\"https:\\\/\\\/schema.org\",\"@graph\":[{\"@type\":\"WebPage\",\"@id\":\"https:\\\/\\\/help.jamk.fi\\\/peppi-ohjeet-henkilokunnalle\\\/fi\\\/opiskelijahallinto\\\/opiskelijat-valikko\\\/opiskelijan-ja-tai-opiskeluoikeuden-poistaminen-pepista\\\/\",\"url\":\"https:\\\/\\\/help.jamk.fi\\\/peppi-ohjeet-henkilokunnalle\\\/fi\\\/opiskelijahallinto\\\/opiskelijat-valikko\\\/opiskelijan-ja-tai-opiskeluoikeuden-poistaminen-pepista\\\/\",\"name\":\"Opiskelijan ja\\\/tai opiskeluoikeuden poistaminen Pepist\u00e4 - Peppi-ohjeet henkil\u00f6kunnalle\",\"isPartOf\":{\"@id\":\"https:\\\/\\\/help.jamk.fi\\\/peppi-ohjeet-henkilokunnalle\\\/#website\"},\"primaryImageOfPage\":{\"@id\":\"https:\\\/\\\/help.jamk.fi\\\/peppi-ohjeet-henkilokunnalle\\\/fi\\\/opiskelijahallinto\\\/opiskelijat-valikko\\\/opiskelijan-ja-tai-opiskeluoikeuden-poistaminen-pepista\\\/#primaryimage\"},\"image\":{\"@id\":\"https:\\\/\\\/help.jamk.fi\\\/peppi-ohjeet-henkilokunnalle\\\/fi\\\/opiskelijahallinto\\\/opiskelijat-valikko\\\/opiskelijan-ja-tai-opiskeluoikeuden-poistaminen-pepista\\\/#primaryimage\"},\"thumbnailUrl\":\"https:\\\/\\\/help.jamk.fi\\\/peppi-ohjeet-henkilokunnalle\\\/wp-content\\\/uploads\\\/sites\\\/131\\\/2025\\\/05\\\/Kuva0.png\",\"datePublished\":\"2025-05-28T07:57:05+00:00\",\"dateModified\":\"2025-10-27T05:27:55+00:00\",\"breadcrumb\":{\"@id\":\"https:\\\/\\\/help.jamk.fi\\\/peppi-ohjeet-henkilokunnalle\\\/fi\\\/opiskelijahallinto\\\/opiskelijat-valikko\\\/opiskelijan-ja-tai-opiskeluoikeuden-poistaminen-pepista\\\/#breadcrumb\"},\"inLanguage\":\"fi\",\"potentialAction\":[{\"@type\":\"ReadAction\",\"target\":[\"https:\\\/\\\/help.jamk.fi\\\/peppi-ohjeet-henkilokunnalle\\\/fi\\\/opiskelijahallinto\\\/opiskelijat-valikko\\\/opiskelijan-ja-tai-opiskeluoikeuden-poistaminen-pepista\\\/\"]}]},{\"@type\":\"ImageObject\",\"inLanguage\":\"fi\",\"@id\":\"https:\\\/\\\/help.jamk.fi\\\/peppi-ohjeet-henkilokunnalle\\\/fi\\\/opiskelijahallinto\\\/opiskelijat-valikko\\\/opiskelijan-ja-tai-opiskeluoikeuden-poistaminen-pepista\\\/#primaryimage\",\"url\":\"https:\\\/\\\/help.jamk.fi\\\/peppi-ohjeet-henkilokunnalle\\\/wp-content\\\/uploads\\\/sites\\\/131\\\/2025\\\/05\\\/Kuva0.png\",\"contentUrl\":\"https:\\\/\\\/help.jamk.fi\\\/peppi-ohjeet-henkilokunnalle\\\/wp-content\\\/uploads\\\/sites\\\/131\\\/2025\\\/05\\\/Kuva0.png\",\"width\":934,\"height\":164},{\"@type\":\"BreadcrumbList\",\"@id\":\"https:\\\/\\\/help.jamk.fi\\\/peppi-ohjeet-henkilokunnalle\\\/fi\\\/opiskelijahallinto\\\/opiskelijat-valikko\\\/opiskelijan-ja-tai-opiskeluoikeuden-poistaminen-pepista\\\/#breadcrumb\",\"itemListElement\":[{\"@type\":\"ListItem\",\"position\":1,\"name\":\"Home\",\"item\":\"https:\\\/\\\/help.jamk.fi\\\/peppi-ohjeet-henkilokunnalle\\\/en\\\/\"},{\"@type\":\"ListItem\",\"position\":2,\"name\":\"Opiskelijahallinto\",\"item\":\"https:\\\/\\\/help.jamk.fi\\\/peppi-ohjeet-henkilokunnalle\\\/fi\\\/opiskelijahallinto\\\/\"},{\"@type\":\"ListItem\",\"position\":3,\"name\":\"Opiskelijoiden hallinta\",\"item\":\"https:\\\/\\\/help.jamk.fi\\\/peppi-ohjeet-henkilokunnalle\\\/fi\\\/opiskelijahallinto\\\/opiskelijat-valikko\\\/\"},{\"@type\":\"ListItem\",\"position\":4,\"name\":\"Opiskelijan ja\\\/tai opiskeluoikeuden poistaminen Pepist\u00e4\"}]},{\"@type\":\"WebSite\",\"@id\":\"https:\\\/\\\/help.jamk.fi\\\/peppi-ohjeet-henkilokunnalle\\\/#website\",\"url\":\"https:\\\/\\\/help.jamk.fi\\\/peppi-ohjeet-henkilokunnalle\\\/\",\"name\":\"Peppi-ohjeet henkil\u00f6kunnalle\",\"description\":\"\",\"potentialAction\":[{\"@type\":\"SearchAction\",\"target\":{\"@type\":\"EntryPoint\",\"urlTemplate\":\"https:\\\/\\\/help.jamk.fi\\\/peppi-ohjeet-henkilokunnalle\\\/?s={search_term_string}\"},\"query-input\":{\"@type\":\"PropertyValueSpecification\",\"valueRequired\":true,\"valueName\":\"search_term_string\"}}],\"inLanguage\":\"fi\"}]}<\/script>\n<!-- \/ Yoast SEO plugin. -->","yoast_head_json":{"title":"Opiskelijan ja\/tai opiskeluoikeuden poistaminen Pepist\u00e4 - Peppi-ohjeet henkil\u00f6kunnalle","robots":{"index":"index","follow":"follow","max-snippet":"max-snippet:-1","max-image-preview":"max-image-preview:large","max-video-preview":"max-video-preview:-1"},"canonical":"https:\/\/help.jamk.fi\/peppi-ohjeet-henkilokunnalle\/fi\/opiskelijahallinto\/opiskelijat-valikko\/opiskelijan-ja-tai-opiskeluoikeuden-poistaminen-pepista\/","og_locale":"fi_FI","og_type":"article","og_title":"Opiskelijan ja\/tai opiskeluoikeuden poistaminen Pepist\u00e4 - Peppi-ohjeet henkil\u00f6kunnalle","og_description":"1 Siirry opiskeluoikeuden l\u00e4sn\u00e4olot -v\u00e4lilehdelle 2. Poista mahdollinen vanha \u201dOpinnot p\u00e4\u00e4ttyneet\u201d -merkint\u00e4 3. Lis\u00e4\u00e4 \u201dOpinnot p\u00e4\u00e4ttyneet\u201d -merkint\u00e4 todelliselle p\u00e4\u00e4ttymisp\u00e4iv\u00e4lle Valitse oikea lukukausi ja opintojen p\u00e4\u00e4ttymisp\u00e4iv\u00e4 ensimm\u00e4iseen p\u00e4iv\u00e4m\u00e4\u00e4r\u00e4 kentt\u00e4\u00e4n. Tallenna muutos 4. Siirry opiskeluoikeuden opintosuoritukset -v\u00e4lilehdelle 5. Valitse \u201dSuodata\u201d -valikosta n\u00e4kyviin \u201dHyl\u00e4tyt\u201d ja \u201dKeskener\u00e4iset\u201d Mik\u00e4li opiskelijalla on hyv\u00e4ksyttyj\u00e4, hyl\u00e4ttyj\u00e4 tai keskener\u00e4isi\u00e4 suorituksia kirjattuna, siirr\u00e4 ne toiselle [&hellip;]","og_url":"https:\/\/help.jamk.fi\/peppi-ohjeet-henkilokunnalle\/fi\/opiskelijahallinto\/opiskelijat-valikko\/opiskelijan-ja-tai-opiskeluoikeuden-poistaminen-pepista\/","og_site_name":"Peppi-ohjeet henkil\u00f6kunnalle","article_modified_time":"2025-10-27T05:27:55+00:00","og_image":[{"width":934,"height":164,"url":"https:\/\/help.jamk.fi\/peppi-ohjeet-henkilokunnalle\/wp-content\/uploads\/sites\/131\/2025\/05\/Kuva0.png","type":"image\/png"}],"twitter_card":"summary_large_image","twitter_misc":{"Arvioitu lukuaika":"2 minuuttia"},"schema":{"@context":"https:\/\/schema.org","@graph":[{"@type":"WebPage","@id":"https:\/\/help.jamk.fi\/peppi-ohjeet-henkilokunnalle\/fi\/opiskelijahallinto\/opiskelijat-valikko\/opiskelijan-ja-tai-opiskeluoikeuden-poistaminen-pepista\/","url":"https:\/\/help.jamk.fi\/peppi-ohjeet-henkilokunnalle\/fi\/opiskelijahallinto\/opiskelijat-valikko\/opiskelijan-ja-tai-opiskeluoikeuden-poistaminen-pepista\/","name":"Opiskelijan ja\/tai opiskeluoikeuden poistaminen Pepist\u00e4 - Peppi-ohjeet henkil\u00f6kunnalle","isPartOf":{"@id":"https:\/\/help.jamk.fi\/peppi-ohjeet-henkilokunnalle\/#website"},"primaryImageOfPage":{"@id":"https:\/\/help.jamk.fi\/peppi-ohjeet-henkilokunnalle\/fi\/opiskelijahallinto\/opiskelijat-valikko\/opiskelijan-ja-tai-opiskeluoikeuden-poistaminen-pepista\/#primaryimage"},"image":{"@id":"https:\/\/help.jamk.fi\/peppi-ohjeet-henkilokunnalle\/fi\/opiskelijahallinto\/opiskelijat-valikko\/opiskelijan-ja-tai-opiskeluoikeuden-poistaminen-pepista\/#primaryimage"},"thumbnailUrl":"https:\/\/help.jamk.fi\/peppi-ohjeet-henkilokunnalle\/wp-content\/uploads\/sites\/131\/2025\/05\/Kuva0.png","datePublished":"2025-05-28T07:57:05+00:00","dateModified":"2025-10-27T05:27:55+00:00","breadcrumb":{"@id":"https:\/\/help.jamk.fi\/peppi-ohjeet-henkilokunnalle\/fi\/opiskelijahallinto\/opiskelijat-valikko\/opiskelijan-ja-tai-opiskeluoikeuden-poistaminen-pepista\/#breadcrumb"},"inLanguage":"fi","potentialAction":[{"@type":"ReadAction","target":["https:\/\/help.jamk.fi\/peppi-ohjeet-henkilokunnalle\/fi\/opiskelijahallinto\/opiskelijat-valikko\/opiskelijan-ja-tai-opiskeluoikeuden-poistaminen-pepista\/"]}]},{"@type":"ImageObject","inLanguage":"fi","@id":"https:\/\/help.jamk.fi\/peppi-ohjeet-henkilokunnalle\/fi\/opiskelijahallinto\/opiskelijat-valikko\/opiskelijan-ja-tai-opiskeluoikeuden-poistaminen-pepista\/#primaryimage","url":"https:\/\/help.jamk.fi\/peppi-ohjeet-henkilokunnalle\/wp-content\/uploads\/sites\/131\/2025\/05\/Kuva0.png","contentUrl":"https:\/\/help.jamk.fi\/peppi-ohjeet-henkilokunnalle\/wp-content\/uploads\/sites\/131\/2025\/05\/Kuva0.png","width":934,"height":164},{"@type":"BreadcrumbList","@id":"https:\/\/help.jamk.fi\/peppi-ohjeet-henkilokunnalle\/fi\/opiskelijahallinto\/opiskelijat-valikko\/opiskelijan-ja-tai-opiskeluoikeuden-poistaminen-pepista\/#breadcrumb","itemListElement":[{"@type":"ListItem","position":1,"name":"Home","item":"https:\/\/help.jamk.fi\/peppi-ohjeet-henkilokunnalle\/en\/"},{"@type":"ListItem","position":2,"name":"Opiskelijahallinto","item":"https:\/\/help.jamk.fi\/peppi-ohjeet-henkilokunnalle\/fi\/opiskelijahallinto\/"},{"@type":"ListItem","position":3,"name":"Opiskelijoiden hallinta","item":"https:\/\/help.jamk.fi\/peppi-ohjeet-henkilokunnalle\/fi\/opiskelijahallinto\/opiskelijat-valikko\/"},{"@type":"ListItem","position":4,"name":"Opiskelijan ja\/tai opiskeluoikeuden poistaminen Pepist\u00e4"}]},{"@type":"WebSite","@id":"https:\/\/help.jamk.fi\/peppi-ohjeet-henkilokunnalle\/#website","url":"https:\/\/help.jamk.fi\/peppi-ohjeet-henkilokunnalle\/","name":"Peppi-ohjeet henkil\u00f6kunnalle","description":"","potentialAction":[{"@type":"SearchAction","target":{"@type":"EntryPoint","urlTemplate":"https:\/\/help.jamk.fi\/peppi-ohjeet-henkilokunnalle\/?s={search_term_string}"},"query-input":{"@type":"PropertyValueSpecification","valueRequired":true,"valueName":"search_term_string"}}],"inLanguage":"fi"}]}},"_links":{"self":[{"href":"https:\/\/help.jamk.fi\/peppi-ohjeet-henkilokunnalle\/wp-json\/wp\/v2\/pages\/7461","targetHints":{"allow":["GET"]}}],"collection":[{"href":"https:\/\/help.jamk.fi\/peppi-ohjeet-henkilokunnalle\/wp-json\/wp\/v2\/pages"}],"about":[{"href":"https:\/\/help.jamk.fi\/peppi-ohjeet-henkilokunnalle\/wp-json\/wp\/v2\/types\/page"}],"author":[{"embeddable":true,"href":"https:\/\/help.jamk.fi\/peppi-ohjeet-henkilokunnalle\/wp-json\/wp\/v2\/users\/78"}],"replies":[{"embeddable":true,"href":"https:\/\/help.jamk.fi\/peppi-ohjeet-henkilokunnalle\/wp-json\/wp\/v2\/comments?post=7461"}],"version-history":[{"count":17,"href":"https:\/\/help.jamk.fi\/peppi-ohjeet-henkilokunnalle\/wp-json\/wp\/v2\/pages\/7461\/revisions"}],"predecessor-version":[{"id":7849,"href":"https:\/\/help.jamk.fi\/peppi-ohjeet-henkilokunnalle\/wp-json\/wp\/v2\/pages\/7461\/revisions\/7849"}],"up":[{"embeddable":true,"href":"https:\/\/help.jamk.fi\/peppi-ohjeet-henkilokunnalle\/wp-json\/wp\/v2\/pages\/4555"}],"wp:attachment":[{"href":"https:\/\/help.jamk.fi\/peppi-ohjeet-henkilokunnalle\/wp-json\/wp\/v2\/media?parent=7461"}],"wp:term":[{"taxonomy":"category","embeddable":true,"href":"https:\/\/help.jamk.fi\/peppi-ohjeet-henkilokunnalle\/wp-json\/wp\/v2\/categories?post=7461"},{"taxonomy":"post_tag","embeddable":true,"href":"https:\/\/help.jamk.fi\/peppi-ohjeet-henkilokunnalle\/wp-json\/wp\/v2\/tags?post=7461"}],"curies":[{"name":"wp","href":"https:\/\/api.w.org\/{rel}","templated":true}]}}