{"id":7535,"date":"2025-06-17T15:18:24","date_gmt":"2025-06-17T12:18:24","guid":{"rendered":"https:\/\/help.jamk.fi\/peppi-ohjeet-henkilokunnalle\/?page_id=7535"},"modified":"2025-06-17T15:20:12","modified_gmt":"2025-06-17T12:20:12","slug":"vastaavuudet-ja-edeltavyydet","status":"publish","type":"page","link":"https:\/\/help.jamk.fi\/peppi-ohjeet-henkilokunnalle\/fi\/opetussuunnittelu\/opintojaksot\/vastaavuudet-ja-edeltavyydet\/","title":{"rendered":"Vastaavuudet ja edelt\u00e4vyydet"},"content":{"rendered":"\n<p>Vastaavuudet ja edelt\u00e4vyydet -v\u00e4lilehdell\u00e4 voit m\u00e4\u00e4ritell\u00e4, mitk\u00e4 opintojaksot vastaavat t\u00e4t\u00e4 opintojaksoa, tai mink\u00e4 opintojaksojen pit\u00e4\u00e4 olla (pakollisesti tai suositellusti) suoritettu ennen t\u00e4t\u00e4 opintojaksoa (kuvio 1).<\/p>\n\n\n\n<figure class=\"wp-block-image size-large\"><img loading=\"lazy\" decoding=\"async\" width=\"1024\" height=\"496\" src=\"https:\/\/help.jamk.fi\/peppi-ohjeet-henkilokunnalle\/wp-content\/uploads\/sites\/131\/2025\/06\/Opintojakson-vastaavuudet-ja-edeltavyydet-1024x496.png\" alt=\"Opintojakson vastaavuudet ja edelt\u00e4vyydet\" class=\"wp-image-7517\" srcset=\"https:\/\/help.jamk.fi\/peppi-ohjeet-henkilokunnalle\/wp-content\/uploads\/sites\/131\/2025\/06\/Opintojakson-vastaavuudet-ja-edeltavyydet-1024x496.png 1024w, https:\/\/help.jamk.fi\/peppi-ohjeet-henkilokunnalle\/wp-content\/uploads\/sites\/131\/2025\/06\/Opintojakson-vastaavuudet-ja-edeltavyydet-300x145.png 300w, https:\/\/help.jamk.fi\/peppi-ohjeet-henkilokunnalle\/wp-content\/uploads\/sites\/131\/2025\/06\/Opintojakson-vastaavuudet-ja-edeltavyydet-768x372.png 768w, https:\/\/help.jamk.fi\/peppi-ohjeet-henkilokunnalle\/wp-content\/uploads\/sites\/131\/2025\/06\/Opintojakson-vastaavuudet-ja-edeltavyydet-1536x743.png 1536w, https:\/\/help.jamk.fi\/peppi-ohjeet-henkilokunnalle\/wp-content\/uploads\/sites\/131\/2025\/06\/Opintojakson-vastaavuudet-ja-edeltavyydet.png 1591w\" sizes=\"auto, (max-width: 1024px) 100vw, 1024px\" \/><figcaption class=\"wp-element-caption\">Kuvio 2. Opintojakson vastaavuudet ja edelt\u00e4vyydet<\/figcaption><\/figure>\n\n\n\n<h2 class=\"wp-block-heading\">Vastaavat opintojaksot<\/h2>\n\n\n\n<ul class=\"wp-block-list\">\n<li>Kun kirjoitat valintakentt\u00e4\u00e4n v\u00e4hint\u00e4\u00e4n kaksi merkki\u00e4, j\u00e4rjestelm\u00e4 antaa mahdollisia opintojaksoja aakkosj\u00e4rjestyksess\u00e4 nimen mukaan. Kun valitset opintojakson, j\u00e4rjestelm\u00e4 sis\u00e4llytt\u00e4\u00e4 sen valintakentt\u00e4\u00e4n.<\/li>\n\n\n\n<li>Yleens\u00e4 on suositeltavaa k\u00e4ytt\u00e4\u00e4 vain yht\u00e4 vastaavaa opintojaksoa. Voit kuitenkin lis\u00e4t\u00e4 samaan valintakentt\u00e4\u00e4n useita opintojaksoja, joiden yhdistelm\u00e4 j\u00e4sentyy kokonaiseksi vastaavuudeksi tai edelt\u00e4vyydeksi. T\u00e4ll\u00f6in tulee huomioida, ett\u00e4 vastaavuus muodostuu vasta siin\u00e4 vaiheessa, kun kaikki kent\u00e4ss\u00e4 olevat opintojaksot on suoritettu.<\/li>\n\n\n\n<li>Jos haluat m\u00e4\u00e4ritt\u00e4\u00e4 vaihtoehtoisen vastaavuuden tai edelt\u00e4vyyden, napsauta valintakent\u00e4n alapuolella olevaa + tai -painiketta. J\u00e4rjestelm\u00e4 lis\u00e4\u00e4 uuden valintakent\u00e4n.<\/li>\n<\/ul>\n\n\n\n<p><strong>Huom. Vastaavat opintojaksot -kent\u00e4n tiedot vaikuttavat sek\u00e4 toteutukselle ilmoittautumiseen ett\u00e4 toteutuksen arviointiin.<\/strong><\/p>\n\n\n\n<p>Toteutukselle ilmoittautumisessa Vastaavat opintojaksot -kent\u00e4n tiedot vaikuttavat siten, ett\u00e4 <strong>opiskelijan ilmoittautuminen uudelle toteutukselle estyy, mik\u00e4li h\u00e4nell\u00e4 on pohjalla hyv\u00e4ksytty opintosuoritus vastaavasta opintojaksosta tai ilmoittautuminen vastaavalle menossa olevalle tai tulevalle opintojakson toteutukselle<\/strong> (menneisyydess\u00e4 oleva ilmoittautuminen ei vaikuta). Opettaja tai koulutuskoordinaattori voi silti lis\u00e4t\u00e4 n\u00e4iss\u00e4 tilanteissa opiskelijan toteutukselle manuaalisesti.<\/p>\n\n\n\n<p>Lis\u00e4ksi vastaavat opintojaksot vaikuttavat arviointivaiheessa siten, ett\u00e4 mik\u00e4li pohjalla on hyv\u00e4ksytty opintosuoritus vastaavasta opintojaksosta, estyy arviointi uudelle opintojaksolle. N\u00e4iss\u00e4 tapauksissa uusi arviointi voidaan lis\u00e4t\u00e4 korotuksena vanhalle opintojaksolle, josta on jo suoritus olemassa.<\/p>\n\n\n\n<p>Vastaavat opintojaksot (tunnus ja nimi) n\u00e4kyv\u00e4t opiskelijalle opintojakson laajoissa tiedoissa.<\/p>\n\n\n\n<h2 class=\"wp-block-heading\">Pakolliset edelt\u00e4v\u00e4t opintojaksot<\/h2>\n\n\n\n<p>Kentt\u00e4 toimii teknisesti samoin, kuten vastaavien opintojaksojen valintakentt\u00e4. Kent\u00e4n tiedot eiv\u00e4t toistaiseksi vaikuta Pepiss\u00e4 toteutusilmoittautumiseen eiv\u00e4tk\u00e4 arviointiin. Pakolliset edelt\u00e4v\u00e4t opintojaksot n\u00e4kyv\u00e4t opiskelijalle opintojakson laajoissa tiedoissa. Vaihtoehtoiset edelt\u00e4v\u00e4t opintojaksot eiv\u00e4t kuitenkaan n\u00e4y opiskelijalle oikein, vaan vaihtoehtoisuudesta kertova \u201dtai\u201d j\u00e4\u00e4 pois. Vaatimuksia kannattaa selvent\u00e4\u00e4 tekstin\u00e4 Esitietovaatimukset-kent\u00e4ss\u00e4.<\/p>\n\n\n\n<h2 class=\"wp-block-heading\">Suositeltavat edelt\u00e4v\u00e4t opintojaksot<\/h2>\n\n\n\n<p>Kentt\u00e4 toimii teknisesti samoin, kuten vastaavien opintojaksojen valintakentt\u00e4. Kent\u00e4n tiedot eiv\u00e4t toistaiseksi vaikuta Pepiss\u00e4 toteutusilmoittautumiseen eiv\u00e4tk\u00e4 arviointiin. My\u00f6s suositeltavat edelt\u00e4v\u00e4t opintojaksot n\u00e4kyv\u00e4t opiskelijalle opintojakson laajoissa tiedoissa, mutta vaihtoehtoiset opintojaksot n\u00e4kyv\u00e4t yhten\u00e4 listana ilman tietoa vaihtoehtoisuudesta.<\/p>\n\n\n\n<p><\/p>\n","protected":false},"excerpt":{"rendered":"<p>Vastaavuudet ja edelt\u00e4vyydet -v\u00e4lilehdell\u00e4 voit m\u00e4\u00e4ritell\u00e4, mitk\u00e4 opintojaksot vastaavat t\u00e4t\u00e4 opintojaksoa, tai mink\u00e4 opintojaksojen pit\u00e4\u00e4 olla (pakollisesti tai suositellusti) suoritettu ennen t\u00e4t\u00e4 opintojaksoa (kuvio 1). Vastaavat opintojaksot Huom. Vastaavat opintojaksot -kent\u00e4n tiedot vaikuttavat sek\u00e4 toteutukselle ilmoittautumiseen ett\u00e4 toteutuksen arviointiin. Toteutukselle ilmoittautumisessa Vastaavat opintojaksot -kent\u00e4n tiedot vaikuttavat siten, ett\u00e4 opiskelijan ilmoittautuminen uudelle toteutukselle estyy, mik\u00e4li h\u00e4nell\u00e4 [&hellip;]<\/p>\n","protected":false},"author":79,"featured_media":0,"parent":4526,"menu_order":3,"comment_status":"closed","ping_status":"closed","template":"","meta":{"_acf_changed":false,"_relevanssi_hide_post":"","_relevanssi_hide_content":"","_relevanssi_pin_for_all":"","_relevanssi_pin_keywords":"","_relevanssi_unpin_keywords":"","_relevanssi_related_keywords":"","_relevanssi_related_include_ids":"","_relevanssi_related_exclude_ids":"","_relevanssi_related_no_append":"","_relevanssi_related_not_related":"","_relevanssi_related_posts":"","_relevanssi_noindex_reason":"","footnotes":""},"categories":[],"tags":[],"class_list":["post-7535","page","type-page","status-publish","hentry"],"acf":[],"yoast_head":"<!-- This site is optimized with the Yoast SEO plugin v27.3 - https:\/\/yoast.com\/product\/yoast-seo-wordpress\/ -->\n<title>Vastaavuudet ja edelt\u00e4vyydet - Peppi-ohjeet henkil\u00f6kunnalle<\/title>\n<meta name=\"robots\" content=\"index, follow, max-snippet:-1, max-image-preview:large, max-video-preview:-1\" \/>\n<link rel=\"canonical\" href=\"https:\/\/help.jamk.fi\/peppi-ohjeet-henkilokunnalle\/fi\/opetussuunnittelu\/opintojaksot\/vastaavuudet-ja-edeltavyydet\/\" \/>\n<meta property=\"og:locale\" content=\"fi_FI\" \/>\n<meta property=\"og:type\" content=\"article\" \/>\n<meta property=\"og:title\" content=\"Vastaavuudet ja edelt\u00e4vyydet - Peppi-ohjeet henkil\u00f6kunnalle\" \/>\n<meta property=\"og:description\" content=\"Vastaavuudet ja edelt\u00e4vyydet -v\u00e4lilehdell\u00e4 voit m\u00e4\u00e4ritell\u00e4, mitk\u00e4 opintojaksot vastaavat t\u00e4t\u00e4 opintojaksoa, tai mink\u00e4 opintojaksojen pit\u00e4\u00e4 olla (pakollisesti tai suositellusti) suoritettu ennen t\u00e4t\u00e4 opintojaksoa (kuvio 1). Vastaavat opintojaksot Huom. Vastaavat opintojaksot -kent\u00e4n tiedot vaikuttavat sek\u00e4 toteutukselle ilmoittautumiseen ett\u00e4 toteutuksen arviointiin. Toteutukselle ilmoittautumisessa Vastaavat opintojaksot -kent\u00e4n tiedot vaikuttavat siten, ett\u00e4 opiskelijan ilmoittautuminen uudelle toteutukselle estyy, mik\u00e4li h\u00e4nell\u00e4 [&hellip;]\" \/>\n<meta property=\"og:url\" content=\"https:\/\/help.jamk.fi\/peppi-ohjeet-henkilokunnalle\/fi\/opetussuunnittelu\/opintojaksot\/vastaavuudet-ja-edeltavyydet\/\" \/>\n<meta property=\"og:site_name\" content=\"Peppi-ohjeet henkil\u00f6kunnalle\" \/>\n<meta property=\"article:modified_time\" content=\"2025-06-17T12:20:12+00:00\" \/>\n<meta property=\"og:image\" content=\"https:\/\/help.jamk.fi\/peppi-ohjeet-henkilokunnalle\/wp-content\/uploads\/sites\/131\/2025\/06\/Opintojakson-vastaavuudet-ja-edeltavyydet.png\" \/>\n\t<meta property=\"og:image:width\" content=\"1591\" \/>\n\t<meta property=\"og:image:height\" content=\"770\" \/>\n\t<meta property=\"og:image:type\" content=\"image\/png\" \/>\n<meta name=\"twitter:card\" content=\"summary_large_image\" \/>\n<meta name=\"twitter:label1\" content=\"Arvioitu lukuaika\" \/>\n\t<meta name=\"twitter:data1\" content=\"3 minuuttia\" \/>\n<script type=\"application\/ld+json\" class=\"yoast-schema-graph\">{\"@context\":\"https:\\\/\\\/schema.org\",\"@graph\":[{\"@type\":\"WebPage\",\"@id\":\"https:\\\/\\\/help.jamk.fi\\\/peppi-ohjeet-henkilokunnalle\\\/fi\\\/opetussuunnittelu\\\/opintojaksot\\\/vastaavuudet-ja-edeltavyydet\\\/\",\"url\":\"https:\\\/\\\/help.jamk.fi\\\/peppi-ohjeet-henkilokunnalle\\\/fi\\\/opetussuunnittelu\\\/opintojaksot\\\/vastaavuudet-ja-edeltavyydet\\\/\",\"name\":\"Vastaavuudet ja edelt\u00e4vyydet - Peppi-ohjeet henkil\u00f6kunnalle\",\"isPartOf\":{\"@id\":\"https:\\\/\\\/help.jamk.fi\\\/peppi-ohjeet-henkilokunnalle\\\/#website\"},\"primaryImageOfPage\":{\"@id\":\"https:\\\/\\\/help.jamk.fi\\\/peppi-ohjeet-henkilokunnalle\\\/fi\\\/opetussuunnittelu\\\/opintojaksot\\\/vastaavuudet-ja-edeltavyydet\\\/#primaryimage\"},\"image\":{\"@id\":\"https:\\\/\\\/help.jamk.fi\\\/peppi-ohjeet-henkilokunnalle\\\/fi\\\/opetussuunnittelu\\\/opintojaksot\\\/vastaavuudet-ja-edeltavyydet\\\/#primaryimage\"},\"thumbnailUrl\":\"https:\\\/\\\/help.jamk.fi\\\/peppi-ohjeet-henkilokunnalle\\\/wp-content\\\/uploads\\\/sites\\\/131\\\/2025\\\/06\\\/Opintojakson-vastaavuudet-ja-edeltavyydet-1024x496.png\",\"datePublished\":\"2025-06-17T12:18:24+00:00\",\"dateModified\":\"2025-06-17T12:20:12+00:00\",\"breadcrumb\":{\"@id\":\"https:\\\/\\\/help.jamk.fi\\\/peppi-ohjeet-henkilokunnalle\\\/fi\\\/opetussuunnittelu\\\/opintojaksot\\\/vastaavuudet-ja-edeltavyydet\\\/#breadcrumb\"},\"inLanguage\":\"fi\",\"potentialAction\":[{\"@type\":\"ReadAction\",\"target\":[\"https:\\\/\\\/help.jamk.fi\\\/peppi-ohjeet-henkilokunnalle\\\/fi\\\/opetussuunnittelu\\\/opintojaksot\\\/vastaavuudet-ja-edeltavyydet\\\/\"]}]},{\"@type\":\"ImageObject\",\"inLanguage\":\"fi\",\"@id\":\"https:\\\/\\\/help.jamk.fi\\\/peppi-ohjeet-henkilokunnalle\\\/fi\\\/opetussuunnittelu\\\/opintojaksot\\\/vastaavuudet-ja-edeltavyydet\\\/#primaryimage\",\"url\":\"https:\\\/\\\/help.jamk.fi\\\/peppi-ohjeet-henkilokunnalle\\\/wp-content\\\/uploads\\\/sites\\\/131\\\/2025\\\/06\\\/Opintojakson-vastaavuudet-ja-edeltavyydet.png\",\"contentUrl\":\"https:\\\/\\\/help.jamk.fi\\\/peppi-ohjeet-henkilokunnalle\\\/wp-content\\\/uploads\\\/sites\\\/131\\\/2025\\\/06\\\/Opintojakson-vastaavuudet-ja-edeltavyydet.png\",\"width\":1591,\"height\":770,\"caption\":\"Kuvio 2. Opintojakson vastaavuudet ja edelt\u00e4vyydet\"},{\"@type\":\"BreadcrumbList\",\"@id\":\"https:\\\/\\\/help.jamk.fi\\\/peppi-ohjeet-henkilokunnalle\\\/fi\\\/opetussuunnittelu\\\/opintojaksot\\\/vastaavuudet-ja-edeltavyydet\\\/#breadcrumb\",\"itemListElement\":[{\"@type\":\"ListItem\",\"position\":1,\"name\":\"Home\",\"item\":\"https:\\\/\\\/help.jamk.fi\\\/peppi-ohjeet-henkilokunnalle\\\/en\\\/\"},{\"@type\":\"ListItem\",\"position\":2,\"name\":\"Opetussuunnittelu\",\"item\":\"https:\\\/\\\/help.jamk.fi\\\/peppi-ohjeet-henkilokunnalle\\\/fi\\\/opetussuunnittelu\\\/\"},{\"@type\":\"ListItem\",\"position\":3,\"name\":\"Opintojaksot\",\"item\":\"https:\\\/\\\/help.jamk.fi\\\/peppi-ohjeet-henkilokunnalle\\\/fi\\\/opetussuunnittelu\\\/opintojaksot\\\/\"},{\"@type\":\"ListItem\",\"position\":4,\"name\":\"Vastaavuudet ja edelt\u00e4vyydet\"}]},{\"@type\":\"WebSite\",\"@id\":\"https:\\\/\\\/help.jamk.fi\\\/peppi-ohjeet-henkilokunnalle\\\/#website\",\"url\":\"https:\\\/\\\/help.jamk.fi\\\/peppi-ohjeet-henkilokunnalle\\\/\",\"name\":\"Peppi-ohjeet henkil\u00f6kunnalle\",\"description\":\"\",\"potentialAction\":[{\"@type\":\"SearchAction\",\"target\":{\"@type\":\"EntryPoint\",\"urlTemplate\":\"https:\\\/\\\/help.jamk.fi\\\/peppi-ohjeet-henkilokunnalle\\\/?s={search_term_string}\"},\"query-input\":{\"@type\":\"PropertyValueSpecification\",\"valueRequired\":true,\"valueName\":\"search_term_string\"}}],\"inLanguage\":\"fi\"}]}<\/script>\n<!-- \/ Yoast SEO plugin. -->","yoast_head_json":{"title":"Vastaavuudet ja edelt\u00e4vyydet - Peppi-ohjeet henkil\u00f6kunnalle","robots":{"index":"index","follow":"follow","max-snippet":"max-snippet:-1","max-image-preview":"max-image-preview:large","max-video-preview":"max-video-preview:-1"},"canonical":"https:\/\/help.jamk.fi\/peppi-ohjeet-henkilokunnalle\/fi\/opetussuunnittelu\/opintojaksot\/vastaavuudet-ja-edeltavyydet\/","og_locale":"fi_FI","og_type":"article","og_title":"Vastaavuudet ja edelt\u00e4vyydet - Peppi-ohjeet henkil\u00f6kunnalle","og_description":"Vastaavuudet ja edelt\u00e4vyydet -v\u00e4lilehdell\u00e4 voit m\u00e4\u00e4ritell\u00e4, mitk\u00e4 opintojaksot vastaavat t\u00e4t\u00e4 opintojaksoa, tai mink\u00e4 opintojaksojen pit\u00e4\u00e4 olla (pakollisesti tai suositellusti) suoritettu ennen t\u00e4t\u00e4 opintojaksoa (kuvio 1). Vastaavat opintojaksot Huom. Vastaavat opintojaksot -kent\u00e4n tiedot vaikuttavat sek\u00e4 toteutukselle ilmoittautumiseen ett\u00e4 toteutuksen arviointiin. Toteutukselle ilmoittautumisessa Vastaavat opintojaksot -kent\u00e4n tiedot vaikuttavat siten, ett\u00e4 opiskelijan ilmoittautuminen uudelle toteutukselle estyy, mik\u00e4li h\u00e4nell\u00e4 [&hellip;]","og_url":"https:\/\/help.jamk.fi\/peppi-ohjeet-henkilokunnalle\/fi\/opetussuunnittelu\/opintojaksot\/vastaavuudet-ja-edeltavyydet\/","og_site_name":"Peppi-ohjeet henkil\u00f6kunnalle","article_modified_time":"2025-06-17T12:20:12+00:00","og_image":[{"width":1591,"height":770,"url":"https:\/\/help.jamk.fi\/peppi-ohjeet-henkilokunnalle\/wp-content\/uploads\/sites\/131\/2025\/06\/Opintojakson-vastaavuudet-ja-edeltavyydet.png","type":"image\/png"}],"twitter_card":"summary_large_image","twitter_misc":{"Arvioitu lukuaika":"3 minuuttia"},"schema":{"@context":"https:\/\/schema.org","@graph":[{"@type":"WebPage","@id":"https:\/\/help.jamk.fi\/peppi-ohjeet-henkilokunnalle\/fi\/opetussuunnittelu\/opintojaksot\/vastaavuudet-ja-edeltavyydet\/","url":"https:\/\/help.jamk.fi\/peppi-ohjeet-henkilokunnalle\/fi\/opetussuunnittelu\/opintojaksot\/vastaavuudet-ja-edeltavyydet\/","name":"Vastaavuudet ja edelt\u00e4vyydet - Peppi-ohjeet henkil\u00f6kunnalle","isPartOf":{"@id":"https:\/\/help.jamk.fi\/peppi-ohjeet-henkilokunnalle\/#website"},"primaryImageOfPage":{"@id":"https:\/\/help.jamk.fi\/peppi-ohjeet-henkilokunnalle\/fi\/opetussuunnittelu\/opintojaksot\/vastaavuudet-ja-edeltavyydet\/#primaryimage"},"image":{"@id":"https:\/\/help.jamk.fi\/peppi-ohjeet-henkilokunnalle\/fi\/opetussuunnittelu\/opintojaksot\/vastaavuudet-ja-edeltavyydet\/#primaryimage"},"thumbnailUrl":"https:\/\/help.jamk.fi\/peppi-ohjeet-henkilokunnalle\/wp-content\/uploads\/sites\/131\/2025\/06\/Opintojakson-vastaavuudet-ja-edeltavyydet-1024x496.png","datePublished":"2025-06-17T12:18:24+00:00","dateModified":"2025-06-17T12:20:12+00:00","breadcrumb":{"@id":"https:\/\/help.jamk.fi\/peppi-ohjeet-henkilokunnalle\/fi\/opetussuunnittelu\/opintojaksot\/vastaavuudet-ja-edeltavyydet\/#breadcrumb"},"inLanguage":"fi","potentialAction":[{"@type":"ReadAction","target":["https:\/\/help.jamk.fi\/peppi-ohjeet-henkilokunnalle\/fi\/opetussuunnittelu\/opintojaksot\/vastaavuudet-ja-edeltavyydet\/"]}]},{"@type":"ImageObject","inLanguage":"fi","@id":"https:\/\/help.jamk.fi\/peppi-ohjeet-henkilokunnalle\/fi\/opetussuunnittelu\/opintojaksot\/vastaavuudet-ja-edeltavyydet\/#primaryimage","url":"https:\/\/help.jamk.fi\/peppi-ohjeet-henkilokunnalle\/wp-content\/uploads\/sites\/131\/2025\/06\/Opintojakson-vastaavuudet-ja-edeltavyydet.png","contentUrl":"https:\/\/help.jamk.fi\/peppi-ohjeet-henkilokunnalle\/wp-content\/uploads\/sites\/131\/2025\/06\/Opintojakson-vastaavuudet-ja-edeltavyydet.png","width":1591,"height":770,"caption":"Kuvio 2. Opintojakson vastaavuudet ja edelt\u00e4vyydet"},{"@type":"BreadcrumbList","@id":"https:\/\/help.jamk.fi\/peppi-ohjeet-henkilokunnalle\/fi\/opetussuunnittelu\/opintojaksot\/vastaavuudet-ja-edeltavyydet\/#breadcrumb","itemListElement":[{"@type":"ListItem","position":1,"name":"Home","item":"https:\/\/help.jamk.fi\/peppi-ohjeet-henkilokunnalle\/en\/"},{"@type":"ListItem","position":2,"name":"Opetussuunnittelu","item":"https:\/\/help.jamk.fi\/peppi-ohjeet-henkilokunnalle\/fi\/opetussuunnittelu\/"},{"@type":"ListItem","position":3,"name":"Opintojaksot","item":"https:\/\/help.jamk.fi\/peppi-ohjeet-henkilokunnalle\/fi\/opetussuunnittelu\/opintojaksot\/"},{"@type":"ListItem","position":4,"name":"Vastaavuudet ja edelt\u00e4vyydet"}]},{"@type":"WebSite","@id":"https:\/\/help.jamk.fi\/peppi-ohjeet-henkilokunnalle\/#website","url":"https:\/\/help.jamk.fi\/peppi-ohjeet-henkilokunnalle\/","name":"Peppi-ohjeet henkil\u00f6kunnalle","description":"","potentialAction":[{"@type":"SearchAction","target":{"@type":"EntryPoint","urlTemplate":"https:\/\/help.jamk.fi\/peppi-ohjeet-henkilokunnalle\/?s={search_term_string}"},"query-input":{"@type":"PropertyValueSpecification","valueRequired":true,"valueName":"search_term_string"}}],"inLanguage":"fi"}]}},"_links":{"self":[{"href":"https:\/\/help.jamk.fi\/peppi-ohjeet-henkilokunnalle\/wp-json\/wp\/v2\/pages\/7535","targetHints":{"allow":["GET"]}}],"collection":[{"href":"https:\/\/help.jamk.fi\/peppi-ohjeet-henkilokunnalle\/wp-json\/wp\/v2\/pages"}],"about":[{"href":"https:\/\/help.jamk.fi\/peppi-ohjeet-henkilokunnalle\/wp-json\/wp\/v2\/types\/page"}],"author":[{"embeddable":true,"href":"https:\/\/help.jamk.fi\/peppi-ohjeet-henkilokunnalle\/wp-json\/wp\/v2\/users\/79"}],"replies":[{"embeddable":true,"href":"https:\/\/help.jamk.fi\/peppi-ohjeet-henkilokunnalle\/wp-json\/wp\/v2\/comments?post=7535"}],"version-history":[{"count":1,"href":"https:\/\/help.jamk.fi\/peppi-ohjeet-henkilokunnalle\/wp-json\/wp\/v2\/pages\/7535\/revisions"}],"predecessor-version":[{"id":7537,"href":"https:\/\/help.jamk.fi\/peppi-ohjeet-henkilokunnalle\/wp-json\/wp\/v2\/pages\/7535\/revisions\/7537"}],"up":[{"embeddable":true,"href":"https:\/\/help.jamk.fi\/peppi-ohjeet-henkilokunnalle\/wp-json\/wp\/v2\/pages\/4526"}],"wp:attachment":[{"href":"https:\/\/help.jamk.fi\/peppi-ohjeet-henkilokunnalle\/wp-json\/wp\/v2\/media?parent=7535"}],"wp:term":[{"taxonomy":"category","embeddable":true,"href":"https:\/\/help.jamk.fi\/peppi-ohjeet-henkilokunnalle\/wp-json\/wp\/v2\/categories?post=7535"},{"taxonomy":"post_tag","embeddable":true,"href":"https:\/\/help.jamk.fi\/peppi-ohjeet-henkilokunnalle\/wp-json\/wp\/v2\/tags?post=7535"}],"curies":[{"name":"wp","href":"https:\/\/api.w.org\/{rel}","templated":true}]}}