{"id":7735,"date":"2025-09-23T08:18:13","date_gmt":"2025-09-23T05:18:13","guid":{"rendered":"https:\/\/help.jamk.fi\/peppi-ohjeet-henkilokunnalle\/?page_id=7735"},"modified":"2025-11-04T15:46:58","modified_gmt":"2025-11-04T13:46:58","slug":"sisallyttaminen-yli-30-opintopistetta","status":"publish","type":"page","link":"https:\/\/help.jamk.fi\/peppi-ohjeet-henkilokunnalle\/fi\/hyvaksilukeminen\/sisallyttaminen-yli-30-opintopistetta\/","title":{"rendered":"Sis\u00e4llytt\u00e4minen &#8211; yli 30 opintopistett\u00e4"},"content":{"rendered":"\n<p>Jos opiskelija on ennen Jamkissa aloittamaansa tutkintokoulutusta suorittanut tutkintoonsa kuuluvia opintoja <strong>enemm\u00e4n kuin 30 opintopistett\u00e4<\/strong>, h\u00e4n k\u00e4y ohjauskeskustelun tutkintovastaavan tai alalla sovitun henkil\u00f6n kanssa.<\/p>\n\n\n\n<p>Taulukoikaa opiskelijan aiemmin suorittamat opinnot esim. exceliin ja sijoittakaa ne Jamkin tutkintorakenteeseen oikeille paikoille. Excelist\u00e4 tulee ilmet\u00e4, kuinka paljon ja mit\u00e4 opintoja aiemmin suoritetuista opinnoista hyv\u00e4ksiluetaan Jamkissa suoritettavaan tutkintoon sek\u00e4 mitk\u00e4 Jamkin opetussuunnitelman mukaiset opintojaksot j\u00e4\u00e4v\u00e4t opiskelijan HOPSilta pois. Hyv\u00e4ksilukeminen tehd\u00e4\u00e4n aina <strong>sis\u00e4llytt\u00e4m\u00e4ll\u00e4<\/strong>.<\/p>\n\n\n\n<p>Huomioithan, ett\u00e4 kieli- ja viestint\u00e4opintojen sek\u00e4 opinn\u00e4ytety\u00f6n hyv\u00e4ksilukeminen tehd\u00e4\u00e4n erillisell\u00e4 hakemuksella. My\u00f6s harjoittelun ahotointiin on olemassa omat ohjeensa.<\/p>\n\n\n\n<ul class=\"wp-block-list\">\n<li><a href=\"https:\/\/jamkstudent.sharepoint.com\/sites\/Kieli-ja-viestintaopinnot-Elmo\/SitePages\/Osaamisen-tunnistaminen.aspx\">Kielikeskuksen ohjeet (Elmo-intra)<\/a><\/li>\n\n\n\n<li><a href=\"https:\/\/jamkstudent.sharepoint.com\/sites\/Opinnaytetyo-ja-kypsyysnayte-Elmo\/SitePages\/AMK-opinn%C3%A4ytety%C3%B6ryhm%C3%A4t-ja-kokoukset.aspx\">Opinn\u00e4ytety\u00f6n ohjeet (Elmo-intra)<\/a><\/li>\n\n\n\n<li><a href=\"https:\/\/help.jamk.fi\/peppi-ohjeet-henkilokunnalle\/fi\/hyvaksilukeminen\/aiemmin-hankittu-muu-osaaminen-korvaaminen\/\">Harjoittelun ahotointi<\/a><\/li>\n<\/ul>\n\n\n\n<p>Opiskelija tekee hyv\u00e4ksilukuhakemuksen Pepiss\u00e4. Hakemuksen liitteeksi tulee laittaa aiemman oppilaitoksen my\u00f6nt\u00e4m\u00e4 opintosuoritusote suomeksi ja englanniksi, josta tulee k\u00e4yd\u00e4 ilmi suoritetut opinnot. Toisena liitteen\u00e4 on tutkintovastaavan tai alalla sovitun henkil\u00f6n kanssa tekem\u00e4 excel.<\/p>\n\n\n\n<p>Opiskelijan hakemus voi n\u00e4ytt\u00e4\u00e4 esim. t\u00e4lt\u00e4 (kuvio 1).<\/p>\n\n\n\n<figure class=\"wp-block-image size-large\"><a href=\"https:\/\/help.jamk.fi\/peppi-ohjeet-henkilokunnalle\/wp-content\/uploads\/sites\/131\/2025\/09\/Opiskelijan-hakemus-yli-30-op.jpg\"><img loading=\"lazy\" decoding=\"async\" width=\"1024\" height=\"718\" src=\"https:\/\/help.jamk.fi\/peppi-ohjeet-henkilokunnalle\/wp-content\/uploads\/sites\/131\/2025\/09\/Opiskelijan-hakemus-yli-30-op-1024x718.jpg\" alt=\"Opiskelijan hyv\u00e4ksilukuhakemus, jossa h\u00e4n hakee aiemmin suoritetuilla opinnoilla (55 op) hyv\u00e4ksilukua\" class=\"wp-image-7737\" srcset=\"https:\/\/help.jamk.fi\/peppi-ohjeet-henkilokunnalle\/wp-content\/uploads\/sites\/131\/2025\/09\/Opiskelijan-hakemus-yli-30-op-1024x718.jpg 1024w, https:\/\/help.jamk.fi\/peppi-ohjeet-henkilokunnalle\/wp-content\/uploads\/sites\/131\/2025\/09\/Opiskelijan-hakemus-yli-30-op-300x210.jpg 300w, https:\/\/help.jamk.fi\/peppi-ohjeet-henkilokunnalle\/wp-content\/uploads\/sites\/131\/2025\/09\/Opiskelijan-hakemus-yli-30-op-768x538.jpg 768w, https:\/\/help.jamk.fi\/peppi-ohjeet-henkilokunnalle\/wp-content\/uploads\/sites\/131\/2025\/09\/Opiskelijan-hakemus-yli-30-op-1536x1077.jpg 1536w, https:\/\/help.jamk.fi\/peppi-ohjeet-henkilokunnalle\/wp-content\/uploads\/sites\/131\/2025\/09\/Opiskelijan-hakemus-yli-30-op.jpg 1622w\" sizes=\"auto, (max-width: 1024px) 100vw, 1024px\" \/><\/a><figcaption class=\"wp-element-caption\">Kuvio 1. Opiskelijan hakemus<\/figcaption><\/figure>\n\n\n\n<p><strong>Huom. Opiskelija ei kirjoita hakemukselleen oikeita opintoja, vaan ne l\u00f6ytyv\u00e4t excelist\u00e4.<\/strong><\/p>\n\n\n<div id=\"info-lift-block_5a28757f3c067550e7e4bda06815ff46\" class=\"block-info-lift block-info-lift\">\n  <div class=\"row\">\n    <div class=\"col-12\">\n              <div class=\"block-info-lift__content\">\n          <div class=\"block-info-lift__content__icon\">\n            <span>!<\/span>\n          <\/div>\n          <p class=\"block-info-lift__content__text\">Tarkista, ett\u00e4 opiskelijan hakemukselle liitt\u00e4m\u00e4 taulukko on sopimuksen mukainen eik\u00e4 opiskelija ole sit\u00e4 muokannut ohjauskeskustelun j\u00e4lkeen. Tarkista my\u00f6s, ett\u00e4 hakemus on tehty sis\u00e4llytt\u00e4m\u00e4ll\u00e4.<\/p>\n        <\/div>\n          <\/div>\n  <\/div>\n<\/div>\n\n\n<p><\/p>\n\n\n\n<h2 class=\"wp-block-heading\">Tutkintovastaava k\u00e4sittelee hakemuksen Pepiss\u00e4<\/h2>\n\n\n\n<p>Sinun tulee nyt merkit\u00e4 hakemus hyv\u00e4ksytyksi seuraavasti.<\/p>\n\n\n\n<p>Klikkaa nyt hakemuksella: <strong>ALOITA T\u00c4ST\u00c4: Siirry suoraan p\u00e4\u00e4t\u00f6ksentekoon <\/strong>-painiketta.<\/p>\n\n\n\n<ul class=\"wp-block-list\">\n<li>Valitse p\u00e4\u00e4t\u00f6kseksi \u201dHyv\u00e4ksytty kokonaan\u201d.<\/li>\n\n\n\n<li>Kirjoita viesti opiskelijalle.<\/li>\n\n\n\n<li>Merkitse hyv\u00e4ksytyt opintopisteet.<\/li>\n\n\n\n<li>Laita <strong>Arviointi<\/strong>-kohtaan H.<\/li>\n\n\n\n<li>Valitse tallentajaksi se opiskelijapalveluiden henkil\u00f6, joka kirjaa sinun tutkintosi laajemmat kokonaisuudet Peppiin. N\u00e4in hakemus siirtyy t\u00e4llaisenaan opiskelijapalveluiden kirjattavaksi.<\/li>\n\n\n\n<li>Halutessasi voit kirjoittaa viestin tallentajalle eli opiskelijapalveluille.<\/li>\n\n\n\n<li>Klikkaa <strong>Tallenna<\/strong>.<\/li>\n<\/ul>\n\n\n\n<h3 class=\"wp-block-heading\">Hakemuksen asiasanojen valitseminen<\/h3>\n\n\n\n<p>Valitse <strong>Hakemuksen asiasanat<\/strong> -ikkunassa ne asiasanat, jotka parhaiten kuvaavat hakemuksessa olevaa osaamista. Voit valita useamman asiasanan. Voit my\u00f6s suodattaa asiasanalistaa kirjoittamalla Ohjauksen ala -kentt\u00e4\u00e4n ensin oman alasi, jolloin n\u00e4et vain oman alasi asiasanat. Huom. T\u00e4ll\u00f6in et voi l\u00f6yt\u00e4\u00e4 ns. yleisi\u00e4 asiasanoja. Asiasanat kerrytt\u00e4v\u00e4t hakemuksia hyv\u00e4ksilukupankkiin, josta voit halutessasi etsi\u00e4 jo tehtyj\u00e4 hyv\u00e4ksilukuja asiasanoilla. <\/p>\n\n\n\n<p>Klikkaa <strong>Tallenna asiasanat ja p\u00e4\u00e4t\u00f6s<\/strong>.<\/p>\n\n\n\n<p>T\u00e4m\u00e4n j\u00e4lkeen opiskelijapalvelut kirjaa sis\u00e4llytett\u00e4v\u00e4t opintojaksot opiskelijan opintosuoritukseen hakemukselle liitetyn excelin mukaisesti.<\/p>\n\n\n<div id=\"info-lift-block_410ba88facee81be5fd4dbcb530f8c17\" class=\"block-info-lift block-info-lift\">\n  <div class=\"row\">\n    <div class=\"col-12\">\n              <div class=\"block-info-lift__content\">\n          <div class=\"block-info-lift__content__icon\">\n            <span>!<\/span>\n          <\/div>\n          <p class=\"block-info-lift__content__text\">Mik\u00e4li hakemus on t\u00e4ytetty v\u00e4\u00e4rin tai liitteen\u00e4 oleva Excel on puutteellinen, opiskelijapalvelut palauttaa hakemuksen takaisin tutkintovastaavalle. Tutkintovastaava voi lis\u00e4t\u00e4 hakemukselle oikean tiedoston Lis\u00e4\u00e4 liitteit\u00e4 -kohdasta.<\/p>\n        <\/div>\n          <\/div>\n  <\/div>\n<\/div>\n\n\n<h2 class=\"wp-block-heading\">Hakemuksen k\u00e4sittely opiskelijapalveluissa<\/h2>\n\n\n\n<p>Tutkintovastaava on merkinnyt hakemuksen hyv\u00e4ksytyksi ja l\u00e4hett\u00e4nyt sen kirjattavaksi opiskelijapalveluihin.<\/p>\n\n\n\n<p><strong>Mik\u00e4li hakemus on t\u00e4ytetty v\u00e4\u00e4rin tai liitteen\u00e4 oleva Excel on puutteellinen, opiskelijapalvelut voi palauttaa hakemuksen takaisin tutkintovastaavalle<\/strong>. <strong>Kirjoita ohje tutkintovastaavalle palauttamisen yhteydess\u00e4.<\/strong><\/p>\n\n\n\n<ul class=\"wp-block-list\">\n<li>Kirjaa jokainen sis\u00e4llytett\u00e4v\u00e4 opintojakso opiskelijan HOPSille hakemukselle liitetyn excelin mukaisesti.<\/li>\n\n\n\n<li>Siirr\u00e4 kirjatut opintojaksot oikeaan kohtaan opiskelijan HOPSille.<\/li>\n\n\n\n<li>Poista HOPSilta ylim\u00e4\u00e4r\u00e4iset opintojaksot hyv\u00e4ksilukujen perusteella.<\/li>\n\n\n\n<li>Merkitse lopuksi hakemus k\u00e4sitellyksi klikkaamalla <strong>Merkitse k\u00e4sitellyksi<\/strong> (kuvio 2).<\/li>\n\n\n\n<li>Hakemukselta ei l\u00e4hde suoritusmerkint\u00f6j\u00e4 Peppiin.<\/li>\n<\/ul>\n\n\n\n<figure class=\"wp-block-image size-large\"><a href=\"https:\/\/help.jamk.fi\/peppi-ohjeet-henkilokunnalle\/wp-content\/uploads\/sites\/131\/2025\/09\/Hakemuksen-merkitseminen-kasitellyksi-yli-30-op.jpg\"><img loading=\"lazy\" decoding=\"async\" width=\"1024\" height=\"401\" src=\"https:\/\/help.jamk.fi\/peppi-ohjeet-henkilokunnalle\/wp-content\/uploads\/sites\/131\/2025\/09\/Hakemuksen-merkitseminen-kasitellyksi-yli-30-op-1024x401.jpg\" alt=\"Hakemuksen merkitseminen k\u00e4sitellyksi\" class=\"wp-image-7743\" srcset=\"https:\/\/help.jamk.fi\/peppi-ohjeet-henkilokunnalle\/wp-content\/uploads\/sites\/131\/2025\/09\/Hakemuksen-merkitseminen-kasitellyksi-yli-30-op-1024x401.jpg 1024w, https:\/\/help.jamk.fi\/peppi-ohjeet-henkilokunnalle\/wp-content\/uploads\/sites\/131\/2025\/09\/Hakemuksen-merkitseminen-kasitellyksi-yli-30-op-300x118.jpg 300w, https:\/\/help.jamk.fi\/peppi-ohjeet-henkilokunnalle\/wp-content\/uploads\/sites\/131\/2025\/09\/Hakemuksen-merkitseminen-kasitellyksi-yli-30-op-768x301.jpg 768w, https:\/\/help.jamk.fi\/peppi-ohjeet-henkilokunnalle\/wp-content\/uploads\/sites\/131\/2025\/09\/Hakemuksen-merkitseminen-kasitellyksi-yli-30-op-1536x602.jpg 1536w, https:\/\/help.jamk.fi\/peppi-ohjeet-henkilokunnalle\/wp-content\/uploads\/sites\/131\/2025\/09\/Hakemuksen-merkitseminen-kasitellyksi-yli-30-op.jpg 1893w\" sizes=\"auto, (max-width: 1024px) 100vw, 1024px\" \/><\/a><figcaption class=\"wp-element-caption\">Kuvio 2. Hakemuksen merkitseminen k\u00e4sitellyksi<\/figcaption><\/figure>\n\n\n\n<p><\/p>\n","protected":false},"excerpt":{"rendered":"<p>Jos opiskelija on ennen Jamkissa aloittamaansa tutkintokoulutusta suorittanut tutkintoonsa kuuluvia opintoja enemm\u00e4n kuin 30 opintopistett\u00e4, h\u00e4n k\u00e4y ohjauskeskustelun tutkintovastaavan tai alalla sovitun henkil\u00f6n kanssa. Taulukoikaa opiskelijan aiemmin suorittamat opinnot esim. exceliin ja sijoittakaa ne Jamkin tutkintorakenteeseen oikeille paikoille. Excelist\u00e4 tulee ilmet\u00e4, kuinka paljon ja mit\u00e4 opintoja aiemmin suoritetuista opinnoista hyv\u00e4ksiluetaan Jamkissa suoritettavaan tutkintoon sek\u00e4 mitk\u00e4 [&hellip;]<\/p>\n","protected":false},"author":79,"featured_media":0,"parent":4745,"menu_order":4,"comment_status":"closed","ping_status":"closed","template":"","meta":{"_acf_changed":false,"_relevanssi_hide_post":"","_relevanssi_hide_content":"","_relevanssi_pin_for_all":"","_relevanssi_pin_keywords":"","_relevanssi_unpin_keywords":"","_relevanssi_related_keywords":"","_relevanssi_related_include_ids":"","_relevanssi_related_exclude_ids":"","_relevanssi_related_no_append":"","_relevanssi_related_not_related":"","_relevanssi_related_posts":"","_relevanssi_noindex_reason":"","footnotes":""},"categories":[],"tags":[],"class_list":["post-7735","page","type-page","status-publish","hentry"],"acf":[],"yoast_head":"<!-- This site is optimized with the Yoast SEO plugin v27.3 - https:\/\/yoast.com\/product\/yoast-seo-wordpress\/ -->\n<title>Sis\u00e4llytt\u00e4minen - yli 30 opintopistett\u00e4 - Peppi-ohjeet henkil\u00f6kunnalle<\/title>\n<meta name=\"robots\" content=\"index, follow, max-snippet:-1, max-image-preview:large, max-video-preview:-1\" \/>\n<link rel=\"canonical\" href=\"https:\/\/help.jamk.fi\/peppi-ohjeet-henkilokunnalle\/fi\/hyvaksilukeminen\/sisallyttaminen-yli-30-opintopistetta\/\" \/>\n<meta property=\"og:locale\" content=\"fi_FI\" \/>\n<meta property=\"og:type\" content=\"article\" \/>\n<meta property=\"og:title\" content=\"Sis\u00e4llytt\u00e4minen - yli 30 opintopistett\u00e4 - Peppi-ohjeet henkil\u00f6kunnalle\" \/>\n<meta property=\"og:description\" content=\"Jos opiskelija on ennen Jamkissa aloittamaansa tutkintokoulutusta suorittanut tutkintoonsa kuuluvia opintoja enemm\u00e4n kuin 30 opintopistett\u00e4, h\u00e4n k\u00e4y ohjauskeskustelun tutkintovastaavan tai alalla sovitun henkil\u00f6n kanssa. Taulukoikaa opiskelijan aiemmin suorittamat opinnot esim. exceliin ja sijoittakaa ne Jamkin tutkintorakenteeseen oikeille paikoille. Excelist\u00e4 tulee ilmet\u00e4, kuinka paljon ja mit\u00e4 opintoja aiemmin suoritetuista opinnoista hyv\u00e4ksiluetaan Jamkissa suoritettavaan tutkintoon sek\u00e4 mitk\u00e4 [&hellip;]\" \/>\n<meta property=\"og:url\" content=\"https:\/\/help.jamk.fi\/peppi-ohjeet-henkilokunnalle\/fi\/hyvaksilukeminen\/sisallyttaminen-yli-30-opintopistetta\/\" \/>\n<meta property=\"og:site_name\" content=\"Peppi-ohjeet henkil\u00f6kunnalle\" \/>\n<meta property=\"article:modified_time\" content=\"2025-11-04T13:46:58+00:00\" \/>\n<meta property=\"og:image\" content=\"https:\/\/help.jamk.fi\/peppi-ohjeet-henkilokunnalle\/wp-content\/uploads\/sites\/131\/2025\/09\/Opiskelijan-hakemus-yli-30-op.jpg\" \/>\n\t<meta property=\"og:image:width\" content=\"1622\" \/>\n\t<meta property=\"og:image:height\" content=\"1137\" \/>\n\t<meta property=\"og:image:type\" content=\"image\/jpeg\" \/>\n<meta name=\"twitter:card\" content=\"summary_large_image\" \/>\n<meta name=\"twitter:label1\" content=\"Arvioitu lukuaika\" \/>\n\t<meta name=\"twitter:data1\" content=\"3 minuuttia\" \/>\n<script type=\"application\/ld+json\" class=\"yoast-schema-graph\">{\"@context\":\"https:\\\/\\\/schema.org\",\"@graph\":[{\"@type\":\"WebPage\",\"@id\":\"https:\\\/\\\/help.jamk.fi\\\/peppi-ohjeet-henkilokunnalle\\\/fi\\\/hyvaksilukeminen\\\/sisallyttaminen-yli-30-opintopistetta\\\/\",\"url\":\"https:\\\/\\\/help.jamk.fi\\\/peppi-ohjeet-henkilokunnalle\\\/fi\\\/hyvaksilukeminen\\\/sisallyttaminen-yli-30-opintopistetta\\\/\",\"name\":\"Sis\u00e4llytt\u00e4minen - yli 30 opintopistett\u00e4 - Peppi-ohjeet henkil\u00f6kunnalle\",\"isPartOf\":{\"@id\":\"https:\\\/\\\/help.jamk.fi\\\/peppi-ohjeet-henkilokunnalle\\\/#website\"},\"primaryImageOfPage\":{\"@id\":\"https:\\\/\\\/help.jamk.fi\\\/peppi-ohjeet-henkilokunnalle\\\/fi\\\/hyvaksilukeminen\\\/sisallyttaminen-yli-30-opintopistetta\\\/#primaryimage\"},\"image\":{\"@id\":\"https:\\\/\\\/help.jamk.fi\\\/peppi-ohjeet-henkilokunnalle\\\/fi\\\/hyvaksilukeminen\\\/sisallyttaminen-yli-30-opintopistetta\\\/#primaryimage\"},\"thumbnailUrl\":\"https:\\\/\\\/help.jamk.fi\\\/peppi-ohjeet-henkilokunnalle\\\/wp-content\\\/uploads\\\/sites\\\/131\\\/2025\\\/09\\\/Opiskelijan-hakemus-yli-30-op-1024x718.jpg\",\"datePublished\":\"2025-09-23T05:18:13+00:00\",\"dateModified\":\"2025-11-04T13:46:58+00:00\",\"breadcrumb\":{\"@id\":\"https:\\\/\\\/help.jamk.fi\\\/peppi-ohjeet-henkilokunnalle\\\/fi\\\/hyvaksilukeminen\\\/sisallyttaminen-yli-30-opintopistetta\\\/#breadcrumb\"},\"inLanguage\":\"fi\",\"potentialAction\":[{\"@type\":\"ReadAction\",\"target\":[\"https:\\\/\\\/help.jamk.fi\\\/peppi-ohjeet-henkilokunnalle\\\/fi\\\/hyvaksilukeminen\\\/sisallyttaminen-yli-30-opintopistetta\\\/\"]}]},{\"@type\":\"ImageObject\",\"inLanguage\":\"fi\",\"@id\":\"https:\\\/\\\/help.jamk.fi\\\/peppi-ohjeet-henkilokunnalle\\\/fi\\\/hyvaksilukeminen\\\/sisallyttaminen-yli-30-opintopistetta\\\/#primaryimage\",\"url\":\"https:\\\/\\\/help.jamk.fi\\\/peppi-ohjeet-henkilokunnalle\\\/wp-content\\\/uploads\\\/sites\\\/131\\\/2025\\\/09\\\/Opiskelijan-hakemus-yli-30-op.jpg\",\"contentUrl\":\"https:\\\/\\\/help.jamk.fi\\\/peppi-ohjeet-henkilokunnalle\\\/wp-content\\\/uploads\\\/sites\\\/131\\\/2025\\\/09\\\/Opiskelijan-hakemus-yli-30-op.jpg\",\"width\":1622,\"height\":1137,\"caption\":\"Kuvio 1. Opiskelijan hakemus\"},{\"@type\":\"BreadcrumbList\",\"@id\":\"https:\\\/\\\/help.jamk.fi\\\/peppi-ohjeet-henkilokunnalle\\\/fi\\\/hyvaksilukeminen\\\/sisallyttaminen-yli-30-opintopistetta\\\/#breadcrumb\",\"itemListElement\":[{\"@type\":\"ListItem\",\"position\":1,\"name\":\"Home\",\"item\":\"https:\\\/\\\/help.jamk.fi\\\/peppi-ohjeet-henkilokunnalle\\\/en\\\/\"},{\"@type\":\"ListItem\",\"position\":2,\"name\":\"eAHOT &#8211; hyv\u00e4ksilukeminen\",\"item\":\"https:\\\/\\\/help.jamk.fi\\\/peppi-ohjeet-henkilokunnalle\\\/fi\\\/hyvaksilukeminen\\\/\"},{\"@type\":\"ListItem\",\"position\":3,\"name\":\"Sis\u00e4llytt\u00e4minen &#8211; yli 30 opintopistett\u00e4\"}]},{\"@type\":\"WebSite\",\"@id\":\"https:\\\/\\\/help.jamk.fi\\\/peppi-ohjeet-henkilokunnalle\\\/#website\",\"url\":\"https:\\\/\\\/help.jamk.fi\\\/peppi-ohjeet-henkilokunnalle\\\/\",\"name\":\"Peppi-ohjeet henkil\u00f6kunnalle\",\"description\":\"\",\"potentialAction\":[{\"@type\":\"SearchAction\",\"target\":{\"@type\":\"EntryPoint\",\"urlTemplate\":\"https:\\\/\\\/help.jamk.fi\\\/peppi-ohjeet-henkilokunnalle\\\/?s={search_term_string}\"},\"query-input\":{\"@type\":\"PropertyValueSpecification\",\"valueRequired\":true,\"valueName\":\"search_term_string\"}}],\"inLanguage\":\"fi\"}]}<\/script>\n<!-- \/ Yoast SEO plugin. -->","yoast_head_json":{"title":"Sis\u00e4llytt\u00e4minen - yli 30 opintopistett\u00e4 - Peppi-ohjeet henkil\u00f6kunnalle","robots":{"index":"index","follow":"follow","max-snippet":"max-snippet:-1","max-image-preview":"max-image-preview:large","max-video-preview":"max-video-preview:-1"},"canonical":"https:\/\/help.jamk.fi\/peppi-ohjeet-henkilokunnalle\/fi\/hyvaksilukeminen\/sisallyttaminen-yli-30-opintopistetta\/","og_locale":"fi_FI","og_type":"article","og_title":"Sis\u00e4llytt\u00e4minen - yli 30 opintopistett\u00e4 - Peppi-ohjeet henkil\u00f6kunnalle","og_description":"Jos opiskelija on ennen Jamkissa aloittamaansa tutkintokoulutusta suorittanut tutkintoonsa kuuluvia opintoja enemm\u00e4n kuin 30 opintopistett\u00e4, h\u00e4n k\u00e4y ohjauskeskustelun tutkintovastaavan tai alalla sovitun henkil\u00f6n kanssa. Taulukoikaa opiskelijan aiemmin suorittamat opinnot esim. exceliin ja sijoittakaa ne Jamkin tutkintorakenteeseen oikeille paikoille. Excelist\u00e4 tulee ilmet\u00e4, kuinka paljon ja mit\u00e4 opintoja aiemmin suoritetuista opinnoista hyv\u00e4ksiluetaan Jamkissa suoritettavaan tutkintoon sek\u00e4 mitk\u00e4 [&hellip;]","og_url":"https:\/\/help.jamk.fi\/peppi-ohjeet-henkilokunnalle\/fi\/hyvaksilukeminen\/sisallyttaminen-yli-30-opintopistetta\/","og_site_name":"Peppi-ohjeet henkil\u00f6kunnalle","article_modified_time":"2025-11-04T13:46:58+00:00","og_image":[{"width":1622,"height":1137,"url":"https:\/\/help.jamk.fi\/peppi-ohjeet-henkilokunnalle\/wp-content\/uploads\/sites\/131\/2025\/09\/Opiskelijan-hakemus-yli-30-op.jpg","type":"image\/jpeg"}],"twitter_card":"summary_large_image","twitter_misc":{"Arvioitu lukuaika":"3 minuuttia"},"schema":{"@context":"https:\/\/schema.org","@graph":[{"@type":"WebPage","@id":"https:\/\/help.jamk.fi\/peppi-ohjeet-henkilokunnalle\/fi\/hyvaksilukeminen\/sisallyttaminen-yli-30-opintopistetta\/","url":"https:\/\/help.jamk.fi\/peppi-ohjeet-henkilokunnalle\/fi\/hyvaksilukeminen\/sisallyttaminen-yli-30-opintopistetta\/","name":"Sis\u00e4llytt\u00e4minen - yli 30 opintopistett\u00e4 - Peppi-ohjeet henkil\u00f6kunnalle","isPartOf":{"@id":"https:\/\/help.jamk.fi\/peppi-ohjeet-henkilokunnalle\/#website"},"primaryImageOfPage":{"@id":"https:\/\/help.jamk.fi\/peppi-ohjeet-henkilokunnalle\/fi\/hyvaksilukeminen\/sisallyttaminen-yli-30-opintopistetta\/#primaryimage"},"image":{"@id":"https:\/\/help.jamk.fi\/peppi-ohjeet-henkilokunnalle\/fi\/hyvaksilukeminen\/sisallyttaminen-yli-30-opintopistetta\/#primaryimage"},"thumbnailUrl":"https:\/\/help.jamk.fi\/peppi-ohjeet-henkilokunnalle\/wp-content\/uploads\/sites\/131\/2025\/09\/Opiskelijan-hakemus-yli-30-op-1024x718.jpg","datePublished":"2025-09-23T05:18:13+00:00","dateModified":"2025-11-04T13:46:58+00:00","breadcrumb":{"@id":"https:\/\/help.jamk.fi\/peppi-ohjeet-henkilokunnalle\/fi\/hyvaksilukeminen\/sisallyttaminen-yli-30-opintopistetta\/#breadcrumb"},"inLanguage":"fi","potentialAction":[{"@type":"ReadAction","target":["https:\/\/help.jamk.fi\/peppi-ohjeet-henkilokunnalle\/fi\/hyvaksilukeminen\/sisallyttaminen-yli-30-opintopistetta\/"]}]},{"@type":"ImageObject","inLanguage":"fi","@id":"https:\/\/help.jamk.fi\/peppi-ohjeet-henkilokunnalle\/fi\/hyvaksilukeminen\/sisallyttaminen-yli-30-opintopistetta\/#primaryimage","url":"https:\/\/help.jamk.fi\/peppi-ohjeet-henkilokunnalle\/wp-content\/uploads\/sites\/131\/2025\/09\/Opiskelijan-hakemus-yli-30-op.jpg","contentUrl":"https:\/\/help.jamk.fi\/peppi-ohjeet-henkilokunnalle\/wp-content\/uploads\/sites\/131\/2025\/09\/Opiskelijan-hakemus-yli-30-op.jpg","width":1622,"height":1137,"caption":"Kuvio 1. Opiskelijan hakemus"},{"@type":"BreadcrumbList","@id":"https:\/\/help.jamk.fi\/peppi-ohjeet-henkilokunnalle\/fi\/hyvaksilukeminen\/sisallyttaminen-yli-30-opintopistetta\/#breadcrumb","itemListElement":[{"@type":"ListItem","position":1,"name":"Home","item":"https:\/\/help.jamk.fi\/peppi-ohjeet-henkilokunnalle\/en\/"},{"@type":"ListItem","position":2,"name":"eAHOT &#8211; hyv\u00e4ksilukeminen","item":"https:\/\/help.jamk.fi\/peppi-ohjeet-henkilokunnalle\/fi\/hyvaksilukeminen\/"},{"@type":"ListItem","position":3,"name":"Sis\u00e4llytt\u00e4minen &#8211; yli 30 opintopistett\u00e4"}]},{"@type":"WebSite","@id":"https:\/\/help.jamk.fi\/peppi-ohjeet-henkilokunnalle\/#website","url":"https:\/\/help.jamk.fi\/peppi-ohjeet-henkilokunnalle\/","name":"Peppi-ohjeet henkil\u00f6kunnalle","description":"","potentialAction":[{"@type":"SearchAction","target":{"@type":"EntryPoint","urlTemplate":"https:\/\/help.jamk.fi\/peppi-ohjeet-henkilokunnalle\/?s={search_term_string}"},"query-input":{"@type":"PropertyValueSpecification","valueRequired":true,"valueName":"search_term_string"}}],"inLanguage":"fi"}]}},"_links":{"self":[{"href":"https:\/\/help.jamk.fi\/peppi-ohjeet-henkilokunnalle\/wp-json\/wp\/v2\/pages\/7735","targetHints":{"allow":["GET"]}}],"collection":[{"href":"https:\/\/help.jamk.fi\/peppi-ohjeet-henkilokunnalle\/wp-json\/wp\/v2\/pages"}],"about":[{"href":"https:\/\/help.jamk.fi\/peppi-ohjeet-henkilokunnalle\/wp-json\/wp\/v2\/types\/page"}],"author":[{"embeddable":true,"href":"https:\/\/help.jamk.fi\/peppi-ohjeet-henkilokunnalle\/wp-json\/wp\/v2\/users\/79"}],"replies":[{"embeddable":true,"href":"https:\/\/help.jamk.fi\/peppi-ohjeet-henkilokunnalle\/wp-json\/wp\/v2\/comments?post=7735"}],"version-history":[{"count":20,"href":"https:\/\/help.jamk.fi\/peppi-ohjeet-henkilokunnalle\/wp-json\/wp\/v2\/pages\/7735\/revisions"}],"predecessor-version":[{"id":7863,"href":"https:\/\/help.jamk.fi\/peppi-ohjeet-henkilokunnalle\/wp-json\/wp\/v2\/pages\/7735\/revisions\/7863"}],"up":[{"embeddable":true,"href":"https:\/\/help.jamk.fi\/peppi-ohjeet-henkilokunnalle\/wp-json\/wp\/v2\/pages\/4745"}],"wp:attachment":[{"href":"https:\/\/help.jamk.fi\/peppi-ohjeet-henkilokunnalle\/wp-json\/wp\/v2\/media?parent=7735"}],"wp:term":[{"taxonomy":"category","embeddable":true,"href":"https:\/\/help.jamk.fi\/peppi-ohjeet-henkilokunnalle\/wp-json\/wp\/v2\/categories?post=7735"},{"taxonomy":"post_tag","embeddable":true,"href":"https:\/\/help.jamk.fi\/peppi-ohjeet-henkilokunnalle\/wp-json\/wp\/v2\/tags?post=7735"}],"curies":[{"name":"wp","href":"https:\/\/api.w.org\/{rel}","templated":true}]}}