{"id":7969,"date":"2026-03-05T08:09:42","date_gmt":"2026-03-05T06:09:42","guid":{"rendered":"https:\/\/help.jamk.fi\/peppi-ohjeet-henkilokunnalle\/?page_id=7969"},"modified":"2026-03-06T12:40:56","modified_gmt":"2026-03-06T10:40:56","slug":"avoimen-kautta-tulevan-opiskelijan-opintojakson-arviointi","status":"publish","type":"page","link":"https:\/\/help.jamk.fi\/peppi-ohjeet-henkilokunnalle\/fi\/opettajan-ohjeet\/avoimen-kautta-tulevan-opiskelijan-opintojakson-arviointi\/","title":{"rendered":"Avoimen kautta tulevan opiskelijan opintojakson arviointi"},"content":{"rendered":"\n<p><strong>Ilmoittautumisen peruminen ilmoittautumisaikana<\/strong><br>Opiskelija peruu ilmoittautumisensa opintojaksolle ilmoittautumisajan puitteissa, toimitaan kuten avoimen amkin puolella on aiemmin sovittu.<\/p>\n\n\n\n<p><strong>Opiskelija ei ole aktiivinen kolmen ensimm\u00e4isen viikon aikana<\/strong><br>Opiskelija ei ole ollut aktiivinen kolmeen viikkoon opintojakson toteutuksen aloituksesta, opettaja hylk\u00e4\u00e4 opiskelijan ilmoittautumisen Pepiss\u00e4. T\u00e4ll\u00f6in Peppiin j\u00e4\u00e4 merkint\u00e4 siit\u00e4, ett\u00e4 opiskelija on ollut ilmoittautuneena toteutukselle. T\u00e4m\u00e4 on m\u00e4\u00e4ritelty tutkintos\u00e4\u00e4nn\u00f6ss\u00e4: https:\/\/www.jamk.fi\/fi\/opiskelijalle\/tutkinto-opiskelija\/saannot-ja-periaatteet 19 \u00a7 Opintojakson toteutuksille ilmoittautuminen ja opintojen suorittaminen.<\/p>\n\n\n\n<p>HUOM! T\u00e4m\u00e4 ei kuitenkaan koske avoimen nonstop-opintojaksoille ilmoittautuneita opiskelijoita, jotka voivat aloittaa opiskelun omaan tahtiin lukuvuoden aikana.\u00a0<\/p>\n\n\n\n<p><strong>Suoritusten kirjaaminen<\/strong><br>Opiskelija aloittaa opinnon suorittamisen, mutta ei saa sit\u00e4 tai sen osasuorituksia suoritettua hyv\u00e4ksytysti, kirjataan kokonaissuoritukseksi <strong>hyl\u00e4tty (0)<\/strong>.<\/p>\n\n\n\n<p>Opiskelija saa hyv\u00e4ksyttyj\u00e4 osasuorituksia, niihin kirjataan arviointi:<br>\u2022 Hyv\u00e4ksytyt toteutuksen osat arvioidaan normaalisti.<br>\u2022 Loput toteutuksen osat, joita ei ole suoritettu hyv\u00e4ksytysti, saavat<strong> hyl\u00e4tyn (0)<\/strong> arvosanan.<br>\u2022 Kokonaissuoritukseksi kirjataan <strong>hyl\u00e4tty (0)<\/strong>.<\/p>\n\n\n\n<p><\/p>\n\n\n\n<p><strong>My\u00f6hemmin tehdyt hyv\u00e4ksytyt suoritukset<\/strong><br>Opiskelija tekee sovitussa ajassa hyv\u00e4ksyttyj\u00e4 suorituksia kyseiseen toteutukseen, ne voidaan kirjata joko:<br>\u2022 uusintasuorituksena<br>\u2022 arvioinnin kirjauksena<\/p>\n\n\n\n<p>Opiskelijan t\u00e4rkeimm\u00e4t s\u00e4\u00e4nn\u00f6t ja periaatteet, mm. tutkintos\u00e4\u00e4nt\u00f6.<\/p>\n","protected":false},"excerpt":{"rendered":"<p>Ilmoittautumisen peruminen ilmoittautumisaikanaOpiskelija peruu ilmoittautumisensa opintojaksolle ilmoittautumisajan puitteissa, toimitaan kuten avoimen amkin puolella on aiemmin sovittu. Opiskelija ei ole aktiivinen kolmen ensimm\u00e4isen viikon aikanaOpiskelija ei ole ollut aktiivinen kolmeen viikkoon opintojakson toteutuksen aloituksesta, opettaja hylk\u00e4\u00e4 opiskelijan ilmoittautumisen Pepiss\u00e4. T\u00e4ll\u00f6in Peppiin j\u00e4\u00e4 merkint\u00e4 siit\u00e4, ett\u00e4 opiskelija on ollut ilmoittautuneena toteutukselle. T\u00e4m\u00e4 on m\u00e4\u00e4ritelty tutkintos\u00e4\u00e4nn\u00f6ss\u00e4: https:\/\/www.jamk.fi\/fi\/opiskelijalle\/tutkinto-opiskelija\/saannot-ja-periaatteet 19 [&hellip;]<\/p>\n","protected":false},"author":78,"featured_media":0,"parent":4552,"menu_order":0,"comment_status":"closed","ping_status":"closed","template":"","meta":{"_acf_changed":false,"_relevanssi_hide_post":"","_relevanssi_hide_content":"","_relevanssi_pin_for_all":"","_relevanssi_pin_keywords":"","_relevanssi_unpin_keywords":"","_relevanssi_related_keywords":"","_relevanssi_related_include_ids":"","_relevanssi_related_exclude_ids":"","_relevanssi_related_no_append":"","_relevanssi_related_not_related":"","_relevanssi_related_posts":"","_relevanssi_noindex_reason":"","footnotes":""},"categories":[],"tags":[221,20],"class_list":["post-7969","page","type-page","status-publish","hentry","tag-arviointi","tag-peppi"],"acf":[],"yoast_head":"<!-- This site is optimized with the Yoast SEO plugin v27.4 - https:\/\/yoast.com\/product\/yoast-seo-wordpress\/ -->\n<title>Avoimen kautta tulevan opiskelijan opintojakson arviointi - Peppi-ohjeet henkil\u00f6kunnalle<\/title>\n<meta name=\"robots\" content=\"index, follow, max-snippet:-1, max-image-preview:large, max-video-preview:-1\" \/>\n<link rel=\"canonical\" href=\"https:\/\/help.jamk.fi\/peppi-ohjeet-henkilokunnalle\/fi\/opettajan-ohjeet\/avoimen-kautta-tulevan-opiskelijan-opintojakson-arviointi\/\" \/>\n<meta property=\"og:locale\" content=\"fi_FI\" \/>\n<meta property=\"og:type\" content=\"article\" \/>\n<meta property=\"og:title\" content=\"Avoimen kautta tulevan opiskelijan opintojakson arviointi - Peppi-ohjeet henkil\u00f6kunnalle\" \/>\n<meta property=\"og:description\" content=\"Ilmoittautumisen peruminen ilmoittautumisaikanaOpiskelija peruu ilmoittautumisensa opintojaksolle ilmoittautumisajan puitteissa, toimitaan kuten avoimen amkin puolella on aiemmin sovittu. Opiskelija ei ole aktiivinen kolmen ensimm\u00e4isen viikon aikanaOpiskelija ei ole ollut aktiivinen kolmeen viikkoon opintojakson toteutuksen aloituksesta, opettaja hylk\u00e4\u00e4 opiskelijan ilmoittautumisen Pepiss\u00e4. T\u00e4ll\u00f6in Peppiin j\u00e4\u00e4 merkint\u00e4 siit\u00e4, ett\u00e4 opiskelija on ollut ilmoittautuneena toteutukselle. T\u00e4m\u00e4 on m\u00e4\u00e4ritelty tutkintos\u00e4\u00e4nn\u00f6ss\u00e4: https:\/\/www.jamk.fi\/fi\/opiskelijalle\/tutkinto-opiskelija\/saannot-ja-periaatteet 19 [&hellip;]\" \/>\n<meta property=\"og:url\" content=\"https:\/\/help.jamk.fi\/peppi-ohjeet-henkilokunnalle\/fi\/opettajan-ohjeet\/avoimen-kautta-tulevan-opiskelijan-opintojakson-arviointi\/\" \/>\n<meta property=\"og:site_name\" content=\"Peppi-ohjeet henkil\u00f6kunnalle\" \/>\n<meta property=\"article:modified_time\" content=\"2026-03-06T10:40:56+00:00\" \/>\n<meta name=\"twitter:card\" content=\"summary_large_image\" \/>\n<meta name=\"twitter:label1\" content=\"Arvioitu lukuaika\" \/>\n\t<meta name=\"twitter:data1\" content=\"1 minuutti\" \/>\n<script type=\"application\/ld+json\" class=\"yoast-schema-graph\">{\"@context\":\"https:\\\/\\\/schema.org\",\"@graph\":[{\"@type\":\"WebPage\",\"@id\":\"https:\\\/\\\/help.jamk.fi\\\/peppi-ohjeet-henkilokunnalle\\\/fi\\\/opettajan-ohjeet\\\/avoimen-kautta-tulevan-opiskelijan-opintojakson-arviointi\\\/\",\"url\":\"https:\\\/\\\/help.jamk.fi\\\/peppi-ohjeet-henkilokunnalle\\\/fi\\\/opettajan-ohjeet\\\/avoimen-kautta-tulevan-opiskelijan-opintojakson-arviointi\\\/\",\"name\":\"Avoimen kautta tulevan opiskelijan opintojakson arviointi - Peppi-ohjeet henkil\u00f6kunnalle\",\"isPartOf\":{\"@id\":\"https:\\\/\\\/help.jamk.fi\\\/peppi-ohjeet-henkilokunnalle\\\/#website\"},\"datePublished\":\"2026-03-05T06:09:42+00:00\",\"dateModified\":\"2026-03-06T10:40:56+00:00\",\"breadcrumb\":{\"@id\":\"https:\\\/\\\/help.jamk.fi\\\/peppi-ohjeet-henkilokunnalle\\\/fi\\\/opettajan-ohjeet\\\/avoimen-kautta-tulevan-opiskelijan-opintojakson-arviointi\\\/#breadcrumb\"},\"inLanguage\":\"fi\",\"potentialAction\":[{\"@type\":\"ReadAction\",\"target\":[\"https:\\\/\\\/help.jamk.fi\\\/peppi-ohjeet-henkilokunnalle\\\/fi\\\/opettajan-ohjeet\\\/avoimen-kautta-tulevan-opiskelijan-opintojakson-arviointi\\\/\"]}]},{\"@type\":\"BreadcrumbList\",\"@id\":\"https:\\\/\\\/help.jamk.fi\\\/peppi-ohjeet-henkilokunnalle\\\/fi\\\/opettajan-ohjeet\\\/avoimen-kautta-tulevan-opiskelijan-opintojakson-arviointi\\\/#breadcrumb\",\"itemListElement\":[{\"@type\":\"ListItem\",\"position\":1,\"name\":\"Home\",\"item\":\"https:\\\/\\\/help.jamk.fi\\\/peppi-ohjeet-henkilokunnalle\\\/en\\\/\"},{\"@type\":\"ListItem\",\"position\":2,\"name\":\"Opettajan ohjeet\",\"item\":\"https:\\\/\\\/help.jamk.fi\\\/peppi-ohjeet-henkilokunnalle\\\/fi\\\/opettajan-ohjeet\\\/\"},{\"@type\":\"ListItem\",\"position\":3,\"name\":\"Avoimen kautta tulevan opiskelijan opintojakson arviointi\"}]},{\"@type\":\"WebSite\",\"@id\":\"https:\\\/\\\/help.jamk.fi\\\/peppi-ohjeet-henkilokunnalle\\\/#website\",\"url\":\"https:\\\/\\\/help.jamk.fi\\\/peppi-ohjeet-henkilokunnalle\\\/\",\"name\":\"Peppi-ohjeet henkil\u00f6kunnalle\",\"description\":\"\",\"potentialAction\":[{\"@type\":\"SearchAction\",\"target\":{\"@type\":\"EntryPoint\",\"urlTemplate\":\"https:\\\/\\\/help.jamk.fi\\\/peppi-ohjeet-henkilokunnalle\\\/?s={search_term_string}\"},\"query-input\":{\"@type\":\"PropertyValueSpecification\",\"valueRequired\":true,\"valueName\":\"search_term_string\"}}],\"inLanguage\":\"fi\"}]}<\/script>\n<!-- \/ Yoast SEO plugin. -->","yoast_head_json":{"title":"Avoimen kautta tulevan opiskelijan opintojakson arviointi - Peppi-ohjeet henkil\u00f6kunnalle","robots":{"index":"index","follow":"follow","max-snippet":"max-snippet:-1","max-image-preview":"max-image-preview:large","max-video-preview":"max-video-preview:-1"},"canonical":"https:\/\/help.jamk.fi\/peppi-ohjeet-henkilokunnalle\/fi\/opettajan-ohjeet\/avoimen-kautta-tulevan-opiskelijan-opintojakson-arviointi\/","og_locale":"fi_FI","og_type":"article","og_title":"Avoimen kautta tulevan opiskelijan opintojakson arviointi - Peppi-ohjeet henkil\u00f6kunnalle","og_description":"Ilmoittautumisen peruminen ilmoittautumisaikanaOpiskelija peruu ilmoittautumisensa opintojaksolle ilmoittautumisajan puitteissa, toimitaan kuten avoimen amkin puolella on aiemmin sovittu. Opiskelija ei ole aktiivinen kolmen ensimm\u00e4isen viikon aikanaOpiskelija ei ole ollut aktiivinen kolmeen viikkoon opintojakson toteutuksen aloituksesta, opettaja hylk\u00e4\u00e4 opiskelijan ilmoittautumisen Pepiss\u00e4. T\u00e4ll\u00f6in Peppiin j\u00e4\u00e4 merkint\u00e4 siit\u00e4, ett\u00e4 opiskelija on ollut ilmoittautuneena toteutukselle. T\u00e4m\u00e4 on m\u00e4\u00e4ritelty tutkintos\u00e4\u00e4nn\u00f6ss\u00e4: https:\/\/www.jamk.fi\/fi\/opiskelijalle\/tutkinto-opiskelija\/saannot-ja-periaatteet 19 [&hellip;]","og_url":"https:\/\/help.jamk.fi\/peppi-ohjeet-henkilokunnalle\/fi\/opettajan-ohjeet\/avoimen-kautta-tulevan-opiskelijan-opintojakson-arviointi\/","og_site_name":"Peppi-ohjeet henkil\u00f6kunnalle","article_modified_time":"2026-03-06T10:40:56+00:00","twitter_card":"summary_large_image","twitter_misc":{"Arvioitu lukuaika":"1 minuutti"},"schema":{"@context":"https:\/\/schema.org","@graph":[{"@type":"WebPage","@id":"https:\/\/help.jamk.fi\/peppi-ohjeet-henkilokunnalle\/fi\/opettajan-ohjeet\/avoimen-kautta-tulevan-opiskelijan-opintojakson-arviointi\/","url":"https:\/\/help.jamk.fi\/peppi-ohjeet-henkilokunnalle\/fi\/opettajan-ohjeet\/avoimen-kautta-tulevan-opiskelijan-opintojakson-arviointi\/","name":"Avoimen kautta tulevan opiskelijan opintojakson arviointi - Peppi-ohjeet henkil\u00f6kunnalle","isPartOf":{"@id":"https:\/\/help.jamk.fi\/peppi-ohjeet-henkilokunnalle\/#website"},"datePublished":"2026-03-05T06:09:42+00:00","dateModified":"2026-03-06T10:40:56+00:00","breadcrumb":{"@id":"https:\/\/help.jamk.fi\/peppi-ohjeet-henkilokunnalle\/fi\/opettajan-ohjeet\/avoimen-kautta-tulevan-opiskelijan-opintojakson-arviointi\/#breadcrumb"},"inLanguage":"fi","potentialAction":[{"@type":"ReadAction","target":["https:\/\/help.jamk.fi\/peppi-ohjeet-henkilokunnalle\/fi\/opettajan-ohjeet\/avoimen-kautta-tulevan-opiskelijan-opintojakson-arviointi\/"]}]},{"@type":"BreadcrumbList","@id":"https:\/\/help.jamk.fi\/peppi-ohjeet-henkilokunnalle\/fi\/opettajan-ohjeet\/avoimen-kautta-tulevan-opiskelijan-opintojakson-arviointi\/#breadcrumb","itemListElement":[{"@type":"ListItem","position":1,"name":"Home","item":"https:\/\/help.jamk.fi\/peppi-ohjeet-henkilokunnalle\/en\/"},{"@type":"ListItem","position":2,"name":"Opettajan ohjeet","item":"https:\/\/help.jamk.fi\/peppi-ohjeet-henkilokunnalle\/fi\/opettajan-ohjeet\/"},{"@type":"ListItem","position":3,"name":"Avoimen kautta tulevan opiskelijan opintojakson arviointi"}]},{"@type":"WebSite","@id":"https:\/\/help.jamk.fi\/peppi-ohjeet-henkilokunnalle\/#website","url":"https:\/\/help.jamk.fi\/peppi-ohjeet-henkilokunnalle\/","name":"Peppi-ohjeet henkil\u00f6kunnalle","description":"","potentialAction":[{"@type":"SearchAction","target":{"@type":"EntryPoint","urlTemplate":"https:\/\/help.jamk.fi\/peppi-ohjeet-henkilokunnalle\/?s={search_term_string}"},"query-input":{"@type":"PropertyValueSpecification","valueRequired":true,"valueName":"search_term_string"}}],"inLanguage":"fi"}]}},"_links":{"self":[{"href":"https:\/\/help.jamk.fi\/peppi-ohjeet-henkilokunnalle\/wp-json\/wp\/v2\/pages\/7969","targetHints":{"allow":["GET"]}}],"collection":[{"href":"https:\/\/help.jamk.fi\/peppi-ohjeet-henkilokunnalle\/wp-json\/wp\/v2\/pages"}],"about":[{"href":"https:\/\/help.jamk.fi\/peppi-ohjeet-henkilokunnalle\/wp-json\/wp\/v2\/types\/page"}],"author":[{"embeddable":true,"href":"https:\/\/help.jamk.fi\/peppi-ohjeet-henkilokunnalle\/wp-json\/wp\/v2\/users\/78"}],"replies":[{"embeddable":true,"href":"https:\/\/help.jamk.fi\/peppi-ohjeet-henkilokunnalle\/wp-json\/wp\/v2\/comments?post=7969"}],"version-history":[{"count":7,"href":"https:\/\/help.jamk.fi\/peppi-ohjeet-henkilokunnalle\/wp-json\/wp\/v2\/pages\/7969\/revisions"}],"predecessor-version":[{"id":7980,"href":"https:\/\/help.jamk.fi\/peppi-ohjeet-henkilokunnalle\/wp-json\/wp\/v2\/pages\/7969\/revisions\/7980"}],"up":[{"embeddable":true,"href":"https:\/\/help.jamk.fi\/peppi-ohjeet-henkilokunnalle\/wp-json\/wp\/v2\/pages\/4552"}],"wp:attachment":[{"href":"https:\/\/help.jamk.fi\/peppi-ohjeet-henkilokunnalle\/wp-json\/wp\/v2\/media?parent=7969"}],"wp:term":[{"taxonomy":"category","embeddable":true,"href":"https:\/\/help.jamk.fi\/peppi-ohjeet-henkilokunnalle\/wp-json\/wp\/v2\/categories?post=7969"},{"taxonomy":"post_tag","embeddable":true,"href":"https:\/\/help.jamk.fi\/peppi-ohjeet-henkilokunnalle\/wp-json\/wp\/v2\/tags?post=7969"}],"curies":[{"name":"wp","href":"https:\/\/api.w.org\/{rel}","templated":true}]}}