{"id":2558,"date":"2020-01-30T13:25:00","date_gmt":"2020-01-30T11:25:00","guid":{"rendered":"https:\/\/help.jamk.fi\/peppi\/esimerkkisivu\/"},"modified":"2024-10-24T09:19:40","modified_gmt":"2024-10-24T06:19:40","slug":"peppi-ohjeet-opiskelijalle","status":"publish","type":"page","link":"https:\/\/help.jamk.fi\/peppi\/fi\/","title":{"rendered":"Peppi-ohjeet opiskelijalle"},"content":{"rendered":"\n<div id=\"text-column-block_9766ea6baaf1093e8735ad0dbb4ee771\" class=\"text-column block-text-column\">\n  <div class=\"block-text-column__wrapper\">\n                  <div class=\"row block-text-column__column-section\">\n          <div class=\"col-12 col-md-5 block-text-column__column-section--column\">\n            <div class=\"block-text-column__column-section--title-wrap\">\n                              <h2 class=\"\">Peppi-j\u00e4rjestelm\u00e4<\/h2>\n                          <\/div>\n          <\/div>\n          <div class=\"col-12 col-md-7 block-text-column__column-section--column\">\n                          <div class=\"block-text-column__column-section--text_area\">\n                <p><!-- wp:paragraph --><\/p>\n<p>N\u00e4ilt\u00e4 sivuilta l\u00f6yd\u00e4t <strong>ohjeet <\/strong>Peppi-j\u00e4rjestelm\u00e4n <strong>opiskelijan ty\u00f6p\u00f6yd\u00e4n<\/strong> palveluihin.<\/p>\n<p>Peppi on Jamkin opiskelija- ja opintotietoj\u00e4rjestelm\u00e4. Opiskelijana sinulla on p\u00e4\u00e4sy <strong>Pakki <\/strong>-opiskelijan ty\u00f6p\u00f6yd\u00e4lle. Pakissa suunnittelet opintojasi, seuraat edistymist\u00e4si, selaat tilavarauksia, ilmoittaudut opintoihin ja lukuvuodelle sek\u00e4 tarkastelet ja muokkaat omia yhteystietojasi.<\/p>\n<p><!-- \/wp:paragraph --><\/p>\n              <\/div>\n                      <\/div>\n        <\/div>\n              <div class=\"row block-text-column__column-section\">\n          <div class=\"col-12 col-md-5 block-text-column__column-section--column\">\n            <div class=\"block-text-column__column-section--title-wrap\">\n                              <h2 class=\"\">Kirjautuminen<\/h2>\n                          <\/div>\n          <\/div>\n          <div class=\"col-12 col-md-7 block-text-column__column-section--column\">\n                          <div class=\"block-text-column__column-section--text_area\">\n                <p><!-- wp:paragraph --><\/p>\n<p>Kirjaudu Peppiin Jamkin k\u00e4ytt\u00e4j\u00e4tunnuksellasi. P\u00e4\u00e4set kirjautumaan Peppiin osoitteessa <a href=\"https:\/\/peppi.jamk.fi\"><strong>https:\/\/peppi.jamk.fi<\/strong><\/a>. Uloskirjautumispainikkeen l\u00f6yd\u00e4t Pakin oikeassa yl\u00e4kulmassa sijaitsevan nimesi takaa. Varmista uloskirjautuminen sulkemalla selain.<\/p>\n<p><a href=\"https:\/\/help.jamk.fi\/\">Peppiin liittyviss\u00e4 asioissa j\u00e4t\u00e4 palvelupyynt\u00f6 Helppiin<\/a><\/p>\n<ul>\n<li>Jos et p\u00e4\u00e4se kirjautumaan, kokeile selaimen v\u00e4limuistin tyhjennyst\u00e4.<\/li>\n<li>Jos et p\u00e4\u00e4se opiskelijan ty\u00f6p\u00f6yd\u00e4lle, tee Help-palvelupyynt\u00f6.<\/li>\n<li>Jos Pepiss\u00e4 n\u00e4kyy muu kuin nykyinen sukunimesi, j\u00e4t\u00e4 palvelupyynt\u00f6.<\/li>\n<\/ul>\n<p><!-- \/wp:paragraph --><\/p>\n              <\/div>\n                      <\/div>\n        <\/div>\n            <\/div>\n<\/div>\n\n  <div id=\"quick-links-block_bf5e7376975596ff6e1b77f3afdc0756\" class=\"block-quick-links block-quick-links\">\n          <h2 class=\"block-quick-links__heading\">Pikavalinnat:<\/h2>\n    \n    <ul class=\"quick-links-list\">\n                                <li class=\"quick-links-list__item\">\n            <a class=\"button-primary-icon\" href=\"https:\/\/help.jamk.fi\/peppi\/fi\/omat-tiedot\/\" target=\"\" >\n              Omat tiedot            <\/a>\n          <\/li>\n                                           <li class=\"quick-links-list__item\">\n            <a class=\"button-primary-icon\" href=\"https:\/\/help.jamk.fi\/peppi\/fi\/opintoni\/\" target=\"\" >\n              Opintoni &#8211; HOPS            <\/a>\n          <\/li>\n                                           <li class=\"quick-links-list__item\">\n            <a class=\"button-primary-icon\" href=\"https:\/\/help.jamk.fi\/peppi\/fi\/opintosuoritukset\/\" target=\"\" >\n              Opintosuoritukset            <\/a>\n          <\/li>\n                                           <li class=\"quick-links-list__item\">\n            <a class=\"button-primary-icon\" href=\"https:\/\/help.jamk.fi\/peppi\/fi\/opintoni\/ilmoittautuminen-lukuvuodelle\/\" target=\"\" >\n              Ilmoittautuminen lukuvuodelle            <\/a>\n          <\/li>\n                                           <li class=\"quick-links-list__item\">\n            <a class=\"button-primary-icon\" href=\"https:\/\/help.jamk.fi\/peppi\/fi\/opintoni\/ilmoittautumiset-opintojaksojen-toteutuksille\/\" target=\"\" >\n              Ilmoittautumiset opintojaksojen toteutuksille            <\/a>\n          <\/li>\n                                           <li class=\"quick-links-list__item\">\n            <a class=\"button-primary-icon\" href=\"https:\/\/help.jamk.fi\/peppi\/fi\/kalenteri\/\" target=\"\" >\n              Kalenteri            <\/a>\n          <\/li>\n                                           <li class=\"quick-links-list__item\">\n            <a class=\"button-primary-icon\" href=\"https:\/\/help.jamk.fi\/peppi\/fi\/atomi\/\" target=\"\" >\n              Atomi            <\/a>\n          <\/li>\n                                           <li class=\"quick-links-list__item\">\n            <a class=\"button-primary-icon\" href=\"https:\/\/help.jamk.fi\/peppi\/fi\/usein-kysytyt-kysymykset\/\" target=\"\" >\n              UKK            <\/a>\n          <\/li>\n                     <\/ul>\n  <\/div>\n","protected":false},"excerpt":{"rendered":"","protected":false},"author":77,"featured_media":0,"parent":0,"menu_order":0,"comment_status":"closed","ping_status":"closed","template":"templates\/template-full-width.php","meta":{"_acf_changed":false,"_relevanssi_hide_post":"","_relevanssi_hide_content":"","_relevanssi_pin_for_all":"","_relevanssi_pin_keywords":"Peppi","_relevanssi_unpin_keywords":"","_relevanssi_related_keywords":"","_relevanssi_related_include_ids":"","_relevanssi_related_exclude_ids":"","_relevanssi_related_no_append":"","_relevanssi_related_not_related":"","_relevanssi_related_posts":"","_relevanssi_noindex_reason":"","footnotes":""},"categories":[1],"tags":[],"class_list":["post-2558","page","type-page","status-publish","hentry","category-uncategorised"],"acf":[],"yoast_head":"<!-- This site is optimized with the Yoast SEO plugin v27.3 - https:\/\/yoast.com\/product\/yoast-seo-wordpress\/ -->\n<title>Peppi-ohjeet opiskelijalle - Peppi<\/title>\n<meta name=\"robots\" content=\"index, follow, max-snippet:-1, max-image-preview:large, max-video-preview:-1\" \/>\n<link rel=\"canonical\" href=\"https:\/\/help.jamk.fi\/peppi\/fi\/\" \/>\n<meta property=\"og:locale\" content=\"fi_FI\" \/>\n<meta property=\"og:type\" content=\"article\" \/>\n<meta property=\"og:title\" content=\"Peppi-ohjeet opiskelijalle - Peppi\" \/>\n<meta property=\"og:url\" content=\"https:\/\/help.jamk.fi\/peppi\/fi\/\" \/>\n<meta property=\"og:site_name\" content=\"Peppi\" \/>\n<meta property=\"article:modified_time\" content=\"2024-10-24T06:19:40+00:00\" \/>\n<meta name=\"twitter:card\" content=\"summary_large_image\" \/>\n<script type=\"application\/ld+json\" class=\"yoast-schema-graph\">{\"@context\":\"https:\\\/\\\/schema.org\",\"@graph\":[{\"@type\":\"WebPage\",\"@id\":\"https:\\\/\\\/help.jamk.fi\\\/peppi\\\/fi\\\/\",\"url\":\"https:\\\/\\\/help.jamk.fi\\\/peppi\\\/fi\\\/\",\"name\":\"Peppi-ohjeet opiskelijalle - Peppi\",\"isPartOf\":{\"@id\":\"https:\\\/\\\/help.jamk.fi\\\/peppi\\\/#website\"},\"datePublished\":\"2020-01-30T11:25:00+00:00\",\"dateModified\":\"2024-10-24T06:19:40+00:00\",\"breadcrumb\":{\"@id\":\"https:\\\/\\\/help.jamk.fi\\\/peppi\\\/fi\\\/#breadcrumb\"},\"inLanguage\":\"fi\",\"potentialAction\":[{\"@type\":\"ReadAction\",\"target\":[\"https:\\\/\\\/help.jamk.fi\\\/peppi\\\/fi\\\/\"]}]},{\"@type\":\"BreadcrumbList\",\"@id\":\"https:\\\/\\\/help.jamk.fi\\\/peppi\\\/fi\\\/#breadcrumb\",\"itemListElement\":[{\"@type\":\"ListItem\",\"position\":1,\"name\":\"Home\",\"item\":\"https:\\\/\\\/help.jamk.fi\\\/peppi\\\/fi\\\/\"},{\"@type\":\"ListItem\",\"position\":2,\"name\":\"Peppi-ohjeet opiskelijalle\"}]},{\"@type\":\"WebSite\",\"@id\":\"https:\\\/\\\/help.jamk.fi\\\/peppi\\\/#website\",\"url\":\"https:\\\/\\\/help.jamk.fi\\\/peppi\\\/\",\"name\":\"Peppi\",\"description\":\"\",\"potentialAction\":[{\"@type\":\"SearchAction\",\"target\":{\"@type\":\"EntryPoint\",\"urlTemplate\":\"https:\\\/\\\/help.jamk.fi\\\/peppi\\\/?s={search_term_string}\"},\"query-input\":{\"@type\":\"PropertyValueSpecification\",\"valueRequired\":true,\"valueName\":\"search_term_string\"}}],\"inLanguage\":\"fi\"}]}<\/script>\n<!-- \/ Yoast SEO plugin. -->","yoast_head_json":{"title":"Peppi-ohjeet opiskelijalle - Peppi","robots":{"index":"index","follow":"follow","max-snippet":"max-snippet:-1","max-image-preview":"max-image-preview:large","max-video-preview":"max-video-preview:-1"},"canonical":"https:\/\/help.jamk.fi\/peppi\/fi\/","og_locale":"fi_FI","og_type":"article","og_title":"Peppi-ohjeet opiskelijalle - Peppi","og_url":"https:\/\/help.jamk.fi\/peppi\/fi\/","og_site_name":"Peppi","article_modified_time":"2024-10-24T06:19:40+00:00","twitter_card":"summary_large_image","schema":{"@context":"https:\/\/schema.org","@graph":[{"@type":"WebPage","@id":"https:\/\/help.jamk.fi\/peppi\/fi\/","url":"https:\/\/help.jamk.fi\/peppi\/fi\/","name":"Peppi-ohjeet opiskelijalle - Peppi","isPartOf":{"@id":"https:\/\/help.jamk.fi\/peppi\/#website"},"datePublished":"2020-01-30T11:25:00+00:00","dateModified":"2024-10-24T06:19:40+00:00","breadcrumb":{"@id":"https:\/\/help.jamk.fi\/peppi\/fi\/#breadcrumb"},"inLanguage":"fi","potentialAction":[{"@type":"ReadAction","target":["https:\/\/help.jamk.fi\/peppi\/fi\/"]}]},{"@type":"BreadcrumbList","@id":"https:\/\/help.jamk.fi\/peppi\/fi\/#breadcrumb","itemListElement":[{"@type":"ListItem","position":1,"name":"Home","item":"https:\/\/help.jamk.fi\/peppi\/fi\/"},{"@type":"ListItem","position":2,"name":"Peppi-ohjeet opiskelijalle"}]},{"@type":"WebSite","@id":"https:\/\/help.jamk.fi\/peppi\/#website","url":"https:\/\/help.jamk.fi\/peppi\/","name":"Peppi","description":"","potentialAction":[{"@type":"SearchAction","target":{"@type":"EntryPoint","urlTemplate":"https:\/\/help.jamk.fi\/peppi\/?s={search_term_string}"},"query-input":{"@type":"PropertyValueSpecification","valueRequired":true,"valueName":"search_term_string"}}],"inLanguage":"fi"}]}},"_links":{"self":[{"href":"https:\/\/help.jamk.fi\/peppi\/wp-json\/wp\/v2\/pages\/2558","targetHints":{"allow":["GET"]}}],"collection":[{"href":"https:\/\/help.jamk.fi\/peppi\/wp-json\/wp\/v2\/pages"}],"about":[{"href":"https:\/\/help.jamk.fi\/peppi\/wp-json\/wp\/v2\/types\/page"}],"author":[{"embeddable":true,"href":"https:\/\/help.jamk.fi\/peppi\/wp-json\/wp\/v2\/users\/77"}],"replies":[{"embeddable":true,"href":"https:\/\/help.jamk.fi\/peppi\/wp-json\/wp\/v2\/comments?post=2558"}],"version-history":[{"count":38,"href":"https:\/\/help.jamk.fi\/peppi\/wp-json\/wp\/v2\/pages\/2558\/revisions"}],"predecessor-version":[{"id":3166,"href":"https:\/\/help.jamk.fi\/peppi\/wp-json\/wp\/v2\/pages\/2558\/revisions\/3166"}],"wp:attachment":[{"href":"https:\/\/help.jamk.fi\/peppi\/wp-json\/wp\/v2\/media?parent=2558"}],"wp:term":[{"taxonomy":"category","embeddable":true,"href":"https:\/\/help.jamk.fi\/peppi\/wp-json\/wp\/v2\/categories?post=2558"},{"taxonomy":"post_tag","embeddable":true,"href":"https:\/\/help.jamk.fi\/peppi\/wp-json\/wp\/v2\/tags?post=2558"}],"curies":[{"name":"wp","href":"https:\/\/api.w.org\/{rel}","templated":true}]}}