{"id":2559,"date":"2020-03-23T11:35:02","date_gmt":"2020-03-23T09:35:02","guid":{"rendered":"https:\/\/help.jamk.fi\/peppi\/tapaamisajat\/"},"modified":"2024-01-19T14:58:08","modified_gmt":"2024-01-19T12:58:08","slug":"tapaamisajat","status":"publish","type":"page","link":"https:\/\/help.jamk.fi\/peppi\/fi\/kalenteri\/tapaamisajat\/","title":{"rendered":"Tapaamisajat"},"content":{"rendered":"\n<p>Opinn\u00e4ytety\u00f6nohjaaja, opettajatutor, opettajat, opettajatutorit, opinto-ohjaajat, opiskelijapalvelut sek\u00e4 muut ohjauksen henkil\u00f6t voivat ehdottaa\/luoda tapaamisajan yksitt\u00e4iselle opiskelijalle tai opiskelijaryhm\u00e4lle.<\/p>\n\n\n\n<p>Klikkaa opiskelijan ty\u00f6p\u00f6yd\u00e4ll\u00e4 <em>Tapaamisajat<\/em>-linkki\u00e4 niin p\u00e4\u00e4set n\u00e4kem\u00e4\u00e4n, ketk\u00e4 ovat luoneet tapaamisaikoja.<\/p>\n\n\n\n<h2 class=\"wp-block-heading\">Tarjolla olevat tapaamisajat<\/h2>\n\n\n\n<p>Tapaamisajat listautuvat tapaamista ehdottavan henkil\u00f6n nimen alle:<\/p>\n\n\n\n<figure class=\"wp-block-image\"><img loading=\"lazy\" decoding=\"async\" width=\"640\" height=\"204\" src=\"https:\/\/help.jamk.fi\/peppi\/wp-content\/uploads\/sites\/130\/2020\/02\/Opettajan-tapaamisajat.jpg\" alt=\"Kuva tapaamisaikojen listauksesta henkil\u00f6n mukaan\" class=\"wp-image-51\"\/><\/figure>\n\n\n\n<p>Tavattavan henkil\u00f6n nime\u00e4 klikkaamalla avautuu tarkemmat tiedot tapaamisesta<\/p>\n\n\n\n<ul class=\"wp-block-list\">\n<li>Tapaamisaika<\/li>\n\n\n\n<li>Tapaamisen aihe<\/li>\n\n\n\n<li>Lukum\u00e4\u00e4r\u00e4 kuinka monta henkil\u00f6\u00e4 on tapaamisen hyv\u00e4ksynyt, ja kuinka monelle henkil\u00f6lle tapaamista tarjotaan<\/li>\n<\/ul>\n\n\n\n<h2 class=\"wp-block-heading\">Tapaamisen vahvistaminen<\/h2>\n\n\n\n<ul class=\"wp-block-list\">\n<li>Lis\u00e4\u00e4 itsesi varaukseen klikkaamalla varaustietojen edess\u00e4 olevaa <em>+Varaa tapaamisaika<\/em> -painiketta<\/li>\n\n\n\n<li>Viestikentt\u00e4\u00e4 ei kanna k\u00e4ytt\u00e4\u00e4, vaikka siihen voikin teksti\u00e4 kirjoittaa<\/li>\n\n\n\n<li>Vahvista tapaaminen <em>Osallistun tapaamiseen<\/em> -painikkeesta<\/li>\n<\/ul>\n\n\n\n<p>Tapaaminen siirtyy kalenteriisi:<\/p>\n\n\n\n<p><img loading=\"lazy\" decoding=\"async\" width=\"640\" height=\"331\" class=\"alignnone size-full wp-image-1332\" src=\"https:\/\/help.jamk.fi\/peppi\/wp-content\/uploads\/sites\/130\/2021\/04\/Tapaamisaika_opiskelija.jpg\" alt=\"\"><\/p>\n\n\n\n<p>Tapaaminen synkronoituu my\u00f6s Outlook-kalenteriisi, jos olet valinnut kohdan <em>&#8221;Jos olen liitetty varaukseen henkil\u00f6t\/opettajat -kent\u00e4n kautta &#8211; muut kuin opetukseen liittyv\u00e4t varaukset&#8221;<\/em>.<\/p>\n\n\n\n<p>Lis\u00e4ksi varaus n\u00e4kyy nyt vahvennetulla kirjoitettuna Opiskelijan ty\u00f6p\u00f6yd\u00e4n <em>Kalenteri &#8211; Tapaamisajat<\/em> -n\u00e4kym\u00e4ss\u00e4:<\/p>\n\n\n\n<figure class=\"wp-block-image\"><img loading=\"lazy\" decoding=\"async\" width=\"640\" height=\"200\" src=\"https:\/\/help.jamk.fi\/peppi\/wp-content\/uploads\/sites\/130\/2020\/02\/Varattu-tapaamisaika.jpg\" alt=\"Kuva varatusta tapaamisajasta, joka n\u00e4kyy vahvennettuna tapaamisaika-valikossa\" class=\"wp-image-53\"\/><\/figure>\n\n\n\n<h2 class=\"wp-block-heading\">Tapaamisen peruminen<\/h2>\n\n\n\n<p>Jos haluat perua tapaamisen vahvistuksen j\u00e4lkeen, klikkaa tapaamisrivin per\u00e4ss\u00e4 olevaa x-ikonia. Vahvista peruutus klikkaamalla <em>Perun osallistumisen<\/em> -painiketta. Tapaaminen poistuu t\u00e4ll\u00f6in kalenteristasi<\/p>\n","protected":false},"excerpt":{"rendered":"<p>Opinn\u00e4ytety\u00f6nohjaaja, opettajatutor, opettajat, opettajatutorit, opinto-ohjaajat, opiskelijapalvelut sek\u00e4 muut ohjauksen henkil\u00f6t voivat ehdottaa\/luoda tapaamisajan yksitt\u00e4iselle opiskelijalle tai opiskelijaryhm\u00e4lle. Klikkaa opiskelijan ty\u00f6p\u00f6yd\u00e4ll\u00e4 Tapaamisajat-linkki\u00e4 niin p\u00e4\u00e4set n\u00e4kem\u00e4\u00e4n, ketk\u00e4 ovat luoneet tapaamisaikoja. Tarjolla olevat tapaamisajat Tapaamisajat listautuvat tapaamista ehdottavan henkil\u00f6n nimen alle: Tavattavan henkil\u00f6n nime\u00e4 klikkaamalla avautuu tarkemmat tiedot tapaamisesta Tapaamisen vahvistaminen Tapaaminen siirtyy kalenteriisi: Tapaaminen synkronoituu my\u00f6s Outlook-kalenteriisi, [&hellip;]<\/p>\n","protected":false},"author":76,"featured_media":0,"parent":2560,"menu_order":2,"comment_status":"closed","ping_status":"closed","template":"","meta":{"_acf_changed":false,"_relevanssi_hide_post":"","_relevanssi_hide_content":"","_relevanssi_pin_for_all":"","_relevanssi_pin_keywords":"","_relevanssi_unpin_keywords":"","_relevanssi_related_keywords":"","_relevanssi_related_include_ids":"","_relevanssi_related_exclude_ids":"","_relevanssi_related_no_append":"","_relevanssi_related_not_related":"","_relevanssi_related_posts":"","_relevanssi_noindex_reason":"","footnotes":""},"categories":[1],"tags":[],"class_list":["post-2559","page","type-page","status-publish","hentry","category-uncategorised"],"acf":[],"yoast_head":"<!-- This site is optimized with the Yoast SEO plugin v27.4 - https:\/\/yoast.com\/product\/yoast-seo-wordpress\/ -->\n<title>Tapaamisajat - Peppi<\/title>\n<meta name=\"robots\" content=\"index, follow, max-snippet:-1, max-image-preview:large, max-video-preview:-1\" \/>\n<link rel=\"canonical\" href=\"https:\/\/help.jamk.fi\/peppi\/fi\/kalenteri\/tapaamisajat\/\" \/>\n<meta property=\"og:locale\" content=\"fi_FI\" \/>\n<meta property=\"og:type\" content=\"article\" \/>\n<meta property=\"og:title\" content=\"Tapaamisajat - Peppi\" \/>\n<meta property=\"og:description\" content=\"Opinn\u00e4ytety\u00f6nohjaaja, opettajatutor, opettajat, opettajatutorit, opinto-ohjaajat, opiskelijapalvelut sek\u00e4 muut ohjauksen henkil\u00f6t voivat ehdottaa\/luoda tapaamisajan yksitt\u00e4iselle opiskelijalle tai opiskelijaryhm\u00e4lle. Klikkaa opiskelijan ty\u00f6p\u00f6yd\u00e4ll\u00e4 Tapaamisajat-linkki\u00e4 niin p\u00e4\u00e4set n\u00e4kem\u00e4\u00e4n, ketk\u00e4 ovat luoneet tapaamisaikoja. Tarjolla olevat tapaamisajat Tapaamisajat listautuvat tapaamista ehdottavan henkil\u00f6n nimen alle: Tavattavan henkil\u00f6n nime\u00e4 klikkaamalla avautuu tarkemmat tiedot tapaamisesta Tapaamisen vahvistaminen Tapaaminen siirtyy kalenteriisi: Tapaaminen synkronoituu my\u00f6s Outlook-kalenteriisi, [&hellip;]\" \/>\n<meta property=\"og:url\" content=\"https:\/\/help.jamk.fi\/peppi\/fi\/kalenteri\/tapaamisajat\/\" \/>\n<meta property=\"og:site_name\" content=\"Peppi\" \/>\n<meta property=\"article:modified_time\" content=\"2024-01-19T12:58:08+00:00\" \/>\n<meta property=\"og:image\" content=\"https:\/\/help.jamk.fi\/peppi\/wp-content\/uploads\/sites\/130\/2020\/02\/Opettajan-tapaamisajat.jpg\" \/>\n<meta name=\"twitter:card\" content=\"summary_large_image\" \/>\n<meta name=\"twitter:label1\" content=\"Arvioitu lukuaika\" \/>\n\t<meta name=\"twitter:data1\" content=\"2 minuuttia\" \/>\n<script type=\"application\/ld+json\" class=\"yoast-schema-graph\">{\"@context\":\"https:\\\/\\\/schema.org\",\"@graph\":[{\"@type\":\"WebPage\",\"@id\":\"https:\\\/\\\/help.jamk.fi\\\/peppi\\\/fi\\\/kalenteri\\\/tapaamisajat\\\/\",\"url\":\"https:\\\/\\\/help.jamk.fi\\\/peppi\\\/fi\\\/kalenteri\\\/tapaamisajat\\\/\",\"name\":\"Tapaamisajat - Peppi\",\"isPartOf\":{\"@id\":\"https:\\\/\\\/help.jamk.fi\\\/peppi\\\/#website\"},\"primaryImageOfPage\":{\"@id\":\"https:\\\/\\\/help.jamk.fi\\\/peppi\\\/fi\\\/kalenteri\\\/tapaamisajat\\\/#primaryimage\"},\"image\":{\"@id\":\"https:\\\/\\\/help.jamk.fi\\\/peppi\\\/fi\\\/kalenteri\\\/tapaamisajat\\\/#primaryimage\"},\"thumbnailUrl\":\"https:\\\/\\\/help.jamk.fi\\\/peppi\\\/wp-content\\\/uploads\\\/sites\\\/130\\\/2020\\\/02\\\/Opettajan-tapaamisajat.jpg\",\"datePublished\":\"2020-03-23T09:35:02+00:00\",\"dateModified\":\"2024-01-19T12:58:08+00:00\",\"breadcrumb\":{\"@id\":\"https:\\\/\\\/help.jamk.fi\\\/peppi\\\/fi\\\/kalenteri\\\/tapaamisajat\\\/#breadcrumb\"},\"inLanguage\":\"fi\",\"potentialAction\":[{\"@type\":\"ReadAction\",\"target\":[\"https:\\\/\\\/help.jamk.fi\\\/peppi\\\/fi\\\/kalenteri\\\/tapaamisajat\\\/\"]}]},{\"@type\":\"ImageObject\",\"inLanguage\":\"fi\",\"@id\":\"https:\\\/\\\/help.jamk.fi\\\/peppi\\\/fi\\\/kalenteri\\\/tapaamisajat\\\/#primaryimage\",\"url\":\"https:\\\/\\\/help.jamk.fi\\\/peppi\\\/wp-content\\\/uploads\\\/sites\\\/130\\\/2020\\\/02\\\/Opettajan-tapaamisajat.jpg\",\"contentUrl\":\"https:\\\/\\\/help.jamk.fi\\\/peppi\\\/wp-content\\\/uploads\\\/sites\\\/130\\\/2020\\\/02\\\/Opettajan-tapaamisajat.jpg\",\"width\":640,\"height\":204,\"caption\":\"Kuva tapaamisaikojen listauksesta henkil\u00f6n mukaan\"},{\"@type\":\"BreadcrumbList\",\"@id\":\"https:\\\/\\\/help.jamk.fi\\\/peppi\\\/fi\\\/kalenteri\\\/tapaamisajat\\\/#breadcrumb\",\"itemListElement\":[{\"@type\":\"ListItem\",\"position\":1,\"name\":\"Home\",\"item\":\"https:\\\/\\\/help.jamk.fi\\\/peppi\\\/fi\\\/\"},{\"@type\":\"ListItem\",\"position\":2,\"name\":\"Kalenteri\",\"item\":\"https:\\\/\\\/help.jamk.fi\\\/peppi\\\/fi\\\/kalenteri\\\/\"},{\"@type\":\"ListItem\",\"position\":3,\"name\":\"Tapaamisajat\"}]},{\"@type\":\"WebSite\",\"@id\":\"https:\\\/\\\/help.jamk.fi\\\/peppi\\\/#website\",\"url\":\"https:\\\/\\\/help.jamk.fi\\\/peppi\\\/\",\"name\":\"Peppi\",\"description\":\"\",\"potentialAction\":[{\"@type\":\"SearchAction\",\"target\":{\"@type\":\"EntryPoint\",\"urlTemplate\":\"https:\\\/\\\/help.jamk.fi\\\/peppi\\\/?s={search_term_string}\"},\"query-input\":{\"@type\":\"PropertyValueSpecification\",\"valueRequired\":true,\"valueName\":\"search_term_string\"}}],\"inLanguage\":\"fi\"}]}<\/script>\n<!-- \/ Yoast SEO plugin. -->","yoast_head_json":{"title":"Tapaamisajat - Peppi","robots":{"index":"index","follow":"follow","max-snippet":"max-snippet:-1","max-image-preview":"max-image-preview:large","max-video-preview":"max-video-preview:-1"},"canonical":"https:\/\/help.jamk.fi\/peppi\/fi\/kalenteri\/tapaamisajat\/","og_locale":"fi_FI","og_type":"article","og_title":"Tapaamisajat - Peppi","og_description":"Opinn\u00e4ytety\u00f6nohjaaja, opettajatutor, opettajat, opettajatutorit, opinto-ohjaajat, opiskelijapalvelut sek\u00e4 muut ohjauksen henkil\u00f6t voivat ehdottaa\/luoda tapaamisajan yksitt\u00e4iselle opiskelijalle tai opiskelijaryhm\u00e4lle. Klikkaa opiskelijan ty\u00f6p\u00f6yd\u00e4ll\u00e4 Tapaamisajat-linkki\u00e4 niin p\u00e4\u00e4set n\u00e4kem\u00e4\u00e4n, ketk\u00e4 ovat luoneet tapaamisaikoja. Tarjolla olevat tapaamisajat Tapaamisajat listautuvat tapaamista ehdottavan henkil\u00f6n nimen alle: Tavattavan henkil\u00f6n nime\u00e4 klikkaamalla avautuu tarkemmat tiedot tapaamisesta Tapaamisen vahvistaminen Tapaaminen siirtyy kalenteriisi: Tapaaminen synkronoituu my\u00f6s Outlook-kalenteriisi, [&hellip;]","og_url":"https:\/\/help.jamk.fi\/peppi\/fi\/kalenteri\/tapaamisajat\/","og_site_name":"Peppi","article_modified_time":"2024-01-19T12:58:08+00:00","og_image":[{"url":"https:\/\/help.jamk.fi\/peppi\/wp-content\/uploads\/sites\/130\/2020\/02\/Opettajan-tapaamisajat.jpg","type":"","width":"","height":""}],"twitter_card":"summary_large_image","twitter_misc":{"Arvioitu lukuaika":"2 minuuttia"},"schema":{"@context":"https:\/\/schema.org","@graph":[{"@type":"WebPage","@id":"https:\/\/help.jamk.fi\/peppi\/fi\/kalenteri\/tapaamisajat\/","url":"https:\/\/help.jamk.fi\/peppi\/fi\/kalenteri\/tapaamisajat\/","name":"Tapaamisajat - Peppi","isPartOf":{"@id":"https:\/\/help.jamk.fi\/peppi\/#website"},"primaryImageOfPage":{"@id":"https:\/\/help.jamk.fi\/peppi\/fi\/kalenteri\/tapaamisajat\/#primaryimage"},"image":{"@id":"https:\/\/help.jamk.fi\/peppi\/fi\/kalenteri\/tapaamisajat\/#primaryimage"},"thumbnailUrl":"https:\/\/help.jamk.fi\/peppi\/wp-content\/uploads\/sites\/130\/2020\/02\/Opettajan-tapaamisajat.jpg","datePublished":"2020-03-23T09:35:02+00:00","dateModified":"2024-01-19T12:58:08+00:00","breadcrumb":{"@id":"https:\/\/help.jamk.fi\/peppi\/fi\/kalenteri\/tapaamisajat\/#breadcrumb"},"inLanguage":"fi","potentialAction":[{"@type":"ReadAction","target":["https:\/\/help.jamk.fi\/peppi\/fi\/kalenteri\/tapaamisajat\/"]}]},{"@type":"ImageObject","inLanguage":"fi","@id":"https:\/\/help.jamk.fi\/peppi\/fi\/kalenteri\/tapaamisajat\/#primaryimage","url":"https:\/\/help.jamk.fi\/peppi\/wp-content\/uploads\/sites\/130\/2020\/02\/Opettajan-tapaamisajat.jpg","contentUrl":"https:\/\/help.jamk.fi\/peppi\/wp-content\/uploads\/sites\/130\/2020\/02\/Opettajan-tapaamisajat.jpg","width":640,"height":204,"caption":"Kuva tapaamisaikojen listauksesta henkil\u00f6n mukaan"},{"@type":"BreadcrumbList","@id":"https:\/\/help.jamk.fi\/peppi\/fi\/kalenteri\/tapaamisajat\/#breadcrumb","itemListElement":[{"@type":"ListItem","position":1,"name":"Home","item":"https:\/\/help.jamk.fi\/peppi\/fi\/"},{"@type":"ListItem","position":2,"name":"Kalenteri","item":"https:\/\/help.jamk.fi\/peppi\/fi\/kalenteri\/"},{"@type":"ListItem","position":3,"name":"Tapaamisajat"}]},{"@type":"WebSite","@id":"https:\/\/help.jamk.fi\/peppi\/#website","url":"https:\/\/help.jamk.fi\/peppi\/","name":"Peppi","description":"","potentialAction":[{"@type":"SearchAction","target":{"@type":"EntryPoint","urlTemplate":"https:\/\/help.jamk.fi\/peppi\/?s={search_term_string}"},"query-input":{"@type":"PropertyValueSpecification","valueRequired":true,"valueName":"search_term_string"}}],"inLanguage":"fi"}]}},"_links":{"self":[{"href":"https:\/\/help.jamk.fi\/peppi\/wp-json\/wp\/v2\/pages\/2559","targetHints":{"allow":["GET"]}}],"collection":[{"href":"https:\/\/help.jamk.fi\/peppi\/wp-json\/wp\/v2\/pages"}],"about":[{"href":"https:\/\/help.jamk.fi\/peppi\/wp-json\/wp\/v2\/types\/page"}],"author":[{"embeddable":true,"href":"https:\/\/help.jamk.fi\/peppi\/wp-json\/wp\/v2\/users\/76"}],"replies":[{"embeddable":true,"href":"https:\/\/help.jamk.fi\/peppi\/wp-json\/wp\/v2\/comments?post=2559"}],"version-history":[{"count":4,"href":"https:\/\/help.jamk.fi\/peppi\/wp-json\/wp\/v2\/pages\/2559\/revisions"}],"predecessor-version":[{"id":3107,"href":"https:\/\/help.jamk.fi\/peppi\/wp-json\/wp\/v2\/pages\/2559\/revisions\/3107"}],"up":[{"embeddable":true,"href":"https:\/\/help.jamk.fi\/peppi\/wp-json\/wp\/v2\/pages\/2560"}],"wp:attachment":[{"href":"https:\/\/help.jamk.fi\/peppi\/wp-json\/wp\/v2\/media?parent=2559"}],"wp:term":[{"taxonomy":"category","embeddable":true,"href":"https:\/\/help.jamk.fi\/peppi\/wp-json\/wp\/v2\/categories?post=2559"},{"taxonomy":"post_tag","embeddable":true,"href":"https:\/\/help.jamk.fi\/peppi\/wp-json\/wp\/v2\/tags?post=2559"}],"curies":[{"name":"wp","href":"https:\/\/api.w.org\/{rel}","templated":true}]}}