{"id":2560,"date":"2020-02-03T13:22:26","date_gmt":"2020-02-03T11:22:26","guid":{"rendered":"https:\/\/help.jamk.fi\/peppi\/kalenteri\/"},"modified":"2025-09-09T11:09:57","modified_gmt":"2025-09-09T08:09:57","slug":"kalenteri","status":"publish","type":"page","link":"https:\/\/help.jamk.fi\/peppi\/fi\/kalenteri\/","title":{"rendered":"Kalenteri"},"content":{"rendered":"\n<p>Pepiss\u00e4 on kolmenlaisia kalenteritoimintoja opiskelijalle: <a href=\"https:\/\/help.jamk.fi\/peppi\/kalenteri\/tilavaraukset\/\">tilavaraukset<\/a>, <a href=\"https:\/\/help.jamk.fi\/peppi\/kalenteri\/lukkarikone\/\">lukkarikone<\/a> sek\u00e4 <a href=\"https:\/\/help.jamk.fi\/peppi\/kalenteri\/tapaamisajat\/\">tapaamisajat<\/a>. <a data-type=\"page\" data-id=\"1690\" href=\"https:\/\/help.jamk.fi\/peppi\/kalenteri\/tuudon-kalenteritoiminnot\/\">Lis\u00e4ksi n\u00e4et Tuudo-sovelluksesta tilojen kalenterit sek\u00e4 lukuj\u00e4rjestyksesi<\/a>, jos toteutukselle on tehty lukuj\u00e4rjestys. Tuudosta voit my\u00f6s selata tilojen varauskalentereita ja varata tiloja, jos sinulla on varausoikeudet. Jos Pepiss\u00e4 on huoltokatko, voit tarkistaa lukuj\u00e4rjestyksesi Tuudosta.<\/p>\n\n\n\n\n\n<p>Jos haluat suunnitella lukuj\u00e4rjestyksi\u00e4si, voit tehd\u00e4 sit\u00e4 useammalla tavalla. <a href=\"https:\/\/help.jamk.fi\/peppi\/fi\/kalenteri\/lukkarikone\/\">Voit etsi\u00e4 eri toteutusten aikatauluja lukkarikoneessa<\/a> ja katsoa, sopivatko ne esimerkiksi yhteen ryhm\u00e4si oletuslukuj\u00e4rjestyksen kanssa. Lukkarikone n\u00e4ytt\u00e4\u00e4 toteutuksen lukuj\u00e4rjestyksen, jos toteutukselle on tehty varauksia.<\/p>\n\n\n\n<p>Pepin tilavarauskalenterista n\u00e4et opintojaksototeutusten ja ryhmien lukuj\u00e4rjestykset, mik\u00e4li niille on tehty varauksia. Lis\u00e4ksi n\u00e4et tilojen sek\u00e4 opettajien kalenterin opetustapahtumat. <\/p>\n\n\n\n<p>Saat lukuj\u00e4rjestyksesi n\u00e4kym\u00e4\u00e4n kalenterissasi, kun klikkaat <em>Toteutukset<\/em>-kent\u00e4n oikeassa yl\u00e4kulmassa olevaa <em>Omat toteutukset<\/em> -painiketta. Kalenterissa n\u00e4kyy niiden toteutusten lukuj\u00e4rjestys, joille olet ilmoittautunut ja joille on tehty lukuj\u00e4rjestys.<\/p>\n\n\n\n<figure class=\"wp-block-image size-full\"><img loading=\"lazy\" decoding=\"async\" width=\"640\" height=\"108\" src=\"https:\/\/help.jamk.fi\/peppi\/wp-content\/uploads\/sites\/130\/2022\/04\/Omat-toteutukset.jpg\" alt=\"Omien toteutusten lukuj\u00e4rjestys n\u00e4kyy klikkaamalla Omat toteutukset -painiketta\" class=\"wp-image-1627\"\/><\/figure>\n\n\n\n<hr class=\"wp-block-separator has-css-opacity\"\/>\n\n\n\n<p>Jos toteutus on verkkototeutus, sille ei v\u00e4ltt\u00e4m\u00e4tt\u00e4 ole tehty lukuj\u00e4rjestyst\u00e4. Jos verkkototeutukseen kuuluu aikataulutettuja webinaareja, ne on yleens\u00e4 lukuj\u00e4rjestyksiss\u00e4. Jos n\u00e4in ei ole, ota yhteytt\u00e4 toteutuksen opettajaan, jotta webinaarit saadaan lis\u00e4tty\u00e4 lukuj\u00e4rjestykseen.<\/p>\n\n\n\n<figure class=\"wp-block-image size-full\"><img loading=\"lazy\" decoding=\"async\" width=\"640\" height=\"125\" src=\"https:\/\/help.jamk.fi\/peppi\/wp-content\/uploads\/sites\/130\/2022\/01\/Pienryhma_ilmo.png\" alt=\"Ilmoittautumiset valikosta n\u00e4kee pienryhm\u00e4n\" class=\"wp-image-1527\"\/><\/figure>\n\n\n\n<p>Voit piilottaa v\u00e4\u00e4rien pienryhmien varaukset lukkarikoneen ja Tuudon kalentereista. Etsi haluamasi varaukset, klikkaa varausta ja klikkaa Piilota tapahtuma -painiketta. Pepin kalenterista et voi poistaa etk\u00e4 piilottaa v\u00e4\u00e4rien pienryhmien varauksia. Jos olet synkronoinut Pepin varaukset Outlookiin, voit poistaa v\u00e4\u00e4rien pienryhmien varaukset sielt\u00e4 k\u00e4sin.<\/p>\n\n\n\n<h2 class=\"wp-block-heading\">Lukuj\u00e4rjestysten synkronointi<\/h2>\n\n\n\n<p>Kun klikkaat sivun yl\u00e4osasta <em>Kalenteri<\/em> ja sielt\u00e4 <em>Asetukset<\/em>, voit m\u00e4\u00e4ritell\u00e4, haluatko j\u00e4rjestelm\u00e4\u00e4n sy\u00f6tettyjen toteutus- ja ryhm\u00e4varausten siirtyv\u00e4n suoraan Outlook-kalenteriisi. Voit m\u00e4\u00e4ritell\u00e4, siirtyv\u00e4tk\u00f6 Outlookiisi ne toteutukset, joille olet ilmoittautunut, ryhm\u00e4si kaikki opetusvaraukset vai ryhm\u00e4si kaikki varaukset. Voit valita useamman valinnan yht\u00e4 aikaa. <em>Jos olen liitetty varaukseen henkil\u00f6t\/opettajat -kent\u00e4n kautta &#8211; muut kuin opetukseen liittyv\u00e4t varaukset<\/em> -valinta synkronoi itse tekem\u00e4si varaukset my\u00f6s<\/p>\n\n\n\n<p>Huom! Outlookista poistettua varausta ei saa takaisin n\u00e4kym\u00e4\u00e4n Outlookissa ellei kyseisen varauksen tekij\u00e4 poista varausta Pepist\u00e4 ja tee sit\u00e4 sen j\u00e4lkeen kokonaan uudestaan.<\/p>\n\n\n\n<p>Tuudo-sovelluksesta n\u00e4et ilmoittautumisesi perusteella olevan lukuj\u00e4rjestyksen.<\/p>\n\n\n\n<p>Huomioithan, ett\u00e4 Pepiss\u00e4 opettajien kalenterit eiv\u00e4t ole ajan tasalla, koska Peppi-kalenterissa on vain opetustapahtumat, eik\u00e4 esimerkiksi palaveriaikoja. K\u00e4yt\u00e4 mieluummin Outlook-kalenterin toimintoja, kun haluat selvitt\u00e4\u00e4 opettajan varatut ja varaamattomat ajat.<\/p>\n\n\n\n<figure class=\"wp-block-image\"><img loading=\"lazy\" decoding=\"async\" width=\"640\" height=\"241\" src=\"https:\/\/help.jamk.fi\/peppi\/wp-content\/uploads\/sites\/130\/2020\/02\/Outlook-synkka_opiskelijat.jpg\" alt=\"Outlooksynkronoinnin vaihtoehdot\" class=\"wp-image-12\"\/><\/figure>\n\n\n\n<p><iframe loading=\"lazy\" style=\"border: 1px solid #464646;\" src=\"https:\/\/panopto.jamk.fi\/Panopto\/Pages\/Embed.aspx?id=4f1e5378-e3f2-4a59-b7c4-ad0f005665c3&amp;autoplay=false&amp;offerviewer=true&amp;showtitle=true&amp;showbrand=false&amp;start=0&amp;interactivity=all\" allowfullscreen=\"allowfullscreen\" width=\"720\" height=\"405\"><\/iframe><\/p>\n\n\n\n<p>Opiskelijat voivat selata tilakalentereita, mutta eiv\u00e4t voi tehd\u00e4 varauksia. Varauksia voivat tehd\u00e4 seuraavat opiskelijaryhm\u00e4t:<\/p>\n\n\n\n<ul class=\"wp-block-list\">\n<li>Musiikin opiskelijat voivat varata harjoittelutiloja. <a href=\"https:\/\/help.jamk.fi\/peppi\/kalenteri\/musiikkikampuksen-tilavarausohjeet\/\">Tarkemmat tiedot varattavista tiloista on t\u00e4\u00e4ll\u00e4<\/a>.<\/li>\n\n\n\n<li>Logistiikan opiskelijat voivat varata logistiikkalaboratoriota opintoihin liittyvi\u00e4 harjoituksia varten.<\/li>\n\n\n\n<li>Tiimiakatemian opiskelijat voivat varata Tiimiakatemian tiloja.<\/li>\n<\/ul>\n\n\n\n<p><iframe loading=\"lazy\" style=\"padding: 0px; border: 1px solid #464646;\" src=\"https:\/\/panopto.jamk.fi\/Panopto\/Pages\/Embed.aspx?id=4f60fc8a-6e44-4878-bb5a-abb800a2b568&amp;v=1\" allowfullscreen=\"allowfullscreen\" width=\"720\" height=\"405\" frameborder=\"0\"><\/iframe><\/p>\n","protected":false},"excerpt":{"rendered":"<p>Pepiss\u00e4 on kolmenlaisia kalenteritoimintoja opiskelijalle: tilavaraukset, lukkarikone sek\u00e4 tapaamisajat. Lis\u00e4ksi n\u00e4et Tuudo-sovelluksesta tilojen kalenterit sek\u00e4 lukuj\u00e4rjestyksesi, jos toteutukselle on tehty lukuj\u00e4rjestys. Tuudosta voit my\u00f6s selata tilojen varauskalentereita ja varata tiloja, jos sinulla on varausoikeudet. Jos Pepiss\u00e4 on huoltokatko, voit tarkistaa lukuj\u00e4rjestyksesi Tuudosta. Jos haluat suunnitella lukuj\u00e4rjestyksi\u00e4si, voit tehd\u00e4 sit\u00e4 useammalla tavalla. Voit etsi\u00e4 eri toteutusten [&hellip;]<\/p>\n","protected":false},"author":76,"featured_media":0,"parent":0,"menu_order":4,"comment_status":"closed","ping_status":"closed","template":"","meta":{"_acf_changed":false,"_relevanssi_hide_post":"","_relevanssi_hide_content":"","_relevanssi_pin_for_all":"","_relevanssi_pin_keywords":"kalenteri, peppi-kalenteri, lukuj\u00e4rjestys, lukkari","_relevanssi_unpin_keywords":"","_relevanssi_related_keywords":"","_relevanssi_related_include_ids":"","_relevanssi_related_exclude_ids":"","_relevanssi_related_no_append":"","_relevanssi_related_not_related":"","_relevanssi_related_posts":"","_relevanssi_noindex_reason":"","footnotes":""},"categories":[1],"tags":[],"class_list":["post-2560","page","type-page","status-publish","hentry","category-uncategorised"],"acf":[],"yoast_head":"<!-- This site is optimized with the Yoast SEO plugin v27.4 - https:\/\/yoast.com\/product\/yoast-seo-wordpress\/ -->\n<title>Kalenteri - Peppi<\/title>\n<meta name=\"robots\" content=\"index, follow, max-snippet:-1, max-image-preview:large, max-video-preview:-1\" \/>\n<link rel=\"canonical\" href=\"https:\/\/help.jamk.fi\/peppi\/fi\/kalenteri\/\" \/>\n<meta property=\"og:locale\" content=\"fi_FI\" \/>\n<meta property=\"og:type\" content=\"article\" \/>\n<meta property=\"og:title\" content=\"Kalenteri - Peppi\" \/>\n<meta property=\"og:description\" content=\"Pepiss\u00e4 on kolmenlaisia kalenteritoimintoja opiskelijalle: tilavaraukset, lukkarikone sek\u00e4 tapaamisajat. Lis\u00e4ksi n\u00e4et Tuudo-sovelluksesta tilojen kalenterit sek\u00e4 lukuj\u00e4rjestyksesi, jos toteutukselle on tehty lukuj\u00e4rjestys. Tuudosta voit my\u00f6s selata tilojen varauskalentereita ja varata tiloja, jos sinulla on varausoikeudet. Jos Pepiss\u00e4 on huoltokatko, voit tarkistaa lukuj\u00e4rjestyksesi Tuudosta. Jos haluat suunnitella lukuj\u00e4rjestyksi\u00e4si, voit tehd\u00e4 sit\u00e4 useammalla tavalla. Voit etsi\u00e4 eri toteutusten [&hellip;]\" \/>\n<meta property=\"og:url\" content=\"https:\/\/help.jamk.fi\/peppi\/fi\/kalenteri\/\" \/>\n<meta property=\"og:site_name\" content=\"Peppi\" \/>\n<meta property=\"article:modified_time\" content=\"2025-09-09T08:09:57+00:00\" \/>\n<meta property=\"og:image\" content=\"https:\/\/help.jamk.fi\/peppi\/wp-content\/uploads\/sites\/130\/2020\/02\/Outlook-synkka_opiskelijat.jpg\" \/>\n<meta name=\"twitter:card\" content=\"summary_large_image\" \/>\n<meta name=\"twitter:label1\" content=\"Arvioitu lukuaika\" \/>\n\t<meta name=\"twitter:data1\" content=\"5 minuuttia\" \/>\n<script type=\"application\/ld+json\" class=\"yoast-schema-graph\">{\"@context\":\"https:\\\/\\\/schema.org\",\"@graph\":[{\"@type\":\"WebPage\",\"@id\":\"https:\\\/\\\/help.jamk.fi\\\/peppi\\\/fi\\\/kalenteri\\\/\",\"url\":\"https:\\\/\\\/help.jamk.fi\\\/peppi\\\/fi\\\/kalenteri\\\/\",\"name\":\"Kalenteri - Peppi\",\"isPartOf\":{\"@id\":\"https:\\\/\\\/help.jamk.fi\\\/peppi\\\/#website\"},\"primaryImageOfPage\":{\"@id\":\"https:\\\/\\\/help.jamk.fi\\\/peppi\\\/fi\\\/kalenteri\\\/#primaryimage\"},\"image\":{\"@id\":\"https:\\\/\\\/help.jamk.fi\\\/peppi\\\/fi\\\/kalenteri\\\/#primaryimage\"},\"thumbnailUrl\":\"https:\\\/\\\/help.jamk.fi\\\/peppi\\\/wp-content\\\/uploads\\\/sites\\\/130\\\/2020\\\/02\\\/Outlook-synkka_opiskelijat.jpg\",\"datePublished\":\"2020-02-03T11:22:26+00:00\",\"dateModified\":\"2025-09-09T08:09:57+00:00\",\"breadcrumb\":{\"@id\":\"https:\\\/\\\/help.jamk.fi\\\/peppi\\\/fi\\\/kalenteri\\\/#breadcrumb\"},\"inLanguage\":\"fi\",\"potentialAction\":[{\"@type\":\"ReadAction\",\"target\":[\"https:\\\/\\\/help.jamk.fi\\\/peppi\\\/fi\\\/kalenteri\\\/\"]}]},{\"@type\":\"ImageObject\",\"inLanguage\":\"fi\",\"@id\":\"https:\\\/\\\/help.jamk.fi\\\/peppi\\\/fi\\\/kalenteri\\\/#primaryimage\",\"url\":\"https:\\\/\\\/help.jamk.fi\\\/peppi\\\/wp-content\\\/uploads\\\/sites\\\/130\\\/2020\\\/02\\\/Outlook-synkka_opiskelijat.jpg\",\"contentUrl\":\"https:\\\/\\\/help.jamk.fi\\\/peppi\\\/wp-content\\\/uploads\\\/sites\\\/130\\\/2020\\\/02\\\/Outlook-synkka_opiskelijat.jpg\",\"width\":640,\"height\":241,\"caption\":\"Outlooksynkronoinnin vaihtoehdot\"},{\"@type\":\"BreadcrumbList\",\"@id\":\"https:\\\/\\\/help.jamk.fi\\\/peppi\\\/fi\\\/kalenteri\\\/#breadcrumb\",\"itemListElement\":[{\"@type\":\"ListItem\",\"position\":1,\"name\":\"Home\",\"item\":\"https:\\\/\\\/help.jamk.fi\\\/peppi\\\/fi\\\/\"},{\"@type\":\"ListItem\",\"position\":2,\"name\":\"Kalenteri\"}]},{\"@type\":\"WebSite\",\"@id\":\"https:\\\/\\\/help.jamk.fi\\\/peppi\\\/#website\",\"url\":\"https:\\\/\\\/help.jamk.fi\\\/peppi\\\/\",\"name\":\"Peppi\",\"description\":\"\",\"potentialAction\":[{\"@type\":\"SearchAction\",\"target\":{\"@type\":\"EntryPoint\",\"urlTemplate\":\"https:\\\/\\\/help.jamk.fi\\\/peppi\\\/?s={search_term_string}\"},\"query-input\":{\"@type\":\"PropertyValueSpecification\",\"valueRequired\":true,\"valueName\":\"search_term_string\"}}],\"inLanguage\":\"fi\"}]}<\/script>\n<!-- \/ Yoast SEO plugin. -->","yoast_head_json":{"title":"Kalenteri - Peppi","robots":{"index":"index","follow":"follow","max-snippet":"max-snippet:-1","max-image-preview":"max-image-preview:large","max-video-preview":"max-video-preview:-1"},"canonical":"https:\/\/help.jamk.fi\/peppi\/fi\/kalenteri\/","og_locale":"fi_FI","og_type":"article","og_title":"Kalenteri - Peppi","og_description":"Pepiss\u00e4 on kolmenlaisia kalenteritoimintoja opiskelijalle: tilavaraukset, lukkarikone sek\u00e4 tapaamisajat. Lis\u00e4ksi n\u00e4et Tuudo-sovelluksesta tilojen kalenterit sek\u00e4 lukuj\u00e4rjestyksesi, jos toteutukselle on tehty lukuj\u00e4rjestys. Tuudosta voit my\u00f6s selata tilojen varauskalentereita ja varata tiloja, jos sinulla on varausoikeudet. Jos Pepiss\u00e4 on huoltokatko, voit tarkistaa lukuj\u00e4rjestyksesi Tuudosta. Jos haluat suunnitella lukuj\u00e4rjestyksi\u00e4si, voit tehd\u00e4 sit\u00e4 useammalla tavalla. Voit etsi\u00e4 eri toteutusten [&hellip;]","og_url":"https:\/\/help.jamk.fi\/peppi\/fi\/kalenteri\/","og_site_name":"Peppi","article_modified_time":"2025-09-09T08:09:57+00:00","og_image":[{"url":"https:\/\/help.jamk.fi\/peppi\/wp-content\/uploads\/sites\/130\/2020\/02\/Outlook-synkka_opiskelijat.jpg","type":"","width":"","height":""}],"twitter_card":"summary_large_image","twitter_misc":{"Arvioitu lukuaika":"5 minuuttia"},"schema":{"@context":"https:\/\/schema.org","@graph":[{"@type":"WebPage","@id":"https:\/\/help.jamk.fi\/peppi\/fi\/kalenteri\/","url":"https:\/\/help.jamk.fi\/peppi\/fi\/kalenteri\/","name":"Kalenteri - Peppi","isPartOf":{"@id":"https:\/\/help.jamk.fi\/peppi\/#website"},"primaryImageOfPage":{"@id":"https:\/\/help.jamk.fi\/peppi\/fi\/kalenteri\/#primaryimage"},"image":{"@id":"https:\/\/help.jamk.fi\/peppi\/fi\/kalenteri\/#primaryimage"},"thumbnailUrl":"https:\/\/help.jamk.fi\/peppi\/wp-content\/uploads\/sites\/130\/2020\/02\/Outlook-synkka_opiskelijat.jpg","datePublished":"2020-02-03T11:22:26+00:00","dateModified":"2025-09-09T08:09:57+00:00","breadcrumb":{"@id":"https:\/\/help.jamk.fi\/peppi\/fi\/kalenteri\/#breadcrumb"},"inLanguage":"fi","potentialAction":[{"@type":"ReadAction","target":["https:\/\/help.jamk.fi\/peppi\/fi\/kalenteri\/"]}]},{"@type":"ImageObject","inLanguage":"fi","@id":"https:\/\/help.jamk.fi\/peppi\/fi\/kalenteri\/#primaryimage","url":"https:\/\/help.jamk.fi\/peppi\/wp-content\/uploads\/sites\/130\/2020\/02\/Outlook-synkka_opiskelijat.jpg","contentUrl":"https:\/\/help.jamk.fi\/peppi\/wp-content\/uploads\/sites\/130\/2020\/02\/Outlook-synkka_opiskelijat.jpg","width":640,"height":241,"caption":"Outlooksynkronoinnin vaihtoehdot"},{"@type":"BreadcrumbList","@id":"https:\/\/help.jamk.fi\/peppi\/fi\/kalenteri\/#breadcrumb","itemListElement":[{"@type":"ListItem","position":1,"name":"Home","item":"https:\/\/help.jamk.fi\/peppi\/fi\/"},{"@type":"ListItem","position":2,"name":"Kalenteri"}]},{"@type":"WebSite","@id":"https:\/\/help.jamk.fi\/peppi\/#website","url":"https:\/\/help.jamk.fi\/peppi\/","name":"Peppi","description":"","potentialAction":[{"@type":"SearchAction","target":{"@type":"EntryPoint","urlTemplate":"https:\/\/help.jamk.fi\/peppi\/?s={search_term_string}"},"query-input":{"@type":"PropertyValueSpecification","valueRequired":true,"valueName":"search_term_string"}}],"inLanguage":"fi"}]}},"_links":{"self":[{"href":"https:\/\/help.jamk.fi\/peppi\/wp-json\/wp\/v2\/pages\/2560","targetHints":{"allow":["GET"]}}],"collection":[{"href":"https:\/\/help.jamk.fi\/peppi\/wp-json\/wp\/v2\/pages"}],"about":[{"href":"https:\/\/help.jamk.fi\/peppi\/wp-json\/wp\/v2\/types\/page"}],"author":[{"embeddable":true,"href":"https:\/\/help.jamk.fi\/peppi\/wp-json\/wp\/v2\/users\/76"}],"replies":[{"embeddable":true,"href":"https:\/\/help.jamk.fi\/peppi\/wp-json\/wp\/v2\/comments?post=2560"}],"version-history":[{"count":11,"href":"https:\/\/help.jamk.fi\/peppi\/wp-json\/wp\/v2\/pages\/2560\/revisions"}],"predecessor-version":[{"id":3682,"href":"https:\/\/help.jamk.fi\/peppi\/wp-json\/wp\/v2\/pages\/2560\/revisions\/3682"}],"wp:attachment":[{"href":"https:\/\/help.jamk.fi\/peppi\/wp-json\/wp\/v2\/media?parent=2560"}],"wp:term":[{"taxonomy":"category","embeddable":true,"href":"https:\/\/help.jamk.fi\/peppi\/wp-json\/wp\/v2\/categories?post=2560"},{"taxonomy":"post_tag","embeddable":true,"href":"https:\/\/help.jamk.fi\/peppi\/wp-json\/wp\/v2\/tags?post=2560"}],"curies":[{"name":"wp","href":"https:\/\/api.w.org\/{rel}","templated":true}]}}