{"id":2562,"date":"2020-02-04T06:51:06","date_gmt":"2020-02-04T04:51:06","guid":{"rendered":"https:\/\/help.jamk.fi\/peppi\/kalenteri\/tilavaraukset\/"},"modified":"2025-09-09T11:11:19","modified_gmt":"2025-09-09T08:11:19","slug":"tilavaraukset","status":"publish","type":"page","link":"https:\/\/help.jamk.fi\/peppi\/fi\/kalenteri\/tilavaraukset\/","title":{"rendered":"Tilavarauksien selailu ja kalenteriasetukset"},"content":{"rendered":"\n<p>Pepin tilavarauskalenterista n\u00e4et opintojaksototeutusten ja ryhmien lukuj\u00e4rjestykset, mik\u00e4li niille on tehty varauksia. Lis\u00e4ksi n\u00e4et tilojen sek\u00e4 opettajien kalenterin opetustapahtumat. <strong>N\u00e4et tilavarauksesta my\u00f6s oman lukuj\u00e4rjestyksesi ilmoittautumisesi perusteella, kun klikkaat <em>Omat toteutukset<\/em> -painiketta.<\/strong> N\u00e4et lukuj\u00e4rjestyksen, vaikkei ilmoittautumistasi ole viel\u00e4 hyv\u00e4ksytty toteutukselle. Toteutukselta hylk\u00e4\u00e4minen poistaa toteutuksen lukuj\u00e4rjestyksen kalenteristasi.<\/p>\n\n\n\n<figure class=\"wp-block-image size-full\"><img loading=\"lazy\" decoding=\"async\" width=\"640\" height=\"125\" src=\"https:\/\/help.jamk.fi\/peppi\/wp-content\/uploads\/sites\/130\/2022\/01\/Pienryhma_ilmo.png\" alt=\"Ilmoittautumiset valikosta n\u00e4kee pienryhm\u00e4n\" class=\"wp-image-1527\"\/><\/figure>\n\n\n\n<p>Voit piilottaa v\u00e4\u00e4rien pienryhmien varaukset lukkarikoneen ja Tuudon kalentereista. Etsi haluamasi varaukset, klikkaa varausta ja klikkaa Piilota tapahtuma -painiketta. Pepin kalenterista et voi poistaa etk\u00e4 piilottaa v\u00e4\u00e4rien pienryhmien varauksia. Jos olet synkronoinut Pepin varaukset Outlookiin, voit poistaa v\u00e4\u00e4rien pienryhmien varaukset sielt\u00e4 k\u00e4sin.<\/p>\n\n\n\n<p>Oletuksena kalenteri n\u00e4ytt\u00e4\u00e4 omaa kalenteriasi, johon saat n\u00e4kyviin ne opintojaksot, joille olet ilmoittautunut, sek\u00e4 ne tapaamisajat, jotka olet hyv\u00e4ksynyt.<\/p>\n\n\n\n<h2 class=\"wp-block-heading\">Kalenterin asetukset<\/h2>\n\n\n\n<p>Kun klikkaat sivun yl\u00e4osasta <em>Kalenteri<\/em> ja sielt\u00e4 <em>Asetukset<\/em>, voit m\u00e4\u00e4ritell\u00e4, haluatko j\u00e4rjestelm\u00e4\u00e4n sy\u00f6tettyjen toteutus- ja ryhm\u00e4varausten siirtyv\u00e4n suoraan Outlook-kalenteriisi. Voit m\u00e4\u00e4ritell\u00e4, siirtyv\u00e4tk\u00f6 ne toteutukset, joille olet ilmoittautunut, ryhm\u00e4si kaikki opetusvaraukset vai ryhm\u00e4si kaikki varaukset. Voit valita useamman valinnan yht\u00e4 aikaa. Jos olet valinnut ylimm\u00e4n varauksen, siirtyv\u00e4t omatekem\u00e4si varaukset my\u00f6s.<\/p>\n\n\n\n<p>Huom! Outlookista poistettua varausta ei saa takaisin n\u00e4kym\u00e4\u00e4n Outlookissa ellei kyseisen varauksen tekij\u00e4 poista varausta Pepist\u00e4 ja tee sit\u00e4 sen j\u00e4lkeen kokonaan uudestaan.<\/p>\n\n\n\n<p><iframe loading=\"lazy\" style=\"padding: 0px; border: 1px solid #464646;\" src=\"https:\/\/panopto.jamk.fi\/Panopto\/Pages\/Embed.aspx?id=d52788dd-4f40-41ab-a339-abb40105466f&amp;v=1\" allowfullscreen=\"allowfullscreen\" width=\"720\" height=\"405\" frameborder=\"0\"><\/iframe><\/p>\n\n\n\n<figure class=\"wp-block-image\"><img loading=\"lazy\" decoding=\"async\" width=\"640\" height=\"113\" src=\"https:\/\/help.jamk.fi\/peppi\/wp-content\/uploads\/sites\/130\/2020\/02\/Tilavarauskaleneteri.jpg\" alt=\"Kuva milt\u00e4 kalenterin\u00e4kym\u00e4 n\u00e4ytt\u00e4\u00e4 opiskelijalle\" class=\"wp-image-21\"\/><\/figure>\n\n\n\n<p>Kalenterissa n\u00e4kyy oletuksena kuluva ajanjakso. Voit siirty\u00e4 viikoissa eteen- tai taaksep\u00e4in nuolin\u00e4pp\u00e4imill\u00e4 tai valita haluamasi p\u00e4iv\u00e4n <em>Siirry p\u00e4iv\u00e4\u00e4n<\/em> -painikkeesta.<\/p>\n\n\n\n<p>Oikeassa laidassa olevista painikkeista voit m\u00e4\u00e4ritell\u00e4, katsotko viikko-, p\u00e4iv\u00e4- vai kuukausin\u00e4kym\u00e4\u00e4 sek\u00e4 m\u00e4\u00e4ritell\u00e4 kalenterin asetuksia, <em>Asetukset<\/em>-painikkeesta. Jos painike ei aukea, kokeile klikata ratas-kuvakkeen kohdalta.<\/p>\n\n\n\n<ul class=\"wp-block-list\">\n<li>Kalenterin ajan tarkkuuden (15min \u2013 1h)<\/li>\n\n\n\n<li>N\u00e4ytet\u00e4\u00e4nk\u00f6 viikonloput vai ainoastaan arkip\u00e4iv\u00e4t<\/li>\n\n\n\n<li>Mill\u00e4 kellonv\u00e4liajoilla kalenteri n\u00e4kyy<\/li>\n\n\n\n<li>Varauksessa n\u00e4kyvi\u00e4 tietoja (esimerkiksi tila, ryhm\u00e4, aihe, pienryhm\u00e4)<\/li>\n\n\n\n<li>Varauksen p\u00e4\u00e4ttymisaika pysyy oletuksena samana, jos muutat varauksen alkamisaikaa. Jos taas haluat s\u00e4ilytt\u00e4\u00e4 varauksen keston, vaikka alkamisaika muuttuu, valitse kalenterin <em>Asetukset<\/em>-valikosta <em>S\u00e4ilyt\u00e4 varauksen kesto<\/em>.<\/li>\n<\/ul>\n\n\n\n<p>Valitsemalla kohdan <em>Salli kaikkien varausten siirt\u00e4minen<\/em> voit raahata varauksesi haluamaasi kohtaan. T\u00e4m\u00e4 edellytt\u00e4\u00e4, ett\u00e4 sinulla on oikeudet muokata varausta.<\/p>\n\n\n\n<p>Jos kalenterissasi ei n\u00e4y kaikki haluamasi tieto varauksesta, voit s\u00e4\u00e4t\u00e4\u00e4 esimerkiksi kalenterin tarkkuutta pienemm\u00e4ksi ja tarkistaa, ett\u00e4 olet valinnut kaikki haluamasi tiedot n\u00e4kyviin.<\/p>\n\n\n\n<figure class=\"wp-block-image\"><img loading=\"lazy\" decoding=\"async\" width=\"277\" height=\"614\" src=\"https:\/\/help.jamk.fi\/peppi\/wp-content\/uploads\/sites\/130\/2020\/02\/Kalenterin-asetus.jpg\" alt=\"Kuva kalenterin asetusten vaihtoehdoista\" class=\"wp-image-22\"\/><\/figure>\n\n\n\n<h2 class=\"wp-block-heading\" id=\"selailu\">Resurssien selailu<\/h2>\n\n\n\n<p><iframe loading=\"lazy\" style=\"padding: 0px; border: 1px solid #464646;\" src=\"https:\/\/panopto.jamk.fi\/Panopto\/Pages\/Embed.aspx?id=329e0f04-77ad-40ff-b63c-abb40050bde1&amp;v=1\" allowfullscreen=\"allowfullscreen\" width=\"720\" height=\"405\" frameborder=\"0\"><\/iframe><\/p>\n\n\n\n<p><a href=\"https:\/\/help.jamk.fi\/peppi\/kalenteri\/tilavaraukset\/kampusten-tilat-pepissa\/\">Tutustu tilakoodin lukemisen ohjeisiin<\/a><\/p>\n\n\n\n<p>Valitse kohtaan <em>Tilat<\/em>, haluamasi tila kirjoittamalla tilan nimi <em>Valitse tila<\/em> -laatikkoon. Voit hakea usean tilan kalentereita kerralla. Kalenteri n\u00e4ytt\u00e4\u00e4 tilavaraukset usealla eri v\u00e4reill\u00e4, mutta v\u00e4reill\u00e4 ei ole suurempaa merkityst\u00e4. Jos viet hiiren valitsemasi tilan tai henkil\u00f6n p\u00e4\u00e4lle, kalenteri n\u00e4ytt\u00e4\u00e4 n\u00e4m\u00e4 varaukset oranssina. Kun hiiren vie tilan nimen p\u00e4\u00e4lle, saat n\u00e4kyviin tilan kuvan, henkil\u00f6m\u00e4\u00e4r\u00e4n ja muut tilatiedot. Kiinni oleva lukko kertoo, ettei sinulla ole oikeuksia varata tilaa:<\/p>\n\n\n\n<figure class=\"wp-block-image\"><img loading=\"lazy\" decoding=\"async\" width=\"640\" height=\"125\" src=\"https:\/\/help.jamk.fi\/peppi\/wp-content\/uploads\/sites\/130\/2020\/02\/Tilatiedot.jpg\" alt=\"Kuva tilan tiedoista ja siit\u00e4, ettei se ole varattavissa\" class=\"wp-image-26\"\/><\/figure>\n\n\n\n<p>Samalla tavalla voit my\u00f6s hakea opettajien, toteutuksien ja ryhmien kalentereita kirjoittamalla nimi\u00e4 niille varattuihin laatikkoihin.<\/p>\n\n\n\n<p><em>Toteutukset<\/em>-kohdassa <em>Omat toteutukset<\/em> -painike n\u00e4ytt\u00e4\u00e4 ne opintojaksot, joille olet ilmoittautunut.<\/p>\n\n\n\n<h3 class=\"wp-block-heading\">Etsi sopiva tila<\/h3>\n\n\n\n<p>T\u00e4ll\u00e4 toiminnolla voit joko etsi\u00e4 tiloja eri kriteereill\u00e4 tai selata tiloja toimipistekohtaisesti. Klikkaa <em>Tilat<\/em>-sarakkeen vieress\u00e4 olevaa suurennuslasia ja valitse<em> Etsi sopiva tila<\/em>.<\/p>\n\n\n\n<ul class=\"wp-block-list\">\n<li>Valitse hakuehdot (tyypillisesti tilatyyppi ja toimipiste)<\/li>\n\n\n\n<li>Jos etsit tietyn kampuksen tiloja, voit valita sen oletustoimipisteeksi. Etsi haluamasi kampus T<em>oimipiste<\/em>-kohtaan ja valitse kohta&nbsp;<em>Talleta toimipisteet oletusarvoiksi<\/em>&nbsp;ja klikkaa&nbsp;<em>Hae<\/em>. T\u00e4m\u00e4n j\u00e4lkeen aina kun avaat&nbsp;<em>Etsi sopiva tila<\/em>&nbsp;-toiminnon, Toimipiste-kentt\u00e4 on esit\u00e4ytetty.<\/li>\n\n\n\n<li>Voit vaihtaa kampusta halutessasi. Jos et halua muuttaa oletusvalintaa, \u00e4l\u00e4 valitse kohtaa&nbsp;<em>Talleta toimipiste oletusarvoksi,<\/em>&nbsp;vaan lis\u00e4\u00e4 valitsemasi kampus ja muut toiminnot ja klikkaa lopuksi&nbsp;<em>Hae<\/em>.<\/li>\n\n\n\n<li>Jos et halua mit\u00e4\u00e4n kampusta oletusarvoksi, vaan joka kerta valitset itse, milt\u00e4 kampukselta haet tiloja, j\u00e4t\u00e4 toimipistekohta tyhj\u00e4ksi ja valitse kohta&nbsp;<em>Talleta toimipiste oletusarvoksi<\/em>&nbsp;ja klikkaa&nbsp;<em>Hae<\/em>.<\/li>\n\n\n\n<li>Klikkaa <em>Hae<\/em><\/li>\n\n\n\n<li>T\u00e4m\u00e4n j\u00e4lkeen n\u00e4et valitsemasi tilat listattuna<\/li>\n<\/ul>\n\n\n\n<figure class=\"wp-block-image\"><img loading=\"lazy\" decoding=\"async\" width=\"510\" height=\"640\" src=\"https:\/\/help.jamk.fi\/peppi\/wp-content\/uploads\/sites\/130\/2020\/02\/Hae-tiloja.jpg\" alt=\"Etsi sopiva tila -lomake, jolla voi etsi\u00e4 tiloja toimipisteen, tilatyypin ja koon perusteella\" class=\"wp-image-28\"\/><\/figure>\n","protected":false},"excerpt":{"rendered":"<p>Pepin tilavarauskalenterista n\u00e4et opintojaksototeutusten ja ryhmien lukuj\u00e4rjestykset, mik\u00e4li niille on tehty varauksia. Lis\u00e4ksi n\u00e4et tilojen sek\u00e4 opettajien kalenterin opetustapahtumat. N\u00e4et tilavarauksesta my\u00f6s oman lukuj\u00e4rjestyksesi ilmoittautumisesi perusteella, kun klikkaat Omat toteutukset -painiketta. N\u00e4et lukuj\u00e4rjestyksen, vaikkei ilmoittautumistasi ole viel\u00e4 hyv\u00e4ksytty toteutukselle. Toteutukselta hylk\u00e4\u00e4minen poistaa toteutuksen lukuj\u00e4rjestyksen kalenteristasi. Oletuksena kalenteri n\u00e4ytt\u00e4\u00e4 omaa kalenteriasi, johon saat n\u00e4kyviin ne opintojaksot, [&hellip;]<\/p>\n","protected":false},"author":76,"featured_media":0,"parent":2560,"menu_order":1,"comment_status":"closed","ping_status":"closed","template":"","meta":{"_acf_changed":false,"_relevanssi_hide_post":"","_relevanssi_hide_content":"","_relevanssi_pin_for_all":"","_relevanssi_pin_keywords":"","_relevanssi_unpin_keywords":"","_relevanssi_related_keywords":"","_relevanssi_related_include_ids":"","_relevanssi_related_exclude_ids":"","_relevanssi_related_no_append":"","_relevanssi_related_not_related":"","_relevanssi_related_posts":"","_relevanssi_noindex_reason":"","footnotes":""},"categories":[1],"tags":[],"class_list":["post-2562","page","type-page","status-publish","hentry","category-uncategorised"],"acf":[],"yoast_head":"<!-- This site is optimized with the Yoast SEO plugin v27.4 - https:\/\/yoast.com\/product\/yoast-seo-wordpress\/ -->\n<title>Tilavarauksien selailu ja kalenteriasetukset - Peppi<\/title>\n<meta name=\"robots\" content=\"index, follow, max-snippet:-1, max-image-preview:large, max-video-preview:-1\" \/>\n<link rel=\"canonical\" href=\"https:\/\/help.jamk.fi\/peppi\/fi\/kalenteri\/tilavaraukset\/\" \/>\n<meta property=\"og:locale\" content=\"fi_FI\" \/>\n<meta property=\"og:type\" content=\"article\" \/>\n<meta property=\"og:title\" content=\"Tilavarauksien selailu ja kalenteriasetukset - Peppi\" \/>\n<meta property=\"og:description\" content=\"Pepin tilavarauskalenterista n\u00e4et opintojaksototeutusten ja ryhmien lukuj\u00e4rjestykset, mik\u00e4li niille on tehty varauksia. Lis\u00e4ksi n\u00e4et tilojen sek\u00e4 opettajien kalenterin opetustapahtumat. N\u00e4et tilavarauksesta my\u00f6s oman lukuj\u00e4rjestyksesi ilmoittautumisesi perusteella, kun klikkaat Omat toteutukset -painiketta. N\u00e4et lukuj\u00e4rjestyksen, vaikkei ilmoittautumistasi ole viel\u00e4 hyv\u00e4ksytty toteutukselle. Toteutukselta hylk\u00e4\u00e4minen poistaa toteutuksen lukuj\u00e4rjestyksen kalenteristasi. Oletuksena kalenteri n\u00e4ytt\u00e4\u00e4 omaa kalenteriasi, johon saat n\u00e4kyviin ne opintojaksot, [&hellip;]\" \/>\n<meta property=\"og:url\" content=\"https:\/\/help.jamk.fi\/peppi\/fi\/kalenteri\/tilavaraukset\/\" \/>\n<meta property=\"og:site_name\" content=\"Peppi\" \/>\n<meta property=\"article:modified_time\" content=\"2025-09-09T08:11:19+00:00\" \/>\n<meta property=\"og:image\" content=\"https:\/\/help.jamk.fi\/peppi\/wp-content\/uploads\/sites\/130\/2020\/02\/Tilavarauskaleneteri.jpg\" \/>\n<meta name=\"twitter:card\" content=\"summary_large_image\" \/>\n<meta name=\"twitter:label1\" content=\"Arvioitu lukuaika\" \/>\n\t<meta name=\"twitter:data1\" content=\"8 minuuttia\" \/>\n<script type=\"application\/ld+json\" class=\"yoast-schema-graph\">{\"@context\":\"https:\\\/\\\/schema.org\",\"@graph\":[{\"@type\":\"WebPage\",\"@id\":\"https:\\\/\\\/help.jamk.fi\\\/peppi\\\/fi\\\/kalenteri\\\/tilavaraukset\\\/\",\"url\":\"https:\\\/\\\/help.jamk.fi\\\/peppi\\\/fi\\\/kalenteri\\\/tilavaraukset\\\/\",\"name\":\"Tilavarauksien selailu ja kalenteriasetukset - Peppi\",\"isPartOf\":{\"@id\":\"https:\\\/\\\/help.jamk.fi\\\/peppi\\\/#website\"},\"primaryImageOfPage\":{\"@id\":\"https:\\\/\\\/help.jamk.fi\\\/peppi\\\/fi\\\/kalenteri\\\/tilavaraukset\\\/#primaryimage\"},\"image\":{\"@id\":\"https:\\\/\\\/help.jamk.fi\\\/peppi\\\/fi\\\/kalenteri\\\/tilavaraukset\\\/#primaryimage\"},\"thumbnailUrl\":\"https:\\\/\\\/help.jamk.fi\\\/peppi\\\/wp-content\\\/uploads\\\/sites\\\/130\\\/2020\\\/02\\\/Tilavarauskaleneteri.jpg\",\"datePublished\":\"2020-02-04T04:51:06+00:00\",\"dateModified\":\"2025-09-09T08:11:19+00:00\",\"breadcrumb\":{\"@id\":\"https:\\\/\\\/help.jamk.fi\\\/peppi\\\/fi\\\/kalenteri\\\/tilavaraukset\\\/#breadcrumb\"},\"inLanguage\":\"fi\",\"potentialAction\":[{\"@type\":\"ReadAction\",\"target\":[\"https:\\\/\\\/help.jamk.fi\\\/peppi\\\/fi\\\/kalenteri\\\/tilavaraukset\\\/\"]}]},{\"@type\":\"ImageObject\",\"inLanguage\":\"fi\",\"@id\":\"https:\\\/\\\/help.jamk.fi\\\/peppi\\\/fi\\\/kalenteri\\\/tilavaraukset\\\/#primaryimage\",\"url\":\"https:\\\/\\\/help.jamk.fi\\\/peppi\\\/wp-content\\\/uploads\\\/sites\\\/130\\\/2020\\\/02\\\/Tilavarauskaleneteri.jpg\",\"contentUrl\":\"https:\\\/\\\/help.jamk.fi\\\/peppi\\\/wp-content\\\/uploads\\\/sites\\\/130\\\/2020\\\/02\\\/Tilavarauskaleneteri.jpg\",\"width\":640,\"height\":113,\"caption\":\"Kuva milt\u00e4 kalenterin\u00e4kym\u00e4 n\u00e4ytt\u00e4\u00e4 opiskelijalle\"},{\"@type\":\"BreadcrumbList\",\"@id\":\"https:\\\/\\\/help.jamk.fi\\\/peppi\\\/fi\\\/kalenteri\\\/tilavaraukset\\\/#breadcrumb\",\"itemListElement\":[{\"@type\":\"ListItem\",\"position\":1,\"name\":\"Home\",\"item\":\"https:\\\/\\\/help.jamk.fi\\\/peppi\\\/fi\\\/\"},{\"@type\":\"ListItem\",\"position\":2,\"name\":\"Kalenteri\",\"item\":\"https:\\\/\\\/help.jamk.fi\\\/peppi\\\/fi\\\/kalenteri\\\/\"},{\"@type\":\"ListItem\",\"position\":3,\"name\":\"Tilavarauksien selailu ja kalenteriasetukset\"}]},{\"@type\":\"WebSite\",\"@id\":\"https:\\\/\\\/help.jamk.fi\\\/peppi\\\/#website\",\"url\":\"https:\\\/\\\/help.jamk.fi\\\/peppi\\\/\",\"name\":\"Peppi\",\"description\":\"\",\"potentialAction\":[{\"@type\":\"SearchAction\",\"target\":{\"@type\":\"EntryPoint\",\"urlTemplate\":\"https:\\\/\\\/help.jamk.fi\\\/peppi\\\/?s={search_term_string}\"},\"query-input\":{\"@type\":\"PropertyValueSpecification\",\"valueRequired\":true,\"valueName\":\"search_term_string\"}}],\"inLanguage\":\"fi\"}]}<\/script>\n<!-- \/ Yoast SEO plugin. -->","yoast_head_json":{"title":"Tilavarauksien selailu ja kalenteriasetukset - Peppi","robots":{"index":"index","follow":"follow","max-snippet":"max-snippet:-1","max-image-preview":"max-image-preview:large","max-video-preview":"max-video-preview:-1"},"canonical":"https:\/\/help.jamk.fi\/peppi\/fi\/kalenteri\/tilavaraukset\/","og_locale":"fi_FI","og_type":"article","og_title":"Tilavarauksien selailu ja kalenteriasetukset - Peppi","og_description":"Pepin tilavarauskalenterista n\u00e4et opintojaksototeutusten ja ryhmien lukuj\u00e4rjestykset, mik\u00e4li niille on tehty varauksia. Lis\u00e4ksi n\u00e4et tilojen sek\u00e4 opettajien kalenterin opetustapahtumat. N\u00e4et tilavarauksesta my\u00f6s oman lukuj\u00e4rjestyksesi ilmoittautumisesi perusteella, kun klikkaat Omat toteutukset -painiketta. N\u00e4et lukuj\u00e4rjestyksen, vaikkei ilmoittautumistasi ole viel\u00e4 hyv\u00e4ksytty toteutukselle. Toteutukselta hylk\u00e4\u00e4minen poistaa toteutuksen lukuj\u00e4rjestyksen kalenteristasi. Oletuksena kalenteri n\u00e4ytt\u00e4\u00e4 omaa kalenteriasi, johon saat n\u00e4kyviin ne opintojaksot, [&hellip;]","og_url":"https:\/\/help.jamk.fi\/peppi\/fi\/kalenteri\/tilavaraukset\/","og_site_name":"Peppi","article_modified_time":"2025-09-09T08:11:19+00:00","og_image":[{"url":"https:\/\/help.jamk.fi\/peppi\/wp-content\/uploads\/sites\/130\/2020\/02\/Tilavarauskaleneteri.jpg","type":"","width":"","height":""}],"twitter_card":"summary_large_image","twitter_misc":{"Arvioitu lukuaika":"8 minuuttia"},"schema":{"@context":"https:\/\/schema.org","@graph":[{"@type":"WebPage","@id":"https:\/\/help.jamk.fi\/peppi\/fi\/kalenteri\/tilavaraukset\/","url":"https:\/\/help.jamk.fi\/peppi\/fi\/kalenteri\/tilavaraukset\/","name":"Tilavarauksien selailu ja kalenteriasetukset - Peppi","isPartOf":{"@id":"https:\/\/help.jamk.fi\/peppi\/#website"},"primaryImageOfPage":{"@id":"https:\/\/help.jamk.fi\/peppi\/fi\/kalenteri\/tilavaraukset\/#primaryimage"},"image":{"@id":"https:\/\/help.jamk.fi\/peppi\/fi\/kalenteri\/tilavaraukset\/#primaryimage"},"thumbnailUrl":"https:\/\/help.jamk.fi\/peppi\/wp-content\/uploads\/sites\/130\/2020\/02\/Tilavarauskaleneteri.jpg","datePublished":"2020-02-04T04:51:06+00:00","dateModified":"2025-09-09T08:11:19+00:00","breadcrumb":{"@id":"https:\/\/help.jamk.fi\/peppi\/fi\/kalenteri\/tilavaraukset\/#breadcrumb"},"inLanguage":"fi","potentialAction":[{"@type":"ReadAction","target":["https:\/\/help.jamk.fi\/peppi\/fi\/kalenteri\/tilavaraukset\/"]}]},{"@type":"ImageObject","inLanguage":"fi","@id":"https:\/\/help.jamk.fi\/peppi\/fi\/kalenteri\/tilavaraukset\/#primaryimage","url":"https:\/\/help.jamk.fi\/peppi\/wp-content\/uploads\/sites\/130\/2020\/02\/Tilavarauskaleneteri.jpg","contentUrl":"https:\/\/help.jamk.fi\/peppi\/wp-content\/uploads\/sites\/130\/2020\/02\/Tilavarauskaleneteri.jpg","width":640,"height":113,"caption":"Kuva milt\u00e4 kalenterin\u00e4kym\u00e4 n\u00e4ytt\u00e4\u00e4 opiskelijalle"},{"@type":"BreadcrumbList","@id":"https:\/\/help.jamk.fi\/peppi\/fi\/kalenteri\/tilavaraukset\/#breadcrumb","itemListElement":[{"@type":"ListItem","position":1,"name":"Home","item":"https:\/\/help.jamk.fi\/peppi\/fi\/"},{"@type":"ListItem","position":2,"name":"Kalenteri","item":"https:\/\/help.jamk.fi\/peppi\/fi\/kalenteri\/"},{"@type":"ListItem","position":3,"name":"Tilavarauksien selailu ja kalenteriasetukset"}]},{"@type":"WebSite","@id":"https:\/\/help.jamk.fi\/peppi\/#website","url":"https:\/\/help.jamk.fi\/peppi\/","name":"Peppi","description":"","potentialAction":[{"@type":"SearchAction","target":{"@type":"EntryPoint","urlTemplate":"https:\/\/help.jamk.fi\/peppi\/?s={search_term_string}"},"query-input":{"@type":"PropertyValueSpecification","valueRequired":true,"valueName":"search_term_string"}}],"inLanguage":"fi"}]}},"_links":{"self":[{"href":"https:\/\/help.jamk.fi\/peppi\/wp-json\/wp\/v2\/pages\/2562","targetHints":{"allow":["GET"]}}],"collection":[{"href":"https:\/\/help.jamk.fi\/peppi\/wp-json\/wp\/v2\/pages"}],"about":[{"href":"https:\/\/help.jamk.fi\/peppi\/wp-json\/wp\/v2\/types\/page"}],"author":[{"embeddable":true,"href":"https:\/\/help.jamk.fi\/peppi\/wp-json\/wp\/v2\/users\/76"}],"replies":[{"embeddable":true,"href":"https:\/\/help.jamk.fi\/peppi\/wp-json\/wp\/v2\/comments?post=2562"}],"version-history":[{"count":9,"href":"https:\/\/help.jamk.fi\/peppi\/wp-json\/wp\/v2\/pages\/2562\/revisions"}],"predecessor-version":[{"id":3683,"href":"https:\/\/help.jamk.fi\/peppi\/wp-json\/wp\/v2\/pages\/2562\/revisions\/3683"}],"up":[{"embeddable":true,"href":"https:\/\/help.jamk.fi\/peppi\/wp-json\/wp\/v2\/pages\/2560"}],"wp:attachment":[{"href":"https:\/\/help.jamk.fi\/peppi\/wp-json\/wp\/v2\/media?parent=2562"}],"wp:term":[{"taxonomy":"category","embeddable":true,"href":"https:\/\/help.jamk.fi\/peppi\/wp-json\/wp\/v2\/categories?post=2562"},{"taxonomy":"post_tag","embeddable":true,"href":"https:\/\/help.jamk.fi\/peppi\/wp-json\/wp\/v2\/tags?post=2562"}],"curies":[{"name":"wp","href":"https:\/\/api.w.org\/{rel}","templated":true}]}}