{"id":2563,"date":"2020-02-04T07:32:54","date_gmt":"2020-02-04T05:32:54","guid":{"rendered":"https:\/\/help.jamk.fi\/peppi\/musiikkikampuksen-tilojen-pelisaannot\/"},"modified":"2023-11-20T08:55:31","modified_gmt":"2023-11-20T06:55:31","slug":"musiikkikampuksen-tilojen-pelisaannot","status":"publish","type":"page","link":"https:\/\/help.jamk.fi\/peppi\/fi\/kalenteri\/musiikkikampuksen-tilavarausohjeet\/musiikkikampuksen-tilojen-pelisaannot\/","title":{"rendered":"Musiikkikampuksen tilojen pelis\u00e4\u00e4nn\u00f6t"},"content":{"rendered":"\n<ol class=\"wp-block-list\">\n<li>Harjoitteluvarauksia saa tehd\u00e4 2 viikkoa aiemmin. Opetusharjoitteluvaraukset (harjoitusmusiikkiopisto) varaukset voi tehd\u00e4 koko lukukaudelle.<\/li>\n\n\n\n<li>Jamkin opiskelija ja henkil\u00f6kunta saavat automaattisesti tarvittavat varausoikeudet musiikin tiloihin.<\/li>\n\n\n\n<li>Opettajat ja\/tai opiskelijat eiv\u00e4t saa varata tiloja ulkopuolista yksityisopetusta varten.<\/li>\n\n\n\n<li>Opetustunnit ja opetusharjoittelun ohjaus ovat tilavarausj\u00e4rjestelm\u00e4ss\u00e4 prioriteettiasemassa. Vasta n\u00e4iden j\u00e4lkeen tulee opiskelijoiden harjoittelu. Varaudu siihen, ett\u00e4 harjoitteluaikasi voidaan joutua poistamaan tunnin takia.<\/li>\n\n\n\n<li>Tiloissa ei saa opettaa tai harjoitella ilman varausta.<\/li>\n\n\n\n<li>Muista poistaa varaus heti tilavarausj\u00e4rjestelm\u00e4st\u00e4, jos et tarvitsekaan sit\u00e4.<\/li>\n\n\n\n<li>Ei varmuuden vuoksi varauksia.<\/li>\n\n\n\n<li>Opiskelijat tekev\u00e4t itse harjoitteluvarauksensa. Opiskelijan tekem\u00e4 harjoitteluvaraus on otettava k\u00e4ytt\u00f6\u00f6n 15 min sis\u00e4ll\u00e4 varausajan alkamisesta. Tila on sen j\u00e4lkeen vapaasti muiden k\u00e4ytett\u00e4viss\u00e4 ilman erillist\u00e4 varausta seuraavan varauksen alkamiseen saakka.<\/li>\n\n\n\n<li>Opettajilla on oikeus h\u00e4\u00e4t\u00e4\u00e4 harjoittelijat pois luokista tilavarausj\u00e4rjestelm\u00e4\u00e4n merkityn opetuksen takia.<\/li>\n\n\n\n<li>V\u00e4lineit\u00e4 ei saa kuljettaa tiloista toiseen eik\u00e4 ottaa keikalle lainaan.<\/li>\n\n\n\n<li>J\u00e4t\u00e4 tila samaan kuntoon kuin se oli tullessasi.<\/li>\n\n\n\n<li>Ei ruokailua eik\u00e4 ev\u00e4iden sy\u00f6nti\u00e4 tilassa. N\u00e4in pidet\u00e4\u00e4n soittimet kaikille kunnossa.<\/li>\n\n\n\n<li>Koulutuskoordinaattori varaa opettajille instrumenttiopetukseen tarvittavan tilan. Opettajat saavat varata maksimissaan kaksi tuntia joustoa opetusvarauksiinsa varauksen alku- tai loppup\u00e4\u00e4st\u00e4.<\/li>\n\n\n\n<li>Ty\u00f6- ja opetustilat ovat Musiikin koulutusohjelman yhteisi\u00e4.<\/li>\n\n\n\n<li>Luokka- ja harjoittelutilat pidet\u00e4\u00e4n lukittuina, ja niihin on varausoikeuksien mukaiset kulkuluvat.<\/li>\n\n\n\n<li>Talon sis\u00e4iset varaukset Hannikaissaliin sek\u00e4 seminaareihin tekee Musiikin koulutuskoordinaattori. Lis\u00e4ksi opiskelijoiden Hannikaissalin varaukset on hoidettava koulutuskoordinaattorin kautta.<\/li>\n\n\n\n<li>Ulkopuoliset varaukset hoituvat Gradian kautta<\/li>\n\n\n\n<li>Maksullisiin tapahtumiin k\u00e4ytet\u00e4\u00e4n p\u00e4\u00e4asiassa Hannikaissalia ja tarvittaessa kaikkia tiloja.<\/li>\n<\/ol>\n","protected":false},"excerpt":{"rendered":"","protected":false},"author":76,"featured_media":0,"parent":2564,"menu_order":0,"comment_status":"closed","ping_status":"open","template":"","meta":{"_acf_changed":false,"_relevanssi_hide_post":"","_relevanssi_hide_content":"","_relevanssi_pin_for_all":"","_relevanssi_pin_keywords":"","_relevanssi_unpin_keywords":"","_relevanssi_related_keywords":"","_relevanssi_related_include_ids":"","_relevanssi_related_exclude_ids":"","_relevanssi_related_no_append":"","_relevanssi_related_not_related":"","_relevanssi_related_posts":"","_relevanssi_noindex_reason":"","footnotes":""},"categories":[1],"tags":[],"class_list":["post-2563","page","type-page","status-publish","hentry","category-uncategorised"],"acf":[],"yoast_head":"<!-- This site is optimized with the Yoast SEO plugin v27.4 - https:\/\/yoast.com\/product\/yoast-seo-wordpress\/ -->\n<title>Musiikkikampuksen tilojen pelis\u00e4\u00e4nn\u00f6t - Peppi<\/title>\n<meta name=\"robots\" content=\"index, follow, max-snippet:-1, max-image-preview:large, max-video-preview:-1\" \/>\n<link rel=\"canonical\" href=\"https:\/\/help.jamk.fi\/peppi\/fi\/kalenteri\/musiikkikampuksen-tilavarausohjeet\/musiikkikampuksen-tilojen-pelisaannot\/\" \/>\n<meta property=\"og:locale\" content=\"fi_FI\" \/>\n<meta property=\"og:type\" content=\"article\" \/>\n<meta property=\"og:title\" content=\"Musiikkikampuksen tilojen pelis\u00e4\u00e4nn\u00f6t - Peppi\" \/>\n<meta property=\"og:url\" content=\"https:\/\/help.jamk.fi\/peppi\/fi\/kalenteri\/musiikkikampuksen-tilavarausohjeet\/musiikkikampuksen-tilojen-pelisaannot\/\" \/>\n<meta property=\"og:site_name\" content=\"Peppi\" \/>\n<meta property=\"article:modified_time\" content=\"2023-11-20T06:55:31+00:00\" \/>\n<meta name=\"twitter:card\" content=\"summary_large_image\" \/>\n<meta name=\"twitter:label1\" content=\"Arvioitu lukuaika\" \/>\n\t<meta name=\"twitter:data1\" content=\"2 minuuttia\" \/>\n<script type=\"application\/ld+json\" class=\"yoast-schema-graph\">{\"@context\":\"https:\\\/\\\/schema.org\",\"@graph\":[{\"@type\":\"WebPage\",\"@id\":\"https:\\\/\\\/help.jamk.fi\\\/peppi\\\/fi\\\/kalenteri\\\/musiikkikampuksen-tilavarausohjeet\\\/musiikkikampuksen-tilojen-pelisaannot\\\/\",\"url\":\"https:\\\/\\\/help.jamk.fi\\\/peppi\\\/fi\\\/kalenteri\\\/musiikkikampuksen-tilavarausohjeet\\\/musiikkikampuksen-tilojen-pelisaannot\\\/\",\"name\":\"Musiikkikampuksen tilojen pelis\u00e4\u00e4nn\u00f6t - Peppi\",\"isPartOf\":{\"@id\":\"https:\\\/\\\/help.jamk.fi\\\/peppi\\\/#website\"},\"datePublished\":\"2020-02-04T05:32:54+00:00\",\"dateModified\":\"2023-11-20T06:55:31+00:00\",\"breadcrumb\":{\"@id\":\"https:\\\/\\\/help.jamk.fi\\\/peppi\\\/fi\\\/kalenteri\\\/musiikkikampuksen-tilavarausohjeet\\\/musiikkikampuksen-tilojen-pelisaannot\\\/#breadcrumb\"},\"inLanguage\":\"fi\",\"potentialAction\":[{\"@type\":\"ReadAction\",\"target\":[\"https:\\\/\\\/help.jamk.fi\\\/peppi\\\/fi\\\/kalenteri\\\/musiikkikampuksen-tilavarausohjeet\\\/musiikkikampuksen-tilojen-pelisaannot\\\/\"]}]},{\"@type\":\"BreadcrumbList\",\"@id\":\"https:\\\/\\\/help.jamk.fi\\\/peppi\\\/fi\\\/kalenteri\\\/musiikkikampuksen-tilavarausohjeet\\\/musiikkikampuksen-tilojen-pelisaannot\\\/#breadcrumb\",\"itemListElement\":[{\"@type\":\"ListItem\",\"position\":1,\"name\":\"Home\",\"item\":\"https:\\\/\\\/help.jamk.fi\\\/peppi\\\/fi\\\/\"},{\"@type\":\"ListItem\",\"position\":2,\"name\":\"Kalenteri\",\"item\":\"https:\\\/\\\/help.jamk.fi\\\/peppi\\\/fi\\\/kalenteri\\\/\"},{\"@type\":\"ListItem\",\"position\":3,\"name\":\"Tilavarausohjeet Suomalaisella musiikkikampuksella\",\"item\":\"https:\\\/\\\/help.jamk.fi\\\/peppi\\\/fi\\\/kalenteri\\\/musiikkikampuksen-tilavarausohjeet\\\/\"},{\"@type\":\"ListItem\",\"position\":4,\"name\":\"Musiikkikampuksen tilojen pelis\u00e4\u00e4nn\u00f6t\"}]},{\"@type\":\"WebSite\",\"@id\":\"https:\\\/\\\/help.jamk.fi\\\/peppi\\\/#website\",\"url\":\"https:\\\/\\\/help.jamk.fi\\\/peppi\\\/\",\"name\":\"Peppi\",\"description\":\"\",\"potentialAction\":[{\"@type\":\"SearchAction\",\"target\":{\"@type\":\"EntryPoint\",\"urlTemplate\":\"https:\\\/\\\/help.jamk.fi\\\/peppi\\\/?s={search_term_string}\"},\"query-input\":{\"@type\":\"PropertyValueSpecification\",\"valueRequired\":true,\"valueName\":\"search_term_string\"}}],\"inLanguage\":\"fi\"}]}<\/script>\n<!-- \/ Yoast SEO plugin. -->","yoast_head_json":{"title":"Musiikkikampuksen tilojen pelis\u00e4\u00e4nn\u00f6t - Peppi","robots":{"index":"index","follow":"follow","max-snippet":"max-snippet:-1","max-image-preview":"max-image-preview:large","max-video-preview":"max-video-preview:-1"},"canonical":"https:\/\/help.jamk.fi\/peppi\/fi\/kalenteri\/musiikkikampuksen-tilavarausohjeet\/musiikkikampuksen-tilojen-pelisaannot\/","og_locale":"fi_FI","og_type":"article","og_title":"Musiikkikampuksen tilojen pelis\u00e4\u00e4nn\u00f6t - Peppi","og_url":"https:\/\/help.jamk.fi\/peppi\/fi\/kalenteri\/musiikkikampuksen-tilavarausohjeet\/musiikkikampuksen-tilojen-pelisaannot\/","og_site_name":"Peppi","article_modified_time":"2023-11-20T06:55:31+00:00","twitter_card":"summary_large_image","twitter_misc":{"Arvioitu lukuaika":"2 minuuttia"},"schema":{"@context":"https:\/\/schema.org","@graph":[{"@type":"WebPage","@id":"https:\/\/help.jamk.fi\/peppi\/fi\/kalenteri\/musiikkikampuksen-tilavarausohjeet\/musiikkikampuksen-tilojen-pelisaannot\/","url":"https:\/\/help.jamk.fi\/peppi\/fi\/kalenteri\/musiikkikampuksen-tilavarausohjeet\/musiikkikampuksen-tilojen-pelisaannot\/","name":"Musiikkikampuksen tilojen pelis\u00e4\u00e4nn\u00f6t - Peppi","isPartOf":{"@id":"https:\/\/help.jamk.fi\/peppi\/#website"},"datePublished":"2020-02-04T05:32:54+00:00","dateModified":"2023-11-20T06:55:31+00:00","breadcrumb":{"@id":"https:\/\/help.jamk.fi\/peppi\/fi\/kalenteri\/musiikkikampuksen-tilavarausohjeet\/musiikkikampuksen-tilojen-pelisaannot\/#breadcrumb"},"inLanguage":"fi","potentialAction":[{"@type":"ReadAction","target":["https:\/\/help.jamk.fi\/peppi\/fi\/kalenteri\/musiikkikampuksen-tilavarausohjeet\/musiikkikampuksen-tilojen-pelisaannot\/"]}]},{"@type":"BreadcrumbList","@id":"https:\/\/help.jamk.fi\/peppi\/fi\/kalenteri\/musiikkikampuksen-tilavarausohjeet\/musiikkikampuksen-tilojen-pelisaannot\/#breadcrumb","itemListElement":[{"@type":"ListItem","position":1,"name":"Home","item":"https:\/\/help.jamk.fi\/peppi\/fi\/"},{"@type":"ListItem","position":2,"name":"Kalenteri","item":"https:\/\/help.jamk.fi\/peppi\/fi\/kalenteri\/"},{"@type":"ListItem","position":3,"name":"Tilavarausohjeet Suomalaisella musiikkikampuksella","item":"https:\/\/help.jamk.fi\/peppi\/fi\/kalenteri\/musiikkikampuksen-tilavarausohjeet\/"},{"@type":"ListItem","position":4,"name":"Musiikkikampuksen tilojen pelis\u00e4\u00e4nn\u00f6t"}]},{"@type":"WebSite","@id":"https:\/\/help.jamk.fi\/peppi\/#website","url":"https:\/\/help.jamk.fi\/peppi\/","name":"Peppi","description":"","potentialAction":[{"@type":"SearchAction","target":{"@type":"EntryPoint","urlTemplate":"https:\/\/help.jamk.fi\/peppi\/?s={search_term_string}"},"query-input":{"@type":"PropertyValueSpecification","valueRequired":true,"valueName":"search_term_string"}}],"inLanguage":"fi"}]}},"_links":{"self":[{"href":"https:\/\/help.jamk.fi\/peppi\/wp-json\/wp\/v2\/pages\/2563","targetHints":{"allow":["GET"]}}],"collection":[{"href":"https:\/\/help.jamk.fi\/peppi\/wp-json\/wp\/v2\/pages"}],"about":[{"href":"https:\/\/help.jamk.fi\/peppi\/wp-json\/wp\/v2\/types\/page"}],"author":[{"embeddable":true,"href":"https:\/\/help.jamk.fi\/peppi\/wp-json\/wp\/v2\/users\/76"}],"replies":[{"embeddable":true,"href":"https:\/\/help.jamk.fi\/peppi\/wp-json\/wp\/v2\/comments?post=2563"}],"version-history":[{"count":2,"href":"https:\/\/help.jamk.fi\/peppi\/wp-json\/wp\/v2\/pages\/2563\/revisions"}],"predecessor-version":[{"id":2826,"href":"https:\/\/help.jamk.fi\/peppi\/wp-json\/wp\/v2\/pages\/2563\/revisions\/2826"}],"up":[{"embeddable":true,"href":"https:\/\/help.jamk.fi\/peppi\/wp-json\/wp\/v2\/pages\/2564"}],"wp:attachment":[{"href":"https:\/\/help.jamk.fi\/peppi\/wp-json\/wp\/v2\/media?parent=2563"}],"wp:term":[{"taxonomy":"category","embeddable":true,"href":"https:\/\/help.jamk.fi\/peppi\/wp-json\/wp\/v2\/categories?post=2563"},{"taxonomy":"post_tag","embeddable":true,"href":"https:\/\/help.jamk.fi\/peppi\/wp-json\/wp\/v2\/tags?post=2563"}],"curies":[{"name":"wp","href":"https:\/\/api.w.org\/{rel}","templated":true}]}}