{"id":2565,"date":"2020-03-31T08:48:37","date_gmt":"2020-03-31T05:48:37","guid":{"rendered":"https:\/\/help.jamk.fi\/peppi\/opintoni\/"},"modified":"2025-07-16T11:55:59","modified_gmt":"2025-07-16T08:55:59","slug":"opintoni","status":"publish","type":"page","link":"https:\/\/help.jamk.fi\/peppi\/fi\/opintoni\/","title":{"rendered":"Opintoni"},"content":{"rendered":"\n<p>Opintoni-valikosta l\u00f6yd\u00e4t opintoihisi liittyv\u00e4t Peppi-palvelut.<\/p>\n\n\n\n<h2 class=\"wp-block-heading\">Opintosuunnittelu &#8211; eHOPS<\/h2>\n\n\n\n<p>Palvelussa suunnittelet ja aikataulutat opintosi, seuraat niiden etenemist\u00e4 sek\u00e4 keskustelet opettajatutorin kanssa. Palvelusta l\u00f6yd\u00e4t seuraavat v\u00e4lilehdet:<\/p>\n\n\n\n<ul class=\"wp-block-list\">\n<li><a href=\"https:\/\/help.jamk.fi\/peppi\/opintoni\/hopsin-tarkastelu\/\">Tarkastelu<\/a><\/li>\n\n\n\n<li><a href=\"https:\/\/help.jamk.fi\/peppi\/opintoni\/opintojen-valinta-ajoitus-jasentelyt\/\">Opintojen valinta<\/a><\/li>\n\n\n\n<li><a href=\"https:\/\/help.jamk.fi\/peppi\/opintoni\/opintojen-valinta-ajoitus-jasentelyt\/\">Ajoitus<\/a><\/li>\n\n\n\n<li><a href=\"https:\/\/help.jamk.fi\/peppi\/opintoni\/opintojen-valinta-ajoitus-jasentelyt\/\">J\u00e4sentelyt<\/a><\/li>\n\n\n\n<li><a href=\"https:\/\/help.jamk.fi\/peppi\/opintoni\/viestit-ja-ryhmankuvaus\/\">Viestit<\/a><\/li>\n\n\n\n<li><a href=\"https:\/\/help.jamk.fi\/peppi\/opintoni\/ilmoittautumiset-opintojaksojen-toteutuksille\/\">Ilmoittautumiset<\/a> (Ilmoittautuminen opintojaksojen toteutuksille)<\/li>\n\n\n\n<li><a href=\"https:\/\/help.jamk.fi\/peppi\/opintoni\/viestit-ja-ryhmankuvaus\/\">Ryhm\u00e4n kuvaus<\/a><\/li>\n<\/ul>\n\n\n\n<p>Ilmoittautuminen opintojaksojen toteutuksille sek\u00e4 l\u00e4sn\u00e4- tai poissaolevaksi tapahtuu ilmoittautumisaikana. <a href=\"https:\/\/www.jamk.fi\/fi\/opiskelijalle\/tutkinto-opiskelija\/lukuvuoden-aikataulut\">Katso lukuvuoden aikataulut.<\/a><\/p>\n\n\n<div id=\"link-lifts-block_382c211e640a6161b99293108ba7b1bf\" class=\"link-lifts block-link-lifts\">\n  <div class=\"row\">\n            <div class=\"col-12 col-lg-4 block-link-lifts__column\">\n          <div class=\"block-link-lifts__item pink\">\n            <h3 class=\"block-link-lifts__item--heading\">Lis\u00e4\u00e4 ohjeita<\/h3>\n                          <ul class=\"block-link-lifts__item--link-list\">\n                                                                        <li>\n                                              <a class=\"link-list\" href=\"https:\/\/help.jamk.fi\/peppi\/fi\/opintosuoritukset\/\" target=\"_self\">Opintosuoritukset<\/a>\n                                          <\/li>\n                                                                                          <li>\n                                              <a class=\"link-list\" href=\"https:\/\/help.jamk.fi\/peppi\/opintoni\/sopimukset\/\" target=\"_self\">Sopimukset<\/a>\n                                          <\/li>\n                                                                                          <li>\n                                              <a class=\"link-list\" href=\"https:\/\/help.jamk.fi\/peppi\/opintoni\/ilmoittautuminen-lukuvuodelle\/\" target=\"_self\">Ilmoittautuminen lukuvuodelle<\/a>\n                                          <\/li>\n                                                                                          <li>\n                                              <a class=\"link-list\" href=\"https:\/\/opetussuunnitelmat.peppi.jamk.fi\/\" target=\"_self\">Opetussuunnitelmat<\/a>\n                                          <\/li>\n                                                                                          <li>\n                                              <a class=\"link-list\" href=\"https:\/\/opintohaku.jamk.fi\" target=\"_self\">Opintohaku<\/a>\n                                          <\/li>\n                                                <\/ul>\n            \n          <\/div>\n        <\/div>\n      <\/div>\n<\/div>","protected":false},"excerpt":{"rendered":"<p>Opintoni-valikosta l\u00f6yd\u00e4t opintoihisi liittyv\u00e4t Peppi-palvelut. Opintosuunnittelu &#8211; eHOPS Palvelussa suunnittelet ja aikataulutat opintosi, seuraat niiden etenemist\u00e4 sek\u00e4 keskustelet opettajatutorin kanssa. Palvelusta l\u00f6yd\u00e4t seuraavat v\u00e4lilehdet: Ilmoittautuminen opintojaksojen toteutuksille sek\u00e4 l\u00e4sn\u00e4- tai poissaolevaksi tapahtuu ilmoittautumisaikana. Katso lukuvuoden aikataulut.<\/p>\n","protected":false},"author":79,"featured_media":0,"parent":0,"menu_order":5,"comment_status":"closed","ping_status":"closed","template":"","meta":{"_acf_changed":false,"_relevanssi_hide_post":"","_relevanssi_hide_content":"","_relevanssi_pin_for_all":"","_relevanssi_pin_keywords":"HOPS, opintosuunnitlema","_relevanssi_unpin_keywords":"","_relevanssi_related_keywords":"","_relevanssi_related_include_ids":"","_relevanssi_related_exclude_ids":"","_relevanssi_related_no_append":"","_relevanssi_related_not_related":"","_relevanssi_related_posts":"","_relevanssi_noindex_reason":"","footnotes":""},"categories":[1],"tags":[],"class_list":["post-2565","page","type-page","status-publish","hentry","category-uncategorised"],"acf":[],"yoast_head":"<!-- This site is optimized with the Yoast SEO plugin v27.4 - https:\/\/yoast.com\/product\/yoast-seo-wordpress\/ -->\n<title>Opintoni - Peppi<\/title>\n<meta name=\"robots\" content=\"index, follow, max-snippet:-1, max-image-preview:large, max-video-preview:-1\" \/>\n<link rel=\"canonical\" href=\"https:\/\/help.jamk.fi\/peppi\/fi\/opintoni\/\" \/>\n<meta property=\"og:locale\" content=\"fi_FI\" \/>\n<meta property=\"og:type\" content=\"article\" \/>\n<meta property=\"og:title\" content=\"Opintoni - Peppi\" \/>\n<meta property=\"og:description\" content=\"Opintoni-valikosta l\u00f6yd\u00e4t opintoihisi liittyv\u00e4t Peppi-palvelut. Opintosuunnittelu &#8211; eHOPS Palvelussa suunnittelet ja aikataulutat opintosi, seuraat niiden etenemist\u00e4 sek\u00e4 keskustelet opettajatutorin kanssa. Palvelusta l\u00f6yd\u00e4t seuraavat v\u00e4lilehdet: Ilmoittautuminen opintojaksojen toteutuksille sek\u00e4 l\u00e4sn\u00e4- tai poissaolevaksi tapahtuu ilmoittautumisaikana. Katso lukuvuoden aikataulut.\" \/>\n<meta property=\"og:url\" content=\"https:\/\/help.jamk.fi\/peppi\/fi\/opintoni\/\" \/>\n<meta property=\"og:site_name\" content=\"Peppi\" \/>\n<meta property=\"article:modified_time\" content=\"2025-07-16T08:55:59+00:00\" \/>\n<meta name=\"twitter:card\" content=\"summary_large_image\" \/>\n<meta name=\"twitter:label1\" content=\"Arvioitu lukuaika\" \/>\n\t<meta name=\"twitter:data1\" content=\"1 minuutti\" \/>\n<script type=\"application\/ld+json\" class=\"yoast-schema-graph\">{\"@context\":\"https:\\\/\\\/schema.org\",\"@graph\":[{\"@type\":\"WebPage\",\"@id\":\"https:\\\/\\\/help.jamk.fi\\\/peppi\\\/fi\\\/opintoni\\\/\",\"url\":\"https:\\\/\\\/help.jamk.fi\\\/peppi\\\/fi\\\/opintoni\\\/\",\"name\":\"Opintoni - Peppi\",\"isPartOf\":{\"@id\":\"https:\\\/\\\/help.jamk.fi\\\/peppi\\\/#website\"},\"datePublished\":\"2020-03-31T05:48:37+00:00\",\"dateModified\":\"2025-07-16T08:55:59+00:00\",\"breadcrumb\":{\"@id\":\"https:\\\/\\\/help.jamk.fi\\\/peppi\\\/fi\\\/opintoni\\\/#breadcrumb\"},\"inLanguage\":\"fi\",\"potentialAction\":[{\"@type\":\"ReadAction\",\"target\":[\"https:\\\/\\\/help.jamk.fi\\\/peppi\\\/fi\\\/opintoni\\\/\"]}]},{\"@type\":\"BreadcrumbList\",\"@id\":\"https:\\\/\\\/help.jamk.fi\\\/peppi\\\/fi\\\/opintoni\\\/#breadcrumb\",\"itemListElement\":[{\"@type\":\"ListItem\",\"position\":1,\"name\":\"Home\",\"item\":\"https:\\\/\\\/help.jamk.fi\\\/peppi\\\/fi\\\/\"},{\"@type\":\"ListItem\",\"position\":2,\"name\":\"Opintoni\"}]},{\"@type\":\"WebSite\",\"@id\":\"https:\\\/\\\/help.jamk.fi\\\/peppi\\\/#website\",\"url\":\"https:\\\/\\\/help.jamk.fi\\\/peppi\\\/\",\"name\":\"Peppi\",\"description\":\"\",\"potentialAction\":[{\"@type\":\"SearchAction\",\"target\":{\"@type\":\"EntryPoint\",\"urlTemplate\":\"https:\\\/\\\/help.jamk.fi\\\/peppi\\\/?s={search_term_string}\"},\"query-input\":{\"@type\":\"PropertyValueSpecification\",\"valueRequired\":true,\"valueName\":\"search_term_string\"}}],\"inLanguage\":\"fi\"}]}<\/script>\n<!-- \/ Yoast SEO plugin. -->","yoast_head_json":{"title":"Opintoni - Peppi","robots":{"index":"index","follow":"follow","max-snippet":"max-snippet:-1","max-image-preview":"max-image-preview:large","max-video-preview":"max-video-preview:-1"},"canonical":"https:\/\/help.jamk.fi\/peppi\/fi\/opintoni\/","og_locale":"fi_FI","og_type":"article","og_title":"Opintoni - Peppi","og_description":"Opintoni-valikosta l\u00f6yd\u00e4t opintoihisi liittyv\u00e4t Peppi-palvelut. Opintosuunnittelu &#8211; eHOPS Palvelussa suunnittelet ja aikataulutat opintosi, seuraat niiden etenemist\u00e4 sek\u00e4 keskustelet opettajatutorin kanssa. Palvelusta l\u00f6yd\u00e4t seuraavat v\u00e4lilehdet: Ilmoittautuminen opintojaksojen toteutuksille sek\u00e4 l\u00e4sn\u00e4- tai poissaolevaksi tapahtuu ilmoittautumisaikana. Katso lukuvuoden aikataulut.","og_url":"https:\/\/help.jamk.fi\/peppi\/fi\/opintoni\/","og_site_name":"Peppi","article_modified_time":"2025-07-16T08:55:59+00:00","twitter_card":"summary_large_image","twitter_misc":{"Arvioitu lukuaika":"1 minuutti"},"schema":{"@context":"https:\/\/schema.org","@graph":[{"@type":"WebPage","@id":"https:\/\/help.jamk.fi\/peppi\/fi\/opintoni\/","url":"https:\/\/help.jamk.fi\/peppi\/fi\/opintoni\/","name":"Opintoni - Peppi","isPartOf":{"@id":"https:\/\/help.jamk.fi\/peppi\/#website"},"datePublished":"2020-03-31T05:48:37+00:00","dateModified":"2025-07-16T08:55:59+00:00","breadcrumb":{"@id":"https:\/\/help.jamk.fi\/peppi\/fi\/opintoni\/#breadcrumb"},"inLanguage":"fi","potentialAction":[{"@type":"ReadAction","target":["https:\/\/help.jamk.fi\/peppi\/fi\/opintoni\/"]}]},{"@type":"BreadcrumbList","@id":"https:\/\/help.jamk.fi\/peppi\/fi\/opintoni\/#breadcrumb","itemListElement":[{"@type":"ListItem","position":1,"name":"Home","item":"https:\/\/help.jamk.fi\/peppi\/fi\/"},{"@type":"ListItem","position":2,"name":"Opintoni"}]},{"@type":"WebSite","@id":"https:\/\/help.jamk.fi\/peppi\/#website","url":"https:\/\/help.jamk.fi\/peppi\/","name":"Peppi","description":"","potentialAction":[{"@type":"SearchAction","target":{"@type":"EntryPoint","urlTemplate":"https:\/\/help.jamk.fi\/peppi\/?s={search_term_string}"},"query-input":{"@type":"PropertyValueSpecification","valueRequired":true,"valueName":"search_term_string"}}],"inLanguage":"fi"}]}},"_links":{"self":[{"href":"https:\/\/help.jamk.fi\/peppi\/wp-json\/wp\/v2\/pages\/2565","targetHints":{"allow":["GET"]}}],"collection":[{"href":"https:\/\/help.jamk.fi\/peppi\/wp-json\/wp\/v2\/pages"}],"about":[{"href":"https:\/\/help.jamk.fi\/peppi\/wp-json\/wp\/v2\/types\/page"}],"author":[{"embeddable":true,"href":"https:\/\/help.jamk.fi\/peppi\/wp-json\/wp\/v2\/users\/79"}],"replies":[{"embeddable":true,"href":"https:\/\/help.jamk.fi\/peppi\/wp-json\/wp\/v2\/comments?post=2565"}],"version-history":[{"count":4,"href":"https:\/\/help.jamk.fi\/peppi\/wp-json\/wp\/v2\/pages\/2565\/revisions"}],"predecessor-version":[{"id":3575,"href":"https:\/\/help.jamk.fi\/peppi\/wp-json\/wp\/v2\/pages\/2565\/revisions\/3575"}],"wp:attachment":[{"href":"https:\/\/help.jamk.fi\/peppi\/wp-json\/wp\/v2\/media?parent=2565"}],"wp:term":[{"taxonomy":"category","embeddable":true,"href":"https:\/\/help.jamk.fi\/peppi\/wp-json\/wp\/v2\/categories?post=2565"},{"taxonomy":"post_tag","embeddable":true,"href":"https:\/\/help.jamk.fi\/peppi\/wp-json\/wp\/v2\/tags?post=2565"}],"curies":[{"name":"wp","href":"https:\/\/api.w.org\/{rel}","templated":true}]}}