{"id":2566,"date":"2020-05-06T10:33:42","date_gmt":"2020-05-06T07:33:42","guid":{"rendered":"https:\/\/help.jamk.fi\/peppi\/opintoni\/opintohaku\/"},"modified":"2025-07-17T10:24:45","modified_gmt":"2025-07-17T07:24:45","slug":"opintohaku","status":"publish","type":"page","link":"https:\/\/help.jamk.fi\/peppi\/fi\/opintoni\/opintohaku\/","title":{"rendered":"Opintohaku Pepiss\u00e4"},"content":{"rendered":"\n<ol class=\"wp-block-list\">\n<li>Avaa HOPSista&nbsp;<em>Opintojen valinta<\/em>-v\u00e4lilehti.<\/li>\n\n\n\n<li>Katso HOPSista opintokokonaisuus, johon haluat lis\u00e4t\u00e4 opintoja ja klikkaa opintokokonaisuuden nimen per\u00e4ss\u00e4 olevaa suurennuslasi-ikonia:<\/li>\n<\/ol>\n\n\n\n<figure class=\"wp-block-image size-large is-resized\"><img loading=\"lazy\" decoding=\"async\" width=\"1024\" height=\"291\" src=\"https:\/\/help.jamk.fi\/peppi\/wp-content\/uploads\/sites\/130\/2024\/10\/Opintohaun-avaaminen-4.3.7-1024x291.jpg\" alt=\"\" class=\"wp-image-3339\" style=\"width:905px;height:auto\" srcset=\"https:\/\/help.jamk.fi\/peppi\/wp-content\/uploads\/sites\/130\/2024\/10\/Opintohaun-avaaminen-4.3.7-1024x291.jpg 1024w, https:\/\/help.jamk.fi\/peppi\/wp-content\/uploads\/sites\/130\/2024\/10\/Opintohaun-avaaminen-4.3.7-300x85.jpg 300w, https:\/\/help.jamk.fi\/peppi\/wp-content\/uploads\/sites\/130\/2024\/10\/Opintohaun-avaaminen-4.3.7-768x218.jpg 768w, https:\/\/help.jamk.fi\/peppi\/wp-content\/uploads\/sites\/130\/2024\/10\/Opintohaun-avaaminen-4.3.7-1536x436.jpg 1536w, https:\/\/help.jamk.fi\/peppi\/wp-content\/uploads\/sites\/130\/2024\/10\/Opintohaun-avaaminen-4.3.7.jpg 1662w\" sizes=\"auto, (max-width: 1024px) 100vw, 1024px\" \/><\/figure>\n\n\n\n<h2 class=\"wp-block-heading\">Opintojaksojen ja -kokonaisuuksien haku<\/h2>\n\n\n\n<p>Opintohausta l\u00f6yd\u00e4t opetussuunnitelmien opintojaksot sek\u00e4 opintokokonaisuudet. Voit etsi\u00e4 opintojaksoja\/-kokonaisuuksia hakusanoilla tai k\u00e4ytt\u00e4m\u00e4ll\u00e4 vasemmassa navigaatiossa olevia valmiita suodattimia. Oikeassa palstassa n\u00e4et aina kulloisenkin hakutuloksen. Klikkaamalla tummennettua opintokokonaisuuden, opintojakson, tms. nime\u00e4 p\u00e4\u00e4set tarkastelemaan kuvausta.<\/p>\n\n\n\n<ol class=\"wp-block-list\">\n<li>Valitse haetko opintoja korkeakoulun sis\u00e4isest\u00e4 tarjonnasta vai ristiinopiskelutarjonnasta.<\/li>\n\n\n\n<li>Hae opintoja nimell\u00e4 tai koodilla\u00a0<em>Hae opintoja<\/em>\u00a0-tekstikent\u00e4ss\u00e4 -> klikkaa\u00a0<em>Hae<\/em>\n<ul class=\"wp-block-list\">\n<li>HOPSin Opintojen valinta -v\u00e4lilehden opintohaku kohdistuu oletuksena opintojakson nimeen.<\/li>\n\n\n\n<li>Hakutulos n\u00e4ytt\u00e4\u00e4 ensin ne opinnot, joiden nimest\u00e4 l\u00f6ytyy hakusana ja sen j\u00e4lkeen ne opinnot, joiden sis\u00e4ll\u00f6st\u00e4 l\u00f6ytyy hakusana. <\/li>\n\n\n\n<li>Sinipohjaisen kysymysmerkin takaa l\u00f6ytyy ohjeistus *-jokerimerkist\u00e4 ja opintojen tulostusj\u00e4rjesteyksest\u00e4, kun k\u00e4yt\u00f6ss\u00e4 on haku my\u00f6s sis\u00e4lt\u00f6kuvauksiin.<\/li>\n<\/ul>\n<\/li>\n\n\n\n<li>Opinnon tarkemmat tiedot avautuvat klikkaamalla opintorivi\u00e4. N\u00e4et my\u00f6s onko opintojaksosta suunniteltu toteutuksia ja onko toteutuksilla ilmoittautuminen k\u00e4ynniss\u00e4. Voit tarkastella toteutusten tarkempia tietoja ja ilmoittautua toteutuksille, joissa ilmoittautuminen on k\u00e4ynniss\u00e4.<\/li>\n<\/ol>\n\n\n\n<p>Voit lis\u00e4t\u00e4 l\u00f6yt\u00e4mi\u00e4si ja omaan HOPSiisi soveltuvia opintojaksoja tai opintokokonaisuuksia Hakukoriin <em>Lis\u00e4\u00e4 koriin<\/em> -painikkeesta. Ylh\u00e4\u00e4ll\u00e4 n\u00e4e Hakukori-ikonin ja p\u00e4\u00e4set sen sis\u00e4lt\u00f6\u00f6n klikkaamalla <em>x opintoa valittu<\/em> -linkki\u00e4. Voit poistaa opintojaksoja tai -kokonaisuuksia opintojakson tai opintokokonaisuuden per\u00e4ss\u00e4 olevasta ruksista tai tyhjent\u00e4\u00e4 koko Hakukorin sis\u00e4ll\u00f6n. <em>Vie valitut HOPSiin<\/em> -painikkeesta lis\u00e4\u00e4t Hakukoriin valitsemasi opintojaksot ja\/tai opintokokonaisuudet omaan HOPSiisi.<\/p>\n\n\n\n<p>Hakusanoissa voit k\u00e4ytt\u00e4\u00e4 asteriskia (*) sanan katkaisumerkkin\u00e4.<\/p>\n\n\n\n<p><img loading=\"lazy\" decoding=\"async\" class=\"alignnone wp-image-1177 size-full\" src=\"https:\/\/help.jamk.fi\/peppi\/wp-content\/uploads\/sites\/130\/2021\/03\/Opintohaku-Toteutukset.jpg\" alt=\"Opintohaku toteutukset\" width=\"1024\" height=\"528\"><\/p>\n\n\n\n<h2 class=\"wp-block-heading\">Opetussuunnitelmat<\/h2>\n\n\n\n<p>Opetussuunnitelmat l\u00f6ytyv\u00e4t osoitteesta <a href=\"https:\/\/opetussuunnitelmat.peppi.jamk.fi\/\">https:\/\/opetussuunnitelmat.peppi.jamk.fi\/<\/a>.<\/p>\n\n\n\n<p>Peppi-j\u00e4rjestelm\u00e4st\u00e4 l\u00f6ytyv\u00e4 HOPSisi perustuu opinto-oikeutesi opetussuunnitelmaan.<\/p>\n\n\n\n<h2 class=\"wp-block-heading\">Kaipaatko lis\u00e4\u00e4 suodattimia?<\/h2>\n\n\n\n<p>Kokeile Jamkin Opintohaku-palvelua osoitteessa <a href=\"https:\/\/opintohaku.jamk.fi\">https:\/\/opintohaku.jamk.fi<\/a>.<\/p>\n","protected":false},"excerpt":{"rendered":"<p>Opintojaksojen ja -kokonaisuuksien haku Opintohausta l\u00f6yd\u00e4t opetussuunnitelmien opintojaksot sek\u00e4 opintokokonaisuudet. Voit etsi\u00e4 opintojaksoja\/-kokonaisuuksia hakusanoilla tai k\u00e4ytt\u00e4m\u00e4ll\u00e4 vasemmassa navigaatiossa olevia valmiita suodattimia. Oikeassa palstassa n\u00e4et aina kulloisenkin hakutuloksen. Klikkaamalla tummennettua opintokokonaisuuden, opintojakson, tms. nime\u00e4 p\u00e4\u00e4set tarkastelemaan kuvausta. Voit lis\u00e4t\u00e4 l\u00f6yt\u00e4mi\u00e4si ja omaan HOPSiisi soveltuvia opintojaksoja tai opintokokonaisuuksia Hakukoriin Lis\u00e4\u00e4 koriin -painikkeesta. Ylh\u00e4\u00e4ll\u00e4 n\u00e4e Hakukori-ikonin ja p\u00e4\u00e4set [&hellip;]<\/p>\n","protected":false},"author":77,"featured_media":0,"parent":2565,"menu_order":0,"comment_status":"closed","ping_status":"open","template":"","meta":{"_acf_changed":false,"_relevanssi_hide_post":"","_relevanssi_hide_content":"","_relevanssi_pin_for_all":"","_relevanssi_pin_keywords":"hops, ops, opintohaku","_relevanssi_unpin_keywords":"","_relevanssi_related_keywords":"","_relevanssi_related_include_ids":"","_relevanssi_related_exclude_ids":"","_relevanssi_related_no_append":"","_relevanssi_related_not_related":"","_relevanssi_related_posts":"","_relevanssi_noindex_reason":"","footnotes":""},"categories":[1],"tags":[],"class_list":["post-2566","page","type-page","status-publish","hentry","category-uncategorised"],"acf":[],"yoast_head":"<!-- This site is optimized with the Yoast SEO plugin v27.3 - https:\/\/yoast.com\/product\/yoast-seo-wordpress\/ -->\n<title>Opintohaku Pepiss\u00e4 - Peppi<\/title>\n<meta name=\"robots\" content=\"index, follow, max-snippet:-1, max-image-preview:large, max-video-preview:-1\" \/>\n<link rel=\"canonical\" href=\"https:\/\/help.jamk.fi\/peppi\/fi\/opintoni\/opintohaku\/\" \/>\n<meta property=\"og:locale\" content=\"fi_FI\" \/>\n<meta property=\"og:type\" content=\"article\" \/>\n<meta property=\"og:title\" content=\"Opintohaku Pepiss\u00e4 - Peppi\" \/>\n<meta property=\"og:description\" content=\"Opintojaksojen ja -kokonaisuuksien haku Opintohausta l\u00f6yd\u00e4t opetussuunnitelmien opintojaksot sek\u00e4 opintokokonaisuudet. Voit etsi\u00e4 opintojaksoja\/-kokonaisuuksia hakusanoilla tai k\u00e4ytt\u00e4m\u00e4ll\u00e4 vasemmassa navigaatiossa olevia valmiita suodattimia. Oikeassa palstassa n\u00e4et aina kulloisenkin hakutuloksen. Klikkaamalla tummennettua opintokokonaisuuden, opintojakson, tms. nime\u00e4 p\u00e4\u00e4set tarkastelemaan kuvausta. Voit lis\u00e4t\u00e4 l\u00f6yt\u00e4mi\u00e4si ja omaan HOPSiisi soveltuvia opintojaksoja tai opintokokonaisuuksia Hakukoriin Lis\u00e4\u00e4 koriin -painikkeesta. Ylh\u00e4\u00e4ll\u00e4 n\u00e4e Hakukori-ikonin ja p\u00e4\u00e4set [&hellip;]\" \/>\n<meta property=\"og:url\" content=\"https:\/\/help.jamk.fi\/peppi\/fi\/opintoni\/opintohaku\/\" \/>\n<meta property=\"og:site_name\" content=\"Peppi\" \/>\n<meta property=\"article:modified_time\" content=\"2025-07-17T07:24:45+00:00\" \/>\n<meta property=\"og:image\" content=\"https:\/\/help.jamk.fi\/peppi\/wp-content\/uploads\/sites\/130\/2024\/10\/Opintohaun-avaaminen-4.3.7.jpg\" \/>\n\t<meta property=\"og:image:width\" content=\"1662\" \/>\n\t<meta property=\"og:image:height\" content=\"472\" \/>\n\t<meta property=\"og:image:type\" content=\"image\/jpeg\" \/>\n<meta name=\"twitter:card\" content=\"summary_large_image\" \/>\n<meta name=\"twitter:label1\" content=\"Arvioitu lukuaika\" \/>\n\t<meta name=\"twitter:data1\" content=\"2 minuuttia\" \/>\n<script type=\"application\/ld+json\" class=\"yoast-schema-graph\">{\"@context\":\"https:\\\/\\\/schema.org\",\"@graph\":[{\"@type\":\"WebPage\",\"@id\":\"https:\\\/\\\/help.jamk.fi\\\/peppi\\\/fi\\\/opintoni\\\/opintohaku\\\/\",\"url\":\"https:\\\/\\\/help.jamk.fi\\\/peppi\\\/fi\\\/opintoni\\\/opintohaku\\\/\",\"name\":\"Opintohaku Pepiss\u00e4 - Peppi\",\"isPartOf\":{\"@id\":\"https:\\\/\\\/help.jamk.fi\\\/peppi\\\/#website\"},\"primaryImageOfPage\":{\"@id\":\"https:\\\/\\\/help.jamk.fi\\\/peppi\\\/fi\\\/opintoni\\\/opintohaku\\\/#primaryimage\"},\"image\":{\"@id\":\"https:\\\/\\\/help.jamk.fi\\\/peppi\\\/fi\\\/opintoni\\\/opintohaku\\\/#primaryimage\"},\"thumbnailUrl\":\"https:\\\/\\\/help.jamk.fi\\\/peppi\\\/wp-content\\\/uploads\\\/sites\\\/130\\\/2024\\\/10\\\/Opintohaun-avaaminen-4.3.7-1024x291.jpg\",\"datePublished\":\"2020-05-06T07:33:42+00:00\",\"dateModified\":\"2025-07-17T07:24:45+00:00\",\"breadcrumb\":{\"@id\":\"https:\\\/\\\/help.jamk.fi\\\/peppi\\\/fi\\\/opintoni\\\/opintohaku\\\/#breadcrumb\"},\"inLanguage\":\"fi\",\"potentialAction\":[{\"@type\":\"ReadAction\",\"target\":[\"https:\\\/\\\/help.jamk.fi\\\/peppi\\\/fi\\\/opintoni\\\/opintohaku\\\/\"]}]},{\"@type\":\"ImageObject\",\"inLanguage\":\"fi\",\"@id\":\"https:\\\/\\\/help.jamk.fi\\\/peppi\\\/fi\\\/opintoni\\\/opintohaku\\\/#primaryimage\",\"url\":\"https:\\\/\\\/help.jamk.fi\\\/peppi\\\/wp-content\\\/uploads\\\/sites\\\/130\\\/2024\\\/10\\\/Opintohaun-avaaminen-4.3.7.jpg\",\"contentUrl\":\"https:\\\/\\\/help.jamk.fi\\\/peppi\\\/wp-content\\\/uploads\\\/sites\\\/130\\\/2024\\\/10\\\/Opintohaun-avaaminen-4.3.7.jpg\",\"width\":1662,\"height\":472},{\"@type\":\"BreadcrumbList\",\"@id\":\"https:\\\/\\\/help.jamk.fi\\\/peppi\\\/fi\\\/opintoni\\\/opintohaku\\\/#breadcrumb\",\"itemListElement\":[{\"@type\":\"ListItem\",\"position\":1,\"name\":\"Home\",\"item\":\"https:\\\/\\\/help.jamk.fi\\\/peppi\\\/fi\\\/\"},{\"@type\":\"ListItem\",\"position\":2,\"name\":\"Opintoni\",\"item\":\"https:\\\/\\\/help.jamk.fi\\\/peppi\\\/fi\\\/opintoni\\\/\"},{\"@type\":\"ListItem\",\"position\":3,\"name\":\"Opintohaku Pepiss\u00e4\"}]},{\"@type\":\"WebSite\",\"@id\":\"https:\\\/\\\/help.jamk.fi\\\/peppi\\\/#website\",\"url\":\"https:\\\/\\\/help.jamk.fi\\\/peppi\\\/\",\"name\":\"Peppi\",\"description\":\"\",\"potentialAction\":[{\"@type\":\"SearchAction\",\"target\":{\"@type\":\"EntryPoint\",\"urlTemplate\":\"https:\\\/\\\/help.jamk.fi\\\/peppi\\\/?s={search_term_string}\"},\"query-input\":{\"@type\":\"PropertyValueSpecification\",\"valueRequired\":true,\"valueName\":\"search_term_string\"}}],\"inLanguage\":\"fi\"}]}<\/script>\n<!-- \/ Yoast SEO plugin. -->","yoast_head_json":{"title":"Opintohaku Pepiss\u00e4 - Peppi","robots":{"index":"index","follow":"follow","max-snippet":"max-snippet:-1","max-image-preview":"max-image-preview:large","max-video-preview":"max-video-preview:-1"},"canonical":"https:\/\/help.jamk.fi\/peppi\/fi\/opintoni\/opintohaku\/","og_locale":"fi_FI","og_type":"article","og_title":"Opintohaku Pepiss\u00e4 - Peppi","og_description":"Opintojaksojen ja -kokonaisuuksien haku Opintohausta l\u00f6yd\u00e4t opetussuunnitelmien opintojaksot sek\u00e4 opintokokonaisuudet. Voit etsi\u00e4 opintojaksoja\/-kokonaisuuksia hakusanoilla tai k\u00e4ytt\u00e4m\u00e4ll\u00e4 vasemmassa navigaatiossa olevia valmiita suodattimia. Oikeassa palstassa n\u00e4et aina kulloisenkin hakutuloksen. Klikkaamalla tummennettua opintokokonaisuuden, opintojakson, tms. nime\u00e4 p\u00e4\u00e4set tarkastelemaan kuvausta. Voit lis\u00e4t\u00e4 l\u00f6yt\u00e4mi\u00e4si ja omaan HOPSiisi soveltuvia opintojaksoja tai opintokokonaisuuksia Hakukoriin Lis\u00e4\u00e4 koriin -painikkeesta. Ylh\u00e4\u00e4ll\u00e4 n\u00e4e Hakukori-ikonin ja p\u00e4\u00e4set [&hellip;]","og_url":"https:\/\/help.jamk.fi\/peppi\/fi\/opintoni\/opintohaku\/","og_site_name":"Peppi","article_modified_time":"2025-07-17T07:24:45+00:00","og_image":[{"width":1662,"height":472,"url":"https:\/\/help.jamk.fi\/peppi\/wp-content\/uploads\/sites\/130\/2024\/10\/Opintohaun-avaaminen-4.3.7.jpg","type":"image\/jpeg"}],"twitter_card":"summary_large_image","twitter_misc":{"Arvioitu lukuaika":"2 minuuttia"},"schema":{"@context":"https:\/\/schema.org","@graph":[{"@type":"WebPage","@id":"https:\/\/help.jamk.fi\/peppi\/fi\/opintoni\/opintohaku\/","url":"https:\/\/help.jamk.fi\/peppi\/fi\/opintoni\/opintohaku\/","name":"Opintohaku Pepiss\u00e4 - Peppi","isPartOf":{"@id":"https:\/\/help.jamk.fi\/peppi\/#website"},"primaryImageOfPage":{"@id":"https:\/\/help.jamk.fi\/peppi\/fi\/opintoni\/opintohaku\/#primaryimage"},"image":{"@id":"https:\/\/help.jamk.fi\/peppi\/fi\/opintoni\/opintohaku\/#primaryimage"},"thumbnailUrl":"https:\/\/help.jamk.fi\/peppi\/wp-content\/uploads\/sites\/130\/2024\/10\/Opintohaun-avaaminen-4.3.7-1024x291.jpg","datePublished":"2020-05-06T07:33:42+00:00","dateModified":"2025-07-17T07:24:45+00:00","breadcrumb":{"@id":"https:\/\/help.jamk.fi\/peppi\/fi\/opintoni\/opintohaku\/#breadcrumb"},"inLanguage":"fi","potentialAction":[{"@type":"ReadAction","target":["https:\/\/help.jamk.fi\/peppi\/fi\/opintoni\/opintohaku\/"]}]},{"@type":"ImageObject","inLanguage":"fi","@id":"https:\/\/help.jamk.fi\/peppi\/fi\/opintoni\/opintohaku\/#primaryimage","url":"https:\/\/help.jamk.fi\/peppi\/wp-content\/uploads\/sites\/130\/2024\/10\/Opintohaun-avaaminen-4.3.7.jpg","contentUrl":"https:\/\/help.jamk.fi\/peppi\/wp-content\/uploads\/sites\/130\/2024\/10\/Opintohaun-avaaminen-4.3.7.jpg","width":1662,"height":472},{"@type":"BreadcrumbList","@id":"https:\/\/help.jamk.fi\/peppi\/fi\/opintoni\/opintohaku\/#breadcrumb","itemListElement":[{"@type":"ListItem","position":1,"name":"Home","item":"https:\/\/help.jamk.fi\/peppi\/fi\/"},{"@type":"ListItem","position":2,"name":"Opintoni","item":"https:\/\/help.jamk.fi\/peppi\/fi\/opintoni\/"},{"@type":"ListItem","position":3,"name":"Opintohaku Pepiss\u00e4"}]},{"@type":"WebSite","@id":"https:\/\/help.jamk.fi\/peppi\/#website","url":"https:\/\/help.jamk.fi\/peppi\/","name":"Peppi","description":"","potentialAction":[{"@type":"SearchAction","target":{"@type":"EntryPoint","urlTemplate":"https:\/\/help.jamk.fi\/peppi\/?s={search_term_string}"},"query-input":{"@type":"PropertyValueSpecification","valueRequired":true,"valueName":"search_term_string"}}],"inLanguage":"fi"}]}},"_links":{"self":[{"href":"https:\/\/help.jamk.fi\/peppi\/wp-json\/wp\/v2\/pages\/2566","targetHints":{"allow":["GET"]}}],"collection":[{"href":"https:\/\/help.jamk.fi\/peppi\/wp-json\/wp\/v2\/pages"}],"about":[{"href":"https:\/\/help.jamk.fi\/peppi\/wp-json\/wp\/v2\/types\/page"}],"author":[{"embeddable":true,"href":"https:\/\/help.jamk.fi\/peppi\/wp-json\/wp\/v2\/users\/77"}],"replies":[{"embeddable":true,"href":"https:\/\/help.jamk.fi\/peppi\/wp-json\/wp\/v2\/comments?post=2566"}],"version-history":[{"count":5,"href":"https:\/\/help.jamk.fi\/peppi\/wp-json\/wp\/v2\/pages\/2566\/revisions"}],"predecessor-version":[{"id":3582,"href":"https:\/\/help.jamk.fi\/peppi\/wp-json\/wp\/v2\/pages\/2566\/revisions\/3582"}],"up":[{"embeddable":true,"href":"https:\/\/help.jamk.fi\/peppi\/wp-json\/wp\/v2\/pages\/2565"}],"wp:attachment":[{"href":"https:\/\/help.jamk.fi\/peppi\/wp-json\/wp\/v2\/media?parent=2566"}],"wp:term":[{"taxonomy":"category","embeddable":true,"href":"https:\/\/help.jamk.fi\/peppi\/wp-json\/wp\/v2\/categories?post=2566"},{"taxonomy":"post_tag","embeddable":true,"href":"https:\/\/help.jamk.fi\/peppi\/wp-json\/wp\/v2\/tags?post=2566"}],"curies":[{"name":"wp","href":"https:\/\/api.w.org\/{rel}","templated":true}]}}