{"id":2567,"date":"2020-04-15T11:20:40","date_gmt":"2020-04-15T08:20:40","guid":{"rendered":"https:\/\/help.jamk.fi\/peppi\/omat-tiedot\/"},"modified":"2024-10-22T10:48:53","modified_gmt":"2024-10-22T07:48:53","slug":"omat-tiedot","status":"publish","type":"page","link":"https:\/\/help.jamk.fi\/peppi\/fi\/omat-tiedot\/","title":{"rendered":"Omat tiedot"},"content":{"rendered":"\n<ul class=\"wp-block-list\">\n<li><a href=\"#henkilotiedot\">Henkil\u00f6tiedot<\/a><\/li>\n\n\n\n<li><a href=\"#yhteystiedot\">Yhteystiedot<\/a><\/li>\n\n\n\n<li><a href=\"#luovutusluvat\">Tietojen luovutusluvat<\/a><\/li>\n\n\n\n<li><a href=\"#lahiomaiset\">L\u00e4hiomaiset<\/a><\/li>\n\n\n\n<li><a href=\"#asetukset\">Asetukset<\/a><\/li>\n\n\n\n<li><a href=\"#opiskelutiedot\">Opiskelutiedot<\/a><\/li>\n\n\n\n<li><a href=\"#opiskelijanumero\">Opiskelijanumero<\/a><\/li>\n\n\n\n<li><a href=\"#opiskeluoikeus\">Opiskeluoikeus<\/a><\/li>\n\n\n\n<li><a href=\"#lasnaolotiedot\">L\u00e4sn\u00e4olotiedot<\/a><\/li>\n\n\n\n<li><a href=\"#hops\">HOPS<\/a><\/li>\n\n\n\n<li><a href=\"#opintosuoritukset\">Opintosuoritukset<\/a><\/li>\n\n\n\n<li><a href=\"#kvliikkuvuus\">KV-liikkuvuus<\/a><\/li>\n<\/ul>\n\n\n\n<p><iframe loading=\"lazy\" style=\"border: 1px solid #464646;\" src=\"https:\/\/panopto.jamk.fi\/Panopto\/Pages\/Embed.aspx?id=9afc734f-ddfa-476e-80f1-ad1100d49d29&amp;autoplay=false&amp;offerviewer=true&amp;showtitle=true&amp;showbrand=false&amp;start=0&amp;interactivity=all\" width=\"720\" height=\"405\" allowfullscreen=\"allowfullscreen\"><\/iframe><\/p>\n\n\n\n<p>Avaa k\u00e4ytt\u00e4j\u00e4asetuksesi viem\u00e4ll\u00e4 hiiri Opiskelijan ty\u00f6p\u00f6yd\u00e4n oikeassa yl\u00e4kulmassa n\u00e4kyv\u00e4n nimesi p\u00e4\u00e4lle. T\u00e4ll\u00f6in aukeaa ikkuna, josta p\u00e4\u00e4set asetuksiin ja kirjautumaan ulos. Klikkaa <em>Asetukset<\/em>-valintaa ja p\u00e4\u00e4set tarkastelemaan omia sek\u00e4 opiskeluoikeuteesi liittyvi\u00e4 tietoja.<\/p>\n\n\n\n<figure class=\"wp-block-image\"><img loading=\"lazy\" decoding=\"async\" width=\"1024\" height=\"336\" src=\"https:\/\/help.jamk.fi\/peppi\/wp-content\/uploads\/sites\/130\/2021\/03\/Omat-Tiedot-Ponnahdusikkuna-Ohje.jpg\" alt=\"N\u00e4kym\u00e4 Peppiss\u00e4\" class=\"wp-image-1236\"\/><\/figure>\n\n\n\n<p>Asetuksista aukeaa ikkuna, jonka vasemmassa laidassa on kaksi valikkoa, Opiskelijan tiedot sek\u00e4 Opiskeluoikeuden tiedot. T\u00e4lt\u00e4 sivulta l\u00f6yd\u00e4t ensin ohjeistukset opiskelijan tiedoista ja sen j\u00e4lkeen opiskeluoikeuden tiedoista.<\/p>\n\n\n\n<figure class=\"wp-block-image\"><img loading=\"lazy\" decoding=\"async\" width=\"800\" height=\"481\" src=\"https:\/\/help.jamk.fi\/peppi\/wp-content\/uploads\/sites\/130\/2021\/03\/Omat-tiedot-Valikko2-Ohje-1.jpg\" alt=\"N\u00e4kym\u00e4 Peppiss\u00e4\" class=\"wp-image-1226\"\/><\/figure>\n\n\n\n<h2 class=\"wp-block-heading\" id=\"henkilotiedot\">Henkil\u00f6tiedot<\/h2>\n\n\n\n<p>Henkil\u00f6tiedoissa p\u00e4\u00e4set vain tarkastelemaan tietojasi, mutta et voi tehd\u00e4 muutoksia. Mik\u00e4li tietoja on tarpeen muuttaa, j\u00e4t\u00e4 palvelupyynt\u00f6 <a href=\"https:\/\/help.jamk.fi\/fi\/\">Helpiin<\/a>.<\/p>\n\n\n\n<p>Jos sinulla on useampi kuin yksi VOIMASSA OLEVA opiskeluoikeus Jamkissa, opiskelet esim. kahdessa eri tutkinto-ohjelmassa, voit vaihdella opiskeluoikeuksiesi v\u00e4lill\u00e4 klikkaamalla vasemman valikon yl\u00e4puolella n\u00e4kyv\u00e4\u00e4 tutkinto-ohjelman\/koulutuksen nime\u00e4, jolloin muut opiskeluoikeudet tulevat n\u00e4kyviin ponnahdusikkunaan. Klikkaa haluamaasi opiskeluoikeutta ja p\u00e4\u00e4set tarkastelemaan siihen liittyvi\u00e4 tietoja.<\/p>\n\n\n\n<p>Opintojen tarkastelu, HOPSin muokkaus ja ajoitukset, opintosuoritukset, ynn\u00e4 muut toiminnot opiskelijan ty\u00f6p\u00f6yd\u00e4ll\u00e4 liittyv\u00e4t aina valittuun opiskeluoikeuteen (tutkinto-ohjelmaan\/koulutukseen).<\/p>\n\n\n\n<figure class=\"wp-block-image\"><img loading=\"lazy\" decoding=\"async\" width=\"1024\" height=\"302\" src=\"https:\/\/help.jamk.fi\/peppi\/wp-content\/uploads\/sites\/130\/2021\/03\/Opiskeluoikeudet-Ohje.jpg\" alt=\"N\u00e4kym\u00e4 Peppiss\u00e4\" class=\"wp-image-1234\"\/><\/figure>\n\n\n\n<h2 class=\"wp-block-heading\" id=\"yhteystiedot\">Yhteystiedot<\/h2>\n\n\n\n<p><em>Yhteystiedot<\/em>-ikkunassa p\u00e4\u00e4set p\u00e4ivitt\u00e4m\u00e4\u00e4n muuttuneita tietojasi siirtym\u00e4ll\u00e4 muokkausn\u00e4kym\u00e4\u00e4n <em>Muokkaa yhteystietoja<\/em> -painikkeesta. T\u00e4ydenn\u00e4 tai muuta yhteystietojasi ja <em>Tallenna<\/em>. Voit poistua <em>Peruuta<\/em>-painikkeesta tai ikkunan oikean yl\u00e4kulman ruksista.<\/p>\n\n\n\n<figure class=\"wp-block-image\"><img loading=\"lazy\" decoding=\"async\" width=\"1024\" height=\"470\" src=\"https:\/\/help.jamk.fi\/peppi\/wp-content\/uploads\/sites\/130\/2021\/03\/Yhteystiedot-Ohje.jpg\" alt=\"N\u00e4kym\u00e4 Peppiss\u00e4\" class=\"wp-image-1232\"\/><\/figure>\n\n\n\n<h2 class=\"wp-block-heading\" id=\"luovutusluvat\">Tietojen luovutusluvat<\/h2>\n\n\n\n<p>T\u00e4st\u00e4 ikkunasta p\u00e4\u00e4set muokkaamaan tietojesi luovutuslupia <em>Muokkaa tietojen luovutuslupia<\/em> -painikkeesta. Valitse joko <em>Sallittu<\/em> tai <em>Ei <\/em>kunkin luvan kohdalla ja paina <em>Tallenna <\/em>tai poistu tallentamatta painamalla <em>Peruuta<\/em>.<\/p>\n\n\n\n<figure class=\"wp-block-image\"><img loading=\"lazy\" decoding=\"async\" width=\"1024\" height=\"520\" src=\"https:\/\/help.jamk.fi\/peppi\/wp-content\/uploads\/sites\/130\/2021\/03\/Tietojen-luovutusluvat-Ohje.jpg\" alt=\"N\u00e4kym\u00e4 Peppiss\u00e4\" class=\"wp-image-1228\"\/><\/figure>\n\n\n\n<h2 class=\"wp-block-heading\" id=\"lahiomaiset\">L\u00e4hiomaiset<\/h2>\n\n\n\n<p><em>L\u00e4hiomaiset<\/em>-valinnasta voit lis\u00e4t\u00e4 tietoihisi l\u00e4hiomaisia sek\u00e4 heid\u00e4n yhteystietojaan. On suositeltavaa tallentaa Peppiin v\u00e4hint\u00e4\u00e4n yhden l\u00e4hiomaisen tiedot. L\u00e4hiomaisen tiedot p\u00e4\u00e4set lis\u00e4\u00e4m\u00e4\u00e4n <em>Lis\u00e4\u00e4 l\u00e4hiomainen<\/em> -painikkeesta. T\u00e4yt\u00e4 kent\u00e4t ja paina <em>Tallenna<\/em> tai poistu tallentamatta painamalla <em>Peruuta<\/em>. Jo tallennetun l\u00e4hiomaisen tietoja voi aina muokata tai poistaa tiedot kokonaan.<\/p>\n\n\n\n<figure class=\"wp-block-image\"><img loading=\"lazy\" decoding=\"async\" width=\"1024\" height=\"485\" src=\"https:\/\/help.jamk.fi\/peppi\/wp-content\/uploads\/sites\/130\/2021\/03\/Lahiomainen-Ohje.jpg\" alt=\"N\u00e4kym\u00e4 Peppiss\u00e4\" class=\"wp-image-1230\"\/><\/figure>\n\n\n\n<figure class=\"wp-block-image size-full\"><img loading=\"lazy\" decoding=\"async\" width=\"1024\" height=\"325\" src=\"https:\/\/help.jamk.fi\/peppi\/wp-content\/uploads\/sites\/130\/2020\/04\/opiPeppi-Omat-Tiedot-Lisaa-lahiomainen-e1615367826799.jpg\" alt=\"Kuvankaappaus l\u00e4hiomaisen lis\u00e4\u00e4misest\u00e4\" class=\"wp-image-253\"\/><\/figure>\n\n\n\n<h2 class=\"wp-block-heading\" id=\"asetukset\">Asetukset<\/h2>\n\n\n\n<p><em>Asetukset<\/em>-ikkunassa voit vaihtaa k\u00e4ytt\u00f6liittym\u00e4n ja sis\u00e4ll\u00f6n kielt\u00e4 (<em>Muokkaa asetuksia<\/em>) sek\u00e4 yll\u00e4pit\u00e4\u00e4 profiilikuvaasi (<em>Vaihda kuva<\/em>).<\/p>\n\n\n\n<figure class=\"wp-block-image size-full\"><img loading=\"lazy\" decoding=\"async\" width=\"1024\" height=\"516\" src=\"https:\/\/help.jamk.fi\/peppi\/wp-content\/uploads\/sites\/130\/2020\/04\/opiPeppi-Omat-Tiedot-Asetukset-e1615367774257.jpg\" alt=\"N\u00e4kym\u00e4 omista asetuksista Pepiss\u00e4\" class=\"wp-image-260\"\/><\/figure>\n\n\n\n<h2 class=\"wp-block-heading\" id=\"opiskelutiedot\">Opiskelutiedot<\/h2>\n\n\n\n<p>Opiskelutiedoista l\u00f6ytyy t\u00e4rkeit\u00e4 tietoja opiskeluoikeuteesi liittyen, kuten <strong id=\"opiskelijanumero\">opiskelijanumerosi<\/strong>, mihin asti <strong id=\"opiskeluoikeus\">opiskeluoikeutesi<\/strong> on voimassa ja kuka on <strong>opettajatutorisi<\/strong>. N\u00e4it\u00e4 tietoja sinulla ei ole mahdollisuutta muuttaa. Jos tiedoissa on jotain virheellist\u00e4, j\u00e4t\u00e4 palvelupyynt\u00f6 <a href=\"https:\/\/help.jamk.fi\/fi\/\">Helpiin<\/a>.<\/p>\n\n\n\n<figure class=\"wp-block-image size-full\"><img loading=\"lazy\" decoding=\"async\" width=\"1013\" height=\"465\" src=\"https:\/\/help.jamk.fi\/peppi\/wp-content\/uploads\/sites\/130\/2020\/04\/opiPeppi-Omat-Tiedot-Opiskelutiedot-e1615367633206.jpg\" alt=\"N\u00e4kym\u00e4 Pepiss\u00e4 opiskelutiedoista\" class=\"wp-image-309\"\/><\/figure>\n\n\n\n<h2 class=\"wp-block-heading\" id=\"lasnaolotiedot\">L\u00e4sn\u00e4olotiedot<\/h2>\n\n\n\n<p>T\u00e4h\u00e4n n\u00e4kym\u00e4\u00e4n on koottu tiedot lukuvuosittaisista l\u00e4sn\u00e4- ja poissaoloista. <em>Siirry l\u00e4sn\u00e4oloilmoittautumisiin<\/em> -painikkeesta p\u00e4\u00e4set ilmoittautumaan, mik\u00e4li ilmoittautumisaika on k\u00e4sill\u00e4. <a href=\"https:\/\/help.jamk.fi\/peppi\/opintoni\/ilmoittautuminen-lukuvuodelle\/\">Katso lis\u00e4\u00e4 ohjeita lukuvuosi-ilmoittautumisesta.<\/a><\/p>\n\n\n\n<figure class=\"wp-block-image size-full\"><img loading=\"lazy\" decoding=\"async\" width=\"1024\" height=\"396\" src=\"https:\/\/help.jamk.fi\/peppi\/wp-content\/uploads\/sites\/130\/2020\/04\/opiPeppi-Omat-Tiedot-Lasnaolotiedot-e1615367730135.jpg\" alt=\"N\u00e4kym\u00e4 Pepiss\u00e4 l\u00e4sn\u00e4olotiedoista\" class=\"wp-image-307\"\/><\/figure>\n\n\n\n<h2 class=\"wp-block-heading\" id=\"hops\">HOPS<\/h2>\n\n\n\n<p><em>HOPS<\/em>-linkist\u00e4 siirryt omaan HOPSiisi. P\u00e4\u00e4dyt samalle sivulle kuin ty\u00f6p\u00f6yd\u00e4n etusivun <em>HOPS<\/em>-ikonista tai yl\u00e4palkin <em>Opintoni<\/em>-valikon kohdasta <em>Opintosuunnittelu (eHOPS)<\/em>. <a href=\"https:\/\/help.jamk.fi\/peppi\/opintoni\/hopsin-tarkastelu\/\">Siirry HOPS-ohjeisiin.<\/a><\/p>\n\n\n\n<h2 class=\"wp-block-heading\" id=\"opintosuoritukset\">Opintosuoritukset<\/h2>\n\n\n\n<p><em>Opintosuoritukset<\/em>-linkist\u00e4 p\u00e4\u00e4set samaan n\u00e4kym\u00e4\u00e4n kuin yl\u00e4palkin <em>Opintoni<\/em>-valikon <em>Opintosuoritukset<\/em>-valinnasta. <a href=\"https:\/\/help.jamk.fi\/peppi\/opintosuoritukset\/\">Siirry suorituksiin liittyv\u00e4\u00e4n ohjeistukseen.<\/a><\/p>\n\n\n\n<h2 class=\"wp-block-heading\" id=\"kvliikkuvuus\">KV-liikkuvuus<\/h2>\n\n\n\n<p>Valinnasta avautuvaan ikkunaan listautuvat tiedot opiskelun aikana tekemist\u00e4si vaihtojaksoista. Kaikki vaihtojaksoihin liittyv\u00e4 dokumentointi ja viestint\u00e4 tapahtuu kuitenkin Mobility Online -j\u00e4rjestelm\u00e4ss\u00e4.<\/p>\n","protected":false},"excerpt":{"rendered":"<p>Avaa k\u00e4ytt\u00e4j\u00e4asetuksesi viem\u00e4ll\u00e4 hiiri Opiskelijan ty\u00f6p\u00f6yd\u00e4n oikeassa yl\u00e4kulmassa n\u00e4kyv\u00e4n nimesi p\u00e4\u00e4lle. T\u00e4ll\u00f6in aukeaa ikkuna, josta p\u00e4\u00e4set asetuksiin ja kirjautumaan ulos. Klikkaa Asetukset-valintaa ja p\u00e4\u00e4set tarkastelemaan omia sek\u00e4 opiskeluoikeuteesi liittyvi\u00e4 tietoja. Asetuksista aukeaa ikkuna, jonka vasemmassa laidassa on kaksi valikkoa, Opiskelijan tiedot sek\u00e4 Opiskeluoikeuden tiedot. T\u00e4lt\u00e4 sivulta l\u00f6yd\u00e4t ensin ohjeistukset opiskelijan tiedoista ja sen j\u00e4lkeen opiskeluoikeuden [&hellip;]<\/p>\n","protected":false},"author":77,"featured_media":0,"parent":0,"menu_order":4,"comment_status":"closed","ping_status":"closed","template":"","meta":{"_acf_changed":false,"_relevanssi_hide_post":"","_relevanssi_hide_content":"","_relevanssi_pin_for_all":"","_relevanssi_pin_keywords":"","_relevanssi_unpin_keywords":"","_relevanssi_related_keywords":"","_relevanssi_related_include_ids":"","_relevanssi_related_exclude_ids":"","_relevanssi_related_no_append":"","_relevanssi_related_not_related":"","_relevanssi_related_posts":"","_relevanssi_noindex_reason":"","footnotes":""},"categories":[1],"tags":[17],"class_list":["post-2567","page","type-page","status-publish","hentry","category-uncategorised","tag-opiskelijanumero"],"acf":[],"yoast_head":"<!-- This site is optimized with the Yoast SEO plugin v27.4 - https:\/\/yoast.com\/product\/yoast-seo-wordpress\/ -->\n<title>Omat tiedot - Peppi<\/title>\n<meta name=\"robots\" content=\"index, follow, max-snippet:-1, max-image-preview:large, max-video-preview:-1\" \/>\n<link rel=\"canonical\" href=\"https:\/\/help.jamk.fi\/peppi\/fi\/omat-tiedot\/\" \/>\n<meta property=\"og:locale\" content=\"fi_FI\" \/>\n<meta property=\"og:type\" content=\"article\" \/>\n<meta property=\"og:title\" content=\"Omat tiedot - Peppi\" \/>\n<meta property=\"og:description\" content=\"Avaa k\u00e4ytt\u00e4j\u00e4asetuksesi viem\u00e4ll\u00e4 hiiri Opiskelijan ty\u00f6p\u00f6yd\u00e4n oikeassa yl\u00e4kulmassa n\u00e4kyv\u00e4n nimesi p\u00e4\u00e4lle. T\u00e4ll\u00f6in aukeaa ikkuna, josta p\u00e4\u00e4set asetuksiin ja kirjautumaan ulos. Klikkaa Asetukset-valintaa ja p\u00e4\u00e4set tarkastelemaan omia sek\u00e4 opiskeluoikeuteesi liittyvi\u00e4 tietoja. Asetuksista aukeaa ikkuna, jonka vasemmassa laidassa on kaksi valikkoa, Opiskelijan tiedot sek\u00e4 Opiskeluoikeuden tiedot. T\u00e4lt\u00e4 sivulta l\u00f6yd\u00e4t ensin ohjeistukset opiskelijan tiedoista ja sen j\u00e4lkeen opiskeluoikeuden [&hellip;]\" \/>\n<meta property=\"og:url\" content=\"https:\/\/help.jamk.fi\/peppi\/fi\/omat-tiedot\/\" \/>\n<meta property=\"og:site_name\" content=\"Peppi\" \/>\n<meta property=\"article:modified_time\" content=\"2024-10-22T07:48:53+00:00\" \/>\n<meta property=\"og:image\" content=\"https:\/\/help.jamk.fi\/peppi\/wp-content\/uploads\/sites\/130\/2021\/03\/Omat-Tiedot-Ponnahdusikkuna-Ohje.jpg\" \/>\n<meta name=\"twitter:card\" content=\"summary_large_image\" \/>\n<meta name=\"twitter:label1\" content=\"Arvioitu lukuaika\" \/>\n\t<meta name=\"twitter:data1\" content=\"5 minuuttia\" \/>\n<script type=\"application\/ld+json\" class=\"yoast-schema-graph\">{\"@context\":\"https:\\\/\\\/schema.org\",\"@graph\":[{\"@type\":\"WebPage\",\"@id\":\"https:\\\/\\\/help.jamk.fi\\\/peppi\\\/fi\\\/omat-tiedot\\\/\",\"url\":\"https:\\\/\\\/help.jamk.fi\\\/peppi\\\/fi\\\/omat-tiedot\\\/\",\"name\":\"Omat tiedot - Peppi\",\"isPartOf\":{\"@id\":\"https:\\\/\\\/help.jamk.fi\\\/peppi\\\/#website\"},\"primaryImageOfPage\":{\"@id\":\"https:\\\/\\\/help.jamk.fi\\\/peppi\\\/fi\\\/omat-tiedot\\\/#primaryimage\"},\"image\":{\"@id\":\"https:\\\/\\\/help.jamk.fi\\\/peppi\\\/fi\\\/omat-tiedot\\\/#primaryimage\"},\"thumbnailUrl\":\"https:\\\/\\\/help.jamk.fi\\\/peppi\\\/wp-content\\\/uploads\\\/sites\\\/130\\\/2021\\\/03\\\/Omat-Tiedot-Ponnahdusikkuna-Ohje.jpg\",\"datePublished\":\"2020-04-15T08:20:40+00:00\",\"dateModified\":\"2024-10-22T07:48:53+00:00\",\"breadcrumb\":{\"@id\":\"https:\\\/\\\/help.jamk.fi\\\/peppi\\\/fi\\\/omat-tiedot\\\/#breadcrumb\"},\"inLanguage\":\"fi\",\"potentialAction\":[{\"@type\":\"ReadAction\",\"target\":[\"https:\\\/\\\/help.jamk.fi\\\/peppi\\\/fi\\\/omat-tiedot\\\/\"]}]},{\"@type\":\"ImageObject\",\"inLanguage\":\"fi\",\"@id\":\"https:\\\/\\\/help.jamk.fi\\\/peppi\\\/fi\\\/omat-tiedot\\\/#primaryimage\",\"url\":\"https:\\\/\\\/help.jamk.fi\\\/peppi\\\/wp-content\\\/uploads\\\/sites\\\/130\\\/2021\\\/03\\\/Omat-Tiedot-Ponnahdusikkuna-Ohje.jpg\",\"contentUrl\":\"https:\\\/\\\/help.jamk.fi\\\/peppi\\\/wp-content\\\/uploads\\\/sites\\\/130\\\/2021\\\/03\\\/Omat-Tiedot-Ponnahdusikkuna-Ohje.jpg\",\"width\":1024,\"height\":336,\"caption\":\"N\u00e4kym\u00e4 Peppiss\u00e4\"},{\"@type\":\"BreadcrumbList\",\"@id\":\"https:\\\/\\\/help.jamk.fi\\\/peppi\\\/fi\\\/omat-tiedot\\\/#breadcrumb\",\"itemListElement\":[{\"@type\":\"ListItem\",\"position\":1,\"name\":\"Home\",\"item\":\"https:\\\/\\\/help.jamk.fi\\\/peppi\\\/fi\\\/\"},{\"@type\":\"ListItem\",\"position\":2,\"name\":\"Omat tiedot\"}]},{\"@type\":\"WebSite\",\"@id\":\"https:\\\/\\\/help.jamk.fi\\\/peppi\\\/#website\",\"url\":\"https:\\\/\\\/help.jamk.fi\\\/peppi\\\/\",\"name\":\"Peppi\",\"description\":\"\",\"potentialAction\":[{\"@type\":\"SearchAction\",\"target\":{\"@type\":\"EntryPoint\",\"urlTemplate\":\"https:\\\/\\\/help.jamk.fi\\\/peppi\\\/?s={search_term_string}\"},\"query-input\":{\"@type\":\"PropertyValueSpecification\",\"valueRequired\":true,\"valueName\":\"search_term_string\"}}],\"inLanguage\":\"fi\"}]}<\/script>\n<!-- \/ Yoast SEO plugin. -->","yoast_head_json":{"title":"Omat tiedot - Peppi","robots":{"index":"index","follow":"follow","max-snippet":"max-snippet:-1","max-image-preview":"max-image-preview:large","max-video-preview":"max-video-preview:-1"},"canonical":"https:\/\/help.jamk.fi\/peppi\/fi\/omat-tiedot\/","og_locale":"fi_FI","og_type":"article","og_title":"Omat tiedot - Peppi","og_description":"Avaa k\u00e4ytt\u00e4j\u00e4asetuksesi viem\u00e4ll\u00e4 hiiri Opiskelijan ty\u00f6p\u00f6yd\u00e4n oikeassa yl\u00e4kulmassa n\u00e4kyv\u00e4n nimesi p\u00e4\u00e4lle. T\u00e4ll\u00f6in aukeaa ikkuna, josta p\u00e4\u00e4set asetuksiin ja kirjautumaan ulos. Klikkaa Asetukset-valintaa ja p\u00e4\u00e4set tarkastelemaan omia sek\u00e4 opiskeluoikeuteesi liittyvi\u00e4 tietoja. Asetuksista aukeaa ikkuna, jonka vasemmassa laidassa on kaksi valikkoa, Opiskelijan tiedot sek\u00e4 Opiskeluoikeuden tiedot. T\u00e4lt\u00e4 sivulta l\u00f6yd\u00e4t ensin ohjeistukset opiskelijan tiedoista ja sen j\u00e4lkeen opiskeluoikeuden [&hellip;]","og_url":"https:\/\/help.jamk.fi\/peppi\/fi\/omat-tiedot\/","og_site_name":"Peppi","article_modified_time":"2024-10-22T07:48:53+00:00","og_image":[{"url":"https:\/\/help.jamk.fi\/peppi\/wp-content\/uploads\/sites\/130\/2021\/03\/Omat-Tiedot-Ponnahdusikkuna-Ohje.jpg","type":"","width":"","height":""}],"twitter_card":"summary_large_image","twitter_misc":{"Arvioitu lukuaika":"5 minuuttia"},"schema":{"@context":"https:\/\/schema.org","@graph":[{"@type":"WebPage","@id":"https:\/\/help.jamk.fi\/peppi\/fi\/omat-tiedot\/","url":"https:\/\/help.jamk.fi\/peppi\/fi\/omat-tiedot\/","name":"Omat tiedot - Peppi","isPartOf":{"@id":"https:\/\/help.jamk.fi\/peppi\/#website"},"primaryImageOfPage":{"@id":"https:\/\/help.jamk.fi\/peppi\/fi\/omat-tiedot\/#primaryimage"},"image":{"@id":"https:\/\/help.jamk.fi\/peppi\/fi\/omat-tiedot\/#primaryimage"},"thumbnailUrl":"https:\/\/help.jamk.fi\/peppi\/wp-content\/uploads\/sites\/130\/2021\/03\/Omat-Tiedot-Ponnahdusikkuna-Ohje.jpg","datePublished":"2020-04-15T08:20:40+00:00","dateModified":"2024-10-22T07:48:53+00:00","breadcrumb":{"@id":"https:\/\/help.jamk.fi\/peppi\/fi\/omat-tiedot\/#breadcrumb"},"inLanguage":"fi","potentialAction":[{"@type":"ReadAction","target":["https:\/\/help.jamk.fi\/peppi\/fi\/omat-tiedot\/"]}]},{"@type":"ImageObject","inLanguage":"fi","@id":"https:\/\/help.jamk.fi\/peppi\/fi\/omat-tiedot\/#primaryimage","url":"https:\/\/help.jamk.fi\/peppi\/wp-content\/uploads\/sites\/130\/2021\/03\/Omat-Tiedot-Ponnahdusikkuna-Ohje.jpg","contentUrl":"https:\/\/help.jamk.fi\/peppi\/wp-content\/uploads\/sites\/130\/2021\/03\/Omat-Tiedot-Ponnahdusikkuna-Ohje.jpg","width":1024,"height":336,"caption":"N\u00e4kym\u00e4 Peppiss\u00e4"},{"@type":"BreadcrumbList","@id":"https:\/\/help.jamk.fi\/peppi\/fi\/omat-tiedot\/#breadcrumb","itemListElement":[{"@type":"ListItem","position":1,"name":"Home","item":"https:\/\/help.jamk.fi\/peppi\/fi\/"},{"@type":"ListItem","position":2,"name":"Omat tiedot"}]},{"@type":"WebSite","@id":"https:\/\/help.jamk.fi\/peppi\/#website","url":"https:\/\/help.jamk.fi\/peppi\/","name":"Peppi","description":"","potentialAction":[{"@type":"SearchAction","target":{"@type":"EntryPoint","urlTemplate":"https:\/\/help.jamk.fi\/peppi\/?s={search_term_string}"},"query-input":{"@type":"PropertyValueSpecification","valueRequired":true,"valueName":"search_term_string"}}],"inLanguage":"fi"}]}},"_links":{"self":[{"href":"https:\/\/help.jamk.fi\/peppi\/wp-json\/wp\/v2\/pages\/2567","targetHints":{"allow":["GET"]}}],"collection":[{"href":"https:\/\/help.jamk.fi\/peppi\/wp-json\/wp\/v2\/pages"}],"about":[{"href":"https:\/\/help.jamk.fi\/peppi\/wp-json\/wp\/v2\/types\/page"}],"author":[{"embeddable":true,"href":"https:\/\/help.jamk.fi\/peppi\/wp-json\/wp\/v2\/users\/77"}],"replies":[{"embeddable":true,"href":"https:\/\/help.jamk.fi\/peppi\/wp-json\/wp\/v2\/comments?post=2567"}],"version-history":[{"count":5,"href":"https:\/\/help.jamk.fi\/peppi\/wp-json\/wp\/v2\/pages\/2567\/revisions"}],"predecessor-version":[{"id":3322,"href":"https:\/\/help.jamk.fi\/peppi\/wp-json\/wp\/v2\/pages\/2567\/revisions\/3322"}],"wp:attachment":[{"href":"https:\/\/help.jamk.fi\/peppi\/wp-json\/wp\/v2\/media?parent=2567"}],"wp:term":[{"taxonomy":"category","embeddable":true,"href":"https:\/\/help.jamk.fi\/peppi\/wp-json\/wp\/v2\/categories?post=2567"},{"taxonomy":"post_tag","embeddable":true,"href":"https:\/\/help.jamk.fi\/peppi\/wp-json\/wp\/v2\/tags?post=2567"}],"curies":[{"name":"wp","href":"https:\/\/api.w.org\/{rel}","templated":true}]}}