{"id":2568,"date":"2020-04-22T10:54:19","date_gmt":"2020-04-22T07:54:19","guid":{"rendered":"https:\/\/help.jamk.fi\/peppi\/opintoni\/hopsin-tarkastelu\/"},"modified":"2025-07-17T10:23:29","modified_gmt":"2025-07-17T07:23:29","slug":"hopsin-tarkastelu","status":"publish","type":"page","link":"https:\/\/help.jamk.fi\/peppi\/fi\/opintoni\/hopsin-tarkastelu\/","title":{"rendered":"HOPS Tarkastelu"},"content":{"rendered":"\r\n<div id=\"embed-block_aa774f383351909606df8d9ea71be1a5\" class=\"embed block-embed\">\r\n      <div class=\"block-embed__wrapper\">\r\n\r\n      \r\n          <div class=\"block-embed__cookie-notice--wrapper\" id=\"cookie-notice\">\r\n              <div class=\"block-embed__cookie-notice--text\">\r\n                                    <p>Hyv\u00e4ksy v\u00e4ltt\u00e4m\u00e4tt\u00f6m\u00e4t ev\u00e4steet n\u00e4hd\u00e4ksesi upotetun sis\u00e4ll\u00f6n: marketing, analytics, preferences.<\/p>\r\n                  <a href=\"#\" class=\"ch2-open-settings-btn\"> Hyv\u00e4ksy v\u00e4ltt\u00e4m\u00e4tt\u00f6m\u00e4t ev\u00e4steet<\/a>\r\n              <\/div>\r\n              <div class=\"block-embed__cookie-reload-notice\">\r\n                  <p class=\"cookie-reload-text\">\r\n                    (Jos olet hyv\u00e4ksynyt ev\u00e4steet, mutta n\u00e4et silti t\u00e4m\u00e4n viestin, lataa sivu uudelleen.)                  <\/p>\r\n                  <a href=\"#\" onclick=\"location.reload(); return false;\">\r\n                    Lataa sivu uudelleen                  <\/a>\r\n              <\/div>\r\n          <\/div>\r\n\r\n      \r\n      <\/div>\r\n<\/div>\r\n\n\n\n<p>HOPSin <em>Tarkastelu<\/em>-v\u00e4lilehdell\u00e4 n\u00e4et henkil\u00f6kohtaisen opintosuunnitelmasi (HOPS). Opintosuunnitelma pohjautuu tutkintosi opetussuunnitelmaan.<\/p>\n\n\n\n<p>Voit seurata opintojesi etenemist\u00e4, suunnitella opintoja, ladata suoritusotteen, l\u00e4hett\u00e4\u00e4 HOPSin hyv\u00e4ksytt\u00e4v\u00e4ksi, tarkastella HOPSin merkint\u00f6j\u00e4, viestej\u00e4 ja sopimuksia sek\u00e4 seurata viimeisimpi\u00e4 muutoksia HOPSissa.<\/p>\n\n\n\n<figure class=\"wp-block-image\"><img loading=\"lazy\" decoding=\"async\" width=\"1024\" height=\"599\" src=\"https:\/\/help.jamk.fi\/peppi\/wp-content\/uploads\/sites\/130\/2021\/03\/opiPeppi-HOPS-Tarkastelu-ja-ohjeet.jpg\" alt=\"\" class=\"wp-image-1164\"\/><\/figure>\n\n\n\n<p>T\u00e4lt\u00e4 sivulta, samoin kuin <em>J\u00e4sentelyt<\/em>-v\u00e4lilehdelt\u00e4, voit tulostaa itsellesi opintosuoritusotteen valinnasta <em>Lataa opintosuoritusote (PDF)<\/em>. Voit sulkea ja avata n\u00e4kyviss\u00e4 olevaa rakennetta joko <em>Sulje kaikki\/Avaa kaikki<\/em> -painikkeesta tai klikkaamalla opintokokonaisuuksien eli moduulien edess\u00e4 olevaa nuoli-kuvaketta.<\/p>\n\n\n\n<p><em>Valitse HOPS-versio<\/em> -alasvetovalikosta p\u00e4\u00e4set tarkastelemaan aikaisempia hyv\u00e4ksyttyj\u00e4 tai poistettuja HOPSejasi. HOPSin ty\u00f6st\u00e4minen tapahtuu kuitenkin aina <em>Luonnos<\/em>-versiossa. Siin\u00e4 vaiheessa, kun HOPSisi on hyv\u00e4ksytty, j\u00e4rjestelm\u00e4 generoi sinulle uuden HOPS-luonnoksen, jota p\u00e4\u00e4set taas muokkaamaan.<\/p>\n\n\n\n<p>Saamasi uudet viestit n\u00e4kyv\u00e4t oikean laidan samannimisess\u00e4 laatikossa, joka on n\u00e4kyviss\u00e4 vain silloin, kun sinulle on tullut uusia viestej\u00e4. Klikkaa viestin otsikkoa ja p\u00e4\u00e4set lukemaan viestin ja vastaamaan siihen.<\/p>\n\n\n\n<p>Viem\u00e4ll\u00e4 hiiren mink\u00e4 tahansa opintojaksosta saamasi arvosanan p\u00e4\u00e4lle n\u00e4et arvioinnin lokitiedot avautuvassa ponnahdusikkunassa.<\/p>\n\n\n\n<h2 class=\"wp-block-heading\">Suodatusvalinnat<\/h2>\n\n\n\n<figure class=\"wp-block-image\"><img loading=\"lazy\" decoding=\"async\" width=\"1024\" height=\"517\" src=\"https:\/\/help.jamk.fi\/peppi\/wp-content\/uploads\/sites\/130\/2021\/03\/HOPS-Tarkastelu-Suodatusavalinnat.jpg\" alt=\"HOPS tarkastelu suodatusvalinnat\" class=\"wp-image-1172\"\/><\/figure>\n\n\n\n<p>Tarkastelu-v\u00e4lilehdell\u00e4 voit suodattaa opintoja n\u00e4kyviin joko opinnon tyypin, niiden statuksen tai ajoituksen mukaan. Voit valita useita suodatuksia samaan aikaan. Opinnon tyyppi -kohdassa valittavissa ovat kaikki opinnot, pakolliset, vaihtoehtoiset ja vapaasti valittavat. Opinnon statuksen osalta vaihtoehdot ovat kaikki, suoritetut, suorittamatta, ilmoittauduttu ja ilmoittautuminen alkamassa. Ajoituksissa on valittavissa lukuvuosia, lukukausia ja periodeja.<\/p>\n\n\n\n<h2 class=\"wp-block-heading\">Infolaatikko<\/h2>\n\n\n\n<p>Infolaatikko aukeaa klikkaamalla HOPS-rakenteen oikeassa yl\u00e4kulmassa olevaa kysymysmerkki\u00e4. <img loading=\"lazy\" decoding=\"async\" width=\"30\" height=\"30\" class=\"alignnone wp-image-130\" src=\"https:\/\/help.jamk.fi\/peppi\/wp-content\/uploads\/sites\/130\/2020\/04\/opiPeppi-Kysymysmerkki.jpg\" alt=\"\"><\/p>\n\n\n\n<p>Infolaatikosta n\u00e4et opintojakson pakollisuudesta, suorituksen tilasta ja toteutusilmoittautumisen tilasta kertovien ikonien selitteet. Ikonit ovat opintojaksorivin vasemmassa reunassa. Opintojaksoon liittyvist\u00e4 merkinn\u00f6ist\u00e4 kertovat ikonit ovat puolestaan rivin lopussa.<\/p>\n\n\n\n<p>N\u00e4et ikonien selitteet my\u00f6s viem\u00e4ll\u00e4 hiiren ikonin p\u00e4\u00e4lle.<\/p>\n\n\n\n<h2 class=\"wp-block-heading\">Opintokokonaisuuden tai opintojakson kuvaus<\/h2>\n\n\n\n<p>Opintokokonaisuuden (moduulin) tai opintojakson kuvaus aukeaa ponnahdusikkunaan klikkaamalla sen nime\u00e4. Voit sulkea ikkunan joko painamalla <em>Peruuta<\/em> tai ikkunan oikeassa yl\u00e4kulmassa olevasta ruksista.<\/p>\n\n\n\n<p>Jos opintojaksosta on k\u00e4ynniss\u00e4 olevia tai tulevia toteutuksia, n\u00e4et toteutusten tiedot ponnahdusikkunassa. Klikkaa toteutuksen nime\u00e4 ja n\u00e4et toteutuksen tarkemmat tiedot. Voit ladata toteutuksen tiedot pdf-tiedostona.<\/p>\n\n\n\n<figure class=\"wp-block-image\"><img loading=\"lazy\" decoding=\"async\" width=\"1024\" height=\"530\" src=\"https:\/\/help.jamk.fi\/peppi\/wp-content\/uploads\/sites\/130\/2021\/03\/HOPS-Tarkastelu-Opintojakson-tiedot.jpg\" alt=\"HOPS tarkastelu opintojakson tiedot\" class=\"wp-image-1175\"\/><\/figure>\n\n\n\n<h2 class=\"wp-block-heading\">L\u00e4het\u00e4 HOPS kommentoitavaksi tai hyv\u00e4ksytt\u00e4v\u00e4ksi<\/h2>\n\n\n\n<p>Voit l\u00e4hett\u00e4\u00e4 luonnostilassa olevan HOPS-version kommenteille tai hyv\u00e4ksytt\u00e4v\u00e4ksi opettajatutorillesi. Klikkaa <em>L\u00e4het\u00e4 kommentoivaksi<\/em> tai <em>L\u00e4het\u00e4 hyv\u00e4ksytt\u00e4v\u00e4ksi<\/em>-painiketta. N\u00e4m\u00e4 painikkeet l\u00f6ytyv\u00e4t kaikilta HOPSin v\u00e4lilehdilt\u00e4. Avautuvassa ikkunassa lis\u00e4\u00e4 vastaanottajaksi ohjaajasi, kirjoita viestiketjun aihe ja viesti (muista allekirjoittaa viestisi) ja valitse <em>L\u00e4het\u00e4<\/em>. HOPSin kommentointi ja hyv\u00e4ksyminen ovat <em>HOPS-viestit<\/em> -tyyppi\u00e4.<\/p>\n\n\n\n<figure class=\"wp-block-image size-full is-resized\"><img loading=\"lazy\" decoding=\"async\" width=\"559\" height=\"662\" src=\"https:\/\/help.jamk.fi\/peppi\/wp-content\/uploads\/sites\/130\/2024\/10\/HOPSin-lahettaminen-hyvaksyttavaksi.jpg\" alt=\"\" class=\"wp-image-3328\" style=\"width:422px;height:auto\" srcset=\"https:\/\/help.jamk.fi\/peppi\/wp-content\/uploads\/sites\/130\/2024\/10\/HOPSin-lahettaminen-hyvaksyttavaksi.jpg 559w, https:\/\/help.jamk.fi\/peppi\/wp-content\/uploads\/sites\/130\/2024\/10\/HOPSin-lahettaminen-hyvaksyttavaksi-253x300.jpg 253w\" sizes=\"auto, (max-width: 559px) 100vw, 559px\" \/><\/figure>\n\n\n\n<p>HOPSin hyv\u00e4ksyminen lukitsee HOPS-version, jolloin et en\u00e4\u00e4 p\u00e4\u00e4se sit\u00e4 muokkaamaan. Hyv\u00e4ksytyn HOPSin pohjalta sinulle syntyy v\u00e4litt\u00f6m\u00e4sti luonnostilassa oleva uusi HOPS, jossa voit jatkaa opintojesi suunnittelua.<\/p>\n\n\n\n<h2 class=\"wp-block-heading\">Lis\u00e4\u00e4 merkint\u00e4 opintojaksolle tai opintokokonaisuudelle<\/h2>\n\n\n\n<p>Jokaiseen opintojaksoon tai opintokokonaisuuteen voit lis\u00e4t\u00e4 joko pelk\u00e4st\u00e4\u00e4n sinulle n\u00e4kyvi\u00e4 merkint\u00f6j\u00e4 (j\u00e4t\u00e4 vastaanottajakentt\u00e4 tyhj\u00e4ksi) tai my\u00f6s muille n\u00e4kyvi\u00e4 (esim. opettajatutorillesi) sen mukaan, ket\u00e4 valitset vastaanottajakentt\u00e4\u00e4n.  Jos et t\u00e4yt\u00e4 merkinn\u00e4lle vastaanottajatietoa, merkint\u00e4 on tarkasteltavissa vain sinulle itsellesi ja voit poistaa tekem\u00e4si merkinn\u00e4n. Toiselle henkil\u00f6lle jakamiasi merkint\u00f6j\u00e4 tai opettajan HOPSissasi oleville opintojaksoille tekemi\u00e4 merkint\u00f6j\u00e4 ei voi poistaa.<\/p>\n\n\n\n<p>Jos lis\u00e4\u00e4t vastaanottajia, kerro viestin aiheessa tai sis\u00e4lt\u00f6kent\u00e4ss\u00e4 mit\u00e4 opintojaksoa tai opintokokonaisuutta asia koskee. Vastaanottajalle ei n\u00e4y automaattisesti mille opintojaksolle tai opintokokonaisuudelle olet lis\u00e4nnyt merkinn\u00e4n.<\/p>\n\n\n\n<p>Merkint\u00e4 lis\u00e4t\u00e4\u00e4n klikkaamalla opintojakson tai opintokokonaisuuden j\u00e4lkeen samalla rivill\u00e4 olevaa <strong>+<\/strong> -ikonia tai puhekuplaa. T\u00e4yt\u00e4 vastaanottajat, merkinn\u00e4n aihe sek\u00e4 sis\u00e4lt\u00f6 ja paina <em>L\u00e4het\u00e4<\/em>.<\/p>\n\n\n\n<figure class=\"wp-block-image\"><img loading=\"lazy\" decoding=\"async\" width=\"1024\" height=\"261\" src=\"https:\/\/help.jamk.fi\/peppi\/wp-content\/uploads\/sites\/130\/2021\/03\/opiPeppi-HOPS-Tarkastelu-Lisaa-merkinta.jpg\" alt=\"N\u00e4kym\u00e4 Peppiss\u00e4\" class=\"wp-image-1249\"\/><\/figure>\n","protected":false},"excerpt":{"rendered":"<p>HOPSin Tarkastelu-v\u00e4lilehdell\u00e4 n\u00e4et henkil\u00f6kohtaisen opintosuunnitelmasi (HOPS). Opintosuunnitelma pohjautuu tutkintosi opetussuunnitelmaan. Voit seurata opintojesi etenemist\u00e4, suunnitella opintoja, ladata suoritusotteen, l\u00e4hett\u00e4\u00e4 HOPSin hyv\u00e4ksytt\u00e4v\u00e4ksi, tarkastella HOPSin merkint\u00f6j\u00e4, viestej\u00e4 ja sopimuksia sek\u00e4 seurata viimeisimpi\u00e4 muutoksia HOPSissa. T\u00e4lt\u00e4 sivulta, samoin kuin J\u00e4sentelyt-v\u00e4lilehdelt\u00e4, voit tulostaa itsellesi opintosuoritusotteen valinnasta Lataa opintosuoritusote (PDF). Voit sulkea ja avata n\u00e4kyviss\u00e4 olevaa rakennetta joko Sulje kaikki\/Avaa [&hellip;]<\/p>\n","protected":false},"author":77,"featured_media":0,"parent":2565,"menu_order":0,"comment_status":"closed","ping_status":"open","template":"","meta":{"_acf_changed":false,"_relevanssi_hide_post":"","_relevanssi_hide_content":"","_relevanssi_pin_for_all":"","_relevanssi_pin_keywords":"hops, ops, opintosuunnitelma","_relevanssi_unpin_keywords":"","_relevanssi_related_keywords":"","_relevanssi_related_include_ids":"","_relevanssi_related_exclude_ids":"","_relevanssi_related_no_append":"","_relevanssi_related_not_related":"","_relevanssi_related_posts":"","_relevanssi_noindex_reason":"","footnotes":""},"categories":[1],"tags":[],"class_list":["post-2568","page","type-page","status-publish","hentry","category-uncategorised"],"acf":[],"yoast_head":"<!-- This site is optimized with the Yoast SEO plugin v27.4 - https:\/\/yoast.com\/product\/yoast-seo-wordpress\/ -->\n<title>HOPS Tarkastelu - Peppi<\/title>\n<meta name=\"robots\" content=\"index, follow, max-snippet:-1, max-image-preview:large, max-video-preview:-1\" \/>\n<link rel=\"canonical\" href=\"https:\/\/help.jamk.fi\/peppi\/fi\/opintoni\/hopsin-tarkastelu\/\" \/>\n<meta property=\"og:locale\" content=\"fi_FI\" \/>\n<meta property=\"og:type\" content=\"article\" \/>\n<meta property=\"og:title\" content=\"HOPS Tarkastelu - Peppi\" \/>\n<meta property=\"og:description\" content=\"HOPSin Tarkastelu-v\u00e4lilehdell\u00e4 n\u00e4et henkil\u00f6kohtaisen opintosuunnitelmasi (HOPS). Opintosuunnitelma pohjautuu tutkintosi opetussuunnitelmaan. Voit seurata opintojesi etenemist\u00e4, suunnitella opintoja, ladata suoritusotteen, l\u00e4hett\u00e4\u00e4 HOPSin hyv\u00e4ksytt\u00e4v\u00e4ksi, tarkastella HOPSin merkint\u00f6j\u00e4, viestej\u00e4 ja sopimuksia sek\u00e4 seurata viimeisimpi\u00e4 muutoksia HOPSissa. T\u00e4lt\u00e4 sivulta, samoin kuin J\u00e4sentelyt-v\u00e4lilehdelt\u00e4, voit tulostaa itsellesi opintosuoritusotteen valinnasta Lataa opintosuoritusote (PDF). Voit sulkea ja avata n\u00e4kyviss\u00e4 olevaa rakennetta joko Sulje kaikki\/Avaa [&hellip;]\" \/>\n<meta property=\"og:url\" content=\"https:\/\/help.jamk.fi\/peppi\/fi\/opintoni\/hopsin-tarkastelu\/\" \/>\n<meta property=\"og:site_name\" content=\"Peppi\" \/>\n<meta property=\"article:modified_time\" content=\"2025-07-17T07:23:29+00:00\" \/>\n<meta property=\"og:image\" content=\"https:\/\/help.jamk.fi\/peppi\/wp-content\/uploads\/sites\/130\/2021\/03\/opiPeppi-HOPS-Tarkastelu-ja-ohjeet.jpg\" \/>\n\t<meta property=\"og:image:width\" content=\"1024\" \/>\n\t<meta property=\"og:image:height\" content=\"599\" \/>\n\t<meta property=\"og:image:type\" content=\"image\/jpeg\" \/>\n<meta name=\"twitter:card\" content=\"summary_large_image\" \/>\n<meta name=\"twitter:label1\" content=\"Arvioitu lukuaika\" \/>\n\t<meta name=\"twitter:data1\" content=\"5 minuuttia\" \/>\n<script type=\"application\/ld+json\" class=\"yoast-schema-graph\">{\"@context\":\"https:\\\/\\\/schema.org\",\"@graph\":[{\"@type\":\"WebPage\",\"@id\":\"https:\\\/\\\/help.jamk.fi\\\/peppi\\\/fi\\\/opintoni\\\/hopsin-tarkastelu\\\/\",\"url\":\"https:\\\/\\\/help.jamk.fi\\\/peppi\\\/fi\\\/opintoni\\\/hopsin-tarkastelu\\\/\",\"name\":\"HOPS Tarkastelu - Peppi\",\"isPartOf\":{\"@id\":\"https:\\\/\\\/help.jamk.fi\\\/peppi\\\/#website\"},\"primaryImageOfPage\":{\"@id\":\"https:\\\/\\\/help.jamk.fi\\\/peppi\\\/fi\\\/opintoni\\\/hopsin-tarkastelu\\\/#primaryimage\"},\"image\":{\"@id\":\"https:\\\/\\\/help.jamk.fi\\\/peppi\\\/fi\\\/opintoni\\\/hopsin-tarkastelu\\\/#primaryimage\"},\"thumbnailUrl\":\"https:\\\/\\\/help.jamk.fi\\\/peppi\\\/wp-content\\\/uploads\\\/sites\\\/130\\\/2021\\\/03\\\/opiPeppi-HOPS-Tarkastelu-ja-ohjeet.jpg\",\"datePublished\":\"2020-04-22T07:54:19+00:00\",\"dateModified\":\"2025-07-17T07:23:29+00:00\",\"breadcrumb\":{\"@id\":\"https:\\\/\\\/help.jamk.fi\\\/peppi\\\/fi\\\/opintoni\\\/hopsin-tarkastelu\\\/#breadcrumb\"},\"inLanguage\":\"fi\",\"potentialAction\":[{\"@type\":\"ReadAction\",\"target\":[\"https:\\\/\\\/help.jamk.fi\\\/peppi\\\/fi\\\/opintoni\\\/hopsin-tarkastelu\\\/\"]}]},{\"@type\":\"ImageObject\",\"inLanguage\":\"fi\",\"@id\":\"https:\\\/\\\/help.jamk.fi\\\/peppi\\\/fi\\\/opintoni\\\/hopsin-tarkastelu\\\/#primaryimage\",\"url\":\"https:\\\/\\\/help.jamk.fi\\\/peppi\\\/wp-content\\\/uploads\\\/sites\\\/130\\\/2021\\\/03\\\/opiPeppi-HOPS-Tarkastelu-ja-ohjeet.jpg\",\"contentUrl\":\"https:\\\/\\\/help.jamk.fi\\\/peppi\\\/wp-content\\\/uploads\\\/sites\\\/130\\\/2021\\\/03\\\/opiPeppi-HOPS-Tarkastelu-ja-ohjeet.jpg\",\"width\":1024,\"height\":599},{\"@type\":\"BreadcrumbList\",\"@id\":\"https:\\\/\\\/help.jamk.fi\\\/peppi\\\/fi\\\/opintoni\\\/hopsin-tarkastelu\\\/#breadcrumb\",\"itemListElement\":[{\"@type\":\"ListItem\",\"position\":1,\"name\":\"Home\",\"item\":\"https:\\\/\\\/help.jamk.fi\\\/peppi\\\/fi\\\/\"},{\"@type\":\"ListItem\",\"position\":2,\"name\":\"Opintoni\",\"item\":\"https:\\\/\\\/help.jamk.fi\\\/peppi\\\/fi\\\/opintoni\\\/\"},{\"@type\":\"ListItem\",\"position\":3,\"name\":\"HOPS Tarkastelu\"}]},{\"@type\":\"WebSite\",\"@id\":\"https:\\\/\\\/help.jamk.fi\\\/peppi\\\/#website\",\"url\":\"https:\\\/\\\/help.jamk.fi\\\/peppi\\\/\",\"name\":\"Peppi\",\"description\":\"\",\"potentialAction\":[{\"@type\":\"SearchAction\",\"target\":{\"@type\":\"EntryPoint\",\"urlTemplate\":\"https:\\\/\\\/help.jamk.fi\\\/peppi\\\/?s={search_term_string}\"},\"query-input\":{\"@type\":\"PropertyValueSpecification\",\"valueRequired\":true,\"valueName\":\"search_term_string\"}}],\"inLanguage\":\"fi\"}]}<\/script>\n<!-- \/ Yoast SEO plugin. -->","yoast_head_json":{"title":"HOPS Tarkastelu - Peppi","robots":{"index":"index","follow":"follow","max-snippet":"max-snippet:-1","max-image-preview":"max-image-preview:large","max-video-preview":"max-video-preview:-1"},"canonical":"https:\/\/help.jamk.fi\/peppi\/fi\/opintoni\/hopsin-tarkastelu\/","og_locale":"fi_FI","og_type":"article","og_title":"HOPS Tarkastelu - Peppi","og_description":"HOPSin Tarkastelu-v\u00e4lilehdell\u00e4 n\u00e4et henkil\u00f6kohtaisen opintosuunnitelmasi (HOPS). Opintosuunnitelma pohjautuu tutkintosi opetussuunnitelmaan. Voit seurata opintojesi etenemist\u00e4, suunnitella opintoja, ladata suoritusotteen, l\u00e4hett\u00e4\u00e4 HOPSin hyv\u00e4ksytt\u00e4v\u00e4ksi, tarkastella HOPSin merkint\u00f6j\u00e4, viestej\u00e4 ja sopimuksia sek\u00e4 seurata viimeisimpi\u00e4 muutoksia HOPSissa. T\u00e4lt\u00e4 sivulta, samoin kuin J\u00e4sentelyt-v\u00e4lilehdelt\u00e4, voit tulostaa itsellesi opintosuoritusotteen valinnasta Lataa opintosuoritusote (PDF). Voit sulkea ja avata n\u00e4kyviss\u00e4 olevaa rakennetta joko Sulje kaikki\/Avaa [&hellip;]","og_url":"https:\/\/help.jamk.fi\/peppi\/fi\/opintoni\/hopsin-tarkastelu\/","og_site_name":"Peppi","article_modified_time":"2025-07-17T07:23:29+00:00","og_image":[{"width":1024,"height":599,"url":"https:\/\/help.jamk.fi\/peppi\/wp-content\/uploads\/sites\/130\/2021\/03\/opiPeppi-HOPS-Tarkastelu-ja-ohjeet.jpg","type":"image\/jpeg"}],"twitter_card":"summary_large_image","twitter_misc":{"Arvioitu lukuaika":"5 minuuttia"},"schema":{"@context":"https:\/\/schema.org","@graph":[{"@type":"WebPage","@id":"https:\/\/help.jamk.fi\/peppi\/fi\/opintoni\/hopsin-tarkastelu\/","url":"https:\/\/help.jamk.fi\/peppi\/fi\/opintoni\/hopsin-tarkastelu\/","name":"HOPS Tarkastelu - Peppi","isPartOf":{"@id":"https:\/\/help.jamk.fi\/peppi\/#website"},"primaryImageOfPage":{"@id":"https:\/\/help.jamk.fi\/peppi\/fi\/opintoni\/hopsin-tarkastelu\/#primaryimage"},"image":{"@id":"https:\/\/help.jamk.fi\/peppi\/fi\/opintoni\/hopsin-tarkastelu\/#primaryimage"},"thumbnailUrl":"https:\/\/help.jamk.fi\/peppi\/wp-content\/uploads\/sites\/130\/2021\/03\/opiPeppi-HOPS-Tarkastelu-ja-ohjeet.jpg","datePublished":"2020-04-22T07:54:19+00:00","dateModified":"2025-07-17T07:23:29+00:00","breadcrumb":{"@id":"https:\/\/help.jamk.fi\/peppi\/fi\/opintoni\/hopsin-tarkastelu\/#breadcrumb"},"inLanguage":"fi","potentialAction":[{"@type":"ReadAction","target":["https:\/\/help.jamk.fi\/peppi\/fi\/opintoni\/hopsin-tarkastelu\/"]}]},{"@type":"ImageObject","inLanguage":"fi","@id":"https:\/\/help.jamk.fi\/peppi\/fi\/opintoni\/hopsin-tarkastelu\/#primaryimage","url":"https:\/\/help.jamk.fi\/peppi\/wp-content\/uploads\/sites\/130\/2021\/03\/opiPeppi-HOPS-Tarkastelu-ja-ohjeet.jpg","contentUrl":"https:\/\/help.jamk.fi\/peppi\/wp-content\/uploads\/sites\/130\/2021\/03\/opiPeppi-HOPS-Tarkastelu-ja-ohjeet.jpg","width":1024,"height":599},{"@type":"BreadcrumbList","@id":"https:\/\/help.jamk.fi\/peppi\/fi\/opintoni\/hopsin-tarkastelu\/#breadcrumb","itemListElement":[{"@type":"ListItem","position":1,"name":"Home","item":"https:\/\/help.jamk.fi\/peppi\/fi\/"},{"@type":"ListItem","position":2,"name":"Opintoni","item":"https:\/\/help.jamk.fi\/peppi\/fi\/opintoni\/"},{"@type":"ListItem","position":3,"name":"HOPS Tarkastelu"}]},{"@type":"WebSite","@id":"https:\/\/help.jamk.fi\/peppi\/#website","url":"https:\/\/help.jamk.fi\/peppi\/","name":"Peppi","description":"","potentialAction":[{"@type":"SearchAction","target":{"@type":"EntryPoint","urlTemplate":"https:\/\/help.jamk.fi\/peppi\/?s={search_term_string}"},"query-input":{"@type":"PropertyValueSpecification","valueRequired":true,"valueName":"search_term_string"}}],"inLanguage":"fi"}]}},"_links":{"self":[{"href":"https:\/\/help.jamk.fi\/peppi\/wp-json\/wp\/v2\/pages\/2568","targetHints":{"allow":["GET"]}}],"collection":[{"href":"https:\/\/help.jamk.fi\/peppi\/wp-json\/wp\/v2\/pages"}],"about":[{"href":"https:\/\/help.jamk.fi\/peppi\/wp-json\/wp\/v2\/types\/page"}],"author":[{"embeddable":true,"href":"https:\/\/help.jamk.fi\/peppi\/wp-json\/wp\/v2\/users\/77"}],"replies":[{"embeddable":true,"href":"https:\/\/help.jamk.fi\/peppi\/wp-json\/wp\/v2\/comments?post=2568"}],"version-history":[{"count":6,"href":"https:\/\/help.jamk.fi\/peppi\/wp-json\/wp\/v2\/pages\/2568\/revisions"}],"predecessor-version":[{"id":3580,"href":"https:\/\/help.jamk.fi\/peppi\/wp-json\/wp\/v2\/pages\/2568\/revisions\/3580"}],"up":[{"embeddable":true,"href":"https:\/\/help.jamk.fi\/peppi\/wp-json\/wp\/v2\/pages\/2565"}],"wp:attachment":[{"href":"https:\/\/help.jamk.fi\/peppi\/wp-json\/wp\/v2\/media?parent=2568"}],"wp:term":[{"taxonomy":"category","embeddable":true,"href":"https:\/\/help.jamk.fi\/peppi\/wp-json\/wp\/v2\/categories?post=2568"},{"taxonomy":"post_tag","embeddable":true,"href":"https:\/\/help.jamk.fi\/peppi\/wp-json\/wp\/v2\/tags?post=2568"}],"curies":[{"name":"wp","href":"https:\/\/api.w.org\/{rel}","templated":true}]}}