{"id":2571,"date":"2020-04-21T07:56:51","date_gmt":"2020-04-21T04:56:51","guid":{"rendered":"https:\/\/help.jamk.fi\/peppi\/opintoni\/ilmoittautumiset-opintojaksojen-toteutuksille\/"},"modified":"2025-08-21T12:33:28","modified_gmt":"2025-08-21T09:33:28","slug":"ilmoittautumiset-opintojaksojen-toteutuksille","status":"publish","type":"page","link":"https:\/\/help.jamk.fi\/peppi\/fi\/opintoni\/ilmoittautumiset-opintojaksojen-toteutuksille\/","title":{"rendered":"Ilmoittautumiset opintojaksojen toteutuksille"},"content":{"rendered":"\r\n<div id=\"embed-block_0ee7f0b8a41b1a11acc43fcfc214af9a\" class=\"embed block-embed\">\r\n      <div class=\"block-embed__wrapper\">\r\n\r\n      \r\n          <div class=\"block-embed__cookie-notice--wrapper\" id=\"cookie-notice\">\r\n              <div class=\"block-embed__cookie-notice--text\">\r\n                                    <p>Hyv\u00e4ksy v\u00e4ltt\u00e4m\u00e4tt\u00f6m\u00e4t ev\u00e4steet n\u00e4hd\u00e4ksesi upotetun sis\u00e4ll\u00f6n: marketing, analytics, preferences.<\/p>\r\n                  <a href=\"#\" class=\"ch2-open-settings-btn\"> Hyv\u00e4ksy v\u00e4ltt\u00e4m\u00e4tt\u00f6m\u00e4t ev\u00e4steet<\/a>\r\n              <\/div>\r\n              <div class=\"block-embed__cookie-reload-notice\">\r\n                  <p class=\"cookie-reload-text\">\r\n                    (Jos olet hyv\u00e4ksynyt ev\u00e4steet, mutta n\u00e4et silti t\u00e4m\u00e4n viestin, lataa sivu uudelleen.)                  <\/p>\r\n                  <a href=\"#\" onclick=\"location.reload(); return false;\">\r\n                    Lataa sivu uudelleen                  <\/a>\r\n              <\/div>\r\n          <\/div>\r\n\r\n      \r\n      <\/div>\r\n<\/div>\r\n\n\n\n<p>HOPSin <em>Ilmoittautumiset<\/em>-v\u00e4lilehdell\u00e4 p\u00e4\u00e4set ilmoittautumaan opintojaksojen toteutuksille ilmoittautumisajan ollessa k\u00e4ynniss\u00e4. N\u00e4kym\u00e4ss\u00e4 n\u00e4et kaikki ilmoittautumisesi sek\u00e4 ne opintojaksojen toteutukset, joille HOPSin mukaan voisit ilmoittautua.<\/p>\n\n\n\n<p>Ilmoittautumiset n\u00e4kyv\u00e4t kolmen alaotsikon alla: Ilmoittautuminen k\u00e4ynniss\u00e4, Ilmoittautumiset: Tulevat ja k\u00e4ynniss\u00e4 olevat toteutukset; Imoittautumiset: Menneet toteutukset.<\/p>\n\n\n\n<figure class=\"wp-block-image size-large is-resized\"><img loading=\"lazy\" decoding=\"async\" width=\"1024\" height=\"442\" src=\"https:\/\/help.jamk.fi\/peppi\/wp-content\/uploads\/sites\/130\/2024\/02\/HOPS-ilmoittautumiset-4.7-1024x442.png\" alt=\"\" class=\"wp-image-3202\" style=\"width:952px;height:auto\" srcset=\"https:\/\/help.jamk.fi\/peppi\/wp-content\/uploads\/sites\/130\/2024\/02\/HOPS-ilmoittautumiset-4.7-1024x442.png 1024w, https:\/\/help.jamk.fi\/peppi\/wp-content\/uploads\/sites\/130\/2024\/02\/HOPS-ilmoittautumiset-4.7-300x129.png 300w, https:\/\/help.jamk.fi\/peppi\/wp-content\/uploads\/sites\/130\/2024\/02\/HOPS-ilmoittautumiset-4.7-768x331.png 768w, https:\/\/help.jamk.fi\/peppi\/wp-content\/uploads\/sites\/130\/2024\/02\/HOPS-ilmoittautumiset-4.7-1536x662.png 1536w, https:\/\/help.jamk.fi\/peppi\/wp-content\/uploads\/sites\/130\/2024\/02\/HOPS-ilmoittautumiset-4.7.png 2048w\" sizes=\"auto, (max-width: 1024px) 100vw, 1024px\" \/><\/figure>\n\n\n\n<div id=\"accordion-block_9c27e0a7687134f7a861440cded68dd9\" class=\"accordion block-accordion\">\n  <div class=\"block-accordion__element-header\">\n          <h2>Ilmoittautuminen toteutuksille<\/h2>\n      <\/div>\n  <div class=\"block-accordion__accordions\">\n                  <div class=\"accordion-item\">\n          <h2 class=\"h6 accordion-title\">\n            <button id=\"accordion-header-1\" class=\"accordion-header\" aria-expanded=\"false\" aria-controls=\"accordion-panel-1\">\n              Opintojen haku ja lukuj\u00e4rjestyksen suunnittelu              <div class='plus-icon' itemprop='logo'><svg aria-hidden=\"true\" viewBox=\"0 0 16 16\" fill=\"none\" xmlns=\"http:\/\/www.w3.org\/2000\/svg\"><path d=\"M8.92 7.1V.06H7.2V7.1H.12v1.72H7.2v7.12h1.72V8.82H16V7.1H8.92z\" fill=\"#0D004C\"\/><\/svg><\/div>              <div class='minus-icon' itemprop='logo'><svg aria-hidden=\"true\" viewBox=\"0 0 14 2\" fill=\"none\" xmlns=\"http:\/\/www.w3.org\/2000\/svg\"><path d=\"M14 1.88H.88V.12H14v1.76z\" fill=\"#fff\"\/><\/svg><\/div>            <\/button>\n          <\/h2>\n          <div class=\"accordion-section-wrapper\">\n            <section id=\"accordion-panel-1\" class=\"accordion-panel\" aria-labelledby=\"accordion-header-1\">\n              <p><!-- wp:paragraph --><\/p>\n<p>P\u00e4\u00e4set katsomaan ja suunnittelemaan lukuj\u00e4rjestyksi\u00e4 <a href=\"https:\/\/lukkarit.peppi.jamk.fi\">Lukkarikoneesta<\/a>. Voit hakea toteutusten aikatauluja toteutuksen koodilla tai ryhm\u00e4n nimell\u00e4 sek\u00e4 lis\u00e4t\u00e4 toteutuksia ilmoittautumisesi tai ryhm\u00e4n perusteella. <a href=\"https:\/\/help.jamk.fi\/peppi\/kalenteri\/lukkarikone\/\">Tutustu lukkarikoneen ohjeisiin t\u00e4\u00e4ll\u00e4<\/a>.<\/p>\n<p>Hae lis\u00e4\u00e4 toteutuksia, joissa ilmoittautumisaika on k\u00e4ynniss\u00e4 klikkaamalla <em>+ Hae opintoja<\/em> -painiketta. Kirjoita hakusana (opintojakson koodi tai nimi) tekstikentt\u00e4\u00e4n ja paina <em>Enter<\/em> tai <em>Hae<\/em>. Alle listautuvat kyseisen opintojakson ne toteutukset, joissa ilmoittautuminen on k\u00e4ynniss\u00e4.<\/p>\n<p>Mik\u00e4li opintojakson koodi tai nimi ei ole tiedossasi, voit etsi\u00e4 opintojaksoja esimerkiksi <a href=\"https:\/\/opintohaku.jamk.fi\/\">Opintohaku<\/a>-palvelussa tai <a href=\"https:\/\/opetussuunnitelmat.peppi.jamk.fi\/?lang=fi\">OPS-liit\u00e4nn\u00e4isest\u00e4<\/a>.<\/p>\n<p><!-- wp:image {\"id\":1216} --><\/p>\n<figure class=\"wp-block-image\"><img loading=\"lazy\" decoding=\"async\" width=\"1024\" height=\"302\" class=\"wp-image-1216\" src=\"https:\/\/help.jamk.fi\/peppi\/wp-content\/uploads\/sites\/130\/2021\/03\/Ilmoittautuminen-toteutukselle-Hae-opintoja-Ohje.jpg\" alt=\"\" \/><\/figure>\n<p><!-- \/wp:image --><\/p>\n<p><!-- \/wp:paragraph --><\/p>\n            <\/section>\n          <\/div>\n        <\/div>\n              <div class=\"accordion-item\">\n          <h2 class=\"h6 accordion-title\">\n            <button id=\"accordion-header-2\" class=\"accordion-header\" aria-expanded=\"false\" aria-controls=\"accordion-panel-2\">\n              Ilmoittautuminen opintojaksolle              <div class='plus-icon' itemprop='logo'><svg aria-hidden=\"true\" viewBox=\"0 0 16 16\" fill=\"none\" xmlns=\"http:\/\/www.w3.org\/2000\/svg\"><path d=\"M8.92 7.1V.06H7.2V7.1H.12v1.72H7.2v7.12h1.72V8.82H16V7.1H8.92z\" fill=\"#0D004C\"\/><\/svg><\/div>              <div class='minus-icon' itemprop='logo'><svg aria-hidden=\"true\" viewBox=\"0 0 14 2\" fill=\"none\" xmlns=\"http:\/\/www.w3.org\/2000\/svg\"><path d=\"M14 1.88H.88V.12H14v1.76z\" fill=\"#fff\"\/><\/svg><\/div>            <\/button>\n          <\/h2>\n          <div class=\"accordion-section-wrapper\">\n            <section id=\"accordion-panel-2\" class=\"accordion-panel\" aria-labelledby=\"accordion-header-2\">\n              <p>Opintojakso-rivill\u00e4 olevasta <em>Ilmoittaudu<\/em>-painikkeesta voit suoraan ilmoittautua kyseiselle toteutukselle.<\/p>\n<p><!-- wp:paragraph --><\/p>\n<p>Huomioithan, ett\u00e4 n\u00e4et toteutuksen lukuj\u00e4rjestyksen, vaikka ilmoittautumistasi ei ole hyv\u00e4ksytty. Toteutuksen lukuj\u00e4rjestys poistuu kalenteristasi, jos opettaja hylk\u00e4\u00e4 ilmoittautumisesi toteutukselta.<\/p>\n<p><!-- \/wp:paragraph --> <!-- wp:paragraph --><\/p>\n<p>Saat lukuj\u00e4rjestyksesi n\u00e4kym\u00e4\u00e4n kalenterissasi, kun klikkaat <em>Toteutukset<\/em>-kent\u00e4n oikeassa yl\u00e4kulmassa olevaa <em>Omat toteutukset<\/em> -painiketta. Kalenterissa n\u00e4kyy niiden toteutusten lukuj\u00e4rjestys, joille olet ilmoittautunut ja joille on tehty lukuj\u00e4rjestys.<\/p>\n<p>Huom! Toteutukselle ilmoittautuessa on pakollista ilmoittautua my\u00f6s pienryhm\u00e4\u00e4n, jos sellaisia toteutuksella on. Jos toteutuksellasi on pienryhmi\u00e4, ainoastaan Tuudo n\u00e4ytt\u00e4\u00e4 pelk\u00e4st\u00e4\u00e4n oman pienryhm\u00e4si varaukset. Jos Tuudo n\u00e4ytt\u00e4\u00e4 kaikkien pienryhmien varaukset, voit piilottaa v\u00e4\u00e4r\u00e4t varaukset. Pepin kalenteri ja lukkarikone n\u00e4ytt\u00e4\u00e4 kaikkien pienryhmien varaukset, vaikka olisit ilmoittautunut vain tiettyyn pienryhm\u00e4\u00e4n. N\u00e4et pienryhm\u00e4si, kun menet HOPSin Ilmoittautumiset-v\u00e4lilehdelle ja katsot alalaidan Ilmoittautumiset-valikkoa.<\/p>\n<p>Voit piilottaa v\u00e4\u00e4rien pienryhmien varaukset lukkarikoneen ja Tuudon kalentereista. Etsi haluamasi varaukset, klikkaa varausta ja klikkaa Piilota tapahtuma -painiketta. Pepin kalenterista et voi poistaa etk\u00e4 piilottaa v\u00e4\u00e4rien pienryhmien varauksia. Jos olet synkronoinut Pepin varaukset Outlookiin, voit poistaa v\u00e4\u00e4rien pienryhmien varaukset sielt\u00e4 k\u00e4sin.<\/p>\n<p><!-- \/wp:paragraph --><\/p>\n            <\/section>\n          <\/div>\n        <\/div>\n              <div class=\"accordion-item\">\n          <h2 class=\"h6 accordion-title\">\n            <button id=\"accordion-header-3\" class=\"accordion-header\" aria-expanded=\"false\" aria-controls=\"accordion-panel-3\">\n              Ilmoittautumisen peruminen              <div class='plus-icon' itemprop='logo'><svg aria-hidden=\"true\" viewBox=\"0 0 16 16\" fill=\"none\" xmlns=\"http:\/\/www.w3.org\/2000\/svg\"><path d=\"M8.92 7.1V.06H7.2V7.1H.12v1.72H7.2v7.12h1.72V8.82H16V7.1H8.92z\" fill=\"#0D004C\"\/><\/svg><\/div>              <div class='minus-icon' itemprop='logo'><svg aria-hidden=\"true\" viewBox=\"0 0 14 2\" fill=\"none\" xmlns=\"http:\/\/www.w3.org\/2000\/svg\"><path d=\"M14 1.88H.88V.12H14v1.76z\" fill=\"#fff\"\/><\/svg><\/div>            <\/button>\n          <\/h2>\n          <div class=\"accordion-section-wrapper\">\n            <section id=\"accordion-panel-3\" class=\"accordion-panel\" aria-labelledby=\"accordion-header-3\">\n              <p>Ilmoittautumisajan puitteissa sinulla on mahdollisuus peruuttaa ilmoittautumisesi niin kauan kunnes opintojakson toteutuksesta vastaava opettaja on joko hyv\u00e4ksynyt ilmoittautumisesi tai hyl\u00e4nnyt sen. Mik\u00e4li hyv\u00e4ksymisen j\u00e4lkeen haluat peruttaa osallistumisesi, sinun tulee olla yhteydess\u00e4 opintojakson toteutuksesta vastaavaan opettajaan.<\/p>\n<p>Peruuta ilmoittautuminen, mik\u00e4li et aio osallistua opintojaksolle. Voit perua ilmoittautumisesi klikkaamalla\u00a0<em>Peruuta<\/em>-painiketta. Kun ilmoittautumisaika on loppunut tai ilmoittautumisesi on hyv\u00e4ksytty, <em>Peruuta<\/em>-painiketta ei en\u00e4\u00e4 n\u00e4y opiskelijalle. Ota t\u00e4ll\u00f6in yhteytt\u00e4 opintojakson toteutuksesta vastaavaan opettajaan, joka voi peruuttaa ilmoittautumisesi opintojaksolle.<\/p>\n            <\/section>\n          <\/div>\n        <\/div>\n              <div class=\"accordion-item\">\n          <h2 class=\"h6 accordion-title\">\n            <button id=\"accordion-header-4\" class=\"accordion-header\" aria-expanded=\"false\" aria-controls=\"accordion-panel-4\">\n              Ilmoittautumisen hyv\u00e4ksynt\u00e4              <div class='plus-icon' itemprop='logo'><svg aria-hidden=\"true\" viewBox=\"0 0 16 16\" fill=\"none\" xmlns=\"http:\/\/www.w3.org\/2000\/svg\"><path d=\"M8.92 7.1V.06H7.2V7.1H.12v1.72H7.2v7.12h1.72V8.82H16V7.1H8.92z\" fill=\"#0D004C\"\/><\/svg><\/div>              <div class='minus-icon' itemprop='logo'><svg aria-hidden=\"true\" viewBox=\"0 0 14 2\" fill=\"none\" xmlns=\"http:\/\/www.w3.org\/2000\/svg\"><path d=\"M14 1.88H.88V.12H14v1.76z\" fill=\"#fff\"\/><\/svg><\/div>            <\/button>\n          <\/h2>\n          <div class=\"accordion-section-wrapper\">\n            <section id=\"accordion-panel-4\" class=\"accordion-panel\" aria-labelledby=\"accordion-header-4\">\n              <p><!-- wp:paragraph --><\/p>\n<p>Ilmoittautumisten hyv\u00e4ksyminen tapahtuu seuraavassa j\u00e4rjestyksess\u00e4:<\/p>\n<p><!-- \/wp:paragraph --> <!-- wp:list --><\/p>\n<ul><!-- wp:list-item --><\/p>\n<li>opiskelijat, joiden ryhm\u00e4lle kyseinen opintojakso on suunnattu<\/li>\n<p><!-- \/wp:list-item --> <!-- wp:list-item --><\/p>\n<li>opiskelijat, joille opintojakso on pakollinen<\/li>\n<p><!-- \/wp:list-item --> <!-- wp:list-item --><\/p>\n<li>opiskelijat, joiden tutkinto-ohjelma j\u00e4rjest\u00e4\u00e4 kyseisen opintojakson toteutuksen<\/li>\n<p><!-- \/wp:list-item --> <!-- wp:list-item --><\/p>\n<li>opiskelijat ilmoittautumisj\u00e4rjestyksess\u00e4 mahdollisesti auki j\u00e4\u00e4ville paikoille.<\/li>\n<p><!-- \/wp:list-item --><\/ul>\n<p><!-- \/wp:list --> <!-- wp:paragraph --><\/p>\n<p>Kaikille yhteisten ja vapaasti valittavien opintojaksojen toteutuksille opiskelijoita hyv\u00e4ksyt\u00e4\u00e4n p\u00e4\u00e4s\u00e4\u00e4nt\u00f6isesti ilmoittautumisj\u00e4rjestyksess\u00e4.<\/p>\n<p><!-- \/wp:paragraph --><\/p>\n            <\/section>\n          <\/div>\n        <\/div>\n            <\/div>\n<\/div>","protected":false},"excerpt":{"rendered":"<p>HOPSin Ilmoittautumiset-v\u00e4lilehdell\u00e4 p\u00e4\u00e4set ilmoittautumaan opintojaksojen toteutuksille ilmoittautumisajan ollessa k\u00e4ynniss\u00e4. N\u00e4kym\u00e4ss\u00e4 n\u00e4et kaikki ilmoittautumisesi sek\u00e4 ne opintojaksojen toteutukset, joille HOPSin mukaan voisit ilmoittautua. Ilmoittautumiset n\u00e4kyv\u00e4t kolmen alaotsikon alla: Ilmoittautuminen k\u00e4ynniss\u00e4, Ilmoittautumiset: Tulevat ja k\u00e4ynniss\u00e4 olevat toteutukset; Imoittautumiset: Menneet toteutukset.<\/p>\n","protected":false},"author":79,"featured_media":0,"parent":2565,"menu_order":0,"comment_status":"closed","ping_status":"open","template":"","meta":{"_acf_changed":false,"_relevanssi_hide_post":"","_relevanssi_hide_content":"","_relevanssi_pin_for_all":"","_relevanssi_pin_keywords":"ilmoittautuminen, kurssi, opintojakso, ilmottautuminen","_relevanssi_unpin_keywords":"","_relevanssi_related_keywords":"","_relevanssi_related_include_ids":"","_relevanssi_related_exclude_ids":"","_relevanssi_related_no_append":"","_relevanssi_related_not_related":"","_relevanssi_related_posts":"","_relevanssi_noindex_reason":"","footnotes":""},"categories":[1],"tags":[],"class_list":["post-2571","page","type-page","status-publish","hentry","category-uncategorised"],"acf":[],"yoast_head":"<!-- This site is optimized with the Yoast SEO plugin v27.3 - https:\/\/yoast.com\/product\/yoast-seo-wordpress\/ -->\n<title>Ilmoittautumiset opintojaksojen toteutuksille - Peppi<\/title>\n<meta name=\"robots\" content=\"index, follow, max-snippet:-1, max-image-preview:large, max-video-preview:-1\" \/>\n<link rel=\"canonical\" href=\"https:\/\/help.jamk.fi\/peppi\/fi\/opintoni\/ilmoittautumiset-opintojaksojen-toteutuksille\/\" \/>\n<meta property=\"og:locale\" content=\"fi_FI\" \/>\n<meta property=\"og:type\" content=\"article\" \/>\n<meta property=\"og:title\" content=\"Ilmoittautumiset opintojaksojen toteutuksille - Peppi\" \/>\n<meta property=\"og:description\" content=\"HOPSin Ilmoittautumiset-v\u00e4lilehdell\u00e4 p\u00e4\u00e4set ilmoittautumaan opintojaksojen toteutuksille ilmoittautumisajan ollessa k\u00e4ynniss\u00e4. N\u00e4kym\u00e4ss\u00e4 n\u00e4et kaikki ilmoittautumisesi sek\u00e4 ne opintojaksojen toteutukset, joille HOPSin mukaan voisit ilmoittautua. Ilmoittautumiset n\u00e4kyv\u00e4t kolmen alaotsikon alla: Ilmoittautuminen k\u00e4ynniss\u00e4, Ilmoittautumiset: Tulevat ja k\u00e4ynniss\u00e4 olevat toteutukset; Imoittautumiset: Menneet toteutukset.\" \/>\n<meta property=\"og:url\" content=\"https:\/\/help.jamk.fi\/peppi\/fi\/opintoni\/ilmoittautumiset-opintojaksojen-toteutuksille\/\" \/>\n<meta property=\"og:site_name\" content=\"Peppi\" \/>\n<meta property=\"article:modified_time\" content=\"2025-08-21T09:33:28+00:00\" \/>\n<meta property=\"og:image\" content=\"https:\/\/help.jamk.fi\/peppi\/wp-content\/uploads\/sites\/130\/2024\/02\/HOPS-ilmoittautumiset-4.7.png\" \/>\n\t<meta property=\"og:image:width\" content=\"2048\" \/>\n\t<meta property=\"og:image:height\" content=\"883\" \/>\n\t<meta property=\"og:image:type\" content=\"image\/png\" \/>\n<meta name=\"twitter:card\" content=\"summary_large_image\" \/>\n<meta name=\"twitter:label1\" content=\"Arvioitu lukuaika\" \/>\n\t<meta name=\"twitter:data1\" content=\"1 minuutti\" \/>\n<script type=\"application\/ld+json\" class=\"yoast-schema-graph\">{\"@context\":\"https:\\\/\\\/schema.org\",\"@graph\":[{\"@type\":\"WebPage\",\"@id\":\"https:\\\/\\\/help.jamk.fi\\\/peppi\\\/fi\\\/opintoni\\\/ilmoittautumiset-opintojaksojen-toteutuksille\\\/\",\"url\":\"https:\\\/\\\/help.jamk.fi\\\/peppi\\\/fi\\\/opintoni\\\/ilmoittautumiset-opintojaksojen-toteutuksille\\\/\",\"name\":\"Ilmoittautumiset opintojaksojen toteutuksille - Peppi\",\"isPartOf\":{\"@id\":\"https:\\\/\\\/help.jamk.fi\\\/peppi\\\/#website\"},\"primaryImageOfPage\":{\"@id\":\"https:\\\/\\\/help.jamk.fi\\\/peppi\\\/fi\\\/opintoni\\\/ilmoittautumiset-opintojaksojen-toteutuksille\\\/#primaryimage\"},\"image\":{\"@id\":\"https:\\\/\\\/help.jamk.fi\\\/peppi\\\/fi\\\/opintoni\\\/ilmoittautumiset-opintojaksojen-toteutuksille\\\/#primaryimage\"},\"thumbnailUrl\":\"https:\\\/\\\/help.jamk.fi\\\/peppi\\\/wp-content\\\/uploads\\\/sites\\\/130\\\/2024\\\/02\\\/HOPS-ilmoittautumiset-4.7-1024x442.png\",\"datePublished\":\"2020-04-21T04:56:51+00:00\",\"dateModified\":\"2025-08-21T09:33:28+00:00\",\"breadcrumb\":{\"@id\":\"https:\\\/\\\/help.jamk.fi\\\/peppi\\\/fi\\\/opintoni\\\/ilmoittautumiset-opintojaksojen-toteutuksille\\\/#breadcrumb\"},\"inLanguage\":\"fi\",\"potentialAction\":[{\"@type\":\"ReadAction\",\"target\":[\"https:\\\/\\\/help.jamk.fi\\\/peppi\\\/fi\\\/opintoni\\\/ilmoittautumiset-opintojaksojen-toteutuksille\\\/\"]}]},{\"@type\":\"ImageObject\",\"inLanguage\":\"fi\",\"@id\":\"https:\\\/\\\/help.jamk.fi\\\/peppi\\\/fi\\\/opintoni\\\/ilmoittautumiset-opintojaksojen-toteutuksille\\\/#primaryimage\",\"url\":\"https:\\\/\\\/help.jamk.fi\\\/peppi\\\/wp-content\\\/uploads\\\/sites\\\/130\\\/2024\\\/02\\\/HOPS-ilmoittautumiset-4.7.png\",\"contentUrl\":\"https:\\\/\\\/help.jamk.fi\\\/peppi\\\/wp-content\\\/uploads\\\/sites\\\/130\\\/2024\\\/02\\\/HOPS-ilmoittautumiset-4.7.png\",\"width\":2048,\"height\":883},{\"@type\":\"BreadcrumbList\",\"@id\":\"https:\\\/\\\/help.jamk.fi\\\/peppi\\\/fi\\\/opintoni\\\/ilmoittautumiset-opintojaksojen-toteutuksille\\\/#breadcrumb\",\"itemListElement\":[{\"@type\":\"ListItem\",\"position\":1,\"name\":\"Home\",\"item\":\"https:\\\/\\\/help.jamk.fi\\\/peppi\\\/fi\\\/\"},{\"@type\":\"ListItem\",\"position\":2,\"name\":\"Opintoni\",\"item\":\"https:\\\/\\\/help.jamk.fi\\\/peppi\\\/fi\\\/opintoni\\\/\"},{\"@type\":\"ListItem\",\"position\":3,\"name\":\"Ilmoittautumiset opintojaksojen toteutuksille\"}]},{\"@type\":\"WebSite\",\"@id\":\"https:\\\/\\\/help.jamk.fi\\\/peppi\\\/#website\",\"url\":\"https:\\\/\\\/help.jamk.fi\\\/peppi\\\/\",\"name\":\"Peppi\",\"description\":\"\",\"potentialAction\":[{\"@type\":\"SearchAction\",\"target\":{\"@type\":\"EntryPoint\",\"urlTemplate\":\"https:\\\/\\\/help.jamk.fi\\\/peppi\\\/?s={search_term_string}\"},\"query-input\":{\"@type\":\"PropertyValueSpecification\",\"valueRequired\":true,\"valueName\":\"search_term_string\"}}],\"inLanguage\":\"fi\"}]}<\/script>\n<!-- \/ Yoast SEO plugin. -->","yoast_head_json":{"title":"Ilmoittautumiset opintojaksojen toteutuksille - Peppi","robots":{"index":"index","follow":"follow","max-snippet":"max-snippet:-1","max-image-preview":"max-image-preview:large","max-video-preview":"max-video-preview:-1"},"canonical":"https:\/\/help.jamk.fi\/peppi\/fi\/opintoni\/ilmoittautumiset-opintojaksojen-toteutuksille\/","og_locale":"fi_FI","og_type":"article","og_title":"Ilmoittautumiset opintojaksojen toteutuksille - Peppi","og_description":"HOPSin Ilmoittautumiset-v\u00e4lilehdell\u00e4 p\u00e4\u00e4set ilmoittautumaan opintojaksojen toteutuksille ilmoittautumisajan ollessa k\u00e4ynniss\u00e4. N\u00e4kym\u00e4ss\u00e4 n\u00e4et kaikki ilmoittautumisesi sek\u00e4 ne opintojaksojen toteutukset, joille HOPSin mukaan voisit ilmoittautua. Ilmoittautumiset n\u00e4kyv\u00e4t kolmen alaotsikon alla: Ilmoittautuminen k\u00e4ynniss\u00e4, Ilmoittautumiset: Tulevat ja k\u00e4ynniss\u00e4 olevat toteutukset; Imoittautumiset: Menneet toteutukset.","og_url":"https:\/\/help.jamk.fi\/peppi\/fi\/opintoni\/ilmoittautumiset-opintojaksojen-toteutuksille\/","og_site_name":"Peppi","article_modified_time":"2025-08-21T09:33:28+00:00","og_image":[{"width":2048,"height":883,"url":"https:\/\/help.jamk.fi\/peppi\/wp-content\/uploads\/sites\/130\/2024\/02\/HOPS-ilmoittautumiset-4.7.png","type":"image\/png"}],"twitter_card":"summary_large_image","twitter_misc":{"Arvioitu lukuaika":"1 minuutti"},"schema":{"@context":"https:\/\/schema.org","@graph":[{"@type":"WebPage","@id":"https:\/\/help.jamk.fi\/peppi\/fi\/opintoni\/ilmoittautumiset-opintojaksojen-toteutuksille\/","url":"https:\/\/help.jamk.fi\/peppi\/fi\/opintoni\/ilmoittautumiset-opintojaksojen-toteutuksille\/","name":"Ilmoittautumiset opintojaksojen toteutuksille - Peppi","isPartOf":{"@id":"https:\/\/help.jamk.fi\/peppi\/#website"},"primaryImageOfPage":{"@id":"https:\/\/help.jamk.fi\/peppi\/fi\/opintoni\/ilmoittautumiset-opintojaksojen-toteutuksille\/#primaryimage"},"image":{"@id":"https:\/\/help.jamk.fi\/peppi\/fi\/opintoni\/ilmoittautumiset-opintojaksojen-toteutuksille\/#primaryimage"},"thumbnailUrl":"https:\/\/help.jamk.fi\/peppi\/wp-content\/uploads\/sites\/130\/2024\/02\/HOPS-ilmoittautumiset-4.7-1024x442.png","datePublished":"2020-04-21T04:56:51+00:00","dateModified":"2025-08-21T09:33:28+00:00","breadcrumb":{"@id":"https:\/\/help.jamk.fi\/peppi\/fi\/opintoni\/ilmoittautumiset-opintojaksojen-toteutuksille\/#breadcrumb"},"inLanguage":"fi","potentialAction":[{"@type":"ReadAction","target":["https:\/\/help.jamk.fi\/peppi\/fi\/opintoni\/ilmoittautumiset-opintojaksojen-toteutuksille\/"]}]},{"@type":"ImageObject","inLanguage":"fi","@id":"https:\/\/help.jamk.fi\/peppi\/fi\/opintoni\/ilmoittautumiset-opintojaksojen-toteutuksille\/#primaryimage","url":"https:\/\/help.jamk.fi\/peppi\/wp-content\/uploads\/sites\/130\/2024\/02\/HOPS-ilmoittautumiset-4.7.png","contentUrl":"https:\/\/help.jamk.fi\/peppi\/wp-content\/uploads\/sites\/130\/2024\/02\/HOPS-ilmoittautumiset-4.7.png","width":2048,"height":883},{"@type":"BreadcrumbList","@id":"https:\/\/help.jamk.fi\/peppi\/fi\/opintoni\/ilmoittautumiset-opintojaksojen-toteutuksille\/#breadcrumb","itemListElement":[{"@type":"ListItem","position":1,"name":"Home","item":"https:\/\/help.jamk.fi\/peppi\/fi\/"},{"@type":"ListItem","position":2,"name":"Opintoni","item":"https:\/\/help.jamk.fi\/peppi\/fi\/opintoni\/"},{"@type":"ListItem","position":3,"name":"Ilmoittautumiset opintojaksojen toteutuksille"}]},{"@type":"WebSite","@id":"https:\/\/help.jamk.fi\/peppi\/#website","url":"https:\/\/help.jamk.fi\/peppi\/","name":"Peppi","description":"","potentialAction":[{"@type":"SearchAction","target":{"@type":"EntryPoint","urlTemplate":"https:\/\/help.jamk.fi\/peppi\/?s={search_term_string}"},"query-input":{"@type":"PropertyValueSpecification","valueRequired":true,"valueName":"search_term_string"}}],"inLanguage":"fi"}]}},"_links":{"self":[{"href":"https:\/\/help.jamk.fi\/peppi\/wp-json\/wp\/v2\/pages\/2571","targetHints":{"allow":["GET"]}}],"collection":[{"href":"https:\/\/help.jamk.fi\/peppi\/wp-json\/wp\/v2\/pages"}],"about":[{"href":"https:\/\/help.jamk.fi\/peppi\/wp-json\/wp\/v2\/types\/page"}],"author":[{"embeddable":true,"href":"https:\/\/help.jamk.fi\/peppi\/wp-json\/wp\/v2\/users\/79"}],"replies":[{"embeddable":true,"href":"https:\/\/help.jamk.fi\/peppi\/wp-json\/wp\/v2\/comments?post=2571"}],"version-history":[{"count":17,"href":"https:\/\/help.jamk.fi\/peppi\/wp-json\/wp\/v2\/pages\/2571\/revisions"}],"predecessor-version":[{"id":3657,"href":"https:\/\/help.jamk.fi\/peppi\/wp-json\/wp\/v2\/pages\/2571\/revisions\/3657"}],"up":[{"embeddable":true,"href":"https:\/\/help.jamk.fi\/peppi\/wp-json\/wp\/v2\/pages\/2565"}],"wp:attachment":[{"href":"https:\/\/help.jamk.fi\/peppi\/wp-json\/wp\/v2\/media?parent=2571"}],"wp:term":[{"taxonomy":"category","embeddable":true,"href":"https:\/\/help.jamk.fi\/peppi\/wp-json\/wp\/v2\/categories?post=2571"},{"taxonomy":"post_tag","embeddable":true,"href":"https:\/\/help.jamk.fi\/peppi\/wp-json\/wp\/v2\/tags?post=2571"}],"curies":[{"name":"wp","href":"https:\/\/api.w.org\/{rel}","templated":true}]}}