{"id":2572,"date":"2020-04-22T11:17:57","date_gmt":"2020-04-22T08:17:57","guid":{"rendered":"https:\/\/help.jamk.fi\/peppi\/opintosuoritukset\/"},"modified":"2025-07-17T10:25:09","modified_gmt":"2025-07-17T07:25:09","slug":"opintosuoritukset","status":"publish","type":"page","link":"https:\/\/help.jamk.fi\/peppi\/fi\/opintosuoritukset\/","title":{"rendered":"Opintosuoritukset"},"content":{"rendered":"\n<p>Voit seurata opintojesi edistymist\u00e4 HOPSin lis\u00e4ksi <em>Opintoni<\/em>-valikon <em>Opintosuoritukset<\/em>-kohdasta tai etusivun <em>Suoritusote<\/em>-ikonista. Avautuvassa ikkunassa voit tarkastella opintojasi erilaisilla suodatuksilla.<\/p>\n\n\n\n<p>N\u00e4et opintosuorituksissa valitun opiskeluoikeuden suoritukset. Mik\u00e4li sinulla on <strong>useampia voimassa olevia opiskeluoikeuksia<\/strong>, voit <a href=\"https:\/\/help.jamk.fi\/peppi\/omat-tiedot\/useampi-opiskeluoikeus\/\">vaihtaa opiskeluoikeutta<\/a> n\u00e4hd\u00e4ksesi muut opintosuorituksesi.<\/p>\n\n\n\n<p><iframe loading=\"lazy\" style=\"border: 1px solid #464646;\" src=\"https:\/\/panopto.jamk.fi\/Panopto\/Pages\/Embed.aspx?id=1ab92008-5cad-471a-8585-ad1f0082f2bc&amp;autoplay=false&amp;offerviewer=true&amp;showtitle=true&amp;showbrand=false&amp;start=0&amp;interactivity=all\" width=\"720\" height=\"405\" allowfullscreen=\"allowfullscreen\" aria-label=\"Video opintosuorituksista\"><\/iframe><\/p>\n\n\n\n<figure class=\"wp-block-image\"><img loading=\"lazy\" decoding=\"async\" width=\"1024\" height=\"503\" src=\"https:\/\/help.jamk.fi\/peppi\/wp-content\/uploads\/sites\/130\/2021\/03\/Opintosuoritukset-Ohje.jpg\" alt=\"Ohje opintosuoritusten tarkasteluun\" class=\"wp-image-1187\"\/><\/figure>\n\n\n\n<p>Infolaatikosta (kysymysmerkki sinisess\u00e4 pallossa) selvi\u00e4v\u00e4t ennen opintojakson nime\u00e4 olevien ikonien merkitykset. My\u00f6s viem\u00e4ll\u00e4 hiiren ikonin p\u00e4\u00e4lle saat ponnahdusikkunaan ikonin selityksen.<\/p>\n\n\n\n<figure class=\"wp-block-image size-full\"><img loading=\"lazy\" decoding=\"async\" width=\"390\" height=\"341\" src=\"https:\/\/help.jamk.fi\/peppi\/wp-content\/uploads\/sites\/130\/2020\/04\/opiPeppi-Opintosuoritukset-Infolaatikko.jpg\" alt=\"Kuvakaappaus Opintosuoritukset-infolaatikosta\" class=\"wp-image-213\"\/><\/figure>\n\n\n\n<p>Voit suodattaa opintosuorituksia opintojakson suoritustilan ja\/tai ajoituksen mukaan. Avaa tai sulje suodatusvalikko klikkaamalla <em>Suodata listaa<\/em>.<\/p>\n\n\n\n<figure class=\"wp-block-image\"><img loading=\"lazy\" decoding=\"async\" width=\"1024\" height=\"331\" src=\"https:\/\/help.jamk.fi\/peppi\/wp-content\/uploads\/sites\/130\/2021\/03\/Opintosuoritukset-Suodatus-Ohje.jpg\" alt=\"Ohje opintosuoritusten suodatukseen\" class=\"wp-image-1185\"\/><\/figure>\n\n\n\n<p>Suorituksen<em> Tila<\/em>-valikosta voit valita joko kaikki HOPSin opintojaksot tai osittain suoritetut, kokonaan suoritetut tai hyl\u00e4tyt opintojaksot. T\u00e4m\u00e4n valinnan lis\u00e4ksi voit <em>Opintojakson ajoitus<\/em> -kohdasta valita suodatettavaksi viel\u00e4 yhden tai useamman lukuvuoden, lukukauden ja\/tai periodin.<\/p>\n\n\n\n<figure class=\"wp-block-image size-full\"><img loading=\"lazy\" decoding=\"async\" width=\"600\" height=\"262\" src=\"https:\/\/help.jamk.fi\/peppi\/wp-content\/uploads\/sites\/130\/2020\/04\/opiPeppi-Opintosuoritukset-Suodatus2-e1615367981522.jpg\" alt=\"Kuvakaappaus Pudotusvalikosta - Koko HOPS valittu suodatusperusteeksi\" class=\"wp-image-223\"\/><\/figure>\n","protected":false},"excerpt":{"rendered":"<p>Voit seurata opintojesi edistymist\u00e4 HOPSin lis\u00e4ksi Opintoni-valikon Opintosuoritukset-kohdasta tai etusivun Suoritusote-ikonista. Avautuvassa ikkunassa voit tarkastella opintojasi erilaisilla suodatuksilla. N\u00e4et opintosuorituksissa valitun opiskeluoikeuden suoritukset. Mik\u00e4li sinulla on useampia voimassa olevia opiskeluoikeuksia, voit vaihtaa opiskeluoikeutta n\u00e4hd\u00e4ksesi muut opintosuorituksesi. Infolaatikosta (kysymysmerkki sinisess\u00e4 pallossa) selvi\u00e4v\u00e4t ennen opintojakson nime\u00e4 olevien ikonien merkitykset. My\u00f6s viem\u00e4ll\u00e4 hiiren ikonin p\u00e4\u00e4lle saat ponnahdusikkunaan ikonin [&hellip;]<\/p>\n","protected":false},"author":77,"featured_media":0,"parent":0,"menu_order":6,"comment_status":"closed","ping_status":"closed","template":"","meta":{"_acf_changed":false,"_relevanssi_hide_post":"","_relevanssi_hide_content":"","_relevanssi_pin_for_all":"","_relevanssi_pin_keywords":"suoritukset, opintosuoritukset","_relevanssi_unpin_keywords":"","_relevanssi_related_keywords":"","_relevanssi_related_include_ids":"","_relevanssi_related_exclude_ids":"","_relevanssi_related_no_append":"","_relevanssi_related_not_related":"","_relevanssi_related_posts":"","_relevanssi_noindex_reason":"","footnotes":""},"categories":[1],"tags":[],"class_list":["post-2572","page","type-page","status-publish","hentry","category-uncategorised"],"acf":[],"yoast_head":"<!-- This site is optimized with the Yoast SEO plugin v27.5 - https:\/\/yoast.com\/product\/yoast-seo-wordpress\/ -->\n<title>Opintosuoritukset - Peppi<\/title>\n<meta name=\"robots\" content=\"index, follow, max-snippet:-1, max-image-preview:large, max-video-preview:-1\" \/>\n<link rel=\"canonical\" href=\"https:\/\/help.jamk.fi\/peppi\/fi\/opintosuoritukset\/\" \/>\n<meta property=\"og:locale\" content=\"fi_FI\" \/>\n<meta property=\"og:type\" content=\"article\" \/>\n<meta property=\"og:title\" content=\"Opintosuoritukset - Peppi\" \/>\n<meta property=\"og:description\" content=\"Voit seurata opintojesi edistymist\u00e4 HOPSin lis\u00e4ksi Opintoni-valikon Opintosuoritukset-kohdasta tai etusivun Suoritusote-ikonista. Avautuvassa ikkunassa voit tarkastella opintojasi erilaisilla suodatuksilla. N\u00e4et opintosuorituksissa valitun opiskeluoikeuden suoritukset. Mik\u00e4li sinulla on useampia voimassa olevia opiskeluoikeuksia, voit vaihtaa opiskeluoikeutta n\u00e4hd\u00e4ksesi muut opintosuorituksesi. Infolaatikosta (kysymysmerkki sinisess\u00e4 pallossa) selvi\u00e4v\u00e4t ennen opintojakson nime\u00e4 olevien ikonien merkitykset. My\u00f6s viem\u00e4ll\u00e4 hiiren ikonin p\u00e4\u00e4lle saat ponnahdusikkunaan ikonin [&hellip;]\" \/>\n<meta property=\"og:url\" content=\"https:\/\/help.jamk.fi\/peppi\/fi\/opintosuoritukset\/\" \/>\n<meta property=\"og:site_name\" content=\"Peppi\" \/>\n<meta property=\"article:modified_time\" content=\"2025-07-17T07:25:09+00:00\" \/>\n<meta property=\"og:image\" content=\"https:\/\/help.jamk.fi\/peppi\/wp-content\/uploads\/sites\/130\/2021\/03\/Opintosuoritukset-Ohje.jpg\" \/>\n\t<meta property=\"og:image:width\" content=\"1024\" \/>\n\t<meta property=\"og:image:height\" content=\"503\" \/>\n\t<meta property=\"og:image:type\" content=\"image\/jpeg\" \/>\n<meta name=\"twitter:card\" content=\"summary_large_image\" \/>\n<meta name=\"twitter:label1\" content=\"Arvioitu lukuaika\" \/>\n\t<meta name=\"twitter:data1\" content=\"2 minuuttia\" \/>\n<script type=\"application\/ld+json\" class=\"yoast-schema-graph\">{\"@context\":\"https:\\\/\\\/schema.org\",\"@graph\":[{\"@type\":\"WebPage\",\"@id\":\"https:\\\/\\\/help.jamk.fi\\\/peppi\\\/fi\\\/opintosuoritukset\\\/\",\"url\":\"https:\\\/\\\/help.jamk.fi\\\/peppi\\\/fi\\\/opintosuoritukset\\\/\",\"name\":\"Opintosuoritukset - Peppi\",\"isPartOf\":{\"@id\":\"https:\\\/\\\/help.jamk.fi\\\/peppi\\\/#website\"},\"primaryImageOfPage\":{\"@id\":\"https:\\\/\\\/help.jamk.fi\\\/peppi\\\/fi\\\/opintosuoritukset\\\/#primaryimage\"},\"image\":{\"@id\":\"https:\\\/\\\/help.jamk.fi\\\/peppi\\\/fi\\\/opintosuoritukset\\\/#primaryimage\"},\"thumbnailUrl\":\"https:\\\/\\\/help.jamk.fi\\\/peppi\\\/wp-content\\\/uploads\\\/sites\\\/130\\\/2021\\\/03\\\/Opintosuoritukset-Ohje.jpg\",\"datePublished\":\"2020-04-22T08:17:57+00:00\",\"dateModified\":\"2025-07-17T07:25:09+00:00\",\"breadcrumb\":{\"@id\":\"https:\\\/\\\/help.jamk.fi\\\/peppi\\\/fi\\\/opintosuoritukset\\\/#breadcrumb\"},\"inLanguage\":\"fi\",\"potentialAction\":[{\"@type\":\"ReadAction\",\"target\":[\"https:\\\/\\\/help.jamk.fi\\\/peppi\\\/fi\\\/opintosuoritukset\\\/\"]}]},{\"@type\":\"ImageObject\",\"inLanguage\":\"fi\",\"@id\":\"https:\\\/\\\/help.jamk.fi\\\/peppi\\\/fi\\\/opintosuoritukset\\\/#primaryimage\",\"url\":\"https:\\\/\\\/help.jamk.fi\\\/peppi\\\/wp-content\\\/uploads\\\/sites\\\/130\\\/2021\\\/03\\\/Opintosuoritukset-Ohje.jpg\",\"contentUrl\":\"https:\\\/\\\/help.jamk.fi\\\/peppi\\\/wp-content\\\/uploads\\\/sites\\\/130\\\/2021\\\/03\\\/Opintosuoritukset-Ohje.jpg\",\"width\":1024,\"height\":503,\"caption\":\"Ohje opintosuorituksiin\"},{\"@type\":\"BreadcrumbList\",\"@id\":\"https:\\\/\\\/help.jamk.fi\\\/peppi\\\/fi\\\/opintosuoritukset\\\/#breadcrumb\",\"itemListElement\":[{\"@type\":\"ListItem\",\"position\":1,\"name\":\"Home\",\"item\":\"https:\\\/\\\/help.jamk.fi\\\/peppi\\\/fi\\\/\"},{\"@type\":\"ListItem\",\"position\":2,\"name\":\"Opintosuoritukset\"}]},{\"@type\":\"WebSite\",\"@id\":\"https:\\\/\\\/help.jamk.fi\\\/peppi\\\/#website\",\"url\":\"https:\\\/\\\/help.jamk.fi\\\/peppi\\\/\",\"name\":\"Peppi\",\"description\":\"\",\"potentialAction\":[{\"@type\":\"SearchAction\",\"target\":{\"@type\":\"EntryPoint\",\"urlTemplate\":\"https:\\\/\\\/help.jamk.fi\\\/peppi\\\/?s={search_term_string}\"},\"query-input\":{\"@type\":\"PropertyValueSpecification\",\"valueRequired\":true,\"valueName\":\"search_term_string\"}}],\"inLanguage\":\"fi\"}]}<\/script>\n<!-- \/ Yoast SEO plugin. -->","yoast_head_json":{"title":"Opintosuoritukset - Peppi","robots":{"index":"index","follow":"follow","max-snippet":"max-snippet:-1","max-image-preview":"max-image-preview:large","max-video-preview":"max-video-preview:-1"},"canonical":"https:\/\/help.jamk.fi\/peppi\/fi\/opintosuoritukset\/","og_locale":"fi_FI","og_type":"article","og_title":"Opintosuoritukset - Peppi","og_description":"Voit seurata opintojesi edistymist\u00e4 HOPSin lis\u00e4ksi Opintoni-valikon Opintosuoritukset-kohdasta tai etusivun Suoritusote-ikonista. Avautuvassa ikkunassa voit tarkastella opintojasi erilaisilla suodatuksilla. N\u00e4et opintosuorituksissa valitun opiskeluoikeuden suoritukset. Mik\u00e4li sinulla on useampia voimassa olevia opiskeluoikeuksia, voit vaihtaa opiskeluoikeutta n\u00e4hd\u00e4ksesi muut opintosuorituksesi. Infolaatikosta (kysymysmerkki sinisess\u00e4 pallossa) selvi\u00e4v\u00e4t ennen opintojakson nime\u00e4 olevien ikonien merkitykset. My\u00f6s viem\u00e4ll\u00e4 hiiren ikonin p\u00e4\u00e4lle saat ponnahdusikkunaan ikonin [&hellip;]","og_url":"https:\/\/help.jamk.fi\/peppi\/fi\/opintosuoritukset\/","og_site_name":"Peppi","article_modified_time":"2025-07-17T07:25:09+00:00","og_image":[{"width":1024,"height":503,"url":"https:\/\/help.jamk.fi\/peppi\/wp-content\/uploads\/sites\/130\/2021\/03\/Opintosuoritukset-Ohje.jpg","type":"image\/jpeg"}],"twitter_card":"summary_large_image","twitter_misc":{"Arvioitu lukuaika":"2 minuuttia"},"schema":{"@context":"https:\/\/schema.org","@graph":[{"@type":"WebPage","@id":"https:\/\/help.jamk.fi\/peppi\/fi\/opintosuoritukset\/","url":"https:\/\/help.jamk.fi\/peppi\/fi\/opintosuoritukset\/","name":"Opintosuoritukset - Peppi","isPartOf":{"@id":"https:\/\/help.jamk.fi\/peppi\/#website"},"primaryImageOfPage":{"@id":"https:\/\/help.jamk.fi\/peppi\/fi\/opintosuoritukset\/#primaryimage"},"image":{"@id":"https:\/\/help.jamk.fi\/peppi\/fi\/opintosuoritukset\/#primaryimage"},"thumbnailUrl":"https:\/\/help.jamk.fi\/peppi\/wp-content\/uploads\/sites\/130\/2021\/03\/Opintosuoritukset-Ohje.jpg","datePublished":"2020-04-22T08:17:57+00:00","dateModified":"2025-07-17T07:25:09+00:00","breadcrumb":{"@id":"https:\/\/help.jamk.fi\/peppi\/fi\/opintosuoritukset\/#breadcrumb"},"inLanguage":"fi","potentialAction":[{"@type":"ReadAction","target":["https:\/\/help.jamk.fi\/peppi\/fi\/opintosuoritukset\/"]}]},{"@type":"ImageObject","inLanguage":"fi","@id":"https:\/\/help.jamk.fi\/peppi\/fi\/opintosuoritukset\/#primaryimage","url":"https:\/\/help.jamk.fi\/peppi\/wp-content\/uploads\/sites\/130\/2021\/03\/Opintosuoritukset-Ohje.jpg","contentUrl":"https:\/\/help.jamk.fi\/peppi\/wp-content\/uploads\/sites\/130\/2021\/03\/Opintosuoritukset-Ohje.jpg","width":1024,"height":503,"caption":"Ohje opintosuorituksiin"},{"@type":"BreadcrumbList","@id":"https:\/\/help.jamk.fi\/peppi\/fi\/opintosuoritukset\/#breadcrumb","itemListElement":[{"@type":"ListItem","position":1,"name":"Home","item":"https:\/\/help.jamk.fi\/peppi\/fi\/"},{"@type":"ListItem","position":2,"name":"Opintosuoritukset"}]},{"@type":"WebSite","@id":"https:\/\/help.jamk.fi\/peppi\/#website","url":"https:\/\/help.jamk.fi\/peppi\/","name":"Peppi","description":"","potentialAction":[{"@type":"SearchAction","target":{"@type":"EntryPoint","urlTemplate":"https:\/\/help.jamk.fi\/peppi\/?s={search_term_string}"},"query-input":{"@type":"PropertyValueSpecification","valueRequired":true,"valueName":"search_term_string"}}],"inLanguage":"fi"}]}},"_links":{"self":[{"href":"https:\/\/help.jamk.fi\/peppi\/wp-json\/wp\/v2\/pages\/2572","targetHints":{"allow":["GET"]}}],"collection":[{"href":"https:\/\/help.jamk.fi\/peppi\/wp-json\/wp\/v2\/pages"}],"about":[{"href":"https:\/\/help.jamk.fi\/peppi\/wp-json\/wp\/v2\/types\/page"}],"author":[{"embeddable":true,"href":"https:\/\/help.jamk.fi\/peppi\/wp-json\/wp\/v2\/users\/77"}],"replies":[{"embeddable":true,"href":"https:\/\/help.jamk.fi\/peppi\/wp-json\/wp\/v2\/comments?post=2572"}],"version-history":[{"count":4,"href":"https:\/\/help.jamk.fi\/peppi\/wp-json\/wp\/v2\/pages\/2572\/revisions"}],"predecessor-version":[{"id":3583,"href":"https:\/\/help.jamk.fi\/peppi\/wp-json\/wp\/v2\/pages\/2572\/revisions\/3583"}],"wp:attachment":[{"href":"https:\/\/help.jamk.fi\/peppi\/wp-json\/wp\/v2\/media?parent=2572"}],"wp:term":[{"taxonomy":"category","embeddable":true,"href":"https:\/\/help.jamk.fi\/peppi\/wp-json\/wp\/v2\/categories?post=2572"},{"taxonomy":"post_tag","embeddable":true,"href":"https:\/\/help.jamk.fi\/peppi\/wp-json\/wp\/v2\/tags?post=2572"}],"curies":[{"name":"wp","href":"https:\/\/api.w.org\/{rel}","templated":true}]}}