{"id":2573,"date":"2020-04-22T11:00:39","date_gmt":"2020-04-22T08:00:39","guid":{"rendered":"https:\/\/help.jamk.fi\/peppi\/opintoni\/ilmoittautuminen-lukuvuodelle\/"},"modified":"2025-07-17T10:24:10","modified_gmt":"2025-07-17T07:24:10","slug":"ilmoittautuminen-lukuvuodelle","status":"publish","type":"page","link":"https:\/\/help.jamk.fi\/peppi\/fi\/opintoni\/ilmoittautuminen-lukuvuodelle\/","title":{"rendered":"Ilmoittautuminen lukuvuodelle"},"content":{"rendered":"\n<p>Lukuvuosi-ilmoittautuminen tapahtuu <a href=\"https:\/\/peppi.jamk.fi\/\">Pepiss\u00e4.<\/a><\/p>\n\n\n\n<p>Ilmoittautuminen lukuvuodelle ja -kausille on mahdollista vain silloin, kun lukukausi-ilmoittautumisaika on k\u00e4ynniss\u00e4. P\u00e4\u00e4set ilmoittautumaan joko <em>Opintoni<\/em>-valikosta tai omien tietojesi asetuksista.<\/p>\n\n\n\n<figure class=\"wp-block-image\"><img loading=\"lazy\" decoding=\"async\" width=\"1024\" height=\"357\" src=\"https:\/\/help.jamk.fi\/peppi\/wp-content\/uploads\/sites\/130\/2021\/03\/Ilmoittautuminen-lukuvuodelle-Ohje.jpg\" alt=\"N\u00e4kym\u00e4 Peppiss\u00e4\" class=\"wp-image-1240\"\/><\/figure>\n\n\n\n<p>Opintoni-valikon <em>Ilmoittautuminen lukuvuodelle<\/em> -linkist\u00e4 sinulle aukeaa seuraava ikkuna, jossa p\u00e4\u00e4set tarkastelemaan omia aikaisempia ilmoittautumisiasi, n\u00e4et opinto-oikeusaikasi sek\u00e4 lukuvuosi-imoittautumisajan ollessa k\u00e4sill\u00e4 ilmoittautumisajankohdan. <em>Ilmoittaudu<\/em>-painikkeesta p\u00e4\u00e4set ilmoittautumaan l\u00e4sn\u00e4- tai poissaolevaksi riippuen k\u00e4ytett\u00e4viss\u00e4 olevien opiskelu- tai poissaolokausien m\u00e4\u00e4r\u00e4st\u00e4.<\/p>\n\n\n\n<figure class=\"wp-block-image\"><img loading=\"lazy\" decoding=\"async\" width=\"1024\" height=\"282\" src=\"https:\/\/help.jamk.fi\/peppi\/wp-content\/uploads\/sites\/130\/2021\/03\/Ilmoittautuminen-lukukaudelleA-Ohje.jpg\" alt=\"N\u00e4kym\u00e4 Peppiss\u00e4\" class=\"wp-image-1242\"\/><\/figure>\n\n\n\n<p>Mik\u00e4li sinulla on edelleen opinto-oikeusaikaa sek\u00e4 k\u00e4ytett\u00e4viss\u00e4 olevia poissaolokausia, voit ilmoittautua l\u00e4sn\u00e4- tai poissaolevaksi.<\/p>\n\n\n\n<figure class=\"wp-block-image size-full\"><img loading=\"lazy\" decoding=\"async\" width=\"1024\" height=\"140\" src=\"https:\/\/help.jamk.fi\/peppi\/wp-content\/uploads\/sites\/130\/2020\/04\/opiPeppi-Ilmoittautuminen-lukukaudelle2-e1615367945621.jpg\" alt=\"Kuvakaappaus Ilmoittautuminen lukukaudelle -ikkunasta: sek\u00e4 l\u00e4sn\u00e4- ett\u00e4 poissaoloilmoittautuminen mahdollista\" class=\"wp-image-239\"\/><\/figure>\n\n\n\n<p>Mik\u00e4li kaikki poissaolokaudet on k\u00e4ytetty, ilmoittautumisikkunaan tulee siit\u00e4 ilmoitus. Samoin, mik\u00e4li opinto-oikeutesi on loppumassa, saat siit\u00e4 ilmoituksen.<\/p>\n\n\n\n<figure class=\"wp-block-image size-full\"><img loading=\"lazy\" decoding=\"async\" width=\"1024\" height=\"176\" src=\"https:\/\/help.jamk.fi\/peppi\/wp-content\/uploads\/sites\/130\/2020\/04\/opiPeppi-Ilmoittautuminen-lukukaudelle3-e1615367891857.jpg\" alt=\"Kuvakaappaus Ilmoittaudu lukukaudelle -ikkunasta: poissaolot t\u00e4ynn\u00e4, jolloin vain l\u00e4sn\u00e4oloilmoittautuminen on mahdollista\" class=\"wp-image-240\"\/><\/figure>\n\n\n\n<p>Omien tietojen <em>Asetuksista<\/em> kohdasta <em>L\u00e4sn\u00e4olotiedot<\/em> p\u00e4\u00e4set my\u00f6s tekem\u00e4\u00e4n l\u00e4sn\u00e4- ja poissaoloilmoittautumisen klikkaamalla <em>Siirry l\u00e4sn\u00e4oloilmoittautumisiin<\/em> -painiketta.<\/p>\n\n\n\n<figure class=\"wp-block-image\"><img loading=\"lazy\" decoding=\"async\" width=\"1024\" height=\"293\" src=\"https:\/\/help.jamk.fi\/peppi\/wp-content\/uploads\/sites\/130\/2021\/03\/Iasnaoloilmoittautuminen-Omista-tiedoista-Ohje.jpg\" alt=\"N\u00e4kym\u00e4 Peppiss\u00e4\" class=\"wp-image-1238\"\/><\/figure>\n","protected":false},"excerpt":{"rendered":"<p>Lukuvuosi-ilmoittautuminen tapahtuu Pepiss\u00e4. Ilmoittautuminen lukuvuodelle ja -kausille on mahdollista vain silloin, kun lukukausi-ilmoittautumisaika on k\u00e4ynniss\u00e4. P\u00e4\u00e4set ilmoittautumaan joko Opintoni-valikosta tai omien tietojesi asetuksista. Opintoni-valikon Ilmoittautuminen lukuvuodelle -linkist\u00e4 sinulle aukeaa seuraava ikkuna, jossa p\u00e4\u00e4set tarkastelemaan omia aikaisempia ilmoittautumisiasi, n\u00e4et opinto-oikeusaikasi sek\u00e4 lukuvuosi-imoittautumisajan ollessa k\u00e4sill\u00e4 ilmoittautumisajankohdan. Ilmoittaudu-painikkeesta p\u00e4\u00e4set ilmoittautumaan l\u00e4sn\u00e4- tai poissaolevaksi riippuen k\u00e4ytett\u00e4viss\u00e4 olevien opiskelu- tai [&hellip;]<\/p>\n","protected":false},"author":77,"featured_media":0,"parent":2565,"menu_order":0,"comment_status":"closed","ping_status":"open","template":"","meta":{"_acf_changed":false,"_relevanssi_hide_post":"","_relevanssi_hide_content":"","_relevanssi_pin_for_all":"","_relevanssi_pin_keywords":"ilmoittautuminen, l\u00e4sn\u00e4, l\u00e4sn\u00e4oleva, poissa, poissaoleva","_relevanssi_unpin_keywords":"","_relevanssi_related_keywords":"","_relevanssi_related_include_ids":"","_relevanssi_related_exclude_ids":"","_relevanssi_related_no_append":"","_relevanssi_related_not_related":"","_relevanssi_related_posts":"","_relevanssi_noindex_reason":"","footnotes":""},"categories":[1],"tags":[],"class_list":["post-2573","page","type-page","status-publish","hentry","category-uncategorised"],"acf":[],"yoast_head":"<!-- This site is optimized with the Yoast SEO plugin v27.4 - https:\/\/yoast.com\/product\/yoast-seo-wordpress\/ -->\n<title>Ilmoittautuminen lukuvuodelle - Peppi<\/title>\n<meta name=\"robots\" content=\"index, follow, max-snippet:-1, max-image-preview:large, max-video-preview:-1\" \/>\n<link rel=\"canonical\" href=\"https:\/\/help.jamk.fi\/peppi\/fi\/opintoni\/ilmoittautuminen-lukuvuodelle\/\" \/>\n<meta property=\"og:locale\" content=\"fi_FI\" \/>\n<meta property=\"og:type\" content=\"article\" \/>\n<meta property=\"og:title\" content=\"Ilmoittautuminen lukuvuodelle - Peppi\" \/>\n<meta property=\"og:description\" content=\"Lukuvuosi-ilmoittautuminen tapahtuu Pepiss\u00e4. Ilmoittautuminen lukuvuodelle ja -kausille on mahdollista vain silloin, kun lukukausi-ilmoittautumisaika on k\u00e4ynniss\u00e4. P\u00e4\u00e4set ilmoittautumaan joko Opintoni-valikosta tai omien tietojesi asetuksista. Opintoni-valikon Ilmoittautuminen lukuvuodelle -linkist\u00e4 sinulle aukeaa seuraava ikkuna, jossa p\u00e4\u00e4set tarkastelemaan omia aikaisempia ilmoittautumisiasi, n\u00e4et opinto-oikeusaikasi sek\u00e4 lukuvuosi-imoittautumisajan ollessa k\u00e4sill\u00e4 ilmoittautumisajankohdan. Ilmoittaudu-painikkeesta p\u00e4\u00e4set ilmoittautumaan l\u00e4sn\u00e4- tai poissaolevaksi riippuen k\u00e4ytett\u00e4viss\u00e4 olevien opiskelu- tai [&hellip;]\" \/>\n<meta property=\"og:url\" content=\"https:\/\/help.jamk.fi\/peppi\/fi\/opintoni\/ilmoittautuminen-lukuvuodelle\/\" \/>\n<meta property=\"og:site_name\" content=\"Peppi\" \/>\n<meta property=\"article:modified_time\" content=\"2025-07-17T07:24:10+00:00\" \/>\n<meta property=\"og:image\" content=\"https:\/\/help.jamk.fi\/peppi\/wp-content\/uploads\/sites\/130\/2021\/03\/Ilmoittautuminen-lukuvuodelle-Ohje.jpg\" \/>\n\t<meta property=\"og:image:width\" content=\"1024\" \/>\n\t<meta property=\"og:image:height\" content=\"357\" \/>\n\t<meta property=\"og:image:type\" content=\"image\/jpeg\" \/>\n<meta name=\"twitter:card\" content=\"summary_large_image\" \/>\n<meta name=\"twitter:label1\" content=\"Arvioitu lukuaika\" \/>\n\t<meta name=\"twitter:data1\" content=\"2 minuuttia\" \/>\n<script type=\"application\/ld+json\" class=\"yoast-schema-graph\">{\"@context\":\"https:\\\/\\\/schema.org\",\"@graph\":[{\"@type\":\"WebPage\",\"@id\":\"https:\\\/\\\/help.jamk.fi\\\/peppi\\\/fi\\\/opintoni\\\/ilmoittautuminen-lukuvuodelle\\\/\",\"url\":\"https:\\\/\\\/help.jamk.fi\\\/peppi\\\/fi\\\/opintoni\\\/ilmoittautuminen-lukuvuodelle\\\/\",\"name\":\"Ilmoittautuminen lukuvuodelle - Peppi\",\"isPartOf\":{\"@id\":\"https:\\\/\\\/help.jamk.fi\\\/peppi\\\/#website\"},\"primaryImageOfPage\":{\"@id\":\"https:\\\/\\\/help.jamk.fi\\\/peppi\\\/fi\\\/opintoni\\\/ilmoittautuminen-lukuvuodelle\\\/#primaryimage\"},\"image\":{\"@id\":\"https:\\\/\\\/help.jamk.fi\\\/peppi\\\/fi\\\/opintoni\\\/ilmoittautuminen-lukuvuodelle\\\/#primaryimage\"},\"thumbnailUrl\":\"https:\\\/\\\/help.jamk.fi\\\/peppi\\\/wp-content\\\/uploads\\\/sites\\\/130\\\/2021\\\/03\\\/Ilmoittautuminen-lukuvuodelle-Ohje.jpg\",\"datePublished\":\"2020-04-22T08:00:39+00:00\",\"dateModified\":\"2025-07-17T07:24:10+00:00\",\"breadcrumb\":{\"@id\":\"https:\\\/\\\/help.jamk.fi\\\/peppi\\\/fi\\\/opintoni\\\/ilmoittautuminen-lukuvuodelle\\\/#breadcrumb\"},\"inLanguage\":\"fi\",\"potentialAction\":[{\"@type\":\"ReadAction\",\"target\":[\"https:\\\/\\\/help.jamk.fi\\\/peppi\\\/fi\\\/opintoni\\\/ilmoittautuminen-lukuvuodelle\\\/\"]}]},{\"@type\":\"ImageObject\",\"inLanguage\":\"fi\",\"@id\":\"https:\\\/\\\/help.jamk.fi\\\/peppi\\\/fi\\\/opintoni\\\/ilmoittautuminen-lukuvuodelle\\\/#primaryimage\",\"url\":\"https:\\\/\\\/help.jamk.fi\\\/peppi\\\/wp-content\\\/uploads\\\/sites\\\/130\\\/2021\\\/03\\\/Ilmoittautuminen-lukuvuodelle-Ohje.jpg\",\"contentUrl\":\"https:\\\/\\\/help.jamk.fi\\\/peppi\\\/wp-content\\\/uploads\\\/sites\\\/130\\\/2021\\\/03\\\/Ilmoittautuminen-lukuvuodelle-Ohje.jpg\",\"width\":1024,\"height\":357,\"caption\":\"N\u00e4kym\u00e4 Peppiss\u00e4\"},{\"@type\":\"BreadcrumbList\",\"@id\":\"https:\\\/\\\/help.jamk.fi\\\/peppi\\\/fi\\\/opintoni\\\/ilmoittautuminen-lukuvuodelle\\\/#breadcrumb\",\"itemListElement\":[{\"@type\":\"ListItem\",\"position\":1,\"name\":\"Home\",\"item\":\"https:\\\/\\\/help.jamk.fi\\\/peppi\\\/fi\\\/\"},{\"@type\":\"ListItem\",\"position\":2,\"name\":\"Opintoni\",\"item\":\"https:\\\/\\\/help.jamk.fi\\\/peppi\\\/fi\\\/opintoni\\\/\"},{\"@type\":\"ListItem\",\"position\":3,\"name\":\"Ilmoittautuminen lukuvuodelle\"}]},{\"@type\":\"WebSite\",\"@id\":\"https:\\\/\\\/help.jamk.fi\\\/peppi\\\/#website\",\"url\":\"https:\\\/\\\/help.jamk.fi\\\/peppi\\\/\",\"name\":\"Peppi\",\"description\":\"\",\"potentialAction\":[{\"@type\":\"SearchAction\",\"target\":{\"@type\":\"EntryPoint\",\"urlTemplate\":\"https:\\\/\\\/help.jamk.fi\\\/peppi\\\/?s={search_term_string}\"},\"query-input\":{\"@type\":\"PropertyValueSpecification\",\"valueRequired\":true,\"valueName\":\"search_term_string\"}}],\"inLanguage\":\"fi\"}]}<\/script>\n<!-- \/ Yoast SEO plugin. -->","yoast_head_json":{"title":"Ilmoittautuminen lukuvuodelle - Peppi","robots":{"index":"index","follow":"follow","max-snippet":"max-snippet:-1","max-image-preview":"max-image-preview:large","max-video-preview":"max-video-preview:-1"},"canonical":"https:\/\/help.jamk.fi\/peppi\/fi\/opintoni\/ilmoittautuminen-lukuvuodelle\/","og_locale":"fi_FI","og_type":"article","og_title":"Ilmoittautuminen lukuvuodelle - Peppi","og_description":"Lukuvuosi-ilmoittautuminen tapahtuu Pepiss\u00e4. Ilmoittautuminen lukuvuodelle ja -kausille on mahdollista vain silloin, kun lukukausi-ilmoittautumisaika on k\u00e4ynniss\u00e4. P\u00e4\u00e4set ilmoittautumaan joko Opintoni-valikosta tai omien tietojesi asetuksista. Opintoni-valikon Ilmoittautuminen lukuvuodelle -linkist\u00e4 sinulle aukeaa seuraava ikkuna, jossa p\u00e4\u00e4set tarkastelemaan omia aikaisempia ilmoittautumisiasi, n\u00e4et opinto-oikeusaikasi sek\u00e4 lukuvuosi-imoittautumisajan ollessa k\u00e4sill\u00e4 ilmoittautumisajankohdan. Ilmoittaudu-painikkeesta p\u00e4\u00e4set ilmoittautumaan l\u00e4sn\u00e4- tai poissaolevaksi riippuen k\u00e4ytett\u00e4viss\u00e4 olevien opiskelu- tai [&hellip;]","og_url":"https:\/\/help.jamk.fi\/peppi\/fi\/opintoni\/ilmoittautuminen-lukuvuodelle\/","og_site_name":"Peppi","article_modified_time":"2025-07-17T07:24:10+00:00","og_image":[{"width":1024,"height":357,"url":"https:\/\/help.jamk.fi\/peppi\/wp-content\/uploads\/sites\/130\/2021\/03\/Ilmoittautuminen-lukuvuodelle-Ohje.jpg","type":"image\/jpeg"}],"twitter_card":"summary_large_image","twitter_misc":{"Arvioitu lukuaika":"2 minuuttia"},"schema":{"@context":"https:\/\/schema.org","@graph":[{"@type":"WebPage","@id":"https:\/\/help.jamk.fi\/peppi\/fi\/opintoni\/ilmoittautuminen-lukuvuodelle\/","url":"https:\/\/help.jamk.fi\/peppi\/fi\/opintoni\/ilmoittautuminen-lukuvuodelle\/","name":"Ilmoittautuminen lukuvuodelle - Peppi","isPartOf":{"@id":"https:\/\/help.jamk.fi\/peppi\/#website"},"primaryImageOfPage":{"@id":"https:\/\/help.jamk.fi\/peppi\/fi\/opintoni\/ilmoittautuminen-lukuvuodelle\/#primaryimage"},"image":{"@id":"https:\/\/help.jamk.fi\/peppi\/fi\/opintoni\/ilmoittautuminen-lukuvuodelle\/#primaryimage"},"thumbnailUrl":"https:\/\/help.jamk.fi\/peppi\/wp-content\/uploads\/sites\/130\/2021\/03\/Ilmoittautuminen-lukuvuodelle-Ohje.jpg","datePublished":"2020-04-22T08:00:39+00:00","dateModified":"2025-07-17T07:24:10+00:00","breadcrumb":{"@id":"https:\/\/help.jamk.fi\/peppi\/fi\/opintoni\/ilmoittautuminen-lukuvuodelle\/#breadcrumb"},"inLanguage":"fi","potentialAction":[{"@type":"ReadAction","target":["https:\/\/help.jamk.fi\/peppi\/fi\/opintoni\/ilmoittautuminen-lukuvuodelle\/"]}]},{"@type":"ImageObject","inLanguage":"fi","@id":"https:\/\/help.jamk.fi\/peppi\/fi\/opintoni\/ilmoittautuminen-lukuvuodelle\/#primaryimage","url":"https:\/\/help.jamk.fi\/peppi\/wp-content\/uploads\/sites\/130\/2021\/03\/Ilmoittautuminen-lukuvuodelle-Ohje.jpg","contentUrl":"https:\/\/help.jamk.fi\/peppi\/wp-content\/uploads\/sites\/130\/2021\/03\/Ilmoittautuminen-lukuvuodelle-Ohje.jpg","width":1024,"height":357,"caption":"N\u00e4kym\u00e4 Peppiss\u00e4"},{"@type":"BreadcrumbList","@id":"https:\/\/help.jamk.fi\/peppi\/fi\/opintoni\/ilmoittautuminen-lukuvuodelle\/#breadcrumb","itemListElement":[{"@type":"ListItem","position":1,"name":"Home","item":"https:\/\/help.jamk.fi\/peppi\/fi\/"},{"@type":"ListItem","position":2,"name":"Opintoni","item":"https:\/\/help.jamk.fi\/peppi\/fi\/opintoni\/"},{"@type":"ListItem","position":3,"name":"Ilmoittautuminen lukuvuodelle"}]},{"@type":"WebSite","@id":"https:\/\/help.jamk.fi\/peppi\/#website","url":"https:\/\/help.jamk.fi\/peppi\/","name":"Peppi","description":"","potentialAction":[{"@type":"SearchAction","target":{"@type":"EntryPoint","urlTemplate":"https:\/\/help.jamk.fi\/peppi\/?s={search_term_string}"},"query-input":{"@type":"PropertyValueSpecification","valueRequired":true,"valueName":"search_term_string"}}],"inLanguage":"fi"}]}},"_links":{"self":[{"href":"https:\/\/help.jamk.fi\/peppi\/wp-json\/wp\/v2\/pages\/2573","targetHints":{"allow":["GET"]}}],"collection":[{"href":"https:\/\/help.jamk.fi\/peppi\/wp-json\/wp\/v2\/pages"}],"about":[{"href":"https:\/\/help.jamk.fi\/peppi\/wp-json\/wp\/v2\/types\/page"}],"author":[{"embeddable":true,"href":"https:\/\/help.jamk.fi\/peppi\/wp-json\/wp\/v2\/users\/77"}],"replies":[{"embeddable":true,"href":"https:\/\/help.jamk.fi\/peppi\/wp-json\/wp\/v2\/comments?post=2573"}],"version-history":[{"count":4,"href":"https:\/\/help.jamk.fi\/peppi\/wp-json\/wp\/v2\/pages\/2573\/revisions"}],"predecessor-version":[{"id":3581,"href":"https:\/\/help.jamk.fi\/peppi\/wp-json\/wp\/v2\/pages\/2573\/revisions\/3581"}],"up":[{"embeddable":true,"href":"https:\/\/help.jamk.fi\/peppi\/wp-json\/wp\/v2\/pages\/2565"}],"wp:attachment":[{"href":"https:\/\/help.jamk.fi\/peppi\/wp-json\/wp\/v2\/media?parent=2573"}],"wp:term":[{"taxonomy":"category","embeddable":true,"href":"https:\/\/help.jamk.fi\/peppi\/wp-json\/wp\/v2\/categories?post=2573"},{"taxonomy":"post_tag","embeddable":true,"href":"https:\/\/help.jamk.fi\/peppi\/wp-json\/wp\/v2\/tags?post=2573"}],"curies":[{"name":"wp","href":"https:\/\/api.w.org\/{rel}","templated":true}]}}