{"id":2574,"date":"2020-04-22T11:18:47","date_gmt":"2020-04-22T08:18:47","guid":{"rendered":"https:\/\/help.jamk.fi\/peppi\/tavoiteseuranta\/"},"modified":"2024-06-11T14:02:53","modified_gmt":"2024-06-11T11:02:53","slug":"tavoiteseuranta","status":"publish","type":"page","link":"https:\/\/help.jamk.fi\/peppi\/fi\/tavoiteseuranta\/","title":{"rendered":"Tavoiteseuranta"},"content":{"rendered":"\n<p>Etusivun <em>Tavoiteseuranta<\/em>-ikonista p\u00e4\u00e4set tarkastelemaan edistymist\u00e4si graafisessa muodossa. Viem\u00e4ll\u00e4 hiiren ikkunan yl\u00e4osassa olevan aikajanagraafin p\u00e4\u00e4lle saat esiin kunkin lukukauden yhteenvetotiedot ja toisaalta viem\u00e4ll\u00e4 hiiren piirakkagraafin p\u00e4\u00e4lle n\u00e4et suoritetut tai j\u00e4ljell\u00e4 olevat opintopisteet.<\/p>\n\n\n\n<p>Klikkaamalla ikkunan yl\u00e4osassa n\u00e4kyvi\u00e4 selitteit\u00e4 (<em>Suoritetut, Ilmoittautumiset, Oma tavoite, Koulun tavoite<\/em>) voit muokata n\u00e4kym\u00e4\u00e4.<\/p>\n\n\n\n<figure class=\"wp-block-image\"><img loading=\"lazy\" decoding=\"async\" width=\"1024\" height=\"619\" src=\"https:\/\/help.jamk.fi\/peppi\/wp-content\/uploads\/sites\/130\/2021\/03\/Tavoiteseuranta-Ohje.jpg\" alt=\"N\u00e4kym\u00e4 Peppiss\u00e4\" class=\"wp-image-1220\"\/><\/figure>\n","protected":false},"excerpt":{"rendered":"<p>Etusivun Tavoiteseuranta-ikonista p\u00e4\u00e4set tarkastelemaan edistymist\u00e4si graafisessa muodossa. Viem\u00e4ll\u00e4 hiiren ikkunan yl\u00e4osassa olevan aikajanagraafin p\u00e4\u00e4lle saat esiin kunkin lukukauden yhteenvetotiedot ja toisaalta viem\u00e4ll\u00e4 hiiren piirakkagraafin p\u00e4\u00e4lle n\u00e4et suoritetut tai j\u00e4ljell\u00e4 olevat opintopisteet. Klikkaamalla ikkunan yl\u00e4osassa n\u00e4kyvi\u00e4 selitteit\u00e4 (Suoritetut, Ilmoittautumiset, Oma tavoite, Koulun tavoite) voit muokata n\u00e4kym\u00e4\u00e4.<\/p>\n","protected":false},"author":77,"featured_media":0,"parent":0,"menu_order":8,"comment_status":"closed","ping_status":"closed","template":"","meta":{"_acf_changed":false,"_relevanssi_hide_post":"","_relevanssi_hide_content":"","_relevanssi_pin_for_all":"","_relevanssi_pin_keywords":"","_relevanssi_unpin_keywords":"","_relevanssi_related_keywords":"","_relevanssi_related_include_ids":"","_relevanssi_related_exclude_ids":"","_relevanssi_related_no_append":"","_relevanssi_related_not_related":"","_relevanssi_related_posts":"","_relevanssi_noindex_reason":"","footnotes":""},"categories":[1],"tags":[],"class_list":["post-2574","page","type-page","status-publish","hentry","category-uncategorised"],"acf":[],"yoast_head":"<!-- This site is optimized with the Yoast SEO plugin v27.3 - https:\/\/yoast.com\/product\/yoast-seo-wordpress\/ -->\n<title>Tavoiteseuranta - Peppi<\/title>\n<meta name=\"robots\" content=\"index, follow, max-snippet:-1, max-image-preview:large, max-video-preview:-1\" \/>\n<link rel=\"canonical\" href=\"https:\/\/help.jamk.fi\/peppi\/fi\/tavoiteseuranta\/\" \/>\n<meta property=\"og:locale\" content=\"fi_FI\" \/>\n<meta property=\"og:type\" content=\"article\" \/>\n<meta property=\"og:title\" content=\"Tavoiteseuranta - Peppi\" \/>\n<meta property=\"og:description\" content=\"Etusivun Tavoiteseuranta-ikonista p\u00e4\u00e4set tarkastelemaan edistymist\u00e4si graafisessa muodossa. Viem\u00e4ll\u00e4 hiiren ikkunan yl\u00e4osassa olevan aikajanagraafin p\u00e4\u00e4lle saat esiin kunkin lukukauden yhteenvetotiedot ja toisaalta viem\u00e4ll\u00e4 hiiren piirakkagraafin p\u00e4\u00e4lle n\u00e4et suoritetut tai j\u00e4ljell\u00e4 olevat opintopisteet. Klikkaamalla ikkunan yl\u00e4osassa n\u00e4kyvi\u00e4 selitteit\u00e4 (Suoritetut, Ilmoittautumiset, Oma tavoite, Koulun tavoite) voit muokata n\u00e4kym\u00e4\u00e4.\" \/>\n<meta property=\"og:url\" content=\"https:\/\/help.jamk.fi\/peppi\/fi\/tavoiteseuranta\/\" \/>\n<meta property=\"og:site_name\" content=\"Peppi\" \/>\n<meta property=\"article:modified_time\" content=\"2024-06-11T11:02:53+00:00\" \/>\n<meta property=\"og:image\" content=\"https:\/\/help.jamk.fi\/peppi\/wp-content\/uploads\/sites\/130\/2021\/03\/Tavoiteseuranta-Ohje.jpg\" \/>\n<meta name=\"twitter:card\" content=\"summary_large_image\" \/>\n<meta name=\"twitter:label1\" content=\"Arvioitu lukuaika\" \/>\n\t<meta name=\"twitter:data1\" content=\"1 minuutti\" \/>\n<script type=\"application\/ld+json\" class=\"yoast-schema-graph\">{\"@context\":\"https:\\\/\\\/schema.org\",\"@graph\":[{\"@type\":\"WebPage\",\"@id\":\"https:\\\/\\\/help.jamk.fi\\\/peppi\\\/fi\\\/tavoiteseuranta\\\/\",\"url\":\"https:\\\/\\\/help.jamk.fi\\\/peppi\\\/fi\\\/tavoiteseuranta\\\/\",\"name\":\"Tavoiteseuranta - Peppi\",\"isPartOf\":{\"@id\":\"https:\\\/\\\/help.jamk.fi\\\/peppi\\\/#website\"},\"primaryImageOfPage\":{\"@id\":\"https:\\\/\\\/help.jamk.fi\\\/peppi\\\/fi\\\/tavoiteseuranta\\\/#primaryimage\"},\"image\":{\"@id\":\"https:\\\/\\\/help.jamk.fi\\\/peppi\\\/fi\\\/tavoiteseuranta\\\/#primaryimage\"},\"thumbnailUrl\":\"https:\\\/\\\/help.jamk.fi\\\/peppi\\\/wp-content\\\/uploads\\\/sites\\\/130\\\/2021\\\/03\\\/Tavoiteseuranta-Ohje.jpg\",\"datePublished\":\"2020-04-22T08:18:47+00:00\",\"dateModified\":\"2024-06-11T11:02:53+00:00\",\"breadcrumb\":{\"@id\":\"https:\\\/\\\/help.jamk.fi\\\/peppi\\\/fi\\\/tavoiteseuranta\\\/#breadcrumb\"},\"inLanguage\":\"fi\",\"potentialAction\":[{\"@type\":\"ReadAction\",\"target\":[\"https:\\\/\\\/help.jamk.fi\\\/peppi\\\/fi\\\/tavoiteseuranta\\\/\"]}]},{\"@type\":\"ImageObject\",\"inLanguage\":\"fi\",\"@id\":\"https:\\\/\\\/help.jamk.fi\\\/peppi\\\/fi\\\/tavoiteseuranta\\\/#primaryimage\",\"url\":\"https:\\\/\\\/help.jamk.fi\\\/peppi\\\/wp-content\\\/uploads\\\/sites\\\/130\\\/2021\\\/03\\\/Tavoiteseuranta-Ohje.jpg\",\"contentUrl\":\"https:\\\/\\\/help.jamk.fi\\\/peppi\\\/wp-content\\\/uploads\\\/sites\\\/130\\\/2021\\\/03\\\/Tavoiteseuranta-Ohje.jpg\",\"width\":1024,\"height\":619,\"caption\":\"N\u00e4kym\u00e4 Peppiss\u00e4\"},{\"@type\":\"BreadcrumbList\",\"@id\":\"https:\\\/\\\/help.jamk.fi\\\/peppi\\\/fi\\\/tavoiteseuranta\\\/#breadcrumb\",\"itemListElement\":[{\"@type\":\"ListItem\",\"position\":1,\"name\":\"Home\",\"item\":\"https:\\\/\\\/help.jamk.fi\\\/peppi\\\/fi\\\/\"},{\"@type\":\"ListItem\",\"position\":2,\"name\":\"Tavoiteseuranta\"}]},{\"@type\":\"WebSite\",\"@id\":\"https:\\\/\\\/help.jamk.fi\\\/peppi\\\/#website\",\"url\":\"https:\\\/\\\/help.jamk.fi\\\/peppi\\\/\",\"name\":\"Peppi\",\"description\":\"\",\"potentialAction\":[{\"@type\":\"SearchAction\",\"target\":{\"@type\":\"EntryPoint\",\"urlTemplate\":\"https:\\\/\\\/help.jamk.fi\\\/peppi\\\/?s={search_term_string}\"},\"query-input\":{\"@type\":\"PropertyValueSpecification\",\"valueRequired\":true,\"valueName\":\"search_term_string\"}}],\"inLanguage\":\"fi\"}]}<\/script>\n<!-- \/ Yoast SEO plugin. -->","yoast_head_json":{"title":"Tavoiteseuranta - Peppi","robots":{"index":"index","follow":"follow","max-snippet":"max-snippet:-1","max-image-preview":"max-image-preview:large","max-video-preview":"max-video-preview:-1"},"canonical":"https:\/\/help.jamk.fi\/peppi\/fi\/tavoiteseuranta\/","og_locale":"fi_FI","og_type":"article","og_title":"Tavoiteseuranta - Peppi","og_description":"Etusivun Tavoiteseuranta-ikonista p\u00e4\u00e4set tarkastelemaan edistymist\u00e4si graafisessa muodossa. Viem\u00e4ll\u00e4 hiiren ikkunan yl\u00e4osassa olevan aikajanagraafin p\u00e4\u00e4lle saat esiin kunkin lukukauden yhteenvetotiedot ja toisaalta viem\u00e4ll\u00e4 hiiren piirakkagraafin p\u00e4\u00e4lle n\u00e4et suoritetut tai j\u00e4ljell\u00e4 olevat opintopisteet. Klikkaamalla ikkunan yl\u00e4osassa n\u00e4kyvi\u00e4 selitteit\u00e4 (Suoritetut, Ilmoittautumiset, Oma tavoite, Koulun tavoite) voit muokata n\u00e4kym\u00e4\u00e4.","og_url":"https:\/\/help.jamk.fi\/peppi\/fi\/tavoiteseuranta\/","og_site_name":"Peppi","article_modified_time":"2024-06-11T11:02:53+00:00","og_image":[{"url":"https:\/\/help.jamk.fi\/peppi\/wp-content\/uploads\/sites\/130\/2021\/03\/Tavoiteseuranta-Ohje.jpg","type":"","width":"","height":""}],"twitter_card":"summary_large_image","twitter_misc":{"Arvioitu lukuaika":"1 minuutti"},"schema":{"@context":"https:\/\/schema.org","@graph":[{"@type":"WebPage","@id":"https:\/\/help.jamk.fi\/peppi\/fi\/tavoiteseuranta\/","url":"https:\/\/help.jamk.fi\/peppi\/fi\/tavoiteseuranta\/","name":"Tavoiteseuranta - Peppi","isPartOf":{"@id":"https:\/\/help.jamk.fi\/peppi\/#website"},"primaryImageOfPage":{"@id":"https:\/\/help.jamk.fi\/peppi\/fi\/tavoiteseuranta\/#primaryimage"},"image":{"@id":"https:\/\/help.jamk.fi\/peppi\/fi\/tavoiteseuranta\/#primaryimage"},"thumbnailUrl":"https:\/\/help.jamk.fi\/peppi\/wp-content\/uploads\/sites\/130\/2021\/03\/Tavoiteseuranta-Ohje.jpg","datePublished":"2020-04-22T08:18:47+00:00","dateModified":"2024-06-11T11:02:53+00:00","breadcrumb":{"@id":"https:\/\/help.jamk.fi\/peppi\/fi\/tavoiteseuranta\/#breadcrumb"},"inLanguage":"fi","potentialAction":[{"@type":"ReadAction","target":["https:\/\/help.jamk.fi\/peppi\/fi\/tavoiteseuranta\/"]}]},{"@type":"ImageObject","inLanguage":"fi","@id":"https:\/\/help.jamk.fi\/peppi\/fi\/tavoiteseuranta\/#primaryimage","url":"https:\/\/help.jamk.fi\/peppi\/wp-content\/uploads\/sites\/130\/2021\/03\/Tavoiteseuranta-Ohje.jpg","contentUrl":"https:\/\/help.jamk.fi\/peppi\/wp-content\/uploads\/sites\/130\/2021\/03\/Tavoiteseuranta-Ohje.jpg","width":1024,"height":619,"caption":"N\u00e4kym\u00e4 Peppiss\u00e4"},{"@type":"BreadcrumbList","@id":"https:\/\/help.jamk.fi\/peppi\/fi\/tavoiteseuranta\/#breadcrumb","itemListElement":[{"@type":"ListItem","position":1,"name":"Home","item":"https:\/\/help.jamk.fi\/peppi\/fi\/"},{"@type":"ListItem","position":2,"name":"Tavoiteseuranta"}]},{"@type":"WebSite","@id":"https:\/\/help.jamk.fi\/peppi\/#website","url":"https:\/\/help.jamk.fi\/peppi\/","name":"Peppi","description":"","potentialAction":[{"@type":"SearchAction","target":{"@type":"EntryPoint","urlTemplate":"https:\/\/help.jamk.fi\/peppi\/?s={search_term_string}"},"query-input":{"@type":"PropertyValueSpecification","valueRequired":true,"valueName":"search_term_string"}}],"inLanguage":"fi"}]}},"_links":{"self":[{"href":"https:\/\/help.jamk.fi\/peppi\/wp-json\/wp\/v2\/pages\/2574","targetHints":{"allow":["GET"]}}],"collection":[{"href":"https:\/\/help.jamk.fi\/peppi\/wp-json\/wp\/v2\/pages"}],"about":[{"href":"https:\/\/help.jamk.fi\/peppi\/wp-json\/wp\/v2\/types\/page"}],"author":[{"embeddable":true,"href":"https:\/\/help.jamk.fi\/peppi\/wp-json\/wp\/v2\/users\/77"}],"replies":[{"embeddable":true,"href":"https:\/\/help.jamk.fi\/peppi\/wp-json\/wp\/v2\/comments?post=2574"}],"version-history":[{"count":2,"href":"https:\/\/help.jamk.fi\/peppi\/wp-json\/wp\/v2\/pages\/2574\/revisions"}],"predecessor-version":[{"id":3067,"href":"https:\/\/help.jamk.fi\/peppi\/wp-json\/wp\/v2\/pages\/2574\/revisions\/3067"}],"wp:attachment":[{"href":"https:\/\/help.jamk.fi\/peppi\/wp-json\/wp\/v2\/media?parent=2574"}],"wp:term":[{"taxonomy":"category","embeddable":true,"href":"https:\/\/help.jamk.fi\/peppi\/wp-json\/wp\/v2\/categories?post=2574"},{"taxonomy":"post_tag","embeddable":true,"href":"https:\/\/help.jamk.fi\/peppi\/wp-json\/wp\/v2\/tags?post=2574"}],"curies":[{"name":"wp","href":"https:\/\/api.w.org\/{rel}","templated":true}]}}