{"id":2592,"date":"2020-05-15T07:40:59","date_gmt":"2020-05-15T04:40:59","guid":{"rendered":"https:\/\/help.jamk.fi\/peppi\/usein-kysytyt-kysymykset\/"},"modified":"2026-02-17T09:08:28","modified_gmt":"2026-02-17T07:08:28","slug":"usein-kysytyt-kysymykset","status":"publish","type":"page","link":"https:\/\/help.jamk.fi\/peppi\/fi\/usein-kysytyt-kysymykset\/","title":{"rendered":"UKK"},"content":{"rendered":"\n<p>T\u00e4lle sivulle kootaan usein kysyttyj\u00e4 kysymyksi\u00e4 Pepist\u00e4 sek\u00e4 huomioita p\u00e4ivityksiss\u00e4 tulleista ominaisuuksista ja virheist\u00e4.<\/p>\n\n\n\n<h2 class=\"wp-block-heading\">P\u00e4ivityksess\u00e4 tulleita ominaisuuksia ja korjauksia<\/h2>\n\n\n\n<p>Seuraava Pepin p\u00e4ivitys on 23. &#8211; 24.2.2026 ja siin\u00e4 tulee n\u00e4it\u00e4 ominaisuuksia ja korjauksia<\/p>\n\n\n\n<p class=\"has-ingressi-font-size\"><\/p>\n\n\n\n<h3 class=\"wp-block-heading\">Opiskelijan ty\u00f6p\u00f6yt\u00e4<\/h3>\n\n\n\n<ul class=\"wp-block-list\">\n<li>Opiskelijan ty\u00f6p\u00f6yd\u00e4n HOPS-n\u00e4kym\u00e4\u00e4 on yksinkertaistettu ja selkeytetty. Tarkastelu-, ja opintojen valinta -v\u00e4lilehdilt\u00e4 on poistettu infolaatikot.<\/li>\n\n\n\n<li>Opiskelijan ty\u00f6p\u00f6yd\u00e4n HOPSin ryhm\u00e4n kuvaus -v\u00e4lilehti on poistettu. <\/li>\n\n\n\n<li>Opintojakson ingressi-kent\u00e4n teksti n\u00e4kyy opiskelijan HOPS-n\u00e4kym\u00e4ss\u00e4 opintojakson tiedoissa.<\/li>\n<\/ul>\n\n\n\n<h3 class=\"wp-block-heading\">J\u00e4sentelyt-v\u00e4lilehti poistuu HOPSilta Peppi-p\u00e4ivityksen my\u00f6t\u00e4<\/h3>\n\n\n\n<p class=\"has-ingressi-font-size\"><\/p>\n\n\n\n<p>Peppi-j\u00e4rjestelm\u00e4n p\u00e4ivityksess\u00e4 <strong>J\u00e4sentelyt-v\u00e4lilehti poistuu henkil\u00f6kohtaisesta opetussuunnitelmasta (HOPS)<\/strong>. Aiemmin v\u00e4lilehte\u00e4 on voinut k\u00e4ytt\u00e4\u00e4 muun muassa opintojaksoilla kertyv\u00e4n osaamisen tarkasteluun.<\/p>\n\n\n\n<p>P\u00e4ivityksen j\u00e4lkeen voit <strong>tarkistaa opetussuunnitelmasta opintojaksoilla kertyv\u00e4n osaamisen. Lis\u00e4ksi osassa tutkinto-ohjelmissa opetussuunnitelmista voit tarkastella, mitk\u00e4 opintojaksot ovat sinulle pakollisia ja mitk\u00e4 vapaasti valittavia<\/strong>, <a href=\"https:\/\/help.jamk.fi\/peppi\/fi\/opintoni\/opintojen-valinta-ajoitus-jasentelyt\/\">katso ohje Helpist\u00e4.<\/a> Opetussuunnitelmat l\u00f6ytyv\u00e4t <strong>Jamkin verkkosivuilta<\/strong> sek\u00e4 Pepiss\u00e4 <strong>&#8221;Opintoni&#8221;<\/strong>-otsikon alta.<\/p>\n\n\n\n<h3 class=\"wp-block-heading has-ingressi-font-size\">Ilmoittautumiset<\/h3>\n\n\n\n<p>Opiskelijan opetusryhm\u00e4toive ja opettajan opetusryhm\u00e4\u00e4n sijoittelu n\u00e4ytet\u00e4\u00e4n omissa sarakkeissaan HOPS:n ilmoittautumisv\u00e4lilehdell\u00e4. Parannus ei koske ennen p\u00e4ivityst\u00e4 tehtyj\u00e4 sijoitteluja.<\/p>\n\n\n\n<h3 class=\"wp-block-heading\">Tiedossa olevia virheit\u00e4<\/h3>\n\n\n\n<p><\/p>\n\n\n\n<h2 class=\"wp-block-heading\">Usein kysyttyj\u00e4 kysymyksi\u00e4<\/h2>\n\n\n\n<p><strong>Ongelmia Peppiin kirjautumisessa<\/strong>?<\/p>\n\n\n\n<ul class=\"wp-block-list\">\n<li>Kirjaudu Jamkin k\u00e4ytt\u00e4j\u00e4tunnuksellasi osoitteessa <a href=\"https:\/\/peppi.jamk.fi\">peppi.jamk.fi<\/a>.\n<ul class=\"wp-block-list\">\n<li>Jos et p\u00e4\u00e4se kirjautumaan, kokeile tyhjent\u00e4\u00e4 selaimen v\u00e4limuisti.<\/li>\n\n\n\n<li>Jos sinulla on useampi opinto-oikeus, kokeile kirjautua toisella k\u00e4ytt\u00e4j\u00e4tunnuksella.<\/li>\n\n\n\n<li>Jos et p\u00e4\u00e4se opiskelijan ty\u00f6p\u00f6yd\u00e4lle, laita Helpdesk-palvelupyynt\u00f6: <a href=\"https:\/\/help.jamk.fi\">help.jamk.fi<\/a>.<\/li>\n<\/ul>\n<\/li>\n<\/ul>\n\n\n\n<p><strong>Minulla on useampi k\u00e4ytt\u00e4j\u00e4tunnus Jamkissa ja p\u00e4\u00e4sen kirjautumaan Peppiin v\u00e4hemm\u00e4n k\u00e4ytt\u00e4m\u00e4ll\u00e4ni tunnuksella. Miten saan vaihdettua tunnuksen enemm\u00e4n k\u00e4ytt\u00e4m\u00e4\u00e4ni?<\/strong><\/p>\n\n\n\n<p>Pepin my\u00f6t\u00e4 opiskelijoilla on vain yksi k\u00e4ytt\u00e4j\u00e4tunnus, johon on yhdistetty mahdolliset muut k\u00e4ytt\u00e4j\u00e4tunnukset. Jos haluat vaihtaa v\u00e4hemm\u00e4n k\u00e4ytetyn k\u00e4ytt\u00e4j\u00e4tunnuksen enemm\u00e4n k\u00e4ytt\u00e4m\u00e4\u00e4si, j\u00e4t\u00e4 Helpdesk-palvelupyynt\u00f6: <a href=\"https:\/\/help.jamk.fi\">help.jamk.fi<\/a>.<\/p>\n\n\n\n<p><strong>Sukunimeni on Pepiss\u00e4 tai Wihiss\u00e4 v\u00e4\u00e4r\u00e4, mit\u00e4 teen?<\/strong><\/p>\n\n\n\n<p>Jos Pepiss\u00e4 tai Wihiss\u00e4 n\u00e4kyy muu kuin nykyinen sukunimesi, laita asiasta palvelupyynt\u00f6 Helpdeskiss\u00e4 <a href=\"https:\/\/help.jamk.fi\">help.jamk.fi<\/a>. Toimita palvelupyynn\u00f6n liitteen\u00e4 kopio kuvallisesta henkil\u00f6llisyystodistuksesta. Mik\u00e4li olet tehnyt eAHOTissa hakemuksen v\u00e4\u00e4r\u00e4ll\u00e4 sukunimell\u00e4, hakemuksella oleva sukunimi ei vaihdu j\u00e4lkik\u00e4teen.<\/p>\n\n\n\n<p><strong>Jotta&nbsp; p\u00e4\u00e4sen kes\u00e4ll\u00e4 ilmoittautumaan opintojaksoille, tuleeko sit\u00e4 ennen opintojaksot \u201dnostaa\u201d omaan HOPSiin? Ja pit\u00e4\u00e4k\u00f6 tutoropettajan hyv\u00e4ksy\u00e4 HOPS ennen kuin p\u00e4\u00e4sen ilmoittautumaan opintojaksolle?<\/strong><\/p>\n\n\n\n<p>&#8211; Voit lis\u00e4t\u00e4 opintojaksoja HOPSille ja voit ilmoittautua my\u00f6s opintojaksoille, joita ei ole HOPSilla. Opintojaksoilmoittautuminen ei tarvitse alle hyv\u00e4ksytty\u00e4 HOPSia. <a href=\"https:\/\/help.jamk.fi\/peppi\/opintoni\/ilmoittautumiset-opintojaksojen-toteutuksille\/\">Ohje opintojaksoilmoittautumiseen<\/a><\/p>\n\n\n\n<p><strong>HOPSin ulkopuolisissa opinnoissa n\u00e4kyy ilmoittautumisia tai kirjattu suoritus?<\/strong><\/p>\n\n\n\n<p>Mik\u00e4li HOPSin ulkopuolisissa opinnoissa n\u00e4kyy ilmoittautumisia opintojaksoille\/toteutuksille, joita olet suorittamassa, tulee ne siirt\u00e4\u00e4 oikealle paikalle HOPSilla opettajatutorin toimesta. Samoin tulee toimia jos suorittamasi opinto tulee n\u00e4kyviin HOPSin ulkopuolisiin opintoihin.<\/p>\n\n\n\n<p><\/p>\n","protected":false},"excerpt":{"rendered":"<p>T\u00e4lle sivulle kootaan usein kysyttyj\u00e4 kysymyksi\u00e4 Pepist\u00e4 sek\u00e4 huomioita p\u00e4ivityksiss\u00e4 tulleista ominaisuuksista ja virheist\u00e4. P\u00e4ivityksess\u00e4 tulleita ominaisuuksia ja korjauksia Seuraava Pepin p\u00e4ivitys on 23. &#8211; 24.2.2026 ja siin\u00e4 tulee n\u00e4it\u00e4 ominaisuuksia ja korjauksia Opiskelijan ty\u00f6p\u00f6yt\u00e4 J\u00e4sentelyt-v\u00e4lilehti poistuu HOPSilta Peppi-p\u00e4ivityksen my\u00f6t\u00e4 Peppi-j\u00e4rjestelm\u00e4n p\u00e4ivityksess\u00e4 J\u00e4sentelyt-v\u00e4lilehti poistuu henkil\u00f6kohtaisesta opetussuunnitelmasta (HOPS). Aiemmin v\u00e4lilehte\u00e4 on voinut k\u00e4ytt\u00e4\u00e4 muun muassa opintojaksoilla [&hellip;]<\/p>\n","protected":false},"author":76,"featured_media":0,"parent":0,"menu_order":10,"comment_status":"closed","ping_status":"closed","template":"","meta":{"_acf_changed":false,"_relevanssi_hide_post":"","_relevanssi_hide_content":"","_relevanssi_pin_for_all":"","_relevanssi_pin_keywords":"","_relevanssi_unpin_keywords":"","_relevanssi_related_keywords":"","_relevanssi_related_include_ids":"","_relevanssi_related_exclude_ids":"","_relevanssi_related_no_append":"","_relevanssi_related_not_related":"","_relevanssi_related_posts":"","_relevanssi_noindex_reason":"","footnotes":""},"categories":[1],"tags":[],"class_list":["post-2592","page","type-page","status-publish","hentry","category-uncategorised"],"acf":[],"yoast_head":"<!-- This site is optimized with the Yoast SEO plugin v27.4 - https:\/\/yoast.com\/product\/yoast-seo-wordpress\/ -->\n<title>UKK - Peppi<\/title>\n<meta name=\"robots\" content=\"index, follow, max-snippet:-1, max-image-preview:large, max-video-preview:-1\" \/>\n<link rel=\"canonical\" href=\"https:\/\/help.jamk.fi\/peppi\/fi\/usein-kysytyt-kysymykset\/\" \/>\n<meta property=\"og:locale\" content=\"fi_FI\" \/>\n<meta property=\"og:type\" content=\"article\" \/>\n<meta property=\"og:title\" content=\"UKK - Peppi\" \/>\n<meta property=\"og:description\" content=\"T\u00e4lle sivulle kootaan usein kysyttyj\u00e4 kysymyksi\u00e4 Pepist\u00e4 sek\u00e4 huomioita p\u00e4ivityksiss\u00e4 tulleista ominaisuuksista ja virheist\u00e4. P\u00e4ivityksess\u00e4 tulleita ominaisuuksia ja korjauksia Seuraava Pepin p\u00e4ivitys on 23. &#8211; 24.2.2026 ja siin\u00e4 tulee n\u00e4it\u00e4 ominaisuuksia ja korjauksia Opiskelijan ty\u00f6p\u00f6yt\u00e4 J\u00e4sentelyt-v\u00e4lilehti poistuu HOPSilta Peppi-p\u00e4ivityksen my\u00f6t\u00e4 Peppi-j\u00e4rjestelm\u00e4n p\u00e4ivityksess\u00e4 J\u00e4sentelyt-v\u00e4lilehti poistuu henkil\u00f6kohtaisesta opetussuunnitelmasta (HOPS). Aiemmin v\u00e4lilehte\u00e4 on voinut k\u00e4ytt\u00e4\u00e4 muun muassa opintojaksoilla [&hellip;]\" \/>\n<meta property=\"og:url\" content=\"https:\/\/help.jamk.fi\/peppi\/fi\/usein-kysytyt-kysymykset\/\" \/>\n<meta property=\"og:site_name\" content=\"Peppi\" \/>\n<meta property=\"article:modified_time\" content=\"2026-02-17T07:08:28+00:00\" \/>\n<meta name=\"twitter:card\" content=\"summary_large_image\" \/>\n<meta name=\"twitter:label1\" content=\"Arvioitu lukuaika\" \/>\n\t<meta name=\"twitter:data1\" content=\"3 minuuttia\" \/>\n<script type=\"application\/ld+json\" class=\"yoast-schema-graph\">{\"@context\":\"https:\\\/\\\/schema.org\",\"@graph\":[{\"@type\":\"WebPage\",\"@id\":\"https:\\\/\\\/help.jamk.fi\\\/peppi\\\/fi\\\/usein-kysytyt-kysymykset\\\/\",\"url\":\"https:\\\/\\\/help.jamk.fi\\\/peppi\\\/fi\\\/usein-kysytyt-kysymykset\\\/\",\"name\":\"UKK - Peppi\",\"isPartOf\":{\"@id\":\"https:\\\/\\\/help.jamk.fi\\\/peppi\\\/#website\"},\"datePublished\":\"2020-05-15T04:40:59+00:00\",\"dateModified\":\"2026-02-17T07:08:28+00:00\",\"breadcrumb\":{\"@id\":\"https:\\\/\\\/help.jamk.fi\\\/peppi\\\/fi\\\/usein-kysytyt-kysymykset\\\/#breadcrumb\"},\"inLanguage\":\"fi\",\"potentialAction\":[{\"@type\":\"ReadAction\",\"target\":[\"https:\\\/\\\/help.jamk.fi\\\/peppi\\\/fi\\\/usein-kysytyt-kysymykset\\\/\"]}]},{\"@type\":\"BreadcrumbList\",\"@id\":\"https:\\\/\\\/help.jamk.fi\\\/peppi\\\/fi\\\/usein-kysytyt-kysymykset\\\/#breadcrumb\",\"itemListElement\":[{\"@type\":\"ListItem\",\"position\":1,\"name\":\"Home\",\"item\":\"https:\\\/\\\/help.jamk.fi\\\/peppi\\\/fi\\\/\"},{\"@type\":\"ListItem\",\"position\":2,\"name\":\"UKK\"}]},{\"@type\":\"WebSite\",\"@id\":\"https:\\\/\\\/help.jamk.fi\\\/peppi\\\/#website\",\"url\":\"https:\\\/\\\/help.jamk.fi\\\/peppi\\\/\",\"name\":\"Peppi\",\"description\":\"\",\"potentialAction\":[{\"@type\":\"SearchAction\",\"target\":{\"@type\":\"EntryPoint\",\"urlTemplate\":\"https:\\\/\\\/help.jamk.fi\\\/peppi\\\/?s={search_term_string}\"},\"query-input\":{\"@type\":\"PropertyValueSpecification\",\"valueRequired\":true,\"valueName\":\"search_term_string\"}}],\"inLanguage\":\"fi\"}]}<\/script>\n<!-- \/ Yoast SEO plugin. -->","yoast_head_json":{"title":"UKK - Peppi","robots":{"index":"index","follow":"follow","max-snippet":"max-snippet:-1","max-image-preview":"max-image-preview:large","max-video-preview":"max-video-preview:-1"},"canonical":"https:\/\/help.jamk.fi\/peppi\/fi\/usein-kysytyt-kysymykset\/","og_locale":"fi_FI","og_type":"article","og_title":"UKK - Peppi","og_description":"T\u00e4lle sivulle kootaan usein kysyttyj\u00e4 kysymyksi\u00e4 Pepist\u00e4 sek\u00e4 huomioita p\u00e4ivityksiss\u00e4 tulleista ominaisuuksista ja virheist\u00e4. P\u00e4ivityksess\u00e4 tulleita ominaisuuksia ja korjauksia Seuraava Pepin p\u00e4ivitys on 23. &#8211; 24.2.2026 ja siin\u00e4 tulee n\u00e4it\u00e4 ominaisuuksia ja korjauksia Opiskelijan ty\u00f6p\u00f6yt\u00e4 J\u00e4sentelyt-v\u00e4lilehti poistuu HOPSilta Peppi-p\u00e4ivityksen my\u00f6t\u00e4 Peppi-j\u00e4rjestelm\u00e4n p\u00e4ivityksess\u00e4 J\u00e4sentelyt-v\u00e4lilehti poistuu henkil\u00f6kohtaisesta opetussuunnitelmasta (HOPS). Aiemmin v\u00e4lilehte\u00e4 on voinut k\u00e4ytt\u00e4\u00e4 muun muassa opintojaksoilla [&hellip;]","og_url":"https:\/\/help.jamk.fi\/peppi\/fi\/usein-kysytyt-kysymykset\/","og_site_name":"Peppi","article_modified_time":"2026-02-17T07:08:28+00:00","twitter_card":"summary_large_image","twitter_misc":{"Arvioitu lukuaika":"3 minuuttia"},"schema":{"@context":"https:\/\/schema.org","@graph":[{"@type":"WebPage","@id":"https:\/\/help.jamk.fi\/peppi\/fi\/usein-kysytyt-kysymykset\/","url":"https:\/\/help.jamk.fi\/peppi\/fi\/usein-kysytyt-kysymykset\/","name":"UKK - Peppi","isPartOf":{"@id":"https:\/\/help.jamk.fi\/peppi\/#website"},"datePublished":"2020-05-15T04:40:59+00:00","dateModified":"2026-02-17T07:08:28+00:00","breadcrumb":{"@id":"https:\/\/help.jamk.fi\/peppi\/fi\/usein-kysytyt-kysymykset\/#breadcrumb"},"inLanguage":"fi","potentialAction":[{"@type":"ReadAction","target":["https:\/\/help.jamk.fi\/peppi\/fi\/usein-kysytyt-kysymykset\/"]}]},{"@type":"BreadcrumbList","@id":"https:\/\/help.jamk.fi\/peppi\/fi\/usein-kysytyt-kysymykset\/#breadcrumb","itemListElement":[{"@type":"ListItem","position":1,"name":"Home","item":"https:\/\/help.jamk.fi\/peppi\/fi\/"},{"@type":"ListItem","position":2,"name":"UKK"}]},{"@type":"WebSite","@id":"https:\/\/help.jamk.fi\/peppi\/#website","url":"https:\/\/help.jamk.fi\/peppi\/","name":"Peppi","description":"","potentialAction":[{"@type":"SearchAction","target":{"@type":"EntryPoint","urlTemplate":"https:\/\/help.jamk.fi\/peppi\/?s={search_term_string}"},"query-input":{"@type":"PropertyValueSpecification","valueRequired":true,"valueName":"search_term_string"}}],"inLanguage":"fi"}]}},"_links":{"self":[{"href":"https:\/\/help.jamk.fi\/peppi\/wp-json\/wp\/v2\/pages\/2592","targetHints":{"allow":["GET"]}}],"collection":[{"href":"https:\/\/help.jamk.fi\/peppi\/wp-json\/wp\/v2\/pages"}],"about":[{"href":"https:\/\/help.jamk.fi\/peppi\/wp-json\/wp\/v2\/types\/page"}],"author":[{"embeddable":true,"href":"https:\/\/help.jamk.fi\/peppi\/wp-json\/wp\/v2\/users\/76"}],"replies":[{"embeddable":true,"href":"https:\/\/help.jamk.fi\/peppi\/wp-json\/wp\/v2\/comments?post=2592"}],"version-history":[{"count":25,"href":"https:\/\/help.jamk.fi\/peppi\/wp-json\/wp\/v2\/pages\/2592\/revisions"}],"predecessor-version":[{"id":3952,"href":"https:\/\/help.jamk.fi\/peppi\/wp-json\/wp\/v2\/pages\/2592\/revisions\/3952"}],"wp:attachment":[{"href":"https:\/\/help.jamk.fi\/peppi\/wp-json\/wp\/v2\/media?parent=2592"}],"wp:term":[{"taxonomy":"category","embeddable":true,"href":"https:\/\/help.jamk.fi\/peppi\/wp-json\/wp\/v2\/categories?post=2592"},{"taxonomy":"post_tag","embeddable":true,"href":"https:\/\/help.jamk.fi\/peppi\/wp-json\/wp\/v2\/tags?post=2592"}],"curies":[{"name":"wp","href":"https:\/\/api.w.org\/{rel}","templated":true}]}}