{"id":2600,"date":"2020-11-11T14:01:00","date_gmt":"2020-11-11T12:01:00","guid":{"rendered":"https:\/\/help.jamk.fi\/peppi\/opintoni\/koulutushaku\/"},"modified":"2024-02-28T15:17:42","modified_gmt":"2024-02-28T13:17:42","slug":"koulutushaku","status":"publish","type":"page","link":"https:\/\/help.jamk.fi\/peppi\/fi\/opintoni\/koulutushaku\/","title":{"rendered":"Opintohaku-palvelu"},"content":{"rendered":"\n<p>Palvelusta voit etsi\u00e4 opintojaksojen toteutuksia joko hakusanoilla tai suodattamalla. L\u00f6yd\u00e4t palvelun osoitteesta <a href=\"https:\/\/opintohaku.jamk.fi\">https:\/\/opintohaku.jamk.fi<\/a> tai Peppi &#8211; Opiskelijan ty\u00f6p\u00f6yd\u00e4n <em>Opintoni<\/em>-valikon alta.<\/p>\n\n\n\n<p>Klikkaamalla toteutusta p\u00e4\u00e4set tarkastelemaan sen kuvausta.<\/p>\n\n\n\n<p>Kuvauksen lopusta l\u00f6ytyv\u00e4t tulevat opetustapahtumat, mik\u00e4li toteutukselle on tehty lukuj\u00e4rjestys ja tilavaraukset.<\/p>\n\n\n\n<p>Mik\u00e4li l\u00f6yd\u00e4t toteutuksen, jolle haluat ilmoittautua, tee n\u00e4in: Kopioi toteutuksen koodi leikep\u00f6yd\u00e4lle ja liit\u00e4 se HOPSin <em>Ilmoittautumiset<\/em>-v\u00e4lilehdell\u00e4 <em>Hae opintoja<\/em> -kentt\u00e4\u00e4n ja klikkaa <em>Hae<\/em>. Mik\u00e4li opintojakson toteutuksen ilmoittautumisaika on menossa, haku palauttaa toteutuksen ja voit ilmoittautua.<\/p>\n\n\n\n<figure class=\"wp-block-image size-large\"><img decoding=\"async\" src=\"https:\/\/help.jamk.fi\/peppi\/wp-content\/uploads\/sites\/130\/2021\/03\/Koulutushaku-Toteutuksen-koodin-kopiointi-Ohje.jpg\" alt=\"N\u00e4kym\u00e4 Peppiss\u00e4\" class=\"wp-image-946\"\/><\/figure>\n","protected":false},"excerpt":{"rendered":"<p>Palvelusta voit etsi\u00e4 opintojaksojen toteutuksia joko hakusanoilla tai suodattamalla. L\u00f6yd\u00e4t palvelun osoitteesta https:\/\/opintohaku.jamk.fi tai Peppi &#8211; Opiskelijan ty\u00f6p\u00f6yd\u00e4n Opintoni-valikon alta. Klikkaamalla toteutusta p\u00e4\u00e4set tarkastelemaan sen kuvausta. Kuvauksen lopusta l\u00f6ytyv\u00e4t tulevat opetustapahtumat, mik\u00e4li toteutukselle on tehty lukuj\u00e4rjestys ja tilavaraukset. Mik\u00e4li l\u00f6yd\u00e4t toteutuksen, jolle haluat ilmoittautua, tee n\u00e4in: Kopioi toteutuksen koodi leikep\u00f6yd\u00e4lle ja liit\u00e4 se HOPSin Ilmoittautumiset-v\u00e4lilehdell\u00e4 [&hellip;]<\/p>\n","protected":false},"author":77,"featured_media":0,"parent":2565,"menu_order":0,"comment_status":"closed","ping_status":"open","template":"","meta":{"_acf_changed":false,"_relevanssi_hide_post":"","_relevanssi_hide_content":"","_relevanssi_pin_for_all":"","_relevanssi_pin_keywords":"","_relevanssi_unpin_keywords":"","_relevanssi_related_keywords":"","_relevanssi_related_include_ids":"","_relevanssi_related_exclude_ids":"","_relevanssi_related_no_append":"","_relevanssi_related_not_related":"","_relevanssi_related_posts":"","_relevanssi_noindex_reason":"","footnotes":""},"categories":[1],"tags":[],"class_list":["post-2600","page","type-page","status-publish","hentry","category-uncategorised"],"acf":[],"yoast_head":"<!-- This site is optimized with the Yoast SEO plugin v27.3 - https:\/\/yoast.com\/product\/yoast-seo-wordpress\/ -->\n<title>Opintohaku-palvelu - Peppi<\/title>\n<meta name=\"robots\" content=\"index, follow, max-snippet:-1, max-image-preview:large, max-video-preview:-1\" \/>\n<link rel=\"canonical\" href=\"https:\/\/help.jamk.fi\/peppi\/fi\/opintoni\/koulutushaku\/\" \/>\n<meta property=\"og:locale\" content=\"fi_FI\" \/>\n<meta property=\"og:type\" content=\"article\" \/>\n<meta property=\"og:title\" content=\"Opintohaku-palvelu - Peppi\" \/>\n<meta property=\"og:description\" content=\"Palvelusta voit etsi\u00e4 opintojaksojen toteutuksia joko hakusanoilla tai suodattamalla. L\u00f6yd\u00e4t palvelun osoitteesta https:\/\/opintohaku.jamk.fi tai Peppi &#8211; Opiskelijan ty\u00f6p\u00f6yd\u00e4n Opintoni-valikon alta. Klikkaamalla toteutusta p\u00e4\u00e4set tarkastelemaan sen kuvausta. Kuvauksen lopusta l\u00f6ytyv\u00e4t tulevat opetustapahtumat, mik\u00e4li toteutukselle on tehty lukuj\u00e4rjestys ja tilavaraukset. Mik\u00e4li l\u00f6yd\u00e4t toteutuksen, jolle haluat ilmoittautua, tee n\u00e4in: Kopioi toteutuksen koodi leikep\u00f6yd\u00e4lle ja liit\u00e4 se HOPSin Ilmoittautumiset-v\u00e4lilehdell\u00e4 [&hellip;]\" \/>\n<meta property=\"og:url\" content=\"https:\/\/help.jamk.fi\/peppi\/fi\/opintoni\/koulutushaku\/\" \/>\n<meta property=\"og:site_name\" content=\"Peppi\" \/>\n<meta property=\"article:modified_time\" content=\"2024-02-28T13:17:42+00:00\" \/>\n<meta property=\"og:image\" content=\"https:\/\/help.jamk.fi\/peppi\/wp-content\/uploads\/sites\/130\/2021\/03\/Koulutushaku-Toteutuksen-koodin-kopiointi-Ohje.jpg\" \/>\n<meta name=\"twitter:card\" content=\"summary_large_image\" \/>\n<meta name=\"twitter:label1\" content=\"Arvioitu lukuaika\" \/>\n\t<meta name=\"twitter:data1\" content=\"1 minuutti\" \/>\n<script type=\"application\/ld+json\" class=\"yoast-schema-graph\">{\"@context\":\"https:\\\/\\\/schema.org\",\"@graph\":[{\"@type\":\"WebPage\",\"@id\":\"https:\\\/\\\/help.jamk.fi\\\/peppi\\\/fi\\\/opintoni\\\/koulutushaku\\\/\",\"url\":\"https:\\\/\\\/help.jamk.fi\\\/peppi\\\/fi\\\/opintoni\\\/koulutushaku\\\/\",\"name\":\"Opintohaku-palvelu - Peppi\",\"isPartOf\":{\"@id\":\"https:\\\/\\\/help.jamk.fi\\\/peppi\\\/#website\"},\"primaryImageOfPage\":{\"@id\":\"https:\\\/\\\/help.jamk.fi\\\/peppi\\\/fi\\\/opintoni\\\/koulutushaku\\\/#primaryimage\"},\"image\":{\"@id\":\"https:\\\/\\\/help.jamk.fi\\\/peppi\\\/fi\\\/opintoni\\\/koulutushaku\\\/#primaryimage\"},\"thumbnailUrl\":\"https:\\\/\\\/help.jamk.fi\\\/peppi\\\/wp-content\\\/uploads\\\/sites\\\/130\\\/2021\\\/03\\\/Koulutushaku-Toteutuksen-koodin-kopiointi-Ohje.jpg\",\"datePublished\":\"2020-11-11T12:01:00+00:00\",\"dateModified\":\"2024-02-28T13:17:42+00:00\",\"breadcrumb\":{\"@id\":\"https:\\\/\\\/help.jamk.fi\\\/peppi\\\/fi\\\/opintoni\\\/koulutushaku\\\/#breadcrumb\"},\"inLanguage\":\"fi\",\"potentialAction\":[{\"@type\":\"ReadAction\",\"target\":[\"https:\\\/\\\/help.jamk.fi\\\/peppi\\\/fi\\\/opintoni\\\/koulutushaku\\\/\"]}]},{\"@type\":\"ImageObject\",\"inLanguage\":\"fi\",\"@id\":\"https:\\\/\\\/help.jamk.fi\\\/peppi\\\/fi\\\/opintoni\\\/koulutushaku\\\/#primaryimage\",\"url\":\"\",\"contentUrl\":\"\"},{\"@type\":\"BreadcrumbList\",\"@id\":\"https:\\\/\\\/help.jamk.fi\\\/peppi\\\/fi\\\/opintoni\\\/koulutushaku\\\/#breadcrumb\",\"itemListElement\":[{\"@type\":\"ListItem\",\"position\":1,\"name\":\"Home\",\"item\":\"https:\\\/\\\/help.jamk.fi\\\/peppi\\\/fi\\\/\"},{\"@type\":\"ListItem\",\"position\":2,\"name\":\"Opintoni\",\"item\":\"https:\\\/\\\/help.jamk.fi\\\/peppi\\\/fi\\\/opintoni\\\/\"},{\"@type\":\"ListItem\",\"position\":3,\"name\":\"Opintohaku-palvelu\"}]},{\"@type\":\"WebSite\",\"@id\":\"https:\\\/\\\/help.jamk.fi\\\/peppi\\\/#website\",\"url\":\"https:\\\/\\\/help.jamk.fi\\\/peppi\\\/\",\"name\":\"Peppi\",\"description\":\"\",\"potentialAction\":[{\"@type\":\"SearchAction\",\"target\":{\"@type\":\"EntryPoint\",\"urlTemplate\":\"https:\\\/\\\/help.jamk.fi\\\/peppi\\\/?s={search_term_string}\"},\"query-input\":{\"@type\":\"PropertyValueSpecification\",\"valueRequired\":true,\"valueName\":\"search_term_string\"}}],\"inLanguage\":\"fi\"}]}<\/script>\n<!-- \/ Yoast SEO plugin. -->","yoast_head_json":{"title":"Opintohaku-palvelu - Peppi","robots":{"index":"index","follow":"follow","max-snippet":"max-snippet:-1","max-image-preview":"max-image-preview:large","max-video-preview":"max-video-preview:-1"},"canonical":"https:\/\/help.jamk.fi\/peppi\/fi\/opintoni\/koulutushaku\/","og_locale":"fi_FI","og_type":"article","og_title":"Opintohaku-palvelu - Peppi","og_description":"Palvelusta voit etsi\u00e4 opintojaksojen toteutuksia joko hakusanoilla tai suodattamalla. L\u00f6yd\u00e4t palvelun osoitteesta https:\/\/opintohaku.jamk.fi tai Peppi &#8211; Opiskelijan ty\u00f6p\u00f6yd\u00e4n Opintoni-valikon alta. Klikkaamalla toteutusta p\u00e4\u00e4set tarkastelemaan sen kuvausta. Kuvauksen lopusta l\u00f6ytyv\u00e4t tulevat opetustapahtumat, mik\u00e4li toteutukselle on tehty lukuj\u00e4rjestys ja tilavaraukset. Mik\u00e4li l\u00f6yd\u00e4t toteutuksen, jolle haluat ilmoittautua, tee n\u00e4in: Kopioi toteutuksen koodi leikep\u00f6yd\u00e4lle ja liit\u00e4 se HOPSin Ilmoittautumiset-v\u00e4lilehdell\u00e4 [&hellip;]","og_url":"https:\/\/help.jamk.fi\/peppi\/fi\/opintoni\/koulutushaku\/","og_site_name":"Peppi","article_modified_time":"2024-02-28T13:17:42+00:00","og_image":[{"url":"https:\/\/help.jamk.fi\/peppi\/wp-content\/uploads\/sites\/130\/2021\/03\/Koulutushaku-Toteutuksen-koodin-kopiointi-Ohje.jpg","type":"","width":"","height":""}],"twitter_card":"summary_large_image","twitter_misc":{"Arvioitu lukuaika":"1 minuutti"},"schema":{"@context":"https:\/\/schema.org","@graph":[{"@type":"WebPage","@id":"https:\/\/help.jamk.fi\/peppi\/fi\/opintoni\/koulutushaku\/","url":"https:\/\/help.jamk.fi\/peppi\/fi\/opintoni\/koulutushaku\/","name":"Opintohaku-palvelu - Peppi","isPartOf":{"@id":"https:\/\/help.jamk.fi\/peppi\/#website"},"primaryImageOfPage":{"@id":"https:\/\/help.jamk.fi\/peppi\/fi\/opintoni\/koulutushaku\/#primaryimage"},"image":{"@id":"https:\/\/help.jamk.fi\/peppi\/fi\/opintoni\/koulutushaku\/#primaryimage"},"thumbnailUrl":"https:\/\/help.jamk.fi\/peppi\/wp-content\/uploads\/sites\/130\/2021\/03\/Koulutushaku-Toteutuksen-koodin-kopiointi-Ohje.jpg","datePublished":"2020-11-11T12:01:00+00:00","dateModified":"2024-02-28T13:17:42+00:00","breadcrumb":{"@id":"https:\/\/help.jamk.fi\/peppi\/fi\/opintoni\/koulutushaku\/#breadcrumb"},"inLanguage":"fi","potentialAction":[{"@type":"ReadAction","target":["https:\/\/help.jamk.fi\/peppi\/fi\/opintoni\/koulutushaku\/"]}]},{"@type":"ImageObject","inLanguage":"fi","@id":"https:\/\/help.jamk.fi\/peppi\/fi\/opintoni\/koulutushaku\/#primaryimage","url":"","contentUrl":""},{"@type":"BreadcrumbList","@id":"https:\/\/help.jamk.fi\/peppi\/fi\/opintoni\/koulutushaku\/#breadcrumb","itemListElement":[{"@type":"ListItem","position":1,"name":"Home","item":"https:\/\/help.jamk.fi\/peppi\/fi\/"},{"@type":"ListItem","position":2,"name":"Opintoni","item":"https:\/\/help.jamk.fi\/peppi\/fi\/opintoni\/"},{"@type":"ListItem","position":3,"name":"Opintohaku-palvelu"}]},{"@type":"WebSite","@id":"https:\/\/help.jamk.fi\/peppi\/#website","url":"https:\/\/help.jamk.fi\/peppi\/","name":"Peppi","description":"","potentialAction":[{"@type":"SearchAction","target":{"@type":"EntryPoint","urlTemplate":"https:\/\/help.jamk.fi\/peppi\/?s={search_term_string}"},"query-input":{"@type":"PropertyValueSpecification","valueRequired":true,"valueName":"search_term_string"}}],"inLanguage":"fi"}]}},"_links":{"self":[{"href":"https:\/\/help.jamk.fi\/peppi\/wp-json\/wp\/v2\/pages\/2600","targetHints":{"allow":["GET"]}}],"collection":[{"href":"https:\/\/help.jamk.fi\/peppi\/wp-json\/wp\/v2\/pages"}],"about":[{"href":"https:\/\/help.jamk.fi\/peppi\/wp-json\/wp\/v2\/types\/page"}],"author":[{"embeddable":true,"href":"https:\/\/help.jamk.fi\/peppi\/wp-json\/wp\/v2\/users\/77"}],"replies":[{"embeddable":true,"href":"https:\/\/help.jamk.fi\/peppi\/wp-json\/wp\/v2\/comments?post=2600"}],"version-history":[{"count":2,"href":"https:\/\/help.jamk.fi\/peppi\/wp-json\/wp\/v2\/pages\/2600\/revisions"}],"predecessor-version":[{"id":3209,"href":"https:\/\/help.jamk.fi\/peppi\/wp-json\/wp\/v2\/pages\/2600\/revisions\/3209"}],"up":[{"embeddable":true,"href":"https:\/\/help.jamk.fi\/peppi\/wp-json\/wp\/v2\/pages\/2565"}],"wp:attachment":[{"href":"https:\/\/help.jamk.fi\/peppi\/wp-json\/wp\/v2\/media?parent=2600"}],"wp:term":[{"taxonomy":"category","embeddable":true,"href":"https:\/\/help.jamk.fi\/peppi\/wp-json\/wp\/v2\/categories?post=2600"},{"taxonomy":"post_tag","embeddable":true,"href":"https:\/\/help.jamk.fi\/peppi\/wp-json\/wp\/v2\/tags?post=2600"}],"curies":[{"name":"wp","href":"https:\/\/api.w.org\/{rel}","templated":true}]}}