{"id":2601,"date":"2020-11-16T11:28:22","date_gmt":"2020-11-16T09:28:22","guid":{"rendered":"https:\/\/help.jamk.fi\/peppi\/kalenteri\/lukkarikone\/uuden-lukujarjestyksen-luominen\/"},"modified":"2023-11-27T12:33:45","modified_gmt":"2023-11-27T10:33:45","slug":"uuden-lukujarjestyksen-luominen","status":"publish","type":"page","link":"https:\/\/help.jamk.fi\/peppi\/fi\/kalenteri\/lukkarikone\/uuden-lukujarjestyksen-luominen\/","title":{"rendered":"Uuden lukuj\u00e4rjestyksen luominen"},"content":{"rendered":"\n<p>Voit luoda lukkarikoneeseen useita eri lukuj\u00e4rjestyksi\u00e4 ja lis\u00e4t\u00e4 niihin sis\u00e4lt\u00f6\u00e4 tarpeidesi mukaan.<\/p>\n\n\n\n<p>Kun olet kirjautuneena lukkarikoneeseen, napsauta nuolta <img loading=\"lazy\" decoding=\"async\" width=\"48\" height=\"48\" class=\"alignnone size-full wp-image-523\" src=\"https:\/\/help.jamk.fi\/peppi\/wp-content\/uploads\/sites\/130\/2020\/05\/Nuoli.jpg\" alt=\"Nuoli\"> sivun oikeassa yl\u00e4kulmassa ja valitse <em>Lukuj\u00e4rjestyksen hallinta<\/em>.<\/p>\n\n\n\n<p><iframe loading=\"lazy\" style=\"border: 1px solid #464646;\" src=\"https:\/\/panopto.jamk.fi\/Panopto\/Pages\/Embed.aspx?id=3ac1c3df-5009-4816-82d2-ac09008d7ab0&amp;autoplay=false&amp;offerviewer=true&amp;showtitle=true&amp;showbrand=false&amp;start=0&amp;interactivity=all\" allowfullscreen=\"allowfullscreen\" width=\"720\" height=\"405\"><\/iframe><\/p>\n\n\n\n<ul class=\"wp-block-list\">\n<li>Valitse <em>Lukuj\u00e4rjestykset<\/em>-otsikon alta <em>Luo uusi lukuj\u00e4rjestys<\/em>. <em>Uusi lukuj\u00e4rjestys<\/em> -ikkuna aukeaa.<\/li>\n<\/ul>\n\n\n\n<ul class=\"wp-block-list\">\n<li>&nbsp;Sy\u00f6t\u00e4 kentt\u00e4\u00e4n lukuj\u00e4rjestyksen nimi ja valitse <em>Tallenna<\/em>. Nimi voi olla enint\u00e4\u00e4n 30 merkki\u00e4 pitk\u00e4.<\/li>\n<\/ul>\n\n\n\n<p>Voit muokata lukuj\u00e4rjestyksen nime\u00e4 j\u00e4lkik\u00e4teen. Siirry lukuj\u00e4rjestyksen hallintan\u00e4kym\u00e4\u00e4n. Valitse lukuj\u00e4rjestyksesi kohdalla <em>&gt; Muokkaa<\/em>.<\/p>\n\n\n\n<figure class=\"wp-block-image\"><img loading=\"lazy\" decoding=\"async\" width=\"640\" height=\"176\" src=\"https:\/\/help.jamk.fi\/peppi\/wp-content\/uploads\/sites\/130\/2020\/05\/Muokkaajaical-1.jpg\" alt=\"Valitse muokkaa\" class=\"wp-image-544\"\/><\/figure>\n\n\n\n<p>L\u00f6yd\u00e4t uuden lukuj\u00e4rjestyksen <em>Lukuj\u00e4rjestys<\/em>-pudotusvalikosta sivun yl\u00e4reunassa.<\/p>\n\n\n\n<figure class=\"wp-block-image\"><img loading=\"lazy\" decoding=\"async\" width=\"344\" height=\"208\" src=\"https:\/\/help.jamk.fi\/peppi\/wp-content\/uploads\/sites\/130\/2020\/05\/Pudotusvalikko-lukkareista.jpg\" alt=\"Lukkareiden pudotusvalikko\" class=\"wp-image-526\"\/><\/figure>\n\n\n\n<h2 class=\"wp-block-heading\" id=\"oletus\">Oletuslukuj\u00e4rjestyksen m\u00e4\u00e4ritteleminen<\/h2>\n\n\n\n<p>Oletuslukuj\u00e4rjestys aukeaa automaattisesti kun kirjaudut sis\u00e4\u00e4n.<\/p>\n\n\n\n<ol class=\"wp-block-list\">\n<li>Siirry lukuj\u00e4rjestyksen hallintan\u00e4kym\u00e4\u00e4n.<\/li>\n\n\n\n<li>Valitse <em>Valitse oletuslukuj\u00e4rjestykseksi<\/em>.<\/li>\n<\/ol>\n","protected":false},"excerpt":{"rendered":"<p>Voit luoda lukkarikoneeseen useita eri lukuj\u00e4rjestyksi\u00e4 ja lis\u00e4t\u00e4 niihin sis\u00e4lt\u00f6\u00e4 tarpeidesi mukaan. Kun olet kirjautuneena lukkarikoneeseen, napsauta nuolta sivun oikeassa yl\u00e4kulmassa ja valitse Lukuj\u00e4rjestyksen hallinta. Voit muokata lukuj\u00e4rjestyksen nime\u00e4 j\u00e4lkik\u00e4teen. Siirry lukuj\u00e4rjestyksen hallintan\u00e4kym\u00e4\u00e4n. Valitse lukuj\u00e4rjestyksesi kohdalla &gt; Muokkaa. L\u00f6yd\u00e4t uuden lukuj\u00e4rjestyksen Lukuj\u00e4rjestys-pudotusvalikosta sivun yl\u00e4reunassa. Oletuslukuj\u00e4rjestyksen m\u00e4\u00e4ritteleminen Oletuslukuj\u00e4rjestys aukeaa automaattisesti kun kirjaudut sis\u00e4\u00e4n.<\/p>\n","protected":false},"author":76,"featured_media":0,"parent":2561,"menu_order":1,"comment_status":"closed","ping_status":"open","template":"","meta":{"_acf_changed":false,"_relevanssi_hide_post":"","_relevanssi_hide_content":"","_relevanssi_pin_for_all":"","_relevanssi_pin_keywords":"","_relevanssi_unpin_keywords":"","_relevanssi_related_keywords":"","_relevanssi_related_include_ids":"","_relevanssi_related_exclude_ids":"","_relevanssi_related_no_append":"","_relevanssi_related_not_related":"","_relevanssi_related_posts":"","_relevanssi_noindex_reason":"","footnotes":""},"categories":[1],"tags":[],"class_list":["post-2601","page","type-page","status-publish","hentry","category-uncategorised"],"acf":[],"yoast_head":"<!-- This site is optimized with the Yoast SEO plugin v27.3 - https:\/\/yoast.com\/product\/yoast-seo-wordpress\/ -->\n<title>Uuden lukuj\u00e4rjestyksen luominen - Peppi<\/title>\n<meta name=\"robots\" content=\"index, follow, max-snippet:-1, max-image-preview:large, max-video-preview:-1\" \/>\n<link rel=\"canonical\" href=\"https:\/\/help.jamk.fi\/peppi\/fi\/kalenteri\/lukkarikone\/uuden-lukujarjestyksen-luominen\/\" \/>\n<meta property=\"og:locale\" content=\"fi_FI\" \/>\n<meta property=\"og:type\" content=\"article\" \/>\n<meta property=\"og:title\" content=\"Uuden lukuj\u00e4rjestyksen luominen - Peppi\" \/>\n<meta property=\"og:description\" content=\"Voit luoda lukkarikoneeseen useita eri lukuj\u00e4rjestyksi\u00e4 ja lis\u00e4t\u00e4 niihin sis\u00e4lt\u00f6\u00e4 tarpeidesi mukaan. Kun olet kirjautuneena lukkarikoneeseen, napsauta nuolta sivun oikeassa yl\u00e4kulmassa ja valitse Lukuj\u00e4rjestyksen hallinta. Voit muokata lukuj\u00e4rjestyksen nime\u00e4 j\u00e4lkik\u00e4teen. Siirry lukuj\u00e4rjestyksen hallintan\u00e4kym\u00e4\u00e4n. Valitse lukuj\u00e4rjestyksesi kohdalla &gt; Muokkaa. L\u00f6yd\u00e4t uuden lukuj\u00e4rjestyksen Lukuj\u00e4rjestys-pudotusvalikosta sivun yl\u00e4reunassa. Oletuslukuj\u00e4rjestyksen m\u00e4\u00e4ritteleminen Oletuslukuj\u00e4rjestys aukeaa automaattisesti kun kirjaudut sis\u00e4\u00e4n.\" \/>\n<meta property=\"og:url\" content=\"https:\/\/help.jamk.fi\/peppi\/fi\/kalenteri\/lukkarikone\/uuden-lukujarjestyksen-luominen\/\" \/>\n<meta property=\"og:site_name\" content=\"Peppi\" \/>\n<meta property=\"article:modified_time\" content=\"2023-11-27T10:33:45+00:00\" \/>\n<meta property=\"og:image\" content=\"https:\/\/help.jamk.fi\/peppi\/wp-content\/uploads\/sites\/130\/2020\/05\/Nuoli.jpg\" \/>\n<meta name=\"twitter:card\" content=\"summary_large_image\" \/>\n<meta name=\"twitter:label1\" content=\"Arvioitu lukuaika\" \/>\n\t<meta name=\"twitter:data1\" content=\"2 minuuttia\" \/>\n<script type=\"application\/ld+json\" class=\"yoast-schema-graph\">{\"@context\":\"https:\\\/\\\/schema.org\",\"@graph\":[{\"@type\":\"WebPage\",\"@id\":\"https:\\\/\\\/help.jamk.fi\\\/peppi\\\/fi\\\/kalenteri\\\/lukkarikone\\\/uuden-lukujarjestyksen-luominen\\\/\",\"url\":\"https:\\\/\\\/help.jamk.fi\\\/peppi\\\/fi\\\/kalenteri\\\/lukkarikone\\\/uuden-lukujarjestyksen-luominen\\\/\",\"name\":\"Uuden lukuj\u00e4rjestyksen luominen - Peppi\",\"isPartOf\":{\"@id\":\"https:\\\/\\\/help.jamk.fi\\\/peppi\\\/#website\"},\"primaryImageOfPage\":{\"@id\":\"https:\\\/\\\/help.jamk.fi\\\/peppi\\\/fi\\\/kalenteri\\\/lukkarikone\\\/uuden-lukujarjestyksen-luominen\\\/#primaryimage\"},\"image\":{\"@id\":\"https:\\\/\\\/help.jamk.fi\\\/peppi\\\/fi\\\/kalenteri\\\/lukkarikone\\\/uuden-lukujarjestyksen-luominen\\\/#primaryimage\"},\"thumbnailUrl\":\"https:\\\/\\\/help.jamk.fi\\\/peppi\\\/wp-content\\\/uploads\\\/sites\\\/130\\\/2020\\\/05\\\/Nuoli.jpg\",\"datePublished\":\"2020-11-16T09:28:22+00:00\",\"dateModified\":\"2023-11-27T10:33:45+00:00\",\"breadcrumb\":{\"@id\":\"https:\\\/\\\/help.jamk.fi\\\/peppi\\\/fi\\\/kalenteri\\\/lukkarikone\\\/uuden-lukujarjestyksen-luominen\\\/#breadcrumb\"},\"inLanguage\":\"fi\",\"potentialAction\":[{\"@type\":\"ReadAction\",\"target\":[\"https:\\\/\\\/help.jamk.fi\\\/peppi\\\/fi\\\/kalenteri\\\/lukkarikone\\\/uuden-lukujarjestyksen-luominen\\\/\"]}]},{\"@type\":\"ImageObject\",\"inLanguage\":\"fi\",\"@id\":\"https:\\\/\\\/help.jamk.fi\\\/peppi\\\/fi\\\/kalenteri\\\/lukkarikone\\\/uuden-lukujarjestyksen-luominen\\\/#primaryimage\",\"url\":\"https:\\\/\\\/help.jamk.fi\\\/peppi\\\/wp-content\\\/uploads\\\/sites\\\/130\\\/2020\\\/05\\\/Nuoli.jpg\",\"contentUrl\":\"https:\\\/\\\/help.jamk.fi\\\/peppi\\\/wp-content\\\/uploads\\\/sites\\\/130\\\/2020\\\/05\\\/Nuoli.jpg\",\"width\":48,\"height\":48,\"caption\":\"Nuoli\"},{\"@type\":\"BreadcrumbList\",\"@id\":\"https:\\\/\\\/help.jamk.fi\\\/peppi\\\/fi\\\/kalenteri\\\/lukkarikone\\\/uuden-lukujarjestyksen-luominen\\\/#breadcrumb\",\"itemListElement\":[{\"@type\":\"ListItem\",\"position\":1,\"name\":\"Home\",\"item\":\"https:\\\/\\\/help.jamk.fi\\\/peppi\\\/fi\\\/\"},{\"@type\":\"ListItem\",\"position\":2,\"name\":\"Kalenteri\",\"item\":\"https:\\\/\\\/help.jamk.fi\\\/peppi\\\/fi\\\/kalenteri\\\/\"},{\"@type\":\"ListItem\",\"position\":3,\"name\":\"Lukkarikone\",\"item\":\"https:\\\/\\\/help.jamk.fi\\\/peppi\\\/fi\\\/kalenteri\\\/lukkarikone\\\/\"},{\"@type\":\"ListItem\",\"position\":4,\"name\":\"Uuden lukuj\u00e4rjestyksen luominen\"}]},{\"@type\":\"WebSite\",\"@id\":\"https:\\\/\\\/help.jamk.fi\\\/peppi\\\/#website\",\"url\":\"https:\\\/\\\/help.jamk.fi\\\/peppi\\\/\",\"name\":\"Peppi\",\"description\":\"\",\"potentialAction\":[{\"@type\":\"SearchAction\",\"target\":{\"@type\":\"EntryPoint\",\"urlTemplate\":\"https:\\\/\\\/help.jamk.fi\\\/peppi\\\/?s={search_term_string}\"},\"query-input\":{\"@type\":\"PropertyValueSpecification\",\"valueRequired\":true,\"valueName\":\"search_term_string\"}}],\"inLanguage\":\"fi\"}]}<\/script>\n<!-- \/ Yoast SEO plugin. -->","yoast_head_json":{"title":"Uuden lukuj\u00e4rjestyksen luominen - Peppi","robots":{"index":"index","follow":"follow","max-snippet":"max-snippet:-1","max-image-preview":"max-image-preview:large","max-video-preview":"max-video-preview:-1"},"canonical":"https:\/\/help.jamk.fi\/peppi\/fi\/kalenteri\/lukkarikone\/uuden-lukujarjestyksen-luominen\/","og_locale":"fi_FI","og_type":"article","og_title":"Uuden lukuj\u00e4rjestyksen luominen - Peppi","og_description":"Voit luoda lukkarikoneeseen useita eri lukuj\u00e4rjestyksi\u00e4 ja lis\u00e4t\u00e4 niihin sis\u00e4lt\u00f6\u00e4 tarpeidesi mukaan. Kun olet kirjautuneena lukkarikoneeseen, napsauta nuolta sivun oikeassa yl\u00e4kulmassa ja valitse Lukuj\u00e4rjestyksen hallinta. Voit muokata lukuj\u00e4rjestyksen nime\u00e4 j\u00e4lkik\u00e4teen. Siirry lukuj\u00e4rjestyksen hallintan\u00e4kym\u00e4\u00e4n. Valitse lukuj\u00e4rjestyksesi kohdalla &gt; Muokkaa. L\u00f6yd\u00e4t uuden lukuj\u00e4rjestyksen Lukuj\u00e4rjestys-pudotusvalikosta sivun yl\u00e4reunassa. Oletuslukuj\u00e4rjestyksen m\u00e4\u00e4ritteleminen Oletuslukuj\u00e4rjestys aukeaa automaattisesti kun kirjaudut sis\u00e4\u00e4n.","og_url":"https:\/\/help.jamk.fi\/peppi\/fi\/kalenteri\/lukkarikone\/uuden-lukujarjestyksen-luominen\/","og_site_name":"Peppi","article_modified_time":"2023-11-27T10:33:45+00:00","og_image":[{"url":"https:\/\/help.jamk.fi\/peppi\/wp-content\/uploads\/sites\/130\/2020\/05\/Nuoli.jpg","type":"","width":"","height":""}],"twitter_card":"summary_large_image","twitter_misc":{"Arvioitu lukuaika":"2 minuuttia"},"schema":{"@context":"https:\/\/schema.org","@graph":[{"@type":"WebPage","@id":"https:\/\/help.jamk.fi\/peppi\/fi\/kalenteri\/lukkarikone\/uuden-lukujarjestyksen-luominen\/","url":"https:\/\/help.jamk.fi\/peppi\/fi\/kalenteri\/lukkarikone\/uuden-lukujarjestyksen-luominen\/","name":"Uuden lukuj\u00e4rjestyksen luominen - Peppi","isPartOf":{"@id":"https:\/\/help.jamk.fi\/peppi\/#website"},"primaryImageOfPage":{"@id":"https:\/\/help.jamk.fi\/peppi\/fi\/kalenteri\/lukkarikone\/uuden-lukujarjestyksen-luominen\/#primaryimage"},"image":{"@id":"https:\/\/help.jamk.fi\/peppi\/fi\/kalenteri\/lukkarikone\/uuden-lukujarjestyksen-luominen\/#primaryimage"},"thumbnailUrl":"https:\/\/help.jamk.fi\/peppi\/wp-content\/uploads\/sites\/130\/2020\/05\/Nuoli.jpg","datePublished":"2020-11-16T09:28:22+00:00","dateModified":"2023-11-27T10:33:45+00:00","breadcrumb":{"@id":"https:\/\/help.jamk.fi\/peppi\/fi\/kalenteri\/lukkarikone\/uuden-lukujarjestyksen-luominen\/#breadcrumb"},"inLanguage":"fi","potentialAction":[{"@type":"ReadAction","target":["https:\/\/help.jamk.fi\/peppi\/fi\/kalenteri\/lukkarikone\/uuden-lukujarjestyksen-luominen\/"]}]},{"@type":"ImageObject","inLanguage":"fi","@id":"https:\/\/help.jamk.fi\/peppi\/fi\/kalenteri\/lukkarikone\/uuden-lukujarjestyksen-luominen\/#primaryimage","url":"https:\/\/help.jamk.fi\/peppi\/wp-content\/uploads\/sites\/130\/2020\/05\/Nuoli.jpg","contentUrl":"https:\/\/help.jamk.fi\/peppi\/wp-content\/uploads\/sites\/130\/2020\/05\/Nuoli.jpg","width":48,"height":48,"caption":"Nuoli"},{"@type":"BreadcrumbList","@id":"https:\/\/help.jamk.fi\/peppi\/fi\/kalenteri\/lukkarikone\/uuden-lukujarjestyksen-luominen\/#breadcrumb","itemListElement":[{"@type":"ListItem","position":1,"name":"Home","item":"https:\/\/help.jamk.fi\/peppi\/fi\/"},{"@type":"ListItem","position":2,"name":"Kalenteri","item":"https:\/\/help.jamk.fi\/peppi\/fi\/kalenteri\/"},{"@type":"ListItem","position":3,"name":"Lukkarikone","item":"https:\/\/help.jamk.fi\/peppi\/fi\/kalenteri\/lukkarikone\/"},{"@type":"ListItem","position":4,"name":"Uuden lukuj\u00e4rjestyksen luominen"}]},{"@type":"WebSite","@id":"https:\/\/help.jamk.fi\/peppi\/#website","url":"https:\/\/help.jamk.fi\/peppi\/","name":"Peppi","description":"","potentialAction":[{"@type":"SearchAction","target":{"@type":"EntryPoint","urlTemplate":"https:\/\/help.jamk.fi\/peppi\/?s={search_term_string}"},"query-input":{"@type":"PropertyValueSpecification","valueRequired":true,"valueName":"search_term_string"}}],"inLanguage":"fi"}]}},"_links":{"self":[{"href":"https:\/\/help.jamk.fi\/peppi\/wp-json\/wp\/v2\/pages\/2601","targetHints":{"allow":["GET"]}}],"collection":[{"href":"https:\/\/help.jamk.fi\/peppi\/wp-json\/wp\/v2\/pages"}],"about":[{"href":"https:\/\/help.jamk.fi\/peppi\/wp-json\/wp\/v2\/types\/page"}],"author":[{"embeddable":true,"href":"https:\/\/help.jamk.fi\/peppi\/wp-json\/wp\/v2\/users\/76"}],"replies":[{"embeddable":true,"href":"https:\/\/help.jamk.fi\/peppi\/wp-json\/wp\/v2\/comments?post=2601"}],"version-history":[{"count":3,"href":"https:\/\/help.jamk.fi\/peppi\/wp-json\/wp\/v2\/pages\/2601\/revisions"}],"predecessor-version":[{"id":2894,"href":"https:\/\/help.jamk.fi\/peppi\/wp-json\/wp\/v2\/pages\/2601\/revisions\/2894"}],"up":[{"embeddable":true,"href":"https:\/\/help.jamk.fi\/peppi\/wp-json\/wp\/v2\/pages\/2561"}],"wp:attachment":[{"href":"https:\/\/help.jamk.fi\/peppi\/wp-json\/wp\/v2\/media?parent=2601"}],"wp:term":[{"taxonomy":"category","embeddable":true,"href":"https:\/\/help.jamk.fi\/peppi\/wp-json\/wp\/v2\/categories?post=2601"},{"taxonomy":"post_tag","embeddable":true,"href":"https:\/\/help.jamk.fi\/peppi\/wp-json\/wp\/v2\/tags?post=2601"}],"curies":[{"name":"wp","href":"https:\/\/api.w.org\/{rel}","templated":true}]}}