{"id":2602,"date":"2020-11-16T11:32:47","date_gmt":"2020-11-16T09:32:47","guid":{"rendered":"https:\/\/help.jamk.fi\/peppi\/kalenteri\/lukkarikone\/oletuslukujarjestyksen-tekeminen\/"},"modified":"2024-01-05T14:47:11","modified_gmt":"2024-01-05T12:47:11","slug":"oletuslukujarjestyksen-tekeminen","status":"publish","type":"page","link":"https:\/\/help.jamk.fi\/peppi\/fi\/kalenteri\/lukkarikone\/oletuslukujarjestyksen-tekeminen\/","title":{"rendered":"Oletuslukuj\u00e4rjestyksen tekeminen"},"content":{"rendered":"\n<p>Voit hakea pohjaksi esimerkiksi ryhm\u00e4si oletuslukuj\u00e4rjestyksen tai ne toteutukset, joille olet ilmoittautunut.<\/p>\n\n\n\n<figure class=\"wp-block-image size-full\"><img loading=\"lazy\" decoding=\"async\" width=\"640\" height=\"125\" src=\"https:\/\/help.jamk.fi\/peppi\/wp-content\/uploads\/sites\/130\/2022\/01\/Pienryhma_ilmo.png\" alt=\"Ilmoittautumiset valikosta n\u00e4kee pienryhm\u00e4n\" class=\"wp-image-1527\"\/><\/figure>\n\n\n\n<p>Voit piilottaa v\u00e4\u00e4rien pienryhmien varaukset lukkarikoneen ja Tuudon kalentereista. Etsi haluamasi varaukset, klikkaa varausta ja klikkaa Piilota tapahtuma -painiketta. Pepin kalenterista et voi poistaa etk\u00e4 piilottaa v\u00e4\u00e4rien pienryhmien varauksia. Jos olet synkronoinut Pepin varaukset Outlookiin, voit poistaa v\u00e4\u00e4rien pienryhmien varaukset sielt\u00e4 k\u00e4sin.<\/p>\n\n\n\n\n\n<p><iframe loading=\"lazy\" style=\"border: 1px solid #464646;\" src=\"https:\/\/panopto.jamk.fi\/Panopto\/Pages\/Embed.aspx?id=4c02ff88-4766-4eea-b863-ac09008db6eb&amp;autoplay=false&amp;offerviewer=true&amp;showtitle=true&amp;showbrand=false&amp;start=0&amp;interactivity=all\" allowfullscreen=\"allowfullscreen\" width=\"720\" height=\"405\"><br>Voit lis\u00e4t\u00e4 lukuj\u00e4rjestykseen useamman valmiin varauksen kerralla, esimerkiksi kaikki ryhmiesi varaukset.<\/p><\/iframe><\/p>\n\n\n\n<ol class=\"wp-block-list\">\n<li>Valitse <em>Sis\u00e4lt\u00f6listaus &gt;<\/em> tai siirry lukuj\u00e4rjestyksen hallintan\u00e4kym\u00e4\u00e4n ja valitse <em>Sis\u00e4lt\u00f6listaus<\/em>-otsikon vierest\u00e4.<\/li>\n\n\n\n<li>Valitse haluamasi varaukset pudotusvalikosta +-painiketta painamalla.<\/li>\n\n\n\n<li>Voit valita pohjaksi esimerkiksi ryhm\u00e4si kaikki varaukset tai ne toteutukset, joille olet ilmoittautunut.<\/li>\n<\/ol>\n\n\n\n<h2 class=\"wp-block-heading\" id=\"poistaminen\">Toteutusten, ryhmien ja tilojen poistaminen korista<\/h2>\n\n\n\n<p>Jos haluat poistaa lukuj\u00e4rjestysn\u00e4kym\u00e4st\u00e4 toteutusten tai ryhmien varauksia, toimi n\u00e4in.<\/p>\n\n\n\n<ol class=\"wp-block-list\">\n<li>Valitse <em>Sis\u00e4lt\u00f6listaus<\/em>.<\/li>\n\n\n\n<li>Valitse <em>Ryhm\u00e4(t)<\/em>, <em>Toteutukset<\/em> tai <em>Tila<\/em>.\n<ol class=\"wp-block-list\">\n<li>Jos haluat poistaa pienryhmi\u00e4, saat ne n\u00e4kyviin napsauttamalla nuolta toteutuksen nimen edess\u00e4.<\/li>\n<\/ol>\n<\/li>\n\n\n\n<li>Etsi listauksesta ryhm\u00e4, toteutus tai tila, jonka haluat poistaa ja valitse sen vieress\u00e4 oleva roskakorikuvake.<\/li>\n<\/ol>\n\n\n\n<figure class=\"wp-block-image\"><img loading=\"lazy\" decoding=\"async\" width=\"640\" height=\"239\" src=\"https:\/\/help.jamk.fi\/peppi\/wp-content\/uploads\/sites\/130\/2020\/05\/Poista-toteutus-korista.jpg\" alt=\"Poista valittu toteutus klikkaamalla roskakori-kuvaketta\" class=\"wp-image-541\"\/><\/figure>\n\n\n\n<p>Ohjelma ei kysy varmistusta siit\u00e4, haluatko varmasti poistaa kohteen korista.<\/p>\n","protected":false},"excerpt":{"rendered":"<p>Voit hakea pohjaksi esimerkiksi ryhm\u00e4si oletuslukuj\u00e4rjestyksen tai ne toteutukset, joille olet ilmoittautunut. Voit lis\u00e4t\u00e4 lukuj\u00e4rjestykseen useamman valmiin varauksen kerralla, esimerkiksi kaikki ryhmiesi varaukset. Toteutusten, ryhmien ja tilojen poistaminen korista Jos haluat poistaa lukuj\u00e4rjestysn\u00e4kym\u00e4st\u00e4 toteutusten tai ryhmien varauksia, toimi n\u00e4in. Ohjelma ei kysy varmistusta siit\u00e4, haluatko varmasti poistaa kohteen korista.<\/p>\n","protected":false},"author":76,"featured_media":0,"parent":2561,"menu_order":2,"comment_status":"closed","ping_status":"open","template":"","meta":{"_acf_changed":false,"_relevanssi_hide_post":"","_relevanssi_hide_content":"","_relevanssi_pin_for_all":"","_relevanssi_pin_keywords":"","_relevanssi_unpin_keywords":"","_relevanssi_related_keywords":"","_relevanssi_related_include_ids":"","_relevanssi_related_exclude_ids":"","_relevanssi_related_no_append":"","_relevanssi_related_not_related":"","_relevanssi_related_posts":"","_relevanssi_noindex_reason":"","footnotes":""},"categories":[1],"tags":[],"class_list":["post-2602","page","type-page","status-publish","hentry","category-uncategorised"],"acf":[],"yoast_head":"<!-- This site is optimized with the Yoast SEO plugin v27.3 - https:\/\/yoast.com\/product\/yoast-seo-wordpress\/ -->\n<title>Oletuslukuj\u00e4rjestyksen tekeminen - Peppi<\/title>\n<meta name=\"robots\" content=\"index, follow, max-snippet:-1, max-image-preview:large, max-video-preview:-1\" \/>\n<link rel=\"canonical\" href=\"https:\/\/help.jamk.fi\/peppi\/fi\/kalenteri\/lukkarikone\/oletuslukujarjestyksen-tekeminen\/\" \/>\n<meta property=\"og:locale\" content=\"fi_FI\" \/>\n<meta property=\"og:type\" content=\"article\" \/>\n<meta property=\"og:title\" content=\"Oletuslukuj\u00e4rjestyksen tekeminen - Peppi\" \/>\n<meta property=\"og:description\" content=\"Voit hakea pohjaksi esimerkiksi ryhm\u00e4si oletuslukuj\u00e4rjestyksen tai ne toteutukset, joille olet ilmoittautunut. Voit lis\u00e4t\u00e4 lukuj\u00e4rjestykseen useamman valmiin varauksen kerralla, esimerkiksi kaikki ryhmiesi varaukset. Toteutusten, ryhmien ja tilojen poistaminen korista Jos haluat poistaa lukuj\u00e4rjestysn\u00e4kym\u00e4st\u00e4 toteutusten tai ryhmien varauksia, toimi n\u00e4in. Ohjelma ei kysy varmistusta siit\u00e4, haluatko varmasti poistaa kohteen korista.\" \/>\n<meta property=\"og:url\" content=\"https:\/\/help.jamk.fi\/peppi\/fi\/kalenteri\/lukkarikone\/oletuslukujarjestyksen-tekeminen\/\" \/>\n<meta property=\"og:site_name\" content=\"Peppi\" \/>\n<meta property=\"article:modified_time\" content=\"2024-01-05T12:47:11+00:00\" \/>\n<meta property=\"og:image\" content=\"https:\/\/help.jamk.fi\/peppi\/wp-content\/uploads\/sites\/130\/2020\/05\/Poista-toteutus-korista.jpg\" \/>\n<meta name=\"twitter:card\" content=\"summary_large_image\" \/>\n<meta name=\"twitter:label1\" content=\"Arvioitu lukuaika\" \/>\n\t<meta name=\"twitter:data1\" content=\"1 minuutti\" \/>\n<script type=\"application\/ld+json\" class=\"yoast-schema-graph\">{\"@context\":\"https:\\\/\\\/schema.org\",\"@graph\":[{\"@type\":\"WebPage\",\"@id\":\"https:\\\/\\\/help.jamk.fi\\\/peppi\\\/fi\\\/kalenteri\\\/lukkarikone\\\/oletuslukujarjestyksen-tekeminen\\\/\",\"url\":\"https:\\\/\\\/help.jamk.fi\\\/peppi\\\/fi\\\/kalenteri\\\/lukkarikone\\\/oletuslukujarjestyksen-tekeminen\\\/\",\"name\":\"Oletuslukuj\u00e4rjestyksen tekeminen - Peppi\",\"isPartOf\":{\"@id\":\"https:\\\/\\\/help.jamk.fi\\\/peppi\\\/#website\"},\"primaryImageOfPage\":{\"@id\":\"https:\\\/\\\/help.jamk.fi\\\/peppi\\\/fi\\\/kalenteri\\\/lukkarikone\\\/oletuslukujarjestyksen-tekeminen\\\/#primaryimage\"},\"image\":{\"@id\":\"https:\\\/\\\/help.jamk.fi\\\/peppi\\\/fi\\\/kalenteri\\\/lukkarikone\\\/oletuslukujarjestyksen-tekeminen\\\/#primaryimage\"},\"thumbnailUrl\":\"https:\\\/\\\/help.jamk.fi\\\/peppi\\\/wp-content\\\/uploads\\\/sites\\\/130\\\/2020\\\/05\\\/Poista-toteutus-korista.jpg\",\"datePublished\":\"2020-11-16T09:32:47+00:00\",\"dateModified\":\"2024-01-05T12:47:11+00:00\",\"breadcrumb\":{\"@id\":\"https:\\\/\\\/help.jamk.fi\\\/peppi\\\/fi\\\/kalenteri\\\/lukkarikone\\\/oletuslukujarjestyksen-tekeminen\\\/#breadcrumb\"},\"inLanguage\":\"fi\",\"potentialAction\":[{\"@type\":\"ReadAction\",\"target\":[\"https:\\\/\\\/help.jamk.fi\\\/peppi\\\/fi\\\/kalenteri\\\/lukkarikone\\\/oletuslukujarjestyksen-tekeminen\\\/\"]}]},{\"@type\":\"ImageObject\",\"inLanguage\":\"fi\",\"@id\":\"https:\\\/\\\/help.jamk.fi\\\/peppi\\\/fi\\\/kalenteri\\\/lukkarikone\\\/oletuslukujarjestyksen-tekeminen\\\/#primaryimage\",\"url\":\"https:\\\/\\\/help.jamk.fi\\\/peppi\\\/wp-content\\\/uploads\\\/sites\\\/130\\\/2020\\\/05\\\/Poista-toteutus-korista.jpg\",\"contentUrl\":\"https:\\\/\\\/help.jamk.fi\\\/peppi\\\/wp-content\\\/uploads\\\/sites\\\/130\\\/2020\\\/05\\\/Poista-toteutus-korista.jpg\",\"width\":640,\"height\":239,\"caption\":\"Poista valittu toteutus klikkaamalla roskakori-kuvaketta\"},{\"@type\":\"BreadcrumbList\",\"@id\":\"https:\\\/\\\/help.jamk.fi\\\/peppi\\\/fi\\\/kalenteri\\\/lukkarikone\\\/oletuslukujarjestyksen-tekeminen\\\/#breadcrumb\",\"itemListElement\":[{\"@type\":\"ListItem\",\"position\":1,\"name\":\"Home\",\"item\":\"https:\\\/\\\/help.jamk.fi\\\/peppi\\\/fi\\\/\"},{\"@type\":\"ListItem\",\"position\":2,\"name\":\"Kalenteri\",\"item\":\"https:\\\/\\\/help.jamk.fi\\\/peppi\\\/fi\\\/kalenteri\\\/\"},{\"@type\":\"ListItem\",\"position\":3,\"name\":\"Lukkarikone\",\"item\":\"https:\\\/\\\/help.jamk.fi\\\/peppi\\\/fi\\\/kalenteri\\\/lukkarikone\\\/\"},{\"@type\":\"ListItem\",\"position\":4,\"name\":\"Oletuslukuj\u00e4rjestyksen tekeminen\"}]},{\"@type\":\"WebSite\",\"@id\":\"https:\\\/\\\/help.jamk.fi\\\/peppi\\\/#website\",\"url\":\"https:\\\/\\\/help.jamk.fi\\\/peppi\\\/\",\"name\":\"Peppi\",\"description\":\"\",\"potentialAction\":[{\"@type\":\"SearchAction\",\"target\":{\"@type\":\"EntryPoint\",\"urlTemplate\":\"https:\\\/\\\/help.jamk.fi\\\/peppi\\\/?s={search_term_string}\"},\"query-input\":{\"@type\":\"PropertyValueSpecification\",\"valueRequired\":true,\"valueName\":\"search_term_string\"}}],\"inLanguage\":\"fi\"}]}<\/script>\n<!-- \/ Yoast SEO plugin. -->","yoast_head_json":{"title":"Oletuslukuj\u00e4rjestyksen tekeminen - Peppi","robots":{"index":"index","follow":"follow","max-snippet":"max-snippet:-1","max-image-preview":"max-image-preview:large","max-video-preview":"max-video-preview:-1"},"canonical":"https:\/\/help.jamk.fi\/peppi\/fi\/kalenteri\/lukkarikone\/oletuslukujarjestyksen-tekeminen\/","og_locale":"fi_FI","og_type":"article","og_title":"Oletuslukuj\u00e4rjestyksen tekeminen - Peppi","og_description":"Voit hakea pohjaksi esimerkiksi ryhm\u00e4si oletuslukuj\u00e4rjestyksen tai ne toteutukset, joille olet ilmoittautunut. Voit lis\u00e4t\u00e4 lukuj\u00e4rjestykseen useamman valmiin varauksen kerralla, esimerkiksi kaikki ryhmiesi varaukset. Toteutusten, ryhmien ja tilojen poistaminen korista Jos haluat poistaa lukuj\u00e4rjestysn\u00e4kym\u00e4st\u00e4 toteutusten tai ryhmien varauksia, toimi n\u00e4in. Ohjelma ei kysy varmistusta siit\u00e4, haluatko varmasti poistaa kohteen korista.","og_url":"https:\/\/help.jamk.fi\/peppi\/fi\/kalenteri\/lukkarikone\/oletuslukujarjestyksen-tekeminen\/","og_site_name":"Peppi","article_modified_time":"2024-01-05T12:47:11+00:00","og_image":[{"url":"https:\/\/help.jamk.fi\/peppi\/wp-content\/uploads\/sites\/130\/2020\/05\/Poista-toteutus-korista.jpg","type":"","width":"","height":""}],"twitter_card":"summary_large_image","twitter_misc":{"Arvioitu lukuaika":"1 minuutti"},"schema":{"@context":"https:\/\/schema.org","@graph":[{"@type":"WebPage","@id":"https:\/\/help.jamk.fi\/peppi\/fi\/kalenteri\/lukkarikone\/oletuslukujarjestyksen-tekeminen\/","url":"https:\/\/help.jamk.fi\/peppi\/fi\/kalenteri\/lukkarikone\/oletuslukujarjestyksen-tekeminen\/","name":"Oletuslukuj\u00e4rjestyksen tekeminen - Peppi","isPartOf":{"@id":"https:\/\/help.jamk.fi\/peppi\/#website"},"primaryImageOfPage":{"@id":"https:\/\/help.jamk.fi\/peppi\/fi\/kalenteri\/lukkarikone\/oletuslukujarjestyksen-tekeminen\/#primaryimage"},"image":{"@id":"https:\/\/help.jamk.fi\/peppi\/fi\/kalenteri\/lukkarikone\/oletuslukujarjestyksen-tekeminen\/#primaryimage"},"thumbnailUrl":"https:\/\/help.jamk.fi\/peppi\/wp-content\/uploads\/sites\/130\/2020\/05\/Poista-toteutus-korista.jpg","datePublished":"2020-11-16T09:32:47+00:00","dateModified":"2024-01-05T12:47:11+00:00","breadcrumb":{"@id":"https:\/\/help.jamk.fi\/peppi\/fi\/kalenteri\/lukkarikone\/oletuslukujarjestyksen-tekeminen\/#breadcrumb"},"inLanguage":"fi","potentialAction":[{"@type":"ReadAction","target":["https:\/\/help.jamk.fi\/peppi\/fi\/kalenteri\/lukkarikone\/oletuslukujarjestyksen-tekeminen\/"]}]},{"@type":"ImageObject","inLanguage":"fi","@id":"https:\/\/help.jamk.fi\/peppi\/fi\/kalenteri\/lukkarikone\/oletuslukujarjestyksen-tekeminen\/#primaryimage","url":"https:\/\/help.jamk.fi\/peppi\/wp-content\/uploads\/sites\/130\/2020\/05\/Poista-toteutus-korista.jpg","contentUrl":"https:\/\/help.jamk.fi\/peppi\/wp-content\/uploads\/sites\/130\/2020\/05\/Poista-toteutus-korista.jpg","width":640,"height":239,"caption":"Poista valittu toteutus klikkaamalla roskakori-kuvaketta"},{"@type":"BreadcrumbList","@id":"https:\/\/help.jamk.fi\/peppi\/fi\/kalenteri\/lukkarikone\/oletuslukujarjestyksen-tekeminen\/#breadcrumb","itemListElement":[{"@type":"ListItem","position":1,"name":"Home","item":"https:\/\/help.jamk.fi\/peppi\/fi\/"},{"@type":"ListItem","position":2,"name":"Kalenteri","item":"https:\/\/help.jamk.fi\/peppi\/fi\/kalenteri\/"},{"@type":"ListItem","position":3,"name":"Lukkarikone","item":"https:\/\/help.jamk.fi\/peppi\/fi\/kalenteri\/lukkarikone\/"},{"@type":"ListItem","position":4,"name":"Oletuslukuj\u00e4rjestyksen tekeminen"}]},{"@type":"WebSite","@id":"https:\/\/help.jamk.fi\/peppi\/#website","url":"https:\/\/help.jamk.fi\/peppi\/","name":"Peppi","description":"","potentialAction":[{"@type":"SearchAction","target":{"@type":"EntryPoint","urlTemplate":"https:\/\/help.jamk.fi\/peppi\/?s={search_term_string}"},"query-input":{"@type":"PropertyValueSpecification","valueRequired":true,"valueName":"search_term_string"}}],"inLanguage":"fi"}]}},"_links":{"self":[{"href":"https:\/\/help.jamk.fi\/peppi\/wp-json\/wp\/v2\/pages\/2602","targetHints":{"allow":["GET"]}}],"collection":[{"href":"https:\/\/help.jamk.fi\/peppi\/wp-json\/wp\/v2\/pages"}],"about":[{"href":"https:\/\/help.jamk.fi\/peppi\/wp-json\/wp\/v2\/types\/page"}],"author":[{"embeddable":true,"href":"https:\/\/help.jamk.fi\/peppi\/wp-json\/wp\/v2\/users\/76"}],"replies":[{"embeddable":true,"href":"https:\/\/help.jamk.fi\/peppi\/wp-json\/wp\/v2\/comments?post=2602"}],"version-history":[{"count":6,"href":"https:\/\/help.jamk.fi\/peppi\/wp-json\/wp\/v2\/pages\/2602\/revisions"}],"predecessor-version":[{"id":3072,"href":"https:\/\/help.jamk.fi\/peppi\/wp-json\/wp\/v2\/pages\/2602\/revisions\/3072"}],"up":[{"embeddable":true,"href":"https:\/\/help.jamk.fi\/peppi\/wp-json\/wp\/v2\/pages\/2561"}],"wp:attachment":[{"href":"https:\/\/help.jamk.fi\/peppi\/wp-json\/wp\/v2\/media?parent=2602"}],"wp:term":[{"taxonomy":"category","embeddable":true,"href":"https:\/\/help.jamk.fi\/peppi\/wp-json\/wp\/v2\/categories?post=2602"},{"taxonomy":"post_tag","embeddable":true,"href":"https:\/\/help.jamk.fi\/peppi\/wp-json\/wp\/v2\/tags?post=2602"}],"curies":[{"name":"wp","href":"https:\/\/api.w.org\/{rel}","templated":true}]}}