{"id":2603,"date":"2020-11-16T11:42:59","date_gmt":"2020-11-16T09:42:59","guid":{"rendered":"https:\/\/help.jamk.fi\/peppi\/kalenteri\/lukkarikone\/toteutusten-ryhmien-ja-tilojen-lisaaminen-lukujarjestykseen\/"},"modified":"2023-11-27T15:23:20","modified_gmt":"2023-11-27T13:23:20","slug":"toteutusten-ryhmien-ja-tilojen-lisaaminen-lukujarjestykseen","status":"publish","type":"page","link":"https:\/\/help.jamk.fi\/peppi\/fi\/kalenteri\/lukkarikone\/toteutusten-ryhmien-ja-tilojen-lisaaminen-lukujarjestykseen\/","title":{"rendered":"Toteutusten, ryhmien ja tilojen lis\u00e4\u00e4minen lukuj\u00e4rjestykseen"},"content":{"rendered":"\n<p>Valitse tai luo ensin lukuj\u00e4rjestys, johon haluat lis\u00e4t\u00e4 toteutusten lukuj\u00e4rjestyksi\u00e4.<\/p>\n\n\n\n<p>Hae toteutuksia joko toteutus- tai ryhm\u00e4haun kautta. Kun olet l\u00f6yt\u00e4nyt haluamasi toteutuksen, lis\u00e4\u00e4 se koriin, jolloin kyseisen toteutuksen lukuj\u00e4rjestys n\u00e4kyy kalenterissasi.<\/p>\n\n\n\n<p>Kun olet lis\u00e4nnyt etsim\u00e4si toteutukset ja haluat n\u00e4hd\u00e4, milt\u00e4 ne n\u00e4ytt\u00e4v\u00e4t kalenterissa, klikkaa <em>Kalenteri<\/em>-painiketta.<\/p>\n\n\n\n<p><iframe loading=\"lazy\" style=\"border: 1px solid #464646;\" src=\"https:\/\/panopto.jamk.fi\/Panopto\/Pages\/Embed.aspx?id=c6e57cb3-ad15-4c8e-817a-ac09009c1c37&amp;autoplay=false&amp;offerviewer=true&amp;showtitle=true&amp;showbrand=false&amp;start=0&amp;interactivity=all\" allowfullscreen=\"allowfullscreen\" width=\"720\" height=\"405\"><\/iframe><\/p>\n\n\n\n<ul class=\"wp-block-list\">\n<li>Et voi lis\u00e4t\u00e4 sis\u00e4lt\u00f6\u00e4 automaattiseen lukuj\u00e4rjestykseen.<\/li>\n\n\n\n<li>Jos valitset <em>Piilota hakutulokset<\/em>, saat ne uudelleen n\u00e4kyviin valitsemalla <em>Hae<\/em>.<\/li>\n\n\n\n<li>Jos hakukohteen rivill\u00e4 on korikuvake , kohde on jo korissasi. Voit poistaa kohteen korista valitsemalla <em>Poista<\/em>, jolloin se ei en\u00e4\u00e4 n\u00e4y kalenterissa.<\/li>\n<\/ul>\n\n\n\n<h2 class=\"wp-block-heading\" id=\"toteutukset\">Toteutusten hakeminen<\/h2>\n\n\n\n<p><iframe loading=\"lazy\" style=\"border: 1px solid #464646;\" src=\"https:\/\/panopto.jamk.fi\/Panopto\/Pages\/Embed.aspx?id=c78379cd-aa23-4141-85c1-ac09009982e9&amp;autoplay=false&amp;offerviewer=true&amp;showtitle=true&amp;showbrand=false&amp;start=0&amp;interactivity=all\" allowfullscreen=\"allowfullscreen\" width=\"720\" height=\"405\"><\/iframe><\/p>\n\n\n\n<ul class=\"wp-block-list\">\n<li>Valitse <em>Kalenteri <\/em>ja valitse<em> Hae toteutuksia<\/em>.<\/li>\n<\/ul>\n\n\n\n<figure class=\"wp-block-image\"><img loading=\"lazy\" decoding=\"async\" width=\"640\" height=\"155\" src=\"https:\/\/help.jamk.fi\/peppi\/wp-content\/uploads\/sites\/130\/2020\/05\/Hae-toteutuksia.jpg\" alt=\"Hae toteutuksia -valikko\" class=\"wp-image-528\"\/><\/figure>\n\n\n\n<ul class=\"wp-block-list\">\n<li>Kirjoita kentt\u00e4\u00e4n osa toteutuksen nimest\u00e4 tai tunnuksesta.<\/li>\n\n\n\n<li>Valitse pudotusvalikosta, mill\u00e4 perusteella haluat hakea toteutuksia:\n<ul class=\"wp-block-list\">\n<li>Nimell\u00e4 tai tunnuksella<\/li>\n\n\n\n<li>Ryhm\u00e4n tunnuksella<\/li>\n<\/ul>\n<\/li>\n\n\n\n<li>Valitse halutessasi aikav\u00e4li, jolla toteutus on voimassa kent\u00e4st\u00e4 <em>Aktiivinen v\u00e4lill\u00e4<\/em>.<\/li>\n\n\n\n<li>Valitse <em>Hae<\/em>. Lista hakutuloksista aukeaa.<\/li>\n\n\n\n<li>Voit suodattaa tuloksia niiden yl\u00e4puolella sijaitsevista pudotusvalikoista.<\/li>\n<\/ul>\n\n\n\n<figure class=\"wp-block-image\"><img loading=\"lazy\" decoding=\"async\" width=\"640\" height=\"147\" src=\"https:\/\/help.jamk.fi\/peppi\/wp-content\/uploads\/sites\/130\/2020\/05\/Hakutulosten-suodatus.jpg\" alt=\"Hakutulosten suodatus -valikko\" class=\"wp-image-532\"\/><\/figure>\n\n\n\n<ul class=\"wp-block-list\">\n<li>Lis\u00e4\u00e4 toteutus koriin valitsemalla <em>+Lis\u00e4\u00e4<\/em>.<\/li>\n<\/ul>\n\n\n\n<p>Hakutuloksissa ei n\u00e4y toteutuksen kohdalla opettajan nime\u00e4.<\/p>\n\n\n\n<h3 class=\"wp-block-heading\">Pienryhm\u00e4t<\/h3>\n\n\n\n<p>Jos toteutuksella on pienryhmi\u00e4, hakutuloksen edess\u00e4 on nuoli. Saat nuolta napsauttamalla n\u00e4kyviin listan pienryhmist\u00e4, ja voit katsoa kaikkien pienryhmien varauksia.<\/p>\n\n\n\n<p>Huom! Toteutukselle ilmoittautuessa on pakollista ilmoittautua my\u00f6s pienryhm\u00e4\u00e4n, jos sellaisia toteutuksella on. Jos toteutuksellasi on pienryhmi\u00e4, ainoastaan Tuudo n\u00e4ytt\u00e4\u00e4 pelk\u00e4st\u00e4\u00e4n oman pienryhm\u00e4si varaukset. Jos Tuudo n\u00e4ytt\u00e4\u00e4 kaikkien pienryhmien varaukset, voit piilottaa v\u00e4\u00e4r\u00e4t varaukset. Pepin kalenteri ja lukkarikone n\u00e4ytt\u00e4\u00e4 kaikkien pienryhmien varaukset, vaikka olisit ilmoittautunut vain tiettyyn pienryhm\u00e4\u00e4n. N\u00e4et pienryhm\u00e4si, kun menet HOPSin <em>Ilmoittautumiset<\/em>-v\u00e4lilehdelle ja katsot alalaidan <em>Ilmoittautumiset<\/em>-valikkoa.<\/p>\n\n\n\n<p>Voit piilottaa v\u00e4\u00e4rien pienryhmien varaukset lukkarikoneen ja Tuudon kalentereista. Etsi haluamasi varaukset, klikkaa varausta ja klikkaa <em>Piilota tapahtuma<\/em> -painiketta. Pepin kalenterista et voi poistaa etk\u00e4 piilottaa v\u00e4\u00e4rien pienryhmien varauksia. Jos olet synkronoinut Pepin varaukset Outlookiin, voit poistaa v\u00e4\u00e4rien pienryhmien varaukset sielt\u00e4 k\u00e4sin.<\/p>\n\n\n\n<h2 class=\"wp-block-heading\" id=\"ryhmien\">Ryhmien hakeminen<\/h2>\n\n\n\n<ul class=\"wp-block-list\">\n<li>Valitse <em>Kalenteri <\/em>ja valitse<em> Hae ryhmi\u00e4<\/em>.<\/li>\n\n\n\n<li>Kirjoita kentt\u00e4\u00e4n osa ryhm\u00e4n nimest\u00e4 tai tunnuksesta.<\/li>\n\n\n\n<li>Valitse <em>Hae<\/em>.\n<ul class=\"wp-block-list\">\n<li>Lista hakutuloksista aukeaa.<\/li>\n<\/ul>\n<\/li>\n\n\n\n<li>Lis\u00e4\u00e4 ryhm\u00e4 koriin valitsemalla <em>+Lis\u00e4\u00e4<\/em>.<\/li>\n<\/ul>\n\n\n\n<h2 class=\"wp-block-heading\" id=\"tilan\">Tilan hakeminen<\/h2>\n\n\n\n<ul class=\"wp-block-list\">\n<li>Valitse <em>Kalenteri <\/em>ja valitse<em> Hae tiloja<\/em>.<\/li>\n\n\n\n<li>Kirjoita kentt\u00e4\u00e4n osa tilan nimest\u00e4 tai tunnuksesta.<\/li>\n\n\n\n<li>Valitse <em>Hae<\/em>.\n<ul class=\"wp-block-list\">\n<li>Lista hakutuloksista aukeaa.<\/li>\n<\/ul>\n<\/li>\n\n\n\n<li>Lis\u00e4\u00e4 tila koriin valitsemalla <em>+Lis\u00e4\u00e4<\/em>.<\/li>\n<\/ul>\n\n\n\n<figure class=\"wp-block-image\"><img loading=\"lazy\" decoding=\"async\" width=\"640\" height=\"250\" src=\"https:\/\/help.jamk.fi\/peppi\/wp-content\/uploads\/sites\/130\/2020\/05\/Hae-tiloja.jpg\" alt=\"Hae tiloja -valikko\" class=\"wp-image-533\"\/><\/figure>\n\n\n\n<p>&nbsp;<\/p>\n","protected":false},"excerpt":{"rendered":"<p>Valitse tai luo ensin lukuj\u00e4rjestys, johon haluat lis\u00e4t\u00e4 toteutusten lukuj\u00e4rjestyksi\u00e4. Hae toteutuksia joko toteutus- tai ryhm\u00e4haun kautta. Kun olet l\u00f6yt\u00e4nyt haluamasi toteutuksen, lis\u00e4\u00e4 se koriin, jolloin kyseisen toteutuksen lukuj\u00e4rjestys n\u00e4kyy kalenterissasi. Kun olet lis\u00e4nnyt etsim\u00e4si toteutukset ja haluat n\u00e4hd\u00e4, milt\u00e4 ne n\u00e4ytt\u00e4v\u00e4t kalenterissa, klikkaa Kalenteri-painiketta. Toteutusten hakeminen Hakutuloksissa ei n\u00e4y toteutuksen kohdalla opettajan nime\u00e4. Pienryhm\u00e4t [&hellip;]<\/p>\n","protected":false},"author":76,"featured_media":0,"parent":2561,"menu_order":3,"comment_status":"closed","ping_status":"open","template":"","meta":{"_acf_changed":false,"_relevanssi_hide_post":"","_relevanssi_hide_content":"","_relevanssi_pin_for_all":"","_relevanssi_pin_keywords":"","_relevanssi_unpin_keywords":"","_relevanssi_related_keywords":"","_relevanssi_related_include_ids":"","_relevanssi_related_exclude_ids":"","_relevanssi_related_no_append":"","_relevanssi_related_not_related":"","_relevanssi_related_posts":"","_relevanssi_noindex_reason":"","footnotes":""},"categories":[1],"tags":[],"class_list":["post-2603","page","type-page","status-publish","hentry","category-uncategorised"],"acf":[],"yoast_head":"<!-- This site is optimized with the Yoast SEO plugin v27.5 - https:\/\/yoast.com\/product\/yoast-seo-wordpress\/ -->\n<title>Toteutusten, ryhmien ja tilojen lis\u00e4\u00e4minen lukuj\u00e4rjestykseen - Peppi<\/title>\n<meta name=\"robots\" content=\"index, follow, max-snippet:-1, max-image-preview:large, max-video-preview:-1\" \/>\n<link rel=\"canonical\" href=\"https:\/\/help.jamk.fi\/peppi\/fi\/kalenteri\/lukkarikone\/toteutusten-ryhmien-ja-tilojen-lisaaminen-lukujarjestykseen\/\" \/>\n<meta property=\"og:locale\" content=\"fi_FI\" \/>\n<meta property=\"og:type\" content=\"article\" \/>\n<meta property=\"og:title\" content=\"Toteutusten, ryhmien ja tilojen lis\u00e4\u00e4minen lukuj\u00e4rjestykseen - Peppi\" \/>\n<meta property=\"og:description\" content=\"Valitse tai luo ensin lukuj\u00e4rjestys, johon haluat lis\u00e4t\u00e4 toteutusten lukuj\u00e4rjestyksi\u00e4. Hae toteutuksia joko toteutus- tai ryhm\u00e4haun kautta. Kun olet l\u00f6yt\u00e4nyt haluamasi toteutuksen, lis\u00e4\u00e4 se koriin, jolloin kyseisen toteutuksen lukuj\u00e4rjestys n\u00e4kyy kalenterissasi. Kun olet lis\u00e4nnyt etsim\u00e4si toteutukset ja haluat n\u00e4hd\u00e4, milt\u00e4 ne n\u00e4ytt\u00e4v\u00e4t kalenterissa, klikkaa Kalenteri-painiketta. Toteutusten hakeminen Hakutuloksissa ei n\u00e4y toteutuksen kohdalla opettajan nime\u00e4. Pienryhm\u00e4t [&hellip;]\" \/>\n<meta property=\"og:url\" content=\"https:\/\/help.jamk.fi\/peppi\/fi\/kalenteri\/lukkarikone\/toteutusten-ryhmien-ja-tilojen-lisaaminen-lukujarjestykseen\/\" \/>\n<meta property=\"og:site_name\" content=\"Peppi\" \/>\n<meta property=\"article:modified_time\" content=\"2023-11-27T13:23:20+00:00\" \/>\n<meta property=\"og:image\" content=\"https:\/\/help.jamk.fi\/peppi\/wp-content\/uploads\/sites\/130\/2020\/05\/Hae-toteutuksia.jpg\" \/>\n<meta name=\"twitter:card\" content=\"summary_large_image\" \/>\n<meta name=\"twitter:label1\" content=\"Arvioitu lukuaika\" \/>\n\t<meta name=\"twitter:data1\" content=\"3 minuuttia\" \/>\n<script type=\"application\/ld+json\" class=\"yoast-schema-graph\">{\"@context\":\"https:\\\/\\\/schema.org\",\"@graph\":[{\"@type\":\"WebPage\",\"@id\":\"https:\\\/\\\/help.jamk.fi\\\/peppi\\\/fi\\\/kalenteri\\\/lukkarikone\\\/toteutusten-ryhmien-ja-tilojen-lisaaminen-lukujarjestykseen\\\/\",\"url\":\"https:\\\/\\\/help.jamk.fi\\\/peppi\\\/fi\\\/kalenteri\\\/lukkarikone\\\/toteutusten-ryhmien-ja-tilojen-lisaaminen-lukujarjestykseen\\\/\",\"name\":\"Toteutusten, ryhmien ja tilojen lis\u00e4\u00e4minen lukuj\u00e4rjestykseen - Peppi\",\"isPartOf\":{\"@id\":\"https:\\\/\\\/help.jamk.fi\\\/peppi\\\/#website\"},\"primaryImageOfPage\":{\"@id\":\"https:\\\/\\\/help.jamk.fi\\\/peppi\\\/fi\\\/kalenteri\\\/lukkarikone\\\/toteutusten-ryhmien-ja-tilojen-lisaaminen-lukujarjestykseen\\\/#primaryimage\"},\"image\":{\"@id\":\"https:\\\/\\\/help.jamk.fi\\\/peppi\\\/fi\\\/kalenteri\\\/lukkarikone\\\/toteutusten-ryhmien-ja-tilojen-lisaaminen-lukujarjestykseen\\\/#primaryimage\"},\"thumbnailUrl\":\"https:\\\/\\\/help.jamk.fi\\\/peppi\\\/wp-content\\\/uploads\\\/sites\\\/130\\\/2020\\\/05\\\/Hae-toteutuksia.jpg\",\"datePublished\":\"2020-11-16T09:42:59+00:00\",\"dateModified\":\"2023-11-27T13:23:20+00:00\",\"breadcrumb\":{\"@id\":\"https:\\\/\\\/help.jamk.fi\\\/peppi\\\/fi\\\/kalenteri\\\/lukkarikone\\\/toteutusten-ryhmien-ja-tilojen-lisaaminen-lukujarjestykseen\\\/#breadcrumb\"},\"inLanguage\":\"fi\",\"potentialAction\":[{\"@type\":\"ReadAction\",\"target\":[\"https:\\\/\\\/help.jamk.fi\\\/peppi\\\/fi\\\/kalenteri\\\/lukkarikone\\\/toteutusten-ryhmien-ja-tilojen-lisaaminen-lukujarjestykseen\\\/\"]}]},{\"@type\":\"ImageObject\",\"inLanguage\":\"fi\",\"@id\":\"https:\\\/\\\/help.jamk.fi\\\/peppi\\\/fi\\\/kalenteri\\\/lukkarikone\\\/toteutusten-ryhmien-ja-tilojen-lisaaminen-lukujarjestykseen\\\/#primaryimage\",\"url\":\"https:\\\/\\\/help.jamk.fi\\\/peppi\\\/wp-content\\\/uploads\\\/sites\\\/130\\\/2020\\\/05\\\/Hae-toteutuksia.jpg\",\"contentUrl\":\"https:\\\/\\\/help.jamk.fi\\\/peppi\\\/wp-content\\\/uploads\\\/sites\\\/130\\\/2020\\\/05\\\/Hae-toteutuksia.jpg\",\"width\":640,\"height\":155,\"caption\":\"Hae toteutuksia -valikko\"},{\"@type\":\"BreadcrumbList\",\"@id\":\"https:\\\/\\\/help.jamk.fi\\\/peppi\\\/fi\\\/kalenteri\\\/lukkarikone\\\/toteutusten-ryhmien-ja-tilojen-lisaaminen-lukujarjestykseen\\\/#breadcrumb\",\"itemListElement\":[{\"@type\":\"ListItem\",\"position\":1,\"name\":\"Home\",\"item\":\"https:\\\/\\\/help.jamk.fi\\\/peppi\\\/fi\\\/\"},{\"@type\":\"ListItem\",\"position\":2,\"name\":\"Kalenteri\",\"item\":\"https:\\\/\\\/help.jamk.fi\\\/peppi\\\/fi\\\/kalenteri\\\/\"},{\"@type\":\"ListItem\",\"position\":3,\"name\":\"Lukkarikone\",\"item\":\"https:\\\/\\\/help.jamk.fi\\\/peppi\\\/fi\\\/kalenteri\\\/lukkarikone\\\/\"},{\"@type\":\"ListItem\",\"position\":4,\"name\":\"Toteutusten, ryhmien ja tilojen lis\u00e4\u00e4minen lukuj\u00e4rjestykseen\"}]},{\"@type\":\"WebSite\",\"@id\":\"https:\\\/\\\/help.jamk.fi\\\/peppi\\\/#website\",\"url\":\"https:\\\/\\\/help.jamk.fi\\\/peppi\\\/\",\"name\":\"Peppi\",\"description\":\"\",\"potentialAction\":[{\"@type\":\"SearchAction\",\"target\":{\"@type\":\"EntryPoint\",\"urlTemplate\":\"https:\\\/\\\/help.jamk.fi\\\/peppi\\\/?s={search_term_string}\"},\"query-input\":{\"@type\":\"PropertyValueSpecification\",\"valueRequired\":true,\"valueName\":\"search_term_string\"}}],\"inLanguage\":\"fi\"}]}<\/script>\n<!-- \/ Yoast SEO plugin. -->","yoast_head_json":{"title":"Toteutusten, ryhmien ja tilojen lis\u00e4\u00e4minen lukuj\u00e4rjestykseen - Peppi","robots":{"index":"index","follow":"follow","max-snippet":"max-snippet:-1","max-image-preview":"max-image-preview:large","max-video-preview":"max-video-preview:-1"},"canonical":"https:\/\/help.jamk.fi\/peppi\/fi\/kalenteri\/lukkarikone\/toteutusten-ryhmien-ja-tilojen-lisaaminen-lukujarjestykseen\/","og_locale":"fi_FI","og_type":"article","og_title":"Toteutusten, ryhmien ja tilojen lis\u00e4\u00e4minen lukuj\u00e4rjestykseen - Peppi","og_description":"Valitse tai luo ensin lukuj\u00e4rjestys, johon haluat lis\u00e4t\u00e4 toteutusten lukuj\u00e4rjestyksi\u00e4. Hae toteutuksia joko toteutus- tai ryhm\u00e4haun kautta. Kun olet l\u00f6yt\u00e4nyt haluamasi toteutuksen, lis\u00e4\u00e4 se koriin, jolloin kyseisen toteutuksen lukuj\u00e4rjestys n\u00e4kyy kalenterissasi. Kun olet lis\u00e4nnyt etsim\u00e4si toteutukset ja haluat n\u00e4hd\u00e4, milt\u00e4 ne n\u00e4ytt\u00e4v\u00e4t kalenterissa, klikkaa Kalenteri-painiketta. Toteutusten hakeminen Hakutuloksissa ei n\u00e4y toteutuksen kohdalla opettajan nime\u00e4. Pienryhm\u00e4t [&hellip;]","og_url":"https:\/\/help.jamk.fi\/peppi\/fi\/kalenteri\/lukkarikone\/toteutusten-ryhmien-ja-tilojen-lisaaminen-lukujarjestykseen\/","og_site_name":"Peppi","article_modified_time":"2023-11-27T13:23:20+00:00","og_image":[{"url":"https:\/\/help.jamk.fi\/peppi\/wp-content\/uploads\/sites\/130\/2020\/05\/Hae-toteutuksia.jpg","type":"","width":"","height":""}],"twitter_card":"summary_large_image","twitter_misc":{"Arvioitu lukuaika":"3 minuuttia"},"schema":{"@context":"https:\/\/schema.org","@graph":[{"@type":"WebPage","@id":"https:\/\/help.jamk.fi\/peppi\/fi\/kalenteri\/lukkarikone\/toteutusten-ryhmien-ja-tilojen-lisaaminen-lukujarjestykseen\/","url":"https:\/\/help.jamk.fi\/peppi\/fi\/kalenteri\/lukkarikone\/toteutusten-ryhmien-ja-tilojen-lisaaminen-lukujarjestykseen\/","name":"Toteutusten, ryhmien ja tilojen lis\u00e4\u00e4minen lukuj\u00e4rjestykseen - Peppi","isPartOf":{"@id":"https:\/\/help.jamk.fi\/peppi\/#website"},"primaryImageOfPage":{"@id":"https:\/\/help.jamk.fi\/peppi\/fi\/kalenteri\/lukkarikone\/toteutusten-ryhmien-ja-tilojen-lisaaminen-lukujarjestykseen\/#primaryimage"},"image":{"@id":"https:\/\/help.jamk.fi\/peppi\/fi\/kalenteri\/lukkarikone\/toteutusten-ryhmien-ja-tilojen-lisaaminen-lukujarjestykseen\/#primaryimage"},"thumbnailUrl":"https:\/\/help.jamk.fi\/peppi\/wp-content\/uploads\/sites\/130\/2020\/05\/Hae-toteutuksia.jpg","datePublished":"2020-11-16T09:42:59+00:00","dateModified":"2023-11-27T13:23:20+00:00","breadcrumb":{"@id":"https:\/\/help.jamk.fi\/peppi\/fi\/kalenteri\/lukkarikone\/toteutusten-ryhmien-ja-tilojen-lisaaminen-lukujarjestykseen\/#breadcrumb"},"inLanguage":"fi","potentialAction":[{"@type":"ReadAction","target":["https:\/\/help.jamk.fi\/peppi\/fi\/kalenteri\/lukkarikone\/toteutusten-ryhmien-ja-tilojen-lisaaminen-lukujarjestykseen\/"]}]},{"@type":"ImageObject","inLanguage":"fi","@id":"https:\/\/help.jamk.fi\/peppi\/fi\/kalenteri\/lukkarikone\/toteutusten-ryhmien-ja-tilojen-lisaaminen-lukujarjestykseen\/#primaryimage","url":"https:\/\/help.jamk.fi\/peppi\/wp-content\/uploads\/sites\/130\/2020\/05\/Hae-toteutuksia.jpg","contentUrl":"https:\/\/help.jamk.fi\/peppi\/wp-content\/uploads\/sites\/130\/2020\/05\/Hae-toteutuksia.jpg","width":640,"height":155,"caption":"Hae toteutuksia -valikko"},{"@type":"BreadcrumbList","@id":"https:\/\/help.jamk.fi\/peppi\/fi\/kalenteri\/lukkarikone\/toteutusten-ryhmien-ja-tilojen-lisaaminen-lukujarjestykseen\/#breadcrumb","itemListElement":[{"@type":"ListItem","position":1,"name":"Home","item":"https:\/\/help.jamk.fi\/peppi\/fi\/"},{"@type":"ListItem","position":2,"name":"Kalenteri","item":"https:\/\/help.jamk.fi\/peppi\/fi\/kalenteri\/"},{"@type":"ListItem","position":3,"name":"Lukkarikone","item":"https:\/\/help.jamk.fi\/peppi\/fi\/kalenteri\/lukkarikone\/"},{"@type":"ListItem","position":4,"name":"Toteutusten, ryhmien ja tilojen lis\u00e4\u00e4minen lukuj\u00e4rjestykseen"}]},{"@type":"WebSite","@id":"https:\/\/help.jamk.fi\/peppi\/#website","url":"https:\/\/help.jamk.fi\/peppi\/","name":"Peppi","description":"","potentialAction":[{"@type":"SearchAction","target":{"@type":"EntryPoint","urlTemplate":"https:\/\/help.jamk.fi\/peppi\/?s={search_term_string}"},"query-input":{"@type":"PropertyValueSpecification","valueRequired":true,"valueName":"search_term_string"}}],"inLanguage":"fi"}]}},"_links":{"self":[{"href":"https:\/\/help.jamk.fi\/peppi\/wp-json\/wp\/v2\/pages\/2603","targetHints":{"allow":["GET"]}}],"collection":[{"href":"https:\/\/help.jamk.fi\/peppi\/wp-json\/wp\/v2\/pages"}],"about":[{"href":"https:\/\/help.jamk.fi\/peppi\/wp-json\/wp\/v2\/types\/page"}],"author":[{"embeddable":true,"href":"https:\/\/help.jamk.fi\/peppi\/wp-json\/wp\/v2\/users\/76"}],"replies":[{"embeddable":true,"href":"https:\/\/help.jamk.fi\/peppi\/wp-json\/wp\/v2\/comments?post=2603"}],"version-history":[{"count":4,"href":"https:\/\/help.jamk.fi\/peppi\/wp-json\/wp\/v2\/pages\/2603\/revisions"}],"predecessor-version":[{"id":2921,"href":"https:\/\/help.jamk.fi\/peppi\/wp-json\/wp\/v2\/pages\/2603\/revisions\/2921"}],"up":[{"embeddable":true,"href":"https:\/\/help.jamk.fi\/peppi\/wp-json\/wp\/v2\/pages\/2561"}],"wp:attachment":[{"href":"https:\/\/help.jamk.fi\/peppi\/wp-json\/wp\/v2\/media?parent=2603"}],"wp:term":[{"taxonomy":"category","embeddable":true,"href":"https:\/\/help.jamk.fi\/peppi\/wp-json\/wp\/v2\/categories?post=2603"},{"taxonomy":"post_tag","embeddable":true,"href":"https:\/\/help.jamk.fi\/peppi\/wp-json\/wp\/v2\/tags?post=2603"}],"curies":[{"name":"wp","href":"https:\/\/api.w.org\/{rel}","templated":true}]}}