{"id":2604,"date":"2020-11-16T11:56:14","date_gmt":"2020-11-16T09:56:14","guid":{"rendered":"https:\/\/help.jamk.fi\/peppi\/kalenteri\/lukkarikone\/hyppytuntihaku-ja-paallekkaisyydet\/"},"modified":"2024-01-11T08:43:38","modified_gmt":"2024-01-11T06:43:38","slug":"hyppytuntihaku-ja-paallekkaisyydet","status":"publish","type":"page","link":"https:\/\/help.jamk.fi\/peppi\/fi\/kalenteri\/lukkarikone\/hyppytuntihaku-ja-paallekkaisyydet\/","title":{"rendered":"Hyppytuntihaku ja p\u00e4\u00e4llekk\u00e4isyydet"},"content":{"rendered":"\n<p><iframe loading=\"lazy\" style=\"border: 1px solid #464646;\" src=\"https:\/\/panopto.jamk.fi\/Panopto\/Pages\/Embed.aspx?id=fb6bee2b-12c5-41ec-bee1-ac0900a5531d&amp;autoplay=false&amp;offerviewer=true&amp;showtitle=true&amp;showbrand=false&amp;start=0&amp;interactivity=all\" allowfullscreen=\"allowfullscreen\" width=\"720\" height=\"405\"><\/iframe><br>Jos kalenterissasi on tyhj\u00e4\u00e4 tilaa ja haluat hakea siihen kursseja, k\u00e4yt\u00e4 hyppytuntihakua. Haku listaa kaikki toteutukset, joilta l\u00f6ytyy varauksia valittuna aikana.<\/p>\n\n\n\n<ul class=\"wp-block-list\">\n<li>Valitse <em>Kalenteri<\/em>.<\/li>\n\n\n\n<li>Napsauta tyhj\u00e4\u00e4 kohtaa kalenterin\u00e4kym\u00e4ss\u00e4 tai maalaa kalenterista haluamasi ajankohta. <em>Hyppytuntihaku<\/em>-ikkuna aukeaa.<\/li>\n\n\n\n<li>Voit suodattaa hakua hyppytunnin ajankohdan, pituuden ja opetuspaikan mukaan.<\/li>\n<\/ul>\n\n\n\n<figure class=\"wp-block-image\"><img loading=\"lazy\" decoding=\"async\" width=\"640\" height=\"132\" src=\"https:\/\/help.jamk.fi\/peppi\/wp-content\/uploads\/sites\/130\/2020\/05\/Hyppytuntihaku.jpg\" alt=\"Hyppytuntihaun hakuikkuna\" class=\"wp-image-535\"\/><\/figure>\n\n\n\n<ul class=\"wp-block-list\">\n<li>Jos haluat muokata ajankohtaa, valitse haluamasi p\u00e4iv\u00e4 ja kellonaika kalenterivalikosta ja valitse <em>Aseta<\/em>. Huomioithan, ett\u00e4 pelkk\u00e4 p\u00e4iv\u00e4m\u00e4\u00e4r\u00e4n napsauttaminen ei vahvista valintaa.<\/li>\n<\/ul>\n\n\n\n<figure class=\"wp-block-image\"><img loading=\"lazy\" decoding=\"async\" width=\"483\" height=\"640\" src=\"https:\/\/help.jamk.fi\/peppi\/wp-content\/uploads\/sites\/130\/2020\/05\/Aseta.jpg\" alt=\"Aseta hyppytunnin alkamisajankohta\" class=\"wp-image-536\"\/><\/figure>\n\n\n\n<ul class=\"wp-block-list\">\n<li>Lista tuloksista aukeaa samaan ikkunaan.\n<ul class=\"wp-block-list\">\n<li>Toteutusriville listautuvat kaikki toteutuksen ja sen mahdollisten pienryhmien varaukset.<\/li>\n\n\n\n<li>Jos toteutuksella on pienryhmi\u00e4, hakutuloksen edess\u00e4 on nuoli. Saat nuolta napsauttamalla n\u00e4kyviin listan ryhmist\u00e4. <\/li>\n<\/ul>\n<\/li>\n\n\n\n<li>Lis\u00e4\u00e4 toteutus koriin valitsemalla <em>+Lis\u00e4\u00e4<\/em>.<\/li>\n<\/ul>\n\n\n\n<h2 class=\"wp-block-heading\">P\u00e4\u00e4llekk\u00e4isyydet<\/h2>\n\n\n\n<p>Jos hyppytuntihaun n\u00e4ytt\u00e4m\u00e4 luento pidet\u00e4\u00e4n samaan aikaan varaustesi kanssa, n\u00e4et tarkemmat tiedot <em>P\u00e4\u00e4llekk\u00e4isyydet<\/em>-sarakkeessa.<\/p>\n\n\n\n<ul class=\"wp-block-list\">\n<li>Haku k\u00e4y l\u00e4pi kaikki toteutuksen varaukset, jotka eiv\u00e4t ole korissasi ja tarkistaa, kuinka monta tuntia menee p\u00e4\u00e4llekk\u00e4in korin varausten kanssa. Punainen palkki n\u00e4ytt\u00e4\u00e4 p\u00e4\u00e4llekk\u00e4isyydet. Laskennassa otetaan huomioon vain tulevat tapahtumat.<\/li>\n<\/ul>\n\n\n\n<figure class=\"wp-block-image\"><img loading=\"lazy\" decoding=\"async\" width=\"640\" height=\"35\" src=\"https:\/\/help.jamk.fi\/peppi\/wp-content\/uploads\/sites\/130\/2020\/05\/Nayta-paallekkaisyydet.jpg\" alt=\"Punainen palkki n\u00e4ytt\u00e4\u00e4, jos on p\u00e4\u00e4llekk\u00e4isyyksi\u00e4\" class=\"wp-image-538\"\/><\/figure>\n\n\n\n<ul class=\"wp-block-list\">\n<li>Jos haluat tarkempia tietoja, valitse <em>N\u00e4yt\u00e4 p\u00e4\u00e4llekk\u00e4iset<\/em>.\n<ul class=\"wp-block-list\">\n<li>Avautuva ikkuna kertoo varausten nimet ja ajankohdat sek\u00e4 p\u00e4\u00e4llekk\u00e4isyyksien tarkat pituudet.<\/li>\n<\/ul>\n<\/li>\n<\/ul>\n","protected":false},"excerpt":{"rendered":"<p>Jos kalenterissasi on tyhj\u00e4\u00e4 tilaa ja haluat hakea siihen kursseja, k\u00e4yt\u00e4 hyppytuntihakua. Haku listaa kaikki toteutukset, joilta l\u00f6ytyy varauksia valittuna aikana. P\u00e4\u00e4llekk\u00e4isyydet Jos hyppytuntihaun n\u00e4ytt\u00e4m\u00e4 luento pidet\u00e4\u00e4n samaan aikaan varaustesi kanssa, n\u00e4et tarkemmat tiedot P\u00e4\u00e4llekk\u00e4isyydet-sarakkeessa.<\/p>\n","protected":false},"author":76,"featured_media":0,"parent":2561,"menu_order":4,"comment_status":"closed","ping_status":"open","template":"","meta":{"_acf_changed":false,"_relevanssi_hide_post":"","_relevanssi_hide_content":"","_relevanssi_pin_for_all":"","_relevanssi_pin_keywords":"","_relevanssi_unpin_keywords":"","_relevanssi_related_keywords":"","_relevanssi_related_include_ids":"","_relevanssi_related_exclude_ids":"","_relevanssi_related_no_append":"","_relevanssi_related_not_related":"","_relevanssi_related_posts":"","_relevanssi_noindex_reason":"","footnotes":""},"categories":[1],"tags":[],"class_list":["post-2604","page","type-page","status-publish","hentry","category-uncategorised"],"acf":[],"yoast_head":"<!-- This site is optimized with the Yoast SEO plugin v27.3 - https:\/\/yoast.com\/product\/yoast-seo-wordpress\/ -->\n<title>Hyppytuntihaku ja p\u00e4\u00e4llekk\u00e4isyydet - Peppi<\/title>\n<meta name=\"robots\" content=\"index, follow, max-snippet:-1, max-image-preview:large, max-video-preview:-1\" \/>\n<link rel=\"canonical\" href=\"https:\/\/help.jamk.fi\/peppi\/fi\/kalenteri\/lukkarikone\/hyppytuntihaku-ja-paallekkaisyydet\/\" \/>\n<meta property=\"og:locale\" content=\"fi_FI\" \/>\n<meta property=\"og:type\" content=\"article\" \/>\n<meta property=\"og:title\" content=\"Hyppytuntihaku ja p\u00e4\u00e4llekk\u00e4isyydet - Peppi\" \/>\n<meta property=\"og:description\" content=\"Jos kalenterissasi on tyhj\u00e4\u00e4 tilaa ja haluat hakea siihen kursseja, k\u00e4yt\u00e4 hyppytuntihakua. Haku listaa kaikki toteutukset, joilta l\u00f6ytyy varauksia valittuna aikana. P\u00e4\u00e4llekk\u00e4isyydet Jos hyppytuntihaun n\u00e4ytt\u00e4m\u00e4 luento pidet\u00e4\u00e4n samaan aikaan varaustesi kanssa, n\u00e4et tarkemmat tiedot P\u00e4\u00e4llekk\u00e4isyydet-sarakkeessa.\" \/>\n<meta property=\"og:url\" content=\"https:\/\/help.jamk.fi\/peppi\/fi\/kalenteri\/lukkarikone\/hyppytuntihaku-ja-paallekkaisyydet\/\" \/>\n<meta property=\"og:site_name\" content=\"Peppi\" \/>\n<meta property=\"article:modified_time\" content=\"2024-01-11T06:43:38+00:00\" \/>\n<meta property=\"og:image\" content=\"https:\/\/help.jamk.fi\/peppi\/wp-content\/uploads\/sites\/130\/2020\/05\/Hyppytuntihaku.jpg\" \/>\n<meta name=\"twitter:card\" content=\"summary_large_image\" \/>\n<meta name=\"twitter:label1\" content=\"Arvioitu lukuaika\" \/>\n\t<meta name=\"twitter:data1\" content=\"2 minuuttia\" \/>\n<script type=\"application\/ld+json\" class=\"yoast-schema-graph\">{\"@context\":\"https:\\\/\\\/schema.org\",\"@graph\":[{\"@type\":\"WebPage\",\"@id\":\"https:\\\/\\\/help.jamk.fi\\\/peppi\\\/fi\\\/kalenteri\\\/lukkarikone\\\/hyppytuntihaku-ja-paallekkaisyydet\\\/\",\"url\":\"https:\\\/\\\/help.jamk.fi\\\/peppi\\\/fi\\\/kalenteri\\\/lukkarikone\\\/hyppytuntihaku-ja-paallekkaisyydet\\\/\",\"name\":\"Hyppytuntihaku ja p\u00e4\u00e4llekk\u00e4isyydet - Peppi\",\"isPartOf\":{\"@id\":\"https:\\\/\\\/help.jamk.fi\\\/peppi\\\/#website\"},\"primaryImageOfPage\":{\"@id\":\"https:\\\/\\\/help.jamk.fi\\\/peppi\\\/fi\\\/kalenteri\\\/lukkarikone\\\/hyppytuntihaku-ja-paallekkaisyydet\\\/#primaryimage\"},\"image\":{\"@id\":\"https:\\\/\\\/help.jamk.fi\\\/peppi\\\/fi\\\/kalenteri\\\/lukkarikone\\\/hyppytuntihaku-ja-paallekkaisyydet\\\/#primaryimage\"},\"thumbnailUrl\":\"https:\\\/\\\/help.jamk.fi\\\/peppi\\\/wp-content\\\/uploads\\\/sites\\\/130\\\/2020\\\/05\\\/Hyppytuntihaku.jpg\",\"datePublished\":\"2020-11-16T09:56:14+00:00\",\"dateModified\":\"2024-01-11T06:43:38+00:00\",\"breadcrumb\":{\"@id\":\"https:\\\/\\\/help.jamk.fi\\\/peppi\\\/fi\\\/kalenteri\\\/lukkarikone\\\/hyppytuntihaku-ja-paallekkaisyydet\\\/#breadcrumb\"},\"inLanguage\":\"fi\",\"potentialAction\":[{\"@type\":\"ReadAction\",\"target\":[\"https:\\\/\\\/help.jamk.fi\\\/peppi\\\/fi\\\/kalenteri\\\/lukkarikone\\\/hyppytuntihaku-ja-paallekkaisyydet\\\/\"]}]},{\"@type\":\"ImageObject\",\"inLanguage\":\"fi\",\"@id\":\"https:\\\/\\\/help.jamk.fi\\\/peppi\\\/fi\\\/kalenteri\\\/lukkarikone\\\/hyppytuntihaku-ja-paallekkaisyydet\\\/#primaryimage\",\"url\":\"https:\\\/\\\/help.jamk.fi\\\/peppi\\\/wp-content\\\/uploads\\\/sites\\\/130\\\/2020\\\/05\\\/Hyppytuntihaku.jpg\",\"contentUrl\":\"https:\\\/\\\/help.jamk.fi\\\/peppi\\\/wp-content\\\/uploads\\\/sites\\\/130\\\/2020\\\/05\\\/Hyppytuntihaku.jpg\",\"width\":640,\"height\":132,\"caption\":\"Hyppytuntihaun hakuikkuna\"},{\"@type\":\"BreadcrumbList\",\"@id\":\"https:\\\/\\\/help.jamk.fi\\\/peppi\\\/fi\\\/kalenteri\\\/lukkarikone\\\/hyppytuntihaku-ja-paallekkaisyydet\\\/#breadcrumb\",\"itemListElement\":[{\"@type\":\"ListItem\",\"position\":1,\"name\":\"Home\",\"item\":\"https:\\\/\\\/help.jamk.fi\\\/peppi\\\/fi\\\/\"},{\"@type\":\"ListItem\",\"position\":2,\"name\":\"Kalenteri\",\"item\":\"https:\\\/\\\/help.jamk.fi\\\/peppi\\\/fi\\\/kalenteri\\\/\"},{\"@type\":\"ListItem\",\"position\":3,\"name\":\"Lukkarikone\",\"item\":\"https:\\\/\\\/help.jamk.fi\\\/peppi\\\/fi\\\/kalenteri\\\/lukkarikone\\\/\"},{\"@type\":\"ListItem\",\"position\":4,\"name\":\"Hyppytuntihaku ja p\u00e4\u00e4llekk\u00e4isyydet\"}]},{\"@type\":\"WebSite\",\"@id\":\"https:\\\/\\\/help.jamk.fi\\\/peppi\\\/#website\",\"url\":\"https:\\\/\\\/help.jamk.fi\\\/peppi\\\/\",\"name\":\"Peppi\",\"description\":\"\",\"potentialAction\":[{\"@type\":\"SearchAction\",\"target\":{\"@type\":\"EntryPoint\",\"urlTemplate\":\"https:\\\/\\\/help.jamk.fi\\\/peppi\\\/?s={search_term_string}\"},\"query-input\":{\"@type\":\"PropertyValueSpecification\",\"valueRequired\":true,\"valueName\":\"search_term_string\"}}],\"inLanguage\":\"fi\"}]}<\/script>\n<!-- \/ Yoast SEO plugin. -->","yoast_head_json":{"title":"Hyppytuntihaku ja p\u00e4\u00e4llekk\u00e4isyydet - Peppi","robots":{"index":"index","follow":"follow","max-snippet":"max-snippet:-1","max-image-preview":"max-image-preview:large","max-video-preview":"max-video-preview:-1"},"canonical":"https:\/\/help.jamk.fi\/peppi\/fi\/kalenteri\/lukkarikone\/hyppytuntihaku-ja-paallekkaisyydet\/","og_locale":"fi_FI","og_type":"article","og_title":"Hyppytuntihaku ja p\u00e4\u00e4llekk\u00e4isyydet - Peppi","og_description":"Jos kalenterissasi on tyhj\u00e4\u00e4 tilaa ja haluat hakea siihen kursseja, k\u00e4yt\u00e4 hyppytuntihakua. Haku listaa kaikki toteutukset, joilta l\u00f6ytyy varauksia valittuna aikana. P\u00e4\u00e4llekk\u00e4isyydet Jos hyppytuntihaun n\u00e4ytt\u00e4m\u00e4 luento pidet\u00e4\u00e4n samaan aikaan varaustesi kanssa, n\u00e4et tarkemmat tiedot P\u00e4\u00e4llekk\u00e4isyydet-sarakkeessa.","og_url":"https:\/\/help.jamk.fi\/peppi\/fi\/kalenteri\/lukkarikone\/hyppytuntihaku-ja-paallekkaisyydet\/","og_site_name":"Peppi","article_modified_time":"2024-01-11T06:43:38+00:00","og_image":[{"url":"https:\/\/help.jamk.fi\/peppi\/wp-content\/uploads\/sites\/130\/2020\/05\/Hyppytuntihaku.jpg","type":"","width":"","height":""}],"twitter_card":"summary_large_image","twitter_misc":{"Arvioitu lukuaika":"2 minuuttia"},"schema":{"@context":"https:\/\/schema.org","@graph":[{"@type":"WebPage","@id":"https:\/\/help.jamk.fi\/peppi\/fi\/kalenteri\/lukkarikone\/hyppytuntihaku-ja-paallekkaisyydet\/","url":"https:\/\/help.jamk.fi\/peppi\/fi\/kalenteri\/lukkarikone\/hyppytuntihaku-ja-paallekkaisyydet\/","name":"Hyppytuntihaku ja p\u00e4\u00e4llekk\u00e4isyydet - Peppi","isPartOf":{"@id":"https:\/\/help.jamk.fi\/peppi\/#website"},"primaryImageOfPage":{"@id":"https:\/\/help.jamk.fi\/peppi\/fi\/kalenteri\/lukkarikone\/hyppytuntihaku-ja-paallekkaisyydet\/#primaryimage"},"image":{"@id":"https:\/\/help.jamk.fi\/peppi\/fi\/kalenteri\/lukkarikone\/hyppytuntihaku-ja-paallekkaisyydet\/#primaryimage"},"thumbnailUrl":"https:\/\/help.jamk.fi\/peppi\/wp-content\/uploads\/sites\/130\/2020\/05\/Hyppytuntihaku.jpg","datePublished":"2020-11-16T09:56:14+00:00","dateModified":"2024-01-11T06:43:38+00:00","breadcrumb":{"@id":"https:\/\/help.jamk.fi\/peppi\/fi\/kalenteri\/lukkarikone\/hyppytuntihaku-ja-paallekkaisyydet\/#breadcrumb"},"inLanguage":"fi","potentialAction":[{"@type":"ReadAction","target":["https:\/\/help.jamk.fi\/peppi\/fi\/kalenteri\/lukkarikone\/hyppytuntihaku-ja-paallekkaisyydet\/"]}]},{"@type":"ImageObject","inLanguage":"fi","@id":"https:\/\/help.jamk.fi\/peppi\/fi\/kalenteri\/lukkarikone\/hyppytuntihaku-ja-paallekkaisyydet\/#primaryimage","url":"https:\/\/help.jamk.fi\/peppi\/wp-content\/uploads\/sites\/130\/2020\/05\/Hyppytuntihaku.jpg","contentUrl":"https:\/\/help.jamk.fi\/peppi\/wp-content\/uploads\/sites\/130\/2020\/05\/Hyppytuntihaku.jpg","width":640,"height":132,"caption":"Hyppytuntihaun hakuikkuna"},{"@type":"BreadcrumbList","@id":"https:\/\/help.jamk.fi\/peppi\/fi\/kalenteri\/lukkarikone\/hyppytuntihaku-ja-paallekkaisyydet\/#breadcrumb","itemListElement":[{"@type":"ListItem","position":1,"name":"Home","item":"https:\/\/help.jamk.fi\/peppi\/fi\/"},{"@type":"ListItem","position":2,"name":"Kalenteri","item":"https:\/\/help.jamk.fi\/peppi\/fi\/kalenteri\/"},{"@type":"ListItem","position":3,"name":"Lukkarikone","item":"https:\/\/help.jamk.fi\/peppi\/fi\/kalenteri\/lukkarikone\/"},{"@type":"ListItem","position":4,"name":"Hyppytuntihaku ja p\u00e4\u00e4llekk\u00e4isyydet"}]},{"@type":"WebSite","@id":"https:\/\/help.jamk.fi\/peppi\/#website","url":"https:\/\/help.jamk.fi\/peppi\/","name":"Peppi","description":"","potentialAction":[{"@type":"SearchAction","target":{"@type":"EntryPoint","urlTemplate":"https:\/\/help.jamk.fi\/peppi\/?s={search_term_string}"},"query-input":{"@type":"PropertyValueSpecification","valueRequired":true,"valueName":"search_term_string"}}],"inLanguage":"fi"}]}},"_links":{"self":[{"href":"https:\/\/help.jamk.fi\/peppi\/wp-json\/wp\/v2\/pages\/2604","targetHints":{"allow":["GET"]}}],"collection":[{"href":"https:\/\/help.jamk.fi\/peppi\/wp-json\/wp\/v2\/pages"}],"about":[{"href":"https:\/\/help.jamk.fi\/peppi\/wp-json\/wp\/v2\/types\/page"}],"author":[{"embeddable":true,"href":"https:\/\/help.jamk.fi\/peppi\/wp-json\/wp\/v2\/users\/76"}],"replies":[{"embeddable":true,"href":"https:\/\/help.jamk.fi\/peppi\/wp-json\/wp\/v2\/comments?post=2604"}],"version-history":[{"count":6,"href":"https:\/\/help.jamk.fi\/peppi\/wp-json\/wp\/v2\/pages\/2604\/revisions"}],"predecessor-version":[{"id":3102,"href":"https:\/\/help.jamk.fi\/peppi\/wp-json\/wp\/v2\/pages\/2604\/revisions\/3102"}],"up":[{"embeddable":true,"href":"https:\/\/help.jamk.fi\/peppi\/wp-json\/wp\/v2\/pages\/2561"}],"wp:attachment":[{"href":"https:\/\/help.jamk.fi\/peppi\/wp-json\/wp\/v2\/media?parent=2604"}],"wp:term":[{"taxonomy":"category","embeddable":true,"href":"https:\/\/help.jamk.fi\/peppi\/wp-json\/wp\/v2\/categories?post=2604"},{"taxonomy":"post_tag","embeddable":true,"href":"https:\/\/help.jamk.fi\/peppi\/wp-json\/wp\/v2\/tags?post=2604"}],"curies":[{"name":"wp","href":"https:\/\/api.w.org\/{rel}","templated":true}]}}