{"id":2608,"date":"2020-11-17T09:35:05","date_gmt":"2020-11-17T07:35:05","guid":{"rendered":"https:\/\/help.jamk.fi\/peppi\/kalenteri\/lukkarikone\/varausten-lisaaminen-lukujarjestykseen\/"},"modified":"2024-01-10T09:37:14","modified_gmt":"2024-01-10T07:37:14","slug":"varausten-lisaaminen-lukujarjestykseen","status":"publish","type":"page","link":"https:\/\/help.jamk.fi\/peppi\/fi\/kalenteri\/lukkarikone\/varausten-lisaaminen-lukujarjestykseen\/","title":{"rendered":"Varausten lis\u00e4\u00e4minen lukuj\u00e4rjestykseen"},"content":{"rendered":"\n<p id=\"lisaaminen\">Voit lis\u00e4t\u00e4 toteutuksia, ryhmi\u00e4 ja tiloja lukuj\u00e4rjestykseen.<\/p>\n\n\n\n<ul class=\"wp-block-list\" id=\"block-8e8a2ab7-c176-45f2-bb2e-9cbbbb783a42\">\n<li>Klikkaa <em>Sis\u00e4lt\u00f6listaus<\/em>-painiketta tarkistaaksesi, mit\u00e4 toteutuksia tai ryhmi\u00e4 olet jo lis\u00e4nnyt lukuj\u00e4rjestykseesi. N\u00e4et sen lukuj\u00e4rjestyksen sis\u00e4ll\u00f6n, joka n\u00e4kyy <em>Lukuj\u00e4rjestys<\/em>-kent\u00e4ss\u00e4. Voit vaihtaa lukuj\u00e4rjestyst\u00e4 samasta valikosta.\n<ul class=\"wp-block-list\">\n<li>Voit poistaa kohteen lukuj\u00e4rjestyksess\u00e4si klikkaamalla roskakorikuvaketta. <\/li>\n<\/ul>\n<\/li>\n\n\n\n<li>Et voi lis\u00e4t\u00e4 tai poistaa sis\u00e4lt\u00f6\u00e4 automaattisesta lukuj\u00e4rjestyksest\u00e4.<\/li>\n\n\n\n<li>Jos valitset <em>Piilota hakutulokset<\/em>, saat ne uudelleen n\u00e4kyviin valitsemalla <em>Hae<\/em>.<\/li>\n\n\n\n<li>Jos hakukohteen rivill\u00e4 on korikuvake, kohde on jo korissasi, eli <em>Lukuj\u00e4rjestys<\/em>-kohdassa n\u00e4kyv\u00e4ss\u00e4 lukuj\u00e4rjestyksess\u00e4si.<\/li>\n<\/ul>\n\n\n\n<p><iframe loading=\"lazy\" style=\"border: 1px solid #464646;\" src=\"https:\/\/panopto.jamk.fi\/Panopto\/Pages\/Embed.aspx?id=c6e57cb3-ad15-4c8e-817a-ac09009c1c37&amp;autoplay=false&amp;offerviewer=true&amp;showtitle=true&amp;showbrand=false&amp;start=0&amp;interactivity=all\" width=\"720\" height=\"405\" allowfullscreen=\"allowfullscreen\"><\/p>\n\n\n\n<h2 class=\"wp-block-heading\" id=\"toteutukset\">Toteutusten hakeminen<\/h2>\n\n\n\n<p><iframe loading=\"lazy\" style=\"border: 1px solid #464646;\" src=\"https:\/\/panopto.jamk.fi\/Panopto\/Pages\/Embed.aspx?id=c78379cd-aa23-4141-85c1-ac09009982e9&amp;autoplay=false&amp;offerviewer=true&amp;showtitle=true&amp;showbrand=false&amp;start=0&amp;interactivity=all\" width=\"720\" height=\"405\" allowfullscreen=\"allowfullscreen\"><\/iframe><\/p>\n\n\n\n<ul class=\"wp-block-list\">\n<li>Valitse <em>Kalenteri &gt; Hae toteutuksia<\/em>.<\/li>\n<\/ul>\n\n\n\n<figure class=\"wp-block-image\"><img loading=\"lazy\" decoding=\"async\" width=\"640\" height=\"155\" src=\"https:\/\/help.jamk.fi\/peppi\/wp-content\/uploads\/sites\/130\/2020\/05\/Hae-toteutuksia.jpg\" alt=\"Hae toteutuksia -valikko\" class=\"wp-image-528\"\/><\/figure>\n\n\n\n<ul class=\"wp-block-list\">\n<li>Kirjoita kentt\u00e4\u00e4n osa toteutuksen nimest\u00e4 tai tunnuksesta.<\/li>\n\n\n\n<li>Valitse pudotusvalikosta, mill\u00e4 perusteella haluat hakea toteutuksia:<\/li>\n\n\n\n<li>Nimell\u00e4 tai tunnuksella<\/li>\n\n\n\n<li>Ryhm\u00e4n tunnuksella<\/li>\n\n\n\n<li>Valitse halutessasi aikav\u00e4li, jolla toteutus on voimassa kent\u00e4st\u00e4 <em>Aktiivinen v\u00e4lill\u00e4<\/em>.<\/li>\n<\/ul>\n\n\n\n<figure class=\"wp-block-image\"><img loading=\"lazy\" decoding=\"async\" width=\"447\" height=\"640\" src=\"https:\/\/help.jamk.fi\/peppi\/wp-content\/uploads\/sites\/130\/2020\/05\/Aktiivinen-valilla.jpg\" alt=\"Aktiivinen aikav\u00e4li\" class=\"wp-image-531\"\/><\/figure>\n\n\n\n<ul class=\"wp-block-list\">\n<li>Valitse <em>Hae<\/em>. Lista hakutuloksista aukeaa.<\/li>\n<\/ul>\n\n\n\n<figure class=\"wp-block-image\"><img loading=\"lazy\" decoding=\"async\" width=\"640\" height=\"279\" src=\"https:\/\/help.jamk.fi\/peppi\/wp-content\/uploads\/sites\/130\/2020\/05\/Toteutukset-ryhma.jpg\" alt=\"Hae ryhm\u00e4n tunnuksella\" class=\"wp-image-530\"\/><\/figure>\n\n\n\n<ul class=\"wp-block-list\">\n<li>Voit suodattaa tuloksia niiden yl\u00e4puolella sijaitsevista pudotusvalikoista.<\/li>\n<\/ul>\n\n\n\n<figure class=\"wp-block-image\"><img loading=\"lazy\" decoding=\"async\" width=\"640\" height=\"147\" src=\"https:\/\/help.jamk.fi\/peppi\/wp-content\/uploads\/sites\/130\/2020\/05\/Hakutulosten-suodatus.jpg\" alt=\"Hakutulosten suodatus -valikko\" class=\"wp-image-532\"\/><\/figure>\n\n\n\n<ul class=\"wp-block-list\">\n<li>Lis\u00e4\u00e4 toteutus koriin valitsemalla <em>+Lis\u00e4\u00e4<\/em>.<\/li>\n<\/ul>\n\n\n\n<p>Hakutuloksissa ei n\u00e4y toteutuksen kohdalla opettajan nime\u00e4.<\/p>\n\n\n\n<h2 class=\"wp-block-heading\">Pienryhm\u00e4t<\/h2>\n\n\n\n<p>Jos toteutuksella on pienryhmi\u00e4, hakutuloksen edess\u00e4 on nuoli. Saat nuolta napsauttamalla n\u00e4kyviin listan kaikista pienryhmist\u00e4, ja voit katsoa pienryhmien aikatauluja.<\/p>\n\n\n\n\n\n<h2 class=\"wp-block-heading\">Ryhmien hakeminen<\/h2>\n\n\n\n<ul class=\"wp-block-list\">\n<li>Valitse <em>Kalenteri &gt; Hae ryhmi\u00e4<\/em>.<\/li>\n\n\n\n<li>Kirjoita kentt\u00e4\u00e4n osa ryhm\u00e4n nimest\u00e4 tai tunnuksesta.<\/li>\n\n\n\n<li>Valitse <em>Hae<\/em>.<\/li>\n\n\n\n<li>Lista hakutuloksista aukeaa.<\/li>\n\n\n\n<li>Lis\u00e4\u00e4 ryhm\u00e4 koriin valitsemalla <em>+Lis\u00e4\u00e4<\/em>.<\/li>\n<\/ul>\n\n\n\n<\/p>\n<figure class=\"wp-block-image\"><img loading=\"lazy\" decoding=\"async\" width=\"640\" height=\"195\" class=\"wp-image-534\" src=\"https:\/\/help.jamk.fi\/peppi\/wp-content\/uploads\/sites\/130\/2020\/05\/Hae-ryhmia.jpg\" alt=\"Hae ryhmi\u00e4 -valikko\" \/><\/figure>\n<p>\n\n\n\n<h2 class=\"wp-block-heading\" id=\"tilan \">Tilan hakeminen<\/h2>\n\n\n\n<ul class=\"wp-block-list\">\n<li>Valitse <em>Kalenteri &gt; Hae tiloja<\/em>.<\/li>\n\n\n\n<li>Kirjoita kentt\u00e4\u00e4n osa tilan nimest\u00e4 tai tunnuksesta.<\/li>\n\n\n\n<li>Valitse <em>Hae<\/em>.<br>Muuttumaton:\n<ul class=\"wp-block-list\">\n<li>Muuttumaton\n<ul class=\"wp-block-list\">\n<li>Lista hakutuloksista aukeaa.<\/li>\n<\/ul>\n<\/li>\n<\/ul>\n<\/li>\n\n\n\n<li>Lis\u00e4\u00e4 tila koriin valitsemalla <em>+Lis\u00e4\u00e4<\/em>.<\/li>\n<\/ul>\n\n\n\n<figure class=\"wp-block-image\"><img loading=\"lazy\" decoding=\"async\" width=\"640\" height=\"250\" class=\"wp-image-533\" src=\"https:\/\/help.jamk.fi\/peppi\/wp-content\/uploads\/sites\/130\/2020\/05\/Hae-tiloja.jpg\" alt=\"Hae tiloja -valikko\" \/><\/figure>\n","protected":false},"excerpt":{"rendered":"<p>Voit lis\u00e4t\u00e4 toteutuksia, ryhmi\u00e4 ja tiloja lukuj\u00e4rjestykseen. Toteutusten hakeminen Hakutuloksissa ei n\u00e4y toteutuksen kohdalla opettajan nime\u00e4. Pienryhm\u00e4t Jos toteutuksella on pienryhmi\u00e4, hakutuloksen edess\u00e4 on nuoli. Saat nuolta napsauttamalla n\u00e4kyviin listan kaikista pienryhmist\u00e4, ja voit katsoa pienryhmien aikatauluja. Ryhmien hakeminen Tilan hakeminen<\/p>\n","protected":false},"author":76,"featured_media":0,"parent":2561,"menu_order":0,"comment_status":"closed","ping_status":"open","template":"","meta":{"_acf_changed":false,"_relevanssi_hide_post":"","_relevanssi_hide_content":"","_relevanssi_pin_for_all":"","_relevanssi_pin_keywords":"","_relevanssi_unpin_keywords":"","_relevanssi_related_keywords":"","_relevanssi_related_include_ids":"","_relevanssi_related_exclude_ids":"","_relevanssi_related_no_append":"","_relevanssi_related_not_related":"","_relevanssi_related_posts":"","_relevanssi_noindex_reason":"","footnotes":""},"categories":[1],"tags":[],"class_list":["post-2608","page","type-page","status-publish","hentry","category-uncategorised"],"acf":[],"yoast_head":"<!-- This site is optimized with the Yoast SEO plugin v27.4 - https:\/\/yoast.com\/product\/yoast-seo-wordpress\/ -->\n<title>Varausten lis\u00e4\u00e4minen lukuj\u00e4rjestykseen - Peppi<\/title>\n<meta name=\"robots\" content=\"index, follow, max-snippet:-1, max-image-preview:large, max-video-preview:-1\" \/>\n<link rel=\"canonical\" href=\"https:\/\/help.jamk.fi\/peppi\/fi\/kalenteri\/lukkarikone\/varausten-lisaaminen-lukujarjestykseen\/\" \/>\n<meta property=\"og:locale\" content=\"fi_FI\" \/>\n<meta property=\"og:type\" content=\"article\" \/>\n<meta property=\"og:title\" content=\"Varausten lis\u00e4\u00e4minen lukuj\u00e4rjestykseen - Peppi\" \/>\n<meta property=\"og:description\" content=\"Voit lis\u00e4t\u00e4 toteutuksia, ryhmi\u00e4 ja tiloja lukuj\u00e4rjestykseen. Toteutusten hakeminen Hakutuloksissa ei n\u00e4y toteutuksen kohdalla opettajan nime\u00e4. Pienryhm\u00e4t Jos toteutuksella on pienryhmi\u00e4, hakutuloksen edess\u00e4 on nuoli. Saat nuolta napsauttamalla n\u00e4kyviin listan kaikista pienryhmist\u00e4, ja voit katsoa pienryhmien aikatauluja. Ryhmien hakeminen Tilan hakeminen\" \/>\n<meta property=\"og:url\" content=\"https:\/\/help.jamk.fi\/peppi\/fi\/kalenteri\/lukkarikone\/varausten-lisaaminen-lukujarjestykseen\/\" \/>\n<meta property=\"og:site_name\" content=\"Peppi\" \/>\n<meta property=\"article:modified_time\" content=\"2024-01-10T07:37:14+00:00\" \/>\n<meta property=\"og:image\" content=\"https:\/\/help.jamk.fi\/peppi\/wp-content\/uploads\/sites\/130\/2020\/05\/Hae-toteutuksia.jpg\" \/>\n<meta name=\"twitter:card\" content=\"summary_large_image\" \/>\n<meta name=\"twitter:label1\" content=\"Arvioitu lukuaika\" \/>\n\t<meta name=\"twitter:data1\" content=\"3 minuuttia\" \/>\n<script type=\"application\/ld+json\" class=\"yoast-schema-graph\">{\"@context\":\"https:\\\/\\\/schema.org\",\"@graph\":[{\"@type\":\"WebPage\",\"@id\":\"https:\\\/\\\/help.jamk.fi\\\/peppi\\\/fi\\\/kalenteri\\\/lukkarikone\\\/varausten-lisaaminen-lukujarjestykseen\\\/\",\"url\":\"https:\\\/\\\/help.jamk.fi\\\/peppi\\\/fi\\\/kalenteri\\\/lukkarikone\\\/varausten-lisaaminen-lukujarjestykseen\\\/\",\"name\":\"Varausten lis\u00e4\u00e4minen lukuj\u00e4rjestykseen - Peppi\",\"isPartOf\":{\"@id\":\"https:\\\/\\\/help.jamk.fi\\\/peppi\\\/#website\"},\"primaryImageOfPage\":{\"@id\":\"https:\\\/\\\/help.jamk.fi\\\/peppi\\\/fi\\\/kalenteri\\\/lukkarikone\\\/varausten-lisaaminen-lukujarjestykseen\\\/#primaryimage\"},\"image\":{\"@id\":\"https:\\\/\\\/help.jamk.fi\\\/peppi\\\/fi\\\/kalenteri\\\/lukkarikone\\\/varausten-lisaaminen-lukujarjestykseen\\\/#primaryimage\"},\"thumbnailUrl\":\"https:\\\/\\\/help.jamk.fi\\\/peppi\\\/wp-content\\\/uploads\\\/sites\\\/130\\\/2020\\\/05\\\/Hae-toteutuksia.jpg\",\"datePublished\":\"2020-11-17T07:35:05+00:00\",\"dateModified\":\"2024-01-10T07:37:14+00:00\",\"breadcrumb\":{\"@id\":\"https:\\\/\\\/help.jamk.fi\\\/peppi\\\/fi\\\/kalenteri\\\/lukkarikone\\\/varausten-lisaaminen-lukujarjestykseen\\\/#breadcrumb\"},\"inLanguage\":\"fi\",\"potentialAction\":[{\"@type\":\"ReadAction\",\"target\":[\"https:\\\/\\\/help.jamk.fi\\\/peppi\\\/fi\\\/kalenteri\\\/lukkarikone\\\/varausten-lisaaminen-lukujarjestykseen\\\/\"]}]},{\"@type\":\"ImageObject\",\"inLanguage\":\"fi\",\"@id\":\"https:\\\/\\\/help.jamk.fi\\\/peppi\\\/fi\\\/kalenteri\\\/lukkarikone\\\/varausten-lisaaminen-lukujarjestykseen\\\/#primaryimage\",\"url\":\"https:\\\/\\\/help.jamk.fi\\\/peppi\\\/wp-content\\\/uploads\\\/sites\\\/130\\\/2020\\\/05\\\/Hae-toteutuksia.jpg\",\"contentUrl\":\"https:\\\/\\\/help.jamk.fi\\\/peppi\\\/wp-content\\\/uploads\\\/sites\\\/130\\\/2020\\\/05\\\/Hae-toteutuksia.jpg\",\"width\":640,\"height\":155,\"caption\":\"Hae toteutuksia -valikko\"},{\"@type\":\"BreadcrumbList\",\"@id\":\"https:\\\/\\\/help.jamk.fi\\\/peppi\\\/fi\\\/kalenteri\\\/lukkarikone\\\/varausten-lisaaminen-lukujarjestykseen\\\/#breadcrumb\",\"itemListElement\":[{\"@type\":\"ListItem\",\"position\":1,\"name\":\"Home\",\"item\":\"https:\\\/\\\/help.jamk.fi\\\/peppi\\\/fi\\\/\"},{\"@type\":\"ListItem\",\"position\":2,\"name\":\"Kalenteri\",\"item\":\"https:\\\/\\\/help.jamk.fi\\\/peppi\\\/fi\\\/kalenteri\\\/\"},{\"@type\":\"ListItem\",\"position\":3,\"name\":\"Lukkarikone\",\"item\":\"https:\\\/\\\/help.jamk.fi\\\/peppi\\\/fi\\\/kalenteri\\\/lukkarikone\\\/\"},{\"@type\":\"ListItem\",\"position\":4,\"name\":\"Varausten lis\u00e4\u00e4minen lukuj\u00e4rjestykseen\"}]},{\"@type\":\"WebSite\",\"@id\":\"https:\\\/\\\/help.jamk.fi\\\/peppi\\\/#website\",\"url\":\"https:\\\/\\\/help.jamk.fi\\\/peppi\\\/\",\"name\":\"Peppi\",\"description\":\"\",\"potentialAction\":[{\"@type\":\"SearchAction\",\"target\":{\"@type\":\"EntryPoint\",\"urlTemplate\":\"https:\\\/\\\/help.jamk.fi\\\/peppi\\\/?s={search_term_string}\"},\"query-input\":{\"@type\":\"PropertyValueSpecification\",\"valueRequired\":true,\"valueName\":\"search_term_string\"}}],\"inLanguage\":\"fi\"}]}<\/script>\n<!-- \/ Yoast SEO plugin. -->","yoast_head_json":{"title":"Varausten lis\u00e4\u00e4minen lukuj\u00e4rjestykseen - Peppi","robots":{"index":"index","follow":"follow","max-snippet":"max-snippet:-1","max-image-preview":"max-image-preview:large","max-video-preview":"max-video-preview:-1"},"canonical":"https:\/\/help.jamk.fi\/peppi\/fi\/kalenteri\/lukkarikone\/varausten-lisaaminen-lukujarjestykseen\/","og_locale":"fi_FI","og_type":"article","og_title":"Varausten lis\u00e4\u00e4minen lukuj\u00e4rjestykseen - Peppi","og_description":"Voit lis\u00e4t\u00e4 toteutuksia, ryhmi\u00e4 ja tiloja lukuj\u00e4rjestykseen. Toteutusten hakeminen Hakutuloksissa ei n\u00e4y toteutuksen kohdalla opettajan nime\u00e4. Pienryhm\u00e4t Jos toteutuksella on pienryhmi\u00e4, hakutuloksen edess\u00e4 on nuoli. Saat nuolta napsauttamalla n\u00e4kyviin listan kaikista pienryhmist\u00e4, ja voit katsoa pienryhmien aikatauluja. Ryhmien hakeminen Tilan hakeminen","og_url":"https:\/\/help.jamk.fi\/peppi\/fi\/kalenteri\/lukkarikone\/varausten-lisaaminen-lukujarjestykseen\/","og_site_name":"Peppi","article_modified_time":"2024-01-10T07:37:14+00:00","og_image":[{"url":"https:\/\/help.jamk.fi\/peppi\/wp-content\/uploads\/sites\/130\/2020\/05\/Hae-toteutuksia.jpg","type":"","width":"","height":""}],"twitter_card":"summary_large_image","twitter_misc":{"Arvioitu lukuaika":"3 minuuttia"},"schema":{"@context":"https:\/\/schema.org","@graph":[{"@type":"WebPage","@id":"https:\/\/help.jamk.fi\/peppi\/fi\/kalenteri\/lukkarikone\/varausten-lisaaminen-lukujarjestykseen\/","url":"https:\/\/help.jamk.fi\/peppi\/fi\/kalenteri\/lukkarikone\/varausten-lisaaminen-lukujarjestykseen\/","name":"Varausten lis\u00e4\u00e4minen lukuj\u00e4rjestykseen - Peppi","isPartOf":{"@id":"https:\/\/help.jamk.fi\/peppi\/#website"},"primaryImageOfPage":{"@id":"https:\/\/help.jamk.fi\/peppi\/fi\/kalenteri\/lukkarikone\/varausten-lisaaminen-lukujarjestykseen\/#primaryimage"},"image":{"@id":"https:\/\/help.jamk.fi\/peppi\/fi\/kalenteri\/lukkarikone\/varausten-lisaaminen-lukujarjestykseen\/#primaryimage"},"thumbnailUrl":"https:\/\/help.jamk.fi\/peppi\/wp-content\/uploads\/sites\/130\/2020\/05\/Hae-toteutuksia.jpg","datePublished":"2020-11-17T07:35:05+00:00","dateModified":"2024-01-10T07:37:14+00:00","breadcrumb":{"@id":"https:\/\/help.jamk.fi\/peppi\/fi\/kalenteri\/lukkarikone\/varausten-lisaaminen-lukujarjestykseen\/#breadcrumb"},"inLanguage":"fi","potentialAction":[{"@type":"ReadAction","target":["https:\/\/help.jamk.fi\/peppi\/fi\/kalenteri\/lukkarikone\/varausten-lisaaminen-lukujarjestykseen\/"]}]},{"@type":"ImageObject","inLanguage":"fi","@id":"https:\/\/help.jamk.fi\/peppi\/fi\/kalenteri\/lukkarikone\/varausten-lisaaminen-lukujarjestykseen\/#primaryimage","url":"https:\/\/help.jamk.fi\/peppi\/wp-content\/uploads\/sites\/130\/2020\/05\/Hae-toteutuksia.jpg","contentUrl":"https:\/\/help.jamk.fi\/peppi\/wp-content\/uploads\/sites\/130\/2020\/05\/Hae-toteutuksia.jpg","width":640,"height":155,"caption":"Hae toteutuksia -valikko"},{"@type":"BreadcrumbList","@id":"https:\/\/help.jamk.fi\/peppi\/fi\/kalenteri\/lukkarikone\/varausten-lisaaminen-lukujarjestykseen\/#breadcrumb","itemListElement":[{"@type":"ListItem","position":1,"name":"Home","item":"https:\/\/help.jamk.fi\/peppi\/fi\/"},{"@type":"ListItem","position":2,"name":"Kalenteri","item":"https:\/\/help.jamk.fi\/peppi\/fi\/kalenteri\/"},{"@type":"ListItem","position":3,"name":"Lukkarikone","item":"https:\/\/help.jamk.fi\/peppi\/fi\/kalenteri\/lukkarikone\/"},{"@type":"ListItem","position":4,"name":"Varausten lis\u00e4\u00e4minen lukuj\u00e4rjestykseen"}]},{"@type":"WebSite","@id":"https:\/\/help.jamk.fi\/peppi\/#website","url":"https:\/\/help.jamk.fi\/peppi\/","name":"Peppi","description":"","potentialAction":[{"@type":"SearchAction","target":{"@type":"EntryPoint","urlTemplate":"https:\/\/help.jamk.fi\/peppi\/?s={search_term_string}"},"query-input":{"@type":"PropertyValueSpecification","valueRequired":true,"valueName":"search_term_string"}}],"inLanguage":"fi"}]}},"_links":{"self":[{"href":"https:\/\/help.jamk.fi\/peppi\/wp-json\/wp\/v2\/pages\/2608","targetHints":{"allow":["GET"]}}],"collection":[{"href":"https:\/\/help.jamk.fi\/peppi\/wp-json\/wp\/v2\/pages"}],"about":[{"href":"https:\/\/help.jamk.fi\/peppi\/wp-json\/wp\/v2\/types\/page"}],"author":[{"embeddable":true,"href":"https:\/\/help.jamk.fi\/peppi\/wp-json\/wp\/v2\/users\/76"}],"replies":[{"embeddable":true,"href":"https:\/\/help.jamk.fi\/peppi\/wp-json\/wp\/v2\/comments?post=2608"}],"version-history":[{"count":7,"href":"https:\/\/help.jamk.fi\/peppi\/wp-json\/wp\/v2\/pages\/2608\/revisions"}],"predecessor-version":[{"id":3097,"href":"https:\/\/help.jamk.fi\/peppi\/wp-json\/wp\/v2\/pages\/2608\/revisions\/3097"}],"up":[{"embeddable":true,"href":"https:\/\/help.jamk.fi\/peppi\/wp-json\/wp\/v2\/pages\/2561"}],"wp:attachment":[{"href":"https:\/\/help.jamk.fi\/peppi\/wp-json\/wp\/v2\/media?parent=2608"}],"wp:term":[{"taxonomy":"category","embeddable":true,"href":"https:\/\/help.jamk.fi\/peppi\/wp-json\/wp\/v2\/categories?post=2608"},{"taxonomy":"post_tag","embeddable":true,"href":"https:\/\/help.jamk.fi\/peppi\/wp-json\/wp\/v2\/tags?post=2608"}],"curies":[{"name":"wp","href":"https:\/\/api.w.org\/{rel}","templated":true}]}}