{"id":2613,"date":"2021-05-18T12:36:26","date_gmt":"2021-05-18T09:36:26","guid":{"rendered":"https:\/\/help.jamk.fi\/peppi\/kalenteri\/tilavaraukset\/kampusten-tilat-pepissa\/"},"modified":"2024-08-19T16:15:44","modified_gmt":"2024-08-19T13:15:44","slug":"kampusten-tilat-pepissa","status":"publish","type":"page","link":"https:\/\/help.jamk.fi\/peppi\/fi\/kalenteri\/tilavaraukset\/kampusten-tilat-pepissa\/","title":{"rendered":"Kampusten tilat Pepiss\u00e4"},"content":{"rendered":"\n<p>N\u00e4et lukuj\u00e4rjestyksesi Pepiss\u00e4, ja tilakoodi kertoo, mill\u00e4 kampuksella, miss\u00e4 siivess\u00e4 ja miss\u00e4 kerroksessa tilasi on. Tuudo-sovellus n\u00e4ytt\u00e4\u00e4 kartalta, miss\u00e4 kerroksessa ja miss\u00e4 osassa siipe\u00e4 luokka on. Jos olet antanut sovellukselle oikeuden tarkkaan sijaintitietoon, n\u00e4et itsesi my\u00f6s kartalla.<\/p>\n\n\n\n<p>Tilakoodi alkaa aina rakennuksen koodilla. Sen j\u00e4lkeen tulee mahdollinen siipi, kerros ja viimeisen\u00e4 tilan numero.<\/p>\n\n\n\n<h2 class=\"wp-block-heading\">P\u00e4\u00e4kampus\u200b<\/h2>\n\n\n\n<p>P\u00e4\u00e4kampus sijaitsee osoitteessa Rajakatu 35.<\/p>\n\n\n\n<p><a href=\"https:\/\/www.jamk.fi\/fi\/media\/40841\/download?attachment\">Voit ladata t\u00e4st\u00e4 linkist\u00e4 P\u00e4\u00e4kampuksen kartan (pdf)<\/a>, josta n\u00e4et, mit\u00e4 tiloja on miss\u00e4kin siivess\u00e4 ja kerroksessa<\/p>\n\n\n\n<ul class=\"wp-block-list\">\n<li>P\u00e4\u00e4kampuksen tunnus on R35.<\/li>\n\n\n\n<li>P\u00e4\u00e4kampus koostuu 7 siivest\u00e4: A &#8211; G.<\/li>\n\n\n\n<li>Eri siiviss\u00e4 on eri m\u00e4\u00e4r\u00e4 kerroksia, ja kerroksia on kaikkiaan K &#8211; 4.<\/li>\n\n\n\n<li>Esimerkki 1: R35BP15 = P\u00e4\u00e4kampuksen B-siipi, pohjakerros, luokka BP15.<\/li>\n\n\n\n<li>Esimerkki 2: R35G201 = P\u00e4\u00e4kampuksen G-siipi, 2. toinen kerros, luokka G201<\/li>\n<\/ul>\n\n\n\n<h2 class=\"wp-block-heading\">Lutakko<\/h2>\n\n\n\n<p>Lutakon kampuksella on Dynamo-rakennus, osoite on Piippukatu 2.<\/p>\n\n\n\n<ul class=\"wp-block-list\">\n<li>\u200bDynamo-rakennuksen tunnus on P2<\/li>\n\n\n\n<li>Kerroksia on Dynamo-rakennuksessa 5. Turbiinista on k\u00e4yt\u00f6ss\u00e4 ainoastaan 2. kerros.<\/li>\n\n\n\n<li>Dynamon tilakoodi alkaa D-kirjaimella<\/li>\n\n\n\n<li>Esimerkki 1: P2_D306 = Dynamo-rakennuksen 3. kerroksen tila D306<\/li>\n<\/ul>\n\n\n\n<h2 class=\"wp-block-heading\">Biotalousinstituutti<\/h2>\n\n\n\n<p>Biotalousinstituutti on Saarij\u00e4rvell\u00e4 osoitteessa Tuumalantie 17.<\/p>\n\n\n\n<ul class=\"wp-block-list\">\n<li>Biotalousinstituutin tunnus on Tu17L<\/li>\n\n\n\n<li>Rakennuksessa on vain 1 kerros<\/li>\n\n\n\n<li>Esimerkiksi Tu17L121 = Biotalousinstituutin tila 121.<\/li>\n<\/ul>\n\n\n\n<h2 class=\"wp-block-heading\">Suomalainen musiikkikampus<\/h2>\n\n\n\n<p>Osoite on Pitk\u00e4katu 18 &#8211; 22.<\/p>\n\n\n\n<ul class=\"wp-block-list\">\n<li>Musiikkikampuksen tunnus on P18<\/li>\n\n\n\n<li>Kampuksella on kerroksia P &#8211; 2<\/li>\n\n\n\n<li>Esimerkiksi P18_118 = Musiikkikampus, 1. kerros, tila 118.<\/li>\n<\/ul>\n","protected":false},"excerpt":{"rendered":"<p>N\u00e4et lukuj\u00e4rjestyksesi Pepiss\u00e4, ja tilakoodi kertoo, mill\u00e4 kampuksella, miss\u00e4 siivess\u00e4 ja miss\u00e4 kerroksessa tilasi on. Tuudo-sovellus n\u00e4ytt\u00e4\u00e4 kartalta, miss\u00e4 kerroksessa ja miss\u00e4 osassa siipe\u00e4 luokka on. Jos olet antanut sovellukselle oikeuden tarkkaan sijaintitietoon, n\u00e4et itsesi my\u00f6s kartalla. Tilakoodi alkaa aina rakennuksen koodilla. Sen j\u00e4lkeen tulee mahdollinen siipi, kerros ja viimeisen\u00e4 tilan numero. P\u00e4\u00e4kampus\u200b P\u00e4\u00e4kampus sijaitsee [&hellip;]<\/p>\n","protected":false},"author":76,"featured_media":0,"parent":2562,"menu_order":1,"comment_status":"closed","ping_status":"closed","template":"","meta":{"_acf_changed":false,"_relevanssi_hide_post":"","_relevanssi_hide_content":"","_relevanssi_pin_for_all":"","_relevanssi_pin_keywords":"","_relevanssi_unpin_keywords":"","_relevanssi_related_keywords":"","_relevanssi_related_include_ids":"","_relevanssi_related_exclude_ids":"","_relevanssi_related_no_append":"","_relevanssi_related_not_related":"","_relevanssi_related_posts":"","_relevanssi_noindex_reason":"","footnotes":""},"categories":[1],"tags":[],"class_list":["post-2613","page","type-page","status-publish","hentry","category-uncategorised"],"acf":[],"yoast_head":"<!-- This site is optimized with the Yoast SEO plugin v27.3 - https:\/\/yoast.com\/product\/yoast-seo-wordpress\/ -->\n<title>Kampusten tilat Pepiss\u00e4 - Peppi<\/title>\n<meta name=\"robots\" content=\"index, follow, max-snippet:-1, max-image-preview:large, max-video-preview:-1\" \/>\n<link rel=\"canonical\" href=\"https:\/\/help.jamk.fi\/peppi\/fi\/kalenteri\/tilavaraukset\/kampusten-tilat-pepissa\/\" \/>\n<meta property=\"og:locale\" content=\"fi_FI\" \/>\n<meta property=\"og:type\" content=\"article\" \/>\n<meta property=\"og:title\" content=\"Kampusten tilat Pepiss\u00e4 - Peppi\" \/>\n<meta property=\"og:description\" content=\"N\u00e4et lukuj\u00e4rjestyksesi Pepiss\u00e4, ja tilakoodi kertoo, mill\u00e4 kampuksella, miss\u00e4 siivess\u00e4 ja miss\u00e4 kerroksessa tilasi on. Tuudo-sovellus n\u00e4ytt\u00e4\u00e4 kartalta, miss\u00e4 kerroksessa ja miss\u00e4 osassa siipe\u00e4 luokka on. Jos olet antanut sovellukselle oikeuden tarkkaan sijaintitietoon, n\u00e4et itsesi my\u00f6s kartalla. Tilakoodi alkaa aina rakennuksen koodilla. Sen j\u00e4lkeen tulee mahdollinen siipi, kerros ja viimeisen\u00e4 tilan numero. P\u00e4\u00e4kampus\u200b P\u00e4\u00e4kampus sijaitsee [&hellip;]\" \/>\n<meta property=\"og:url\" content=\"https:\/\/help.jamk.fi\/peppi\/fi\/kalenteri\/tilavaraukset\/kampusten-tilat-pepissa\/\" \/>\n<meta property=\"og:site_name\" content=\"Peppi\" \/>\n<meta property=\"article:modified_time\" content=\"2024-08-19T13:15:44+00:00\" \/>\n<meta name=\"twitter:card\" content=\"summary_large_image\" \/>\n<meta name=\"twitter:label1\" content=\"Arvioitu lukuaika\" \/>\n\t<meta name=\"twitter:data1\" content=\"2 minuuttia\" \/>\n<script type=\"application\/ld+json\" class=\"yoast-schema-graph\">{\"@context\":\"https:\\\/\\\/schema.org\",\"@graph\":[{\"@type\":\"WebPage\",\"@id\":\"https:\\\/\\\/help.jamk.fi\\\/peppi\\\/fi\\\/kalenteri\\\/tilavaraukset\\\/kampusten-tilat-pepissa\\\/\",\"url\":\"https:\\\/\\\/help.jamk.fi\\\/peppi\\\/fi\\\/kalenteri\\\/tilavaraukset\\\/kampusten-tilat-pepissa\\\/\",\"name\":\"Kampusten tilat Pepiss\u00e4 - Peppi\",\"isPartOf\":{\"@id\":\"https:\\\/\\\/help.jamk.fi\\\/peppi\\\/#website\"},\"datePublished\":\"2021-05-18T09:36:26+00:00\",\"dateModified\":\"2024-08-19T13:15:44+00:00\",\"breadcrumb\":{\"@id\":\"https:\\\/\\\/help.jamk.fi\\\/peppi\\\/fi\\\/kalenteri\\\/tilavaraukset\\\/kampusten-tilat-pepissa\\\/#breadcrumb\"},\"inLanguage\":\"fi\",\"potentialAction\":[{\"@type\":\"ReadAction\",\"target\":[\"https:\\\/\\\/help.jamk.fi\\\/peppi\\\/fi\\\/kalenteri\\\/tilavaraukset\\\/kampusten-tilat-pepissa\\\/\"]}]},{\"@type\":\"BreadcrumbList\",\"@id\":\"https:\\\/\\\/help.jamk.fi\\\/peppi\\\/fi\\\/kalenteri\\\/tilavaraukset\\\/kampusten-tilat-pepissa\\\/#breadcrumb\",\"itemListElement\":[{\"@type\":\"ListItem\",\"position\":1,\"name\":\"Home\",\"item\":\"https:\\\/\\\/help.jamk.fi\\\/peppi\\\/fi\\\/\"},{\"@type\":\"ListItem\",\"position\":2,\"name\":\"Kalenteri\",\"item\":\"https:\\\/\\\/help.jamk.fi\\\/peppi\\\/fi\\\/kalenteri\\\/\"},{\"@type\":\"ListItem\",\"position\":3,\"name\":\"Tilavarauksien selailu ja kalenteriasetukset\",\"item\":\"https:\\\/\\\/help.jamk.fi\\\/peppi\\\/fi\\\/kalenteri\\\/tilavaraukset\\\/\"},{\"@type\":\"ListItem\",\"position\":4,\"name\":\"Kampusten tilat Pepiss\u00e4\"}]},{\"@type\":\"WebSite\",\"@id\":\"https:\\\/\\\/help.jamk.fi\\\/peppi\\\/#website\",\"url\":\"https:\\\/\\\/help.jamk.fi\\\/peppi\\\/\",\"name\":\"Peppi\",\"description\":\"\",\"potentialAction\":[{\"@type\":\"SearchAction\",\"target\":{\"@type\":\"EntryPoint\",\"urlTemplate\":\"https:\\\/\\\/help.jamk.fi\\\/peppi\\\/?s={search_term_string}\"},\"query-input\":{\"@type\":\"PropertyValueSpecification\",\"valueRequired\":true,\"valueName\":\"search_term_string\"}}],\"inLanguage\":\"fi\"}]}<\/script>\n<!-- \/ Yoast SEO plugin. -->","yoast_head_json":{"title":"Kampusten tilat Pepiss\u00e4 - Peppi","robots":{"index":"index","follow":"follow","max-snippet":"max-snippet:-1","max-image-preview":"max-image-preview:large","max-video-preview":"max-video-preview:-1"},"canonical":"https:\/\/help.jamk.fi\/peppi\/fi\/kalenteri\/tilavaraukset\/kampusten-tilat-pepissa\/","og_locale":"fi_FI","og_type":"article","og_title":"Kampusten tilat Pepiss\u00e4 - Peppi","og_description":"N\u00e4et lukuj\u00e4rjestyksesi Pepiss\u00e4, ja tilakoodi kertoo, mill\u00e4 kampuksella, miss\u00e4 siivess\u00e4 ja miss\u00e4 kerroksessa tilasi on. Tuudo-sovellus n\u00e4ytt\u00e4\u00e4 kartalta, miss\u00e4 kerroksessa ja miss\u00e4 osassa siipe\u00e4 luokka on. Jos olet antanut sovellukselle oikeuden tarkkaan sijaintitietoon, n\u00e4et itsesi my\u00f6s kartalla. Tilakoodi alkaa aina rakennuksen koodilla. Sen j\u00e4lkeen tulee mahdollinen siipi, kerros ja viimeisen\u00e4 tilan numero. P\u00e4\u00e4kampus\u200b P\u00e4\u00e4kampus sijaitsee [&hellip;]","og_url":"https:\/\/help.jamk.fi\/peppi\/fi\/kalenteri\/tilavaraukset\/kampusten-tilat-pepissa\/","og_site_name":"Peppi","article_modified_time":"2024-08-19T13:15:44+00:00","twitter_card":"summary_large_image","twitter_misc":{"Arvioitu lukuaika":"2 minuuttia"},"schema":{"@context":"https:\/\/schema.org","@graph":[{"@type":"WebPage","@id":"https:\/\/help.jamk.fi\/peppi\/fi\/kalenteri\/tilavaraukset\/kampusten-tilat-pepissa\/","url":"https:\/\/help.jamk.fi\/peppi\/fi\/kalenteri\/tilavaraukset\/kampusten-tilat-pepissa\/","name":"Kampusten tilat Pepiss\u00e4 - Peppi","isPartOf":{"@id":"https:\/\/help.jamk.fi\/peppi\/#website"},"datePublished":"2021-05-18T09:36:26+00:00","dateModified":"2024-08-19T13:15:44+00:00","breadcrumb":{"@id":"https:\/\/help.jamk.fi\/peppi\/fi\/kalenteri\/tilavaraukset\/kampusten-tilat-pepissa\/#breadcrumb"},"inLanguage":"fi","potentialAction":[{"@type":"ReadAction","target":["https:\/\/help.jamk.fi\/peppi\/fi\/kalenteri\/tilavaraukset\/kampusten-tilat-pepissa\/"]}]},{"@type":"BreadcrumbList","@id":"https:\/\/help.jamk.fi\/peppi\/fi\/kalenteri\/tilavaraukset\/kampusten-tilat-pepissa\/#breadcrumb","itemListElement":[{"@type":"ListItem","position":1,"name":"Home","item":"https:\/\/help.jamk.fi\/peppi\/fi\/"},{"@type":"ListItem","position":2,"name":"Kalenteri","item":"https:\/\/help.jamk.fi\/peppi\/fi\/kalenteri\/"},{"@type":"ListItem","position":3,"name":"Tilavarauksien selailu ja kalenteriasetukset","item":"https:\/\/help.jamk.fi\/peppi\/fi\/kalenteri\/tilavaraukset\/"},{"@type":"ListItem","position":4,"name":"Kampusten tilat Pepiss\u00e4"}]},{"@type":"WebSite","@id":"https:\/\/help.jamk.fi\/peppi\/#website","url":"https:\/\/help.jamk.fi\/peppi\/","name":"Peppi","description":"","potentialAction":[{"@type":"SearchAction","target":{"@type":"EntryPoint","urlTemplate":"https:\/\/help.jamk.fi\/peppi\/?s={search_term_string}"},"query-input":{"@type":"PropertyValueSpecification","valueRequired":true,"valueName":"search_term_string"}}],"inLanguage":"fi"}]}},"_links":{"self":[{"href":"https:\/\/help.jamk.fi\/peppi\/wp-json\/wp\/v2\/pages\/2613","targetHints":{"allow":["GET"]}}],"collection":[{"href":"https:\/\/help.jamk.fi\/peppi\/wp-json\/wp\/v2\/pages"}],"about":[{"href":"https:\/\/help.jamk.fi\/peppi\/wp-json\/wp\/v2\/types\/page"}],"author":[{"embeddable":true,"href":"https:\/\/help.jamk.fi\/peppi\/wp-json\/wp\/v2\/users\/76"}],"replies":[{"embeddable":true,"href":"https:\/\/help.jamk.fi\/peppi\/wp-json\/wp\/v2\/comments?post=2613"}],"version-history":[{"count":4,"href":"https:\/\/help.jamk.fi\/peppi\/wp-json\/wp\/v2\/pages\/2613\/revisions"}],"predecessor-version":[{"id":3303,"href":"https:\/\/help.jamk.fi\/peppi\/wp-json\/wp\/v2\/pages\/2613\/revisions\/3303"}],"up":[{"embeddable":true,"href":"https:\/\/help.jamk.fi\/peppi\/wp-json\/wp\/v2\/pages\/2562"}],"wp:attachment":[{"href":"https:\/\/help.jamk.fi\/peppi\/wp-json\/wp\/v2\/media?parent=2613"}],"wp:term":[{"taxonomy":"category","embeddable":true,"href":"https:\/\/help.jamk.fi\/peppi\/wp-json\/wp\/v2\/categories?post=2613"},{"taxonomy":"post_tag","embeddable":true,"href":"https:\/\/help.jamk.fi\/peppi\/wp-json\/wp\/v2\/tags?post=2613"}],"curies":[{"name":"wp","href":"https:\/\/api.w.org\/{rel}","templated":true}]}}