{"id":2615,"date":"2021-05-26T14:02:28","date_gmt":"2021-05-26T11:02:28","guid":{"rendered":"https:\/\/help.jamk.fi\/peppi\/saavutettavuusseloste\/"},"modified":"2025-02-11T10:14:23","modified_gmt":"2025-02-11T08:14:23","slug":"saavutettavuusseloste","status":"publish","type":"page","link":"https:\/\/help.jamk.fi\/peppi\/fi\/saavutettavuusseloste\/","title":{"rendered":"Pepin saavutettavuusseloste"},"content":{"rendered":"\n<p>Jyv\u00e4skyl\u00e4n ammattikorkeakoulu pyrkii takaamaan Peppi &#8211; opiskelijan ty\u00f6p\u00f6yd\u00e4n saavutettavuuden <a href=\"https:\/\/www.finlex.fi\/fi\/laki\/alkup\/2019\/20190306\">Lain digitaalisten palvelujen tarjoamisesta 306\/2019<\/a> mukaisesti.<\/p>\n\n\n\n<p>T\u00e4m\u00e4 saavutettavuusseloste koskee Peppi &#8211; opiskelijan ty\u00f6p\u00f6yt\u00e4 -verkkopalvelun saavutettavuutta (opiskelija.peppi.jamk.fi).<\/p>\n\n\n\n<h2 class=\"wp-block-heading\">Saavutettavuuden tila<\/h2>\n\n\n\n<p>T\u00e4m\u00e4 palvelu t\u00e4ytt\u00e4\u00e4 Verkkosis\u00e4ll\u00f6n saavutettavuusohjeiden (WCAG) 2.1 tason AA vaatimukset osittain. Vaatimusten noudattamatta j\u00e4tt\u00e4miset mainitaan j\u00e4ljemp\u00e4n\u00e4.<\/p>\n\n\n\n<h2 class=\"wp-block-heading\">Ei-saavutettava sis\u00e4lt\u00f6<\/h2>\n\n\n\n<p>J\u00e4ljemp\u00e4n\u00e4 mainittu sis\u00e4lt\u00f6 ei ole saavutettavissa seuraavista syist\u00e4. Mainittuja asioita on parannettu Peppi-j\u00e4rjestelm\u00e4n versiossa 4.5.0 maaliskuussa 2023, mutta mainituissa sis\u00e4ll\u00f6iss\u00e4 voi kuitenkin olla viel\u00e4 joitain kohtia, jotka eiv\u00e4t ole saavutettavissa.<\/p>\n\n\n\n<p>Lain digitaalisten palvelujen tarjoamisesta 306\/2019 noudattamatta j\u00e4tt\u00e4minen<\/p>\n\n\n\n<ul class=\"wp-block-list\">\n<li>N\u00e4pp\u00e4imist\u00f6navigointi\n<ul class=\"wp-block-list\">\n<li>Palvelun kaikkiin elementteihin ei p\u00e4\u00e4se tai niit\u00e4 ei pysty k\u00e4ytt\u00e4m\u00e4\u00e4n pelkk\u00e4\u00e4 n\u00e4pp\u00e4imist\u00f6\u00e4 k\u00e4ytt\u00e4en (WCAG 2.1.1).<\/li>\n<\/ul>\n<\/li>\n\n\n\n<li>Aikaraja\n<ul class=\"wp-block-list\">\n<li>K\u00e4ytt\u00e4j\u00e4 kirjataan ulos palvelusta ilman erillist\u00e4 ilmoitusta aikarajan t\u00e4ytytty\u00e4 eik\u00e4 k\u00e4ytt\u00e4j\u00e4lle anneta mahdollisuutta jatkaa k\u00e4ytt\u00f6\u00e4 erillisell\u00e4 ilmoituksella (WCAG 2.2.1).<\/li>\n<\/ul>\n<\/li>\n\n\n\n<li>Kontrastit\n<ul class=\"wp-block-list\">\n<li>Palvelussa on ajoittain k\u00e4ytetty teksti\u00e4, joka ei erotu taustasta riitt\u00e4vill\u00e4 kontrastivaatimuksilla (WCAG 1.4.3).<\/li>\n<\/ul>\n<\/li>\n\n\n\n<li>V\u00e4rien k\u00e4ytt\u00f6\n<ul class=\"wp-block-list\">\n<li>V\u00e4ri\u00e4 on joissain tapauksissa (esim. jotkin linkkitekstit sek\u00e4 ikonit) k\u00e4ytetty ainoana keinona erottaa eri elementtej\u00e4 toisistaan, eiv\u00e4tk\u00e4 v\u00e4rit t\u00e4ll\u00f6in aina t\u00e4yt\u00e4 my\u00f6sk\u00e4\u00e4n kontrastivaatimuksia (WCAG 1.4.1, 1.4.11).<\/li>\n<\/ul>\n<\/li>\n\n\n\n<li>Sis\u00e4lt\u00f6 osoitettaessa tai kohdistettaessa\n<ul class=\"wp-block-list\">\n<li>Palvelussa on sis\u00e4lt\u00f6\u00e4, joka avautuu automaattisesti osoittimen kohdistuksesta eik\u00e4 sit\u00e4 v\u00e4ltt\u00e4m\u00e4tt\u00e4 saa piiloon siirt\u00e4m\u00e4tt\u00e4 kohdistinta (WCAG 1.4.13).<\/li>\n<\/ul>\n<\/li>\n\n\n\n<li>Kielim\u00e4\u00e4ritys\n<ul class=\"wp-block-list\">\n<li>Kirjautumissivun kielt\u00e4 ei ole m\u00e4\u00e4ritetty lainkaan (WCAG 3.1.1).<\/li>\n<\/ul>\n<\/li>\n\n\n\n<li>Sivujen otsikot (title)\n<ul class=\"wp-block-list\">\n<li>Sivujen otsikot ovat ajoittain ep\u00e4selvi\u00e4 tai ne eiv\u00e4t ole yksil\u00f6llisi\u00e4 eri sivuille (WCAG 2.4.2).<\/li>\n<\/ul>\n<\/li>\n\n\n\n<li>Otsikot\n<ul class=\"wp-block-list\">\n<li>Kaikkia palvelun otsikoita ei ole merkitty ohjelmallisesti oikein otsikkotasoin (&lt;h1>, &lt;h2> jne.), mik\u00e4 hankaloittaa sivujen hahmottamista ruudunlukijalla (WCAG 1.3.1).<\/li>\n<\/ul>\n<\/li>\n\n\n\n<li>Tekstivastineet\n<ul class=\"wp-block-list\">\n<li>Kaikille palvelun kuville ja kuvaajille ei ole m\u00e4\u00e4ritelty oikeaoppista tekstivastinetta (WCAG 1.1.1).<\/li>\n<\/ul>\n<\/li>\n\n\n\n<li>Linkkien merkinn\u00e4t\n<ul class=\"wp-block-list\">\n<li>Linkkien merkinn\u00f6iss\u00e4 on ajoittain puutteita, jolloin ruudunlukijan k\u00e4ytt\u00e4j\u00e4 ei tied\u00e4 linkin kohdetta tai tarkoitusta. Jotkin elementit saattavat my\u00f6s olla ohjelmallisesti linkkej\u00e4, vaikkeiv\u00e4t ne viek\u00e4\u00e4n minnek\u00e4\u00e4n (WCAG 1.3.1, 2.4.4).<\/li>\n<\/ul>\n<\/li>\n\n\n\n<li>Painikkeet\n<ul class=\"wp-block-list\">\n<li>Kaikkia painikkeita ei ole nimetty kuvaavasti, jotta ruudunlukijan k\u00e4ytt\u00e4j\u00e4 tiet\u00e4isi, mit\u00e4 niist\u00e4 tapahtuu (WCAG 4.1.2).<\/li>\n<\/ul>\n<\/li>\n\n\n\n<li>Aria-haspopup\n<ul class=\"wp-block-list\">\n<li>Palvelussa on k\u00e4ytetty runsaasti aria-haspopup-attribuuttia, mik\u00e4 ei ole virhe, mutta kyseinen attribuutti ei ole kaikkien ruudunlukijoiden yleisesti tukema merkint\u00e4tapa. T\u00e4m\u00e4 saattaa aiheuttaa n\u00e4ill\u00e4 ruudunlukijoilla joissain elementeiss\u00e4 virheellisi\u00e4 tai h\u00e4mment\u00e4vi\u00e4 tulkintatapoja (esim. modaalin avaava painike on \u201cvalikkopainike alivalikko\u201d). (WCAG 4.1.2, yleinen saavutettavuus)<\/li>\n<\/ul>\n<\/li>\n\n\n\n<li>Pudotusvalikot\n<ul class=\"wp-block-list\">\n<li>Pudotusvalikoiden ohjelmallisessa toteutuksessa on puutteita, jotka tekev\u00e4t niiden k\u00e4yt\u00f6st\u00e4 ruudunlukijalla hankalaa ja\/tai ep\u00e4selv\u00e4\u00e4 (WCAG 3.2.2, 4.1.2).<\/li>\n<\/ul>\n<\/li>\n\n\n\n<li>Yhdistelm\u00e4ruudut (combo box)\n<ul class=\"wp-block-list\">\n<li>Yhdistelm\u00e4ruutuja ei ole toteutettu ohjelmallisesti oikein, esim. niiden nimi, rooli ja arvo ovat ep\u00e4selkeit\u00e4 ruudunlukijalla. Hakukent\u00e4n ja valittujen arvojen suhde j\u00e4\u00e4 my\u00f6s helposti ep\u00e4selv\u00e4ksi. (WCAG 1.3.1, 2.1.1, 3.2.1, 3.2.2, 4.1.2)<\/li>\n<\/ul>\n<\/li>\n\n\n\n<li>V\u00e4litt\u00f6m\u00e4sti muuttuva sis\u00e4lt\u00f6\n<ul class=\"wp-block-list\">\n<li>Joidenkin k\u00e4ytt\u00f6liittym\u00e4komponenttien arvon vaihtaminen muuttaa v\u00e4litt\u00f6m\u00e4sti sis\u00e4lt\u00f6\u00e4, mist\u00e4 ei ilmoiteta etuk\u00e4teen k\u00e4ytt\u00e4j\u00e4lle (WCAG 3.2.2). <\/li>\n<\/ul>\n<\/li>\n\n\n\n<li>Lomake-elementit\n<ul class=\"wp-block-list\">\n<li>Kenttien nimilappujen (label) ohjelmallisessa toteutuksessa on paikoin puutteita (WCAG 1.3.1).<\/li>\n\n\n\n<li>Virheilmoitusten lukemisessa on ajoittain puutteita (WCAG 3.3.1, 3.3.2, 3.3.3, 4.1.3).<\/li>\n\n\n\n<li>Palautteita ei aina v\u00e4litet\u00e4 oikeaoppisesti ruudunlukijalle (WCAG 4.1.3).<\/li>\n<\/ul>\n<\/li>\n\n\n\n<li>Taulukot\n<ul class=\"wp-block-list\">\n<li>Kaikkia palvelun taulukoita ei ole toteutettu ohjelmallisesti oikein (esim. visuaalinen taulukko ei ole ohjelmallisesti taulukko, sarakeotsikoita puuttuu tai taulukon rakenteet lukeutuvat ep\u00e4selv\u00e4sti), jolloin niiden hahmottaminen ruudunlukijalla voi olla hankalaa. My\u00f6s mobiilik\u00e4yt\u00f6ss\u00e4 taulukoiden k\u00e4yt\u00f6ss\u00e4 voi esiinty\u00e4 puutteita skaalautumisongelmien vuoksi. (WCAG 1.3.1, 1.4.10, 4.1.2)<\/li>\n<\/ul>\n<\/li>\n\n\n\n<li>Kalenteritaulukko\n<ul class=\"wp-block-list\">\n<li>Kalenteritaulukon ohjelmallisissa toteutuksessa on puutteita, jotka tekev\u00e4t sen k\u00e4yt\u00f6st\u00e4 hankalaa ruudunlukijoilla (WCAG 1.3.1, 2.1.1).<\/li>\n<\/ul>\n<\/li>\n\n\n\n<li>Nykyinen sivu\n<ul class=\"wp-block-list\">\n<li>Nykyisi\u00e4 sivuja tai v\u00e4lilehti\u00e4 ei aina ole merkitty ohjelmallisesti (WCAG 1.3.1).<\/li>\n<\/ul>\n<\/li>\n\n\n\n<li>Rikastekstieditori\n<ul class=\"wp-block-list\">\n<li>Rikastekstieditorin (rich text editor) k\u00e4ytt\u00f6 on hankalaa erityisesti ruudunlukijalla ohjelmallisen toteutuksen puutteiden takia (WCAG 1.3.1, 3.1.2, 4.1.2).<\/li>\n<\/ul>\n<\/li>\n\n\n\n<li>PDF-tiedostot\n<ul class=\"wp-block-list\">\n<li>Palvelusta ladattavissa PDF-tiedostoissa on useita saavutettavuushaasteita (WCAG 1.3.1, 1.3.2).<\/li>\n<\/ul>\n<\/li>\n<\/ul>\n\n\n\n<h3 class=\"wp-block-heading\">T\u00e4m\u00e4n saavutettavuusselosteen laatiminen<\/h3>\n\n\n\n<p>T\u00e4m\u00e4 seloste on laadittu 30.10.2023.<\/p>\n\n\n\n<p>Selostetta tarkistettiin viimeksi 11.2.2025.<\/p>\n\n\n\n<h2 class=\"wp-block-heading\">Palaute ja yhteystiedot<\/h2>\n\n\n\n<p>Huomasitko saavutettavuuspuutteen? Voit ilmoittaa siit\u00e4 meille ja antaa saavutettavuuteen liittyv\u00e4\u00e4 palautetta <a href=\"https:\/\/help.jamk.fi\/fi\/saavutettavuuspalaute\/\">lomakkeella<\/a>.<\/p>\n\n\n\n<h2 class=\"wp-block-heading\">Valvontaviranomainen<\/h2>\n\n\n\n<p>Jos huomaat sivustolla saavutettavuusongelmia, anna ensin palautetta sivuston yll\u00e4pit\u00e4j\u00e4lle. Vastauksessa voi menn\u00e4 14 p\u00e4iv\u00e4\u00e4. Jos et ole tyytyv\u00e4inen saamaasi vastaukseen tai et saa vastausta lainkaan kahden viikon aikana, voit antaa palautteen Liikenne- ja viestint\u00e4virasto Traficomiin.<\/p>\n\n\n\n<h3 class=\"wp-block-heading\">Valvontaviranomaisen yhteystiedot<\/h3>\n\n\n\n<p>Liikenne- ja viestint\u00e4virasto Traficom<br>Digitaalisen esteett\u00f6myyden ja saavutettavuuden valvontayksikk\u00f6<br><a href=\"https:\/\/www.saavutettavuusvaatimukset.fi\">www.saavutettavuusvaatimukset.fi<\/a><br><a href=\"mailto:saavutettavuus@traficom.fi\">saavutettavuus@traficom.fi<\/a><br>puhelinnumero vaihde 029 534 5000<\/p>\n","protected":false},"excerpt":{"rendered":"<p>Jyv\u00e4skyl\u00e4n ammattikorkeakoulu pyrkii takaamaan Peppi &#8211; opiskelijan ty\u00f6p\u00f6yd\u00e4n saavutettavuuden Lain digitaalisten palvelujen tarjoamisesta 306\/2019 mukaisesti. T\u00e4m\u00e4 saavutettavuusseloste koskee Peppi &#8211; opiskelijan ty\u00f6p\u00f6yt\u00e4 -verkkopalvelun saavutettavuutta (opiskelija.peppi.jamk.fi). Saavutettavuuden tila T\u00e4m\u00e4 palvelu t\u00e4ytt\u00e4\u00e4 Verkkosis\u00e4ll\u00f6n saavutettavuusohjeiden (WCAG) 2.1 tason AA vaatimukset osittain. Vaatimusten noudattamatta j\u00e4tt\u00e4miset mainitaan j\u00e4ljemp\u00e4n\u00e4. Ei-saavutettava sis\u00e4lt\u00f6 J\u00e4ljemp\u00e4n\u00e4 mainittu sis\u00e4lt\u00f6 ei ole saavutettavissa seuraavista syist\u00e4. Mainittuja asioita [&hellip;]<\/p>\n","protected":false},"author":79,"featured_media":0,"parent":0,"menu_order":9,"comment_status":"closed","ping_status":"closed","template":"","meta":{"_acf_changed":false,"_relevanssi_hide_post":"","_relevanssi_hide_content":"","_relevanssi_pin_for_all":"","_relevanssi_pin_keywords":"","_relevanssi_unpin_keywords":"","_relevanssi_related_keywords":"","_relevanssi_related_include_ids":"","_relevanssi_related_exclude_ids":"","_relevanssi_related_no_append":"","_relevanssi_related_not_related":"","_relevanssi_related_posts":"","_relevanssi_noindex_reason":"","footnotes":""},"categories":[1],"tags":[],"class_list":["post-2615","page","type-page","status-publish","hentry","category-uncategorised"],"acf":[],"yoast_head":"<!-- This site is optimized with the Yoast SEO plugin v27.3 - https:\/\/yoast.com\/product\/yoast-seo-wordpress\/ -->\n<title>Pepin saavutettavuusseloste - Peppi<\/title>\n<meta name=\"robots\" content=\"index, follow, max-snippet:-1, max-image-preview:large, max-video-preview:-1\" \/>\n<link rel=\"canonical\" href=\"https:\/\/help.jamk.fi\/peppi\/fi\/saavutettavuusseloste\/\" \/>\n<meta property=\"og:locale\" content=\"fi_FI\" \/>\n<meta property=\"og:type\" content=\"article\" \/>\n<meta property=\"og:title\" content=\"Pepin saavutettavuusseloste - Peppi\" \/>\n<meta property=\"og:description\" content=\"Jyv\u00e4skyl\u00e4n ammattikorkeakoulu pyrkii takaamaan Peppi &#8211; opiskelijan ty\u00f6p\u00f6yd\u00e4n saavutettavuuden Lain digitaalisten palvelujen tarjoamisesta 306\/2019 mukaisesti. T\u00e4m\u00e4 saavutettavuusseloste koskee Peppi &#8211; opiskelijan ty\u00f6p\u00f6yt\u00e4 -verkkopalvelun saavutettavuutta (opiskelija.peppi.jamk.fi). Saavutettavuuden tila T\u00e4m\u00e4 palvelu t\u00e4ytt\u00e4\u00e4 Verkkosis\u00e4ll\u00f6n saavutettavuusohjeiden (WCAG) 2.1 tason AA vaatimukset osittain. Vaatimusten noudattamatta j\u00e4tt\u00e4miset mainitaan j\u00e4ljemp\u00e4n\u00e4. Ei-saavutettava sis\u00e4lt\u00f6 J\u00e4ljemp\u00e4n\u00e4 mainittu sis\u00e4lt\u00f6 ei ole saavutettavissa seuraavista syist\u00e4. Mainittuja asioita [&hellip;]\" \/>\n<meta property=\"og:url\" content=\"https:\/\/help.jamk.fi\/peppi\/fi\/saavutettavuusseloste\/\" \/>\n<meta property=\"og:site_name\" content=\"Peppi\" \/>\n<meta property=\"article:modified_time\" content=\"2025-02-11T08:14:23+00:00\" \/>\n<meta name=\"twitter:card\" content=\"summary_large_image\" \/>\n<meta name=\"twitter:label1\" content=\"Arvioitu lukuaika\" \/>\n\t<meta name=\"twitter:data1\" content=\"4 minuuttia\" \/>\n<script type=\"application\/ld+json\" class=\"yoast-schema-graph\">{\"@context\":\"https:\\\/\\\/schema.org\",\"@graph\":[{\"@type\":\"WebPage\",\"@id\":\"https:\\\/\\\/help.jamk.fi\\\/peppi\\\/fi\\\/saavutettavuusseloste\\\/\",\"url\":\"https:\\\/\\\/help.jamk.fi\\\/peppi\\\/fi\\\/saavutettavuusseloste\\\/\",\"name\":\"Pepin saavutettavuusseloste - Peppi\",\"isPartOf\":{\"@id\":\"https:\\\/\\\/help.jamk.fi\\\/peppi\\\/#website\"},\"datePublished\":\"2021-05-26T11:02:28+00:00\",\"dateModified\":\"2025-02-11T08:14:23+00:00\",\"breadcrumb\":{\"@id\":\"https:\\\/\\\/help.jamk.fi\\\/peppi\\\/fi\\\/saavutettavuusseloste\\\/#breadcrumb\"},\"inLanguage\":\"fi\",\"potentialAction\":[{\"@type\":\"ReadAction\",\"target\":[\"https:\\\/\\\/help.jamk.fi\\\/peppi\\\/fi\\\/saavutettavuusseloste\\\/\"]}]},{\"@type\":\"BreadcrumbList\",\"@id\":\"https:\\\/\\\/help.jamk.fi\\\/peppi\\\/fi\\\/saavutettavuusseloste\\\/#breadcrumb\",\"itemListElement\":[{\"@type\":\"ListItem\",\"position\":1,\"name\":\"Home\",\"item\":\"https:\\\/\\\/help.jamk.fi\\\/peppi\\\/fi\\\/\"},{\"@type\":\"ListItem\",\"position\":2,\"name\":\"Pepin saavutettavuusseloste\"}]},{\"@type\":\"WebSite\",\"@id\":\"https:\\\/\\\/help.jamk.fi\\\/peppi\\\/#website\",\"url\":\"https:\\\/\\\/help.jamk.fi\\\/peppi\\\/\",\"name\":\"Peppi\",\"description\":\"\",\"potentialAction\":[{\"@type\":\"SearchAction\",\"target\":{\"@type\":\"EntryPoint\",\"urlTemplate\":\"https:\\\/\\\/help.jamk.fi\\\/peppi\\\/?s={search_term_string}\"},\"query-input\":{\"@type\":\"PropertyValueSpecification\",\"valueRequired\":true,\"valueName\":\"search_term_string\"}}],\"inLanguage\":\"fi\"}]}<\/script>\n<!-- \/ Yoast SEO plugin. -->","yoast_head_json":{"title":"Pepin saavutettavuusseloste - Peppi","robots":{"index":"index","follow":"follow","max-snippet":"max-snippet:-1","max-image-preview":"max-image-preview:large","max-video-preview":"max-video-preview:-1"},"canonical":"https:\/\/help.jamk.fi\/peppi\/fi\/saavutettavuusseloste\/","og_locale":"fi_FI","og_type":"article","og_title":"Pepin saavutettavuusseloste - Peppi","og_description":"Jyv\u00e4skyl\u00e4n ammattikorkeakoulu pyrkii takaamaan Peppi &#8211; opiskelijan ty\u00f6p\u00f6yd\u00e4n saavutettavuuden Lain digitaalisten palvelujen tarjoamisesta 306\/2019 mukaisesti. T\u00e4m\u00e4 saavutettavuusseloste koskee Peppi &#8211; opiskelijan ty\u00f6p\u00f6yt\u00e4 -verkkopalvelun saavutettavuutta (opiskelija.peppi.jamk.fi). Saavutettavuuden tila T\u00e4m\u00e4 palvelu t\u00e4ytt\u00e4\u00e4 Verkkosis\u00e4ll\u00f6n saavutettavuusohjeiden (WCAG) 2.1 tason AA vaatimukset osittain. Vaatimusten noudattamatta j\u00e4tt\u00e4miset mainitaan j\u00e4ljemp\u00e4n\u00e4. Ei-saavutettava sis\u00e4lt\u00f6 J\u00e4ljemp\u00e4n\u00e4 mainittu sis\u00e4lt\u00f6 ei ole saavutettavissa seuraavista syist\u00e4. Mainittuja asioita [&hellip;]","og_url":"https:\/\/help.jamk.fi\/peppi\/fi\/saavutettavuusseloste\/","og_site_name":"Peppi","article_modified_time":"2025-02-11T08:14:23+00:00","twitter_card":"summary_large_image","twitter_misc":{"Arvioitu lukuaika":"4 minuuttia"},"schema":{"@context":"https:\/\/schema.org","@graph":[{"@type":"WebPage","@id":"https:\/\/help.jamk.fi\/peppi\/fi\/saavutettavuusseloste\/","url":"https:\/\/help.jamk.fi\/peppi\/fi\/saavutettavuusseloste\/","name":"Pepin saavutettavuusseloste - Peppi","isPartOf":{"@id":"https:\/\/help.jamk.fi\/peppi\/#website"},"datePublished":"2021-05-26T11:02:28+00:00","dateModified":"2025-02-11T08:14:23+00:00","breadcrumb":{"@id":"https:\/\/help.jamk.fi\/peppi\/fi\/saavutettavuusseloste\/#breadcrumb"},"inLanguage":"fi","potentialAction":[{"@type":"ReadAction","target":["https:\/\/help.jamk.fi\/peppi\/fi\/saavutettavuusseloste\/"]}]},{"@type":"BreadcrumbList","@id":"https:\/\/help.jamk.fi\/peppi\/fi\/saavutettavuusseloste\/#breadcrumb","itemListElement":[{"@type":"ListItem","position":1,"name":"Home","item":"https:\/\/help.jamk.fi\/peppi\/fi\/"},{"@type":"ListItem","position":2,"name":"Pepin saavutettavuusseloste"}]},{"@type":"WebSite","@id":"https:\/\/help.jamk.fi\/peppi\/#website","url":"https:\/\/help.jamk.fi\/peppi\/","name":"Peppi","description":"","potentialAction":[{"@type":"SearchAction","target":{"@type":"EntryPoint","urlTemplate":"https:\/\/help.jamk.fi\/peppi\/?s={search_term_string}"},"query-input":{"@type":"PropertyValueSpecification","valueRequired":true,"valueName":"search_term_string"}}],"inLanguage":"fi"}]}},"_links":{"self":[{"href":"https:\/\/help.jamk.fi\/peppi\/wp-json\/wp\/v2\/pages\/2615","targetHints":{"allow":["GET"]}}],"collection":[{"href":"https:\/\/help.jamk.fi\/peppi\/wp-json\/wp\/v2\/pages"}],"about":[{"href":"https:\/\/help.jamk.fi\/peppi\/wp-json\/wp\/v2\/types\/page"}],"author":[{"embeddable":true,"href":"https:\/\/help.jamk.fi\/peppi\/wp-json\/wp\/v2\/users\/79"}],"replies":[{"embeddable":true,"href":"https:\/\/help.jamk.fi\/peppi\/wp-json\/wp\/v2\/comments?post=2615"}],"version-history":[{"count":6,"href":"https:\/\/help.jamk.fi\/peppi\/wp-json\/wp\/v2\/pages\/2615\/revisions"}],"predecessor-version":[{"id":3413,"href":"https:\/\/help.jamk.fi\/peppi\/wp-json\/wp\/v2\/pages\/2615\/revisions\/3413"}],"wp:attachment":[{"href":"https:\/\/help.jamk.fi\/peppi\/wp-json\/wp\/v2\/media?parent=2615"}],"wp:term":[{"taxonomy":"category","embeddable":true,"href":"https:\/\/help.jamk.fi\/peppi\/wp-json\/wp\/v2\/categories?post=2615"},{"taxonomy":"post_tag","embeddable":true,"href":"https:\/\/help.jamk.fi\/peppi\/wp-json\/wp\/v2\/tags?post=2615"}],"curies":[{"name":"wp","href":"https:\/\/api.w.org\/{rel}","templated":true}]}}