{"id":2617,"date":"2022-09-05T09:13:37","date_gmt":"2022-09-05T06:13:37","guid":{"rendered":"https:\/\/help.jamk.fi\/peppi\/kalenteri\/tiimiakatemian-varattavat-tilat\/"},"modified":"2024-01-19T16:29:36","modified_gmt":"2024-01-19T14:29:36","slug":"tiimiakatemian-varattavat-tilat","status":"publish","type":"page","link":"https:\/\/help.jamk.fi\/peppi\/fi\/kalenteri\/tiimiakatemian-varattavat-tilat\/","title":{"rendered":"Tiimiakatemian varattavat tilat"},"content":{"rendered":"\n<p>Tiimiakatemian opiskelijat ja henkil\u00f6kunta voivat varata Kankaan tiloja Pepist\u00e4. <a data-type=\"page\" data-id=\"1683\" href=\"https:\/\/help.jamk.fi\/peppi\/kalenteri\/tuudon-kalenteritoiminnot\/tilojen-qr-koodit\/\">Tiloja voi my\u00f6s varata ovien pieliss\u00e4 olevista QR-koodeista<\/a> tai <a data-type=\"page\" data-id=\"1693\" href=\"https:\/\/help.jamk.fi\/peppi\/kalenteri\/tuudon-kalenteritoiminnot\/tilojen-varaaminen-tuudosta\/\">varata suoraan Tuudosta<\/a>.<\/p>\n\n\n\n<p>Opiskelijat varaavat tilat Pepin etusivun Tilavaraukset-painikkeen kautta. Opettajat valitsevat Pepin etusivulta <em>Resurssien suunnittelu ja varaus<\/em> -toiminnon, josta valitsevat <em>Avaa oma kalenteri<\/em> -toiminnon.<\/p>\n\n\n\n<p>Tilat ovat:<\/p>\n\n\n\n<ul class=\"wp-block-list\">\n<li>Ky3_351 Huone 105 (Tiimiakatemia)<\/li>\n\n\n\n<li>Ky3_356 Hiljainen huone (Tiimiakatemia)<\/li>\n\n\n\n<li>Ky3_359 Rakettihuone (Tiimiakatemia)<\/li>\n\n\n\n<li>Ky3_360 Battlehuone (Tiimiakatemia)<\/li>\n\n\n\n<li>Ky3_361 Piinahuone (Tiimiakatemia)<\/li>\n\n\n\n<li>Ky3_362 Synnytyssali (Tiimiakatemia)<\/li>\n\n\n\n<li>Ky3_364 Ykk\u00f6nen (Tiimiakatemia)<\/li>\n\n\n\n<li>Ky3_365 Kakkonen (Tiimiakatemia)<\/li>\n\n\n\n<li>Ky3_366.1 Podcast (Tiimiakatemia)<\/li>\n\n\n\n<li>Ky3_373 Haippihuone (Tiimiakatemia)<\/li>\n<\/ul>\n\n\n\n<p>Tilat l\u00f6ytyv\u00e4t, kun kirjoitat Tilat-kohtaan Ky3 tai Tiimiakatemia:<\/p>\n\n\n\n<figure class=\"wp-block-image size-full\"><img loading=\"lazy\" decoding=\"async\" width=\"658\" height=\"385\" src=\"https:\/\/help.jamk.fi\/peppi\/wp-content\/uploads\/sites\/130\/2022\/09\/image.png\" alt=\"\" class=\"wp-image-1654\"\/><\/figure>\n\n\n\n<h2 class=\"wp-block-heading\">Varausohjeet<\/h2>\n\n\n\n<p><a href=\"https:\/\/help.jamk.fi\/peppi\/kalenteri\/tilavaraukset\/varausten-tekeminen\/\" data-type=\"page\" data-id=\"1103\">Tarkemmat ohjeet opiskelijoille tilojen varaamiseen ovat t\u00e4\u00e4ll\u00e4<\/a><\/p>\n\n\n\n<p><a href=\"https:\/\/help.jamk.fi\/peppi-ohjeet-henkilokunnalle\/resurssien-suunnittelu-ja-varaus\/varauksen-tekeminen\/\" data-type=\"URL\" data-id=\"https:\/\/help.jamk.fi\/peppi-ohjeet-henkilokunnalle\/resurssien-suunnittelu-ja-varaus\/varauksen-tekeminen\/\">Tarkemmat ohjeet opettajille tilojen varaamisen ovat t\u00e4\u00e4ll\u00e4<\/a><\/p>\n","protected":false},"excerpt":{"rendered":"<p>Tiimiakatemian opiskelijat ja henkil\u00f6kunta voivat varata Kankaan tiloja Pepist\u00e4. Tiloja voi my\u00f6s varata ovien pieliss\u00e4 olevista QR-koodeista tai varata suoraan Tuudosta. Opiskelijat varaavat tilat Pepin etusivun Tilavaraukset-painikkeen kautta. Opettajat valitsevat Pepin etusivulta Resurssien suunnittelu ja varaus -toiminnon, josta valitsevat Avaa oma kalenteri -toiminnon. Tilat ovat: Tilat l\u00f6ytyv\u00e4t, kun kirjoitat Tilat-kohtaan Ky3 tai Tiimiakatemia: Varausohjeet Tarkemmat [&hellip;]<\/p>\n","protected":false},"author":76,"featured_media":0,"parent":2560,"menu_order":6,"comment_status":"closed","ping_status":"closed","template":"","meta":{"_acf_changed":false,"_relevanssi_hide_post":"","_relevanssi_hide_content":"","_relevanssi_pin_for_all":"","_relevanssi_pin_keywords":"","_relevanssi_unpin_keywords":"","_relevanssi_related_keywords":"","_relevanssi_related_include_ids":"","_relevanssi_related_exclude_ids":"","_relevanssi_related_no_append":"","_relevanssi_related_not_related":"","_relevanssi_related_posts":"","_relevanssi_noindex_reason":"","footnotes":""},"categories":[1],"tags":[],"class_list":["post-2617","page","type-page","status-publish","hentry","category-uncategorised"],"acf":[],"yoast_head":"<!-- This site is optimized with the Yoast SEO plugin v27.3 - https:\/\/yoast.com\/product\/yoast-seo-wordpress\/ -->\n<title>Tiimiakatemian varattavat tilat - Peppi<\/title>\n<meta name=\"robots\" content=\"index, follow, max-snippet:-1, max-image-preview:large, max-video-preview:-1\" \/>\n<link rel=\"canonical\" href=\"https:\/\/help.jamk.fi\/peppi\/fi\/kalenteri\/tiimiakatemian-varattavat-tilat\/\" \/>\n<meta property=\"og:locale\" content=\"fi_FI\" \/>\n<meta property=\"og:type\" content=\"article\" \/>\n<meta property=\"og:title\" content=\"Tiimiakatemian varattavat tilat - Peppi\" \/>\n<meta property=\"og:description\" content=\"Tiimiakatemian opiskelijat ja henkil\u00f6kunta voivat varata Kankaan tiloja Pepist\u00e4. Tiloja voi my\u00f6s varata ovien pieliss\u00e4 olevista QR-koodeista tai varata suoraan Tuudosta. Opiskelijat varaavat tilat Pepin etusivun Tilavaraukset-painikkeen kautta. Opettajat valitsevat Pepin etusivulta Resurssien suunnittelu ja varaus -toiminnon, josta valitsevat Avaa oma kalenteri -toiminnon. Tilat ovat: Tilat l\u00f6ytyv\u00e4t, kun kirjoitat Tilat-kohtaan Ky3 tai Tiimiakatemia: Varausohjeet Tarkemmat [&hellip;]\" \/>\n<meta property=\"og:url\" content=\"https:\/\/help.jamk.fi\/peppi\/fi\/kalenteri\/tiimiakatemian-varattavat-tilat\/\" \/>\n<meta property=\"og:site_name\" content=\"Peppi\" \/>\n<meta property=\"article:modified_time\" content=\"2024-01-19T14:29:36+00:00\" \/>\n<meta property=\"og:image\" content=\"https:\/\/help.jamk.fi\/peppi\/wp-content\/uploads\/sites\/130\/2022\/09\/image.png\" \/>\n<meta name=\"twitter:card\" content=\"summary_large_image\" \/>\n<meta name=\"twitter:label1\" content=\"Arvioitu lukuaika\" \/>\n\t<meta name=\"twitter:data1\" content=\"1 minuutti\" \/>\n<script type=\"application\/ld+json\" class=\"yoast-schema-graph\">{\"@context\":\"https:\\\/\\\/schema.org\",\"@graph\":[{\"@type\":\"WebPage\",\"@id\":\"https:\\\/\\\/help.jamk.fi\\\/peppi\\\/fi\\\/kalenteri\\\/tiimiakatemian-varattavat-tilat\\\/\",\"url\":\"https:\\\/\\\/help.jamk.fi\\\/peppi\\\/fi\\\/kalenteri\\\/tiimiakatemian-varattavat-tilat\\\/\",\"name\":\"Tiimiakatemian varattavat tilat - Peppi\",\"isPartOf\":{\"@id\":\"https:\\\/\\\/help.jamk.fi\\\/peppi\\\/#website\"},\"primaryImageOfPage\":{\"@id\":\"https:\\\/\\\/help.jamk.fi\\\/peppi\\\/fi\\\/kalenteri\\\/tiimiakatemian-varattavat-tilat\\\/#primaryimage\"},\"image\":{\"@id\":\"https:\\\/\\\/help.jamk.fi\\\/peppi\\\/fi\\\/kalenteri\\\/tiimiakatemian-varattavat-tilat\\\/#primaryimage\"},\"thumbnailUrl\":\"https:\\\/\\\/help.jamk.fi\\\/peppi\\\/wp-content\\\/uploads\\\/sites\\\/130\\\/2022\\\/09\\\/image.png\",\"datePublished\":\"2022-09-05T06:13:37+00:00\",\"dateModified\":\"2024-01-19T14:29:36+00:00\",\"breadcrumb\":{\"@id\":\"https:\\\/\\\/help.jamk.fi\\\/peppi\\\/fi\\\/kalenteri\\\/tiimiakatemian-varattavat-tilat\\\/#breadcrumb\"},\"inLanguage\":\"fi\",\"potentialAction\":[{\"@type\":\"ReadAction\",\"target\":[\"https:\\\/\\\/help.jamk.fi\\\/peppi\\\/fi\\\/kalenteri\\\/tiimiakatemian-varattavat-tilat\\\/\"]}]},{\"@type\":\"ImageObject\",\"inLanguage\":\"fi\",\"@id\":\"https:\\\/\\\/help.jamk.fi\\\/peppi\\\/fi\\\/kalenteri\\\/tiimiakatemian-varattavat-tilat\\\/#primaryimage\",\"url\":\"https:\\\/\\\/help.jamk.fi\\\/peppi\\\/wp-content\\\/uploads\\\/sites\\\/130\\\/2022\\\/09\\\/image.png\",\"contentUrl\":\"https:\\\/\\\/help.jamk.fi\\\/peppi\\\/wp-content\\\/uploads\\\/sites\\\/130\\\/2022\\\/09\\\/image.png\",\"width\":658,\"height\":385,\"caption\":\"Tilat-kentt\u00e4\u00e4n kun rupeaa kirjoittamaan Tiimiakatemia, Peppi listaa kaikki Tiimiakatemian tilat\"},{\"@type\":\"BreadcrumbList\",\"@id\":\"https:\\\/\\\/help.jamk.fi\\\/peppi\\\/fi\\\/kalenteri\\\/tiimiakatemian-varattavat-tilat\\\/#breadcrumb\",\"itemListElement\":[{\"@type\":\"ListItem\",\"position\":1,\"name\":\"Home\",\"item\":\"https:\\\/\\\/help.jamk.fi\\\/peppi\\\/fi\\\/\"},{\"@type\":\"ListItem\",\"position\":2,\"name\":\"Kalenteri\",\"item\":\"https:\\\/\\\/help.jamk.fi\\\/peppi\\\/fi\\\/kalenteri\\\/\"},{\"@type\":\"ListItem\",\"position\":3,\"name\":\"Tiimiakatemian varattavat tilat\"}]},{\"@type\":\"WebSite\",\"@id\":\"https:\\\/\\\/help.jamk.fi\\\/peppi\\\/#website\",\"url\":\"https:\\\/\\\/help.jamk.fi\\\/peppi\\\/\",\"name\":\"Peppi\",\"description\":\"\",\"potentialAction\":[{\"@type\":\"SearchAction\",\"target\":{\"@type\":\"EntryPoint\",\"urlTemplate\":\"https:\\\/\\\/help.jamk.fi\\\/peppi\\\/?s={search_term_string}\"},\"query-input\":{\"@type\":\"PropertyValueSpecification\",\"valueRequired\":true,\"valueName\":\"search_term_string\"}}],\"inLanguage\":\"fi\"}]}<\/script>\n<!-- \/ Yoast SEO plugin. -->","yoast_head_json":{"title":"Tiimiakatemian varattavat tilat - Peppi","robots":{"index":"index","follow":"follow","max-snippet":"max-snippet:-1","max-image-preview":"max-image-preview:large","max-video-preview":"max-video-preview:-1"},"canonical":"https:\/\/help.jamk.fi\/peppi\/fi\/kalenteri\/tiimiakatemian-varattavat-tilat\/","og_locale":"fi_FI","og_type":"article","og_title":"Tiimiakatemian varattavat tilat - Peppi","og_description":"Tiimiakatemian opiskelijat ja henkil\u00f6kunta voivat varata Kankaan tiloja Pepist\u00e4. Tiloja voi my\u00f6s varata ovien pieliss\u00e4 olevista QR-koodeista tai varata suoraan Tuudosta. Opiskelijat varaavat tilat Pepin etusivun Tilavaraukset-painikkeen kautta. Opettajat valitsevat Pepin etusivulta Resurssien suunnittelu ja varaus -toiminnon, josta valitsevat Avaa oma kalenteri -toiminnon. Tilat ovat: Tilat l\u00f6ytyv\u00e4t, kun kirjoitat Tilat-kohtaan Ky3 tai Tiimiakatemia: Varausohjeet Tarkemmat [&hellip;]","og_url":"https:\/\/help.jamk.fi\/peppi\/fi\/kalenteri\/tiimiakatemian-varattavat-tilat\/","og_site_name":"Peppi","article_modified_time":"2024-01-19T14:29:36+00:00","og_image":[{"url":"https:\/\/help.jamk.fi\/peppi\/wp-content\/uploads\/sites\/130\/2022\/09\/image.png","type":"","width":"","height":""}],"twitter_card":"summary_large_image","twitter_misc":{"Arvioitu lukuaika":"1 minuutti"},"schema":{"@context":"https:\/\/schema.org","@graph":[{"@type":"WebPage","@id":"https:\/\/help.jamk.fi\/peppi\/fi\/kalenteri\/tiimiakatemian-varattavat-tilat\/","url":"https:\/\/help.jamk.fi\/peppi\/fi\/kalenteri\/tiimiakatemian-varattavat-tilat\/","name":"Tiimiakatemian varattavat tilat - Peppi","isPartOf":{"@id":"https:\/\/help.jamk.fi\/peppi\/#website"},"primaryImageOfPage":{"@id":"https:\/\/help.jamk.fi\/peppi\/fi\/kalenteri\/tiimiakatemian-varattavat-tilat\/#primaryimage"},"image":{"@id":"https:\/\/help.jamk.fi\/peppi\/fi\/kalenteri\/tiimiakatemian-varattavat-tilat\/#primaryimage"},"thumbnailUrl":"https:\/\/help.jamk.fi\/peppi\/wp-content\/uploads\/sites\/130\/2022\/09\/image.png","datePublished":"2022-09-05T06:13:37+00:00","dateModified":"2024-01-19T14:29:36+00:00","breadcrumb":{"@id":"https:\/\/help.jamk.fi\/peppi\/fi\/kalenteri\/tiimiakatemian-varattavat-tilat\/#breadcrumb"},"inLanguage":"fi","potentialAction":[{"@type":"ReadAction","target":["https:\/\/help.jamk.fi\/peppi\/fi\/kalenteri\/tiimiakatemian-varattavat-tilat\/"]}]},{"@type":"ImageObject","inLanguage":"fi","@id":"https:\/\/help.jamk.fi\/peppi\/fi\/kalenteri\/tiimiakatemian-varattavat-tilat\/#primaryimage","url":"https:\/\/help.jamk.fi\/peppi\/wp-content\/uploads\/sites\/130\/2022\/09\/image.png","contentUrl":"https:\/\/help.jamk.fi\/peppi\/wp-content\/uploads\/sites\/130\/2022\/09\/image.png","width":658,"height":385,"caption":"Tilat-kentt\u00e4\u00e4n kun rupeaa kirjoittamaan Tiimiakatemia, Peppi listaa kaikki Tiimiakatemian tilat"},{"@type":"BreadcrumbList","@id":"https:\/\/help.jamk.fi\/peppi\/fi\/kalenteri\/tiimiakatemian-varattavat-tilat\/#breadcrumb","itemListElement":[{"@type":"ListItem","position":1,"name":"Home","item":"https:\/\/help.jamk.fi\/peppi\/fi\/"},{"@type":"ListItem","position":2,"name":"Kalenteri","item":"https:\/\/help.jamk.fi\/peppi\/fi\/kalenteri\/"},{"@type":"ListItem","position":3,"name":"Tiimiakatemian varattavat tilat"}]},{"@type":"WebSite","@id":"https:\/\/help.jamk.fi\/peppi\/#website","url":"https:\/\/help.jamk.fi\/peppi\/","name":"Peppi","description":"","potentialAction":[{"@type":"SearchAction","target":{"@type":"EntryPoint","urlTemplate":"https:\/\/help.jamk.fi\/peppi\/?s={search_term_string}"},"query-input":{"@type":"PropertyValueSpecification","valueRequired":true,"valueName":"search_term_string"}}],"inLanguage":"fi"}]}},"_links":{"self":[{"href":"https:\/\/help.jamk.fi\/peppi\/wp-json\/wp\/v2\/pages\/2617","targetHints":{"allow":["GET"]}}],"collection":[{"href":"https:\/\/help.jamk.fi\/peppi\/wp-json\/wp\/v2\/pages"}],"about":[{"href":"https:\/\/help.jamk.fi\/peppi\/wp-json\/wp\/v2\/types\/page"}],"author":[{"embeddable":true,"href":"https:\/\/help.jamk.fi\/peppi\/wp-json\/wp\/v2\/users\/76"}],"replies":[{"embeddable":true,"href":"https:\/\/help.jamk.fi\/peppi\/wp-json\/wp\/v2\/comments?post=2617"}],"version-history":[{"count":4,"href":"https:\/\/help.jamk.fi\/peppi\/wp-json\/wp\/v2\/pages\/2617\/revisions"}],"predecessor-version":[{"id":3111,"href":"https:\/\/help.jamk.fi\/peppi\/wp-json\/wp\/v2\/pages\/2617\/revisions\/3111"}],"up":[{"embeddable":true,"href":"https:\/\/help.jamk.fi\/peppi\/wp-json\/wp\/v2\/pages\/2560"}],"wp:attachment":[{"href":"https:\/\/help.jamk.fi\/peppi\/wp-json\/wp\/v2\/media?parent=2617"}],"wp:term":[{"taxonomy":"category","embeddable":true,"href":"https:\/\/help.jamk.fi\/peppi\/wp-json\/wp\/v2\/categories?post=2617"},{"taxonomy":"post_tag","embeddable":true,"href":"https:\/\/help.jamk.fi\/peppi\/wp-json\/wp\/v2\/tags?post=2617"}],"curies":[{"name":"wp","href":"https:\/\/api.w.org\/{rel}","templated":true}]}}