{"id":2618,"date":"2022-11-07T05:44:16","date_gmt":"2022-11-07T03:44:16","guid":{"rendered":"https:\/\/help.jamk.fi\/peppi\/tilojen-qr-koodit\/"},"modified":"2026-04-02T07:13:48","modified_gmt":"2026-04-02T04:13:48","slug":"tilojen-qr-koodit","status":"publish","type":"page","link":"https:\/\/help.jamk.fi\/peppi\/fi\/kalenteri\/tuudon-kalenteritoiminnot\/tilojen-qr-koodit\/","title":{"rendered":"Tilojen QR-koodit"},"content":{"rendered":"\n<p>Kampusten oppimistilojen ovissa on QR-koodit, joista opiskelijat ja henkil\u00f6kunta voivat katsoa tilan varaustilanteen. QR-koodin lukemiseen tarvitaan Tuudo-sovellus.<\/p>\n\n\n\n<p>Tuudo-sovellus kannattaa pit\u00e4\u00e4 taustalla auki, kun alat lukea QR-koodia, t\u00e4ll\u00f6in se avaa suoraan tilan n\u00e4kym\u00e4n. Jos sovellus ei ole taustalla auki, QR-koodi aukaisee Tuudon etusivun.<\/p>\n\n\n\n<ul class=\"wp-block-list\">\n<li>QR-koodi kannattaa lukea puhelimen omalla kameralla<\/li>\n\n\n\n<li>Jos sinulla on varausoikeus tilaan, voit <em>Varaa<\/em>-painikkeen kautta varata tilan puhelimellasi.<\/li>\n\n\n\n<li>Jos sinulla ei ole varausoikeutta tilaan, oikeassa yl\u00e4kulmassa lukee pinkill\u00e4 <em>Ei oikeutta varata<\/em><\/li>\n\n\n\n<li>Tilan kalenteri aukeaa, kun klikkaat <em>Varaa<\/em>-painikkeen yl\u00e4puolelta <em>T\u00e4n\u00e4\u00e4n<\/em>-painiketta<\/li>\n<\/ul>\n\n\n\n<p>Jotkin Android-laitteet n\u00e4ytt\u00e4v\u00e4t vaativan toiminnon toimimiseksi asetusten muokkaamista: valitse Apps, sielt\u00e4 Tuudo, sovelluksen asetuksista Set as default ja valitse Open supported links. Jos t\u00e4m\u00e4n saa p\u00e4\u00e4lle, pit\u00e4isi my\u00f6s tulla Supported web addresses -painike painettavaksi, jonka alta l\u00f6ytyy static.tuudo.fi -valinta, joka on laitettava p\u00e4\u00e4lle. Reitti valintaan p\u00e4\u00e4semiksi voi vaihdella puhelimesta riippuen, eiv\u00e4tk\u00e4 kaikki laitteet t\u00e4t\u00e4 edes vaadi.<\/p>\n","protected":false},"excerpt":{"rendered":"<p>Kampusten oppimistilojen ovissa on QR-koodit, joista opiskelijat ja henkil\u00f6kunta voivat katsoa tilan varaustilanteen. QR-koodin lukemiseen tarvitaan Tuudo-sovellus. Tuudo-sovellus kannattaa pit\u00e4\u00e4 taustalla auki, kun alat lukea QR-koodia, t\u00e4ll\u00f6in se avaa suoraan tilan n\u00e4kym\u00e4n. Jos sovellus ei ole taustalla auki, QR-koodi aukaisee Tuudon etusivun. Jotkin Android-laitteet n\u00e4ytt\u00e4v\u00e4t vaativan toiminnon toimimiseksi asetusten muokkaamista: valitse Apps, sielt\u00e4 Tuudo, sovelluksen [&hellip;]<\/p>\n","protected":false},"author":76,"featured_media":0,"parent":2620,"menu_order":0,"comment_status":"closed","ping_status":"open","template":"","meta":{"_acf_changed":false,"_relevanssi_hide_post":"","_relevanssi_hide_content":"","_relevanssi_pin_for_all":"","_relevanssi_pin_keywords":"","_relevanssi_unpin_keywords":"","_relevanssi_related_keywords":"","_relevanssi_related_include_ids":"","_relevanssi_related_exclude_ids":"","_relevanssi_related_no_append":"","_relevanssi_related_not_related":"","_relevanssi_related_posts":"","_relevanssi_noindex_reason":"","footnotes":""},"categories":[1],"tags":[],"class_list":["post-2618","page","type-page","status-publish","hentry","category-uncategorised"],"acf":[],"yoast_head":"<!-- This site is optimized with the Yoast SEO plugin v27.4 - https:\/\/yoast.com\/product\/yoast-seo-wordpress\/ -->\n<title>Tilojen QR-koodit - Peppi<\/title>\n<meta name=\"robots\" content=\"index, follow, max-snippet:-1, max-image-preview:large, max-video-preview:-1\" \/>\n<link rel=\"canonical\" href=\"https:\/\/help.jamk.fi\/peppi\/fi\/kalenteri\/tuudon-kalenteritoiminnot\/tilojen-qr-koodit\/\" \/>\n<meta property=\"og:locale\" content=\"fi_FI\" \/>\n<meta property=\"og:type\" content=\"article\" \/>\n<meta property=\"og:title\" content=\"Tilojen QR-koodit - Peppi\" \/>\n<meta property=\"og:description\" content=\"Kampusten oppimistilojen ovissa on QR-koodit, joista opiskelijat ja henkil\u00f6kunta voivat katsoa tilan varaustilanteen. QR-koodin lukemiseen tarvitaan Tuudo-sovellus. Tuudo-sovellus kannattaa pit\u00e4\u00e4 taustalla auki, kun alat lukea QR-koodia, t\u00e4ll\u00f6in se avaa suoraan tilan n\u00e4kym\u00e4n. Jos sovellus ei ole taustalla auki, QR-koodi aukaisee Tuudon etusivun. Jotkin Android-laitteet n\u00e4ytt\u00e4v\u00e4t vaativan toiminnon toimimiseksi asetusten muokkaamista: valitse Apps, sielt\u00e4 Tuudo, sovelluksen [&hellip;]\" \/>\n<meta property=\"og:url\" content=\"https:\/\/help.jamk.fi\/peppi\/fi\/kalenteri\/tuudon-kalenteritoiminnot\/tilojen-qr-koodit\/\" \/>\n<meta property=\"og:site_name\" content=\"Peppi\" \/>\n<meta property=\"article:modified_time\" content=\"2026-04-02T04:13:48+00:00\" \/>\n<meta name=\"twitter:card\" content=\"summary_large_image\" \/>\n<meta name=\"twitter:label1\" content=\"Arvioitu lukuaika\" \/>\n\t<meta name=\"twitter:data1\" content=\"1 minuutti\" \/>\n<script type=\"application\/ld+json\" class=\"yoast-schema-graph\">{\"@context\":\"https:\\\/\\\/schema.org\",\"@graph\":[{\"@type\":\"WebPage\",\"@id\":\"https:\\\/\\\/help.jamk.fi\\\/peppi\\\/fi\\\/kalenteri\\\/tuudon-kalenteritoiminnot\\\/tilojen-qr-koodit\\\/\",\"url\":\"https:\\\/\\\/help.jamk.fi\\\/peppi\\\/fi\\\/kalenteri\\\/tuudon-kalenteritoiminnot\\\/tilojen-qr-koodit\\\/\",\"name\":\"Tilojen QR-koodit - Peppi\",\"isPartOf\":{\"@id\":\"https:\\\/\\\/help.jamk.fi\\\/peppi\\\/#website\"},\"datePublished\":\"2022-11-07T03:44:16+00:00\",\"dateModified\":\"2026-04-02T04:13:48+00:00\",\"breadcrumb\":{\"@id\":\"https:\\\/\\\/help.jamk.fi\\\/peppi\\\/fi\\\/kalenteri\\\/tuudon-kalenteritoiminnot\\\/tilojen-qr-koodit\\\/#breadcrumb\"},\"inLanguage\":\"fi\",\"potentialAction\":[{\"@type\":\"ReadAction\",\"target\":[\"https:\\\/\\\/help.jamk.fi\\\/peppi\\\/fi\\\/kalenteri\\\/tuudon-kalenteritoiminnot\\\/tilojen-qr-koodit\\\/\"]}]},{\"@type\":\"BreadcrumbList\",\"@id\":\"https:\\\/\\\/help.jamk.fi\\\/peppi\\\/fi\\\/kalenteri\\\/tuudon-kalenteritoiminnot\\\/tilojen-qr-koodit\\\/#breadcrumb\",\"itemListElement\":[{\"@type\":\"ListItem\",\"position\":1,\"name\":\"Home\",\"item\":\"https:\\\/\\\/help.jamk.fi\\\/peppi\\\/fi\\\/\"},{\"@type\":\"ListItem\",\"position\":2,\"name\":\"Kalenteri\",\"item\":\"https:\\\/\\\/help.jamk.fi\\\/peppi\\\/fi\\\/kalenteri\\\/\"},{\"@type\":\"ListItem\",\"position\":3,\"name\":\"Tuudon kalenteritoiminnot\",\"item\":\"https:\\\/\\\/help.jamk.fi\\\/peppi\\\/fi\\\/kalenteri\\\/tuudon-kalenteritoiminnot\\\/\"},{\"@type\":\"ListItem\",\"position\":4,\"name\":\"Tilojen QR-koodit\"}]},{\"@type\":\"WebSite\",\"@id\":\"https:\\\/\\\/help.jamk.fi\\\/peppi\\\/#website\",\"url\":\"https:\\\/\\\/help.jamk.fi\\\/peppi\\\/\",\"name\":\"Peppi\",\"description\":\"\",\"potentialAction\":[{\"@type\":\"SearchAction\",\"target\":{\"@type\":\"EntryPoint\",\"urlTemplate\":\"https:\\\/\\\/help.jamk.fi\\\/peppi\\\/?s={search_term_string}\"},\"query-input\":{\"@type\":\"PropertyValueSpecification\",\"valueRequired\":true,\"valueName\":\"search_term_string\"}}],\"inLanguage\":\"fi\"}]}<\/script>\n<!-- \/ Yoast SEO plugin. -->","yoast_head_json":{"title":"Tilojen QR-koodit - Peppi","robots":{"index":"index","follow":"follow","max-snippet":"max-snippet:-1","max-image-preview":"max-image-preview:large","max-video-preview":"max-video-preview:-1"},"canonical":"https:\/\/help.jamk.fi\/peppi\/fi\/kalenteri\/tuudon-kalenteritoiminnot\/tilojen-qr-koodit\/","og_locale":"fi_FI","og_type":"article","og_title":"Tilojen QR-koodit - Peppi","og_description":"Kampusten oppimistilojen ovissa on QR-koodit, joista opiskelijat ja henkil\u00f6kunta voivat katsoa tilan varaustilanteen. QR-koodin lukemiseen tarvitaan Tuudo-sovellus. Tuudo-sovellus kannattaa pit\u00e4\u00e4 taustalla auki, kun alat lukea QR-koodia, t\u00e4ll\u00f6in se avaa suoraan tilan n\u00e4kym\u00e4n. Jos sovellus ei ole taustalla auki, QR-koodi aukaisee Tuudon etusivun. Jotkin Android-laitteet n\u00e4ytt\u00e4v\u00e4t vaativan toiminnon toimimiseksi asetusten muokkaamista: valitse Apps, sielt\u00e4 Tuudo, sovelluksen [&hellip;]","og_url":"https:\/\/help.jamk.fi\/peppi\/fi\/kalenteri\/tuudon-kalenteritoiminnot\/tilojen-qr-koodit\/","og_site_name":"Peppi","article_modified_time":"2026-04-02T04:13:48+00:00","twitter_card":"summary_large_image","twitter_misc":{"Arvioitu lukuaika":"1 minuutti"},"schema":{"@context":"https:\/\/schema.org","@graph":[{"@type":"WebPage","@id":"https:\/\/help.jamk.fi\/peppi\/fi\/kalenteri\/tuudon-kalenteritoiminnot\/tilojen-qr-koodit\/","url":"https:\/\/help.jamk.fi\/peppi\/fi\/kalenteri\/tuudon-kalenteritoiminnot\/tilojen-qr-koodit\/","name":"Tilojen QR-koodit - Peppi","isPartOf":{"@id":"https:\/\/help.jamk.fi\/peppi\/#website"},"datePublished":"2022-11-07T03:44:16+00:00","dateModified":"2026-04-02T04:13:48+00:00","breadcrumb":{"@id":"https:\/\/help.jamk.fi\/peppi\/fi\/kalenteri\/tuudon-kalenteritoiminnot\/tilojen-qr-koodit\/#breadcrumb"},"inLanguage":"fi","potentialAction":[{"@type":"ReadAction","target":["https:\/\/help.jamk.fi\/peppi\/fi\/kalenteri\/tuudon-kalenteritoiminnot\/tilojen-qr-koodit\/"]}]},{"@type":"BreadcrumbList","@id":"https:\/\/help.jamk.fi\/peppi\/fi\/kalenteri\/tuudon-kalenteritoiminnot\/tilojen-qr-koodit\/#breadcrumb","itemListElement":[{"@type":"ListItem","position":1,"name":"Home","item":"https:\/\/help.jamk.fi\/peppi\/fi\/"},{"@type":"ListItem","position":2,"name":"Kalenteri","item":"https:\/\/help.jamk.fi\/peppi\/fi\/kalenteri\/"},{"@type":"ListItem","position":3,"name":"Tuudon kalenteritoiminnot","item":"https:\/\/help.jamk.fi\/peppi\/fi\/kalenteri\/tuudon-kalenteritoiminnot\/"},{"@type":"ListItem","position":4,"name":"Tilojen QR-koodit"}]},{"@type":"WebSite","@id":"https:\/\/help.jamk.fi\/peppi\/#website","url":"https:\/\/help.jamk.fi\/peppi\/","name":"Peppi","description":"","potentialAction":[{"@type":"SearchAction","target":{"@type":"EntryPoint","urlTemplate":"https:\/\/help.jamk.fi\/peppi\/?s={search_term_string}"},"query-input":{"@type":"PropertyValueSpecification","valueRequired":true,"valueName":"search_term_string"}}],"inLanguage":"fi"}]}},"_links":{"self":[{"href":"https:\/\/help.jamk.fi\/peppi\/wp-json\/wp\/v2\/pages\/2618","targetHints":{"allow":["GET"]}}],"collection":[{"href":"https:\/\/help.jamk.fi\/peppi\/wp-json\/wp\/v2\/pages"}],"about":[{"href":"https:\/\/help.jamk.fi\/peppi\/wp-json\/wp\/v2\/types\/page"}],"author":[{"embeddable":true,"href":"https:\/\/help.jamk.fi\/peppi\/wp-json\/wp\/v2\/users\/76"}],"replies":[{"embeddable":true,"href":"https:\/\/help.jamk.fi\/peppi\/wp-json\/wp\/v2\/comments?post=2618"}],"version-history":[{"count":7,"href":"https:\/\/help.jamk.fi\/peppi\/wp-json\/wp\/v2\/pages\/2618\/revisions"}],"predecessor-version":[{"id":4023,"href":"https:\/\/help.jamk.fi\/peppi\/wp-json\/wp\/v2\/pages\/2618\/revisions\/4023"}],"up":[{"embeddable":true,"href":"https:\/\/help.jamk.fi\/peppi\/wp-json\/wp\/v2\/pages\/2620"}],"wp:attachment":[{"href":"https:\/\/help.jamk.fi\/peppi\/wp-json\/wp\/v2\/media?parent=2618"}],"wp:term":[{"taxonomy":"category","embeddable":true,"href":"https:\/\/help.jamk.fi\/peppi\/wp-json\/wp\/v2\/categories?post=2618"},{"taxonomy":"post_tag","embeddable":true,"href":"https:\/\/help.jamk.fi\/peppi\/wp-json\/wp\/v2\/tags?post=2618"}],"curies":[{"name":"wp","href":"https:\/\/api.w.org\/{rel}","templated":true}]}}