{"id":2620,"date":"2022-11-07T06:04:19","date_gmt":"2022-11-07T04:04:19","guid":{"rendered":"https:\/\/help.jamk.fi\/peppi\/kalenteri\/tuudon-kalenteritoiminnot\/"},"modified":"2023-11-17T10:01:26","modified_gmt":"2023-11-17T08:01:26","slug":"tuudon-kalenteritoiminnot","status":"publish","type":"page","link":"https:\/\/help.jamk.fi\/peppi\/fi\/kalenteri\/tuudon-kalenteritoiminnot\/","title":{"rendered":"Tuudon kalenteritoiminnot"},"content":{"rendered":"\n<p>Tuudo-sovelluksessa on useita kalenteritoimintoja, jotka hakevat tietoa Pepist\u00e4. Tuudon kalenterien k\u00e4ytt\u00f6oikeudet ovat samat kuin Pepiss\u00e4. Sek\u00e4 henkil\u00f6kunta ett\u00e4 opiskelijat voivat hy\u00f6dynt\u00e4\u00e4 Tuudoa. Jos Pepiss\u00e4 on huoltokatko, voit katsoa lukuj\u00e4rjestyksesi ja tilojen varaustilanteen Tuudosta. Jokaisesta toiminnosta on tarkemmat ohjeet omilla sivuillaan:<\/p>\n\n\n\n<ul class=\"wp-block-list\">\n<li><a href=\"https:\/\/help.jamk.fi\/peppi\/kalenteri\/tuudon-kalenteritoiminnot\/tuudon-lukujarjestys\/\" data-type=\"page\" data-id=\"793\">Opiskelijat voivat katsoa lukuj\u00e4rjestyksi\u00e4\u00e4n Tuudosta<\/a><\/li>\n\n\n\n<li><a href=\"https:\/\/help.jamk.fi\/peppi\/kalenteri\/tuudon-kalenteritoiminnot\/tilojen-qr-koodit\/\" data-type=\"page\" data-id=\"1683\">Katso tilojen varauskalentereita QR-koodilla<\/a><\/li>\n\n\n\n<li><a href=\"https:\/\/help.jamk.fi\/peppi\/kalenteri\/tuudon-kalenteritoiminnot\/tilakalentereiden-katseleminen-tuudosta\/\" data-type=\"page\" data-id=\"1687\">Selaa tilojen varauskalentereita Tuudosta<\/a><\/li>\n\n\n\n<li><a href=\"https:\/\/help.jamk.fi\/peppi\/kalenteri\/tuudon-kalenteritoiminnot\/tilojen-varaaminen-tuudosta\/\" data-type=\"page\" data-id=\"1693\">Varaa tiloja Tuudosta tai QR-koodia lukemalla<\/a>.<\/li>\n<\/ul>\n\n\n\n<p><\/p>\n","protected":false},"excerpt":{"rendered":"<p>Tuudo-sovelluksessa on useita kalenteritoimintoja, jotka hakevat tietoa Pepist\u00e4. Tuudon kalenterien k\u00e4ytt\u00f6oikeudet ovat samat kuin Pepiss\u00e4. Sek\u00e4 henkil\u00f6kunta ett\u00e4 opiskelijat voivat hy\u00f6dynt\u00e4\u00e4 Tuudoa. Jos Pepiss\u00e4 on huoltokatko, voit katsoa lukuj\u00e4rjestyksesi ja tilojen varaustilanteen Tuudosta. Jokaisesta toiminnosta on tarkemmat ohjeet omilla sivuillaan:<\/p>\n","protected":false},"author":76,"featured_media":0,"parent":2560,"menu_order":3,"comment_status":"closed","ping_status":"closed","template":"","meta":{"_acf_changed":false,"_relevanssi_hide_post":"","_relevanssi_hide_content":"","_relevanssi_pin_for_all":"","_relevanssi_pin_keywords":"","_relevanssi_unpin_keywords":"","_relevanssi_related_keywords":"","_relevanssi_related_include_ids":"","_relevanssi_related_exclude_ids":"","_relevanssi_related_no_append":"","_relevanssi_related_not_related":"","_relevanssi_related_posts":"","_relevanssi_noindex_reason":"","footnotes":""},"categories":[1],"tags":[],"class_list":["post-2620","page","type-page","status-publish","hentry","category-uncategorised"],"acf":[],"yoast_head":"<!-- This site is optimized with the Yoast SEO plugin v27.4 - https:\/\/yoast.com\/product\/yoast-seo-wordpress\/ -->\n<title>Tuudon kalenteritoiminnot - Peppi<\/title>\n<meta name=\"robots\" content=\"index, follow, max-snippet:-1, max-image-preview:large, max-video-preview:-1\" \/>\n<link rel=\"canonical\" href=\"https:\/\/help.jamk.fi\/peppi\/fi\/kalenteri\/tuudon-kalenteritoiminnot\/\" \/>\n<meta property=\"og:locale\" content=\"fi_FI\" \/>\n<meta property=\"og:type\" content=\"article\" \/>\n<meta property=\"og:title\" content=\"Tuudon kalenteritoiminnot - Peppi\" \/>\n<meta property=\"og:description\" content=\"Tuudo-sovelluksessa on useita kalenteritoimintoja, jotka hakevat tietoa Pepist\u00e4. Tuudon kalenterien k\u00e4ytt\u00f6oikeudet ovat samat kuin Pepiss\u00e4. Sek\u00e4 henkil\u00f6kunta ett\u00e4 opiskelijat voivat hy\u00f6dynt\u00e4\u00e4 Tuudoa. Jos Pepiss\u00e4 on huoltokatko, voit katsoa lukuj\u00e4rjestyksesi ja tilojen varaustilanteen Tuudosta. Jokaisesta toiminnosta on tarkemmat ohjeet omilla sivuillaan:\" \/>\n<meta property=\"og:url\" content=\"https:\/\/help.jamk.fi\/peppi\/fi\/kalenteri\/tuudon-kalenteritoiminnot\/\" \/>\n<meta property=\"og:site_name\" content=\"Peppi\" \/>\n<meta property=\"article:modified_time\" content=\"2023-11-17T08:01:26+00:00\" \/>\n<meta name=\"twitter:card\" content=\"summary_large_image\" \/>\n<meta name=\"twitter:label1\" content=\"Arvioitu lukuaika\" \/>\n\t<meta name=\"twitter:data1\" content=\"1 minuutti\" \/>\n<script type=\"application\/ld+json\" class=\"yoast-schema-graph\">{\"@context\":\"https:\\\/\\\/schema.org\",\"@graph\":[{\"@type\":\"WebPage\",\"@id\":\"https:\\\/\\\/help.jamk.fi\\\/peppi\\\/fi\\\/kalenteri\\\/tuudon-kalenteritoiminnot\\\/\",\"url\":\"https:\\\/\\\/help.jamk.fi\\\/peppi\\\/fi\\\/kalenteri\\\/tuudon-kalenteritoiminnot\\\/\",\"name\":\"Tuudon kalenteritoiminnot - Peppi\",\"isPartOf\":{\"@id\":\"https:\\\/\\\/help.jamk.fi\\\/peppi\\\/#website\"},\"datePublished\":\"2022-11-07T04:04:19+00:00\",\"dateModified\":\"2023-11-17T08:01:26+00:00\",\"breadcrumb\":{\"@id\":\"https:\\\/\\\/help.jamk.fi\\\/peppi\\\/fi\\\/kalenteri\\\/tuudon-kalenteritoiminnot\\\/#breadcrumb\"},\"inLanguage\":\"fi\",\"potentialAction\":[{\"@type\":\"ReadAction\",\"target\":[\"https:\\\/\\\/help.jamk.fi\\\/peppi\\\/fi\\\/kalenteri\\\/tuudon-kalenteritoiminnot\\\/\"]}]},{\"@type\":\"BreadcrumbList\",\"@id\":\"https:\\\/\\\/help.jamk.fi\\\/peppi\\\/fi\\\/kalenteri\\\/tuudon-kalenteritoiminnot\\\/#breadcrumb\",\"itemListElement\":[{\"@type\":\"ListItem\",\"position\":1,\"name\":\"Home\",\"item\":\"https:\\\/\\\/help.jamk.fi\\\/peppi\\\/fi\\\/\"},{\"@type\":\"ListItem\",\"position\":2,\"name\":\"Kalenteri\",\"item\":\"https:\\\/\\\/help.jamk.fi\\\/peppi\\\/fi\\\/kalenteri\\\/\"},{\"@type\":\"ListItem\",\"position\":3,\"name\":\"Tuudon kalenteritoiminnot\"}]},{\"@type\":\"WebSite\",\"@id\":\"https:\\\/\\\/help.jamk.fi\\\/peppi\\\/#website\",\"url\":\"https:\\\/\\\/help.jamk.fi\\\/peppi\\\/\",\"name\":\"Peppi\",\"description\":\"\",\"potentialAction\":[{\"@type\":\"SearchAction\",\"target\":{\"@type\":\"EntryPoint\",\"urlTemplate\":\"https:\\\/\\\/help.jamk.fi\\\/peppi\\\/?s={search_term_string}\"},\"query-input\":{\"@type\":\"PropertyValueSpecification\",\"valueRequired\":true,\"valueName\":\"search_term_string\"}}],\"inLanguage\":\"fi\"}]}<\/script>\n<!-- \/ Yoast SEO plugin. -->","yoast_head_json":{"title":"Tuudon kalenteritoiminnot - Peppi","robots":{"index":"index","follow":"follow","max-snippet":"max-snippet:-1","max-image-preview":"max-image-preview:large","max-video-preview":"max-video-preview:-1"},"canonical":"https:\/\/help.jamk.fi\/peppi\/fi\/kalenteri\/tuudon-kalenteritoiminnot\/","og_locale":"fi_FI","og_type":"article","og_title":"Tuudon kalenteritoiminnot - Peppi","og_description":"Tuudo-sovelluksessa on useita kalenteritoimintoja, jotka hakevat tietoa Pepist\u00e4. Tuudon kalenterien k\u00e4ytt\u00f6oikeudet ovat samat kuin Pepiss\u00e4. Sek\u00e4 henkil\u00f6kunta ett\u00e4 opiskelijat voivat hy\u00f6dynt\u00e4\u00e4 Tuudoa. Jos Pepiss\u00e4 on huoltokatko, voit katsoa lukuj\u00e4rjestyksesi ja tilojen varaustilanteen Tuudosta. Jokaisesta toiminnosta on tarkemmat ohjeet omilla sivuillaan:","og_url":"https:\/\/help.jamk.fi\/peppi\/fi\/kalenteri\/tuudon-kalenteritoiminnot\/","og_site_name":"Peppi","article_modified_time":"2023-11-17T08:01:26+00:00","twitter_card":"summary_large_image","twitter_misc":{"Arvioitu lukuaika":"1 minuutti"},"schema":{"@context":"https:\/\/schema.org","@graph":[{"@type":"WebPage","@id":"https:\/\/help.jamk.fi\/peppi\/fi\/kalenteri\/tuudon-kalenteritoiminnot\/","url":"https:\/\/help.jamk.fi\/peppi\/fi\/kalenteri\/tuudon-kalenteritoiminnot\/","name":"Tuudon kalenteritoiminnot - Peppi","isPartOf":{"@id":"https:\/\/help.jamk.fi\/peppi\/#website"},"datePublished":"2022-11-07T04:04:19+00:00","dateModified":"2023-11-17T08:01:26+00:00","breadcrumb":{"@id":"https:\/\/help.jamk.fi\/peppi\/fi\/kalenteri\/tuudon-kalenteritoiminnot\/#breadcrumb"},"inLanguage":"fi","potentialAction":[{"@type":"ReadAction","target":["https:\/\/help.jamk.fi\/peppi\/fi\/kalenteri\/tuudon-kalenteritoiminnot\/"]}]},{"@type":"BreadcrumbList","@id":"https:\/\/help.jamk.fi\/peppi\/fi\/kalenteri\/tuudon-kalenteritoiminnot\/#breadcrumb","itemListElement":[{"@type":"ListItem","position":1,"name":"Home","item":"https:\/\/help.jamk.fi\/peppi\/fi\/"},{"@type":"ListItem","position":2,"name":"Kalenteri","item":"https:\/\/help.jamk.fi\/peppi\/fi\/kalenteri\/"},{"@type":"ListItem","position":3,"name":"Tuudon kalenteritoiminnot"}]},{"@type":"WebSite","@id":"https:\/\/help.jamk.fi\/peppi\/#website","url":"https:\/\/help.jamk.fi\/peppi\/","name":"Peppi","description":"","potentialAction":[{"@type":"SearchAction","target":{"@type":"EntryPoint","urlTemplate":"https:\/\/help.jamk.fi\/peppi\/?s={search_term_string}"},"query-input":{"@type":"PropertyValueSpecification","valueRequired":true,"valueName":"search_term_string"}}],"inLanguage":"fi"}]}},"_links":{"self":[{"href":"https:\/\/help.jamk.fi\/peppi\/wp-json\/wp\/v2\/pages\/2620","targetHints":{"allow":["GET"]}}],"collection":[{"href":"https:\/\/help.jamk.fi\/peppi\/wp-json\/wp\/v2\/pages"}],"about":[{"href":"https:\/\/help.jamk.fi\/peppi\/wp-json\/wp\/v2\/types\/page"}],"author":[{"embeddable":true,"href":"https:\/\/help.jamk.fi\/peppi\/wp-json\/wp\/v2\/users\/76"}],"replies":[{"embeddable":true,"href":"https:\/\/help.jamk.fi\/peppi\/wp-json\/wp\/v2\/comments?post=2620"}],"version-history":[{"count":1,"href":"https:\/\/help.jamk.fi\/peppi\/wp-json\/wp\/v2\/pages\/2620\/revisions"}],"predecessor-version":[{"id":2691,"href":"https:\/\/help.jamk.fi\/peppi\/wp-json\/wp\/v2\/pages\/2620\/revisions\/2691"}],"up":[{"embeddable":true,"href":"https:\/\/help.jamk.fi\/peppi\/wp-json\/wp\/v2\/pages\/2560"}],"wp:attachment":[{"href":"https:\/\/help.jamk.fi\/peppi\/wp-json\/wp\/v2\/media?parent=2620"}],"wp:term":[{"taxonomy":"category","embeddable":true,"href":"https:\/\/help.jamk.fi\/peppi\/wp-json\/wp\/v2\/categories?post=2620"},{"taxonomy":"post_tag","embeddable":true,"href":"https:\/\/help.jamk.fi\/peppi\/wp-json\/wp\/v2\/tags?post=2620"}],"curies":[{"name":"wp","href":"https:\/\/api.w.org\/{rel}","templated":true}]}}