{"id":2621,"date":"2022-11-17T12:08:59","date_gmt":"2022-11-17T10:08:59","guid":{"rendered":"https:\/\/help.jamk.fi\/peppi\/kalenteri\/tuudon-kalenteritoiminnot\/tilojen-varaaminen-tuudosta\/"},"modified":"2025-11-28T11:32:40","modified_gmt":"2025-11-28T09:32:40","slug":"tilojen-varaaminen-tuudosta","status":"publish","type":"page","link":"https:\/\/help.jamk.fi\/peppi\/fi\/kalenteri\/tuudon-kalenteritoiminnot\/tilojen-varaaminen-tuudosta\/","title":{"rendered":"Tilojen varaaminen Tuudosta"},"content":{"rendered":"\n<p>Sek\u00e4 henkil\u00f6kunta ett\u00e4 opiskelijat voivat varata tiloja Tuudosta samoilla varausoikeuksilla kuin heill\u00e4 on Pepiss\u00e4.<\/p>\n\n\n\n<ul class=\"wp-block-list\">\n<li><a href=\"https:\/\/help.jamk.fi\/peppi\/kalenteri\/musiikkikampuksen-tilavarausohjeet\/\" data-type=\"page\" data-id=\"42\">Lue lis\u00e4\u00e4 musiikkipedagogien varausoikeuksista<\/a><\/li>\n\n\n\n<li><a href=\"https:\/\/help.jamk.fi\/peppi\/fi\/kalenteri\/tiimiakatemian-varattavat-tilat\/\">Lue lis\u00e4\u00e4 Tiimiakatemian varausoikeuksista<\/a><\/li>\n\n\n\n<li><a href=\"https:\/\/help.jamk.fi\/peppi-ohjeet-henkilokunnalle\/resurssien-suunnittelu-ja-varaus\/\" data-type=\"URL\" data-id=\"https:\/\/help.jamk.fi\/peppi-ohjeet-henkilokunnalle\/resurssien-suunnittelu-ja-varaus\/\">Lue lis\u00e4\u00e4 henkil\u00f6kunnan varausoikeuksista<\/a><\/li>\n<\/ul>\n\n\n\n<p>L\u00f6yd\u00e4t tilavarauksen sovelluksen klikkaamalla alhaalta oikealta valikkoa ja valitsemalla Kampus, josta l\u00f6ytyy <em>Tilavaraus.<\/em> Voit my\u00f6s lis\u00e4t\u00e4 tilavarauksen <em>Suosikit<\/em>-valikkoon.<\/p>\n\n\n\n<figure class=\"wp-block-image size-large\"><img loading=\"lazy\" decoding=\"async\" width=\"473\" height=\"1024\" src=\"https:\/\/help.jamk.fi\/peppi\/wp-content\/uploads\/sites\/130\/2025\/11\/IMG_6304-473x1024.png\" alt=\"\" class=\"wp-image-3782\"\/><figcaption class=\"wp-element-caption\">Tuudon tilavaraus l\u00f6ytyy valikosta Kampus-osion alta<\/figcaption><\/figure>\n\n\n\n<p>Tilavarauksen etusivulla n\u00e4et tekem\u00e4si varaukset ja suosikeiksi merkkaamasi tilat. Tiloja p\u00e4\u00e4set varaamaan Tilavaraus-painikkeesta<\/p>\n\n\n\n<figure class=\"wp-block-image size-large\"><img loading=\"lazy\" decoding=\"async\" width=\"473\" height=\"1024\" src=\"https:\/\/help.jamk.fi\/peppi\/wp-content\/uploads\/sites\/130\/2025\/11\/IMG_6318-473x1024.png\" alt=\"\" class=\"wp-image-3788\"\/><\/figure>\n\n\n\n<ul class=\"wp-block-list\">\n<li>N\u00e4et ensimm\u00e4isen\u00e4 suosikkitilasi ja ne tilat tai v\u00e4lineet, joihin sinulla on varausoikeus.<\/li>\n\n\n\n<li>Voit etsi\u00e4 kaikkien tilojen kalentereita yl\u00e4valikon rajaus-valinnoilla tai kirjoittamalla tilan nimen tai koodin hakukentt\u00e4\u00e4n<\/li>\n\n\n\n<li>Valitse haluamasi tila klikkaamalla tilaa<\/li>\n\n\n\n<li>Jos sinulla ei ole varausoikeutta, tilan kohdalla lukee punaisella <em>Et voi varata.<\/em><\/li>\n<\/ul>\n\n\n\n<figure class=\"wp-block-image size-large\"><img loading=\"lazy\" decoding=\"async\" width=\"473\" height=\"1024\" src=\"https:\/\/help.jamk.fi\/peppi\/wp-content\/uploads\/sites\/130\/2025\/11\/IMG_6320-473x1024.png\" alt=\"\" class=\"wp-image-3790\"\/><\/figure>\n\n\n\n<h2 class=\"wp-block-heading\">Varauksen tekeminen<\/h2>\n\n\n\n<ul class=\"wp-block-list\">\n<li>Kun olet valinnut tilan, n\u00e4et tilan kuvan ja tilatietoja<\/li>\n\n\n\n<li>Valikon alaosasta n\u00e4et, milloin tila on seuraavan kerran vapaana tunnin ajan, ja p\u00e4\u00e4set varaamaan tilan <em>Varaa<\/em>-painikkeesta<\/li>\n\n\n\n<li>Jos haluat selata vapaan ajan ja varata pidemm\u00e4n kuin tunnin ajan, klikkaa <em>Varaa<\/em>-painikkeen yl\u00e4puolelta <em>T\u00e4n\u00e4\u00e4n<\/em>-painiketta, niin tilan kalenteri aukeaa<\/li>\n\n\n\n<li>Etsi sinulle sopiva aika ja klikkaa kalenteria. Voit sormella liikuttamalla muokata aikaa<\/li>\n\n\n\n<li>Varauksen nimi on pakollinen kentt\u00e4, kirjoita siihen varauksen aihe<\/li>\n\n\n\n<li>Kustannuspaikka ei ole pakollinen.<\/li>\n\n\n\n<li>Lopuksi klikkaa Vahvista varaus. Onnistuneesta varauksesta tulee vahvistus<\/li>\n<\/ul>\n\n\n\n<figure class=\"wp-block-image size-full\"><img decoding=\"async\" src=\"https:\/\/help.jamk.fi\/peppi\/wp-content\/uploads\/sites\/130\/2025\/11\/IMG_6309.png\" alt=\"\" class=\"wp-image-3786\"\/><\/figure>\n\n\n\n<ul class=\"wp-block-list\">\n<li>N\u00e4et varauksesi tilan kalenterissa, Tuudo-tilavarauksen etusivulla sek\u00e4 Pepiss\u00e4.<\/li>\n<\/ul>\n\n\n\n<figure class=\"wp-block-image size-full\"><img loading=\"lazy\" decoding=\"async\" width=\"640\" height=\"262\" src=\"https:\/\/help.jamk.fi\/peppi\/wp-content\/uploads\/sites\/130\/2022\/11\/Varaus-Tuudosta_Pepissa.jpg\" alt=\"Tuudossa tekem\u00e4si varaus n\u00e4kyy Pepiss\u00e4\" class=\"wp-image-1722\"\/><\/figure>\n\n\n\n<h3 class=\"wp-block-heading\">Varauksen tekeminen vapaan ajan haulla<\/h3>\n\n\n\n<ul class=\"wp-block-list\">\n<li>Jos tarvitset vapaan tilan johonkin tiettyyn kellonaikaan, yl\u00e4valikon Ajankohta-valikosta voit m\u00e4\u00e4ritt\u00e4\u00e4 p\u00e4iv\u00e4m\u00e4\u00e4r\u00e4n ja kellonajan<\/li>\n\n\n\n<li>Voit muokata aikaa, lopuksi paina <em>Vahvista<\/em><\/li>\n\n\n\n<li>T\u00e4m\u00e4n j\u00e4lkeen n\u00e4et kyseisen\u00e4 ajankohtana vapaana olevat tilat. Valitse haluamasi tila ja klikkaa <em>Varaa.<\/em><\/li>\n<\/ul>\n\n\n\n<h2 class=\"wp-block-heading\">Varauksen muokkaaminen ja peruminen<\/h2>\n\n\n\n<ul class=\"wp-block-list\">\n<li>N\u00e4et kaikki tekem\u00e4si varaukset <em>Omat varaukset<\/em> -kohdassa<\/li>\n\n\n\n<li>Voit perua varauksen <em>Peru varaus<\/em> -painikkeesta. Sovellus kysyy viel\u00e4 vahvistusta peruutukselle<\/li>\n<\/ul>\n","protected":false},"excerpt":{"rendered":"<p>Sek\u00e4 henkil\u00f6kunta ett\u00e4 opiskelijat voivat varata tiloja Tuudosta samoilla varausoikeuksilla kuin heill\u00e4 on Pepiss\u00e4. L\u00f6yd\u00e4t tilavarauksen sovelluksen klikkaamalla alhaalta oikealta valikkoa ja valitsemalla Kampus, josta l\u00f6ytyy Tilavaraus. Voit my\u00f6s lis\u00e4t\u00e4 tilavarauksen Suosikit-valikkoon. Tilavarauksen etusivulla n\u00e4et tekem\u00e4si varaukset ja suosikeiksi merkkaamasi tilat. Tiloja p\u00e4\u00e4set varaamaan Tilavaraus-painikkeesta Varauksen tekeminen Varauksen tekeminen vapaan ajan haulla Varauksen muokkaaminen ja [&hellip;]<\/p>\n","protected":false},"author":76,"featured_media":0,"parent":2620,"menu_order":0,"comment_status":"closed","ping_status":"open","template":"","meta":{"_acf_changed":false,"_relevanssi_hide_post":"","_relevanssi_hide_content":"","_relevanssi_pin_for_all":"","_relevanssi_pin_keywords":"","_relevanssi_unpin_keywords":"","_relevanssi_related_keywords":"","_relevanssi_related_include_ids":"","_relevanssi_related_exclude_ids":"","_relevanssi_related_no_append":"","_relevanssi_related_not_related":"","_relevanssi_related_posts":"","_relevanssi_noindex_reason":"","footnotes":""},"categories":[1],"tags":[],"class_list":["post-2621","page","type-page","status-publish","hentry","category-uncategorised"],"acf":[],"yoast_head":"<!-- This site is optimized with the Yoast SEO plugin v27.4 - https:\/\/yoast.com\/product\/yoast-seo-wordpress\/ -->\n<title>Tilojen varaaminen Tuudosta - Peppi<\/title>\n<meta name=\"robots\" content=\"index, follow, max-snippet:-1, max-image-preview:large, max-video-preview:-1\" \/>\n<link rel=\"canonical\" href=\"https:\/\/help.jamk.fi\/peppi\/fi\/kalenteri\/tuudon-kalenteritoiminnot\/tilojen-varaaminen-tuudosta\/\" \/>\n<meta property=\"og:locale\" content=\"fi_FI\" \/>\n<meta property=\"og:type\" content=\"article\" \/>\n<meta property=\"og:title\" content=\"Tilojen varaaminen Tuudosta - Peppi\" \/>\n<meta property=\"og:description\" content=\"Sek\u00e4 henkil\u00f6kunta ett\u00e4 opiskelijat voivat varata tiloja Tuudosta samoilla varausoikeuksilla kuin heill\u00e4 on Pepiss\u00e4. L\u00f6yd\u00e4t tilavarauksen sovelluksen klikkaamalla alhaalta oikealta valikkoa ja valitsemalla Kampus, josta l\u00f6ytyy Tilavaraus. Voit my\u00f6s lis\u00e4t\u00e4 tilavarauksen Suosikit-valikkoon. Tilavarauksen etusivulla n\u00e4et tekem\u00e4si varaukset ja suosikeiksi merkkaamasi tilat. Tiloja p\u00e4\u00e4set varaamaan Tilavaraus-painikkeesta Varauksen tekeminen Varauksen tekeminen vapaan ajan haulla Varauksen muokkaaminen ja [&hellip;]\" \/>\n<meta property=\"og:url\" content=\"https:\/\/help.jamk.fi\/peppi\/fi\/kalenteri\/tuudon-kalenteritoiminnot\/tilojen-varaaminen-tuudosta\/\" \/>\n<meta property=\"og:site_name\" content=\"Peppi\" \/>\n<meta property=\"article:modified_time\" content=\"2025-11-28T09:32:40+00:00\" \/>\n<meta property=\"og:image\" content=\"https:\/\/help.jamk.fi\/peppi\/wp-content\/uploads\/sites\/130\/2025\/11\/IMG_6304-e1764755049930.png\" \/>\n\t<meta property=\"og:image:width\" content=\"460\" \/>\n\t<meta property=\"og:image:height\" content=\"995\" \/>\n\t<meta property=\"og:image:type\" content=\"image\/png\" \/>\n<meta name=\"twitter:card\" content=\"summary_large_image\" \/>\n<meta name=\"twitter:label1\" content=\"Arvioitu lukuaika\" \/>\n\t<meta name=\"twitter:data1\" content=\"3 minuuttia\" \/>\n<script type=\"application\/ld+json\" class=\"yoast-schema-graph\">{\"@context\":\"https:\\\/\\\/schema.org\",\"@graph\":[{\"@type\":\"WebPage\",\"@id\":\"https:\\\/\\\/help.jamk.fi\\\/peppi\\\/fi\\\/kalenteri\\\/tuudon-kalenteritoiminnot\\\/tilojen-varaaminen-tuudosta\\\/\",\"url\":\"https:\\\/\\\/help.jamk.fi\\\/peppi\\\/fi\\\/kalenteri\\\/tuudon-kalenteritoiminnot\\\/tilojen-varaaminen-tuudosta\\\/\",\"name\":\"Tilojen varaaminen Tuudosta - Peppi\",\"isPartOf\":{\"@id\":\"https:\\\/\\\/help.jamk.fi\\\/peppi\\\/#website\"},\"primaryImageOfPage\":{\"@id\":\"https:\\\/\\\/help.jamk.fi\\\/peppi\\\/fi\\\/kalenteri\\\/tuudon-kalenteritoiminnot\\\/tilojen-varaaminen-tuudosta\\\/#primaryimage\"},\"image\":{\"@id\":\"https:\\\/\\\/help.jamk.fi\\\/peppi\\\/fi\\\/kalenteri\\\/tuudon-kalenteritoiminnot\\\/tilojen-varaaminen-tuudosta\\\/#primaryimage\"},\"thumbnailUrl\":\"https:\\\/\\\/help.jamk.fi\\\/peppi\\\/wp-content\\\/uploads\\\/sites\\\/130\\\/2025\\\/11\\\/IMG_6304-473x1024.png\",\"datePublished\":\"2022-11-17T10:08:59+00:00\",\"dateModified\":\"2025-11-28T09:32:40+00:00\",\"breadcrumb\":{\"@id\":\"https:\\\/\\\/help.jamk.fi\\\/peppi\\\/fi\\\/kalenteri\\\/tuudon-kalenteritoiminnot\\\/tilojen-varaaminen-tuudosta\\\/#breadcrumb\"},\"inLanguage\":\"fi\",\"potentialAction\":[{\"@type\":\"ReadAction\",\"target\":[\"https:\\\/\\\/help.jamk.fi\\\/peppi\\\/fi\\\/kalenteri\\\/tuudon-kalenteritoiminnot\\\/tilojen-varaaminen-tuudosta\\\/\"]}]},{\"@type\":\"ImageObject\",\"inLanguage\":\"fi\",\"@id\":\"https:\\\/\\\/help.jamk.fi\\\/peppi\\\/fi\\\/kalenteri\\\/tuudon-kalenteritoiminnot\\\/tilojen-varaaminen-tuudosta\\\/#primaryimage\",\"url\":\"https:\\\/\\\/help.jamk.fi\\\/peppi\\\/wp-content\\\/uploads\\\/sites\\\/130\\\/2025\\\/11\\\/IMG_6304-e1764755049930.png\",\"contentUrl\":\"https:\\\/\\\/help.jamk.fi\\\/peppi\\\/wp-content\\\/uploads\\\/sites\\\/130\\\/2025\\\/11\\\/IMG_6304-e1764755049930.png\",\"width\":460,\"height\":995,\"caption\":\"Tuudon tilavaraus l\u00f6ytyy valikosta Kampus-osion alta\"},{\"@type\":\"BreadcrumbList\",\"@id\":\"https:\\\/\\\/help.jamk.fi\\\/peppi\\\/fi\\\/kalenteri\\\/tuudon-kalenteritoiminnot\\\/tilojen-varaaminen-tuudosta\\\/#breadcrumb\",\"itemListElement\":[{\"@type\":\"ListItem\",\"position\":1,\"name\":\"Home\",\"item\":\"https:\\\/\\\/help.jamk.fi\\\/peppi\\\/fi\\\/\"},{\"@type\":\"ListItem\",\"position\":2,\"name\":\"Kalenteri\",\"item\":\"https:\\\/\\\/help.jamk.fi\\\/peppi\\\/fi\\\/kalenteri\\\/\"},{\"@type\":\"ListItem\",\"position\":3,\"name\":\"Tuudon kalenteritoiminnot\",\"item\":\"https:\\\/\\\/help.jamk.fi\\\/peppi\\\/fi\\\/kalenteri\\\/tuudon-kalenteritoiminnot\\\/\"},{\"@type\":\"ListItem\",\"position\":4,\"name\":\"Tilojen varaaminen Tuudosta\"}]},{\"@type\":\"WebSite\",\"@id\":\"https:\\\/\\\/help.jamk.fi\\\/peppi\\\/#website\",\"url\":\"https:\\\/\\\/help.jamk.fi\\\/peppi\\\/\",\"name\":\"Peppi\",\"description\":\"\",\"potentialAction\":[{\"@type\":\"SearchAction\",\"target\":{\"@type\":\"EntryPoint\",\"urlTemplate\":\"https:\\\/\\\/help.jamk.fi\\\/peppi\\\/?s={search_term_string}\"},\"query-input\":{\"@type\":\"PropertyValueSpecification\",\"valueRequired\":true,\"valueName\":\"search_term_string\"}}],\"inLanguage\":\"fi\"}]}<\/script>\n<!-- \/ Yoast SEO plugin. -->","yoast_head_json":{"title":"Tilojen varaaminen Tuudosta - Peppi","robots":{"index":"index","follow":"follow","max-snippet":"max-snippet:-1","max-image-preview":"max-image-preview:large","max-video-preview":"max-video-preview:-1"},"canonical":"https:\/\/help.jamk.fi\/peppi\/fi\/kalenteri\/tuudon-kalenteritoiminnot\/tilojen-varaaminen-tuudosta\/","og_locale":"fi_FI","og_type":"article","og_title":"Tilojen varaaminen Tuudosta - Peppi","og_description":"Sek\u00e4 henkil\u00f6kunta ett\u00e4 opiskelijat voivat varata tiloja Tuudosta samoilla varausoikeuksilla kuin heill\u00e4 on Pepiss\u00e4. L\u00f6yd\u00e4t tilavarauksen sovelluksen klikkaamalla alhaalta oikealta valikkoa ja valitsemalla Kampus, josta l\u00f6ytyy Tilavaraus. Voit my\u00f6s lis\u00e4t\u00e4 tilavarauksen Suosikit-valikkoon. Tilavarauksen etusivulla n\u00e4et tekem\u00e4si varaukset ja suosikeiksi merkkaamasi tilat. Tiloja p\u00e4\u00e4set varaamaan Tilavaraus-painikkeesta Varauksen tekeminen Varauksen tekeminen vapaan ajan haulla Varauksen muokkaaminen ja [&hellip;]","og_url":"https:\/\/help.jamk.fi\/peppi\/fi\/kalenteri\/tuudon-kalenteritoiminnot\/tilojen-varaaminen-tuudosta\/","og_site_name":"Peppi","article_modified_time":"2025-11-28T09:32:40+00:00","og_image":[{"width":460,"height":995,"url":"https:\/\/help.jamk.fi\/peppi\/wp-content\/uploads\/sites\/130\/2025\/11\/IMG_6304-e1764755049930.png","type":"image\/png"}],"twitter_card":"summary_large_image","twitter_misc":{"Arvioitu lukuaika":"3 minuuttia"},"schema":{"@context":"https:\/\/schema.org","@graph":[{"@type":"WebPage","@id":"https:\/\/help.jamk.fi\/peppi\/fi\/kalenteri\/tuudon-kalenteritoiminnot\/tilojen-varaaminen-tuudosta\/","url":"https:\/\/help.jamk.fi\/peppi\/fi\/kalenteri\/tuudon-kalenteritoiminnot\/tilojen-varaaminen-tuudosta\/","name":"Tilojen varaaminen Tuudosta - Peppi","isPartOf":{"@id":"https:\/\/help.jamk.fi\/peppi\/#website"},"primaryImageOfPage":{"@id":"https:\/\/help.jamk.fi\/peppi\/fi\/kalenteri\/tuudon-kalenteritoiminnot\/tilojen-varaaminen-tuudosta\/#primaryimage"},"image":{"@id":"https:\/\/help.jamk.fi\/peppi\/fi\/kalenteri\/tuudon-kalenteritoiminnot\/tilojen-varaaminen-tuudosta\/#primaryimage"},"thumbnailUrl":"https:\/\/help.jamk.fi\/peppi\/wp-content\/uploads\/sites\/130\/2025\/11\/IMG_6304-473x1024.png","datePublished":"2022-11-17T10:08:59+00:00","dateModified":"2025-11-28T09:32:40+00:00","breadcrumb":{"@id":"https:\/\/help.jamk.fi\/peppi\/fi\/kalenteri\/tuudon-kalenteritoiminnot\/tilojen-varaaminen-tuudosta\/#breadcrumb"},"inLanguage":"fi","potentialAction":[{"@type":"ReadAction","target":["https:\/\/help.jamk.fi\/peppi\/fi\/kalenteri\/tuudon-kalenteritoiminnot\/tilojen-varaaminen-tuudosta\/"]}]},{"@type":"ImageObject","inLanguage":"fi","@id":"https:\/\/help.jamk.fi\/peppi\/fi\/kalenteri\/tuudon-kalenteritoiminnot\/tilojen-varaaminen-tuudosta\/#primaryimage","url":"https:\/\/help.jamk.fi\/peppi\/wp-content\/uploads\/sites\/130\/2025\/11\/IMG_6304-e1764755049930.png","contentUrl":"https:\/\/help.jamk.fi\/peppi\/wp-content\/uploads\/sites\/130\/2025\/11\/IMG_6304-e1764755049930.png","width":460,"height":995,"caption":"Tuudon tilavaraus l\u00f6ytyy valikosta Kampus-osion alta"},{"@type":"BreadcrumbList","@id":"https:\/\/help.jamk.fi\/peppi\/fi\/kalenteri\/tuudon-kalenteritoiminnot\/tilojen-varaaminen-tuudosta\/#breadcrumb","itemListElement":[{"@type":"ListItem","position":1,"name":"Home","item":"https:\/\/help.jamk.fi\/peppi\/fi\/"},{"@type":"ListItem","position":2,"name":"Kalenteri","item":"https:\/\/help.jamk.fi\/peppi\/fi\/kalenteri\/"},{"@type":"ListItem","position":3,"name":"Tuudon kalenteritoiminnot","item":"https:\/\/help.jamk.fi\/peppi\/fi\/kalenteri\/tuudon-kalenteritoiminnot\/"},{"@type":"ListItem","position":4,"name":"Tilojen varaaminen Tuudosta"}]},{"@type":"WebSite","@id":"https:\/\/help.jamk.fi\/peppi\/#website","url":"https:\/\/help.jamk.fi\/peppi\/","name":"Peppi","description":"","potentialAction":[{"@type":"SearchAction","target":{"@type":"EntryPoint","urlTemplate":"https:\/\/help.jamk.fi\/peppi\/?s={search_term_string}"},"query-input":{"@type":"PropertyValueSpecification","valueRequired":true,"valueName":"search_term_string"}}],"inLanguage":"fi"}]}},"_links":{"self":[{"href":"https:\/\/help.jamk.fi\/peppi\/wp-json\/wp\/v2\/pages\/2621","targetHints":{"allow":["GET"]}}],"collection":[{"href":"https:\/\/help.jamk.fi\/peppi\/wp-json\/wp\/v2\/pages"}],"about":[{"href":"https:\/\/help.jamk.fi\/peppi\/wp-json\/wp\/v2\/types\/page"}],"author":[{"embeddable":true,"href":"https:\/\/help.jamk.fi\/peppi\/wp-json\/wp\/v2\/users\/76"}],"replies":[{"embeddable":true,"href":"https:\/\/help.jamk.fi\/peppi\/wp-json\/wp\/v2\/comments?post=2621"}],"version-history":[{"count":8,"href":"https:\/\/help.jamk.fi\/peppi\/wp-json\/wp\/v2\/pages\/2621\/revisions"}],"predecessor-version":[{"id":3800,"href":"https:\/\/help.jamk.fi\/peppi\/wp-json\/wp\/v2\/pages\/2621\/revisions\/3800"}],"up":[{"embeddable":true,"href":"https:\/\/help.jamk.fi\/peppi\/wp-json\/wp\/v2\/pages\/2620"}],"wp:attachment":[{"href":"https:\/\/help.jamk.fi\/peppi\/wp-json\/wp\/v2\/media?parent=2621"}],"wp:term":[{"taxonomy":"category","embeddable":true,"href":"https:\/\/help.jamk.fi\/peppi\/wp-json\/wp\/v2\/categories?post=2621"},{"taxonomy":"post_tag","embeddable":true,"href":"https:\/\/help.jamk.fi\/peppi\/wp-json\/wp\/v2\/tags?post=2621"}],"curies":[{"name":"wp","href":"https:\/\/api.w.org\/{rel}","templated":true}]}}