{"id":2626,"date":"2023-08-07T07:51:33","date_gmt":"2023-08-07T04:51:33","guid":{"rendered":"https:\/\/help.jamk.fi\/peppi\/eahot-hyvaksilukeminen\/"},"modified":"2026-04-09T10:35:40","modified_gmt":"2026-04-09T07:35:40","slug":"eahot-hyvaksilukeminen","status":"publish","type":"page","link":"https:\/\/help.jamk.fi\/peppi\/fi\/eahot-hyvaksilukeminen\/","title":{"rendered":"eAHOT-hyv\u00e4ksilukeminen"},"content":{"rendered":"\n<p>Pepin eAHOT-ty\u00f6kalulla voit hakea hyv\u00e4ksilukua <strong>aiemmin suoritetuilla korkeakouluopinnoilla<\/strong> tai<strong> muulla tavoin hankitun osaamisen tunnistamista ja tunnustamista<\/strong> (AHOT). N\u00e4iden lis\u00e4ksi voit hakea ennen opintojen suorittamista <strong>esiahotointia<\/strong>. Katso ohjeet <a href=\"https:\/\/help.jamk.fi\/peppi\/fi\/eahot-hyvaksilukeminen\/esiahothakemus\/\">esiahothakemussivulta<\/a>.<\/p>\n\n\n<div id=\"info-lift-block_1b4da192bb475e4f38c51c1f00ad8460\" class=\"block-info-lift block-info-lift\">\n  <div class=\"row\">\n    <div class=\"col-12\">\n              <div class=\"block-info-lift__content\">\n          <div class=\"block-info-lift__content__icon\">\n            <span>!<\/span>\n          <\/div>\n          <p class=\"block-info-lift__content__text\">Kieli- ja viestint\u00e4opinnot hyv\u00e4ksiluetaan erillisell\u00e4 hakemuksella Kielikeskuksen ohjeiden mukaisesti. Linkin ohjeisiin l\u00f6yd\u00e4t t\u00e4m\u00e4n sivun alaosasta.<\/p>\n        <\/div>\n          <\/div>\n  <\/div>\n<\/div>\n\n\n<p><strong>Tee jokaisesta <a href=\"https:\/\/help.jamk.fi\/peppi\/fi\/eahot-hyvaksilukeminen\/case-esimerkkeja-erilaisista-hyvaksilukutapauksista\/\">hyv\u00e4ksilukutapauksesta<\/a> oma hakemus.<\/strong><\/p>\n\n\n\n<p><strong>Huom. <\/strong>Voit hyv\u00e4ksilukea aiemmin suoritetulla opintojaksolla tai muulla osaamisella hankitun osaamisen <strong>vain yhden kerran<\/strong>. Esim. jos olet suorittanut 5 op opintojakson ja saanut sill\u00e4 hyv\u00e4ksiluettua Jamkin 5 op opintojakson, et voi hakea samalla opintojaksolla hyv\u00e4ksilukua toisaalle. Jos sen sijaan ko. 5 op opintojakso hyv\u00e4ksiluetaan vain osittain esim. 2 op, voit hakea loppuosalla eli 3 op hyv\u00e4ksilukua toisaalle.<\/p>\n\n\n\n<p>Mik\u00e4li toimit ohjeiden vastaisesti, se katsotaan vilpiksi ja hakemukset voidaan hyl\u00e4t\u00e4 j\u00e4lkik\u00e4teenkin.<\/p>\n\n\n<div id=\"info-lift-block_0aadc5aae52b1bfb3f4545966bf8e6cf\" class=\"block-info-lift block-info-lift\">\n  <div class=\"row\">\n    <div class=\"col-12\">\n              <div class=\"block-info-lift__content\">\n          <div class=\"block-info-lift__content__icon\">\n            <span>!<\/span>\n          <\/div>\n          <p class=\"block-info-lift__content__text\">Huom! Avoimen polkuopiskelijat voivat hakea hyv\u00e4ksilukua (sis\u00e4llytt\u00e4minen, korvaaminen) vasta tutkintovaiheessa. Mik\u00e4li polkuun kuuluu opintoja, joihin aiot my\u00f6hemmin hakea hyv\u00e4ksilukua, voit valita n\u00e4iden tilalle polun aikana muita tutkintoon soveltuvia opintoja. Muulla tavoin hankittu osaaminen (ahot) voidaan kuitenkin tunnistaa ja tunnustaa jo avoimessa n\u00e4yt\u00f6n perusteella. N\u00e4in tunnistettu osaaminen merkit\u00e4\u00e4n Peppiin arviointip\u00e4\u00e4t\u00f6ksen\u00e4 (suoritusmerkint\u00e4). Hyv\u00e4ksiluettuja opintoja ei hyv\u00e4ksyt\u00e4 osaksi v\u00e4yl\u00e4hakukelpoisuuteen vaadittuja avoimen korkeakoulun opintoja.<\/p>\n        <\/div>\n          <\/div>\n  <\/div>\n<\/div>\n\n\n<h2 class=\"wp-block-heading\">Varusmiespalvelun hyv\u00e4ksilukeminen<\/h2>\n\n\n\n<p>Varusmiespalvelun aliupseerikoulun ja reserviupseerikoulun opintoja hyv\u00e4ksiluetaan vapaasti valittaviin, johtamisen tai muihin vastaaviin opintoihin seuraavasti: aliupseerikoulu (AUK) 5 op ja reserviupseerikoulu (RUK) 8 op. Kun haet hyv\u00e4ksilukea, nime\u00e4 osaaminen seuraavasti:<\/p>\n\n\n\n<p>Suomeksi-kentt\u00e4\u00e4n<\/p>\n\n\n\n<ul class=\"wp-block-list\">\n<li>Varusmiespalveluksen johtajakoulutus (AUK)<\/li>\n\n\n\n<li>Varusmiespalveluksen johtajakoulutus (RUK)<\/li>\n<\/ul>\n\n\n\n<p>Englanniksi-kentt\u00e4\u00e4n<\/p>\n\n\n\n<ul class=\"wp-block-list\">\n<li>Military Service Leadership Training (NCO)<\/li>\n\n\n\n<li>Military Service Leadership Training (Officer)<\/li>\n<\/ul>\n\n\n\n<p>Muista my\u00f6s lis\u00e4t\u00e4 liitteeksi todistus suoritetusta aliupseerikoulusta tai reserviupseerikoulusta.<\/p>\n\n\n\n<p><\/p>\n\n\n\n<h2 class=\"wp-block-heading\">Yksitt\u00e4isen opintojakson korvaaminen<\/h2>\n\n\n\n<p>Kyseess\u00e4 on <strong>korvaaminen<\/strong>, kun haet hyv\u00e4ksilukua tutkintosi <strong>pakollisiin opintoihin<\/strong>. Korvaavuutta voit hakea yksitt\u00e4isill\u00e4 opinnoilla silloin, kun olet suorittanut niit\u00e4 alle 15 opintopistett\u00e4.<\/p>\n\n\n\n<p>Huomioithan, ett\u00e4 kieli- ja viestint\u00e4opinnoilla on omat ohjeensa <a href=\"https:\/\/jamkstudent.sharepoint.com\/sites\/Kieli-ja-viestintaopinnot-Elmo\/SitePages\/Osaamisen-tunnistaminen.aspx\">Elmo-intrassa (vaaditaan kirjautuminen)<\/a>.<\/p>\n\n\n<div id=\"link-lifts-block_e70e93db857f36c65190fa43d6a3b389\" class=\"link-lifts block-link-lifts\">\n  <div class=\"row\">\n            <div class=\"col-12 col-lg-4 block-link-lifts__column\">\n          <div class=\"block-link-lifts__item pink\">\n            <h3 class=\"block-link-lifts__item--heading\">Katso ohjeet korvaaminen-sivulta<\/h3>\n                          <ul class=\"block-link-lifts__item--link-list\">\n                                                                        <li>\n                                              <a class=\"link-list\" href=\"https:\/\/help.jamk.fi\/peppi\/fi\/eahot-hyvaksilukeminen\/opintojen-hyvaksilukeminen\/\" target=\"_self\">Opintojen hyv\u00e4ksilukeminen &#8211; korvaaminen<\/a>\n                                          <\/li>\n                                                <\/ul>\n            \n          <\/div>\n        <\/div>\n      <\/div>\n<\/div>\n\n\n<h2 class=\"wp-block-heading\">Yksitt\u00e4isen opintojakson sis\u00e4llytt\u00e4minen<\/h2>\n\n\n\n<p>Kyseess\u00e4 on <strong>sis\u00e4llytt\u00e4minen<\/strong>, kun haet hyv\u00e4ksilukua tutkinnon <strong>vaihtoehtoisiin tai vapaasti valittaviin opintoihin<\/strong> sek\u00e4 haettaessa hyv\u00e4ksilukua <strong>pakollisiin opintoihin<\/strong>, joita olet suorittanut yli 15 opintopistett\u00e4. <\/p>\n\n\n\n<p>Huomioithan, ett\u00e4 kieli- ja viestint\u00e4opinnoilla on omat ohjeensa <a href=\"https:\/\/jamkstudent.sharepoint.com\/sites\/Kieli-ja-viestintaopinnot-Elmo\/SitePages\/Osaamisen-tunnistaminen.aspx\">Elmo-intrassa (vaaditaan kirjautuminen)<\/a>.<\/p>\n\n\n<div id=\"link-lifts-block_102d7c7a10383cdbf2eeb749935dcd50\" class=\"link-lifts block-link-lifts\">\n  <div class=\"row\">\n            <div class=\"col-12 col-lg-4 block-link-lifts__column\">\n          <div class=\"block-link-lifts__item pink\">\n            <h3 class=\"block-link-lifts__item--heading\">Katso ohjeet sis\u00e4llytt\u00e4minen-sivulta<\/h3>\n                          <ul class=\"block-link-lifts__item--link-list\">\n                                                                        <li>\n                                              <a class=\"link-list\" href=\"https:\/\/help.jamk.fi\/peppi\/fi\/eahot-hyvaksilukeminen\/opintojen-hyvaksilukeminen-sisallyttaminen\/\" target=\"_self\">Opintojen hyv\u00e4ksilukeminen &#8211; sis\u00e4llytt\u00e4minen<\/a>\n                                          <\/li>\n                                                                                          <li>\n                                              <a class=\"link-list\" href=\"https:\/\/help.jamk.fi\/peppi\/fi\/eahot-hyvaksilukeminen\/opintojen-hyvaksilukeminen-yli-30-opintopistetta\/\" target=\"_self\">Opintojen hyv\u00e4ksilukeminen \u2013 yli 30 opintopistett\u00e4<\/a>\n                                          <\/li>\n                                                <\/ul>\n            \n          <\/div>\n        <\/div>\n      <\/div>\n<\/div>\n\n\n<p><\/p>\n\n\n\n<h2 class=\"wp-block-heading\">Aiemmin hankitun muun osaamisen hyv\u00e4ksilukeminen &#8211; korvaaminen<\/h2>\n\n\n\n<p>Korvaamalla haetaan hyv\u00e4ksilukua <strong>pakollisiin perus- ja ammattiopintoihin sek\u00e4 vaihtoehtoisiin ammattiopintoihin<\/strong>.<\/p>\n\n\n\n<h2 class=\"wp-block-heading\">Aiemmin hankitun muun osaamisen hyv\u00e4ksilukeminen &#8211; sis\u00e4llytt\u00e4minen<\/h2>\n\n\n\n<p>Sis\u00e4llytt\u00e4m\u00e4ll\u00e4 voidaan hyv\u00e4ksilukea vain <strong>vapaasti valittaviin opintoihin liittyv\u00e4\u00e4 osaamista<\/strong>.<\/p>\n\n\n<div id=\"link-lifts-block_bbb07f6af783b89e2c52c6b80a2b1131\" class=\"link-lifts block-link-lifts\">\n  <div class=\"row\">\n            <div class=\"col-12 col-lg-4 block-link-lifts__column\">\n          <div class=\"block-link-lifts__item pink\">\n            <h3 class=\"block-link-lifts__item--heading\">Katso ohjeet Osaamisen hyv\u00e4ksilukeminen -sivulta<\/h3>\n                          <ul class=\"block-link-lifts__item--link-list\">\n                                                                        <li>\n                                              <a class=\"link-list\" href=\"https:\/\/help.jamk.fi\/peppi\/fi\/eahot-hyvaksilukeminen\/osaamisen-hyvaksilukeminen\/\" target=\"_self\">Osaamisen hyv\u00e4ksilukeminen<\/a>\n                                          <\/li>\n                                                <\/ul>\n            \n          <\/div>\n        <\/div>\n      <\/div>\n<\/div>\n\n<div id=\"link-lifts-block_2627bc8b9435584cd24dd123b9f8bd56\" class=\"link-lifts block-link-lifts\">\n  <div class=\"row\">\n            <div class=\"col-12 col-lg-4 block-link-lifts__column\">\n          <div class=\"block-link-lifts__item pink\">\n            <h3 class=\"block-link-lifts__item--heading\">Ohjeita muualla<\/h3>\n                          <ul class=\"block-link-lifts__item--link-list\">\n                                                                        <li>\n                                              <a class=\"link-list\" href=\"https:\/\/www.jamk.fi\/fi\/opiskelijalle\/tutkinto-opiskelija\/hyvaksilukeminen\" target=\"_self\">Hyv\u00e4ksilukeminen (Opiskelijalle-sivut)<\/a>\n                                          <\/li>\n                                                                                          <li>\n                                              <a class=\"link-list lock\" href=\"https:\/\/jamkstudent.sharepoint.com\/sites\/Kieli-ja-viestintaopinnot-Elmo\/SitePages\/Osaamisen-tunnistaminen.aspx\" target=\"_self\" >Kieli- ja viestint\u00e4opintojen hyv\u00e4ksilukemisen ohjeet Elmo-intrassa<i  ><svg aria-hidden=\"true\" viewBox=\"0 0 24 24\" fill=\"none\" xmlns=\"http:\/\/www.w3.org\/2000\/svg\"><g clip-path=\"url(#clip0_1574_4368)\"><circle cx=\"12\" cy=\"12\" r=\"12\" fill=\"#0D004C\"\/><g clip-path=\"url(#clip1_1574_4368)\" fill=\"#fff\"><path d=\"M15.637 11.107v-2.68c0-1.967-1.632-3.57-3.637-3.57S8.363 6.46 8.363 8.43v2.68c-.752 0-1.363.6-1.363 1.338v5.357c0 .739.613 1.339 1.363 1.339h7.272c.752 0 1.363-.6 1.363-1.34v-5.356c0-.738-.61-1.339-1.363-1.339l.002-.001zM9.272 8.429c0-1.477 1.224-2.68 2.728-2.68 1.504 0 2.728 1.201 2.728 2.68v2.68H9.272v-2.68zm6.818 9.375a.451.451 0 01-.455.446H8.363a.45.45 0 01-.454-.446v-5.357a.45.45 0 01.454-.446h7.272c.251 0 .455.2.455.446v5.357z\"\/><path d=\"M12 13.34c-.503 0-.91.4-.91.892 0 .33.185.615.455.77v1.017a.45.45 0 00.455.446.45.45 0 00.454-.446v-1.017a.887.887 0 00.454-.77.902.902 0 00-.908-.892z\"\/><\/g><\/g><defs><clipPath id=\"clip0_1574_4368\"><path fill=\"#fff\" d=\"M0 0h24v24H0z\"\/><\/clipPath><clipPath id=\"clip1_1574_4368\"><path fill=\"#fff\" transform=\"translate(7 4.857)\" d=\"M0 0h10v14.286H0z\"\/><\/clipPath><\/defs><\/svg><\/i><\/a>\n                                          <\/li>\n                                                                                          <li>\n                                              <a class=\"link-list lock\" href=\"https:\/\/jamkstudent.sharepoint.com\/sites\/Opinnaytetyo-ja-kypsyysnayte-Elmo\/SitePages\/AMK-opinn%C3%A4ytety%C3%B6ryhm%C3%A4t-ja-kokoukset.aspx\" target=\"_self\" >Opinn\u00e4ytety\u00f6n hyv\u00e4ksilukemisen ohjeet Elmo-intrassa<i  ><svg aria-hidden=\"true\" viewBox=\"0 0 24 24\" fill=\"none\" xmlns=\"http:\/\/www.w3.org\/2000\/svg\"><g clip-path=\"url(#clip0_1574_4368)\"><circle cx=\"12\" cy=\"12\" r=\"12\" fill=\"#0D004C\"\/><g clip-path=\"url(#clip1_1574_4368)\" fill=\"#fff\"><path d=\"M15.637 11.107v-2.68c0-1.967-1.632-3.57-3.637-3.57S8.363 6.46 8.363 8.43v2.68c-.752 0-1.363.6-1.363 1.338v5.357c0 .739.613 1.339 1.363 1.339h7.272c.752 0 1.363-.6 1.363-1.34v-5.356c0-.738-.61-1.339-1.363-1.339l.002-.001zM9.272 8.429c0-1.477 1.224-2.68 2.728-2.68 1.504 0 2.728 1.201 2.728 2.68v2.68H9.272v-2.68zm6.818 9.375a.451.451 0 01-.455.446H8.363a.45.45 0 01-.454-.446v-5.357a.45.45 0 01.454-.446h7.272c.251 0 .455.2.455.446v5.357z\"\/><path d=\"M12 13.34c-.503 0-.91.4-.91.892 0 .33.185.615.455.77v1.017a.45.45 0 00.455.446.45.45 0 00.454-.446v-1.017a.887.887 0 00.454-.77.902.902 0 00-.908-.892z\"\/><\/g><\/g><defs><clipPath id=\"clip0_1574_4368\"><path fill=\"#fff\" d=\"M0 0h24v24H0z\"\/><\/clipPath><clipPath id=\"clip1_1574_4368\"><path fill=\"#fff\" transform=\"translate(7 4.857)\" d=\"M0 0h10v14.286H0z\"\/><\/clipPath><\/defs><\/svg><\/i><\/a>\n                                          <\/li>\n                                                <\/ul>\n            \n          <\/div>\n        <\/div>\n      <\/div>\n<\/div>","protected":false},"excerpt":{"rendered":"<p>Pepin eAHOT-ty\u00f6kalulla voit hakea hyv\u00e4ksilukua aiemmin suoritetuilla korkeakouluopinnoilla tai muulla tavoin hankitun osaamisen tunnistamista ja tunnustamista (AHOT). N\u00e4iden lis\u00e4ksi voit hakea ennen opintojen suorittamista esiahotointia. Katso ohjeet esiahothakemussivulta. Varusmiespalvelun hyv\u00e4ksilukeminen Varusmiespalvelun aliupseerikoulun ja reserviupseerikoulun opintoja hyv\u00e4ksiluetaan vapaasti valittaviin, johtamisen tai muihin vastaaviin opintoihin seuraavasti: aliupseerikoulu (AUK) 5 op ja reserviupseerikoulu (RUK) 8 op. Kun haet [&hellip;]<\/p>\n","protected":false},"author":82,"featured_media":0,"parent":0,"menu_order":2,"comment_status":"closed","ping_status":"closed","template":"","meta":{"_acf_changed":false,"_relevanssi_hide_post":"","_relevanssi_hide_content":"","_relevanssi_pin_for_all":"","_relevanssi_pin_keywords":"eahot, hyv\u00e4ksilukeminen","_relevanssi_unpin_keywords":"","_relevanssi_related_keywords":"","_relevanssi_related_include_ids":"","_relevanssi_related_exclude_ids":"","_relevanssi_related_no_append":"","_relevanssi_related_not_related":"","_relevanssi_related_posts":"","_relevanssi_noindex_reason":"","footnotes":""},"categories":[1],"tags":[47],"class_list":["post-2626","page","type-page","status-publish","hentry","category-uncategorised","tag-eahot"],"acf":[],"yoast_head":"<!-- This site is optimized with the Yoast SEO plugin v27.3 - https:\/\/yoast.com\/product\/yoast-seo-wordpress\/ -->\n<title>eAHOT-hyv\u00e4ksilukeminen - Peppi<\/title>\n<meta name=\"robots\" content=\"index, follow, max-snippet:-1, max-image-preview:large, max-video-preview:-1\" \/>\n<link rel=\"canonical\" href=\"https:\/\/help.jamk.fi\/peppi\/fi\/eahot-hyvaksilukeminen\/\" \/>\n<meta property=\"og:locale\" content=\"fi_FI\" \/>\n<meta property=\"og:type\" content=\"article\" \/>\n<meta property=\"og:title\" content=\"eAHOT-hyv\u00e4ksilukeminen - Peppi\" \/>\n<meta property=\"og:description\" content=\"Pepin eAHOT-ty\u00f6kalulla voit hakea hyv\u00e4ksilukua aiemmin suoritetuilla korkeakouluopinnoilla tai muulla tavoin hankitun osaamisen tunnistamista ja tunnustamista (AHOT). N\u00e4iden lis\u00e4ksi voit hakea ennen opintojen suorittamista esiahotointia. Katso ohjeet esiahothakemussivulta. Varusmiespalvelun hyv\u00e4ksilukeminen Varusmiespalvelun aliupseerikoulun ja reserviupseerikoulun opintoja hyv\u00e4ksiluetaan vapaasti valittaviin, johtamisen tai muihin vastaaviin opintoihin seuraavasti: aliupseerikoulu (AUK) 5 op ja reserviupseerikoulu (RUK) 8 op. Kun haet [&hellip;]\" \/>\n<meta property=\"og:url\" content=\"https:\/\/help.jamk.fi\/peppi\/fi\/eahot-hyvaksilukeminen\/\" \/>\n<meta property=\"og:site_name\" content=\"Peppi\" \/>\n<meta property=\"article:modified_time\" content=\"2026-04-09T07:35:40+00:00\" \/>\n<meta name=\"twitter:card\" content=\"summary_large_image\" \/>\n<meta name=\"twitter:label1\" content=\"Arvioitu lukuaika\" \/>\n\t<meta name=\"twitter:data1\" content=\"2 minuuttia\" \/>\n<script type=\"application\/ld+json\" class=\"yoast-schema-graph\">{\"@context\":\"https:\\\/\\\/schema.org\",\"@graph\":[{\"@type\":\"WebPage\",\"@id\":\"https:\\\/\\\/help.jamk.fi\\\/peppi\\\/fi\\\/eahot-hyvaksilukeminen\\\/\",\"url\":\"https:\\\/\\\/help.jamk.fi\\\/peppi\\\/fi\\\/eahot-hyvaksilukeminen\\\/\",\"name\":\"eAHOT-hyv\u00e4ksilukeminen - Peppi\",\"isPartOf\":{\"@id\":\"https:\\\/\\\/help.jamk.fi\\\/peppi\\\/#website\"},\"datePublished\":\"2023-08-07T04:51:33+00:00\",\"dateModified\":\"2026-04-09T07:35:40+00:00\",\"breadcrumb\":{\"@id\":\"https:\\\/\\\/help.jamk.fi\\\/peppi\\\/fi\\\/eahot-hyvaksilukeminen\\\/#breadcrumb\"},\"inLanguage\":\"fi\",\"potentialAction\":[{\"@type\":\"ReadAction\",\"target\":[\"https:\\\/\\\/help.jamk.fi\\\/peppi\\\/fi\\\/eahot-hyvaksilukeminen\\\/\"]}]},{\"@type\":\"BreadcrumbList\",\"@id\":\"https:\\\/\\\/help.jamk.fi\\\/peppi\\\/fi\\\/eahot-hyvaksilukeminen\\\/#breadcrumb\",\"itemListElement\":[{\"@type\":\"ListItem\",\"position\":1,\"name\":\"Home\",\"item\":\"https:\\\/\\\/help.jamk.fi\\\/peppi\\\/fi\\\/\"},{\"@type\":\"ListItem\",\"position\":2,\"name\":\"eAHOT-hyv\u00e4ksilukeminen\"}]},{\"@type\":\"WebSite\",\"@id\":\"https:\\\/\\\/help.jamk.fi\\\/peppi\\\/#website\",\"url\":\"https:\\\/\\\/help.jamk.fi\\\/peppi\\\/\",\"name\":\"Peppi\",\"description\":\"\",\"potentialAction\":[{\"@type\":\"SearchAction\",\"target\":{\"@type\":\"EntryPoint\",\"urlTemplate\":\"https:\\\/\\\/help.jamk.fi\\\/peppi\\\/?s={search_term_string}\"},\"query-input\":{\"@type\":\"PropertyValueSpecification\",\"valueRequired\":true,\"valueName\":\"search_term_string\"}}],\"inLanguage\":\"fi\"}]}<\/script>\n<!-- \/ Yoast SEO plugin. -->","yoast_head_json":{"title":"eAHOT-hyv\u00e4ksilukeminen - Peppi","robots":{"index":"index","follow":"follow","max-snippet":"max-snippet:-1","max-image-preview":"max-image-preview:large","max-video-preview":"max-video-preview:-1"},"canonical":"https:\/\/help.jamk.fi\/peppi\/fi\/eahot-hyvaksilukeminen\/","og_locale":"fi_FI","og_type":"article","og_title":"eAHOT-hyv\u00e4ksilukeminen - Peppi","og_description":"Pepin eAHOT-ty\u00f6kalulla voit hakea hyv\u00e4ksilukua aiemmin suoritetuilla korkeakouluopinnoilla tai muulla tavoin hankitun osaamisen tunnistamista ja tunnustamista (AHOT). N\u00e4iden lis\u00e4ksi voit hakea ennen opintojen suorittamista esiahotointia. Katso ohjeet esiahothakemussivulta. Varusmiespalvelun hyv\u00e4ksilukeminen Varusmiespalvelun aliupseerikoulun ja reserviupseerikoulun opintoja hyv\u00e4ksiluetaan vapaasti valittaviin, johtamisen tai muihin vastaaviin opintoihin seuraavasti: aliupseerikoulu (AUK) 5 op ja reserviupseerikoulu (RUK) 8 op. Kun haet [&hellip;]","og_url":"https:\/\/help.jamk.fi\/peppi\/fi\/eahot-hyvaksilukeminen\/","og_site_name":"Peppi","article_modified_time":"2026-04-09T07:35:40+00:00","twitter_card":"summary_large_image","twitter_misc":{"Arvioitu lukuaika":"2 minuuttia"},"schema":{"@context":"https:\/\/schema.org","@graph":[{"@type":"WebPage","@id":"https:\/\/help.jamk.fi\/peppi\/fi\/eahot-hyvaksilukeminen\/","url":"https:\/\/help.jamk.fi\/peppi\/fi\/eahot-hyvaksilukeminen\/","name":"eAHOT-hyv\u00e4ksilukeminen - Peppi","isPartOf":{"@id":"https:\/\/help.jamk.fi\/peppi\/#website"},"datePublished":"2023-08-07T04:51:33+00:00","dateModified":"2026-04-09T07:35:40+00:00","breadcrumb":{"@id":"https:\/\/help.jamk.fi\/peppi\/fi\/eahot-hyvaksilukeminen\/#breadcrumb"},"inLanguage":"fi","potentialAction":[{"@type":"ReadAction","target":["https:\/\/help.jamk.fi\/peppi\/fi\/eahot-hyvaksilukeminen\/"]}]},{"@type":"BreadcrumbList","@id":"https:\/\/help.jamk.fi\/peppi\/fi\/eahot-hyvaksilukeminen\/#breadcrumb","itemListElement":[{"@type":"ListItem","position":1,"name":"Home","item":"https:\/\/help.jamk.fi\/peppi\/fi\/"},{"@type":"ListItem","position":2,"name":"eAHOT-hyv\u00e4ksilukeminen"}]},{"@type":"WebSite","@id":"https:\/\/help.jamk.fi\/peppi\/#website","url":"https:\/\/help.jamk.fi\/peppi\/","name":"Peppi","description":"","potentialAction":[{"@type":"SearchAction","target":{"@type":"EntryPoint","urlTemplate":"https:\/\/help.jamk.fi\/peppi\/?s={search_term_string}"},"query-input":{"@type":"PropertyValueSpecification","valueRequired":true,"valueName":"search_term_string"}}],"inLanguage":"fi"}]}},"_links":{"self":[{"href":"https:\/\/help.jamk.fi\/peppi\/wp-json\/wp\/v2\/pages\/2626","targetHints":{"allow":["GET"]}}],"collection":[{"href":"https:\/\/help.jamk.fi\/peppi\/wp-json\/wp\/v2\/pages"}],"about":[{"href":"https:\/\/help.jamk.fi\/peppi\/wp-json\/wp\/v2\/types\/page"}],"author":[{"embeddable":true,"href":"https:\/\/help.jamk.fi\/peppi\/wp-json\/wp\/v2\/users\/82"}],"replies":[{"embeddable":true,"href":"https:\/\/help.jamk.fi\/peppi\/wp-json\/wp\/v2\/comments?post=2626"}],"version-history":[{"count":45,"href":"https:\/\/help.jamk.fi\/peppi\/wp-json\/wp\/v2\/pages\/2626\/revisions"}],"predecessor-version":[{"id":4028,"href":"https:\/\/help.jamk.fi\/peppi\/wp-json\/wp\/v2\/pages\/2626\/revisions\/4028"}],"wp:attachment":[{"href":"https:\/\/help.jamk.fi\/peppi\/wp-json\/wp\/v2\/media?parent=2626"}],"wp:term":[{"taxonomy":"category","embeddable":true,"href":"https:\/\/help.jamk.fi\/peppi\/wp-json\/wp\/v2\/categories?post=2626"},{"taxonomy":"post_tag","embeddable":true,"href":"https:\/\/help.jamk.fi\/peppi\/wp-json\/wp\/v2\/tags?post=2626"}],"curies":[{"name":"wp","href":"https:\/\/api.w.org\/{rel}","templated":true}]}}