{"id":2628,"date":"2023-08-18T10:09:41","date_gmt":"2023-08-18T07:09:41","guid":{"rendered":"https:\/\/help.jamk.fi\/peppi\/eahot-hyvaksilukeminen\/case-esimerkkeja-erilaisista-hyvaksilukutapauksista\/"},"modified":"2026-01-30T14:46:53","modified_gmt":"2026-01-30T12:46:53","slug":"case-esimerkkeja-erilaisista-hyvaksilukutapauksista","status":"publish","type":"page","link":"https:\/\/help.jamk.fi\/peppi\/fi\/eahot-hyvaksilukeminen\/case-esimerkkeja-erilaisista-hyvaksilukutapauksista\/","title":{"rendered":"Case-esimerkkej\u00e4 erilaisista hyv\u00e4ksilukutapauksista"},"content":{"rendered":"\n<h2 class=\"wp-block-heading\">1. Yksi opintojakso korvaa tutkinnon pakollisen opintojakson<\/h2>\n\n\n\n<blockquote class=\"wp-block-quote is-layout-flow wp-block-quote-is-layout-flow\">\n<p>Olet suorittanut toisessa oppilaitoksessa opinnon, jonka osaaminen vastaa tutkinnossasi olevan pakollisen opintojakson osaamista (yleens\u00e4 my\u00f6s laajuus on sama).<\/p>\n<\/blockquote>\n\n\n\n<ul class=\"wp-block-list\">\n<li>Hyv\u00e4ksilukemisen tyyppi: Korvaaminen<\/li>\n\n\n\n<li>Hakemus osoitetaan: Korvaavan opintojakson vastuuhenkil\u00f6lle<\/li>\n\n\n\n<li>Uusi hakemus: Valitaan \u201dLis\u00e4\u00e4 aiemmin suoritettu opinto\u201d<\/li>\n\n\n\n<li>Liite: Opintosuoritusote ja mahdollinen linkki oma opintopolkuun<\/li>\n\n\n\n<li>Valitse HOPSin opinnoista se opintojakso, jonka haluat korvata.<\/li>\n<\/ul>\n\n\n\n<p>Huom. Jos aiemmin suorittamasi opintojakson laajuus on suurempi kuin Jamkin korvattavan opintojakson ja osaamista on kertynyt enemm\u00e4n, voit hakea &#8221;ylij\u00e4\u00e4neell\u00e4&#8221; suorituksella hyv\u00e4ksilukua esim. vapaasti valittaviin opintoihin. Hae hyv\u00e4ksilukua erillisell\u00e4 hakemuksella.<\/p>\n\n\n\n<h2 class=\"wp-block-heading\">2. Monta opintojaksoa korvaa tutkinnossa olevan pakollisen opintojakson<\/h2>\n\n\n\n<blockquote class=\"wp-block-quote is-layout-flow wp-block-quote-is-layout-flow\">\n<p>Olet suorittanut toisessa oppilaitoksessa useita opintoja, joiden osaaminen vastaa tutkinnossasi olevan pakollisen opintojakson osaamista.<\/p>\n<\/blockquote>\n\n\n\n<ul class=\"wp-block-list\">\n<li>Hyv\u00e4ksilukemisen tyyppi: Korvaaminen<\/li>\n\n\n\n<li>Hakemus osoitetaan: Korvaavan opintojakson vastuuhenkil\u00f6lle<\/li>\n\n\n\n<li>Uusi hakemus: Valitaan \u201dLis\u00e4\u00e4 aiemmin suoritettu opinto\u201d<\/li>\n\n\n\n<li>Liite: Opintosuoritusote ja mahdollinen linkki oma opintopolkuun<\/li>\n\n\n\n<li>Valitse HOPSin opinnoista se opintojakso, jonka haluat korvata.<\/li>\n<\/ul>\n\n\n\n<p>Huom. Lis\u00e4\u00e4 uusi korvaava opintojakso hakemukselle &#8221;Lis\u00e4\u00e4 opinto&#8221; -painikkeesta.<\/p>\n\n\n\n<h2 class=\"wp-block-heading\">3. Yksi opintojakso sis\u00e4llytet\u00e4\u00e4n tutkintoon<\/h2>\n\n\n\n<blockquote class=\"wp-block-quote is-layout-flow wp-block-quote-is-layout-flow\">\n<p>Olet suorittanut toisessa oppilaitoksessa opinnon, jolle ei l\u00f6ydy korvaavuutta HOPSistasi, mutta jonka osaaminen voidaan sis\u00e4llytt\u00e4\u00e4 joko tutkinnon vaihtoehtoisiin tai vapaasti valittaviin opintoihin.<\/p>\n<\/blockquote>\n\n\n\n<ul class=\"wp-block-list\">\n<li>Hyv\u00e4ksilukemisen tyyppi: Sis\u00e4llytt\u00e4minen<\/li>\n\n\n\n<li>Hakemus osoitetaan: Tutkintovastaava tai koulutuksesta vastaava henkil\u00f6<\/li>\n\n\n\n<li>Uusi hakemus: Valitaan \u201dLis\u00e4\u00e4 aiemmin suoritettu opinto\u201d<\/li>\n\n\n\n<li>Liite: Opintosuoritusote ja mahdollinen linkki oma opintopolkuun<\/li>\n\n\n\n<li>Sijoita sis\u00e4llytett\u00e4v\u00e4 opinto HOPSin rakenteeseen. Valitse se opintokokonaisuus, johon aiemmin suorittamasi opinto sis\u00e4llytet\u00e4\u00e4n. T\u00e4m\u00e4 voi olla esimerkiksi Vapaasti valittavat opinnot.<\/li>\n<\/ul>\n\n\n\n<h2 class=\"wp-block-heading\">4. Opintokokonaisuus sis\u00e4llytet\u00e4\u00e4n tutkintoon<\/h2>\n\n\n\n<blockquote class=\"wp-block-quote is-layout-flow wp-block-quote-is-layout-flow\">\n<p>Olet suorittanut toisessa oppilaitoksessa opintokokonaisuuden (yli 15 op), jolle ei l\u00f6ydy korvaavuutta HOPSistasi, mutta jonka osaaminen voidaan sis\u00e4llytt\u00e4\u00e4 tutkintoon. Sovi sis\u00e4llytt\u00e4misest\u00e4 aina alan k\u00e4yt\u00e4nn\u00f6n mukaisesti esimerkiksi opettajatutorisi kanssa.<\/p>\n<\/blockquote>\n\n\n\n<ul class=\"wp-block-list\">\n<li>Hyv\u00e4ksilukemisen tyyppi: Sis\u00e4llytt\u00e4minen<\/li>\n\n\n\n<li>Hakemus osoitetaan: Tutkintovastaava tai koulutuksesta vastaava henkil\u00f6<\/li>\n\n\n\n<li>Uusi hakemus: Valitaan \u201dLis\u00e4\u00e4 aiemmin suoritettu opinto\u201d<\/li>\n\n\n\n<li>Liite: Opintosuoritusote ja mahdollinen linkki oma opintopolkuun<\/li>\n\n\n\n<li>Sijoita sis\u00e4llytett\u00e4v\u00e4t opinnot jokainen erikseen HOPSin rakenteeseen. Valitse se opintokokonaisuus, johon aiemmin suorittamasi opinto sis\u00e4llytet\u00e4\u00e4n.<\/li>\n<\/ul>\n\n\n\n<h2 class=\"wp-block-heading\">5. Aiemmin hankittu osaaminen korvaa yhden tai useamman pakollisen opintojakson<\/h2>\n\n\n\n<blockquote class=\"wp-block-quote is-layout-flow wp-block-quote-is-layout-flow\">\n<p>Olet aiemmin hankkinut osaamista (esim. ty\u00f6kokemuksen kautta), jolla voit korvata tutkintosi yhden tai useamman pakollisen tai vaihtoehtoisen opintojakson. Tutustu aina tutkintosi opintojaksojen osaamistavoitteisiin ja vertaa omaa osaamistasi niihin.<\/p>\n<\/blockquote>\n\n\n\n<ul class=\"wp-block-list\">\n<li>Hyv\u00e4ksilukemisen tyyppi: Korvaaminen<\/li>\n\n\n\n<li>Hakemus osoitetaan: Korvaavan opintojakson vastuuhenkil\u00f6lle<\/li>\n\n\n\n<li>Uusi hakemus: Valitaan \u201dLis\u00e4\u00e4 aiemmin hankittu muu osaaminen\u201d<\/li>\n\n\n\n<li>Liite: Ty\u00f6todistus tai harrastuksesta saatu todistus, portfolio, video, osaamisp\u00e4iv\u00e4kirja tms.<\/li>\n\n\n\n<li>Valitse HOPSin opinnoista se\/ne opintojaksot, jotka haluat korvata.<\/li>\n<\/ul>\n\n\n\n<h2 class=\"wp-block-heading\">6. Aiemmin hankittu osaaminen sis\u00e4llytet\u00e4\u00e4n tutkinnon vapaasti valittaviin opintoihin<\/h2>\n\n\n\n<blockquote class=\"wp-block-quote is-layout-flow wp-block-quote-is-layout-flow\">\n<p>Olet aiemmin hankkinut osaamista (esim. ty\u00f6kokemuksen kautta), jolle ei l\u00f6ydy korvaavuutta HOPSistasi, mutta jonka voit sis\u00e4llytt\u00e4\u00e4 tutkintosi vapaasti valittaviin opintoihin.<\/p>\n<\/blockquote>\n\n\n\n<ul class=\"wp-block-list\">\n<li>Hyv\u00e4ksilukemisen tyyppi: Sis\u00e4llytt\u00e4minen<\/li>\n\n\n\n<li>Hakemus osoitetaan: Tutkintovastaava tai koulutuksesta vastaava henkil\u00f6<\/li>\n\n\n\n<li>Uusi hakemus: Valitaan \u201d Lis\u00e4\u00e4 aiemmin hankittu muu osaaminen\u201d<\/li>\n\n\n\n<li>Liite: Ty\u00f6todistus tai harrastuksesta saatu todistus, portfolio, video, osaamisp\u00e4iv\u00e4kirja tms.<\/li>\n\n\n\n<li>Sijoita sis\u00e4llytett\u00e4v\u00e4 osaaminen HOPSin rakenteeseen. Valitse Vapaasti valittavat opinnot -opintokokonaisuus.<\/li>\n\n\n\n<li>Huom. Kiinnit\u00e4 huomiota Suorituspaikka-kohdassa Ty\u00f6nimike\/muu -kent\u00e4n sis\u00e4lt\u00f6\u00f6n, sill\u00e4 se tulee n\u00e4kyviin opintosuoritusotteellesi. Kirjoita kentt\u00e4\u00e4n joko ty\u00f6teht\u00e4v\u00e4si nimike tai kuvaa lyhyesti osaamista, jota olet hankkinut. Se voi olla esimerkiksi &#8221;tiimin johtaminen&#8221; tai &#8221;johtamisosaaminen&#8221;.<\/li>\n<\/ul>\n","protected":false},"excerpt":{"rendered":"<p>1. Yksi opintojakso korvaa tutkinnon pakollisen opintojakson Olet suorittanut toisessa oppilaitoksessa opinnon, jonka osaaminen vastaa tutkinnossasi olevan pakollisen opintojakson osaamista (yleens\u00e4 my\u00f6s laajuus on sama). Huom. Jos aiemmin suorittamasi opintojakson laajuus on suurempi kuin Jamkin korvattavan opintojakson ja osaamista on kertynyt enemm\u00e4n, voit hakea &#8221;ylij\u00e4\u00e4neell\u00e4&#8221; suorituksella hyv\u00e4ksilukua esim. vapaasti valittaviin opintoihin. Hae hyv\u00e4ksilukua erillisell\u00e4 hakemuksella. [&hellip;]<\/p>\n","protected":false},"author":79,"featured_media":0,"parent":2626,"menu_order":8,"comment_status":"closed","ping_status":"closed","template":"","meta":{"_acf_changed":false,"_relevanssi_hide_post":"","_relevanssi_hide_content":"","_relevanssi_pin_for_all":"","_relevanssi_pin_keywords":"","_relevanssi_unpin_keywords":"","_relevanssi_related_keywords":"","_relevanssi_related_include_ids":"","_relevanssi_related_exclude_ids":"","_relevanssi_related_no_append":"","_relevanssi_related_not_related":"","_relevanssi_related_posts":"","_relevanssi_noindex_reason":"","footnotes":""},"categories":[1],"tags":[47],"class_list":["post-2628","page","type-page","status-publish","hentry","category-uncategorised","tag-eahot"],"acf":[],"yoast_head":"<!-- This site is optimized with the Yoast SEO plugin v27.4 - https:\/\/yoast.com\/product\/yoast-seo-wordpress\/ -->\n<title>Case-esimerkkej\u00e4 erilaisista hyv\u00e4ksilukutapauksista - Peppi<\/title>\n<meta name=\"robots\" content=\"index, follow, max-snippet:-1, max-image-preview:large, max-video-preview:-1\" \/>\n<link rel=\"canonical\" href=\"https:\/\/help.jamk.fi\/peppi\/fi\/eahot-hyvaksilukeminen\/case-esimerkkeja-erilaisista-hyvaksilukutapauksista\/\" \/>\n<meta property=\"og:locale\" content=\"fi_FI\" \/>\n<meta property=\"og:type\" content=\"article\" \/>\n<meta property=\"og:title\" content=\"Case-esimerkkej\u00e4 erilaisista hyv\u00e4ksilukutapauksista - Peppi\" \/>\n<meta property=\"og:description\" content=\"1. Yksi opintojakso korvaa tutkinnon pakollisen opintojakson Olet suorittanut toisessa oppilaitoksessa opinnon, jonka osaaminen vastaa tutkinnossasi olevan pakollisen opintojakson osaamista (yleens\u00e4 my\u00f6s laajuus on sama). Huom. Jos aiemmin suorittamasi opintojakson laajuus on suurempi kuin Jamkin korvattavan opintojakson ja osaamista on kertynyt enemm\u00e4n, voit hakea &#8221;ylij\u00e4\u00e4neell\u00e4&#8221; suorituksella hyv\u00e4ksilukua esim. vapaasti valittaviin opintoihin. Hae hyv\u00e4ksilukua erillisell\u00e4 hakemuksella. [&hellip;]\" \/>\n<meta property=\"og:url\" content=\"https:\/\/help.jamk.fi\/peppi\/fi\/eahot-hyvaksilukeminen\/case-esimerkkeja-erilaisista-hyvaksilukutapauksista\/\" \/>\n<meta property=\"og:site_name\" content=\"Peppi\" \/>\n<meta property=\"article:modified_time\" content=\"2026-01-30T12:46:53+00:00\" \/>\n<meta name=\"twitter:card\" content=\"summary_large_image\" \/>\n<meta name=\"twitter:label1\" content=\"Arvioitu lukuaika\" \/>\n\t<meta name=\"twitter:data1\" content=\"3 minuuttia\" \/>\n<script type=\"application\/ld+json\" class=\"yoast-schema-graph\">{\"@context\":\"https:\\\/\\\/schema.org\",\"@graph\":[{\"@type\":\"WebPage\",\"@id\":\"https:\\\/\\\/help.jamk.fi\\\/peppi\\\/fi\\\/eahot-hyvaksilukeminen\\\/case-esimerkkeja-erilaisista-hyvaksilukutapauksista\\\/\",\"url\":\"https:\\\/\\\/help.jamk.fi\\\/peppi\\\/fi\\\/eahot-hyvaksilukeminen\\\/case-esimerkkeja-erilaisista-hyvaksilukutapauksista\\\/\",\"name\":\"Case-esimerkkej\u00e4 erilaisista hyv\u00e4ksilukutapauksista - Peppi\",\"isPartOf\":{\"@id\":\"https:\\\/\\\/help.jamk.fi\\\/peppi\\\/#website\"},\"datePublished\":\"2023-08-18T07:09:41+00:00\",\"dateModified\":\"2026-01-30T12:46:53+00:00\",\"breadcrumb\":{\"@id\":\"https:\\\/\\\/help.jamk.fi\\\/peppi\\\/fi\\\/eahot-hyvaksilukeminen\\\/case-esimerkkeja-erilaisista-hyvaksilukutapauksista\\\/#breadcrumb\"},\"inLanguage\":\"fi\",\"potentialAction\":[{\"@type\":\"ReadAction\",\"target\":[\"https:\\\/\\\/help.jamk.fi\\\/peppi\\\/fi\\\/eahot-hyvaksilukeminen\\\/case-esimerkkeja-erilaisista-hyvaksilukutapauksista\\\/\"]}]},{\"@type\":\"BreadcrumbList\",\"@id\":\"https:\\\/\\\/help.jamk.fi\\\/peppi\\\/fi\\\/eahot-hyvaksilukeminen\\\/case-esimerkkeja-erilaisista-hyvaksilukutapauksista\\\/#breadcrumb\",\"itemListElement\":[{\"@type\":\"ListItem\",\"position\":1,\"name\":\"Home\",\"item\":\"https:\\\/\\\/help.jamk.fi\\\/peppi\\\/fi\\\/\"},{\"@type\":\"ListItem\",\"position\":2,\"name\":\"eAHOT-hyv\u00e4ksilukeminen\",\"item\":\"https:\\\/\\\/help.jamk.fi\\\/peppi\\\/fi\\\/eahot-hyvaksilukeminen\\\/\"},{\"@type\":\"ListItem\",\"position\":3,\"name\":\"Case-esimerkkej\u00e4 erilaisista hyv\u00e4ksilukutapauksista\"}]},{\"@type\":\"WebSite\",\"@id\":\"https:\\\/\\\/help.jamk.fi\\\/peppi\\\/#website\",\"url\":\"https:\\\/\\\/help.jamk.fi\\\/peppi\\\/\",\"name\":\"Peppi\",\"description\":\"\",\"potentialAction\":[{\"@type\":\"SearchAction\",\"target\":{\"@type\":\"EntryPoint\",\"urlTemplate\":\"https:\\\/\\\/help.jamk.fi\\\/peppi\\\/?s={search_term_string}\"},\"query-input\":{\"@type\":\"PropertyValueSpecification\",\"valueRequired\":true,\"valueName\":\"search_term_string\"}}],\"inLanguage\":\"fi\"}]}<\/script>\n<!-- \/ Yoast SEO plugin. -->","yoast_head_json":{"title":"Case-esimerkkej\u00e4 erilaisista hyv\u00e4ksilukutapauksista - Peppi","robots":{"index":"index","follow":"follow","max-snippet":"max-snippet:-1","max-image-preview":"max-image-preview:large","max-video-preview":"max-video-preview:-1"},"canonical":"https:\/\/help.jamk.fi\/peppi\/fi\/eahot-hyvaksilukeminen\/case-esimerkkeja-erilaisista-hyvaksilukutapauksista\/","og_locale":"fi_FI","og_type":"article","og_title":"Case-esimerkkej\u00e4 erilaisista hyv\u00e4ksilukutapauksista - Peppi","og_description":"1. Yksi opintojakso korvaa tutkinnon pakollisen opintojakson Olet suorittanut toisessa oppilaitoksessa opinnon, jonka osaaminen vastaa tutkinnossasi olevan pakollisen opintojakson osaamista (yleens\u00e4 my\u00f6s laajuus on sama). Huom. Jos aiemmin suorittamasi opintojakson laajuus on suurempi kuin Jamkin korvattavan opintojakson ja osaamista on kertynyt enemm\u00e4n, voit hakea &#8221;ylij\u00e4\u00e4neell\u00e4&#8221; suorituksella hyv\u00e4ksilukua esim. vapaasti valittaviin opintoihin. Hae hyv\u00e4ksilukua erillisell\u00e4 hakemuksella. [&hellip;]","og_url":"https:\/\/help.jamk.fi\/peppi\/fi\/eahot-hyvaksilukeminen\/case-esimerkkeja-erilaisista-hyvaksilukutapauksista\/","og_site_name":"Peppi","article_modified_time":"2026-01-30T12:46:53+00:00","twitter_card":"summary_large_image","twitter_misc":{"Arvioitu lukuaika":"3 minuuttia"},"schema":{"@context":"https:\/\/schema.org","@graph":[{"@type":"WebPage","@id":"https:\/\/help.jamk.fi\/peppi\/fi\/eahot-hyvaksilukeminen\/case-esimerkkeja-erilaisista-hyvaksilukutapauksista\/","url":"https:\/\/help.jamk.fi\/peppi\/fi\/eahot-hyvaksilukeminen\/case-esimerkkeja-erilaisista-hyvaksilukutapauksista\/","name":"Case-esimerkkej\u00e4 erilaisista hyv\u00e4ksilukutapauksista - Peppi","isPartOf":{"@id":"https:\/\/help.jamk.fi\/peppi\/#website"},"datePublished":"2023-08-18T07:09:41+00:00","dateModified":"2026-01-30T12:46:53+00:00","breadcrumb":{"@id":"https:\/\/help.jamk.fi\/peppi\/fi\/eahot-hyvaksilukeminen\/case-esimerkkeja-erilaisista-hyvaksilukutapauksista\/#breadcrumb"},"inLanguage":"fi","potentialAction":[{"@type":"ReadAction","target":["https:\/\/help.jamk.fi\/peppi\/fi\/eahot-hyvaksilukeminen\/case-esimerkkeja-erilaisista-hyvaksilukutapauksista\/"]}]},{"@type":"BreadcrumbList","@id":"https:\/\/help.jamk.fi\/peppi\/fi\/eahot-hyvaksilukeminen\/case-esimerkkeja-erilaisista-hyvaksilukutapauksista\/#breadcrumb","itemListElement":[{"@type":"ListItem","position":1,"name":"Home","item":"https:\/\/help.jamk.fi\/peppi\/fi\/"},{"@type":"ListItem","position":2,"name":"eAHOT-hyv\u00e4ksilukeminen","item":"https:\/\/help.jamk.fi\/peppi\/fi\/eahot-hyvaksilukeminen\/"},{"@type":"ListItem","position":3,"name":"Case-esimerkkej\u00e4 erilaisista hyv\u00e4ksilukutapauksista"}]},{"@type":"WebSite","@id":"https:\/\/help.jamk.fi\/peppi\/#website","url":"https:\/\/help.jamk.fi\/peppi\/","name":"Peppi","description":"","potentialAction":[{"@type":"SearchAction","target":{"@type":"EntryPoint","urlTemplate":"https:\/\/help.jamk.fi\/peppi\/?s={search_term_string}"},"query-input":{"@type":"PropertyValueSpecification","valueRequired":true,"valueName":"search_term_string"}}],"inLanguage":"fi"}]}},"_links":{"self":[{"href":"https:\/\/help.jamk.fi\/peppi\/wp-json\/wp\/v2\/pages\/2628","targetHints":{"allow":["GET"]}}],"collection":[{"href":"https:\/\/help.jamk.fi\/peppi\/wp-json\/wp\/v2\/pages"}],"about":[{"href":"https:\/\/help.jamk.fi\/peppi\/wp-json\/wp\/v2\/types\/page"}],"author":[{"embeddable":true,"href":"https:\/\/help.jamk.fi\/peppi\/wp-json\/wp\/v2\/users\/79"}],"replies":[{"embeddable":true,"href":"https:\/\/help.jamk.fi\/peppi\/wp-json\/wp\/v2\/comments?post=2628"}],"version-history":[{"count":2,"href":"https:\/\/help.jamk.fi\/peppi\/wp-json\/wp\/v2\/pages\/2628\/revisions"}],"predecessor-version":[{"id":3670,"href":"https:\/\/help.jamk.fi\/peppi\/wp-json\/wp\/v2\/pages\/2628\/revisions\/3670"}],"up":[{"embeddable":true,"href":"https:\/\/help.jamk.fi\/peppi\/wp-json\/wp\/v2\/pages\/2626"}],"wp:attachment":[{"href":"https:\/\/help.jamk.fi\/peppi\/wp-json\/wp\/v2\/media?parent=2628"}],"wp:term":[{"taxonomy":"category","embeddable":true,"href":"https:\/\/help.jamk.fi\/peppi\/wp-json\/wp\/v2\/categories?post=2628"},{"taxonomy":"post_tag","embeddable":true,"href":"https:\/\/help.jamk.fi\/peppi\/wp-json\/wp\/v2\/tags?post=2628"}],"curies":[{"name":"wp","href":"https:\/\/api.w.org\/{rel}","templated":true}]}}