{"id":2629,"date":"2023-08-22T07:15:51","date_gmt":"2023-08-22T04:15:51","guid":{"rendered":"https:\/\/help.jamk.fi\/peppi\/eahot-hyvaksilukeminen\/nain-taytat-eahot-hakemuksen\/"},"modified":"2026-03-04T15:06:45","modified_gmt":"2026-03-04T13:06:45","slug":"nain-taytat-eahot-hakemuksen","status":"publish","type":"page","link":"https:\/\/help.jamk.fi\/peppi\/fi\/eahot-hyvaksilukeminen\/nain-taytat-eahot-hakemuksen\/","title":{"rendered":"N\u00e4in t\u00e4yt\u00e4t eAHOT-hakemuksen"},"content":{"rendered":"\n<p>T\u00e4yt\u00e4 hakemus aina mahdollisimman tarkalla tasolla, jotta opettajan ei tarvitse l\u00e4hett\u00e4\u00e4 hakemustasi takaisin t\u00e4ydennett\u00e4v\u00e4ksi. Esimerkiksi jos haet hyv\u00e4ksilukua aiemmin suoritetuilla korkeakouluopinnoilla, etsi ko. korkeakoulun sivuilta opinnon koodi ja tavoitteet ja tuo ne hakemukselle. Liitteet on aina lis\u00e4tt\u00e4v\u00e4 hakemukselle (opintosuoritusote tai muu vastaava todistus suoritetuista opinnoista).<\/p>\n\n\n\n<p>Etene hakemuksella sen mukaan, onko kyseess\u00e4 korvaaminen vai sis\u00e4llytt\u00e4minen.<\/p>\n\n\n\n<p>Lue ensin <strong>hyv\u00e4ksilukemisen yleiset ohjeet<\/strong> <a href=\"https:\/\/help.jamk.fi\/peppi\/fi\/eahot-hyvaksilukeminen\/\">eAHOT-hyv\u00e4ksilukeminen -sivulta<\/a>. <\/p>\n\n\n\n<h2 class=\"wp-block-heading\">Hyv\u00e4ksilukuhakemuksen t\u00e4ytt\u00e4minen<\/h2>\n\n\n\n<h3 class=\"wp-block-heading\">Ohjauskeskustelun tiedot<\/h3>\n\n\n\r\n<div id=\"embed-block_1cd1186b31d44e5bd98312d67a8f3133\" class=\"embed block-embed\">\r\n      <div class=\"block-embed__wrapper\">\r\n\r\n      \r\n          <div class=\"block-embed__cookie-notice--wrapper\" id=\"cookie-notice\">\r\n              <div class=\"block-embed__cookie-notice--text\">\r\n                                    <p>Hyv\u00e4ksy v\u00e4ltt\u00e4m\u00e4tt\u00f6m\u00e4t ev\u00e4steet n\u00e4hd\u00e4ksesi upotetun sis\u00e4ll\u00f6n: marketing, analytics, preferences.<\/p>\r\n                  <a href=\"#\" class=\"ch2-open-settings-btn\"> Hyv\u00e4ksy v\u00e4ltt\u00e4m\u00e4tt\u00f6m\u00e4t ev\u00e4steet<\/a>\r\n              <\/div>\r\n              <div class=\"block-embed__cookie-reload-notice\">\r\n                  <p class=\"cookie-reload-text\">\r\n                    (Jos olet hyv\u00e4ksynyt ev\u00e4steet, mutta n\u00e4et silti t\u00e4m\u00e4n viestin, lataa sivu uudelleen.)                  <\/p>\r\n                  <a href=\"#\" onclick=\"location.reload(); return false;\">\r\n                    Lataa sivu uudelleen                  <\/a>\r\n              <\/div>\r\n          <\/div>\r\n\r\n      \r\n      <\/div>\r\n<\/div>\r\n\n\n\n<p>Aloita eAHOT-hyv\u00e4ksilukeminen aina k\u00e4ym\u00e4ll\u00e4 <strong>ohjauskeskustelu<\/strong> esimerkiksi opettajatutorisi kanssa. T\u00e4yt\u00e4 sen j\u00e4lkeen hakemus Pepiss\u00e4, jossa lis\u00e4\u00e4t ensin ohjauskeskustelun tiedot.<\/p>\n\n\n\n<ol class=\"wp-block-list\">\n<li>Siirry Opiskelijan ty\u00f6p\u00f6yd\u00e4ll\u00e4 eAHOT-hyv\u00e4ksilukeminen-sivulle ja valitse sivun oikeasta yl\u00e4reunasta <strong>Uusi hakemus<\/strong> (kuvio 1).<\/li>\n\n\n\n<li>T\u00e4yt\u00e4 <strong>ohjauskeskustelun<\/strong> tiedot (kuvio 2):\n<ul class=\"wp-block-list\">\n<li>Hakemuslomakkeen ensimm\u00e4inen sivu on suositeltavaa tehd\u00e4 ohjauskeskustelun yhteydess\u00e4.<\/li>\n\n\n\n<li>Laita p\u00e4iv\u00e4m\u00e4\u00e4r\u00e4kentt\u00e4\u00e4n p\u00e4iv\u00e4m\u00e4\u00e4r\u00e4, jolloin k\u00e4vit ohjauskeskustelun.<\/li>\n\n\n\n<li>Valitse alasvetovalikosta sen opettajan nimi, jonka kanssa keskustelun k\u00e4vit.<\/li>\n\n\n\n<li>Kirjoita Lis\u00e4tietoja-kentt\u00e4\u00e4n keskustelun sis\u00e4lt\u00f6 ja se, mit\u00e4 sovittiin. Huom. eth\u00e4n kirjoita hakemukselle mit\u00e4\u00e4n arkaluonteisia tietoja, kuten tietoja terveydentilastasi tai oppimisvaikeuksistasi.<\/li>\n\n\n\n<li>Lopuksi klikkaa \u201dTallenna luonnos ja aloita hakemuksen t\u00e4ytt\u00e4minen\u201d -painiketta.<\/li>\n<\/ul>\n<\/li>\n<\/ol>\n\n\n\n<figure class=\"wp-block-image size-large\"><a href=\"https:\/\/help.jamk.fi\/peppi\/wp-content\/uploads\/sites\/130\/2025\/06\/Uusi-hakemus.jpg\"><img loading=\"lazy\" decoding=\"async\" width=\"1024\" height=\"147\" src=\"https:\/\/help.jamk.fi\/peppi\/wp-content\/uploads\/sites\/130\/2025\/06\/Uusi-hakemus-1024x147.jpg\" alt=\"Uusi hakemus -painike\" class=\"wp-image-3564\" srcset=\"https:\/\/help.jamk.fi\/peppi\/wp-content\/uploads\/sites\/130\/2025\/06\/Uusi-hakemus-1024x147.jpg 1024w, https:\/\/help.jamk.fi\/peppi\/wp-content\/uploads\/sites\/130\/2025\/06\/Uusi-hakemus-300x43.jpg 300w, https:\/\/help.jamk.fi\/peppi\/wp-content\/uploads\/sites\/130\/2025\/06\/Uusi-hakemus-768x110.jpg 768w, https:\/\/help.jamk.fi\/peppi\/wp-content\/uploads\/sites\/130\/2025\/06\/Uusi-hakemus.jpg 1418w\" sizes=\"auto, (max-width: 1024px) 100vw, 1024px\" \/><\/a><figcaption class=\"wp-element-caption\">Kuvio 1. Uusi hakemus -painike<\/figcaption><\/figure>\n\n\n\n<figure class=\"wp-block-image size-full\"><img loading=\"lazy\" decoding=\"async\" width=\"593\" height=\"845\" src=\"https:\/\/help.jamk.fi\/peppi\/wp-content\/uploads\/sites\/130\/2025\/06\/2-Ohjauskeskustelun-tiedot.png\" alt=\"Ohjauskeskustelun tiedot\" class=\"wp-image-3565\" srcset=\"https:\/\/help.jamk.fi\/peppi\/wp-content\/uploads\/sites\/130\/2025\/06\/2-Ohjauskeskustelun-tiedot.png 593w, https:\/\/help.jamk.fi\/peppi\/wp-content\/uploads\/sites\/130\/2025\/06\/2-Ohjauskeskustelun-tiedot-211x300.png 211w\" sizes=\"auto, (max-width: 593px) 100vw, 593px\" \/><figcaption class=\"wp-element-caption\">Kuvio 2. Ohjauskeskustelun tiedot<\/figcaption><\/figure>\n\n\n<div id=\"info-lift-block_f6026a52c67827d1540ff43ae8e698d0\" class=\"block-info-lift block-info-lift\">\n  <div class=\"row\">\n    <div class=\"col-12\">\n              <div class=\"block-info-lift__content\">\n          <div class=\"block-info-lift__content__icon\">\n            <span>!<\/span>\n          <\/div>\n          <p class=\"block-info-lift__content__text\">Jos haet hyv\u00e4ksilukua aiemmin suoritetulla opinnolla, \u00e4l\u00e4 t\u00e4yt\u00e4 suorituspaikan tietoja, vaan siirry suoraan t\u00e4ytt\u00e4m\u00e4\u00e4n opinnon tietoja. Opinnon tiedot haetaan valtakunnallisesta tietovarannosta Emrex-palvelun avulla.<\/p>\n        <\/div>\n          <\/div>\n  <\/div>\n<\/div>\n\n<div id=\"link-lifts-block_d9845b22378ff21102cdb516026026e6\" class=\"link-lifts block-link-lifts\">\n  <div class=\"row\">\n            <div class=\"col-12 col-lg-4 block-link-lifts__column\">\n          <div class=\"block-link-lifts__item pink\">\n            <h3 class=\"block-link-lifts__item--heading\">Siirry opinnon hyv\u00e4ksilukuohjeeseen<\/h3>\n                          <ul class=\"block-link-lifts__item--link-list\">\n                                                                        <li>\n                                              <a class=\"link-list\" href=\"https:\/\/help.jamk.fi\/peppi\/fi\/eahot-hyvaksilukeminen\/opintojen-hyvaksilukeminen\/\" target=\"_self\">Opintojen hyv\u00e4ksilukeminen \u2013 korvaaminen<\/a>\n                                          <\/li>\n                                                                                          <li>\n                                              <a class=\"link-list\" href=\"https:\/\/help.jamk.fi\/peppi\/fi\/eahot-hyvaksilukeminen\/opintojen-hyvaksilukeminen-sisallyttaminen\/\" target=\"_self\">Opintojen hyv\u00e4ksilukeminen \u2013 sis\u00e4llytt\u00e4minen<\/a>\n                                          <\/li>\n                                                <\/ul>\n            \n          <\/div>\n        <\/div>\n      <\/div>\n<\/div>\n\n\n<h3 class=\"wp-block-heading\">Suorituspaikan tiedot<\/h3>\n\n\n\n<p><strong>Huom. T\u00e4yt\u00e4 tiedot vain, jos haet hyv\u00e4ksilukua aiemmin hankitulla muulla osaamisella esim. ty\u00f6kokemuksella tai harrastuksessa hankitulla osaamisella.<\/strong><\/p>\n\n\n\n<ul class=\"wp-block-list\">\n<li>Aloita hakemuksen t\u00e4ytt\u00e4minen <strong>Suorituspaikat<\/strong>-kohdasta.\n<ul class=\"wp-block-list\">\n<li>Klikkaa \u201dLis\u00e4\u00e4 suorituspaikka\u201d -painiketta.<\/li>\n\n\n\n<li>Suorituspaikka-ikkunassa kerrot, miss\u00e4 olet suorittanut ne opinnot, joilla haet hyv\u00e4ksilukua (kuvio 3).<\/li>\n<\/ul>\n<\/li>\n\n\n\n<li>Valitse <strong>tyypiksi<\/strong>:\n<ul class=\"wp-block-list\">\n<li>Oppilaitos, jos on kyse aiemmin suoritetuista opinnoista.<\/li>\n\n\n\n<li>Ty\u00f6paikka tai Muu valitaan silloin, jos on kyse aiemmin hankkimasta muusta osaamisesta (esim. ty\u00f6kokemus, harrastus).<\/li>\n<\/ul>\n<\/li>\n\n\n\n<li>Valitse <strong>suorituspaikan tyypiksi<\/strong> se oppilaitostyyppi, miss\u00e4 suoritit opinnot.\n<ul class=\"wp-block-list\">\n<li>T\u00e4h\u00e4n valitaan useimmiten joko ammattikorkeakoulut tai yliopistot.<\/li>\n\n\n\n<li>Jos on kyse aiemmin hankitusta osaamisesta, valitse t\u00e4h\u00e4n \u201dMuodollisen koulutuksen ulkopuolella\u201d.<\/li>\n<\/ul>\n<\/li>\n\n\n\n<li>Valitse seuraavassa kent\u00e4ss\u00e4 oikea oppilaitos, jos suorituspaikan tyyppin\u00e4 on jokin oppilaitostyyppi.\n<ul class=\"wp-block-list\">\n<li>Jos olet valinnut tyypiksi ty\u00f6paikan tai muun, valitse ensin Ty\u00f6nantaja \/ muu -kentt\u00e4\u00e4n &#8221;Muodollisen koulutuksen ulkopuolella&#8221;.<\/li>\n\n\n\n<li>Lis\u00e4ksi laita ruksi kohtaan \u201dTy\u00f6nantajaa ei l\u00f6ydy valikosta\u201d. Kirjoita suorituspaikan nimi Ty\u00f6nantajan nimi -kentt\u00e4\u00e4n sek\u00e4 suomeksi ett\u00e4 englanniksi.<\/li>\n<\/ul>\n<\/li>\n\n\n\n<li>Kirjoita <strong>Opintojakson tai opintokokonaisuuden nimi<\/strong> -kentt\u00e4\u00e4n sen opintojakson nimi, jonka olet suorittanut kyseisess\u00e4 oppilaitoksessa. Huom! Kirjoita nimi siin\u00e4 muodossa, jossa se on sinun opintokortillasi tai todistuksellasi. Kirjoita nimi my\u00f6s englanniksi (l\u00f6ytyy usein opintokortilta tai esim. oppilaitoksen opetussuunnitelmasta).\n<ul class=\"wp-block-list\">\n<li>Jos olet suorittanut opintokokonaisuuden, laita sen nimi t\u00e4h\u00e4n kentt\u00e4\u00e4n.<\/li>\n\n\n\n<li>Muulla tavoin hankitun osaamisen osalta kirjoita t\u00e4h\u00e4n joko ty\u00f6teht\u00e4v\u00e4si titteli tai kuvaa lyhyesti osaamistasi esim. johtamisosaaminen, tiimin johtaminen. Kirjoita osaaminen my\u00f6s englanniksi. Ole eritt\u00e4in huolellinen t\u00e4m\u00e4n kent\u00e4n t\u00e4yt\u00f6ss\u00e4, sill\u00e4 tiedot tulevat n\u00e4kyviin my\u00f6s opintosuoritusotteellesi.<\/li>\n<\/ul>\n<\/li>\n\n\n\n<li>Etsi <strong>Kuvaus<\/strong>-kentt\u00e4\u00e4n suorittamasi opintojakson osaamistavoite ko. oppilaitoksen sivuilta.\n<ul class=\"wp-block-list\">\n<li>Muulla tavoin hankitun osaamisen osalta kirjoita kentt\u00e4\u00e4n yleiskuvaus siit\u00e4, mit\u00e4 olet tehnyt.<\/li>\n<\/ul>\n<\/li>\n\n\n\n<li>Voit halutessasi kirjoittaa <strong>Hankkimani osaamisen kuvaus suhteessa osaamistavoitteisiin<\/strong> -kentt\u00e4\u00e4n tarkempia tietoja hankkimastasi osaamisesta.\n<ul class=\"wp-block-list\">\n<li>Jos haet hyv\u00e4ksilukua opintokokonaisuudella, kirjoita t\u00e4h\u00e4n kentt\u00e4\u00e4n kaikkien niiden opintojaksojen osaamistavoitteet, jotka olet suorittanut.<\/li>\n\n\n\n<li>Jos haet hyv\u00e4ksilukua muulla tavoin hankitulla osaamisella, kirjoita kentt\u00e4\u00e4n mahdollisimman tarkalla tasolla, mit\u00e4 osaamista olet hankkinut. Jos olet kuvannut osaamistasi esim. portfoliossa tai videossa, liit\u00e4 t\u00e4h\u00e4n linkki sinne.<\/li>\n<\/ul>\n<\/li>\n\n\n\n<li><strong>Lis\u00e4\u00e4 liitteeksi<\/strong> todistus siit\u00e4, ett\u00e4 olet opinnot suorittanut. Liitteeksi tulee laittaa aina opintosuoritusote. Voit halutessasi lis\u00e4t\u00e4 esim. edelliseen kentt\u00e4\u00e4n my\u00f6s linkin Omaan opintopolkuun ko. suoritukselle.\n<ul class=\"wp-block-list\">\n<li>Jos haet hyv\u00e4ksilukua ty\u00f6kokemuksella, ty\u00f6todistus on pakollinen liite. Muissa tapauksissa voit liitt\u00e4\u00e4 esim. suosituksen, oppimisp\u00e4iv\u00e4kirjan tai portfolion.<\/li>\n\n\n\n<li><strong>Huom. Liitteen enimm\u00e4iskoko on 1 Mt.<\/strong><\/li>\n<\/ul>\n<\/li>\n<\/ul>\n\n\n\n<figure class=\"wp-block-image size-full\"><img loading=\"lazy\" decoding=\"async\" width=\"569\" height=\"903\" src=\"https:\/\/help.jamk.fi\/peppi\/wp-content\/uploads\/sites\/130\/2025\/06\/4-Suorituspaikan-tiedot.png\" alt=\"Suorituspaikan tiedot\" class=\"wp-image-3566\" srcset=\"https:\/\/help.jamk.fi\/peppi\/wp-content\/uploads\/sites\/130\/2025\/06\/4-Suorituspaikan-tiedot.png 569w, https:\/\/help.jamk.fi\/peppi\/wp-content\/uploads\/sites\/130\/2025\/06\/4-Suorituspaikan-tiedot-189x300.png 189w\" sizes=\"auto, (max-width: 569px) 100vw, 569px\" \/><figcaption class=\"wp-element-caption\">Kuvio 3. Suorituspaikan tiedot ja liite<\/figcaption><\/figure>\n\n\n  <div id=\"notice-box-block_23efad9f738ada6c41735c227c350fd2\" class=\"block-notice-box block-notice-box\">\n          <h2 class=\"block-notice-box__heading\">Jos liitteen lis\u00e4\u00e4minen antaa virheilmoituksen, kokeile seuraavaa<\/h2>\n    \n    <p>1. Voi olla, ett\u00e4 selaimessa on vanhennettu cache.<br \/>\n&#8211;&gt; Kokeile a) tyhjent\u00e4\u00e4 selaimen v\u00e4limuisti b) incognito-tilassa (yksityinen selaus) c) toisessa selaimessa tai toisella koneella<br \/>\n2. Voi olla, ett\u00e4 selaimessa on lis\u00e4osa, joka h\u00e4iritsee.<br \/>\n&#8211;&gt; Kokeile ottaa kaikki lis\u00e4osat pois p\u00e4\u00e4lt\u00e4 (esim. adblock, jos on).<br \/>\n3. Jos tiedoston hakemiston polussa on esim. v\u00e4lily\u00f6ntej\u00e4, \u00e4\u00e4kk\u00f6si\u00e4, tai muuta erikoismerkkij\u00e4.<br \/>\n&#8211;&gt; Nime\u00e4 tiedostot ilman ko. merkkej\u00e4 ja kokeile lis\u00e4t\u00e4 hakemukselle uudelleen.<\/p>\n\n      <\/div>\n\n\n\n<h3 class=\"wp-block-heading\">Opinnon tai osaamisen lis\u00e4\u00e4minen<\/h3>\n\n\n\n<p>Hakiessasi hyv\u00e4ksilukua Pepiss\u00e4 sinun tulee hakea aiemmin suoritetut opinnot <strong>opintojen hyv\u00e4ksilukuna<\/strong>. Ty\u00f6kokemukset sek\u00e4 harrastustoiminnassa saatu osaaminen haetaan <strong>osaamisen hyv\u00e4ksilukuna<\/strong>.<\/p>\n\n\n<div id=\"link-lifts-block_13e890941d65d072f57ceb305f4711e6\" class=\"link-lifts block-link-lifts\">\n  <div class=\"row\">\n            <div class=\"col-12 col-lg-4 block-link-lifts__column\">\n          <div class=\"block-link-lifts__item pink\">\n            <h3 class=\"block-link-lifts__item--heading\">Siirry opinnon tai osaamisen hyv\u00e4ksilukuohjeeseen<\/h3>\n                          <ul class=\"block-link-lifts__item--link-list\">\n                                                                        <li>\n                                              <a class=\"link-list\" href=\"https:\/\/help.jamk.fi\/peppi\/fi\/eahot-hyvaksilukeminen\/opintojen-hyvaksilukeminen\/\" target=\"_self\">Opintojen hyv\u00e4ksilukeminen &#8211; korvaaminen<\/a>\n                                          <\/li>\n                                                                                          <li>\n                                              <a class=\"link-list\" href=\"https:\/\/help.jamk.fi\/peppi\/fi\/eahot-hyvaksilukeminen\/opintojen-hyvaksilukeminen-sisallyttaminen\/\" target=\"_self\">Opintojen hyv\u00e4ksilukeminen \u2013 sis\u00e4llytt\u00e4minen<\/a>\n                                          <\/li>\n                                                                                          <li>\n                                              <a class=\"link-list\" href=\"https:\/\/help.jamk.fi\/peppi\/fi\/eahot-hyvaksilukeminen\/opintojen-hyvaksilukeminen-yli-30-opintopistetta\/\" target=\"_self\">Opintojen hyv\u00e4ksilukeminen \u2013 yli 30 opintopistett\u00e4<\/a>\n                                          <\/li>\n                                                                                          <li>\n                                              <a class=\"link-list\" href=\"https:\/\/help.jamk.fi\/peppi\/fi\/eahot-hyvaksilukeminen\/osaamisen-hyvaksilukeminen\/\" target=\"_self\">Osaamisen hyv\u00e4ksilukeminen<\/a>\n                                          <\/li>\n                                                <\/ul>\n            \n          <\/div>\n        <\/div>\n      <\/div>\n<\/div>\n\n\n<p class=\"is-style-boxed\"><\/p>\n","protected":false},"excerpt":{"rendered":"<p>T\u00e4yt\u00e4 hakemus aina mahdollisimman tarkalla tasolla, jotta opettajan ei tarvitse l\u00e4hett\u00e4\u00e4 hakemustasi takaisin t\u00e4ydennett\u00e4v\u00e4ksi. Esimerkiksi jos haet hyv\u00e4ksilukua aiemmin suoritetuilla korkeakouluopinnoilla, etsi ko. korkeakoulun sivuilta opinnon koodi ja tavoitteet ja tuo ne hakemukselle. Liitteet on aina lis\u00e4tt\u00e4v\u00e4 hakemukselle (opintosuoritusote tai muu vastaava todistus suoritetuista opinnoista). Etene hakemuksella sen mukaan, onko kyseess\u00e4 korvaaminen vai sis\u00e4llytt\u00e4minen. Lue [&hellip;]<\/p>\n","protected":false},"author":79,"featured_media":0,"parent":2626,"menu_order":1,"comment_status":"closed","ping_status":"closed","template":"","meta":{"_acf_changed":false,"_relevanssi_hide_post":"","_relevanssi_hide_content":"","_relevanssi_pin_for_all":"","_relevanssi_pin_keywords":"","_relevanssi_unpin_keywords":"","_relevanssi_related_keywords":"","_relevanssi_related_include_ids":"","_relevanssi_related_exclude_ids":"","_relevanssi_related_no_append":"","_relevanssi_related_not_related":"","_relevanssi_related_posts":"","_relevanssi_noindex_reason":"","footnotes":""},"categories":[1],"tags":[47],"class_list":["post-2629","page","type-page","status-publish","hentry","category-uncategorised","tag-eahot"],"acf":[],"yoast_head":"<!-- This site is optimized with the Yoast SEO plugin v27.4 - https:\/\/yoast.com\/product\/yoast-seo-wordpress\/ -->\n<title>N\u00e4in t\u00e4yt\u00e4t eAHOT-hakemuksen - Peppi<\/title>\n<meta name=\"robots\" content=\"index, follow, max-snippet:-1, max-image-preview:large, max-video-preview:-1\" \/>\n<link rel=\"canonical\" href=\"https:\/\/help.jamk.fi\/peppi\/fi\/eahot-hyvaksilukeminen\/nain-taytat-eahot-hakemuksen\/\" \/>\n<meta property=\"og:locale\" content=\"fi_FI\" \/>\n<meta property=\"og:type\" content=\"article\" \/>\n<meta property=\"og:title\" content=\"N\u00e4in t\u00e4yt\u00e4t eAHOT-hakemuksen - Peppi\" \/>\n<meta property=\"og:description\" content=\"T\u00e4yt\u00e4 hakemus aina mahdollisimman tarkalla tasolla, jotta opettajan ei tarvitse l\u00e4hett\u00e4\u00e4 hakemustasi takaisin t\u00e4ydennett\u00e4v\u00e4ksi. Esimerkiksi jos haet hyv\u00e4ksilukua aiemmin suoritetuilla korkeakouluopinnoilla, etsi ko. korkeakoulun sivuilta opinnon koodi ja tavoitteet ja tuo ne hakemukselle. Liitteet on aina lis\u00e4tt\u00e4v\u00e4 hakemukselle (opintosuoritusote tai muu vastaava todistus suoritetuista opinnoista). Etene hakemuksella sen mukaan, onko kyseess\u00e4 korvaaminen vai sis\u00e4llytt\u00e4minen. Lue [&hellip;]\" \/>\n<meta property=\"og:url\" content=\"https:\/\/help.jamk.fi\/peppi\/fi\/eahot-hyvaksilukeminen\/nain-taytat-eahot-hakemuksen\/\" \/>\n<meta property=\"og:site_name\" content=\"Peppi\" \/>\n<meta property=\"article:modified_time\" content=\"2026-03-04T13:06:45+00:00\" \/>\n<meta property=\"og:image\" content=\"https:\/\/help.jamk.fi\/peppi\/wp-content\/uploads\/sites\/130\/2025\/06\/Uusi-hakemus.jpg\" \/>\n\t<meta property=\"og:image:width\" content=\"1418\" \/>\n\t<meta property=\"og:image:height\" content=\"204\" \/>\n\t<meta property=\"og:image:type\" content=\"image\/jpeg\" \/>\n<meta name=\"twitter:card\" content=\"summary_large_image\" \/>\n<meta name=\"twitter:label1\" content=\"Arvioitu lukuaika\" \/>\n\t<meta name=\"twitter:data1\" content=\"4 minuuttia\" \/>\n<script type=\"application\/ld+json\" class=\"yoast-schema-graph\">{\"@context\":\"https:\\\/\\\/schema.org\",\"@graph\":[{\"@type\":\"WebPage\",\"@id\":\"https:\\\/\\\/help.jamk.fi\\\/peppi\\\/fi\\\/eahot-hyvaksilukeminen\\\/nain-taytat-eahot-hakemuksen\\\/\",\"url\":\"https:\\\/\\\/help.jamk.fi\\\/peppi\\\/fi\\\/eahot-hyvaksilukeminen\\\/nain-taytat-eahot-hakemuksen\\\/\",\"name\":\"N\u00e4in t\u00e4yt\u00e4t eAHOT-hakemuksen - Peppi\",\"isPartOf\":{\"@id\":\"https:\\\/\\\/help.jamk.fi\\\/peppi\\\/#website\"},\"primaryImageOfPage\":{\"@id\":\"https:\\\/\\\/help.jamk.fi\\\/peppi\\\/fi\\\/eahot-hyvaksilukeminen\\\/nain-taytat-eahot-hakemuksen\\\/#primaryimage\"},\"image\":{\"@id\":\"https:\\\/\\\/help.jamk.fi\\\/peppi\\\/fi\\\/eahot-hyvaksilukeminen\\\/nain-taytat-eahot-hakemuksen\\\/#primaryimage\"},\"thumbnailUrl\":\"https:\\\/\\\/help.jamk.fi\\\/peppi\\\/wp-content\\\/uploads\\\/sites\\\/130\\\/2025\\\/06\\\/Uusi-hakemus-1024x147.jpg\",\"datePublished\":\"2023-08-22T04:15:51+00:00\",\"dateModified\":\"2026-03-04T13:06:45+00:00\",\"breadcrumb\":{\"@id\":\"https:\\\/\\\/help.jamk.fi\\\/peppi\\\/fi\\\/eahot-hyvaksilukeminen\\\/nain-taytat-eahot-hakemuksen\\\/#breadcrumb\"},\"inLanguage\":\"fi\",\"potentialAction\":[{\"@type\":\"ReadAction\",\"target\":[\"https:\\\/\\\/help.jamk.fi\\\/peppi\\\/fi\\\/eahot-hyvaksilukeminen\\\/nain-taytat-eahot-hakemuksen\\\/\"]}]},{\"@type\":\"ImageObject\",\"inLanguage\":\"fi\",\"@id\":\"https:\\\/\\\/help.jamk.fi\\\/peppi\\\/fi\\\/eahot-hyvaksilukeminen\\\/nain-taytat-eahot-hakemuksen\\\/#primaryimage\",\"url\":\"https:\\\/\\\/help.jamk.fi\\\/peppi\\\/wp-content\\\/uploads\\\/sites\\\/130\\\/2025\\\/06\\\/Uusi-hakemus.jpg\",\"contentUrl\":\"https:\\\/\\\/help.jamk.fi\\\/peppi\\\/wp-content\\\/uploads\\\/sites\\\/130\\\/2025\\\/06\\\/Uusi-hakemus.jpg\",\"width\":1418,\"height\":204,\"caption\":\"Kuvio 1. Uusi hakemus -painike\"},{\"@type\":\"BreadcrumbList\",\"@id\":\"https:\\\/\\\/help.jamk.fi\\\/peppi\\\/fi\\\/eahot-hyvaksilukeminen\\\/nain-taytat-eahot-hakemuksen\\\/#breadcrumb\",\"itemListElement\":[{\"@type\":\"ListItem\",\"position\":1,\"name\":\"Home\",\"item\":\"https:\\\/\\\/help.jamk.fi\\\/peppi\\\/fi\\\/\"},{\"@type\":\"ListItem\",\"position\":2,\"name\":\"eAHOT-hyv\u00e4ksilukeminen\",\"item\":\"https:\\\/\\\/help.jamk.fi\\\/peppi\\\/fi\\\/eahot-hyvaksilukeminen\\\/\"},{\"@type\":\"ListItem\",\"position\":3,\"name\":\"N\u00e4in t\u00e4yt\u00e4t eAHOT-hakemuksen\"}]},{\"@type\":\"WebSite\",\"@id\":\"https:\\\/\\\/help.jamk.fi\\\/peppi\\\/#website\",\"url\":\"https:\\\/\\\/help.jamk.fi\\\/peppi\\\/\",\"name\":\"Peppi\",\"description\":\"\",\"potentialAction\":[{\"@type\":\"SearchAction\",\"target\":{\"@type\":\"EntryPoint\",\"urlTemplate\":\"https:\\\/\\\/help.jamk.fi\\\/peppi\\\/?s={search_term_string}\"},\"query-input\":{\"@type\":\"PropertyValueSpecification\",\"valueRequired\":true,\"valueName\":\"search_term_string\"}}],\"inLanguage\":\"fi\"}]}<\/script>\n<!-- \/ Yoast SEO plugin. -->","yoast_head_json":{"title":"N\u00e4in t\u00e4yt\u00e4t eAHOT-hakemuksen - Peppi","robots":{"index":"index","follow":"follow","max-snippet":"max-snippet:-1","max-image-preview":"max-image-preview:large","max-video-preview":"max-video-preview:-1"},"canonical":"https:\/\/help.jamk.fi\/peppi\/fi\/eahot-hyvaksilukeminen\/nain-taytat-eahot-hakemuksen\/","og_locale":"fi_FI","og_type":"article","og_title":"N\u00e4in t\u00e4yt\u00e4t eAHOT-hakemuksen - Peppi","og_description":"T\u00e4yt\u00e4 hakemus aina mahdollisimman tarkalla tasolla, jotta opettajan ei tarvitse l\u00e4hett\u00e4\u00e4 hakemustasi takaisin t\u00e4ydennett\u00e4v\u00e4ksi. Esimerkiksi jos haet hyv\u00e4ksilukua aiemmin suoritetuilla korkeakouluopinnoilla, etsi ko. korkeakoulun sivuilta opinnon koodi ja tavoitteet ja tuo ne hakemukselle. Liitteet on aina lis\u00e4tt\u00e4v\u00e4 hakemukselle (opintosuoritusote tai muu vastaava todistus suoritetuista opinnoista). Etene hakemuksella sen mukaan, onko kyseess\u00e4 korvaaminen vai sis\u00e4llytt\u00e4minen. Lue [&hellip;]","og_url":"https:\/\/help.jamk.fi\/peppi\/fi\/eahot-hyvaksilukeminen\/nain-taytat-eahot-hakemuksen\/","og_site_name":"Peppi","article_modified_time":"2026-03-04T13:06:45+00:00","og_image":[{"width":1418,"height":204,"url":"https:\/\/help.jamk.fi\/peppi\/wp-content\/uploads\/sites\/130\/2025\/06\/Uusi-hakemus.jpg","type":"image\/jpeg"}],"twitter_card":"summary_large_image","twitter_misc":{"Arvioitu lukuaika":"4 minuuttia"},"schema":{"@context":"https:\/\/schema.org","@graph":[{"@type":"WebPage","@id":"https:\/\/help.jamk.fi\/peppi\/fi\/eahot-hyvaksilukeminen\/nain-taytat-eahot-hakemuksen\/","url":"https:\/\/help.jamk.fi\/peppi\/fi\/eahot-hyvaksilukeminen\/nain-taytat-eahot-hakemuksen\/","name":"N\u00e4in t\u00e4yt\u00e4t eAHOT-hakemuksen - Peppi","isPartOf":{"@id":"https:\/\/help.jamk.fi\/peppi\/#website"},"primaryImageOfPage":{"@id":"https:\/\/help.jamk.fi\/peppi\/fi\/eahot-hyvaksilukeminen\/nain-taytat-eahot-hakemuksen\/#primaryimage"},"image":{"@id":"https:\/\/help.jamk.fi\/peppi\/fi\/eahot-hyvaksilukeminen\/nain-taytat-eahot-hakemuksen\/#primaryimage"},"thumbnailUrl":"https:\/\/help.jamk.fi\/peppi\/wp-content\/uploads\/sites\/130\/2025\/06\/Uusi-hakemus-1024x147.jpg","datePublished":"2023-08-22T04:15:51+00:00","dateModified":"2026-03-04T13:06:45+00:00","breadcrumb":{"@id":"https:\/\/help.jamk.fi\/peppi\/fi\/eahot-hyvaksilukeminen\/nain-taytat-eahot-hakemuksen\/#breadcrumb"},"inLanguage":"fi","potentialAction":[{"@type":"ReadAction","target":["https:\/\/help.jamk.fi\/peppi\/fi\/eahot-hyvaksilukeminen\/nain-taytat-eahot-hakemuksen\/"]}]},{"@type":"ImageObject","inLanguage":"fi","@id":"https:\/\/help.jamk.fi\/peppi\/fi\/eahot-hyvaksilukeminen\/nain-taytat-eahot-hakemuksen\/#primaryimage","url":"https:\/\/help.jamk.fi\/peppi\/wp-content\/uploads\/sites\/130\/2025\/06\/Uusi-hakemus.jpg","contentUrl":"https:\/\/help.jamk.fi\/peppi\/wp-content\/uploads\/sites\/130\/2025\/06\/Uusi-hakemus.jpg","width":1418,"height":204,"caption":"Kuvio 1. Uusi hakemus -painike"},{"@type":"BreadcrumbList","@id":"https:\/\/help.jamk.fi\/peppi\/fi\/eahot-hyvaksilukeminen\/nain-taytat-eahot-hakemuksen\/#breadcrumb","itemListElement":[{"@type":"ListItem","position":1,"name":"Home","item":"https:\/\/help.jamk.fi\/peppi\/fi\/"},{"@type":"ListItem","position":2,"name":"eAHOT-hyv\u00e4ksilukeminen","item":"https:\/\/help.jamk.fi\/peppi\/fi\/eahot-hyvaksilukeminen\/"},{"@type":"ListItem","position":3,"name":"N\u00e4in t\u00e4yt\u00e4t eAHOT-hakemuksen"}]},{"@type":"WebSite","@id":"https:\/\/help.jamk.fi\/peppi\/#website","url":"https:\/\/help.jamk.fi\/peppi\/","name":"Peppi","description":"","potentialAction":[{"@type":"SearchAction","target":{"@type":"EntryPoint","urlTemplate":"https:\/\/help.jamk.fi\/peppi\/?s={search_term_string}"},"query-input":{"@type":"PropertyValueSpecification","valueRequired":true,"valueName":"search_term_string"}}],"inLanguage":"fi"}]}},"_links":{"self":[{"href":"https:\/\/help.jamk.fi\/peppi\/wp-json\/wp\/v2\/pages\/2629","targetHints":{"allow":["GET"]}}],"collection":[{"href":"https:\/\/help.jamk.fi\/peppi\/wp-json\/wp\/v2\/pages"}],"about":[{"href":"https:\/\/help.jamk.fi\/peppi\/wp-json\/wp\/v2\/types\/page"}],"author":[{"embeddable":true,"href":"https:\/\/help.jamk.fi\/peppi\/wp-json\/wp\/v2\/users\/79"}],"replies":[{"embeddable":true,"href":"https:\/\/help.jamk.fi\/peppi\/wp-json\/wp\/v2\/comments?post=2629"}],"version-history":[{"count":25,"href":"https:\/\/help.jamk.fi\/peppi\/wp-json\/wp\/v2\/pages\/2629\/revisions"}],"predecessor-version":[{"id":3974,"href":"https:\/\/help.jamk.fi\/peppi\/wp-json\/wp\/v2\/pages\/2629\/revisions\/3974"}],"up":[{"embeddable":true,"href":"https:\/\/help.jamk.fi\/peppi\/wp-json\/wp\/v2\/pages\/2626"}],"wp:attachment":[{"href":"https:\/\/help.jamk.fi\/peppi\/wp-json\/wp\/v2\/media?parent=2629"}],"wp:term":[{"taxonomy":"category","embeddable":true,"href":"https:\/\/help.jamk.fi\/peppi\/wp-json\/wp\/v2\/categories?post=2629"},{"taxonomy":"post_tag","embeddable":true,"href":"https:\/\/help.jamk.fi\/peppi\/wp-json\/wp\/v2\/tags?post=2629"}],"curies":[{"name":"wp","href":"https:\/\/api.w.org\/{rel}","templated":true}]}}