{"id":2634,"date":"2023-08-28T06:46:33","date_gmt":"2023-08-28T03:46:33","guid":{"rendered":"https:\/\/help.jamk.fi\/peppi\/erpl-accreditation\/accreditation-of-competences\/"},"modified":"2026-02-10T13:37:53","modified_gmt":"2026-02-10T11:37:53","slug":"accreditation-of-competences","status":"publish","type":"page","link":"https:\/\/help.jamk.fi\/peppi\/en\/erpl-accreditation\/accreditation-of-competences\/","title":{"rendered":"Accreditation of competences"},"content":{"rendered":"\n<blockquote class=\"wp-block-quote is-layout-flow wp-block-quote-is-layout-flow\">\n<p>Note: First, read the <a href=\"https:\/\/help.jamk.fi\/peppi\/en\/erpl-accreditation\/\">eRPL accreditation<\/a> and  <a href=\"https:\/\/help.jamk.fi\/peppi\/en\/erpl-accreditation\/how-to-fill-out-an-erpl-application\/\">How to fill in an eRPL application<\/a> instructions pages and then continue filling in the application according to the instructions below.<\/p>\n<\/blockquote>\n\n\n\n<p>When you have acquired prior learning in, for example, work or hobbies, the prior learning to be recognised must correspond to the learning outcomes set for the degree, study module and course so that you can apply for accreditation with it. A precondition for accreditation is that the acquired prior learning can be demonstrated by means of, for example, a written document, an interview, a video, a learning diary or a portfolio, etc.<\/p>\n\n\n\n<h2 class=\"wp-block-heading\">Recognition of prior informal learning \u2013 replacement<\/h2>\n\n\n\r\n<div id=\"embed-block_341a4450a81539a4be9657d2f1f4d16c\" class=\"embed block-embed\">\r\n      <div class=\"block-embed__wrapper\">\r\n\r\n      \r\n          <div class=\"block-embed__cookie-notice--wrapper\" id=\"cookie-notice\">\r\n              <div class=\"block-embed__cookie-notice--text\">\r\n                                    <p>Hyv\u00e4ksy v\u00e4ltt\u00e4m\u00e4tt\u00f6m\u00e4t ev\u00e4steet n\u00e4hd\u00e4ksesi upotetun sis\u00e4ll\u00f6n: marketing, analytics, preferences.<\/p>\r\n                  <a href=\"#\" class=\"ch2-open-settings-btn\"> Hyv\u00e4ksy v\u00e4ltt\u00e4m\u00e4tt\u00f6m\u00e4t ev\u00e4steet<\/a>\r\n              <\/div>\r\n              <div class=\"block-embed__cookie-reload-notice\">\r\n                  <p class=\"cookie-reload-text\">\r\n                    (Jos olet hyv\u00e4ksynyt ev\u00e4steet, mutta n\u00e4et silti t\u00e4m\u00e4n viestin, lataa sivu uudelleen.)                  <\/p>\r\n                  <a href=\"#\" onclick=\"location.reload(); return false;\">\r\n                    Lataa sivu uudelleen                  <\/a>\r\n              <\/div>\r\n          <\/div>\r\n\r\n      \r\n      <\/div>\r\n<\/div>\r\n\n\n\n<blockquote class=\"wp-block-quote is-layout-flow wp-block-quote-is-layout-flow\">\n<p>Example 1: The recognition of practical training based on previous work experience.<\/p>\n\n\n\n<p><\/p>\n\n\n\n<p>Example 2: A student has been working on a project for the employer, and he\/she has acquired competence in project work and methods and sustainable development themes. He\/she applies for replacement with previously acquired competence for the Future Factory course (10 credits).<\/p>\n<\/blockquote>\n\n\n\n<h2 class=\"wp-block-heading\">Recognition of prior informal learning \u2013 inclusion<\/h2>\n\n\n\r\n<div id=\"embed-block_4ee9b0fb12c98ba6539fe9caa9c983d1\" class=\"embed block-embed\">\r\n      <div class=\"block-embed__wrapper\">\r\n\r\n      \r\n          <div class=\"block-embed__cookie-notice--wrapper\" id=\"cookie-notice\">\r\n              <div class=\"block-embed__cookie-notice--text\">\r\n                                    <p>Hyv\u00e4ksy v\u00e4ltt\u00e4m\u00e4tt\u00f6m\u00e4t ev\u00e4steet n\u00e4hd\u00e4ksesi upotetun sis\u00e4ll\u00f6n: marketing, analytics, preferences.<\/p>\r\n                  <a href=\"#\" class=\"ch2-open-settings-btn\"> Hyv\u00e4ksy v\u00e4ltt\u00e4m\u00e4tt\u00f6m\u00e4t ev\u00e4steet<\/a>\r\n              <\/div>\r\n              <div class=\"block-embed__cookie-reload-notice\">\r\n                  <p class=\"cookie-reload-text\">\r\n                    (Jos olet hyv\u00e4ksynyt ev\u00e4steet, mutta n\u00e4et silti t\u00e4m\u00e4n viestin, lataa sivu uudelleen.)                  <\/p>\r\n                  <a href=\"#\" onclick=\"location.reload(); return false;\">\r\n                    Lataa sivu uudelleen                  <\/a>\r\n              <\/div>\r\n          <\/div>\r\n\r\n      \r\n      <\/div>\r\n<\/div>\r\n\n\n\n<h2 class=\"wp-block-heading\">How to fill In the application<\/h2>\n\n\n\n<p>Click \u2018<strong>Add previously acquired competence<\/strong>\u2019 to apply for accreditation (Figure 1).<\/p>\n\n\n\n<figure class=\"wp-block-image size-full\"><img loading=\"lazy\" decoding=\"async\" width=\"774\" height=\"140\" src=\"https:\/\/help.jamk.fi\/peppi\/wp-content\/uploads\/sites\/130\/2025\/08\/Lisaa-aiemmin-hankittu-muu-osaaminen-painike-EN.png\" alt=\"Add previously acquired competence button\" class=\"wp-image-3591\" srcset=\"https:\/\/help.jamk.fi\/peppi\/wp-content\/uploads\/sites\/130\/2025\/08\/Lisaa-aiemmin-hankittu-muu-osaaminen-painike-EN.png 774w, https:\/\/help.jamk.fi\/peppi\/wp-content\/uploads\/sites\/130\/2025\/08\/Lisaa-aiemmin-hankittu-muu-osaaminen-painike-EN-300x54.png 300w, https:\/\/help.jamk.fi\/peppi\/wp-content\/uploads\/sites\/130\/2025\/08\/Lisaa-aiemmin-hankittu-muu-osaaminen-painike-EN-768x139.png 768w\" sizes=\"auto, (max-width: 774px) 100vw, 774px\" \/><figcaption class=\"wp-element-caption\">Figure 1. Add previously acquired competence<\/figcaption><\/figure>\n\n\n\n<p>According to the instructions below, select either replacement or inclusion as the <strong>type of accreditation<\/strong> for the application (Figure 2).<\/p>\n\n\n\n<ul class=\"wp-block-list\">\n<li><strong>Replacement<\/strong> is applied for so-called <strong>compulsory or optional studies<\/strong> in your degree programme. As the handler of the application, select either the person responsible for the course to be replaced or a teacher in the study module team.<\/li>\n\n\n\n<li>You can <strong>include<\/strong> prior informal learning in the <strong>elective studies <\/strong>of your degree. Select inclusion when the prior learning you have acquired does not correspond to the compulsory or optional studies in your degree. Select the degree coordinator or the person in charge of the degree programme as the handler of the application.<\/li>\n<\/ul>\n\n\n\n<p><a href=\"https:\/\/opetussuunnitelmat.peppi.jamk.fi\/en\" target=\"_blank\" rel=\"noreferrer noopener\">You can find these persons in your curriculum.<\/a><\/p>\n\n\n\n<figure class=\"wp-block-image size-full\"><img loading=\"lazy\" decoding=\"async\" width=\"858\" height=\"240\" src=\"https:\/\/help.jamk.fi\/peppi\/wp-content\/uploads\/sites\/130\/2025\/08\/Hyvaksilukemisen-tyyppi-ja-kasittelija-EN.PNG.jpg\" alt=\"Type of accreditation and handler of the application\" class=\"wp-image-3593\" srcset=\"https:\/\/help.jamk.fi\/peppi\/wp-content\/uploads\/sites\/130\/2025\/08\/Hyvaksilukemisen-tyyppi-ja-kasittelija-EN.PNG.jpg 858w, https:\/\/help.jamk.fi\/peppi\/wp-content\/uploads\/sites\/130\/2025\/08\/Hyvaksilukemisen-tyyppi-ja-kasittelija-EN.PNG-300x84.jpg 300w, https:\/\/help.jamk.fi\/peppi\/wp-content\/uploads\/sites\/130\/2025\/08\/Hyvaksilukemisen-tyyppi-ja-kasittelija-EN.PNG-768x215.jpg 768w\" sizes=\"auto, (max-width: 858px) 100vw, 858px\" \/><figcaption class=\"wp-element-caption\">Figure 2. Type of accreditation and handler of the application<\/figcaption><\/figure>\n\n\n\n<h3 class=\"wp-block-heading\">Adding previously completed <strong>competence<\/strong> to the application<\/h3>\n\n\n\n<p>In the Previously completed competences section, select \u2018<strong>Add competence<\/strong>.\u2019<\/p>\n\n\n\n<ul class=\"wp-block-list\">\n<li>You can leave the <strong>Grade<\/strong> field blank if your prior learning has not been evaluated using the same criteria as in Jamk, that is, with a numeral 1\u20135 or pass \/ fail.<\/li>\n\n\n\n<li>From the menu in the <strong>Places of performance<\/strong> section, select the place of performance that you added to the application in the previous step.<\/li>\n\n\n\n<li>As the <strong>Assessment date<\/strong>, enter the date on which you ended the acquiring of the prior learning, for example, the date on your certificate of employment.<\/li>\n\n\n\n<li>If you wish, <strong>justify<\/strong> why you are applying for recognition. In the Justifications field, you can also enter additional information about your prior learning (Figure 3).<\/li>\n<\/ul>\n\n\n\n<figure class=\"wp-block-image size-full\"><img loading=\"lazy\" decoding=\"async\" width=\"585\" height=\"493\" src=\"https:\/\/help.jamk.fi\/peppi\/wp-content\/uploads\/sites\/130\/2025\/08\/Aiemmin-hankitun-osaamisen-lisaaminen-EN.png\" alt=\"Adding previously acquired competence\" class=\"wp-image-3594\" srcset=\"https:\/\/help.jamk.fi\/peppi\/wp-content\/uploads\/sites\/130\/2025\/08\/Aiemmin-hankitun-osaamisen-lisaaminen-EN.png 585w, https:\/\/help.jamk.fi\/peppi\/wp-content\/uploads\/sites\/130\/2025\/08\/Aiemmin-hankitun-osaamisen-lisaaminen-EN-300x253.png 300w\" sizes=\"auto, (max-width: 585px) 100vw, 585px\" \/><figcaption class=\"wp-element-caption\">Figure 3. Adding previously acquired competence<\/figcaption><\/figure>\n\n\n\n<ul class=\"wp-block-list\">\n<li>If you have selected <strong>replacement<\/strong> as the type of accreditation, use your mouse to drag the studies that you want to replace from your PLP to the Studies selected to application window at the right side of your window (Figure 4).<\/li>\n<\/ul>\n\n\n\n<ul class=\"wp-block-list\">\n<li>If you have selected <strong>inclusion<\/strong> as the type of accreditation, place the studies to be included to your PLP by selecting the study module in which you want the studies to be placed from the menu. If you do not place the studies, they will go to studies outside the PLP. You can preview the placement of studies in your PLP by clicking the PLP preview button (Figure 5).<\/li>\n<\/ul>\n\n\n\n<figure class=\"wp-block-image size-large\"><img loading=\"lazy\" decoding=\"async\" width=\"1024\" height=\"373\" src=\"https:\/\/help.jamk.fi\/peppi\/wp-content\/uploads\/sites\/130\/2025\/08\/Ahot-korvaaminen-opintojen-valinta-HOPSilta-EN-1024x373.png\" alt=\"Drag the course to be replaced from your PLP to the \u2018Studies selected to application\u2019 section.\" class=\"wp-image-3595\" srcset=\"https:\/\/help.jamk.fi\/peppi\/wp-content\/uploads\/sites\/130\/2025\/08\/Ahot-korvaaminen-opintojen-valinta-HOPSilta-EN-1024x373.png 1024w, https:\/\/help.jamk.fi\/peppi\/wp-content\/uploads\/sites\/130\/2025\/08\/Ahot-korvaaminen-opintojen-valinta-HOPSilta-EN-300x109.png 300w, https:\/\/help.jamk.fi\/peppi\/wp-content\/uploads\/sites\/130\/2025\/08\/Ahot-korvaaminen-opintojen-valinta-HOPSilta-EN-768x280.png 768w, https:\/\/help.jamk.fi\/peppi\/wp-content\/uploads\/sites\/130\/2025\/08\/Ahot-korvaaminen-opintojen-valinta-HOPSilta-EN-1536x559.png 1536w, https:\/\/help.jamk.fi\/peppi\/wp-content\/uploads\/sites\/130\/2025\/08\/Ahot-korvaaminen-opintojen-valinta-HOPSilta-EN.png 1727w\" sizes=\"auto, (max-width: 1024px) 100vw, 1024px\" \/><figcaption class=\"wp-element-caption\">Figure 4. Drag the course to be replaced from your PLP to the \u2018Studies selected to application\u2019 section.<\/figcaption><\/figure>\n\n\n\n<figure class=\"wp-block-image size-large\"><img loading=\"lazy\" decoding=\"async\" width=\"1024\" height=\"290\" src=\"https:\/\/help.jamk.fi\/peppi\/wp-content\/uploads\/sites\/130\/2025\/08\/AHOT-sisallyttaminen-opintokokonaisuuden-valinta-HOPSilta-EN-1024x290.png\" alt=\"Select from your PLP the study module under which you want to include the course\" class=\"wp-image-3596\" srcset=\"https:\/\/help.jamk.fi\/peppi\/wp-content\/uploads\/sites\/130\/2025\/08\/AHOT-sisallyttaminen-opintokokonaisuuden-valinta-HOPSilta-EN-1024x290.png 1024w, https:\/\/help.jamk.fi\/peppi\/wp-content\/uploads\/sites\/130\/2025\/08\/AHOT-sisallyttaminen-opintokokonaisuuden-valinta-HOPSilta-EN-300x85.png 300w, https:\/\/help.jamk.fi\/peppi\/wp-content\/uploads\/sites\/130\/2025\/08\/AHOT-sisallyttaminen-opintokokonaisuuden-valinta-HOPSilta-EN-768x217.png 768w, https:\/\/help.jamk.fi\/peppi\/wp-content\/uploads\/sites\/130\/2025\/08\/AHOT-sisallyttaminen-opintokokonaisuuden-valinta-HOPSilta-EN.png 1192w\" sizes=\"auto, (max-width: 1024px) 100vw, 1024px\" \/><figcaption class=\"wp-element-caption\">Figure 5. Select from your PLP the study module under which you want to include the course<\/figcaption><\/figure>\n\n\n\n<h3 class=\"wp-block-heading\">Submitting the application<\/h3>\n\n\n\n<p>Once all the necessary information has been filled in, check the information you have provided in the application and submit the application by clicking <strong>Submit application<\/strong> at the top right of the front page of the application (Figure 6). After this, you will no longer be able to edit your application.<\/p>\n\n\n\n<figure class=\"wp-block-image size-large\"><img loading=\"lazy\" decoding=\"async\" width=\"1024\" height=\"293\" src=\"https:\/\/help.jamk.fi\/peppi\/wp-content\/uploads\/sites\/130\/2025\/06\/Hakemuksen-lahettaminen-EN-1024x293.png\" alt=\"Sending the application\" class=\"wp-image-3559\" srcset=\"https:\/\/help.jamk.fi\/peppi\/wp-content\/uploads\/sites\/130\/2025\/06\/Hakemuksen-lahettaminen-EN-1024x293.png 1024w, https:\/\/help.jamk.fi\/peppi\/wp-content\/uploads\/sites\/130\/2025\/06\/Hakemuksen-lahettaminen-EN-300x86.png 300w, https:\/\/help.jamk.fi\/peppi\/wp-content\/uploads\/sites\/130\/2025\/06\/Hakemuksen-lahettaminen-EN-768x220.png 768w, https:\/\/help.jamk.fi\/peppi\/wp-content\/uploads\/sites\/130\/2025\/06\/Hakemuksen-lahettaminen-EN-1536x439.png 1536w, https:\/\/help.jamk.fi\/peppi\/wp-content\/uploads\/sites\/130\/2025\/06\/Hakemuksen-lahettaminen-EN.png 1867w\" sizes=\"auto, (max-width: 1024px) 100vw, 1024px\" \/><figcaption class=\"wp-element-caption\">Figure 6. Sending the application<\/figcaption><\/figure>\n\n\n\n<p>You will receive email about the different stages of processing your application. You can also follow the progress of the application in Peppi. You can see your application in the eRPL Accreditation view. You can also view your application by clicking the <strong>Actions<\/strong> button on the application line and selecting <strong>Show<\/strong>.<\/p>\n\n\n<div id=\"info-lift-block_2ea6deea1341c7da96becf15222646cc\" class=\"block-info-lift block-info-lift\">\n  <div class=\"row\">\n    <div class=\"col-12\">\n              <div class=\"block-info-lift__content\">\n          <div class=\"block-info-lift__content__icon\">\n            <span>!<\/span>\n          <\/div>\n          <p class=\"block-info-lift__content__text\">If you apply for accreditation for compulsory or optional studies (replacement), the decision of the approved application will be &#039;Requires demonstration of competence&#039;. Also read the justification and the agreement on the application, so that you can find out whether the documents you have attached to the application are enough to get an accreditation or whether the teacher requires additional attainment. You can find the agreements in the Studies &gt; Messages and contracts menu.<\/p>\n        <\/div>\n          <\/div>\n  <\/div>\n<\/div>","protected":false},"excerpt":{"rendered":"<p>Note: First, read the eRPL accreditation and How to fill in an eRPL application instructions pages and then continue filling in the application according to the instructions below. When you have acquired prior learning in, for example, work or hobbies, the prior learning to be recognised must correspond to the learning outcomes set for the [&hellip;]<\/p>\n","protected":false},"author":79,"featured_media":0,"parent":2627,"menu_order":5,"comment_status":"closed","ping_status":"closed","template":"","meta":{"_acf_changed":false,"_relevanssi_hide_post":"","_relevanssi_hide_content":"","_relevanssi_pin_for_all":"","_relevanssi_pin_keywords":"","_relevanssi_unpin_keywords":"","_relevanssi_related_keywords":"","_relevanssi_related_include_ids":"","_relevanssi_related_exclude_ids":"","_relevanssi_related_no_append":"","_relevanssi_related_not_related":"","_relevanssi_related_posts":"","_relevanssi_noindex_reason":"","footnotes":""},"categories":[7],"tags":[],"class_list":["post-2634","page","type-page","status-publish","hentry","category-uncategorized-en"],"acf":[],"yoast_head":"<!-- This site is optimized with the Yoast SEO plugin v27.4 - https:\/\/yoast.com\/product\/yoast-seo-wordpress\/ -->\n<title>Accreditation of competences - Peppi<\/title>\n<meta name=\"robots\" content=\"index, follow, max-snippet:-1, max-image-preview:large, max-video-preview:-1\" \/>\n<link rel=\"canonical\" href=\"https:\/\/help.jamk.fi\/peppi\/en\/erpl-accreditation\/accreditation-of-competences\/\" \/>\n<meta property=\"og:locale\" content=\"fi_FI\" \/>\n<meta property=\"og:type\" content=\"article\" \/>\n<meta property=\"og:title\" content=\"Accreditation of competences - Peppi\" \/>\n<meta property=\"og:description\" content=\"Note: First, read the eRPL accreditation and How to fill in an eRPL application instructions pages and then continue filling in the application according to the instructions below. When you have acquired prior learning in, for example, work or hobbies, the prior learning to be recognised must correspond to the learning outcomes set for the [&hellip;]\" \/>\n<meta property=\"og:url\" content=\"https:\/\/help.jamk.fi\/peppi\/en\/erpl-accreditation\/accreditation-of-competences\/\" \/>\n<meta property=\"og:site_name\" content=\"Peppi\" \/>\n<meta property=\"article:modified_time\" content=\"2026-02-10T11:37:53+00:00\" \/>\n<meta property=\"og:image\" content=\"https:\/\/help.jamk.fi\/peppi\/wp-content\/uploads\/sites\/130\/2025\/08\/Lisaa-aiemmin-hankittu-muu-osaaminen-painike-EN.png\" \/>\n\t<meta property=\"og:image:width\" content=\"774\" \/>\n\t<meta property=\"og:image:height\" content=\"140\" \/>\n\t<meta property=\"og:image:type\" content=\"image\/png\" \/>\n<meta name=\"twitter:card\" content=\"summary_large_image\" \/>\n<meta name=\"twitter:label1\" content=\"Arvioitu lukuaika\" \/>\n\t<meta name=\"twitter:data1\" content=\"6 minuuttia\" \/>\n<script type=\"application\/ld+json\" class=\"yoast-schema-graph\">{\"@context\":\"https:\\\/\\\/schema.org\",\"@graph\":[{\"@type\":\"WebPage\",\"@id\":\"https:\\\/\\\/help.jamk.fi\\\/peppi\\\/en\\\/erpl-accreditation\\\/accreditation-of-competences\\\/\",\"url\":\"https:\\\/\\\/help.jamk.fi\\\/peppi\\\/en\\\/erpl-accreditation\\\/accreditation-of-competences\\\/\",\"name\":\"Accreditation of competences - Peppi\",\"isPartOf\":{\"@id\":\"https:\\\/\\\/help.jamk.fi\\\/peppi\\\/#website\"},\"primaryImageOfPage\":{\"@id\":\"https:\\\/\\\/help.jamk.fi\\\/peppi\\\/en\\\/erpl-accreditation\\\/accreditation-of-competences\\\/#primaryimage\"},\"image\":{\"@id\":\"https:\\\/\\\/help.jamk.fi\\\/peppi\\\/en\\\/erpl-accreditation\\\/accreditation-of-competences\\\/#primaryimage\"},\"thumbnailUrl\":\"https:\\\/\\\/help.jamk.fi\\\/peppi\\\/wp-content\\\/uploads\\\/sites\\\/130\\\/2025\\\/08\\\/Lisaa-aiemmin-hankittu-muu-osaaminen-painike-EN.png\",\"datePublished\":\"2023-08-28T03:46:33+00:00\",\"dateModified\":\"2026-02-10T11:37:53+00:00\",\"breadcrumb\":{\"@id\":\"https:\\\/\\\/help.jamk.fi\\\/peppi\\\/en\\\/erpl-accreditation\\\/accreditation-of-competences\\\/#breadcrumb\"},\"inLanguage\":\"fi\",\"potentialAction\":[{\"@type\":\"ReadAction\",\"target\":[\"https:\\\/\\\/help.jamk.fi\\\/peppi\\\/en\\\/erpl-accreditation\\\/accreditation-of-competences\\\/\"]}]},{\"@type\":\"ImageObject\",\"inLanguage\":\"fi\",\"@id\":\"https:\\\/\\\/help.jamk.fi\\\/peppi\\\/en\\\/erpl-accreditation\\\/accreditation-of-competences\\\/#primaryimage\",\"url\":\"https:\\\/\\\/help.jamk.fi\\\/peppi\\\/wp-content\\\/uploads\\\/sites\\\/130\\\/2025\\\/08\\\/Lisaa-aiemmin-hankittu-muu-osaaminen-painike-EN.png\",\"contentUrl\":\"https:\\\/\\\/help.jamk.fi\\\/peppi\\\/wp-content\\\/uploads\\\/sites\\\/130\\\/2025\\\/08\\\/Lisaa-aiemmin-hankittu-muu-osaaminen-painike-EN.png\",\"width\":774,\"height\":140,\"caption\":\"Figure 1. Add previously acquired competence\"},{\"@type\":\"BreadcrumbList\",\"@id\":\"https:\\\/\\\/help.jamk.fi\\\/peppi\\\/en\\\/erpl-accreditation\\\/accreditation-of-competences\\\/#breadcrumb\",\"itemListElement\":[{\"@type\":\"ListItem\",\"position\":1,\"name\":\"Home\",\"item\":\"https:\\\/\\\/help.jamk.fi\\\/peppi\\\/fi\\\/\"},{\"@type\":\"ListItem\",\"position\":2,\"name\":\"eRPL Accreditation\",\"item\":\"https:\\\/\\\/help.jamk.fi\\\/peppi\\\/en\\\/erpl-accreditation\\\/\"},{\"@type\":\"ListItem\",\"position\":3,\"name\":\"Accreditation of competences\"}]},{\"@type\":\"WebSite\",\"@id\":\"https:\\\/\\\/help.jamk.fi\\\/peppi\\\/#website\",\"url\":\"https:\\\/\\\/help.jamk.fi\\\/peppi\\\/\",\"name\":\"Peppi\",\"description\":\"\",\"potentialAction\":[{\"@type\":\"SearchAction\",\"target\":{\"@type\":\"EntryPoint\",\"urlTemplate\":\"https:\\\/\\\/help.jamk.fi\\\/peppi\\\/?s={search_term_string}\"},\"query-input\":{\"@type\":\"PropertyValueSpecification\",\"valueRequired\":true,\"valueName\":\"search_term_string\"}}],\"inLanguage\":\"fi\"}]}<\/script>\n<!-- \/ Yoast SEO plugin. -->","yoast_head_json":{"title":"Accreditation of competences - Peppi","robots":{"index":"index","follow":"follow","max-snippet":"max-snippet:-1","max-image-preview":"max-image-preview:large","max-video-preview":"max-video-preview:-1"},"canonical":"https:\/\/help.jamk.fi\/peppi\/en\/erpl-accreditation\/accreditation-of-competences\/","og_locale":"fi_FI","og_type":"article","og_title":"Accreditation of competences - Peppi","og_description":"Note: First, read the eRPL accreditation and How to fill in an eRPL application instructions pages and then continue filling in the application according to the instructions below. When you have acquired prior learning in, for example, work or hobbies, the prior learning to be recognised must correspond to the learning outcomes set for the [&hellip;]","og_url":"https:\/\/help.jamk.fi\/peppi\/en\/erpl-accreditation\/accreditation-of-competences\/","og_site_name":"Peppi","article_modified_time":"2026-02-10T11:37:53+00:00","og_image":[{"width":774,"height":140,"url":"https:\/\/help.jamk.fi\/peppi\/wp-content\/uploads\/sites\/130\/2025\/08\/Lisaa-aiemmin-hankittu-muu-osaaminen-painike-EN.png","type":"image\/png"}],"twitter_card":"summary_large_image","twitter_misc":{"Arvioitu lukuaika":"6 minuuttia"},"schema":{"@context":"https:\/\/schema.org","@graph":[{"@type":"WebPage","@id":"https:\/\/help.jamk.fi\/peppi\/en\/erpl-accreditation\/accreditation-of-competences\/","url":"https:\/\/help.jamk.fi\/peppi\/en\/erpl-accreditation\/accreditation-of-competences\/","name":"Accreditation of competences - Peppi","isPartOf":{"@id":"https:\/\/help.jamk.fi\/peppi\/#website"},"primaryImageOfPage":{"@id":"https:\/\/help.jamk.fi\/peppi\/en\/erpl-accreditation\/accreditation-of-competences\/#primaryimage"},"image":{"@id":"https:\/\/help.jamk.fi\/peppi\/en\/erpl-accreditation\/accreditation-of-competences\/#primaryimage"},"thumbnailUrl":"https:\/\/help.jamk.fi\/peppi\/wp-content\/uploads\/sites\/130\/2025\/08\/Lisaa-aiemmin-hankittu-muu-osaaminen-painike-EN.png","datePublished":"2023-08-28T03:46:33+00:00","dateModified":"2026-02-10T11:37:53+00:00","breadcrumb":{"@id":"https:\/\/help.jamk.fi\/peppi\/en\/erpl-accreditation\/accreditation-of-competences\/#breadcrumb"},"inLanguage":"fi","potentialAction":[{"@type":"ReadAction","target":["https:\/\/help.jamk.fi\/peppi\/en\/erpl-accreditation\/accreditation-of-competences\/"]}]},{"@type":"ImageObject","inLanguage":"fi","@id":"https:\/\/help.jamk.fi\/peppi\/en\/erpl-accreditation\/accreditation-of-competences\/#primaryimage","url":"https:\/\/help.jamk.fi\/peppi\/wp-content\/uploads\/sites\/130\/2025\/08\/Lisaa-aiemmin-hankittu-muu-osaaminen-painike-EN.png","contentUrl":"https:\/\/help.jamk.fi\/peppi\/wp-content\/uploads\/sites\/130\/2025\/08\/Lisaa-aiemmin-hankittu-muu-osaaminen-painike-EN.png","width":774,"height":140,"caption":"Figure 1. Add previously acquired competence"},{"@type":"BreadcrumbList","@id":"https:\/\/help.jamk.fi\/peppi\/en\/erpl-accreditation\/accreditation-of-competences\/#breadcrumb","itemListElement":[{"@type":"ListItem","position":1,"name":"Home","item":"https:\/\/help.jamk.fi\/peppi\/fi\/"},{"@type":"ListItem","position":2,"name":"eRPL Accreditation","item":"https:\/\/help.jamk.fi\/peppi\/en\/erpl-accreditation\/"},{"@type":"ListItem","position":3,"name":"Accreditation of competences"}]},{"@type":"WebSite","@id":"https:\/\/help.jamk.fi\/peppi\/#website","url":"https:\/\/help.jamk.fi\/peppi\/","name":"Peppi","description":"","potentialAction":[{"@type":"SearchAction","target":{"@type":"EntryPoint","urlTemplate":"https:\/\/help.jamk.fi\/peppi\/?s={search_term_string}"},"query-input":{"@type":"PropertyValueSpecification","valueRequired":true,"valueName":"search_term_string"}}],"inLanguage":"fi"}]}},"_links":{"self":[{"href":"https:\/\/help.jamk.fi\/peppi\/wp-json\/wp\/v2\/pages\/2634","targetHints":{"allow":["GET"]}}],"collection":[{"href":"https:\/\/help.jamk.fi\/peppi\/wp-json\/wp\/v2\/pages"}],"about":[{"href":"https:\/\/help.jamk.fi\/peppi\/wp-json\/wp\/v2\/types\/page"}],"author":[{"embeddable":true,"href":"https:\/\/help.jamk.fi\/peppi\/wp-json\/wp\/v2\/users\/79"}],"replies":[{"embeddable":true,"href":"https:\/\/help.jamk.fi\/peppi\/wp-json\/wp\/v2\/comments?post=2634"}],"version-history":[{"count":13,"href":"https:\/\/help.jamk.fi\/peppi\/wp-json\/wp\/v2\/pages\/2634\/revisions"}],"predecessor-version":[{"id":3916,"href":"https:\/\/help.jamk.fi\/peppi\/wp-json\/wp\/v2\/pages\/2634\/revisions\/3916"}],"up":[{"embeddable":true,"href":"https:\/\/help.jamk.fi\/peppi\/wp-json\/wp\/v2\/pages\/2627"}],"wp:attachment":[{"href":"https:\/\/help.jamk.fi\/peppi\/wp-json\/wp\/v2\/media?parent=2634"}],"wp:term":[{"taxonomy":"category","embeddable":true,"href":"https:\/\/help.jamk.fi\/peppi\/wp-json\/wp\/v2\/categories?post=2634"},{"taxonomy":"post_tag","embeddable":true,"href":"https:\/\/help.jamk.fi\/peppi\/wp-json\/wp\/v2\/tags?post=2634"}],"curies":[{"name":"wp","href":"https:\/\/api.w.org\/{rel}","templated":true}]}}