{"id":2637,"date":"2023-09-21T10:24:37","date_gmt":"2023-09-21T07:24:37","guid":{"rendered":"https:\/\/help.jamk.fi\/peppi\/eahot-hyvaksilukeminen\/opettaja-palautti-hakemuksen-mita-teen\/"},"modified":"2026-02-16T10:05:27","modified_gmt":"2026-02-16T08:05:27","slug":"opettaja-palautti-hakemuksen-mita-teen","status":"publish","type":"page","link":"https:\/\/help.jamk.fi\/peppi\/fi\/eahot-hyvaksilukeminen\/opettaja-palautti-hakemuksen-mita-teen\/","title":{"rendered":"Opettaja palautti hakemuksen, mit\u00e4 teen?"},"content":{"rendered":"\n<p>Jos opettaja on huomannut hakemuksessasi puutteita tai virheit\u00e4, joita h\u00e4n ei itse pysty hakemuksellesi korjaamaan, h\u00e4n palauttaa hakemuksen takaisin sinulle. Hakemuksen tila on t\u00e4ll\u00f6in palautettu.<\/p>\n\n\n\n<p>Avaa hakemus muokkaustilaan hakemusrivin <strong>Toiminnot<\/strong>-painikkeen takaa l\u00f6ytyv\u00e4ll\u00e4 <strong>Muokkaa<\/strong>-toiminnolla. Tee hakemukselle opettajan pyyt\u00e4m\u00e4t muutokset.<\/p>\n\n\n\n<p>Alla muutamia esimerkkej\u00e4 hakemuksella olevista puutteista ja siit\u00e4, miten voit ne korjata.<\/p>\n\n\n\n<h2 class=\"wp-block-heading\">1. Olet valinnut v\u00e4\u00e4r\u00e4n hyv\u00e4ksilukemisen tyypin<\/h2>\n\n\n\n<p>Avaa suoritettavat opinnot tai osaaminen <strong>Kyn\u00e4<\/strong>-ikonista ja vaihda tyyppi oikeaksi, esim. korvaaminen sis\u00e4llytt\u00e4miseksi (kuvio 1).<\/p>\n\n\n\n<figure class=\"wp-block-image size-full\"><img loading=\"lazy\" decoding=\"async\" width=\"885\" height=\"639\" src=\"https:\/\/help.jamk.fi\/peppi\/wp-content\/uploads\/sites\/130\/2025\/08\/Korjaus-vaara-hyvaksilukutyyppi.png\" alt=\"Hyv\u00e4ksilukemisen tyypin vaihtaminen hakemukselle\" class=\"wp-image-3643\" srcset=\"https:\/\/help.jamk.fi\/peppi\/wp-content\/uploads\/sites\/130\/2025\/08\/Korjaus-vaara-hyvaksilukutyyppi.png 885w, https:\/\/help.jamk.fi\/peppi\/wp-content\/uploads\/sites\/130\/2025\/08\/Korjaus-vaara-hyvaksilukutyyppi-300x217.png 300w, https:\/\/help.jamk.fi\/peppi\/wp-content\/uploads\/sites\/130\/2025\/08\/Korjaus-vaara-hyvaksilukutyyppi-768x555.png 768w\" sizes=\"auto, (max-width: 885px) 100vw, 885px\" \/><figcaption class=\"wp-element-caption\">Kuvio 1. Hyv\u00e4ksilukemisen tyypin vaihtaminen hakemukselle<\/figcaption><\/figure>\n\n\n\n<h2 class=\"wp-block-heading\">2. Olet tehnyt hakemuksen v\u00e4\u00e4r\u00e4n tyyppisen\u00e4 (esim. hait vapautusta vaikka piti hakea korvaamista)<\/h2>\n\n\n\n<p>T\u00e4ss\u00e4 tapauksessa sinun tulee poistaa koko opinto tai osaaminen, jotka olet hakemukselle lis\u00e4nnyt. Poista opinto tai osaaminen klikkaamalla opinnon tai osaamisen yl\u00e4puolella olevaa <strong>rastia<\/strong> (poista) (kuvio 2).<\/p>\n\n\n\n<figure class=\"wp-block-image size-full\"><img loading=\"lazy\" decoding=\"async\" width=\"895\" height=\"482\" src=\"https:\/\/help.jamk.fi\/peppi\/wp-content\/uploads\/sites\/130\/2025\/08\/Korjaus-vaarantyyppinen-hakemus.png\" alt=\"Vapautettavan opinnon poistaminen hakemukselta\" class=\"wp-image-3642\" srcset=\"https:\/\/help.jamk.fi\/peppi\/wp-content\/uploads\/sites\/130\/2025\/08\/Korjaus-vaarantyyppinen-hakemus.png 895w, https:\/\/help.jamk.fi\/peppi\/wp-content\/uploads\/sites\/130\/2025\/08\/Korjaus-vaarantyyppinen-hakemus-300x162.png 300w, https:\/\/help.jamk.fi\/peppi\/wp-content\/uploads\/sites\/130\/2025\/08\/Korjaus-vaarantyyppinen-hakemus-768x414.png 768w\" sizes=\"auto, (max-width: 895px) 100vw, 895px\" \/><figcaption class=\"wp-element-caption\">Kuvio 2. Vapautettavan opinnon poistaminen hakemukselta<\/figcaption><\/figure>\n\n\n\n<p>Valitse t\u00e4m\u00e4n j\u00e4lkeen hakemuksen Opinnot ja osaamiset -otsikon alta oikean tyyppinen hakemus (<strong>Lis\u00e4\u00e4 aiemmin suoritettu opinto<\/strong> tai <strong>Lis\u00e4\u00e4 aiemmin hankittu osaaminen<\/strong>). Lis\u00e4\u00e4 t\u00e4m\u00e4n j\u00e4lkeen opinnot tai osaaminen hakemukselle uudelleen.<\/p>\n\n\n\n<h2 class=\"wp-block-heading\">3. Olet lis\u00e4nnyt hakemukselle useita hakemuksen osia, nyt niit\u00e4 pit\u00e4isi poistaa tai muokata<\/h2>\n\n\n\n<p>Tilanne Pepiss\u00e4 on aluksi se, ett\u00e4 hakemuksella on kaksi tai useampia hakemuksen osia. Hakemuksen osat voivat olla eri tyyppisi\u00e4, esim. ensimm\u00e4inen osa on korvaamista, toinen osa sis\u00e4llytt\u00e4mist\u00e4. Hakemuksen osilla voidaan my\u00f6s hakea hyv\u00e4ksilukua samaan Jamkin opintojaksoon (kuten kuviossa 3). Opettaja on pyyt\u00e4nyt sinua poistamaan jokin hakemuksen osista.<\/p>\n\n\n\n<figure class=\"wp-block-image size-full\"><a href=\"https:\/\/help.jamk.fi\/peppi\/wp-content\/uploads\/sites\/130\/2023\/11\/Hakemuksen-osat-opiskelijalle-palautetussa-hakemuksessa-1024x471-1.png\"><img loading=\"lazy\" decoding=\"async\" width=\"1024\" height=\"471\" src=\"https:\/\/help.jamk.fi\/peppi\/wp-content\/uploads\/sites\/130\/2023\/11\/Hakemuksen-osat-opiskelijalle-palautetussa-hakemuksessa-1024x471-1.png\" alt=\"\" class=\"wp-image-2948\"\/><\/a><figcaption class=\"wp-element-caption\">Kuvio 3. Hakemuksen osat (kaksi osaa) opiskelijalle palautetussa hakemuksessa<\/figcaption><\/figure>\n\n\n\n<p>Voit poistaa hakemuksen osan klikkaamalla osan yl\u00e4puolella olevaa <strong>Poista<\/strong>-rastia (kuvio 4).<\/p>\n\n\n\n<figure class=\"wp-block-image size-large\"><img loading=\"lazy\" decoding=\"async\" width=\"1024\" height=\"404\" src=\"https:\/\/help.jamk.fi\/peppi\/wp-content\/uploads\/sites\/130\/2026\/02\/Hakemuksen-osan-poistaminen-1024x404.png\" alt=\"Hakemuksen osan poistaminen\" class=\"wp-image-3925\" srcset=\"https:\/\/help.jamk.fi\/peppi\/wp-content\/uploads\/sites\/130\/2026\/02\/Hakemuksen-osan-poistaminen-1024x404.png 1024w, https:\/\/help.jamk.fi\/peppi\/wp-content\/uploads\/sites\/130\/2026\/02\/Hakemuksen-osan-poistaminen-300x118.png 300w, https:\/\/help.jamk.fi\/peppi\/wp-content\/uploads\/sites\/130\/2026\/02\/Hakemuksen-osan-poistaminen-768x303.png 768w, https:\/\/help.jamk.fi\/peppi\/wp-content\/uploads\/sites\/130\/2026\/02\/Hakemuksen-osan-poistaminen.png 1312w\" sizes=\"auto, (max-width: 1024px) 100vw, 1024px\" \/><figcaption class=\"wp-element-caption\">Kuvio 4. Hakemuksen osan poistaminen<\/figcaption><\/figure>\n\n\n\n<p>Jos olet tehnyt kaksi hakemuksen osaa, mutta ne pit\u00e4isi yhdist\u00e4\u00e4 yhdeksi osaksi, poista siin\u00e4kin tapauksessa ensin toinen osista. Lis\u00e4\u00e4 t\u00e4m\u00e4n j\u00e4lkeen poistetuissa osissa olleet opintojaksot siten, ett\u00e4 avaat ensin jo olemassa olevan opintojakson muokkaustilaan klikkaamalla <strong>Kyn\u00e4<\/strong>-ikonia (kuvio 5). Lis\u00e4\u00e4 opintojakso(t) n\u00e4in avautuvaan n\u00e4kym\u00e4\u00e4n <strong>Lis\u00e4\u00e4 opinto<\/strong> -painikkeella (kuvio 6).<\/p>\n\n\n\n<figure class=\"wp-block-image size-large\"><img loading=\"lazy\" decoding=\"async\" width=\"1024\" height=\"446\" src=\"https:\/\/help.jamk.fi\/peppi\/wp-content\/uploads\/sites\/130\/2026\/02\/Hakemuksen-osan-muokkaaminen-1-1024x446.png\" alt=\"Hakemuksen osan muokkaaminen\" class=\"wp-image-3926\" srcset=\"https:\/\/help.jamk.fi\/peppi\/wp-content\/uploads\/sites\/130\/2026\/02\/Hakemuksen-osan-muokkaaminen-1-1024x446.png 1024w, https:\/\/help.jamk.fi\/peppi\/wp-content\/uploads\/sites\/130\/2026\/02\/Hakemuksen-osan-muokkaaminen-1-300x131.png 300w, https:\/\/help.jamk.fi\/peppi\/wp-content\/uploads\/sites\/130\/2026\/02\/Hakemuksen-osan-muokkaaminen-1-768x334.png 768w, https:\/\/help.jamk.fi\/peppi\/wp-content\/uploads\/sites\/130\/2026\/02\/Hakemuksen-osan-muokkaaminen-1.png 1318w\" sizes=\"auto, (max-width: 1024px) 100vw, 1024px\" \/><figcaption class=\"wp-element-caption\">Kuvio 5. Hakemuksen osan muokkaaminen<\/figcaption><\/figure>\n\n\n\n<figure class=\"wp-block-image size-large\"><img loading=\"lazy\" decoding=\"async\" width=\"1024\" height=\"389\" src=\"https:\/\/help.jamk.fi\/peppi\/wp-content\/uploads\/sites\/130\/2026\/02\/Hakemuksen-osan-muokkaaminen-2-1024x389.png\" alt=\"Opinnon lis\u00e4\u00e4minen hakemuksen osaan\" class=\"wp-image-3927\" srcset=\"https:\/\/help.jamk.fi\/peppi\/wp-content\/uploads\/sites\/130\/2026\/02\/Hakemuksen-osan-muokkaaminen-2-1024x389.png 1024w, https:\/\/help.jamk.fi\/peppi\/wp-content\/uploads\/sites\/130\/2026\/02\/Hakemuksen-osan-muokkaaminen-2-300x114.png 300w, https:\/\/help.jamk.fi\/peppi\/wp-content\/uploads\/sites\/130\/2026\/02\/Hakemuksen-osan-muokkaaminen-2-768x292.png 768w, https:\/\/help.jamk.fi\/peppi\/wp-content\/uploads\/sites\/130\/2026\/02\/Hakemuksen-osan-muokkaaminen-2.png 1508w\" sizes=\"auto, (max-width: 1024px) 100vw, 1024px\" \/><figcaption class=\"wp-element-caption\">Kuvio 6. Opinnon lis\u00e4\u00e4minen hakemuksen osaan<\/figcaption><\/figure>\n\n\n\n<p>Tallennettuasi n\u00e4kym\u00e4n opintojaksot ovat samalla hakemuksen osalla (ks. kuvio 7).<\/p>\n\n\n\n<figure class=\"wp-block-image size-full\"><a href=\"https:\/\/help.jamk.fi\/peppi\/wp-content\/uploads\/sites\/130\/2023\/11\/Opintojaksot-lisatty-samaan-hakemuksen-osaan-1024x474-1.png\"><img loading=\"lazy\" decoding=\"async\" width=\"1024\" height=\"474\" src=\"https:\/\/help.jamk.fi\/peppi\/wp-content\/uploads\/sites\/130\/2023\/11\/Opintojaksot-lisatty-samaan-hakemuksen-osaan-1024x474-1.png\" alt=\"\" class=\"wp-image-2950\"\/><\/a><figcaption class=\"wp-element-caption\">Kuvio 7. Opintojaksot lis\u00e4tty samaan hakemuksen osaan<\/figcaption><\/figure>\n\n\n\n<h2 class=\"wp-block-heading\">Hakemuksen palauttaminen opettajalle<\/h2>\n\n\n\n<p>Korjattuasi hakemuksen palauta hakemus takaisin opettajan k\u00e4sitelt\u00e4v\u00e4ksi <strong>Palauta k\u00e4sittelyyn<\/strong> -painikkeesta. Kirjoita Vapaa kommentti -kentt\u00e4\u00e4n viesti opettajalle ja klikkaa <strong>Palauta k\u00e4sittelyyn<\/strong> (kuvio 8).<\/p>\n\n\n\n<figure class=\"wp-block-image size-full\"><img loading=\"lazy\" decoding=\"async\" width=\"757\" height=\"256\" src=\"https:\/\/help.jamk.fi\/peppi\/wp-content\/uploads\/sites\/130\/2025\/08\/Palauta-hakemus-opettajalle.png\" alt=\"Hakemuksen palauttaminen opettajalle korjausten j\u00e4lkeen\" class=\"wp-image-3644\" srcset=\"https:\/\/help.jamk.fi\/peppi\/wp-content\/uploads\/sites\/130\/2025\/08\/Palauta-hakemus-opettajalle.png 757w, https:\/\/help.jamk.fi\/peppi\/wp-content\/uploads\/sites\/130\/2025\/08\/Palauta-hakemus-opettajalle-300x101.png 300w\" sizes=\"auto, (max-width: 757px) 100vw, 757px\" \/><figcaption class=\"wp-element-caption\">Kuvio 8. Hakemuksen palauttaminen opettajalle korjausten j\u00e4lkeen<\/figcaption><\/figure>\n\n\n\n<h2 class=\"wp-block-heading\">Hakemuksen poistaminen tai peruminen<\/h2>\n\n\n\n<p>Voit poistaa luonnos-tilassa olevan hakemuksen eli ennen kuin olet l\u00e4hett\u00e4nyt sit\u00e4 opettajalle. Hakemus poistetaan hakemuksen sis\u00e4ll\u00e4 olevalla <strong>Poista hakemus<\/strong> -painikkeella.<\/p>\n\n\n\n<p>Voit my\u00f6s perua hakemuksen miss\u00e4 tapansa vaiheessa siihen saakka, kunnes se on hyv\u00e4ksytty. Sen j\u00e4lkeen et voi en\u00e4\u00e4 poistaa etk\u00e4 perua hakemustasi. Perutun hakemuksen voit my\u00f6s poistaa tai palauttaa aktiiviseksi tarvittaessa.<\/p>\n","protected":false},"excerpt":{"rendered":"<p>Jos opettaja on huomannut hakemuksessasi puutteita tai virheit\u00e4, joita h\u00e4n ei itse pysty hakemuksellesi korjaamaan, h\u00e4n palauttaa hakemuksen takaisin sinulle. Hakemuksen tila on t\u00e4ll\u00f6in palautettu. Avaa hakemus muokkaustilaan hakemusrivin Toiminnot-painikkeen takaa l\u00f6ytyv\u00e4ll\u00e4 Muokkaa-toiminnolla. Tee hakemukselle opettajan pyyt\u00e4m\u00e4t muutokset. Alla muutamia esimerkkej\u00e4 hakemuksella olevista puutteista ja siit\u00e4, miten voit ne korjata. 1. Olet valinnut v\u00e4\u00e4r\u00e4n hyv\u00e4ksilukemisen [&hellip;]<\/p>\n","protected":false},"author":79,"featured_media":0,"parent":2626,"menu_order":7,"comment_status":"closed","ping_status":"closed","template":"","meta":{"_acf_changed":false,"_relevanssi_hide_post":"","_relevanssi_hide_content":"","_relevanssi_pin_for_all":"","_relevanssi_pin_keywords":"","_relevanssi_unpin_keywords":"","_relevanssi_related_keywords":"","_relevanssi_related_include_ids":"","_relevanssi_related_exclude_ids":"","_relevanssi_related_no_append":"","_relevanssi_related_not_related":"","_relevanssi_related_posts":"","_relevanssi_noindex_reason":"","footnotes":""},"categories":[1],"tags":[47],"class_list":["post-2637","page","type-page","status-publish","hentry","category-uncategorised","tag-eahot"],"acf":[],"yoast_head":"<!-- This site is optimized with the Yoast SEO plugin v27.4 - https:\/\/yoast.com\/product\/yoast-seo-wordpress\/ -->\n<title>Opettaja palautti hakemuksen, mit\u00e4 teen? - Peppi<\/title>\n<meta name=\"robots\" content=\"index, follow, max-snippet:-1, max-image-preview:large, max-video-preview:-1\" \/>\n<link rel=\"canonical\" href=\"https:\/\/help.jamk.fi\/peppi\/fi\/eahot-hyvaksilukeminen\/opettaja-palautti-hakemuksen-mita-teen\/\" \/>\n<meta property=\"og:locale\" content=\"fi_FI\" \/>\n<meta property=\"og:type\" content=\"article\" \/>\n<meta property=\"og:title\" content=\"Opettaja palautti hakemuksen, mit\u00e4 teen? - Peppi\" \/>\n<meta property=\"og:description\" content=\"Jos opettaja on huomannut hakemuksessasi puutteita tai virheit\u00e4, joita h\u00e4n ei itse pysty hakemuksellesi korjaamaan, h\u00e4n palauttaa hakemuksen takaisin sinulle. Hakemuksen tila on t\u00e4ll\u00f6in palautettu. Avaa hakemus muokkaustilaan hakemusrivin Toiminnot-painikkeen takaa l\u00f6ytyv\u00e4ll\u00e4 Muokkaa-toiminnolla. Tee hakemukselle opettajan pyyt\u00e4m\u00e4t muutokset. Alla muutamia esimerkkej\u00e4 hakemuksella olevista puutteista ja siit\u00e4, miten voit ne korjata. 1. Olet valinnut v\u00e4\u00e4r\u00e4n hyv\u00e4ksilukemisen [&hellip;]\" \/>\n<meta property=\"og:url\" content=\"https:\/\/help.jamk.fi\/peppi\/fi\/eahot-hyvaksilukeminen\/opettaja-palautti-hakemuksen-mita-teen\/\" \/>\n<meta property=\"og:site_name\" content=\"Peppi\" \/>\n<meta property=\"article:modified_time\" content=\"2026-02-16T08:05:27+00:00\" \/>\n<meta property=\"og:image\" content=\"https:\/\/help.jamk.fi\/peppi\/wp-content\/uploads\/sites\/130\/2025\/08\/Korjaus-vaara-hyvaksilukutyyppi.png\" \/>\n\t<meta property=\"og:image:width\" content=\"885\" \/>\n\t<meta property=\"og:image:height\" content=\"639\" \/>\n\t<meta property=\"og:image:type\" content=\"image\/png\" \/>\n<meta name=\"twitter:card\" content=\"summary_large_image\" \/>\n<meta name=\"twitter:label1\" content=\"Arvioitu lukuaika\" \/>\n\t<meta name=\"twitter:data1\" content=\"5 minuuttia\" \/>\n<script type=\"application\/ld+json\" class=\"yoast-schema-graph\">{\"@context\":\"https:\\\/\\\/schema.org\",\"@graph\":[{\"@type\":\"WebPage\",\"@id\":\"https:\\\/\\\/help.jamk.fi\\\/peppi\\\/fi\\\/eahot-hyvaksilukeminen\\\/opettaja-palautti-hakemuksen-mita-teen\\\/\",\"url\":\"https:\\\/\\\/help.jamk.fi\\\/peppi\\\/fi\\\/eahot-hyvaksilukeminen\\\/opettaja-palautti-hakemuksen-mita-teen\\\/\",\"name\":\"Opettaja palautti hakemuksen, mit\u00e4 teen? - Peppi\",\"isPartOf\":{\"@id\":\"https:\\\/\\\/help.jamk.fi\\\/peppi\\\/#website\"},\"primaryImageOfPage\":{\"@id\":\"https:\\\/\\\/help.jamk.fi\\\/peppi\\\/fi\\\/eahot-hyvaksilukeminen\\\/opettaja-palautti-hakemuksen-mita-teen\\\/#primaryimage\"},\"image\":{\"@id\":\"https:\\\/\\\/help.jamk.fi\\\/peppi\\\/fi\\\/eahot-hyvaksilukeminen\\\/opettaja-palautti-hakemuksen-mita-teen\\\/#primaryimage\"},\"thumbnailUrl\":\"https:\\\/\\\/help.jamk.fi\\\/peppi\\\/wp-content\\\/uploads\\\/sites\\\/130\\\/2025\\\/08\\\/Korjaus-vaara-hyvaksilukutyyppi.png\",\"datePublished\":\"2023-09-21T07:24:37+00:00\",\"dateModified\":\"2026-02-16T08:05:27+00:00\",\"breadcrumb\":{\"@id\":\"https:\\\/\\\/help.jamk.fi\\\/peppi\\\/fi\\\/eahot-hyvaksilukeminen\\\/opettaja-palautti-hakemuksen-mita-teen\\\/#breadcrumb\"},\"inLanguage\":\"fi\",\"potentialAction\":[{\"@type\":\"ReadAction\",\"target\":[\"https:\\\/\\\/help.jamk.fi\\\/peppi\\\/fi\\\/eahot-hyvaksilukeminen\\\/opettaja-palautti-hakemuksen-mita-teen\\\/\"]}]},{\"@type\":\"ImageObject\",\"inLanguage\":\"fi\",\"@id\":\"https:\\\/\\\/help.jamk.fi\\\/peppi\\\/fi\\\/eahot-hyvaksilukeminen\\\/opettaja-palautti-hakemuksen-mita-teen\\\/#primaryimage\",\"url\":\"https:\\\/\\\/help.jamk.fi\\\/peppi\\\/wp-content\\\/uploads\\\/sites\\\/130\\\/2025\\\/08\\\/Korjaus-vaara-hyvaksilukutyyppi.png\",\"contentUrl\":\"https:\\\/\\\/help.jamk.fi\\\/peppi\\\/wp-content\\\/uploads\\\/sites\\\/130\\\/2025\\\/08\\\/Korjaus-vaara-hyvaksilukutyyppi.png\",\"width\":885,\"height\":639,\"caption\":\"Kuvio 1. Hyv\u00e4ksilukemisen tyypin vaihtaminen hakemukselle\"},{\"@type\":\"BreadcrumbList\",\"@id\":\"https:\\\/\\\/help.jamk.fi\\\/peppi\\\/fi\\\/eahot-hyvaksilukeminen\\\/opettaja-palautti-hakemuksen-mita-teen\\\/#breadcrumb\",\"itemListElement\":[{\"@type\":\"ListItem\",\"position\":1,\"name\":\"Home\",\"item\":\"https:\\\/\\\/help.jamk.fi\\\/peppi\\\/fi\\\/\"},{\"@type\":\"ListItem\",\"position\":2,\"name\":\"eAHOT-hyv\u00e4ksilukeminen\",\"item\":\"https:\\\/\\\/help.jamk.fi\\\/peppi\\\/fi\\\/eahot-hyvaksilukeminen\\\/\"},{\"@type\":\"ListItem\",\"position\":3,\"name\":\"Opettaja palautti hakemuksen, mit\u00e4 teen?\"}]},{\"@type\":\"WebSite\",\"@id\":\"https:\\\/\\\/help.jamk.fi\\\/peppi\\\/#website\",\"url\":\"https:\\\/\\\/help.jamk.fi\\\/peppi\\\/\",\"name\":\"Peppi\",\"description\":\"\",\"potentialAction\":[{\"@type\":\"SearchAction\",\"target\":{\"@type\":\"EntryPoint\",\"urlTemplate\":\"https:\\\/\\\/help.jamk.fi\\\/peppi\\\/?s={search_term_string}\"},\"query-input\":{\"@type\":\"PropertyValueSpecification\",\"valueRequired\":true,\"valueName\":\"search_term_string\"}}],\"inLanguage\":\"fi\"}]}<\/script>\n<!-- \/ Yoast SEO plugin. -->","yoast_head_json":{"title":"Opettaja palautti hakemuksen, mit\u00e4 teen? - Peppi","robots":{"index":"index","follow":"follow","max-snippet":"max-snippet:-1","max-image-preview":"max-image-preview:large","max-video-preview":"max-video-preview:-1"},"canonical":"https:\/\/help.jamk.fi\/peppi\/fi\/eahot-hyvaksilukeminen\/opettaja-palautti-hakemuksen-mita-teen\/","og_locale":"fi_FI","og_type":"article","og_title":"Opettaja palautti hakemuksen, mit\u00e4 teen? - Peppi","og_description":"Jos opettaja on huomannut hakemuksessasi puutteita tai virheit\u00e4, joita h\u00e4n ei itse pysty hakemuksellesi korjaamaan, h\u00e4n palauttaa hakemuksen takaisin sinulle. Hakemuksen tila on t\u00e4ll\u00f6in palautettu. Avaa hakemus muokkaustilaan hakemusrivin Toiminnot-painikkeen takaa l\u00f6ytyv\u00e4ll\u00e4 Muokkaa-toiminnolla. Tee hakemukselle opettajan pyyt\u00e4m\u00e4t muutokset. Alla muutamia esimerkkej\u00e4 hakemuksella olevista puutteista ja siit\u00e4, miten voit ne korjata. 1. Olet valinnut v\u00e4\u00e4r\u00e4n hyv\u00e4ksilukemisen [&hellip;]","og_url":"https:\/\/help.jamk.fi\/peppi\/fi\/eahot-hyvaksilukeminen\/opettaja-palautti-hakemuksen-mita-teen\/","og_site_name":"Peppi","article_modified_time":"2026-02-16T08:05:27+00:00","og_image":[{"width":885,"height":639,"url":"https:\/\/help.jamk.fi\/peppi\/wp-content\/uploads\/sites\/130\/2025\/08\/Korjaus-vaara-hyvaksilukutyyppi.png","type":"image\/png"}],"twitter_card":"summary_large_image","twitter_misc":{"Arvioitu lukuaika":"5 minuuttia"},"schema":{"@context":"https:\/\/schema.org","@graph":[{"@type":"WebPage","@id":"https:\/\/help.jamk.fi\/peppi\/fi\/eahot-hyvaksilukeminen\/opettaja-palautti-hakemuksen-mita-teen\/","url":"https:\/\/help.jamk.fi\/peppi\/fi\/eahot-hyvaksilukeminen\/opettaja-palautti-hakemuksen-mita-teen\/","name":"Opettaja palautti hakemuksen, mit\u00e4 teen? - Peppi","isPartOf":{"@id":"https:\/\/help.jamk.fi\/peppi\/#website"},"primaryImageOfPage":{"@id":"https:\/\/help.jamk.fi\/peppi\/fi\/eahot-hyvaksilukeminen\/opettaja-palautti-hakemuksen-mita-teen\/#primaryimage"},"image":{"@id":"https:\/\/help.jamk.fi\/peppi\/fi\/eahot-hyvaksilukeminen\/opettaja-palautti-hakemuksen-mita-teen\/#primaryimage"},"thumbnailUrl":"https:\/\/help.jamk.fi\/peppi\/wp-content\/uploads\/sites\/130\/2025\/08\/Korjaus-vaara-hyvaksilukutyyppi.png","datePublished":"2023-09-21T07:24:37+00:00","dateModified":"2026-02-16T08:05:27+00:00","breadcrumb":{"@id":"https:\/\/help.jamk.fi\/peppi\/fi\/eahot-hyvaksilukeminen\/opettaja-palautti-hakemuksen-mita-teen\/#breadcrumb"},"inLanguage":"fi","potentialAction":[{"@type":"ReadAction","target":["https:\/\/help.jamk.fi\/peppi\/fi\/eahot-hyvaksilukeminen\/opettaja-palautti-hakemuksen-mita-teen\/"]}]},{"@type":"ImageObject","inLanguage":"fi","@id":"https:\/\/help.jamk.fi\/peppi\/fi\/eahot-hyvaksilukeminen\/opettaja-palautti-hakemuksen-mita-teen\/#primaryimage","url":"https:\/\/help.jamk.fi\/peppi\/wp-content\/uploads\/sites\/130\/2025\/08\/Korjaus-vaara-hyvaksilukutyyppi.png","contentUrl":"https:\/\/help.jamk.fi\/peppi\/wp-content\/uploads\/sites\/130\/2025\/08\/Korjaus-vaara-hyvaksilukutyyppi.png","width":885,"height":639,"caption":"Kuvio 1. Hyv\u00e4ksilukemisen tyypin vaihtaminen hakemukselle"},{"@type":"BreadcrumbList","@id":"https:\/\/help.jamk.fi\/peppi\/fi\/eahot-hyvaksilukeminen\/opettaja-palautti-hakemuksen-mita-teen\/#breadcrumb","itemListElement":[{"@type":"ListItem","position":1,"name":"Home","item":"https:\/\/help.jamk.fi\/peppi\/fi\/"},{"@type":"ListItem","position":2,"name":"eAHOT-hyv\u00e4ksilukeminen","item":"https:\/\/help.jamk.fi\/peppi\/fi\/eahot-hyvaksilukeminen\/"},{"@type":"ListItem","position":3,"name":"Opettaja palautti hakemuksen, mit\u00e4 teen?"}]},{"@type":"WebSite","@id":"https:\/\/help.jamk.fi\/peppi\/#website","url":"https:\/\/help.jamk.fi\/peppi\/","name":"Peppi","description":"","potentialAction":[{"@type":"SearchAction","target":{"@type":"EntryPoint","urlTemplate":"https:\/\/help.jamk.fi\/peppi\/?s={search_term_string}"},"query-input":{"@type":"PropertyValueSpecification","valueRequired":true,"valueName":"search_term_string"}}],"inLanguage":"fi"}]}},"_links":{"self":[{"href":"https:\/\/help.jamk.fi\/peppi\/wp-json\/wp\/v2\/pages\/2637","targetHints":{"allow":["GET"]}}],"collection":[{"href":"https:\/\/help.jamk.fi\/peppi\/wp-json\/wp\/v2\/pages"}],"about":[{"href":"https:\/\/help.jamk.fi\/peppi\/wp-json\/wp\/v2\/types\/page"}],"author":[{"embeddable":true,"href":"https:\/\/help.jamk.fi\/peppi\/wp-json\/wp\/v2\/users\/79"}],"replies":[{"embeddable":true,"href":"https:\/\/help.jamk.fi\/peppi\/wp-json\/wp\/v2\/comments?post=2637"}],"version-history":[{"count":18,"href":"https:\/\/help.jamk.fi\/peppi\/wp-json\/wp\/v2\/pages\/2637\/revisions"}],"predecessor-version":[{"id":3930,"href":"https:\/\/help.jamk.fi\/peppi\/wp-json\/wp\/v2\/pages\/2637\/revisions\/3930"}],"up":[{"embeddable":true,"href":"https:\/\/help.jamk.fi\/peppi\/wp-json\/wp\/v2\/pages\/2626"}],"wp:attachment":[{"href":"https:\/\/help.jamk.fi\/peppi\/wp-json\/wp\/v2\/media?parent=2637"}],"wp:term":[{"taxonomy":"category","embeddable":true,"href":"https:\/\/help.jamk.fi\/peppi\/wp-json\/wp\/v2\/categories?post=2637"},{"taxonomy":"post_tag","embeddable":true,"href":"https:\/\/help.jamk.fi\/peppi\/wp-json\/wp\/v2\/tags?post=2637"}],"curies":[{"name":"wp","href":"https:\/\/api.w.org\/{rel}","templated":true}]}}